{"id":12021,"date":"2024-06-10T20:43:55","date_gmt":"2024-06-10T20:43:55","guid":{"rendered":"https:\/\/skaitytaknyga.lt\/?post_type=product&#038;p=12021"},"modified":"2025-06-12T08:07:24","modified_gmt":"2025-06-12T05:07:24","slug":"elena-ferrante-prazutinga-meile","status":"publish","type":"product","link":"https:\/\/skaitytaknyga.lt\/en\/produktas\/elena-ferrante-prazutinga-meile\/","title":{"rendered":"Pra\u017e\u016btinga meil\u0117"},"content":{"rendered":"<p>Melancholi\u0161kas, eleganti\u0161kas ir rafinuotas romanas. Nesibaigiantys vaizduot\u0117s ir tikrov\u0117s, spalvingos praeities ir blankios dabarties vira\u017eai.<\/p>\n<p>Debiutinis, bet labai \u012ftaigus ir paveikus\u00a0\u201eNeapolieti\u0161kos sagos&#8221;\u00a0ir\u00a0\u201eApleisties dien\u0173&#8221;\u00a0autor\u0117s<strong>\u00a0Elenos Ferrante<\/strong>\u00a0k\u016brinys nepaliks skaitytoj\u0173 abejing\u0173.<\/p>\n<p><strong>\u201ePra\u017e\u016btinga meil\u0117&#8221;<\/strong>\u00a0\u2013 tai dramati\u0161ka istorija, pasakojama 45 met\u0173 Delijos, kurios motina neai\u0161kiomis aplinkyb\u0117mis mir\u0117 per jos gimtadien\u012f. Romanas \u2013 tarsi Delijos kelion\u0117 \u012f save ir savo praeit\u012f: ji pasineria \u012f prisiminimus ir gr\u012f\u017eta \u012f vaikyst\u0117s vietas, stengdamasi i\u0161narplioti ne tik motinos mirties, bet jos asmenyb\u0117s paslapt\u012f. Ar tikrai Amalija buvo neperprantama, dvilyp\u0117 moteris, koki\u0105 j\u0105 nuo pat vaikyst\u0117s \u012fsivaizdavo dukra, ar aplinkybi\u0173 auka? O gal sumani ir bebaim\u0117 \u017eaid\u0117ja \u017emoni\u0173 jausmais ir likimais? Delija, kar\u0161tai myl\u0117jusi mam\u0105 ir taip pat kar\u0161tai jos nekentusi, m\u0117gina j\u0105 suprasti, sykiu atskleisdama ir savo nepa\u017eint\u0105 asmenyb\u0117s pus\u0119. Ramyb\u0117 ateis tik tada, kai ji surinks vis\u0105 \u012fvyki\u0173 d\u0117lion\u0119 ir kai jos atmintyje neliks tu\u0161\u010di\u0173 viet\u0173.<\/p>\n<p><strong>\u201ePra\u017e\u016btinga meil\u0117&#8221;<\/strong>\u00a0prikausto d\u0117mes\u012f ir per vis\u0105 roman\u0105 i\u0161laiko istorijos \u012ftamp\u0105 bei gyl\u012f. Tai dramati\u0161kas, nuogas, \u0161okiruojantis romanas, para\u0161ytas i\u0161rai\u0161kingu, drasti\u0161ku stiliumi, su netik\u0117ta atomazga, kaip moka tik Ferrante.<\/p>\n<ul class=\"about-product d-none d-xl-block mt-4\">\n<li><strong>Originalus pavadinimas:<\/strong>\u00a0L\u2019AMORE MOLESTO<\/li>\n<li><strong>Autorius:<\/strong><a href=\"https:\/\/skaitytaknyga.lt\/?s=%C2%A0Elena+Ferrante&#038;post_type=product&#038;dgwt_wcas=1\">\u00a0<\/a><a href=\"https:\/\/skaitytaknyga.lt\/?s=%C2%A0Elena+Ferrante&#038;post_type=product&#038;dgwt_wcas=1\">Elena Ferrante<\/a><\/li>\n<li><strong>Leid\u0117jas:<\/strong>\u00a0Alma littera<\/li>\n<li><strong>Metai:<\/strong>\u00a02019<\/li>\n<li><strong>Puslapiai:<\/strong>\u00a0160<\/li>\n<li><strong>ISBN:<\/strong>\u00a09786090138656<\/li>\n<li><strong>Versijos kodas:<\/strong>\u00a010<\/li>\n<li><strong>Formatas:<\/strong>\u00a014,3 x 23,5 x 1,8 cm, kieti vir\u0161eliai<\/li>\n<li><strong>Kalba:<\/strong>\u00a0Lietuvi\u0173<\/li>\n<li><strong>Vert\u0117jas:<\/strong>\u00a0Ieva Ma\u017eeikait\u0117-Frigerio<\/li>\n<\/ul>\n","protected":false},"excerpt":{"rendered":"<p>Melancholi\u0161kas, eleganti\u0161kas ir rafinuotas romanas. Nesibaigiantys vaizduot\u0117s ir tikrov\u0117s, spalvingos praeities ir blankios dabarties vira\u017eai. Debiutinis, bet labai \u012ftaigus ir paveikus\u00a0\u201eNeapolieti\u0161kos sagos&#8221;\u00a0ir\u00a0\u201eApleisties dien\u0173&#8221;\u00a0autor\u0117s\u00a0Elenos Ferrante\u00a0k\u016brinys nepaliks skaitytoj\u0173 abejing\u0173. \u201ePra\u017e\u016btinga meil\u0117&#8221;\u00a0\u2013 tai dramati\u0161ka istorija, pasakojama 45 met\u0173 Delijos, kurios motina neai\u0161kiomis aplinkyb\u0117mis mir\u0117 per jos gimtadien\u012f. Romanas \u2013 tarsi Delijos kelion\u0117 \u012f save ir savo praeit\u012f: ji pasineria \u012f prisiminimus ir gr\u012f\u017eta \u012f vaikyst\u0117s vietas, stengdamasi i\u0161narplioti ne tik motinos mirties, bet jos asmenyb\u0117s paslapt\u012f. Ar tikrai Amalija buvo neperprantama, dvilyp\u0117 moteris, koki\u0105 j\u0105 nuo pat vaikyst\u0117s \u012fsivaizdavo dukra, ar aplinkybi\u0173 auka? O gal sumani ir bebaim\u0117 \u017eaid\u0117ja \u017emoni\u0173 jausmais ir likimais? Delija, kar\u0161tai myl\u0117jusi mam\u0105 ir taip pat kar\u0161tai jos nekentusi, m\u0117gina j\u0105 suprasti, sykiu atskleisdama ir savo nepa\u017eint\u0105 asmenyb\u0117s pus\u0119. Ramyb\u0117 ateis tik tada, kai ji surinks vis\u0105 \u012fvyki\u0173 d\u0117lion\u0119 ir kai jos atmintyje neliks tu\u0161\u010di\u0173 viet\u0173. \u201ePra\u017e\u016btinga meil\u0117&#8221;\u00a0prikausto d\u0117mes\u012f ir per vis\u0105 roman\u0105 i\u0161laiko istorijos \u012ftamp\u0105 bei gyl\u012f. Tai dramati\u0161kas, nuogas, \u0161okiruojantis romanas, para\u0161ytas i\u0161rai\u0161kingu, drasti\u0161ku stiliumi, su netik\u0117ta atomazga, kaip moka tik Ferrante. Originalus pavadinimas:\u00a0L\u2019AMORE MOLESTO Autorius:\u00a0Elena Ferrante Leid\u0117jas:\u00a0Alma littera Metai:\u00a02019 Puslapiai:\u00a0160 ISBN:\u00a09786090138656 Versijos kodas:\u00a010 Formatas:\u00a014,3 x 23,5 x 1,8 cm, kieti vir\u0161eliai Kalba:\u00a0Lietuvi\u0173 Vert\u0117jas:\u00a0Ieva Ma\u017eeikait\u0117-Frigerio<\/p>\n","protected":false},"featured_media":12022,"comment_status":"closed","ping_status":"closed","template":"","meta":{"_acf_changed":false,"site-sidebar-layout":"default","site-content-layout":"","ast-site-content-layout":"default","site-content-style":"default","site-sidebar-style":"default","ast-global-header-display":"","ast-banner-title-visibility":"","ast-main-header-display":"","ast-hfb-above-header-display":"","ast-hfb-below-header-display":"","ast-hfb-mobile-header-display":"","site-post-title":"","ast-breadcrumbs-content":"","ast-featured-img":"","footer-sml-layout":"","ast-disable-related-posts":"","theme-transparent-header-meta":"default","adv-header-id-meta":"","stick-header-meta":"","header-above-stick-meta":"","header-main-stick-meta":"","header-below-stick-meta":"","astra-migrate-meta-layouts":"set","ast-page-background-enabled":"default","ast-page-background-meta":{"desktop":{"background-color":"","background-image":"","background-repeat":"repeat","background-position":"center center","background-size":"auto","background-attachment":"scroll","background-type":"","background-media":"","overlay-type":"","overlay-color":"","overlay-opacity":"","overlay-gradient":""},"tablet":{"background-color":"","background-image":"","background-repeat":"repeat","background-position":"center center","background-size":"auto","background-attachment":"scroll","background-type":"","background-media":"","overlay-type":"","overlay-color":"","overlay-opacity":"","overlay-gradient":""},"mobile":{"background-color":"","background-image":"","background-repeat":"repeat","background-position":"center center","background-size":"auto","background-attachment":"scroll","background-type":"","background-media":"","overlay-type":"","overlay-color":"","overlay-opacity":"","overlay-gradient":""}},"ast-content-background-meta":{"desktop":{"background-color":"var(--ast-global-color-4)","background-image":"","background-repeat":"repeat","background-position":"center center","background-size":"auto","background-attachment":"scroll","background-type":"","background-media":"","overlay-type":"","overlay-color":"","overlay-opacity":"","overlay-gradient":""},"tablet":{"background-color":"var(--ast-global-color-4)","background-image":"","background-repeat":"repeat","background-position":"center center","background-size":"auto","background-attachment":"scroll","background-type":"","background-media":"","overlay-type":"","overlay-color":"","overlay-opacity":"","overlay-gradient":""},"mobile":{"background-color":"var(--ast-global-color-4)","background-image":"","background-repeat":"repeat","background-position":"center center","background-size":"auto","background-attachment":"scroll","background-type":"","background-media":"","overlay-type":"","overlay-color":"","overlay-opacity":"","overlay-gradient":""}}},"product_brand":[],"product_cat":[31],"product_tag":[],"class_list":{"0":"post-12021","1":"product","2":"type-product","3":"status-publish","4":"has-post-thumbnail","6":"product_cat-grozine-literatura","7":"desktop-align-left","8":"tablet-align-left","9":"mobile-align-left","11":"first","12":"instock","13":"shipping-taxable","14":"purchasable","15":"product-type-simple"},"acf":[],"yoast_head":"<!-- This site is optimized with the Yoast SEO plugin v27.4 - https:\/\/yoast.com\/product\/yoast-seo-wordpress\/ -->\n<title>Pra\u017e\u016btinga meil\u0117<\/title>\n<meta name=\"description\" content=\"Melancholi\u0161kas, eleganti\u0161kas ir rafinuotas romanas. Nesibaigiantys vaizduot\u0117s ir tikrov\u0117s, spalvingos praeities ir blankios dabarties vira\u017eai. Debiutinis,\" \/>\n<meta name=\"robots\" content=\"index, follow, max-snippet:-1, max-image-preview:large, max-video-preview:-1\" \/>\n<link rel=\"canonical\" href=\"https:\/\/skaitytaknyga.lt\/en\/produktas\/elena-ferrante-prazutinga-meile\/\" \/>\n<meta property=\"og:locale\" content=\"en_GB\" \/>\n<meta property=\"og:locale:alternate\" content=\"lt_LT\" \/>\n<meta property=\"og:type\" content=\"article\" \/>\n<meta property=\"og:title\" content=\"Pra\u017e\u016btinga meil\u0117\" \/>\n<meta property=\"og:description\" content=\"Melancholi\u0161kas, eleganti\u0161kas ir rafinuotas romanas. Nesibaigiantys vaizduot\u0117s ir tikrov\u0117s, spalvingos praeities ir blankios dabarties vira\u017eai. Debiutinis,\" \/>\n<meta property=\"og:url\" content=\"https:\/\/skaitytaknyga.lt\/en\/produktas\/elena-ferrante-prazutinga-meile\/\" \/>\n<meta property=\"og:site_name\" content=\"Skaitytaknyga\" \/>\n<meta property=\"article:publisher\" content=\"https:\/\/www.facebook.com\/skaitytaknyga\/\" \/>\n<meta property=\"article:modified_time\" content=\"2025-06-12T05:07:24+00:00\" \/>\n<meta property=\"og:image\" content=\"https:\/\/skaitytaknyga.lt\/wp-content\/uploads\/2024\/06\/09013865_2-1000x1000-1-e1718052309858.jpg\" \/>\n\t<meta property=\"og:image:width\" content=\"600\" \/>\n\t<meta property=\"og:image:height\" content=\"1000\" \/>\n\t<meta property=\"og:image:type\" content=\"image\/jpeg\" \/>\n<meta name=\"twitter:card\" content=\"summary_large_image\" \/>\n<meta name=\"twitter:label1\" content=\"Estimated reading time\" \/>\n\t<meta name=\"twitter:data1\" content=\"2 minutes\" \/>\n<script type=\"application\/ld+json\" class=\"yoast-schema-graph\">{\"@context\":\"https:\\\/\\\/schema.org\",\"@graph\":[{\"@type\":\"WebPage\",\"@id\":\"https:\\\/\\\/skaitytaknyga.lt\\\/produktas\\\/elena-ferrante-prazutinga-meile\\\/\",\"url\":\"https:\\\/\\\/skaitytaknyga.lt\\\/produktas\\\/elena-ferrante-prazutinga-meile\\\/\",\"name\":\"Pra\u017e\u016btinga meil\u0117\",\"isPartOf\":{\"@id\":\"https:\\\/\\\/skaitytaknyga.lt\\\/#website\"},\"primaryImageOfPage\":{\"@id\":\"https:\\\/\\\/skaitytaknyga.lt\\\/produktas\\\/elena-ferrante-prazutinga-meile\\\/#primaryimage\"},\"image\":{\"@id\":\"https:\\\/\\\/skaitytaknyga.lt\\\/produktas\\\/elena-ferrante-prazutinga-meile\\\/#primaryimage\"},\"thumbnailUrl\":\"https:\\\/\\\/skaitytaknyga.lt\\\/wp-content\\\/uploads\\\/2024\\\/06\\\/09013865_2-1000x1000-1-e1718052309858.jpg\",\"datePublished\":\"2024-06-10T20:43:55+00:00\",\"dateModified\":\"2025-06-12T05:07:24+00:00\",\"description\":\"Melancholi\u0161kas, eleganti\u0161kas ir rafinuotas romanas. Nesibaigiantys vaizduot\u0117s ir tikrov\u0117s, spalvingos praeities ir blankios dabarties vira\u017eai. Debiutinis,\",\"breadcrumb\":{\"@id\":\"https:\\\/\\\/skaitytaknyga.lt\\\/produktas\\\/elena-ferrante-prazutinga-meile\\\/#breadcrumb\"},\"inLanguage\":\"en-GB\",\"potentialAction\":[{\"@type\":\"ReadAction\",\"target\":[\"https:\\\/\\\/skaitytaknyga.lt\\\/produktas\\\/elena-ferrante-prazutinga-meile\\\/\"]}]},{\"@type\":\"ImageObject\",\"inLanguage\":\"en-GB\",\"@id\":\"https:\\\/\\\/skaitytaknyga.lt\\\/produktas\\\/elena-ferrante-prazutinga-meile\\\/#primaryimage\",\"url\":\"https:\\\/\\\/skaitytaknyga.lt\\\/wp-content\\\/uploads\\\/2024\\\/06\\\/09013865_2-1000x1000-1-e1718052309858.jpg\",\"contentUrl\":\"https:\\\/\\\/skaitytaknyga.lt\\\/wp-content\\\/uploads\\\/2024\\\/06\\\/09013865_2-1000x1000-1-e1718052309858.jpg\",\"width\":600,\"height\":1000,\"caption\":\"Elena Ferrante \u201ePra\u017e\u016btinga meil\u0117\u201c\"},{\"@type\":\"BreadcrumbList\",\"@id\":\"https:\\\/\\\/skaitytaknyga.lt\\\/produktas\\\/elena-ferrante-prazutinga-meile\\\/#breadcrumb\",\"itemListElement\":[{\"@type\":\"ListItem\",\"position\":1,\"name\":\"Home\",\"item\":\"https:\\\/\\\/skaitytaknyga.lt\\\/\"},{\"@type\":\"ListItem\",\"position\":2,\"name\":\"Parduotuv\u0117\",\"item\":\"https:\\\/\\\/skaitytaknyga.lt\\\/knygu-parduotuve\\\/\"},{\"@type\":\"ListItem\",\"position\":3,\"name\":\"Pra\u017e\u016btinga meil\u0117\"}]},{\"@type\":\"WebSite\",\"@id\":\"https:\\\/\\\/skaitytaknyga.lt\\\/#website\",\"url\":\"https:\\\/\\\/skaitytaknyga.lt\\\/\",\"name\":\"skaitytaknyga.lt\",\"description\":\"Skaitytaknyga.lt \u2013 tai ma\u017eas \u0161eimos verslas, kuris prasid\u0117jo nuo meil\u0117s knygoms ir siekio i\u0161gelb\u0117ti knygas nuo likimo prie konteinerio. Kas vienam nereikalingas daiktas \u2013 kitam lobis, o mes esame tarpininkai, kurie padeda abiems tapti laimingesniems ???? \u017dinome kaip nelengva i\u0161gyventi ma\u017eiems verslams, tad nuo \u0161iol, \u010dia rasite ir kit\u0173, ma\u017e\u0173 \u0161eim\u0173 versl\u0173, rank\u0173 darbo, dovan\u0173 sau ir artimiesiems.\",\"publisher\":{\"@id\":\"https:\\\/\\\/skaitytaknyga.lt\\\/#organization\"},\"potentialAction\":[{\"@type\":\"SearchAction\",\"target\":{\"@type\":\"EntryPoint\",\"urlTemplate\":\"https:\\\/\\\/skaitytaknyga.lt\\\/?s={search_term_string}\"},\"query-input\":{\"@type\":\"PropertyValueSpecification\",\"valueRequired\":true,\"valueName\":\"search_term_string\"}}],\"inLanguage\":\"en-GB\"},{\"@type\":\"Organization\",\"@id\":\"https:\\\/\\\/skaitytaknyga.lt\\\/#organization\",\"name\":\"skaitytaknyga.lt\",\"url\":\"https:\\\/\\\/skaitytaknyga.lt\\\/\",\"logo\":{\"@type\":\"ImageObject\",\"inLanguage\":\"en-GB\",\"@id\":\"https:\\\/\\\/skaitytaknyga.lt\\\/#\\\/schema\\\/logo\\\/image\\\/\",\"url\":\"https:\\\/\\\/skaitytaknyga.lt\\\/wp-content\\\/uploads\\\/2024\\\/05\\\/cropped-cropped-cropped-02_00843_jt3bggkj1j3HLc7SyY6rEUpg.jpeg\",\"contentUrl\":\"https:\\\/\\\/skaitytaknyga.lt\\\/wp-content\\\/uploads\\\/2024\\\/05\\\/cropped-cropped-cropped-02_00843_jt3bggkj1j3HLc7SyY6rEUpg.jpeg\",\"width\":1600,\"height\":1600,\"caption\":\"skaitytaknyga.lt\"},\"image\":{\"@id\":\"https:\\\/\\\/skaitytaknyga.lt\\\/#\\\/schema\\\/logo\\\/image\\\/\"},\"sameAs\":[\"https:\\\/\\\/www.facebook.com\\\/skaitytaknyga\\\/\"]}]}<\/script>\n<!-- \/ Yoast SEO plugin. -->","yoast_head_json":{"title":"Pra\u017e\u016btinga meil\u0117","description":"Melancholi\u0161kas, eleganti\u0161kas ir rafinuotas romanas. Nesibaigiantys vaizduot\u0117s ir tikrov\u0117s, spalvingos praeities ir blankios dabarties vira\u017eai. Debiutinis,","robots":{"index":"index","follow":"follow","max-snippet":"max-snippet:-1","max-image-preview":"max-image-preview:large","max-video-preview":"max-video-preview:-1"},"canonical":"https:\/\/skaitytaknyga.lt\/en\/produktas\/elena-ferrante-prazutinga-meile\/","og_locale":"en_GB","og_type":"article","og_title":"[:lt]Pra\u017e\u016btinga meil\u0117[:] - Skaitytaknyga","og_description":"Melancholi\u0161kas, eleganti\u0161kas ir rafinuotas romanas. Nesibaigiantys vaizduot\u0117s ir tikrov\u0117s, spalvingos praeities ir blankios dabarties vira\u017eai. Debiutinis,","og_url":"https:\/\/skaitytaknyga.lt\/en\/produktas\/elena-ferrante-prazutinga-meile\/","og_site_name":"Skaitytaknyga","article_publisher":"https:\/\/www.facebook.com\/skaitytaknyga\/","article_modified_time":"2025-06-12T05:07:24+00:00","og_image":[{"width":600,"height":1000,"url":"https:\/\/skaitytaknyga.lt\/wp-content\/uploads\/2024\/06\/09013865_2-1000x1000-1-e1718052309858.jpg","type":"image\/jpeg"}],"twitter_card":"summary_large_image","twitter_misc":{"Estimated reading time":"2 minutes"},"schema":{"@context":"https:\/\/schema.org","@graph":[{"@type":"WebPage","@id":"https:\/\/skaitytaknyga.lt\/produktas\/elena-ferrante-prazutinga-meile\/","url":"https:\/\/skaitytaknyga.lt\/produktas\/elena-ferrante-prazutinga-meile\/","name":"Pra\u017e\u016btinga meil\u0117","isPartOf":{"@id":"https:\/\/skaitytaknyga.lt\/#website"},"primaryImageOfPage":{"@id":"https:\/\/skaitytaknyga.lt\/produktas\/elena-ferrante-prazutinga-meile\/#primaryimage"},"image":{"@id":"https:\/\/skaitytaknyga.lt\/produktas\/elena-ferrante-prazutinga-meile\/#primaryimage"},"thumbnailUrl":"https:\/\/skaitytaknyga.lt\/wp-content\/uploads\/2024\/06\/09013865_2-1000x1000-1-e1718052309858.jpg","datePublished":"2024-06-10T20:43:55+00:00","dateModified":"2025-06-12T05:07:24+00:00","description":"Melancholi\u0161kas, eleganti\u0161kas ir rafinuotas romanas. Nesibaigiantys vaizduot\u0117s ir tikrov\u0117s, spalvingos praeities ir blankios dabarties vira\u017eai. Debiutinis,","breadcrumb":{"@id":"https:\/\/skaitytaknyga.lt\/produktas\/elena-ferrante-prazutinga-meile\/#breadcrumb"},"inLanguage":"en-GB","potentialAction":[{"@type":"ReadAction","target":["https:\/\/skaitytaknyga.lt\/produktas\/elena-ferrante-prazutinga-meile\/"]}]},{"@type":"ImageObject","inLanguage":"en-GB","@id":"https:\/\/skaitytaknyga.lt\/produktas\/elena-ferrante-prazutinga-meile\/#primaryimage","url":"https:\/\/skaitytaknyga.lt\/wp-content\/uploads\/2024\/06\/09013865_2-1000x1000-1-e1718052309858.jpg","contentUrl":"https:\/\/skaitytaknyga.lt\/wp-content\/uploads\/2024\/06\/09013865_2-1000x1000-1-e1718052309858.jpg","width":600,"height":1000,"caption":"Elena Ferrante \u201ePra\u017e\u016btinga meil\u0117\u201c"},{"@type":"BreadcrumbList","@id":"https:\/\/skaitytaknyga.lt\/produktas\/elena-ferrante-prazutinga-meile\/#breadcrumb","itemListElement":[{"@type":"ListItem","position":1,"name":"Home","item":"https:\/\/skaitytaknyga.lt\/"},{"@type":"ListItem","position":2,"name":"Parduotuv\u0117","item":"https:\/\/skaitytaknyga.lt\/knygu-parduotuve\/"},{"@type":"ListItem","position":3,"name":"Pra\u017e\u016btinga meil\u0117"}]},{"@type":"WebSite","@id":"https:\/\/skaitytaknyga.lt\/#website","url":"https:\/\/skaitytaknyga.lt\/","name":"skaitytaknyga.lt","description":"Skaitytaknyga.lt \u2013 tai ma\u017eas \u0161eimos verslas, kuris prasid\u0117jo nuo meil\u0117s knygoms ir siekio i\u0161gelb\u0117ti knygas nuo likimo prie konteinerio. Kas vienam nereikalingas daiktas \u2013 kitam lobis, o mes esame tarpininkai, kurie padeda abiems tapti laimingesniems ???? \u017dinome kaip nelengva i\u0161gyventi ma\u017eiems verslams, tad nuo \u0161iol, \u010dia rasite ir kit\u0173, ma\u017e\u0173 \u0161eim\u0173 versl\u0173, rank\u0173 darbo, dovan\u0173 sau ir artimiesiems.","publisher":{"@id":"https:\/\/skaitytaknyga.lt\/#organization"},"potentialAction":[{"@type":"SearchAction","target":{"@type":"EntryPoint","urlTemplate":"https:\/\/skaitytaknyga.lt\/?s={search_term_string}"},"query-input":{"@type":"PropertyValueSpecification","valueRequired":true,"valueName":"search_term_string"}}],"inLanguage":"en-GB"},{"@type":"Organization","@id":"https:\/\/skaitytaknyga.lt\/#organization","name":"skaitytaknyga.lt","url":"https:\/\/skaitytaknyga.lt\/","logo":{"@type":"ImageObject","inLanguage":"en-GB","@id":"https:\/\/skaitytaknyga.lt\/#\/schema\/logo\/image\/","url":"https:\/\/skaitytaknyga.lt\/wp-content\/uploads\/2024\/05\/cropped-cropped-cropped-02_00843_jt3bggkj1j3HLc7SyY6rEUpg.jpeg","contentUrl":"https:\/\/skaitytaknyga.lt\/wp-content\/uploads\/2024\/05\/cropped-cropped-cropped-02_00843_jt3bggkj1j3HLc7SyY6rEUpg.jpeg","width":1600,"height":1600,"caption":"skaitytaknyga.lt"},"image":{"@id":"https:\/\/skaitytaknyga.lt\/#\/schema\/logo\/image\/"},"sameAs":["https:\/\/www.facebook.com\/skaitytaknyga\/"]}]}},"_links":{"self":[{"href":"https:\/\/skaitytaknyga.lt\/en\/wp-json\/wp\/v2\/product\/12021","targetHints":{"allow":["GET"]}}],"collection":[{"href":"https:\/\/skaitytaknyga.lt\/en\/wp-json\/wp\/v2\/product"}],"about":[{"href":"https:\/\/skaitytaknyga.lt\/en\/wp-json\/wp\/v2\/types\/product"}],"replies":[{"embeddable":true,"href":"https:\/\/skaitytaknyga.lt\/en\/wp-json\/wp\/v2\/comments?post=12021"}],"wp:featuredmedia":[{"embeddable":true,"href":"https:\/\/skaitytaknyga.lt\/en\/wp-json\/wp\/v2\/media\/12022"}],"wp:attachment":[{"href":"https:\/\/skaitytaknyga.lt\/en\/wp-json\/wp\/v2\/media?parent=12021"}],"wp:term":[{"taxonomy":"product_brand","embeddable":true,"href":"https:\/\/skaitytaknyga.lt\/en\/wp-json\/wp\/v2\/product_brand?post=12021"},{"taxonomy":"product_cat","embeddable":true,"href":"https:\/\/skaitytaknyga.lt\/en\/wp-json\/wp\/v2\/product_cat?post=12021"},{"taxonomy":"product_tag","embeddable":true,"href":"https:\/\/skaitytaknyga.lt\/en\/wp-json\/wp\/v2\/product_tag?post=12021"}],"curies":[{"name":"wp","href":"https:\/\/api.w.org\/{rel}","templated":true}]}}