{"id":12019,"date":"2024-06-10T20:36:03","date_gmt":"2024-06-10T20:36:03","guid":{"rendered":"https:\/\/skaitytaknyga.lt\/?post_type=product&#038;p=12019"},"modified":"2025-05-24T21:06:33","modified_gmt":"2025-05-24T18:06:33","slug":"earl-nightingale-buk-tarp-geriausiu","status":"publish","type":"product","link":"https:\/\/skaitytaknyga.lt\/en\/produktas\/earl-nightingale-buk-tarp-geriausiu\/","title":{"rendered":"B\u016bk tarp geriausi\u0173"},"content":{"rendered":"","protected":false},"excerpt":{"rendered":"<p><em>&#8220;Atid<\/em><em>\u017e<\/em><em>iau pa<\/em><em>\u017e<\/em><em>velgus tampa ai<\/em><em>\u0161<\/em><em>ku, kad gyvenimo kokyb<\/em><em>\u0119<\/em><em>\u00a0lemia ne kokie nors laimingi atsitiktinumai ar palankios aplinkyb<\/em><em>\u0117<\/em><em>s. Laimingi b<\/em><em>\u016b<\/em><em>na tie, kurie laikosi tam tikr<\/em><em>\u0173<\/em><em>\u00a0taisykli<\/em><em>\u0173<\/em><em>\u00a0ir paiso tam tikr<\/em><em>\u0173<\/em><em>\u00a0d<\/em><em>\u0117<\/em><em>sni<\/em><em>\u0173<\/em><em>. Tad niekada nesiteisinkite, kad jus skriaud<\/em><em>\u017e<\/em><em>ia likimas, nes tai yra netiesa. Ir u<\/em><em>\u017e<\/em><em>uot apgailestav<\/em><em>\u0119<\/em><em>, i<\/em><em>\u0161<\/em><em>studijuokite taisykles bei d<\/em><em>\u0117<\/em><em>snius, kurie padeda\u00a0<\/em><em>\u017e<\/em><em>mogui siekti s<\/em><em>\u0117<\/em><em>km<\/em><em>\u0117<\/em><em>s&#8230;<br \/>\nI<\/em><em>\u0161<\/em><em>mokite gyvenimui tarti TAIP. Da<\/em><em>\u017e<\/em><em>nai gird<\/em><em>\u017e<\/em><em>iu, kaip\u00a0<\/em><em>\u017e<\/em><em>mon<\/em><em>\u0117<\/em><em>s skund<\/em><em>\u017e<\/em><em>iasi, es<\/em><em>\u0105<\/em><em>\u00a0gyvenimas yra nuobodus ir monotoni<\/em><em>\u0161<\/em><em>kas. I<\/em><em>\u0161<\/em><em>\u00a0dalies tai tiesa. Ta<\/em><em>\u010d<\/em><em>iau gyvenimas toks bus tik tada, jei nuobodus ir monotoni<\/em><em>\u0161<\/em><em>kas bus pats\u00a0<\/em><em>\u017e<\/em><em>mogus jei\u00a0<\/em><em>\u017e<\/em><em>mogus ie<\/em><em>\u0161<\/em><em>kos gyvenime d<\/em><em>\u017e<\/em><em>iaugsmo, gyvenimas jam bus nuostabus nuotykis.<br \/>\nGyvenimas &#8211; m<\/em><em>\u016b<\/em><em>s<\/em><em>\u0173<\/em><em>\u00a0pa<\/em><em>\u010d<\/em><em>i<\/em><em>\u0173<\/em><em>\u00a0atspindys. Kokie b<\/em><em>\u016b<\/em><em>sime patys, toks bus ir m<\/em><em>\u016b<\/em><em>s<\/em><em>\u0173<\/em><em>\u00a0gyvenimas.&#8221;<\/em><br \/>\nEarl Nightingale<\/p>\n<p>Earl Nightingale &#8211; \u017einomas radijo laid\u0173 ved\u0117jas, paskaitininkas ir knyg\u0173 autorius. Naitingeilo literat\u016brin\u0117 k\u016bryba \u012fvertinta Napoleono Hillo medaliu, o u\u017e motyvacines paskaitas ir garso \u012fra\u0161us jis \u012ftrauktas \u012f Nacionalin\u0117s kalb\u0117toj\u0173 asociacijos \u0161lov\u0117s galerij\u0105. Jo knygas perskait\u0117 milijonai viso pasaulio skaitytoj\u0173. Earlas Naitingeilas ragina savo klausytojus bei skaitytojus nesitenkinti vidutini\u0161ku gyvenimu ir kilti \u012f socioekonomin\u0117s piramid\u0117s vir\u0161\u016bn\u0119.<\/p>\n<p>&nbsp;<\/p>\n","protected":false},"featured_media":12020,"comment_status":"closed","ping_status":"closed","template":"","meta":{"_acf_changed":false,"site-sidebar-layout":"default","site-content-layout":"","ast-site-content-layout":"default","site-content-style":"default","site-sidebar-style":"default","ast-global-header-display":"","ast-banner-title-visibility":"","ast-main-header-display":"","ast-hfb-above-header-display":"","ast-hfb-below-header-display":"","ast-hfb-mobile-header-display":"","site-post-title":"","ast-breadcrumbs-content":"","ast-featured-img":"","footer-sml-layout":"","ast-disable-related-posts":"","theme-transparent-header-meta":"","adv-header-id-meta":"","stick-header-meta":"","header-above-stick-meta":"","header-main-stick-meta":"","header-below-stick-meta":"","astra-migrate-meta-layouts":"default","ast-page-background-enabled":"default","ast-page-background-meta":{"desktop":{"background-color":"","background-image":"","background-repeat":"repeat","background-position":"center center","background-size":"auto","background-attachment":"scroll","background-type":"","background-media":"","overlay-type":"","overlay-color":"","overlay-opacity":"","overlay-gradient":""},"tablet":{"background-color":"","background-image":"","background-repeat":"repeat","background-position":"center center","background-size":"auto","background-attachment":"scroll","background-type":"","background-media":"","overlay-type":"","overlay-color":"","overlay-opacity":"","overlay-gradient":""},"mobile":{"background-color":"","background-image":"","background-repeat":"repeat","background-position":"center center","background-size":"auto","background-attachment":"scroll","background-type":"","background-media":"","overlay-type":"","overlay-color":"","overlay-opacity":"","overlay-gradient":""}},"ast-content-background-meta":{"desktop":{"background-color":"var(--ast-global-color-4)","background-image":"","background-repeat":"repeat","background-position":"center center","background-size":"auto","background-attachment":"scroll","background-type":"","background-media":"","overlay-type":"","overlay-color":"","overlay-opacity":"","overlay-gradient":""},"tablet":{"background-color":"var(--ast-global-color-4)","background-image":"","background-repeat":"repeat","background-position":"center center","background-size":"auto","background-attachment":"scroll","background-type":"","background-media":"","overlay-type":"","overlay-color":"","overlay-opacity":"","overlay-gradient":""},"mobile":{"background-color":"var(--ast-global-color-4)","background-image":"","background-repeat":"repeat","background-position":"center center","background-size":"auto","background-attachment":"scroll","background-type":"","background-media":"","overlay-type":"","overlay-color":"","overlay-opacity":"","overlay-gradient":""}}},"product_brand":[],"product_cat":[30],"product_tag":[4338,1409,1392,1396,2411],"class_list":{"0":"post-12019","1":"product","2":"type-product","3":"status-publish","4":"has-post-thumbnail","6":"product_cat-psichologija-ir-saviugda","7":"product_tag-earl-nightingale","8":"product_tag-motyvacija","9":"product_tag-psichologija","10":"product_tag-saviugda","11":"product_tag-sekme","12":"desktop-align-left","13":"tablet-align-left","14":"mobile-align-left","16":"first","17":"outofstock","18":"shipping-taxable","19":"purchasable","20":"product-type-simple"},"acf":[],"yoast_head":"<!-- This site is optimized with the Yoast SEO plugin v27.0 - https:\/\/yoast.com\/product\/yoast-seo-wordpress\/ -->\n<title>B\u016bk tarp geriausi\u0173<\/title>\n<meta name=\"description\" content=\"&quot;Atid\u017eiau pa\u017evelgus tampa ai\u0161ku, kad gyvenimo kokyb\u0119\u00a0lemia ne kokie nors laimingi atsitiktinumai ar palankios aplinkyb\u0117s. Laimingi b\u016bna tie, kurie laikosi tam tikr\u0173\u00a0taisykli\u0173\u00a0ir paiso tam tikr\u0173\u00a0d\u0117sni\u0173. Tad niekada nesiteisinkite, kad jus skriaud\u017eia likimas, nes tai yra netiesa. Ir u\u017euot apgailestav\u0119, i\u0161studijuokite taisykles bei d\u0117snius, kurie padeda\u00a0\u017emogui siekti s\u0117km\u0117s... I\u0161mokite gyvenimui tarti TAIP. Da\u017enai gird\u017eiu, kaip\u00a0\u017emon\u0117s skund\u017eiasi, es\u0105\u00a0gyvenimas yra nuobodus ir monotoni\u0161kas. I\u0161\u00a0dalies tai tiesa. Ta\u010diau gyvenimas toks bus tik tada, jei nuobodus ir monotoni\u0161kas bus pats\u00a0\u017emogus jei\u00a0\u017emogus ie\u0161kos gyvenime d\u017eiaugsmo, gyvenimas jam bus nuostabus nuotykis. Gyvenimas - m\u016bs\u0173\u00a0pa\u010di\u0173\u00a0atspindys. Kokie b\u016bsime patys, toks bus ir m\u016bs\u0173\u00a0gyvenimas.&quot; Earl Nightingale  Earl Nightingale - \u017einomas radijo laid\u0173 ved\u0117jas, paskaitininkas ir knyg\u0173 autorius. Naitingeilo literat\u016brin\u0117 k\u016bryba \u012fvertinta Napoleono Hillo medaliu, o u\u017e motyvacines paskaitas ir garso \u012fra\u0161us jis \u012ftrauktas \u012f Nacionalin\u0117s kalb\u0117toj\u0173 asociacijos \u0161lov\u0117s galerij\u0105. Jo knygas perskait\u0117 milijonai viso pasaulio skaitytoj\u0173. Earlas Naitingeilas ragina savo klausytojus bei skaitytojus nesitenkinti vidutini\u0161ku gyvenimu ir kilti \u012f socioekonomin\u0117s piramid\u0117s vir\u0161\u016bn\u0119.  &nbsp;\" \/>\n<meta name=\"robots\" content=\"index, follow, max-snippet:-1, max-image-preview:large, max-video-preview:-1\" \/>\n<link rel=\"canonical\" href=\"https:\/\/skaitytaknyga.lt\/en\/produktas\/earl-nightingale-buk-tarp-geriausiu\/\" \/>\n<meta property=\"og:locale\" content=\"en_GB\" \/>\n<meta property=\"og:locale:alternate\" content=\"lt_LT\" \/>\n<meta property=\"og:type\" content=\"article\" \/>\n<meta property=\"og:title\" content=\"B\u016bk tarp geriausi\u0173\" \/>\n<meta property=\"og:description\" content=\"&quot;Atid\u017eiau pa\u017evelgus tampa ai\u0161ku, kad gyvenimo kokyb\u0119\u00a0lemia ne kokie nors laimingi atsitiktinumai ar palankios aplinkyb\u0117s. Laimingi b\u016bna tie, kurie laikosi tam tikr\u0173\u00a0taisykli\u0173\u00a0ir paiso tam tikr\u0173\u00a0d\u0117sni\u0173. Tad niekada nesiteisinkite, kad jus skriaud\u017eia likimas, nes tai yra netiesa. Ir u\u017euot apgailestav\u0119, i\u0161studijuokite taisykles bei d\u0117snius, kurie padeda\u00a0\u017emogui siekti s\u0117km\u0117s... I\u0161mokite gyvenimui tarti TAIP. Da\u017enai gird\u017eiu, kaip\u00a0\u017emon\u0117s skund\u017eiasi, es\u0105\u00a0gyvenimas yra nuobodus ir monotoni\u0161kas. I\u0161\u00a0dalies tai tiesa. Ta\u010diau gyvenimas toks bus tik tada, jei nuobodus ir monotoni\u0161kas bus pats\u00a0\u017emogus jei\u00a0\u017emogus ie\u0161kos gyvenime d\u017eiaugsmo, gyvenimas jam bus nuostabus nuotykis. Gyvenimas - m\u016bs\u0173\u00a0pa\u010di\u0173\u00a0atspindys. Kokie b\u016bsime patys, toks bus ir m\u016bs\u0173\u00a0gyvenimas.&quot; Earl Nightingale  Earl Nightingale - \u017einomas radijo laid\u0173 ved\u0117jas, paskaitininkas ir knyg\u0173 autorius. Naitingeilo literat\u016brin\u0117 k\u016bryba \u012fvertinta Napoleono Hillo medaliu, o u\u017e motyvacines paskaitas ir garso \u012fra\u0161us jis \u012ftrauktas \u012f Nacionalin\u0117s kalb\u0117toj\u0173 asociacijos \u0161lov\u0117s galerij\u0105. Jo knygas perskait\u0117 milijonai viso pasaulio skaitytoj\u0173. Earlas Naitingeilas ragina savo klausytojus bei skaitytojus nesitenkinti vidutini\u0161ku gyvenimu ir kilti \u012f socioekonomin\u0117s piramid\u0117s vir\u0161\u016bn\u0119.  &nbsp;\" \/>\n<meta property=\"og:url\" content=\"https:\/\/skaitytaknyga.lt\/en\/produktas\/earl-nightingale-buk-tarp-geriausiu\/\" \/>\n<meta property=\"og:site_name\" content=\"Skaitytaknyga\" \/>\n<meta property=\"article:publisher\" content=\"https:\/\/www.facebook.com\/skaitytaknyga\/\" \/>\n<meta property=\"article:modified_time\" content=\"2025-05-24T18:06:33+00:00\" \/>\n<meta property=\"og:image\" content=\"https:\/\/skaitytaknyga.lt\/wp-content\/uploads\/2024\/06\/7811271_2-1000x1000-1-e1718051917108.jpg\" \/>\n\t<meta property=\"og:image:width\" content=\"680\" \/>\n\t<meta property=\"og:image:height\" content=\"1000\" \/>\n\t<meta property=\"og:image:type\" content=\"image\/jpeg\" \/>\n<meta name=\"twitter:card\" content=\"summary_large_image\" \/>\n<script type=\"application\/ld+json\" class=\"yoast-schema-graph\">{\"@context\":\"https:\/\/schema.org\",\"@graph\":[{\"@type\":\"WebPage\",\"@id\":\"https:\/\/skaitytaknyga.lt\/produktas\/earl-nightingale-buk-tarp-geriausiu\/\",\"url\":\"https:\/\/skaitytaknyga.lt\/produktas\/earl-nightingale-buk-tarp-geriausiu\/\",\"name\":\"B\u016bk tarp geriausi\u0173\",\"isPartOf\":{\"@id\":\"https:\/\/skaitytaknyga.lt\/#website\"},\"primaryImageOfPage\":{\"@id\":\"https:\/\/skaitytaknyga.lt\/produktas\/earl-nightingale-buk-tarp-geriausiu\/#primaryimage\"},\"image\":{\"@id\":\"https:\/\/skaitytaknyga.lt\/produktas\/earl-nightingale-buk-tarp-geriausiu\/#primaryimage\"},\"thumbnailUrl\":\"https:\/\/skaitytaknyga.lt\/wp-content\/uploads\/2024\/06\/7811271_2-1000x1000-1-e1718051917108.jpg\",\"datePublished\":\"2024-06-10T20:36:03+00:00\",\"dateModified\":\"2025-05-24T18:06:33+00:00\",\"description\":\"\\\"Atid\u017eiau pa\u017evelgus tampa ai\u0161ku, kad gyvenimo kokyb\u0119\u00a0lemia ne kokie nors laimingi atsitiktinumai ar palankios aplinkyb\u0117s. Laimingi b\u016bna tie, kurie laikosi tam tikr\u0173\u00a0taisykli\u0173\u00a0ir paiso tam tikr\u0173\u00a0d\u0117sni\u0173. Tad niekada nesiteisinkite, kad jus skriaud\u017eia likimas, nes tai yra netiesa. Ir u\u017euot apgailestav\u0119, i\u0161studijuokite taisykles bei d\u0117snius, kurie padeda\u00a0\u017emogui siekti s\u0117km\u0117s... I\u0161mokite gyvenimui tarti TAIP. Da\u017enai gird\u017eiu, kaip\u00a0\u017emon\u0117s skund\u017eiasi, es\u0105\u00a0gyvenimas yra nuobodus ir monotoni\u0161kas. I\u0161\u00a0dalies tai tiesa. Ta\u010diau gyvenimas toks bus tik tada, jei nuobodus ir monotoni\u0161kas bus pats\u00a0\u017emogus jei\u00a0\u017emogus ie\u0161kos gyvenime d\u017eiaugsmo, gyvenimas jam bus nuostabus nuotykis. Gyvenimas - m\u016bs\u0173\u00a0pa\u010di\u0173\u00a0atspindys. Kokie b\u016bsime patys, toks bus ir m\u016bs\u0173\u00a0gyvenimas.\\\" Earl Nightingale Earl Nightingale - \u017einomas radijo laid\u0173 ved\u0117jas, paskaitininkas ir knyg\u0173 autorius. Naitingeilo literat\u016brin\u0117 k\u016bryba \u012fvertinta Napoleono Hillo medaliu, o u\u017e motyvacines paskaitas ir garso \u012fra\u0161us jis \u012ftrauktas \u012f Nacionalin\u0117s kalb\u0117toj\u0173 asociacijos \u0161lov\u0117s galerij\u0105. Jo knygas perskait\u0117 milijonai viso pasaulio skaitytoj\u0173. Earlas Naitingeilas ragina savo klausytojus bei skaitytojus nesitenkinti vidutini\u0161ku gyvenimu ir kilti \u012f socioekonomin\u0117s piramid\u0117s vir\u0161\u016bn\u0119. &nbsp;\",\"breadcrumb\":{\"@id\":\"https:\/\/skaitytaknyga.lt\/produktas\/earl-nightingale-buk-tarp-geriausiu\/#breadcrumb\"},\"inLanguage\":\"en-GB\",\"potentialAction\":[{\"@type\":\"ReadAction\",\"target\":[\"https:\/\/skaitytaknyga.lt\/produktas\/earl-nightingale-buk-tarp-geriausiu\/\"]}]},{\"@type\":\"ImageObject\",\"inLanguage\":\"en-GB\",\"@id\":\"https:\/\/skaitytaknyga.lt\/produktas\/earl-nightingale-buk-tarp-geriausiu\/#primaryimage\",\"url\":\"https:\/\/skaitytaknyga.lt\/wp-content\/uploads\/2024\/06\/7811271_2-1000x1000-1-e1718051917108.jpg\",\"contentUrl\":\"https:\/\/skaitytaknyga.lt\/wp-content\/uploads\/2024\/06\/7811271_2-1000x1000-1-e1718051917108.jpg\",\"width\":680,\"height\":1000,\"caption\":\"B\u016bk tarp geriausi\u0173\"},{\"@type\":\"BreadcrumbList\",\"@id\":\"https:\/\/skaitytaknyga.lt\/produktas\/earl-nightingale-buk-tarp-geriausiu\/#breadcrumb\",\"itemListElement\":[{\"@type\":\"ListItem\",\"position\":1,\"name\":\"Home\",\"item\":\"https:\/\/skaitytaknyga.lt\/\"},{\"@type\":\"ListItem\",\"position\":2,\"name\":\"Parduotuv\u0117\",\"item\":\"https:\/\/skaitytaknyga.lt\/knygu-parduotuve\/\"},{\"@type\":\"ListItem\",\"position\":3,\"name\":\"B\u016bk tarp geriausi\u0173\"}]},{\"@type\":\"WebSite\",\"@id\":\"https:\/\/skaitytaknyga.lt\/#website\",\"url\":\"https:\/\/skaitytaknyga.lt\/\",\"name\":\"skaitytaknyga.lt\",\"description\":\"Skaitytaknyga.lt \u2013 tai ma\u017eas \u0161eimos verslas, kuris prasid\u0117jo nuo meil\u0117s knygoms ir siekio i\u0161gelb\u0117ti knygas nuo likimo prie konteinerio. Kas vienam nereikalingas daiktas \u2013 kitam lobis, o mes esame tarpininkai, kurie padeda abiems tapti laimingesniems ???? \u017dinome kaip nelengva i\u0161gyventi ma\u017eiems verslams, tad nuo \u0161iol, \u010dia rasite ir kit\u0173, ma\u017e\u0173 \u0161eim\u0173 versl\u0173, rank\u0173 darbo, dovan\u0173 sau ir artimiesiems.\",\"publisher\":{\"@id\":\"https:\/\/skaitytaknyga.lt\/#organization\"},\"potentialAction\":[{\"@type\":\"SearchAction\",\"target\":{\"@type\":\"EntryPoint\",\"urlTemplate\":\"https:\/\/skaitytaknyga.lt\/?s={search_term_string}\"},\"query-input\":{\"@type\":\"PropertyValueSpecification\",\"valueRequired\":true,\"valueName\":\"search_term_string\"}}],\"inLanguage\":\"en-GB\"},{\"@type\":\"Organization\",\"@id\":\"https:\/\/skaitytaknyga.lt\/#organization\",\"name\":\"skaitytaknyga.lt\",\"url\":\"https:\/\/skaitytaknyga.lt\/\",\"logo\":{\"@type\":\"ImageObject\",\"inLanguage\":\"en-GB\",\"@id\":\"https:\/\/skaitytaknyga.lt\/#\/schema\/logo\/image\/\",\"url\":\"https:\/\/skaitytaknyga.lt\/wp-content\/uploads\/2024\/05\/cropped-cropped-cropped-02_00843_jt3bggkj1j3HLc7SyY6rEUpg.jpeg\",\"contentUrl\":\"https:\/\/skaitytaknyga.lt\/wp-content\/uploads\/2024\/05\/cropped-cropped-cropped-02_00843_jt3bggkj1j3HLc7SyY6rEUpg.jpeg\",\"width\":1600,\"height\":1600,\"caption\":\"skaitytaknyga.lt\"},\"image\":{\"@id\":\"https:\/\/skaitytaknyga.lt\/#\/schema\/logo\/image\/\"},\"sameAs\":[\"https:\/\/www.facebook.com\/skaitytaknyga\/\"]}]}<\/script>\n<!-- \/ Yoast SEO plugin. -->","yoast_head_json":{"title":"B\u016bk tarp geriausi\u0173","description":"\"Atid\u017eiau pa\u017evelgus tampa ai\u0161ku, kad gyvenimo kokyb\u0119\u00a0lemia ne kokie nors laimingi atsitiktinumai ar palankios aplinkyb\u0117s. Laimingi b\u016bna tie, kurie laikosi tam tikr\u0173\u00a0taisykli\u0173\u00a0ir paiso tam tikr\u0173\u00a0d\u0117sni\u0173. Tad niekada nesiteisinkite, kad jus skriaud\u017eia likimas, nes tai yra netiesa. Ir u\u017euot apgailestav\u0119, i\u0161studijuokite taisykles bei d\u0117snius, kurie padeda\u00a0\u017emogui siekti s\u0117km\u0117s... I\u0161mokite gyvenimui tarti TAIP. Da\u017enai gird\u017eiu, kaip\u00a0\u017emon\u0117s skund\u017eiasi, es\u0105\u00a0gyvenimas yra nuobodus ir monotoni\u0161kas. I\u0161\u00a0dalies tai tiesa. Ta\u010diau gyvenimas toks bus tik tada, jei nuobodus ir monotoni\u0161kas bus pats\u00a0\u017emogus jei\u00a0\u017emogus ie\u0161kos gyvenime d\u017eiaugsmo, gyvenimas jam bus nuostabus nuotykis. Gyvenimas - m\u016bs\u0173\u00a0pa\u010di\u0173\u00a0atspindys. Kokie b\u016bsime patys, toks bus ir m\u016bs\u0173\u00a0gyvenimas.\" Earl Nightingale  Earl Nightingale - \u017einomas radijo laid\u0173 ved\u0117jas, paskaitininkas ir knyg\u0173 autorius. Naitingeilo literat\u016brin\u0117 k\u016bryba \u012fvertinta Napoleono Hillo medaliu, o u\u017e motyvacines paskaitas ir garso \u012fra\u0161us jis \u012ftrauktas \u012f Nacionalin\u0117s kalb\u0117toj\u0173 asociacijos \u0161lov\u0117s galerij\u0105. Jo knygas perskait\u0117 milijonai viso pasaulio skaitytoj\u0173. Earlas Naitingeilas ragina savo klausytojus bei skaitytojus nesitenkinti vidutini\u0161ku gyvenimu ir kilti \u012f socioekonomin\u0117s piramid\u0117s vir\u0161\u016bn\u0119.  &nbsp;","robots":{"index":"index","follow":"follow","max-snippet":"max-snippet:-1","max-image-preview":"max-image-preview:large","max-video-preview":"max-video-preview:-1"},"canonical":"https:\/\/skaitytaknyga.lt\/en\/produktas\/earl-nightingale-buk-tarp-geriausiu\/","og_locale":"en_GB","og_type":"article","og_title":"[:lt]B\u016bk tarp geriausi\u0173[:] - Skaitytaknyga","og_description":"\"Atid\u017eiau pa\u017evelgus tampa ai\u0161ku, kad gyvenimo kokyb\u0119\u00a0lemia ne kokie nors laimingi atsitiktinumai ar palankios aplinkyb\u0117s. Laimingi b\u016bna tie, kurie laikosi tam tikr\u0173\u00a0taisykli\u0173\u00a0ir paiso tam tikr\u0173\u00a0d\u0117sni\u0173. Tad niekada nesiteisinkite, kad jus skriaud\u017eia likimas, nes tai yra netiesa. Ir u\u017euot apgailestav\u0119, i\u0161studijuokite taisykles bei d\u0117snius, kurie padeda\u00a0\u017emogui siekti s\u0117km\u0117s... I\u0161mokite gyvenimui tarti TAIP. Da\u017enai gird\u017eiu, kaip\u00a0\u017emon\u0117s skund\u017eiasi, es\u0105\u00a0gyvenimas yra nuobodus ir monotoni\u0161kas. I\u0161\u00a0dalies tai tiesa. Ta\u010diau gyvenimas toks bus tik tada, jei nuobodus ir monotoni\u0161kas bus pats\u00a0\u017emogus jei\u00a0\u017emogus ie\u0161kos gyvenime d\u017eiaugsmo, gyvenimas jam bus nuostabus nuotykis. Gyvenimas - m\u016bs\u0173\u00a0pa\u010di\u0173\u00a0atspindys. Kokie b\u016bsime patys, toks bus ir m\u016bs\u0173\u00a0gyvenimas.\" Earl Nightingale  Earl Nightingale - \u017einomas radijo laid\u0173 ved\u0117jas, paskaitininkas ir knyg\u0173 autorius. Naitingeilo literat\u016brin\u0117 k\u016bryba \u012fvertinta Napoleono Hillo medaliu, o u\u017e motyvacines paskaitas ir garso \u012fra\u0161us jis \u012ftrauktas \u012f Nacionalin\u0117s kalb\u0117toj\u0173 asociacijos \u0161lov\u0117s galerij\u0105. Jo knygas perskait\u0117 milijonai viso pasaulio skaitytoj\u0173. Earlas Naitingeilas ragina savo klausytojus bei skaitytojus nesitenkinti vidutini\u0161ku gyvenimu ir kilti \u012f socioekonomin\u0117s piramid\u0117s vir\u0161\u016bn\u0119.  &nbsp;","og_url":"https:\/\/skaitytaknyga.lt\/en\/produktas\/earl-nightingale-buk-tarp-geriausiu\/","og_site_name":"Skaitytaknyga","article_publisher":"https:\/\/www.facebook.com\/skaitytaknyga\/","article_modified_time":"2025-05-24T18:06:33+00:00","og_image":[{"width":680,"height":1000,"url":"https:\/\/skaitytaknyga.lt\/wp-content\/uploads\/2024\/06\/7811271_2-1000x1000-1-e1718051917108.jpg","type":"image\/jpeg"}],"twitter_card":"summary_large_image","schema":{"@context":"https:\/\/schema.org","@graph":[{"@type":"WebPage","@id":"https:\/\/skaitytaknyga.lt\/produktas\/earl-nightingale-buk-tarp-geriausiu\/","url":"https:\/\/skaitytaknyga.lt\/produktas\/earl-nightingale-buk-tarp-geriausiu\/","name":"B\u016bk tarp geriausi\u0173","isPartOf":{"@id":"https:\/\/skaitytaknyga.lt\/#website"},"primaryImageOfPage":{"@id":"https:\/\/skaitytaknyga.lt\/produktas\/earl-nightingale-buk-tarp-geriausiu\/#primaryimage"},"image":{"@id":"https:\/\/skaitytaknyga.lt\/produktas\/earl-nightingale-buk-tarp-geriausiu\/#primaryimage"},"thumbnailUrl":"https:\/\/skaitytaknyga.lt\/wp-content\/uploads\/2024\/06\/7811271_2-1000x1000-1-e1718051917108.jpg","datePublished":"2024-06-10T20:36:03+00:00","dateModified":"2025-05-24T18:06:33+00:00","description":"\"Atid\u017eiau pa\u017evelgus tampa ai\u0161ku, kad gyvenimo kokyb\u0119\u00a0lemia ne kokie nors laimingi atsitiktinumai ar palankios aplinkyb\u0117s. Laimingi b\u016bna tie, kurie laikosi tam tikr\u0173\u00a0taisykli\u0173\u00a0ir paiso tam tikr\u0173\u00a0d\u0117sni\u0173. Tad niekada nesiteisinkite, kad jus skriaud\u017eia likimas, nes tai yra netiesa. Ir u\u017euot apgailestav\u0119, i\u0161studijuokite taisykles bei d\u0117snius, kurie padeda\u00a0\u017emogui siekti s\u0117km\u0117s... I\u0161mokite gyvenimui tarti TAIP. Da\u017enai gird\u017eiu, kaip\u00a0\u017emon\u0117s skund\u017eiasi, es\u0105\u00a0gyvenimas yra nuobodus ir monotoni\u0161kas. I\u0161\u00a0dalies tai tiesa. Ta\u010diau gyvenimas toks bus tik tada, jei nuobodus ir monotoni\u0161kas bus pats\u00a0\u017emogus jei\u00a0\u017emogus ie\u0161kos gyvenime d\u017eiaugsmo, gyvenimas jam bus nuostabus nuotykis. Gyvenimas - m\u016bs\u0173\u00a0pa\u010di\u0173\u00a0atspindys. Kokie b\u016bsime patys, toks bus ir m\u016bs\u0173\u00a0gyvenimas.\" Earl Nightingale Earl Nightingale - \u017einomas radijo laid\u0173 ved\u0117jas, paskaitininkas ir knyg\u0173 autorius. Naitingeilo literat\u016brin\u0117 k\u016bryba \u012fvertinta Napoleono Hillo medaliu, o u\u017e motyvacines paskaitas ir garso \u012fra\u0161us jis \u012ftrauktas \u012f Nacionalin\u0117s kalb\u0117toj\u0173 asociacijos \u0161lov\u0117s galerij\u0105. Jo knygas perskait\u0117 milijonai viso pasaulio skaitytoj\u0173. Earlas Naitingeilas ragina savo klausytojus bei skaitytojus nesitenkinti vidutini\u0161ku gyvenimu ir kilti \u012f socioekonomin\u0117s piramid\u0117s vir\u0161\u016bn\u0119. &nbsp;","breadcrumb":{"@id":"https:\/\/skaitytaknyga.lt\/produktas\/earl-nightingale-buk-tarp-geriausiu\/#breadcrumb"},"inLanguage":"en-GB","potentialAction":[{"@type":"ReadAction","target":["https:\/\/skaitytaknyga.lt\/produktas\/earl-nightingale-buk-tarp-geriausiu\/"]}]},{"@type":"ImageObject","inLanguage":"en-GB","@id":"https:\/\/skaitytaknyga.lt\/produktas\/earl-nightingale-buk-tarp-geriausiu\/#primaryimage","url":"https:\/\/skaitytaknyga.lt\/wp-content\/uploads\/2024\/06\/7811271_2-1000x1000-1-e1718051917108.jpg","contentUrl":"https:\/\/skaitytaknyga.lt\/wp-content\/uploads\/2024\/06\/7811271_2-1000x1000-1-e1718051917108.jpg","width":680,"height":1000,"caption":"B\u016bk tarp geriausi\u0173"},{"@type":"BreadcrumbList","@id":"https:\/\/skaitytaknyga.lt\/produktas\/earl-nightingale-buk-tarp-geriausiu\/#breadcrumb","itemListElement":[{"@type":"ListItem","position":1,"name":"Home","item":"https:\/\/skaitytaknyga.lt\/"},{"@type":"ListItem","position":2,"name":"Parduotuv\u0117","item":"https:\/\/skaitytaknyga.lt\/knygu-parduotuve\/"},{"@type":"ListItem","position":3,"name":"B\u016bk tarp geriausi\u0173"}]},{"@type":"WebSite","@id":"https:\/\/skaitytaknyga.lt\/#website","url":"https:\/\/skaitytaknyga.lt\/","name":"skaitytaknyga.lt","description":"Skaitytaknyga.lt \u2013 tai ma\u017eas \u0161eimos verslas, kuris prasid\u0117jo nuo meil\u0117s knygoms ir siekio i\u0161gelb\u0117ti knygas nuo likimo prie konteinerio. Kas vienam nereikalingas daiktas \u2013 kitam lobis, o mes esame tarpininkai, kurie padeda abiems tapti laimingesniems ???? \u017dinome kaip nelengva i\u0161gyventi ma\u017eiems verslams, tad nuo \u0161iol, \u010dia rasite ir kit\u0173, ma\u017e\u0173 \u0161eim\u0173 versl\u0173, rank\u0173 darbo, dovan\u0173 sau ir artimiesiems.","publisher":{"@id":"https:\/\/skaitytaknyga.lt\/#organization"},"potentialAction":[{"@type":"SearchAction","target":{"@type":"EntryPoint","urlTemplate":"https:\/\/skaitytaknyga.lt\/?s={search_term_string}"},"query-input":{"@type":"PropertyValueSpecification","valueRequired":true,"valueName":"search_term_string"}}],"inLanguage":"en-GB"},{"@type":"Organization","@id":"https:\/\/skaitytaknyga.lt\/#organization","name":"skaitytaknyga.lt","url":"https:\/\/skaitytaknyga.lt\/","logo":{"@type":"ImageObject","inLanguage":"en-GB","@id":"https:\/\/skaitytaknyga.lt\/#\/schema\/logo\/image\/","url":"https:\/\/skaitytaknyga.lt\/wp-content\/uploads\/2024\/05\/cropped-cropped-cropped-02_00843_jt3bggkj1j3HLc7SyY6rEUpg.jpeg","contentUrl":"https:\/\/skaitytaknyga.lt\/wp-content\/uploads\/2024\/05\/cropped-cropped-cropped-02_00843_jt3bggkj1j3HLc7SyY6rEUpg.jpeg","width":1600,"height":1600,"caption":"skaitytaknyga.lt"},"image":{"@id":"https:\/\/skaitytaknyga.lt\/#\/schema\/logo\/image\/"},"sameAs":["https:\/\/www.facebook.com\/skaitytaknyga\/"]}]}},"_links":{"self":[{"href":"https:\/\/skaitytaknyga.lt\/en\/wp-json\/wp\/v2\/product\/12019","targetHints":{"allow":["GET"]}}],"collection":[{"href":"https:\/\/skaitytaknyga.lt\/en\/wp-json\/wp\/v2\/product"}],"about":[{"href":"https:\/\/skaitytaknyga.lt\/en\/wp-json\/wp\/v2\/types\/product"}],"replies":[{"embeddable":true,"href":"https:\/\/skaitytaknyga.lt\/en\/wp-json\/wp\/v2\/comments?post=12019"}],"wp:featuredmedia":[{"embeddable":true,"href":"https:\/\/skaitytaknyga.lt\/en\/wp-json\/wp\/v2\/media\/12020"}],"wp:attachment":[{"href":"https:\/\/skaitytaknyga.lt\/en\/wp-json\/wp\/v2\/media?parent=12019"}],"wp:term":[{"taxonomy":"product_brand","embeddable":true,"href":"https:\/\/skaitytaknyga.lt\/en\/wp-json\/wp\/v2\/product_brand?post=12019"},{"taxonomy":"product_cat","embeddable":true,"href":"https:\/\/skaitytaknyga.lt\/en\/wp-json\/wp\/v2\/product_cat?post=12019"},{"taxonomy":"product_tag","embeddable":true,"href":"https:\/\/skaitytaknyga.lt\/en\/wp-json\/wp\/v2\/product_tag?post=12019"}],"curies":[{"name":"wp","href":"https:\/\/api.w.org\/{rel}","templated":true}]}}