{"id":12013,"date":"2024-04-10T19:48:14","date_gmt":"2024-04-10T19:48:14","guid":{"rendered":"https:\/\/skaitytaknyga.lt\/?post_type=product&#038;p=12013"},"modified":"2026-01-29T13:42:03","modified_gmt":"2026-01-29T11:42:03","slug":"j-k-rowling-kaledu-parselis","status":"publish","type":"product","link":"https:\/\/skaitytaknyga.lt\/en\/produktas\/j-k-rowling-kaledu-parselis\/","title":{"rendered":"J. K. Rowling \u201eKal\u0117d\u0173 par\u0161elis\u201c"},"content":{"rendered":"<p>D\u017eekas be galo myli savo \u017eaisliuk\u0105 Amo Par\u0161el\u012f. Su AP jis nesiskiria nei dien\u0105, nei nakt\u012f. Kol vien\u0105 syk\u012f per K\u016b\u010dias \u012fvyksta kai kas baisaus \u2013 AP dingsta. Bet K\u016b\u010di\u0173 naktis yra stebukl\u0173 ir nei\u0161sipild\u017eiusi\u0173 l\u016bkes\u010di\u0173 laikas, kai visi daiktai gali atgyti, net \u017eaislai&#8230; Taigi D\u017eekas ir Kal\u0117d\u0173 Par\u0161elis \u2013 berniuk\u0105 nuolat erzinantis AP pakaitalas \u2013 leid\u017eiasi \u012f kvap\u0105 gniau\u017eian\u010di\u0105 kelion\u0119 per stebukling\u0105 Pamest\u0173j\u0173 \u0161al\u012f. Padedami kalban\u010dios Piet\u0173 D\u0117\u017eut\u0117s, dr\u0105saus Kompaso ir sparnuotos Vilties, jie bando i\u0161gelb\u0117ti geriausi\u0105 D\u017eeko kada nors tur\u0117t\u0105 draug\u0105 i\u0161 siaubingo \u017eaislus triau\u0161kian\u010dio Pamestinio nag\u0173&#8230;<\/p>\n<p>Berniukas ir jo \u017eaislas netrukus pakeis pasaul\u012f&#8230;<\/p>\n<p>Viena i\u0161kiliausi\u0173 pasaulio pasakotoj\u0173 J. K. Rowling si\u016blo skaitytojams \u0161ilt\u0105, \u012ftraukian\u010di\u0105 nuotyki\u0173 istorij\u0105\u00a0<b>\u201eKal\u0117d\u0173 Par\u0161elis\u201c<\/b>\u00a0apie vaiko meil\u0119 be galo branginamam \u017eaislui ir pasiaukojim\u0105 jo ie\u0161kant. Garsaus dailininko Jimo Fieldo nuostabiai iliustruotam \u201eKal\u0117d\u0173 Par\u0161eliui\u201c lemta tapti visos \u0161eimos m\u0117gstama knyga.<\/p>\n<p>Originalus pavadinimas: The Christmas Pig<br \/>\nAutorius: J.K. Rowling<br \/>\nLeid\u0117jas: Alma littera<br \/>\nMetai: 2021<br \/>\nPuslapiai: 304<br \/>\nISBN: 9786090148334<br \/>\nVersijos kodas: PT.<br \/>\nFormatas: 23,4 x 15,3 x 2,7, kieti vir\u0161eliai<br \/>\nKalba: Lietuvi\u0173<br \/>\nVert\u0117jas: Eugenijus Ali\u0161anka<\/p>\n","protected":false},"excerpt":{"rendered":"<p>D\u017eekas be galo myli savo \u017eaisliuk\u0105 Amo Par\u0161el\u012f. Su AP jis nesiskiria nei dien\u0105, nei nakt\u012f. Kol vien\u0105 syk\u012f per K\u016b\u010dias \u012fvyksta kai kas baisaus \u2013 AP dingsta. Bet K\u016b\u010di\u0173 naktis yra stebukl\u0173 ir nei\u0161sipild\u017eiusi\u0173 l\u016bkes\u010di\u0173 laikas, kai visi daiktai gali atgyti, net \u017eaislai&#8230; Taigi D\u017eekas ir Kal\u0117d\u0173 Par\u0161elis \u2013 berniuk\u0105 nuolat erzinantis AP pakaitalas \u2013 leid\u017eiasi \u012f kvap\u0105 gniau\u017eian\u010di\u0105 kelion\u0119 per stebukling\u0105 Pamest\u0173j\u0173 \u0161al\u012f. Padedami kalban\u010dios Piet\u0173 D\u0117\u017eut\u0117s, dr\u0105saus Kompaso ir sparnuotos Vilties, jie bando i\u0161gelb\u0117ti geriausi\u0105 D\u017eeko kada nors tur\u0117t\u0105 draug\u0105 i\u0161 siaubingo \u017eaislus triau\u0161kian\u010dio Pamestinio nag\u0173&#8230; Berniukas ir jo \u017eaislas netrukus pakeis pasaul\u012f&#8230; Viena i\u0161kiliausi\u0173 pasaulio pasakotoj\u0173 J. K. Rowling si\u016blo skaitytojams \u0161ilt\u0105, \u012ftraukian\u010di\u0105 nuotyki\u0173 istorij\u0105\u00a0\u201eKal\u0117d\u0173 Par\u0161elis\u201c\u00a0apie vaiko meil\u0119 be galo branginamam \u017eaislui ir pasiaukojim\u0105 jo ie\u0161kant. Garsaus dailininko Jimo Fieldo nuostabiai iliustruotam \u201eKal\u0117d\u0173 Par\u0161eliui\u201c lemta tapti visos \u0161eimos m\u0117gstama knyga. Originalus pavadinimas: The Christmas Pig Autorius: J.K. Rowling Leid\u0117jas: Alma littera Metai: 2021 Puslapiai: 304 ISBN: 9786090148334 Versijos kodas: PT. Formatas: 23,4 x 15,3 x 2,7, kieti vir\u0161eliai Kalba: Lietuvi\u0173 Vert\u0117jas: Eugenijus Ali\u0161anka<\/p>\n","protected":false},"featured_media":22816,"comment_status":"closed","ping_status":"closed","template":"","meta":{"_acf_changed":false,"site-sidebar-layout":"default","site-content-layout":"","ast-site-content-layout":"default","site-content-style":"default","site-sidebar-style":"default","ast-global-header-display":"","ast-banner-title-visibility":"","ast-main-header-display":"","ast-hfb-above-header-display":"","ast-hfb-below-header-display":"","ast-hfb-mobile-header-display":"","site-post-title":"","ast-breadcrumbs-content":"","ast-featured-img":"","footer-sml-layout":"","ast-disable-related-posts":"","theme-transparent-header-meta":"default","adv-header-id-meta":"","stick-header-meta":"","header-above-stick-meta":"","header-main-stick-meta":"","header-below-stick-meta":"","astra-migrate-meta-layouts":"set","ast-page-background-enabled":"default","ast-page-background-meta":{"desktop":{"background-color":"","background-image":"","background-repeat":"repeat","background-position":"center center","background-size":"auto","background-attachment":"scroll","background-type":"","background-media":"","overlay-type":"","overlay-color":"","overlay-opacity":"","overlay-gradient":""},"tablet":{"background-color":"","background-image":"","background-repeat":"repeat","background-position":"center center","background-size":"auto","background-attachment":"scroll","background-type":"","background-media":"","overlay-type":"","overlay-color":"","overlay-opacity":"","overlay-gradient":""},"mobile":{"background-color":"","background-image":"","background-repeat":"repeat","background-position":"center center","background-size":"auto","background-attachment":"scroll","background-type":"","background-media":"","overlay-type":"","overlay-color":"","overlay-opacity":"","overlay-gradient":""}},"ast-content-background-meta":{"desktop":{"background-color":"var(--ast-global-color-4)","background-image":"","background-repeat":"repeat","background-position":"center center","background-size":"auto","background-attachment":"scroll","background-type":"","background-media":"","overlay-type":"","overlay-color":"","overlay-opacity":"","overlay-gradient":""},"tablet":{"background-color":"var(--ast-global-color-4)","background-image":"","background-repeat":"repeat","background-position":"center center","background-size":"auto","background-attachment":"scroll","background-type":"","background-media":"","overlay-type":"","overlay-color":"","overlay-opacity":"","overlay-gradient":""},"mobile":{"background-color":"var(--ast-global-color-4)","background-image":"","background-repeat":"repeat","background-position":"center center","background-size":"auto","background-attachment":"scroll","background-type":"","background-media":"","overlay-type":"","overlay-color":"","overlay-opacity":"","overlay-gradient":""}}},"product_brand":[],"product_cat":[35],"product_tag":[],"class_list":{"0":"post-12013","1":"product","2":"type-product","3":"status-publish","4":"has-post-thumbnail","6":"product_cat-vaikams-ir-paaugliams","7":"pa_leidimo-metai-672","8":"desktop-align-left","9":"tablet-align-left","10":"mobile-align-left","12":"first","13":"instock","14":"shipping-taxable","15":"purchasable","16":"product-type-simple"},"acf":[],"yoast_head":"<!-- This site is optimized with the Yoast SEO plugin v27.0 - https:\/\/yoast.com\/product\/yoast-seo-wordpress\/ -->\n<title>J. K. Rowling \u201eKal\u0117d\u0173 par\u0161elis\u201c<\/title>\n<meta name=\"description\" content=\"D\u017eekas be galo myli savo \u017eaisliuk\u0105 Amo Par\u0161el\u012f. Su AP jis nesiskiria nei dien\u0105, nei nakt\u012f. Kol vien\u0105 syk\u012f per K\u016b\u010dias \u012fvyksta kai kas baisaus \u2013 AP dingsta.\" \/>\n<meta name=\"robots\" content=\"index, follow, max-snippet:-1, max-image-preview:large, max-video-preview:-1\" \/>\n<link rel=\"canonical\" href=\"https:\/\/skaitytaknyga.lt\/en\/produktas\/j-k-rowling-kaledu-parselis\/\" \/>\n<meta property=\"og:locale\" content=\"en_GB\" \/>\n<meta property=\"og:locale:alternate\" content=\"lt_LT\" \/>\n<meta property=\"og:type\" content=\"article\" \/>\n<meta property=\"og:title\" content=\"J. K. Rowling \u201eKal\u0117d\u0173 par\u0161elis\u201c\" \/>\n<meta property=\"og:description\" content=\"D\u017eekas be galo myli savo \u017eaisliuk\u0105 Amo Par\u0161el\u012f. Su AP jis nesiskiria nei dien\u0105, nei nakt\u012f. Kol vien\u0105 syk\u012f per K\u016b\u010dias \u012fvyksta kai kas baisaus \u2013 AP dingsta.\" \/>\n<meta property=\"og:url\" content=\"https:\/\/skaitytaknyga.lt\/en\/produktas\/j-k-rowling-kaledu-parselis\/\" \/>\n<meta property=\"og:site_name\" content=\"Skaitytaknyga\" \/>\n<meta property=\"article:publisher\" content=\"https:\/\/www.facebook.com\/skaitytaknyga\/\" \/>\n<meta property=\"article:modified_time\" content=\"2026-01-29T11:42:03+00:00\" \/>\n<meta property=\"og:image\" content=\"https:\/\/skaitytaknyga.lt\/wp-content\/uploads\/2024\/04\/Kaledu-parselis-1.webp\" \/>\n\t<meta property=\"og:image:width\" content=\"300\" \/>\n\t<meta property=\"og:image:height\" content=\"459\" \/>\n\t<meta property=\"og:image:type\" content=\"image\/webp\" \/>\n<meta name=\"twitter:card\" content=\"summary_large_image\" \/>\n<meta name=\"twitter:label1\" content=\"Estimated reading time\" \/>\n\t<meta name=\"twitter:data1\" content=\"2 minutes\" \/>\n<script type=\"application\/ld+json\" class=\"yoast-schema-graph\">{\"@context\":\"https:\/\/schema.org\",\"@graph\":[{\"@type\":\"WebPage\",\"@id\":\"https:\/\/skaitytaknyga.lt\/produktas\/j-k-rowling-kaledu-parselis\/\",\"url\":\"https:\/\/skaitytaknyga.lt\/produktas\/j-k-rowling-kaledu-parselis\/\",\"name\":\"J. K. Rowling \u201eKal\u0117d\u0173 par\u0161elis\u201c\",\"isPartOf\":{\"@id\":\"https:\/\/skaitytaknyga.lt\/#website\"},\"primaryImageOfPage\":{\"@id\":\"https:\/\/skaitytaknyga.lt\/produktas\/j-k-rowling-kaledu-parselis\/#primaryimage\"},\"image\":{\"@id\":\"https:\/\/skaitytaknyga.lt\/produktas\/j-k-rowling-kaledu-parselis\/#primaryimage\"},\"thumbnailUrl\":\"https:\/\/skaitytaknyga.lt\/wp-content\/uploads\/2024\/04\/Kaledu-parselis-1.webp\",\"datePublished\":\"2024-04-10T19:48:14+00:00\",\"dateModified\":\"2026-01-29T11:42:03+00:00\",\"description\":\"D\u017eekas be galo myli savo \u017eaisliuk\u0105 Amo Par\u0161el\u012f. Su AP jis nesiskiria nei dien\u0105, nei nakt\u012f. Kol vien\u0105 syk\u012f per K\u016b\u010dias \u012fvyksta kai kas baisaus \u2013 AP dingsta.\",\"breadcrumb\":{\"@id\":\"https:\/\/skaitytaknyga.lt\/produktas\/j-k-rowling-kaledu-parselis\/#breadcrumb\"},\"inLanguage\":\"en-GB\",\"potentialAction\":[{\"@type\":\"ReadAction\",\"target\":[\"https:\/\/skaitytaknyga.lt\/produktas\/j-k-rowling-kaledu-parselis\/\"]}]},{\"@type\":\"ImageObject\",\"inLanguage\":\"en-GB\",\"@id\":\"https:\/\/skaitytaknyga.lt\/produktas\/j-k-rowling-kaledu-parselis\/#primaryimage\",\"url\":\"https:\/\/skaitytaknyga.lt\/wp-content\/uploads\/2024\/04\/Kaledu-parselis-1.webp\",\"contentUrl\":\"https:\/\/skaitytaknyga.lt\/wp-content\/uploads\/2024\/04\/Kaledu-parselis-1.webp\",\"width\":300,\"height\":459,\"caption\":\"J. K. Rowling \u201eKal\u0117d\u0173 par\u0161elis\u201c\"},{\"@type\":\"BreadcrumbList\",\"@id\":\"https:\/\/skaitytaknyga.lt\/produktas\/j-k-rowling-kaledu-parselis\/#breadcrumb\",\"itemListElement\":[{\"@type\":\"ListItem\",\"position\":1,\"name\":\"Home\",\"item\":\"https:\/\/skaitytaknyga.lt\/\"},{\"@type\":\"ListItem\",\"position\":2,\"name\":\"Parduotuv\u0117\",\"item\":\"https:\/\/skaitytaknyga.lt\/knygu-parduotuve\/\"},{\"@type\":\"ListItem\",\"position\":3,\"name\":\"J. K. Rowling \u201eKal\u0117d\u0173 par\u0161elis\u201c\"}]},{\"@type\":\"WebSite\",\"@id\":\"https:\/\/skaitytaknyga.lt\/#website\",\"url\":\"https:\/\/skaitytaknyga.lt\/\",\"name\":\"skaitytaknyga.lt\",\"description\":\"Skaitytaknyga.lt \u2013 tai ma\u017eas \u0161eimos verslas, kuris prasid\u0117jo nuo meil\u0117s knygoms ir siekio i\u0161gelb\u0117ti knygas nuo likimo prie konteinerio. Kas vienam nereikalingas daiktas \u2013 kitam lobis, o mes esame tarpininkai, kurie padeda abiems tapti laimingesniems ???? \u017dinome kaip nelengva i\u0161gyventi ma\u017eiems verslams, tad nuo \u0161iol, \u010dia rasite ir kit\u0173, ma\u017e\u0173 \u0161eim\u0173 versl\u0173, rank\u0173 darbo, dovan\u0173 sau ir artimiesiems.\",\"publisher\":{\"@id\":\"https:\/\/skaitytaknyga.lt\/#organization\"},\"potentialAction\":[{\"@type\":\"SearchAction\",\"target\":{\"@type\":\"EntryPoint\",\"urlTemplate\":\"https:\/\/skaitytaknyga.lt\/?s={search_term_string}\"},\"query-input\":{\"@type\":\"PropertyValueSpecification\",\"valueRequired\":true,\"valueName\":\"search_term_string\"}}],\"inLanguage\":\"en-GB\"},{\"@type\":\"Organization\",\"@id\":\"https:\/\/skaitytaknyga.lt\/#organization\",\"name\":\"skaitytaknyga.lt\",\"url\":\"https:\/\/skaitytaknyga.lt\/\",\"logo\":{\"@type\":\"ImageObject\",\"inLanguage\":\"en-GB\",\"@id\":\"https:\/\/skaitytaknyga.lt\/#\/schema\/logo\/image\/\",\"url\":\"https:\/\/skaitytaknyga.lt\/wp-content\/uploads\/2024\/05\/cropped-cropped-cropped-02_00843_jt3bggkj1j3HLc7SyY6rEUpg.jpeg\",\"contentUrl\":\"https:\/\/skaitytaknyga.lt\/wp-content\/uploads\/2024\/05\/cropped-cropped-cropped-02_00843_jt3bggkj1j3HLc7SyY6rEUpg.jpeg\",\"width\":1600,\"height\":1600,\"caption\":\"skaitytaknyga.lt\"},\"image\":{\"@id\":\"https:\/\/skaitytaknyga.lt\/#\/schema\/logo\/image\/\"},\"sameAs\":[\"https:\/\/www.facebook.com\/skaitytaknyga\/\"]}]}<\/script>\n<!-- \/ Yoast SEO plugin. -->","yoast_head_json":{"title":"J. K. Rowling \u201eKal\u0117d\u0173 par\u0161elis\u201c","description":"D\u017eekas be galo myli savo \u017eaisliuk\u0105 Amo Par\u0161el\u012f. Su AP jis nesiskiria nei dien\u0105, nei nakt\u012f. Kol vien\u0105 syk\u012f per K\u016b\u010dias \u012fvyksta kai kas baisaus \u2013 AP dingsta.","robots":{"index":"index","follow":"follow","max-snippet":"max-snippet:-1","max-image-preview":"max-image-preview:large","max-video-preview":"max-video-preview:-1"},"canonical":"https:\/\/skaitytaknyga.lt\/en\/produktas\/j-k-rowling-kaledu-parselis\/","og_locale":"en_GB","og_type":"article","og_title":"[:lt]J. K. Rowling \u201eKal\u0117d\u0173 par\u0161elis\u201c[:] - Skaitytaknyga","og_description":"D\u017eekas be galo myli savo \u017eaisliuk\u0105 Amo Par\u0161el\u012f. Su AP jis nesiskiria nei dien\u0105, nei nakt\u012f. Kol vien\u0105 syk\u012f per K\u016b\u010dias \u012fvyksta kai kas baisaus \u2013 AP dingsta.","og_url":"https:\/\/skaitytaknyga.lt\/en\/produktas\/j-k-rowling-kaledu-parselis\/","og_site_name":"Skaitytaknyga","article_publisher":"https:\/\/www.facebook.com\/skaitytaknyga\/","article_modified_time":"2026-01-29T11:42:03+00:00","og_image":[{"width":300,"height":459,"url":"https:\/\/skaitytaknyga.lt\/wp-content\/uploads\/2024\/04\/Kaledu-parselis-1.webp","type":"image\/webp"}],"twitter_card":"summary_large_image","twitter_misc":{"Estimated reading time":"2 minutes"},"schema":{"@context":"https:\/\/schema.org","@graph":[{"@type":"WebPage","@id":"https:\/\/skaitytaknyga.lt\/produktas\/j-k-rowling-kaledu-parselis\/","url":"https:\/\/skaitytaknyga.lt\/produktas\/j-k-rowling-kaledu-parselis\/","name":"J. K. Rowling \u201eKal\u0117d\u0173 par\u0161elis\u201c","isPartOf":{"@id":"https:\/\/skaitytaknyga.lt\/#website"},"primaryImageOfPage":{"@id":"https:\/\/skaitytaknyga.lt\/produktas\/j-k-rowling-kaledu-parselis\/#primaryimage"},"image":{"@id":"https:\/\/skaitytaknyga.lt\/produktas\/j-k-rowling-kaledu-parselis\/#primaryimage"},"thumbnailUrl":"https:\/\/skaitytaknyga.lt\/wp-content\/uploads\/2024\/04\/Kaledu-parselis-1.webp","datePublished":"2024-04-10T19:48:14+00:00","dateModified":"2026-01-29T11:42:03+00:00","description":"D\u017eekas be galo myli savo \u017eaisliuk\u0105 Amo Par\u0161el\u012f. Su AP jis nesiskiria nei dien\u0105, nei nakt\u012f. Kol vien\u0105 syk\u012f per K\u016b\u010dias \u012fvyksta kai kas baisaus \u2013 AP dingsta.","breadcrumb":{"@id":"https:\/\/skaitytaknyga.lt\/produktas\/j-k-rowling-kaledu-parselis\/#breadcrumb"},"inLanguage":"en-GB","potentialAction":[{"@type":"ReadAction","target":["https:\/\/skaitytaknyga.lt\/produktas\/j-k-rowling-kaledu-parselis\/"]}]},{"@type":"ImageObject","inLanguage":"en-GB","@id":"https:\/\/skaitytaknyga.lt\/produktas\/j-k-rowling-kaledu-parselis\/#primaryimage","url":"https:\/\/skaitytaknyga.lt\/wp-content\/uploads\/2024\/04\/Kaledu-parselis-1.webp","contentUrl":"https:\/\/skaitytaknyga.lt\/wp-content\/uploads\/2024\/04\/Kaledu-parselis-1.webp","width":300,"height":459,"caption":"J. K. Rowling \u201eKal\u0117d\u0173 par\u0161elis\u201c"},{"@type":"BreadcrumbList","@id":"https:\/\/skaitytaknyga.lt\/produktas\/j-k-rowling-kaledu-parselis\/#breadcrumb","itemListElement":[{"@type":"ListItem","position":1,"name":"Home","item":"https:\/\/skaitytaknyga.lt\/"},{"@type":"ListItem","position":2,"name":"Parduotuv\u0117","item":"https:\/\/skaitytaknyga.lt\/knygu-parduotuve\/"},{"@type":"ListItem","position":3,"name":"J. K. Rowling \u201eKal\u0117d\u0173 par\u0161elis\u201c"}]},{"@type":"WebSite","@id":"https:\/\/skaitytaknyga.lt\/#website","url":"https:\/\/skaitytaknyga.lt\/","name":"skaitytaknyga.lt","description":"Skaitytaknyga.lt \u2013 tai ma\u017eas \u0161eimos verslas, kuris prasid\u0117jo nuo meil\u0117s knygoms ir siekio i\u0161gelb\u0117ti knygas nuo likimo prie konteinerio. Kas vienam nereikalingas daiktas \u2013 kitam lobis, o mes esame tarpininkai, kurie padeda abiems tapti laimingesniems ???? \u017dinome kaip nelengva i\u0161gyventi ma\u017eiems verslams, tad nuo \u0161iol, \u010dia rasite ir kit\u0173, ma\u017e\u0173 \u0161eim\u0173 versl\u0173, rank\u0173 darbo, dovan\u0173 sau ir artimiesiems.","publisher":{"@id":"https:\/\/skaitytaknyga.lt\/#organization"},"potentialAction":[{"@type":"SearchAction","target":{"@type":"EntryPoint","urlTemplate":"https:\/\/skaitytaknyga.lt\/?s={search_term_string}"},"query-input":{"@type":"PropertyValueSpecification","valueRequired":true,"valueName":"search_term_string"}}],"inLanguage":"en-GB"},{"@type":"Organization","@id":"https:\/\/skaitytaknyga.lt\/#organization","name":"skaitytaknyga.lt","url":"https:\/\/skaitytaknyga.lt\/","logo":{"@type":"ImageObject","inLanguage":"en-GB","@id":"https:\/\/skaitytaknyga.lt\/#\/schema\/logo\/image\/","url":"https:\/\/skaitytaknyga.lt\/wp-content\/uploads\/2024\/05\/cropped-cropped-cropped-02_00843_jt3bggkj1j3HLc7SyY6rEUpg.jpeg","contentUrl":"https:\/\/skaitytaknyga.lt\/wp-content\/uploads\/2024\/05\/cropped-cropped-cropped-02_00843_jt3bggkj1j3HLc7SyY6rEUpg.jpeg","width":1600,"height":1600,"caption":"skaitytaknyga.lt"},"image":{"@id":"https:\/\/skaitytaknyga.lt\/#\/schema\/logo\/image\/"},"sameAs":["https:\/\/www.facebook.com\/skaitytaknyga\/"]}]}},"_links":{"self":[{"href":"https:\/\/skaitytaknyga.lt\/en\/wp-json\/wp\/v2\/product\/12013","targetHints":{"allow":["GET"]}}],"collection":[{"href":"https:\/\/skaitytaknyga.lt\/en\/wp-json\/wp\/v2\/product"}],"about":[{"href":"https:\/\/skaitytaknyga.lt\/en\/wp-json\/wp\/v2\/types\/product"}],"replies":[{"embeddable":true,"href":"https:\/\/skaitytaknyga.lt\/en\/wp-json\/wp\/v2\/comments?post=12013"}],"wp:featuredmedia":[{"embeddable":true,"href":"https:\/\/skaitytaknyga.lt\/en\/wp-json\/wp\/v2\/media\/22816"}],"wp:attachment":[{"href":"https:\/\/skaitytaknyga.lt\/en\/wp-json\/wp\/v2\/media?parent=12013"}],"wp:term":[{"taxonomy":"product_brand","embeddable":true,"href":"https:\/\/skaitytaknyga.lt\/en\/wp-json\/wp\/v2\/product_brand?post=12013"},{"taxonomy":"product_cat","embeddable":true,"href":"https:\/\/skaitytaknyga.lt\/en\/wp-json\/wp\/v2\/product_cat?post=12013"},{"taxonomy":"product_tag","embeddable":true,"href":"https:\/\/skaitytaknyga.lt\/en\/wp-json\/wp\/v2\/product_tag?post=12013"}],"curies":[{"name":"wp","href":"https:\/\/api.w.org\/{rel}","templated":true}]}}