{"id":12011,"date":"2024-07-10T22:45:52","date_gmt":"2024-07-10T19:45:52","guid":{"rendered":"https:\/\/skaitytaknyga.lt\/?post_type=product&#038;p=12011"},"modified":"2026-03-05T13:50:53","modified_gmt":"2026-03-05T11:50:53","slug":"ransom-riggs-ypatingu-vaiku-namai","status":"publish","type":"product","link":"https:\/\/skaitytaknyga.lt\/en\/produktas\/ransom-riggs-ypatingu-vaiku-namai\/","title":{"rendered":"Ransom Riggs \u201eYpating\u0173 vaik\u0173 namai\u201c"},"content":{"rendered":"","protected":false},"excerpt":{"rendered":"<p>\u0160e\u0161iolikametis D\u017eeikobas Portmanas n\u0117 kiek neabejojo, kad jo gyvenimas yra ir bus niekuo neypatingas. B\u016bdamas ma\u017eas, jis nepaprastai \u017eav\u0117josi savo seneliu, jo nuotyki\u0173 kupinu gyvenimu, kvap\u0105 gniau\u017eian\u010diomis istorijomis apie pabaisas ir ypatingus vaikus. Bet D\u017eeikobas u\u017eaugo, senelio pasakojimai jam jau atrod\u0117 tik pramanai, kuriais net g\u0117dijosi tik\u0117j\u0119s, o keistos senos nuotraukos \u2013 tik klastot\u0117s.<\/p>\n<p>Ta\u010diau at\u0117jo diena, kai niekuo neypatingas D\u017eeikobo gyvenimas apvirto auk\u0161tyn kojom.<\/p>\n<p>Senelis bijojo pabais\u0173. Senelis pyko, kad i\u0161 jo atimti ginklai. Ir vien\u0105 dien\u0105, nuskub\u0117j\u0119s jo aplankyti, D\u017eeikobas rado senel\u012f\u2026 sunkiai su\u017eeist\u0105.<\/p>\n<p>Tada akimoju pasikeit\u0117 viskas. Paskutiniai senelio \u017eod\u017eiai, mi\u0161ke \u0161m\u0117k\u0161tel\u0117jusi pam\u0117kl\u0117, D\u017eeikob\u0105 pasiek\u0119s paslaptingas senelio paliktas lai\u0161kas \u2013 keistenybi\u0173 pernelyg daug, kad gal\u0117tum numoti ranka.<\/p>\n<p>Ir D\u017eeikobas i\u0161siruo\u0161ia \u012f kelion\u0119 \u2013 \u012f ma\u017eyt\u0119 salel\u0119 prie Velso krant\u0173. Kadaise ten veik\u0117 panel\u0117s Peregrin\u0117s ypating\u0173 vaik\u0173 namai \u2013 juose ir u\u017eaugo jo senelis. Ir jeigu D\u017eeikobui kur nors lemta atskleisti senelio paslaptis \u2013 tai tik ten&#8230;<\/p>\n","protected":false},"featured_media":12012,"comment_status":"closed","ping_status":"closed","template":"","meta":{"_acf_changed":false,"site-sidebar-layout":"default","site-content-layout":"","ast-site-content-layout":"default","site-content-style":"default","site-sidebar-style":"default","ast-global-header-display":"","ast-banner-title-visibility":"","ast-main-header-display":"","ast-hfb-above-header-display":"","ast-hfb-below-header-display":"","ast-hfb-mobile-header-display":"","site-post-title":"","ast-breadcrumbs-content":"","ast-featured-img":"","footer-sml-layout":"","ast-disable-related-posts":"","theme-transparent-header-meta":"","adv-header-id-meta":"","stick-header-meta":"","header-above-stick-meta":"","header-main-stick-meta":"","header-below-stick-meta":"","astra-migrate-meta-layouts":"default","ast-page-background-enabled":"default","ast-page-background-meta":{"desktop":{"background-color":"","background-image":"","background-repeat":"repeat","background-position":"center center","background-size":"auto","background-attachment":"scroll","background-type":"","background-media":"","overlay-type":"","overlay-color":"","overlay-opacity":"","overlay-gradient":""},"tablet":{"background-color":"","background-image":"","background-repeat":"repeat","background-position":"center center","background-size":"auto","background-attachment":"scroll","background-type":"","background-media":"","overlay-type":"","overlay-color":"","overlay-opacity":"","overlay-gradient":""},"mobile":{"background-color":"","background-image":"","background-repeat":"repeat","background-position":"center center","background-size":"auto","background-attachment":"scroll","background-type":"","background-media":"","overlay-type":"","overlay-color":"","overlay-opacity":"","overlay-gradient":""}},"ast-content-background-meta":{"desktop":{"background-color":"var(--ast-global-color-4)","background-image":"","background-repeat":"repeat","background-position":"center center","background-size":"auto","background-attachment":"scroll","background-type":"","background-media":"","overlay-type":"","overlay-color":"","overlay-opacity":"","overlay-gradient":""},"tablet":{"background-color":"var(--ast-global-color-4)","background-image":"","background-repeat":"repeat","background-position":"center center","background-size":"auto","background-attachment":"scroll","background-type":"","background-media":"","overlay-type":"","overlay-color":"","overlay-opacity":"","overlay-gradient":""},"mobile":{"background-color":"var(--ast-global-color-4)","background-image":"","background-repeat":"repeat","background-position":"center center","background-size":"auto","background-attachment":"scroll","background-type":"","background-media":"","overlay-type":"","overlay-color":"","overlay-opacity":"","overlay-gradient":""}}},"product_brand":[],"product_cat":[35],"product_tag":[],"class_list":{"0":"post-12011","1":"product","2":"type-product","3":"status-publish","4":"has-post-thumbnail","6":"product_cat-vaikams-ir-paaugliams","7":"pa_leidimo-metai-672","8":"desktop-align-left","9":"tablet-align-left","10":"mobile-align-left","12":"first","13":"instock","14":"shipping-taxable","15":"purchasable","16":"product-type-simple"},"acf":[],"yoast_head":"<!-- This site is optimized with the Yoast SEO plugin v27.0 - https:\/\/yoast.com\/product\/yoast-seo-wordpress\/ -->\n<title>\u201eYpating\u0173 vaik\u0173 namai\u201c<\/title>\n<meta name=\"description\" content=\"\u0160e\u0161iolikametis D\u017eeikobas Portmanas n\u0117 kiek neabejojo, kad jo gyvenimas yra ir bus niekuo neypatingas. B\u016bdamas ma\u017eas, jis nepaprastai \u017eav\u0117josi savo seneliu, jo nuotyki\u0173 kupinu gyvenimu, kvap\u0105 gniau\u017eian\u010diomis istorijomis apie pabaisas ir ypatingus vaikus. Bet D\u017eeikobas u\u017eaugo, senelio pasakojimai jam jau atrod\u0117 tik pramanai, kuriais net g\u0117dijosi tik\u0117j\u0119s, o keistos senos nuotraukos \u2013 tik klastot\u0117s.  Ta\u010diau at\u0117jo diena, kai niekuo neypatingas D\u017eeikobo gyvenimas apvirto auk\u0161tyn kojom.  Senelis bijojo pabais\u0173. Senelis pyko, kad i\u0161 jo atimti ginklai. Ir vien\u0105 dien\u0105, nuskub\u0117j\u0119s jo aplankyti, D\u017eeikobas rado senel\u012f\u2026 sunkiai su\u017eeist\u0105.  Tada akimoju pasikeit\u0117 viskas. Paskutiniai senelio \u017eod\u017eiai, mi\u0161ke \u0161m\u0117k\u0161tel\u0117jusi pam\u0117kl\u0117, D\u017eeikob\u0105 pasiek\u0119s paslaptingas senelio paliktas lai\u0161kas \u2013 keistenybi\u0173 pernelyg daug, kad gal\u0117tum numoti ranka.  Ir D\u017eeikobas i\u0161siruo\u0161ia \u012f kelion\u0119 \u2013 \u012f ma\u017eyt\u0119 salel\u0119 prie Velso krant\u0173. Kadaise ten veik\u0117 panel\u0117s Peregrin\u0117s ypating\u0173 vaik\u0173 namai \u2013 juose ir u\u017eaugo jo senelis. Ir jeigu D\u017eeikobui kur nors lemta atskleisti senelio paslaptis \u2013 tai tik ten...\" \/>\n<meta name=\"robots\" content=\"index, follow, max-snippet:-1, max-image-preview:large, max-video-preview:-1\" \/>\n<link rel=\"canonical\" href=\"https:\/\/skaitytaknyga.lt\/en\/produktas\/ransom-riggs-ypatingu-vaiku-namai\/\" \/>\n<meta property=\"og:locale\" content=\"en_GB\" \/>\n<meta property=\"og:locale:alternate\" content=\"lt_LT\" \/>\n<meta property=\"og:type\" content=\"article\" \/>\n<meta property=\"og:title\" content=\"\u201eYpating\u0173 vaik\u0173 namai\u201c\" \/>\n<meta property=\"og:description\" content=\"\u0160e\u0161iolikametis D\u017eeikobas Portmanas n\u0117 kiek neabejojo, kad jo gyvenimas yra ir bus niekuo neypatingas. B\u016bdamas ma\u017eas, jis nepaprastai \u017eav\u0117josi savo seneliu, jo nuotyki\u0173 kupinu gyvenimu, kvap\u0105 gniau\u017eian\u010diomis istorijomis apie pabaisas ir ypatingus vaikus. Bet D\u017eeikobas u\u017eaugo, senelio pasakojimai jam jau atrod\u0117 tik pramanai, kuriais net g\u0117dijosi tik\u0117j\u0119s, o keistos senos nuotraukos \u2013 tik klastot\u0117s.  Ta\u010diau at\u0117jo diena, kai niekuo neypatingas D\u017eeikobo gyvenimas apvirto auk\u0161tyn kojom.  Senelis bijojo pabais\u0173. Senelis pyko, kad i\u0161 jo atimti ginklai. Ir vien\u0105 dien\u0105, nuskub\u0117j\u0119s jo aplankyti, D\u017eeikobas rado senel\u012f\u2026 sunkiai su\u017eeist\u0105.  Tada akimoju pasikeit\u0117 viskas. Paskutiniai senelio \u017eod\u017eiai, mi\u0161ke \u0161m\u0117k\u0161tel\u0117jusi pam\u0117kl\u0117, D\u017eeikob\u0105 pasiek\u0119s paslaptingas senelio paliktas lai\u0161kas \u2013 keistenybi\u0173 pernelyg daug, kad gal\u0117tum numoti ranka.  Ir D\u017eeikobas i\u0161siruo\u0161ia \u012f kelion\u0119 \u2013 \u012f ma\u017eyt\u0119 salel\u0119 prie Velso krant\u0173. Kadaise ten veik\u0117 panel\u0117s Peregrin\u0117s ypating\u0173 vaik\u0173 namai \u2013 juose ir u\u017eaugo jo senelis. Ir jeigu D\u017eeikobui kur nors lemta atskleisti senelio paslaptis \u2013 tai tik ten...\" \/>\n<meta property=\"og:url\" content=\"https:\/\/skaitytaknyga.lt\/en\/produktas\/ransom-riggs-ypatingu-vaiku-namai\/\" \/>\n<meta property=\"og:site_name\" content=\"Skaitytaknyga\" \/>\n<meta property=\"article:publisher\" content=\"https:\/\/www.facebook.com\/skaitytaknyga\/\" \/>\n<meta property=\"article:modified_time\" content=\"2026-03-05T11:50:53+00:00\" \/>\n<meta property=\"og:image\" content=\"https:\/\/skaitytaknyga.lt\/wp-content\/uploads\/2024\/06\/ypatingu-vaiku-namai.jpg\" \/>\n\t<meta property=\"og:image:width\" content=\"394\" \/>\n\t<meta property=\"og:image:height\" content=\"591\" \/>\n\t<meta property=\"og:image:type\" content=\"image\/jpeg\" \/>\n<meta name=\"twitter:card\" content=\"summary_large_image\" \/>\n<script type=\"application\/ld+json\" class=\"yoast-schema-graph\">{\"@context\":\"https:\/\/schema.org\",\"@graph\":[{\"@type\":\"WebPage\",\"@id\":\"https:\/\/skaitytaknyga.lt\/produktas\/ransom-riggs-ypatingu-vaiku-namai\/\",\"url\":\"https:\/\/skaitytaknyga.lt\/produktas\/ransom-riggs-ypatingu-vaiku-namai\/\",\"name\":\"\u201eYpating\u0173 vaik\u0173 namai\u201c\",\"isPartOf\":{\"@id\":\"https:\/\/skaitytaknyga.lt\/#website\"},\"primaryImageOfPage\":{\"@id\":\"https:\/\/skaitytaknyga.lt\/produktas\/ransom-riggs-ypatingu-vaiku-namai\/#primaryimage\"},\"image\":{\"@id\":\"https:\/\/skaitytaknyga.lt\/produktas\/ransom-riggs-ypatingu-vaiku-namai\/#primaryimage\"},\"thumbnailUrl\":\"https:\/\/skaitytaknyga.lt\/wp-content\/uploads\/2024\/06\/ypatingu-vaiku-namai.jpg\",\"datePublished\":\"2024-07-10T19:45:52+00:00\",\"dateModified\":\"2026-03-05T11:50:53+00:00\",\"description\":\"\u0160e\u0161iolikametis D\u017eeikobas Portmanas n\u0117 kiek neabejojo, kad jo gyvenimas yra ir bus niekuo neypatingas. B\u016bdamas ma\u017eas, jis nepaprastai \u017eav\u0117josi savo seneliu, jo nuotyki\u0173 kupinu gyvenimu, kvap\u0105 gniau\u017eian\u010diomis istorijomis apie pabaisas ir ypatingus vaikus. Bet D\u017eeikobas u\u017eaugo, senelio pasakojimai jam jau atrod\u0117 tik pramanai, kuriais net g\u0117dijosi tik\u0117j\u0119s, o keistos senos nuotraukos \u2013 tik klastot\u0117s. Ta\u010diau at\u0117jo diena, kai niekuo neypatingas D\u017eeikobo gyvenimas apvirto auk\u0161tyn kojom. Senelis bijojo pabais\u0173. Senelis pyko, kad i\u0161 jo atimti ginklai. Ir vien\u0105 dien\u0105, nuskub\u0117j\u0119s jo aplankyti, D\u017eeikobas rado senel\u012f\u2026 sunkiai su\u017eeist\u0105. Tada akimoju pasikeit\u0117 viskas. Paskutiniai senelio \u017eod\u017eiai, mi\u0161ke \u0161m\u0117k\u0161tel\u0117jusi pam\u0117kl\u0117, D\u017eeikob\u0105 pasiek\u0119s paslaptingas senelio paliktas lai\u0161kas \u2013 keistenybi\u0173 pernelyg daug, kad gal\u0117tum numoti ranka. Ir D\u017eeikobas i\u0161siruo\u0161ia \u012f kelion\u0119 \u2013 \u012f ma\u017eyt\u0119 salel\u0119 prie Velso krant\u0173. Kadaise ten veik\u0117 panel\u0117s Peregrin\u0117s ypating\u0173 vaik\u0173 namai \u2013 juose ir u\u017eaugo jo senelis. Ir jeigu D\u017eeikobui kur nors lemta atskleisti senelio paslaptis \u2013 tai tik ten...\",\"breadcrumb\":{\"@id\":\"https:\/\/skaitytaknyga.lt\/produktas\/ransom-riggs-ypatingu-vaiku-namai\/#breadcrumb\"},\"inLanguage\":\"en-GB\",\"potentialAction\":[{\"@type\":\"ReadAction\",\"target\":[\"https:\/\/skaitytaknyga.lt\/produktas\/ransom-riggs-ypatingu-vaiku-namai\/\"]}]},{\"@type\":\"ImageObject\",\"inLanguage\":\"en-GB\",\"@id\":\"https:\/\/skaitytaknyga.lt\/produktas\/ransom-riggs-ypatingu-vaiku-namai\/#primaryimage\",\"url\":\"https:\/\/skaitytaknyga.lt\/wp-content\/uploads\/2024\/06\/ypatingu-vaiku-namai.jpg\",\"contentUrl\":\"https:\/\/skaitytaknyga.lt\/wp-content\/uploads\/2024\/06\/ypatingu-vaiku-namai.jpg\",\"width\":394,\"height\":591},{\"@type\":\"BreadcrumbList\",\"@id\":\"https:\/\/skaitytaknyga.lt\/produktas\/ransom-riggs-ypatingu-vaiku-namai\/#breadcrumb\",\"itemListElement\":[{\"@type\":\"ListItem\",\"position\":1,\"name\":\"Home\",\"item\":\"https:\/\/skaitytaknyga.lt\/\"},{\"@type\":\"ListItem\",\"position\":2,\"name\":\"Parduotuv\u0117\",\"item\":\"https:\/\/skaitytaknyga.lt\/knygu-parduotuve\/\"},{\"@type\":\"ListItem\",\"position\":3,\"name\":\"Ransom Riggs \u201eYpating\u0173 vaik\u0173 namai\u201c\"}]},{\"@type\":\"WebSite\",\"@id\":\"https:\/\/skaitytaknyga.lt\/#website\",\"url\":\"https:\/\/skaitytaknyga.lt\/\",\"name\":\"skaitytaknyga.lt\",\"description\":\"Skaitytaknyga.lt \u2013 tai ma\u017eas \u0161eimos verslas, kuris prasid\u0117jo nuo meil\u0117s knygoms ir siekio i\u0161gelb\u0117ti knygas nuo likimo prie konteinerio. Kas vienam nereikalingas daiktas \u2013 kitam lobis, o mes esame tarpininkai, kurie padeda abiems tapti laimingesniems ???? \u017dinome kaip nelengva i\u0161gyventi ma\u017eiems verslams, tad nuo \u0161iol, \u010dia rasite ir kit\u0173, ma\u017e\u0173 \u0161eim\u0173 versl\u0173, rank\u0173 darbo, dovan\u0173 sau ir artimiesiems.\",\"publisher\":{\"@id\":\"https:\/\/skaitytaknyga.lt\/#organization\"},\"potentialAction\":[{\"@type\":\"SearchAction\",\"target\":{\"@type\":\"EntryPoint\",\"urlTemplate\":\"https:\/\/skaitytaknyga.lt\/?s={search_term_string}\"},\"query-input\":{\"@type\":\"PropertyValueSpecification\",\"valueRequired\":true,\"valueName\":\"search_term_string\"}}],\"inLanguage\":\"en-GB\"},{\"@type\":\"Organization\",\"@id\":\"https:\/\/skaitytaknyga.lt\/#organization\",\"name\":\"skaitytaknyga.lt\",\"url\":\"https:\/\/skaitytaknyga.lt\/\",\"logo\":{\"@type\":\"ImageObject\",\"inLanguage\":\"en-GB\",\"@id\":\"https:\/\/skaitytaknyga.lt\/#\/schema\/logo\/image\/\",\"url\":\"https:\/\/skaitytaknyga.lt\/wp-content\/uploads\/2024\/05\/cropped-cropped-cropped-02_00843_jt3bggkj1j3HLc7SyY6rEUpg.jpeg\",\"contentUrl\":\"https:\/\/skaitytaknyga.lt\/wp-content\/uploads\/2024\/05\/cropped-cropped-cropped-02_00843_jt3bggkj1j3HLc7SyY6rEUpg.jpeg\",\"width\":1600,\"height\":1600,\"caption\":\"skaitytaknyga.lt\"},\"image\":{\"@id\":\"https:\/\/skaitytaknyga.lt\/#\/schema\/logo\/image\/\"},\"sameAs\":[\"https:\/\/www.facebook.com\/skaitytaknyga\/\"]}]}<\/script>\n<!-- \/ Yoast SEO plugin. -->","yoast_head_json":{"title":"\u201eYpating\u0173 vaik\u0173 namai\u201c","description":"\u0160e\u0161iolikametis D\u017eeikobas Portmanas n\u0117 kiek neabejojo, kad jo gyvenimas yra ir bus niekuo neypatingas. B\u016bdamas ma\u017eas, jis nepaprastai \u017eav\u0117josi savo seneliu, jo nuotyki\u0173 kupinu gyvenimu, kvap\u0105 gniau\u017eian\u010diomis istorijomis apie pabaisas ir ypatingus vaikus. Bet D\u017eeikobas u\u017eaugo, senelio pasakojimai jam jau atrod\u0117 tik pramanai, kuriais net g\u0117dijosi tik\u0117j\u0119s, o keistos senos nuotraukos \u2013 tik klastot\u0117s.  Ta\u010diau at\u0117jo diena, kai niekuo neypatingas D\u017eeikobo gyvenimas apvirto auk\u0161tyn kojom.  Senelis bijojo pabais\u0173. Senelis pyko, kad i\u0161 jo atimti ginklai. Ir vien\u0105 dien\u0105, nuskub\u0117j\u0119s jo aplankyti, D\u017eeikobas rado senel\u012f\u2026 sunkiai su\u017eeist\u0105.  Tada akimoju pasikeit\u0117 viskas. Paskutiniai senelio \u017eod\u017eiai, mi\u0161ke \u0161m\u0117k\u0161tel\u0117jusi pam\u0117kl\u0117, D\u017eeikob\u0105 pasiek\u0119s paslaptingas senelio paliktas lai\u0161kas \u2013 keistenybi\u0173 pernelyg daug, kad gal\u0117tum numoti ranka.  Ir D\u017eeikobas i\u0161siruo\u0161ia \u012f kelion\u0119 \u2013 \u012f ma\u017eyt\u0119 salel\u0119 prie Velso krant\u0173. Kadaise ten veik\u0117 panel\u0117s Peregrin\u0117s ypating\u0173 vaik\u0173 namai \u2013 juose ir u\u017eaugo jo senelis. Ir jeigu D\u017eeikobui kur nors lemta atskleisti senelio paslaptis \u2013 tai tik ten...","robots":{"index":"index","follow":"follow","max-snippet":"max-snippet:-1","max-image-preview":"max-image-preview:large","max-video-preview":"max-video-preview:-1"},"canonical":"https:\/\/skaitytaknyga.lt\/en\/produktas\/ransom-riggs-ypatingu-vaiku-namai\/","og_locale":"en_GB","og_type":"article","og_title":"\u201eYpating\u0173 vaik\u0173 namai\u201c","og_description":"\u0160e\u0161iolikametis D\u017eeikobas Portmanas n\u0117 kiek neabejojo, kad jo gyvenimas yra ir bus niekuo neypatingas. B\u016bdamas ma\u017eas, jis nepaprastai \u017eav\u0117josi savo seneliu, jo nuotyki\u0173 kupinu gyvenimu, kvap\u0105 gniau\u017eian\u010diomis istorijomis apie pabaisas ir ypatingus vaikus. Bet D\u017eeikobas u\u017eaugo, senelio pasakojimai jam jau atrod\u0117 tik pramanai, kuriais net g\u0117dijosi tik\u0117j\u0119s, o keistos senos nuotraukos \u2013 tik klastot\u0117s.  Ta\u010diau at\u0117jo diena, kai niekuo neypatingas D\u017eeikobo gyvenimas apvirto auk\u0161tyn kojom.  Senelis bijojo pabais\u0173. Senelis pyko, kad i\u0161 jo atimti ginklai. Ir vien\u0105 dien\u0105, nuskub\u0117j\u0119s jo aplankyti, D\u017eeikobas rado senel\u012f\u2026 sunkiai su\u017eeist\u0105.  Tada akimoju pasikeit\u0117 viskas. Paskutiniai senelio \u017eod\u017eiai, mi\u0161ke \u0161m\u0117k\u0161tel\u0117jusi pam\u0117kl\u0117, D\u017eeikob\u0105 pasiek\u0119s paslaptingas senelio paliktas lai\u0161kas \u2013 keistenybi\u0173 pernelyg daug, kad gal\u0117tum numoti ranka.  Ir D\u017eeikobas i\u0161siruo\u0161ia \u012f kelion\u0119 \u2013 \u012f ma\u017eyt\u0119 salel\u0119 prie Velso krant\u0173. Kadaise ten veik\u0117 panel\u0117s Peregrin\u0117s ypating\u0173 vaik\u0173 namai \u2013 juose ir u\u017eaugo jo senelis. Ir jeigu D\u017eeikobui kur nors lemta atskleisti senelio paslaptis \u2013 tai tik ten...","og_url":"https:\/\/skaitytaknyga.lt\/en\/produktas\/ransom-riggs-ypatingu-vaiku-namai\/","og_site_name":"Skaitytaknyga","article_publisher":"https:\/\/www.facebook.com\/skaitytaknyga\/","article_modified_time":"2026-03-05T11:50:53+00:00","og_image":[{"width":394,"height":591,"url":"https:\/\/skaitytaknyga.lt\/wp-content\/uploads\/2024\/06\/ypatingu-vaiku-namai.jpg","type":"image\/jpeg"}],"twitter_card":"summary_large_image","schema":{"@context":"https:\/\/schema.org","@graph":[{"@type":"WebPage","@id":"https:\/\/skaitytaknyga.lt\/produktas\/ransom-riggs-ypatingu-vaiku-namai\/","url":"https:\/\/skaitytaknyga.lt\/produktas\/ransom-riggs-ypatingu-vaiku-namai\/","name":"\u201eYpating\u0173 vaik\u0173 namai\u201c","isPartOf":{"@id":"https:\/\/skaitytaknyga.lt\/#website"},"primaryImageOfPage":{"@id":"https:\/\/skaitytaknyga.lt\/produktas\/ransom-riggs-ypatingu-vaiku-namai\/#primaryimage"},"image":{"@id":"https:\/\/skaitytaknyga.lt\/produktas\/ransom-riggs-ypatingu-vaiku-namai\/#primaryimage"},"thumbnailUrl":"https:\/\/skaitytaknyga.lt\/wp-content\/uploads\/2024\/06\/ypatingu-vaiku-namai.jpg","datePublished":"2024-07-10T19:45:52+00:00","dateModified":"2026-03-05T11:50:53+00:00","description":"\u0160e\u0161iolikametis D\u017eeikobas Portmanas n\u0117 kiek neabejojo, kad jo gyvenimas yra ir bus niekuo neypatingas. B\u016bdamas ma\u017eas, jis nepaprastai \u017eav\u0117josi savo seneliu, jo nuotyki\u0173 kupinu gyvenimu, kvap\u0105 gniau\u017eian\u010diomis istorijomis apie pabaisas ir ypatingus vaikus. Bet D\u017eeikobas u\u017eaugo, senelio pasakojimai jam jau atrod\u0117 tik pramanai, kuriais net g\u0117dijosi tik\u0117j\u0119s, o keistos senos nuotraukos \u2013 tik klastot\u0117s. Ta\u010diau at\u0117jo diena, kai niekuo neypatingas D\u017eeikobo gyvenimas apvirto auk\u0161tyn kojom. Senelis bijojo pabais\u0173. Senelis pyko, kad i\u0161 jo atimti ginklai. Ir vien\u0105 dien\u0105, nuskub\u0117j\u0119s jo aplankyti, D\u017eeikobas rado senel\u012f\u2026 sunkiai su\u017eeist\u0105. Tada akimoju pasikeit\u0117 viskas. Paskutiniai senelio \u017eod\u017eiai, mi\u0161ke \u0161m\u0117k\u0161tel\u0117jusi pam\u0117kl\u0117, D\u017eeikob\u0105 pasiek\u0119s paslaptingas senelio paliktas lai\u0161kas \u2013 keistenybi\u0173 pernelyg daug, kad gal\u0117tum numoti ranka. Ir D\u017eeikobas i\u0161siruo\u0161ia \u012f kelion\u0119 \u2013 \u012f ma\u017eyt\u0119 salel\u0119 prie Velso krant\u0173. Kadaise ten veik\u0117 panel\u0117s Peregrin\u0117s ypating\u0173 vaik\u0173 namai \u2013 juose ir u\u017eaugo jo senelis. Ir jeigu D\u017eeikobui kur nors lemta atskleisti senelio paslaptis \u2013 tai tik ten...","breadcrumb":{"@id":"https:\/\/skaitytaknyga.lt\/produktas\/ransom-riggs-ypatingu-vaiku-namai\/#breadcrumb"},"inLanguage":"en-GB","potentialAction":[{"@type":"ReadAction","target":["https:\/\/skaitytaknyga.lt\/produktas\/ransom-riggs-ypatingu-vaiku-namai\/"]}]},{"@type":"ImageObject","inLanguage":"en-GB","@id":"https:\/\/skaitytaknyga.lt\/produktas\/ransom-riggs-ypatingu-vaiku-namai\/#primaryimage","url":"https:\/\/skaitytaknyga.lt\/wp-content\/uploads\/2024\/06\/ypatingu-vaiku-namai.jpg","contentUrl":"https:\/\/skaitytaknyga.lt\/wp-content\/uploads\/2024\/06\/ypatingu-vaiku-namai.jpg","width":394,"height":591},{"@type":"BreadcrumbList","@id":"https:\/\/skaitytaknyga.lt\/produktas\/ransom-riggs-ypatingu-vaiku-namai\/#breadcrumb","itemListElement":[{"@type":"ListItem","position":1,"name":"Home","item":"https:\/\/skaitytaknyga.lt\/"},{"@type":"ListItem","position":2,"name":"Parduotuv\u0117","item":"https:\/\/skaitytaknyga.lt\/knygu-parduotuve\/"},{"@type":"ListItem","position":3,"name":"Ransom Riggs \u201eYpating\u0173 vaik\u0173 namai\u201c"}]},{"@type":"WebSite","@id":"https:\/\/skaitytaknyga.lt\/#website","url":"https:\/\/skaitytaknyga.lt\/","name":"skaitytaknyga.lt","description":"Skaitytaknyga.lt \u2013 tai ma\u017eas \u0161eimos verslas, kuris prasid\u0117jo nuo meil\u0117s knygoms ir siekio i\u0161gelb\u0117ti knygas nuo likimo prie konteinerio. Kas vienam nereikalingas daiktas \u2013 kitam lobis, o mes esame tarpininkai, kurie padeda abiems tapti laimingesniems ???? \u017dinome kaip nelengva i\u0161gyventi ma\u017eiems verslams, tad nuo \u0161iol, \u010dia rasite ir kit\u0173, ma\u017e\u0173 \u0161eim\u0173 versl\u0173, rank\u0173 darbo, dovan\u0173 sau ir artimiesiems.","publisher":{"@id":"https:\/\/skaitytaknyga.lt\/#organization"},"potentialAction":[{"@type":"SearchAction","target":{"@type":"EntryPoint","urlTemplate":"https:\/\/skaitytaknyga.lt\/?s={search_term_string}"},"query-input":{"@type":"PropertyValueSpecification","valueRequired":true,"valueName":"search_term_string"}}],"inLanguage":"en-GB"},{"@type":"Organization","@id":"https:\/\/skaitytaknyga.lt\/#organization","name":"skaitytaknyga.lt","url":"https:\/\/skaitytaknyga.lt\/","logo":{"@type":"ImageObject","inLanguage":"en-GB","@id":"https:\/\/skaitytaknyga.lt\/#\/schema\/logo\/image\/","url":"https:\/\/skaitytaknyga.lt\/wp-content\/uploads\/2024\/05\/cropped-cropped-cropped-02_00843_jt3bggkj1j3HLc7SyY6rEUpg.jpeg","contentUrl":"https:\/\/skaitytaknyga.lt\/wp-content\/uploads\/2024\/05\/cropped-cropped-cropped-02_00843_jt3bggkj1j3HLc7SyY6rEUpg.jpeg","width":1600,"height":1600,"caption":"skaitytaknyga.lt"},"image":{"@id":"https:\/\/skaitytaknyga.lt\/#\/schema\/logo\/image\/"},"sameAs":["https:\/\/www.facebook.com\/skaitytaknyga\/"]}]}},"_links":{"self":[{"href":"https:\/\/skaitytaknyga.lt\/en\/wp-json\/wp\/v2\/product\/12011","targetHints":{"allow":["GET"]}}],"collection":[{"href":"https:\/\/skaitytaknyga.lt\/en\/wp-json\/wp\/v2\/product"}],"about":[{"href":"https:\/\/skaitytaknyga.lt\/en\/wp-json\/wp\/v2\/types\/product"}],"replies":[{"embeddable":true,"href":"https:\/\/skaitytaknyga.lt\/en\/wp-json\/wp\/v2\/comments?post=12011"}],"wp:featuredmedia":[{"embeddable":true,"href":"https:\/\/skaitytaknyga.lt\/en\/wp-json\/wp\/v2\/media\/12012"}],"wp:attachment":[{"href":"https:\/\/skaitytaknyga.lt\/en\/wp-json\/wp\/v2\/media?parent=12011"}],"wp:term":[{"taxonomy":"product_brand","embeddable":true,"href":"https:\/\/skaitytaknyga.lt\/en\/wp-json\/wp\/v2\/product_brand?post=12011"},{"taxonomy":"product_cat","embeddable":true,"href":"https:\/\/skaitytaknyga.lt\/en\/wp-json\/wp\/v2\/product_cat?post=12011"},{"taxonomy":"product_tag","embeddable":true,"href":"https:\/\/skaitytaknyga.lt\/en\/wp-json\/wp\/v2\/product_tag?post=12011"}],"curies":[{"name":"wp","href":"https:\/\/api.w.org\/{rel}","templated":true}]}}