{"id":11870,"date":"2022-05-29T07:04:49","date_gmt":"2022-05-29T07:04:49","guid":{"rendered":"https:\/\/skaitytaknyga.lt\/?post_type=product&#038;p=11870"},"modified":"2024-05-29T07:30:07","modified_gmt":"2024-05-29T07:30:07","slug":"krikstynu-zaidimas-i-ka-as-panasi-i-ka-as-panasus","status":"publish","type":"product","link":"https:\/\/skaitytaknyga.lt\/en\/produktas\/krikstynu-zaidimas-i-ka-as-panasi-i-ka-as-panasus\/","title":{"rendered":"Krik\u0161tyn\u0173 \u017eaidimas \u201e\u012e k\u0105 a\u0161 pana\u0161i?\u201c\/ \u201e\u012e k\u0105 a\u0161 pana\u0161us?\u201c"},"content":{"rendered":"","protected":false},"excerpt":{"rendered":"<p>Komplekte 16vnt, 5\u00d77cm dyd\u017eio korteli\u0173. Smagus \u017eaidimas krik\u0161tynoms. Galima rinktis mergaiti\u0161k\u0105 ir berniuki\u0161k\u0105 dizain\u0105.<\/p>\n","protected":false},"featured_media":0,"comment_status":"open","ping_status":"closed","template":"","meta":{"_acf_changed":false,"site-sidebar-layout":"default","site-content-layout":"","ast-site-content-layout":"default","site-content-style":"default","site-sidebar-style":"default","ast-global-header-display":"","ast-banner-title-visibility":"","ast-main-header-display":"","ast-hfb-above-header-display":"","ast-hfb-below-header-display":"","ast-hfb-mobile-header-display":"","site-post-title":"","ast-breadcrumbs-content":"","ast-featured-img":"","footer-sml-layout":"","ast-disable-related-posts":"","theme-transparent-header-meta":"","adv-header-id-meta":"","stick-header-meta":"","header-above-stick-meta":"","header-main-stick-meta":"","header-below-stick-meta":"","astra-migrate-meta-layouts":"default","ast-page-background-enabled":"default","ast-page-background-meta":{"desktop":{"background-color":"","background-image":"","background-repeat":"repeat","background-position":"center center","background-size":"auto","background-attachment":"scroll","background-type":"","background-media":"","overlay-type":"","overlay-color":"","overlay-opacity":"","overlay-gradient":""},"tablet":{"background-color":"","background-image":"","background-repeat":"repeat","background-position":"center center","background-size":"auto","background-attachment":"scroll","background-type":"","background-media":"","overlay-type":"","overlay-color":"","overlay-opacity":"","overlay-gradient":""},"mobile":{"background-color":"","background-image":"","background-repeat":"repeat","background-position":"center center","background-size":"auto","background-attachment":"scroll","background-type":"","background-media":"","overlay-type":"","overlay-color":"","overlay-opacity":"","overlay-gradient":""}},"ast-content-background-meta":{"desktop":{"background-color":"var(--ast-global-color-4)","background-image":"","background-repeat":"repeat","background-position":"center center","background-size":"auto","background-attachment":"scroll","background-type":"","background-media":"","overlay-type":"","overlay-color":"","overlay-opacity":"","overlay-gradient":""},"tablet":{"background-color":"var(--ast-global-color-4)","background-image":"","background-repeat":"repeat","background-position":"center center","background-size":"auto","background-attachment":"scroll","background-type":"","background-media":"","overlay-type":"","overlay-color":"","overlay-opacity":"","overlay-gradient":""},"mobile":{"background-color":"var(--ast-global-color-4)","background-image":"","background-repeat":"repeat","background-position":"center center","background-size":"auto","background-attachment":"scroll","background-type":"","background-media":"","overlay-type":"","overlay-color":"","overlay-opacity":"","overlay-gradient":""}}},"product_brand":[],"product_cat":[15],"product_tag":[],"class_list":{"0":"post-11870","1":"product","2":"type-product","3":"status-publish","5":"product_cat-uncategorized","6":"desktop-align-left","7":"tablet-align-left","8":"mobile-align-left","10":"first","11":"instock","12":"shipping-taxable","13":"purchasable","14":"product-type-variable"},"acf":[],"yoast_head":"<!-- This site is optimized with the Yoast SEO plugin v27.0 - https:\/\/yoast.com\/product\/yoast-seo-wordpress\/ -->\n<title>Krik\u0161tyn\u0173 \u017eaidimas \u201e\u012e k\u0105 a\u0161 pana\u0161i?\u201c\/ \u201e\u012e k\u0105 a\u0161 pana\u0161us?\u201c - Skaitytaknyga<\/title>\n<meta name=\"description\" content=\"Komplekte 16vnt, 5\u00d77cm dyd\u017eio korteli\u0173. Smagus \u017eaidimas krik\u0161tynoms. Galima rinktis mergaiti\u0161k\u0105 ir berniuki\u0161k\u0105 dizain\u0105.\" \/>\n<meta name=\"robots\" content=\"index, follow, max-snippet:-1, max-image-preview:large, max-video-preview:-1\" \/>\n<link rel=\"canonical\" href=\"https:\/\/skaitytaknyga.lt\/en\/produktas\/krikstynu-zaidimas-i-ka-as-panasi-i-ka-as-panasus\/\" \/>\n<meta property=\"og:locale\" content=\"en_GB\" \/>\n<meta property=\"og:locale:alternate\" content=\"lt_LT\" \/>\n<meta property=\"og:type\" content=\"article\" \/>\n<meta property=\"og:title\" content=\"Krik\u0161tyn\u0173 \u017eaidimas \u201e\u012e k\u0105 a\u0161 pana\u0161i?\u201c\/ \u201e\u012e k\u0105 a\u0161 pana\u0161us?\u201c - Skaitytaknyga\" \/>\n<meta property=\"og:description\" content=\"Komplekte 16vnt, 5\u00d77cm dyd\u017eio korteli\u0173. Smagus \u017eaidimas krik\u0161tynoms. Galima rinktis mergaiti\u0161k\u0105 ir berniuki\u0161k\u0105 dizain\u0105.\" \/>\n<meta property=\"og:url\" content=\"https:\/\/skaitytaknyga.lt\/en\/produktas\/krikstynu-zaidimas-i-ka-as-panasi-i-ka-as-panasus\/\" \/>\n<meta property=\"og:site_name\" content=\"Skaitytaknyga\" \/>\n<meta property=\"article:publisher\" content=\"https:\/\/www.facebook.com\/skaitytaknyga\/\" \/>\n<meta property=\"article:modified_time\" content=\"2024-05-29T07:30:07+00:00\" \/>\n<meta property=\"og:image\" content=\"https:\/\/skaitytaknyga.lt\/wp-content\/uploads\/2024\/05\/20240412_142257-scaled.jpg\" \/>\n\t<meta property=\"og:image:width\" content=\"2560\" \/>\n\t<meta property=\"og:image:height\" content=\"2560\" \/>\n\t<meta property=\"og:image:type\" content=\"image\/jpeg\" \/>\n<meta name=\"twitter:card\" content=\"summary_large_image\" \/>\n<script type=\"application\/ld+json\" class=\"yoast-schema-graph\">{\"@context\":\"https:\/\/schema.org\",\"@graph\":[{\"@type\":\"WebPage\",\"@id\":\"https:\/\/skaitytaknyga.lt\/produktas\/krikstynu-zaidimas-i-ka-as-panasi-i-ka-as-panasus\/\",\"url\":\"https:\/\/skaitytaknyga.lt\/produktas\/krikstynu-zaidimas-i-ka-as-panasi-i-ka-as-panasus\/\",\"name\":\"Krik\u0161tyn\u0173 \u017eaidimas \u201e\u012e k\u0105 a\u0161 pana\u0161i?\u201c\/ \u201e\u012e k\u0105 a\u0161 pana\u0161us?\u201c - Skaitytaknyga\",\"isPartOf\":{\"@id\":\"https:\/\/skaitytaknyga.lt\/#website\"},\"datePublished\":\"2022-05-29T07:04:49+00:00\",\"dateModified\":\"2024-05-29T07:30:07+00:00\",\"description\":\"Komplekte 16vnt, 5\u00d77cm dyd\u017eio korteli\u0173. Smagus \u017eaidimas krik\u0161tynoms. Galima rinktis mergaiti\u0161k\u0105 ir berniuki\u0161k\u0105 dizain\u0105.\",\"breadcrumb\":{\"@id\":\"https:\/\/skaitytaknyga.lt\/produktas\/krikstynu-zaidimas-i-ka-as-panasi-i-ka-as-panasus\/#breadcrumb\"},\"inLanguage\":\"en-GB\",\"potentialAction\":[{\"@type\":\"ReadAction\",\"target\":[\"https:\/\/skaitytaknyga.lt\/produktas\/krikstynu-zaidimas-i-ka-as-panasi-i-ka-as-panasus\/\"]}]},{\"@type\":\"BreadcrumbList\",\"@id\":\"https:\/\/skaitytaknyga.lt\/produktas\/krikstynu-zaidimas-i-ka-as-panasi-i-ka-as-panasus\/#breadcrumb\",\"itemListElement\":[{\"@type\":\"ListItem\",\"position\":1,\"name\":\"Home\",\"item\":\"https:\/\/skaitytaknyga.lt\/\"},{\"@type\":\"ListItem\",\"position\":2,\"name\":\"Parduotuv\u0117\",\"item\":\"https:\/\/skaitytaknyga.lt\/knygu-parduotuve\/\"},{\"@type\":\"ListItem\",\"position\":3,\"name\":\"Krik\u0161tyn\u0173 \u017eaidimas \u201e\u012e k\u0105 a\u0161 pana\u0161i?\u201c\/ \u201e\u012e k\u0105 a\u0161 pana\u0161us?\u201c\"}]},{\"@type\":\"WebSite\",\"@id\":\"https:\/\/skaitytaknyga.lt\/#website\",\"url\":\"https:\/\/skaitytaknyga.lt\/\",\"name\":\"skaitytaknyga.lt\",\"description\":\"Skaitytaknyga.lt \u2013 tai ma\u017eas \u0161eimos verslas, kuris prasid\u0117jo nuo meil\u0117s knygoms ir siekio i\u0161gelb\u0117ti knygas nuo likimo prie konteinerio. Kas vienam nereikalingas daiktas \u2013 kitam lobis, o mes esame tarpininkai, kurie padeda abiems tapti laimingesniems ???? \u017dinome kaip nelengva i\u0161gyventi ma\u017eiems verslams, tad nuo \u0161iol, \u010dia rasite ir kit\u0173, ma\u017e\u0173 \u0161eim\u0173 versl\u0173, rank\u0173 darbo, dovan\u0173 sau ir artimiesiems.\",\"publisher\":{\"@id\":\"https:\/\/skaitytaknyga.lt\/#organization\"},\"potentialAction\":[{\"@type\":\"SearchAction\",\"target\":{\"@type\":\"EntryPoint\",\"urlTemplate\":\"https:\/\/skaitytaknyga.lt\/?s={search_term_string}\"},\"query-input\":{\"@type\":\"PropertyValueSpecification\",\"valueRequired\":true,\"valueName\":\"search_term_string\"}}],\"inLanguage\":\"en-GB\"},{\"@type\":\"Organization\",\"@id\":\"https:\/\/skaitytaknyga.lt\/#organization\",\"name\":\"skaitytaknyga.lt\",\"url\":\"https:\/\/skaitytaknyga.lt\/\",\"logo\":{\"@type\":\"ImageObject\",\"inLanguage\":\"en-GB\",\"@id\":\"https:\/\/skaitytaknyga.lt\/#\/schema\/logo\/image\/\",\"url\":\"https:\/\/skaitytaknyga.lt\/wp-content\/uploads\/2024\/05\/cropped-cropped-cropped-02_00843_jt3bggkj1j3HLc7SyY6rEUpg.jpeg\",\"contentUrl\":\"https:\/\/skaitytaknyga.lt\/wp-content\/uploads\/2024\/05\/cropped-cropped-cropped-02_00843_jt3bggkj1j3HLc7SyY6rEUpg.jpeg\",\"width\":1600,\"height\":1600,\"caption\":\"skaitytaknyga.lt\"},\"image\":{\"@id\":\"https:\/\/skaitytaknyga.lt\/#\/schema\/logo\/image\/\"},\"sameAs\":[\"https:\/\/www.facebook.com\/skaitytaknyga\/\"]}]}<\/script>\n<!-- \/ Yoast SEO plugin. -->","yoast_head_json":{"title":"Krik\u0161tyn\u0173 \u017eaidimas \u201e\u012e k\u0105 a\u0161 pana\u0161i?\u201c\/ \u201e\u012e k\u0105 a\u0161 pana\u0161us?\u201c - Skaitytaknyga","description":"Komplekte 16vnt, 5\u00d77cm dyd\u017eio korteli\u0173. Smagus \u017eaidimas krik\u0161tynoms. Galima rinktis mergaiti\u0161k\u0105 ir berniuki\u0161k\u0105 dizain\u0105.","robots":{"index":"index","follow":"follow","max-snippet":"max-snippet:-1","max-image-preview":"max-image-preview:large","max-video-preview":"max-video-preview:-1"},"canonical":"https:\/\/skaitytaknyga.lt\/en\/produktas\/krikstynu-zaidimas-i-ka-as-panasi-i-ka-as-panasus\/","og_locale":"en_GB","og_type":"article","og_title":"Krik\u0161tyn\u0173 \u017eaidimas \u201e\u012e k\u0105 a\u0161 pana\u0161i?\u201c\/ \u201e\u012e k\u0105 a\u0161 pana\u0161us?\u201c - Skaitytaknyga","og_description":"Komplekte 16vnt, 5\u00d77cm dyd\u017eio korteli\u0173. Smagus \u017eaidimas krik\u0161tynoms. Galima rinktis mergaiti\u0161k\u0105 ir berniuki\u0161k\u0105 dizain\u0105.","og_url":"https:\/\/skaitytaknyga.lt\/en\/produktas\/krikstynu-zaidimas-i-ka-as-panasi-i-ka-as-panasus\/","og_site_name":"Skaitytaknyga","article_publisher":"https:\/\/www.facebook.com\/skaitytaknyga\/","article_modified_time":"2024-05-29T07:30:07+00:00","og_image":[{"width":2560,"height":2560,"url":"https:\/\/skaitytaknyga.lt\/wp-content\/uploads\/2024\/05\/20240412_142257-scaled.jpg","type":"image\/jpeg"}],"twitter_card":"summary_large_image","schema":{"@context":"https:\/\/schema.org","@graph":[{"@type":"WebPage","@id":"https:\/\/skaitytaknyga.lt\/produktas\/krikstynu-zaidimas-i-ka-as-panasi-i-ka-as-panasus\/","url":"https:\/\/skaitytaknyga.lt\/produktas\/krikstynu-zaidimas-i-ka-as-panasi-i-ka-as-panasus\/","name":"Krik\u0161tyn\u0173 \u017eaidimas \u201e\u012e k\u0105 a\u0161 pana\u0161i?\u201c\/ \u201e\u012e k\u0105 a\u0161 pana\u0161us?\u201c - Skaitytaknyga","isPartOf":{"@id":"https:\/\/skaitytaknyga.lt\/#website"},"datePublished":"2022-05-29T07:04:49+00:00","dateModified":"2024-05-29T07:30:07+00:00","description":"Komplekte 16vnt, 5\u00d77cm dyd\u017eio korteli\u0173. Smagus \u017eaidimas krik\u0161tynoms. Galima rinktis mergaiti\u0161k\u0105 ir berniuki\u0161k\u0105 dizain\u0105.","breadcrumb":{"@id":"https:\/\/skaitytaknyga.lt\/produktas\/krikstynu-zaidimas-i-ka-as-panasi-i-ka-as-panasus\/#breadcrumb"},"inLanguage":"en-GB","potentialAction":[{"@type":"ReadAction","target":["https:\/\/skaitytaknyga.lt\/produktas\/krikstynu-zaidimas-i-ka-as-panasi-i-ka-as-panasus\/"]}]},{"@type":"BreadcrumbList","@id":"https:\/\/skaitytaknyga.lt\/produktas\/krikstynu-zaidimas-i-ka-as-panasi-i-ka-as-panasus\/#breadcrumb","itemListElement":[{"@type":"ListItem","position":1,"name":"Home","item":"https:\/\/skaitytaknyga.lt\/"},{"@type":"ListItem","position":2,"name":"Parduotuv\u0117","item":"https:\/\/skaitytaknyga.lt\/knygu-parduotuve\/"},{"@type":"ListItem","position":3,"name":"Krik\u0161tyn\u0173 \u017eaidimas \u201e\u012e k\u0105 a\u0161 pana\u0161i?\u201c\/ \u201e\u012e k\u0105 a\u0161 pana\u0161us?\u201c"}]},{"@type":"WebSite","@id":"https:\/\/skaitytaknyga.lt\/#website","url":"https:\/\/skaitytaknyga.lt\/","name":"skaitytaknyga.lt","description":"Skaitytaknyga.lt \u2013 tai ma\u017eas \u0161eimos verslas, kuris prasid\u0117jo nuo meil\u0117s knygoms ir siekio i\u0161gelb\u0117ti knygas nuo likimo prie konteinerio. Kas vienam nereikalingas daiktas \u2013 kitam lobis, o mes esame tarpininkai, kurie padeda abiems tapti laimingesniems ???? \u017dinome kaip nelengva i\u0161gyventi ma\u017eiems verslams, tad nuo \u0161iol, \u010dia rasite ir kit\u0173, ma\u017e\u0173 \u0161eim\u0173 versl\u0173, rank\u0173 darbo, dovan\u0173 sau ir artimiesiems.","publisher":{"@id":"https:\/\/skaitytaknyga.lt\/#organization"},"potentialAction":[{"@type":"SearchAction","target":{"@type":"EntryPoint","urlTemplate":"https:\/\/skaitytaknyga.lt\/?s={search_term_string}"},"query-input":{"@type":"PropertyValueSpecification","valueRequired":true,"valueName":"search_term_string"}}],"inLanguage":"en-GB"},{"@type":"Organization","@id":"https:\/\/skaitytaknyga.lt\/#organization","name":"skaitytaknyga.lt","url":"https:\/\/skaitytaknyga.lt\/","logo":{"@type":"ImageObject","inLanguage":"en-GB","@id":"https:\/\/skaitytaknyga.lt\/#\/schema\/logo\/image\/","url":"https:\/\/skaitytaknyga.lt\/wp-content\/uploads\/2024\/05\/cropped-cropped-cropped-02_00843_jt3bggkj1j3HLc7SyY6rEUpg.jpeg","contentUrl":"https:\/\/skaitytaknyga.lt\/wp-content\/uploads\/2024\/05\/cropped-cropped-cropped-02_00843_jt3bggkj1j3HLc7SyY6rEUpg.jpeg","width":1600,"height":1600,"caption":"skaitytaknyga.lt"},"image":{"@id":"https:\/\/skaitytaknyga.lt\/#\/schema\/logo\/image\/"},"sameAs":["https:\/\/www.facebook.com\/skaitytaknyga\/"]}]}},"_links":{"self":[{"href":"https:\/\/skaitytaknyga.lt\/en\/wp-json\/wp\/v2\/product\/11870","targetHints":{"allow":["GET"]}}],"collection":[{"href":"https:\/\/skaitytaknyga.lt\/en\/wp-json\/wp\/v2\/product"}],"about":[{"href":"https:\/\/skaitytaknyga.lt\/en\/wp-json\/wp\/v2\/types\/product"}],"replies":[{"embeddable":true,"href":"https:\/\/skaitytaknyga.lt\/en\/wp-json\/wp\/v2\/comments?post=11870"}],"wp:attachment":[{"href":"https:\/\/skaitytaknyga.lt\/en\/wp-json\/wp\/v2\/media?parent=11870"}],"wp:term":[{"taxonomy":"product_brand","embeddable":true,"href":"https:\/\/skaitytaknyga.lt\/en\/wp-json\/wp\/v2\/product_brand?post=11870"},{"taxonomy":"product_cat","embeddable":true,"href":"https:\/\/skaitytaknyga.lt\/en\/wp-json\/wp\/v2\/product_cat?post=11870"},{"taxonomy":"product_tag","embeddable":true,"href":"https:\/\/skaitytaknyga.lt\/en\/wp-json\/wp\/v2\/product_tag?post=11870"}],"curies":[{"name":"wp","href":"https:\/\/api.w.org\/{rel}","templated":true}]}}