{"id":11830,"date":"2024-05-23T10:22:51","date_gmt":"2024-05-23T10:22:51","guid":{"rendered":"https:\/\/skaitytaknyga.lt\/?post_type=product&#038;p=11830"},"modified":"2024-06-29T22:33:34","modified_gmt":"2024-06-29T19:33:34","slug":"steve-harvey-denene-millner-ko-nori-vyrai","status":"publish","type":"product","link":"https:\/\/skaitytaknyga.lt\/en\/produktas\/steve-harvey-denene-millner-ko-nori-vyrai\/","title":{"rendered":"Steve Harvey, Denene Millner \u201eKo nori vyrai\u201c"},"content":{"rendered":"","protected":false},"excerpt":{"rendered":"<p>Svarbiausias j\u016bs\u0173 ginklas \u2013 bendravimas ir viltis pakeisti savo vyr\u0105 \u2013 yra blogiausias ir labiausiai i\u0161 vis\u0173 pasmerktas nes\u0117kmei. Kod\u0117l? Tod\u0117l, kad nesvarbu, k\u0105 \u0161aukia kitos moterys nuo \u017eurnal\u0173 vir\u0161eli\u0173, kalba televizijos pokalbi\u0173 laidose, per keliones ir dienora\u0161\u010diuose nuo \u010dia iki Timbuktu, \u2013 vyr\u0173 esmini\u0173 savybi\u0173 niekada nepakeisi. Kad ir kokia gera b\u016btum vyrui, kol neperprasi jo ir kas j\u012f u\u017edega, kas domina, kaip jis myli, tik\u0117tina, kad jis tave apgaudin\u0117s ir \u017eais su tavimi. Ta\u010diau skaitydamos \u0161i\u0105 knyg\u0105 gal\u0117site pasiknaisioti vyro m\u0105stysenoje ir geriau j\u0105 suprasti, kad \u012fgyvendintum\u0117te savo planus, savo svajones, savo tro\u0161kimus, o svarbiausia \u2013 \u012fsitikinsite, ar jo ketinimai rimti, ar tik \u017eaidimas.<\/p>\n<p>Steve\u2019as Harvey ir Denene Millner knygoje \u201eKo nori vyrai\u201c atvirai atskleid\u017eia jums, moterys, tai, ko nori vyrai. I\u0161ties yra tik trys dalykai, kuri\u0173 reikia beveik kiekvienam vyrui. Viskas yra paprasta, jei juos \u017einai ir supranti, pagal kokias taisykles vyrai \u017eaid\u017eia santykiuose.<\/p>\n<p>PERSKAITYKITE \u0160I\u0104 KNYG\u0104, JEIGU:<br \/>\n\u2022\u00a0susitikin\u0117jate su vyru ir norite \u017einoti, kaip pereiti \u012f kit\u0105 santyki\u0173 lyg\u012f;<br \/>\n\u2022\u00a0u\u017emezg\u0117te rimtus, \u012fpareigojan\u010dius santykius ir norite \u017eiedo;<br \/>\n\u2022\u00a0abejojate, ar jis bus \u0161alia, kai jums to reik\u0117s labiausiai;<br \/>\n\u2022\u00a0esate i\u0161tek\u0117jusi, norite v\u0117l pasijusti savimi ir sutvirtinti santuok\u0105;<br \/>\n\u2022\u00a0pavargote nuo to, kad su jumis elgiamasi kaip su \u017eaisliuku.<\/p>\n","protected":false},"featured_media":11831,"comment_status":"closed","ping_status":"closed","template":"","meta":{"_acf_changed":false,"site-sidebar-layout":"default","site-content-layout":"","ast-site-content-layout":"default","site-content-style":"default","site-sidebar-style":"default","ast-global-header-display":"","ast-banner-title-visibility":"","ast-main-header-display":"","ast-hfb-above-header-display":"","ast-hfb-below-header-display":"","ast-hfb-mobile-header-display":"","site-post-title":"","ast-breadcrumbs-content":"","ast-featured-img":"","footer-sml-layout":"","ast-disable-related-posts":"","theme-transparent-header-meta":"","adv-header-id-meta":"","stick-header-meta":"","header-above-stick-meta":"","header-main-stick-meta":"","header-below-stick-meta":"","astra-migrate-meta-layouts":"default","ast-page-background-enabled":"default","ast-page-background-meta":{"desktop":{"background-color":"","background-image":"","background-repeat":"repeat","background-position":"center center","background-size":"auto","background-attachment":"scroll","background-type":"","background-media":"","overlay-type":"","overlay-color":"","overlay-opacity":"","overlay-gradient":""},"tablet":{"background-color":"","background-image":"","background-repeat":"repeat","background-position":"center center","background-size":"auto","background-attachment":"scroll","background-type":"","background-media":"","overlay-type":"","overlay-color":"","overlay-opacity":"","overlay-gradient":""},"mobile":{"background-color":"","background-image":"","background-repeat":"repeat","background-position":"center center","background-size":"auto","background-attachment":"scroll","background-type":"","background-media":"","overlay-type":"","overlay-color":"","overlay-opacity":"","overlay-gradient":""}},"ast-content-background-meta":{"desktop":{"background-color":"var(--ast-global-color-4)","background-image":"","background-repeat":"repeat","background-position":"center center","background-size":"auto","background-attachment":"scroll","background-type":"","background-media":"","overlay-type":"","overlay-color":"","overlay-opacity":"","overlay-gradient":""},"tablet":{"background-color":"var(--ast-global-color-4)","background-image":"","background-repeat":"repeat","background-position":"center center","background-size":"auto","background-attachment":"scroll","background-type":"","background-media":"","overlay-type":"","overlay-color":"","overlay-opacity":"","overlay-gradient":""},"mobile":{"background-color":"var(--ast-global-color-4)","background-image":"","background-repeat":"repeat","background-position":"center center","background-size":"auto","background-attachment":"scroll","background-type":"","background-media":"","overlay-type":"","overlay-color":"","overlay-opacity":"","overlay-gradient":""}}},"product_brand":[],"product_cat":[30],"product_tag":[],"class_list":{"0":"post-11830","1":"product","2":"type-product","3":"status-publish","4":"has-post-thumbnail","6":"product_cat-psichologija-ir-saviugda","7":"desktop-align-left","8":"tablet-align-left","9":"mobile-align-left","11":"first","12":"outofstock","13":"shipping-taxable","14":"purchasable","15":"product-type-simple"},"acf":[],"yoast_head":"<!-- This site is optimized with the Yoast SEO plugin v27.0 - https:\/\/yoast.com\/product\/yoast-seo-wordpress\/ -->\n<title>Steve Harvey, Denene Millner \u201eKo nori vyrai\u201c - Skaitytaknyga<\/title>\n<meta name=\"description\" content=\"Svarbiausias j\u016bs\u0173 ginklas \u2013 bendravimas ir viltis pakeisti savo vyr\u0105 \u2013 yra blogiausias ir labiausiai i\u0161 vis\u0173 pasmerktas nes\u0117kmei. Kod\u0117l? Tod\u0117l, kad nesvarbu, k\u0105 \u0161aukia kitos moterys nuo \u017eurnal\u0173 vir\u0161eli\u0173, kalba televizijos pokalbi\u0173 laidose, per keliones ir dienora\u0161\u010diuose nuo \u010dia iki Timbuktu, \u2013 vyr\u0173 esmini\u0173 savybi\u0173 niekada nepakeisi. Kad ir kokia gera b\u016btum vyrui, kol neperprasi jo ir kas j\u012f u\u017edega, kas domina, kaip jis myli, tik\u0117tina, kad jis tave apgaudin\u0117s ir \u017eais su tavimi. Ta\u010diau skaitydamos \u0161i\u0105 knyg\u0105 gal\u0117site pasiknaisioti vyro m\u0105stysenoje ir geriau j\u0105 suprasti, kad \u012fgyvendintum\u0117te savo planus, savo svajones, savo tro\u0161kimus, o svarbiausia \u2013 \u012fsitikinsite, ar jo ketinimai rimti, ar tik \u017eaidimas.  Steve\u2019as Harvey ir Denene Millner knygoje \u201eKo nori vyrai\u201c atvirai atskleid\u017eia jums, moterys, tai, ko nori vyrai. I\u0161ties yra tik trys dalykai, kuri\u0173 reikia beveik kiekvienam vyrui. Viskas yra paprasta, jei juos \u017einai ir supranti, pagal kokias taisykles vyrai \u017eaid\u017eia santykiuose.  PERSKAITYKITE \u0160I\u0104 KNYG\u0104, JEIGU: \u2022\u00a0susitikin\u0117jate su vyru ir norite \u017einoti, kaip pereiti \u012f kit\u0105 santyki\u0173 lyg\u012f; \u2022\u00a0u\u017emezg\u0117te rimtus, \u012fpareigojan\u010dius santykius ir norite \u017eiedo; \u2022\u00a0abejojate, ar jis bus \u0161alia, kai jums to reik\u0117s labiausiai; \u2022\u00a0esate i\u0161tek\u0117jusi, norite v\u0117l pasijusti savimi ir sutvirtinti santuok\u0105; \u2022\u00a0pavargote nuo to, kad su jumis elgiamasi kaip su \u017eaisliuku.\" \/>\n<meta name=\"robots\" content=\"index, follow, max-snippet:-1, max-image-preview:large, max-video-preview:-1\" \/>\n<link rel=\"canonical\" href=\"https:\/\/skaitytaknyga.lt\/en\/produktas\/steve-harvey-denene-millner-ko-nori-vyrai\/\" \/>\n<meta property=\"og:locale\" content=\"en_GB\" \/>\n<meta property=\"og:locale:alternate\" content=\"lt_LT\" \/>\n<meta property=\"og:type\" content=\"article\" \/>\n<meta property=\"og:title\" content=\"Steve Harvey, Denene Millner \u201eKo nori vyrai\u201c - Skaitytaknyga\" \/>\n<meta property=\"og:description\" content=\"Svarbiausias j\u016bs\u0173 ginklas \u2013 bendravimas ir viltis pakeisti savo vyr\u0105 \u2013 yra blogiausias ir labiausiai i\u0161 vis\u0173 pasmerktas nes\u0117kmei. Kod\u0117l? Tod\u0117l, kad nesvarbu, k\u0105 \u0161aukia kitos moterys nuo \u017eurnal\u0173 vir\u0161eli\u0173, kalba televizijos pokalbi\u0173 laidose, per keliones ir dienora\u0161\u010diuose nuo \u010dia iki Timbuktu, \u2013 vyr\u0173 esmini\u0173 savybi\u0173 niekada nepakeisi. Kad ir kokia gera b\u016btum vyrui, kol neperprasi jo ir kas j\u012f u\u017edega, kas domina, kaip jis myli, tik\u0117tina, kad jis tave apgaudin\u0117s ir \u017eais su tavimi. Ta\u010diau skaitydamos \u0161i\u0105 knyg\u0105 gal\u0117site pasiknaisioti vyro m\u0105stysenoje ir geriau j\u0105 suprasti, kad \u012fgyvendintum\u0117te savo planus, savo svajones, savo tro\u0161kimus, o svarbiausia \u2013 \u012fsitikinsite, ar jo ketinimai rimti, ar tik \u017eaidimas.  Steve\u2019as Harvey ir Denene Millner knygoje \u201eKo nori vyrai\u201c atvirai atskleid\u017eia jums, moterys, tai, ko nori vyrai. I\u0161ties yra tik trys dalykai, kuri\u0173 reikia beveik kiekvienam vyrui. Viskas yra paprasta, jei juos \u017einai ir supranti, pagal kokias taisykles vyrai \u017eaid\u017eia santykiuose.  PERSKAITYKITE \u0160I\u0104 KNYG\u0104, JEIGU: \u2022\u00a0susitikin\u0117jate su vyru ir norite \u017einoti, kaip pereiti \u012f kit\u0105 santyki\u0173 lyg\u012f; \u2022\u00a0u\u017emezg\u0117te rimtus, \u012fpareigojan\u010dius santykius ir norite \u017eiedo; \u2022\u00a0abejojate, ar jis bus \u0161alia, kai jums to reik\u0117s labiausiai; \u2022\u00a0esate i\u0161tek\u0117jusi, norite v\u0117l pasijusti savimi ir sutvirtinti santuok\u0105; \u2022\u00a0pavargote nuo to, kad su jumis elgiamasi kaip su \u017eaisliuku.\" \/>\n<meta property=\"og:url\" content=\"https:\/\/skaitytaknyga.lt\/en\/produktas\/steve-harvey-denene-millner-ko-nori-vyrai\/\" \/>\n<meta property=\"og:site_name\" content=\"Skaitytaknyga\" \/>\n<meta property=\"article:publisher\" content=\"https:\/\/www.facebook.com\/skaitytaknyga\/\" \/>\n<meta property=\"article:modified_time\" content=\"2024-06-29T19:33:34+00:00\" \/>\n<meta property=\"og:image\" content=\"https:\/\/skaitytaknyga.lt\/wp-content\/uploads\/2024\/05\/Be-pavadinimo-49.png\" \/>\n\t<meta property=\"og:image:width\" content=\"363\" \/>\n\t<meta property=\"og:image:height\" content=\"543\" \/>\n\t<meta property=\"og:image:type\" content=\"image\/png\" \/>\n<meta name=\"twitter:card\" content=\"summary_large_image\" \/>\n<script type=\"application\/ld+json\" class=\"yoast-schema-graph\">{\"@context\":\"https:\/\/schema.org\",\"@graph\":[{\"@type\":\"WebPage\",\"@id\":\"https:\/\/skaitytaknyga.lt\/produktas\/steve-harvey-denene-millner-ko-nori-vyrai\/\",\"url\":\"https:\/\/skaitytaknyga.lt\/produktas\/steve-harvey-denene-millner-ko-nori-vyrai\/\",\"name\":\"Steve Harvey, Denene Millner \u201eKo nori vyrai\u201c - Skaitytaknyga\",\"isPartOf\":{\"@id\":\"https:\/\/skaitytaknyga.lt\/#website\"},\"primaryImageOfPage\":{\"@id\":\"https:\/\/skaitytaknyga.lt\/produktas\/steve-harvey-denene-millner-ko-nori-vyrai\/#primaryimage\"},\"image\":{\"@id\":\"https:\/\/skaitytaknyga.lt\/produktas\/steve-harvey-denene-millner-ko-nori-vyrai\/#primaryimage\"},\"thumbnailUrl\":\"https:\/\/skaitytaknyga.lt\/wp-content\/uploads\/2024\/05\/Be-pavadinimo-49.png\",\"datePublished\":\"2024-05-23T10:22:51+00:00\",\"dateModified\":\"2024-06-29T19:33:34+00:00\",\"description\":\"Svarbiausias j\u016bs\u0173 ginklas \u2013 bendravimas ir viltis pakeisti savo vyr\u0105 \u2013 yra blogiausias ir labiausiai i\u0161 vis\u0173 pasmerktas nes\u0117kmei. Kod\u0117l? Tod\u0117l, kad nesvarbu, k\u0105 \u0161aukia kitos moterys nuo \u017eurnal\u0173 vir\u0161eli\u0173, kalba televizijos pokalbi\u0173 laidose, per keliones ir dienora\u0161\u010diuose nuo \u010dia iki Timbuktu, \u2013 vyr\u0173 esmini\u0173 savybi\u0173 niekada nepakeisi. Kad ir kokia gera b\u016btum vyrui, kol neperprasi jo ir kas j\u012f u\u017edega, kas domina, kaip jis myli, tik\u0117tina, kad jis tave apgaudin\u0117s ir \u017eais su tavimi. Ta\u010diau skaitydamos \u0161i\u0105 knyg\u0105 gal\u0117site pasiknaisioti vyro m\u0105stysenoje ir geriau j\u0105 suprasti, kad \u012fgyvendintum\u0117te savo planus, savo svajones, savo tro\u0161kimus, o svarbiausia \u2013 \u012fsitikinsite, ar jo ketinimai rimti, ar tik \u017eaidimas. Steve\u2019as Harvey ir Denene Millner knygoje \u201eKo nori vyrai\u201c atvirai atskleid\u017eia jums, moterys, tai, ko nori vyrai. I\u0161ties yra tik trys dalykai, kuri\u0173 reikia beveik kiekvienam vyrui. Viskas yra paprasta, jei juos \u017einai ir supranti, pagal kokias taisykles vyrai \u017eaid\u017eia santykiuose. PERSKAITYKITE \u0160I\u0104 KNYG\u0104, JEIGU: \u2022\u00a0susitikin\u0117jate su vyru ir norite \u017einoti, kaip pereiti \u012f kit\u0105 santyki\u0173 lyg\u012f; \u2022\u00a0u\u017emezg\u0117te rimtus, \u012fpareigojan\u010dius santykius ir norite \u017eiedo; \u2022\u00a0abejojate, ar jis bus \u0161alia, kai jums to reik\u0117s labiausiai; \u2022\u00a0esate i\u0161tek\u0117jusi, norite v\u0117l pasijusti savimi ir sutvirtinti santuok\u0105; \u2022\u00a0pavargote nuo to, kad su jumis elgiamasi kaip su \u017eaisliuku.\",\"breadcrumb\":{\"@id\":\"https:\/\/skaitytaknyga.lt\/produktas\/steve-harvey-denene-millner-ko-nori-vyrai\/#breadcrumb\"},\"inLanguage\":\"en-GB\",\"potentialAction\":[{\"@type\":\"ReadAction\",\"target\":[\"https:\/\/skaitytaknyga.lt\/produktas\/steve-harvey-denene-millner-ko-nori-vyrai\/\"]}]},{\"@type\":\"ImageObject\",\"inLanguage\":\"en-GB\",\"@id\":\"https:\/\/skaitytaknyga.lt\/produktas\/steve-harvey-denene-millner-ko-nori-vyrai\/#primaryimage\",\"url\":\"https:\/\/skaitytaknyga.lt\/wp-content\/uploads\/2024\/05\/Be-pavadinimo-49.png\",\"contentUrl\":\"https:\/\/skaitytaknyga.lt\/wp-content\/uploads\/2024\/05\/Be-pavadinimo-49.png\",\"width\":363,\"height\":543,\"caption\":\"Ko nori vyrai\"},{\"@type\":\"BreadcrumbList\",\"@id\":\"https:\/\/skaitytaknyga.lt\/produktas\/steve-harvey-denene-millner-ko-nori-vyrai\/#breadcrumb\",\"itemListElement\":[{\"@type\":\"ListItem\",\"position\":1,\"name\":\"Home\",\"item\":\"https:\/\/skaitytaknyga.lt\/\"},{\"@type\":\"ListItem\",\"position\":2,\"name\":\"Parduotuv\u0117\",\"item\":\"https:\/\/skaitytaknyga.lt\/knygu-parduotuve\/\"},{\"@type\":\"ListItem\",\"position\":3,\"name\":\"Steve Harvey, Denene Millner \u201eKo nori vyrai\u201c\"}]},{\"@type\":\"WebSite\",\"@id\":\"https:\/\/skaitytaknyga.lt\/#website\",\"url\":\"https:\/\/skaitytaknyga.lt\/\",\"name\":\"skaitytaknyga.lt\",\"description\":\"Skaitytaknyga.lt \u2013 tai ma\u017eas \u0161eimos verslas, kuris prasid\u0117jo nuo meil\u0117s knygoms ir siekio i\u0161gelb\u0117ti knygas nuo likimo prie konteinerio. Kas vienam nereikalingas daiktas \u2013 kitam lobis, o mes esame tarpininkai, kurie padeda abiems tapti laimingesniems ???? \u017dinome kaip nelengva i\u0161gyventi ma\u017eiems verslams, tad nuo \u0161iol, \u010dia rasite ir kit\u0173, ma\u017e\u0173 \u0161eim\u0173 versl\u0173, rank\u0173 darbo, dovan\u0173 sau ir artimiesiems.\",\"publisher\":{\"@id\":\"https:\/\/skaitytaknyga.lt\/#organization\"},\"potentialAction\":[{\"@type\":\"SearchAction\",\"target\":{\"@type\":\"EntryPoint\",\"urlTemplate\":\"https:\/\/skaitytaknyga.lt\/?s={search_term_string}\"},\"query-input\":{\"@type\":\"PropertyValueSpecification\",\"valueRequired\":true,\"valueName\":\"search_term_string\"}}],\"inLanguage\":\"en-GB\"},{\"@type\":\"Organization\",\"@id\":\"https:\/\/skaitytaknyga.lt\/#organization\",\"name\":\"skaitytaknyga.lt\",\"url\":\"https:\/\/skaitytaknyga.lt\/\",\"logo\":{\"@type\":\"ImageObject\",\"inLanguage\":\"en-GB\",\"@id\":\"https:\/\/skaitytaknyga.lt\/#\/schema\/logo\/image\/\",\"url\":\"https:\/\/skaitytaknyga.lt\/wp-content\/uploads\/2024\/05\/cropped-cropped-cropped-02_00843_jt3bggkj1j3HLc7SyY6rEUpg.jpeg\",\"contentUrl\":\"https:\/\/skaitytaknyga.lt\/wp-content\/uploads\/2024\/05\/cropped-cropped-cropped-02_00843_jt3bggkj1j3HLc7SyY6rEUpg.jpeg\",\"width\":1600,\"height\":1600,\"caption\":\"skaitytaknyga.lt\"},\"image\":{\"@id\":\"https:\/\/skaitytaknyga.lt\/#\/schema\/logo\/image\/\"},\"sameAs\":[\"https:\/\/www.facebook.com\/skaitytaknyga\/\"]}]}<\/script>\n<!-- \/ Yoast SEO plugin. -->","yoast_head_json":{"title":"Steve Harvey, Denene Millner \u201eKo nori vyrai\u201c - Skaitytaknyga","description":"Svarbiausias j\u016bs\u0173 ginklas \u2013 bendravimas ir viltis pakeisti savo vyr\u0105 \u2013 yra blogiausias ir labiausiai i\u0161 vis\u0173 pasmerktas nes\u0117kmei. Kod\u0117l? Tod\u0117l, kad nesvarbu, k\u0105 \u0161aukia kitos moterys nuo \u017eurnal\u0173 vir\u0161eli\u0173, kalba televizijos pokalbi\u0173 laidose, per keliones ir dienora\u0161\u010diuose nuo \u010dia iki Timbuktu, \u2013 vyr\u0173 esmini\u0173 savybi\u0173 niekada nepakeisi. Kad ir kokia gera b\u016btum vyrui, kol neperprasi jo ir kas j\u012f u\u017edega, kas domina, kaip jis myli, tik\u0117tina, kad jis tave apgaudin\u0117s ir \u017eais su tavimi. Ta\u010diau skaitydamos \u0161i\u0105 knyg\u0105 gal\u0117site pasiknaisioti vyro m\u0105stysenoje ir geriau j\u0105 suprasti, kad \u012fgyvendintum\u0117te savo planus, savo svajones, savo tro\u0161kimus, o svarbiausia \u2013 \u012fsitikinsite, ar jo ketinimai rimti, ar tik \u017eaidimas.  Steve\u2019as Harvey ir Denene Millner knygoje \u201eKo nori vyrai\u201c atvirai atskleid\u017eia jums, moterys, tai, ko nori vyrai. I\u0161ties yra tik trys dalykai, kuri\u0173 reikia beveik kiekvienam vyrui. Viskas yra paprasta, jei juos \u017einai ir supranti, pagal kokias taisykles vyrai \u017eaid\u017eia santykiuose.  PERSKAITYKITE \u0160I\u0104 KNYG\u0104, JEIGU: \u2022\u00a0susitikin\u0117jate su vyru ir norite \u017einoti, kaip pereiti \u012f kit\u0105 santyki\u0173 lyg\u012f; \u2022\u00a0u\u017emezg\u0117te rimtus, \u012fpareigojan\u010dius santykius ir norite \u017eiedo; \u2022\u00a0abejojate, ar jis bus \u0161alia, kai jums to reik\u0117s labiausiai; \u2022\u00a0esate i\u0161tek\u0117jusi, norite v\u0117l pasijusti savimi ir sutvirtinti santuok\u0105; \u2022\u00a0pavargote nuo to, kad su jumis elgiamasi kaip su \u017eaisliuku.","robots":{"index":"index","follow":"follow","max-snippet":"max-snippet:-1","max-image-preview":"max-image-preview:large","max-video-preview":"max-video-preview:-1"},"canonical":"https:\/\/skaitytaknyga.lt\/en\/produktas\/steve-harvey-denene-millner-ko-nori-vyrai\/","og_locale":"en_GB","og_type":"article","og_title":"Steve Harvey, Denene Millner \u201eKo nori vyrai\u201c - Skaitytaknyga","og_description":"Svarbiausias j\u016bs\u0173 ginklas \u2013 bendravimas ir viltis pakeisti savo vyr\u0105 \u2013 yra blogiausias ir labiausiai i\u0161 vis\u0173 pasmerktas nes\u0117kmei. Kod\u0117l? Tod\u0117l, kad nesvarbu, k\u0105 \u0161aukia kitos moterys nuo \u017eurnal\u0173 vir\u0161eli\u0173, kalba televizijos pokalbi\u0173 laidose, per keliones ir dienora\u0161\u010diuose nuo \u010dia iki Timbuktu, \u2013 vyr\u0173 esmini\u0173 savybi\u0173 niekada nepakeisi. Kad ir kokia gera b\u016btum vyrui, kol neperprasi jo ir kas j\u012f u\u017edega, kas domina, kaip jis myli, tik\u0117tina, kad jis tave apgaudin\u0117s ir \u017eais su tavimi. Ta\u010diau skaitydamos \u0161i\u0105 knyg\u0105 gal\u0117site pasiknaisioti vyro m\u0105stysenoje ir geriau j\u0105 suprasti, kad \u012fgyvendintum\u0117te savo planus, savo svajones, savo tro\u0161kimus, o svarbiausia \u2013 \u012fsitikinsite, ar jo ketinimai rimti, ar tik \u017eaidimas.  Steve\u2019as Harvey ir Denene Millner knygoje \u201eKo nori vyrai\u201c atvirai atskleid\u017eia jums, moterys, tai, ko nori vyrai. I\u0161ties yra tik trys dalykai, kuri\u0173 reikia beveik kiekvienam vyrui. Viskas yra paprasta, jei juos \u017einai ir supranti, pagal kokias taisykles vyrai \u017eaid\u017eia santykiuose.  PERSKAITYKITE \u0160I\u0104 KNYG\u0104, JEIGU: \u2022\u00a0susitikin\u0117jate su vyru ir norite \u017einoti, kaip pereiti \u012f kit\u0105 santyki\u0173 lyg\u012f; \u2022\u00a0u\u017emezg\u0117te rimtus, \u012fpareigojan\u010dius santykius ir norite \u017eiedo; \u2022\u00a0abejojate, ar jis bus \u0161alia, kai jums to reik\u0117s labiausiai; \u2022\u00a0esate i\u0161tek\u0117jusi, norite v\u0117l pasijusti savimi ir sutvirtinti santuok\u0105; \u2022\u00a0pavargote nuo to, kad su jumis elgiamasi kaip su \u017eaisliuku.","og_url":"https:\/\/skaitytaknyga.lt\/en\/produktas\/steve-harvey-denene-millner-ko-nori-vyrai\/","og_site_name":"Skaitytaknyga","article_publisher":"https:\/\/www.facebook.com\/skaitytaknyga\/","article_modified_time":"2024-06-29T19:33:34+00:00","og_image":[{"width":363,"height":543,"url":"https:\/\/skaitytaknyga.lt\/wp-content\/uploads\/2024\/05\/Be-pavadinimo-49.png","type":"image\/png"}],"twitter_card":"summary_large_image","schema":{"@context":"https:\/\/schema.org","@graph":[{"@type":"WebPage","@id":"https:\/\/skaitytaknyga.lt\/produktas\/steve-harvey-denene-millner-ko-nori-vyrai\/","url":"https:\/\/skaitytaknyga.lt\/produktas\/steve-harvey-denene-millner-ko-nori-vyrai\/","name":"Steve Harvey, Denene Millner \u201eKo nori vyrai\u201c - Skaitytaknyga","isPartOf":{"@id":"https:\/\/skaitytaknyga.lt\/#website"},"primaryImageOfPage":{"@id":"https:\/\/skaitytaknyga.lt\/produktas\/steve-harvey-denene-millner-ko-nori-vyrai\/#primaryimage"},"image":{"@id":"https:\/\/skaitytaknyga.lt\/produktas\/steve-harvey-denene-millner-ko-nori-vyrai\/#primaryimage"},"thumbnailUrl":"https:\/\/skaitytaknyga.lt\/wp-content\/uploads\/2024\/05\/Be-pavadinimo-49.png","datePublished":"2024-05-23T10:22:51+00:00","dateModified":"2024-06-29T19:33:34+00:00","description":"Svarbiausias j\u016bs\u0173 ginklas \u2013 bendravimas ir viltis pakeisti savo vyr\u0105 \u2013 yra blogiausias ir labiausiai i\u0161 vis\u0173 pasmerktas nes\u0117kmei. Kod\u0117l? Tod\u0117l, kad nesvarbu, k\u0105 \u0161aukia kitos moterys nuo \u017eurnal\u0173 vir\u0161eli\u0173, kalba televizijos pokalbi\u0173 laidose, per keliones ir dienora\u0161\u010diuose nuo \u010dia iki Timbuktu, \u2013 vyr\u0173 esmini\u0173 savybi\u0173 niekada nepakeisi. Kad ir kokia gera b\u016btum vyrui, kol neperprasi jo ir kas j\u012f u\u017edega, kas domina, kaip jis myli, tik\u0117tina, kad jis tave apgaudin\u0117s ir \u017eais su tavimi. Ta\u010diau skaitydamos \u0161i\u0105 knyg\u0105 gal\u0117site pasiknaisioti vyro m\u0105stysenoje ir geriau j\u0105 suprasti, kad \u012fgyvendintum\u0117te savo planus, savo svajones, savo tro\u0161kimus, o svarbiausia \u2013 \u012fsitikinsite, ar jo ketinimai rimti, ar tik \u017eaidimas. Steve\u2019as Harvey ir Denene Millner knygoje \u201eKo nori vyrai\u201c atvirai atskleid\u017eia jums, moterys, tai, ko nori vyrai. I\u0161ties yra tik trys dalykai, kuri\u0173 reikia beveik kiekvienam vyrui. Viskas yra paprasta, jei juos \u017einai ir supranti, pagal kokias taisykles vyrai \u017eaid\u017eia santykiuose. PERSKAITYKITE \u0160I\u0104 KNYG\u0104, JEIGU: \u2022\u00a0susitikin\u0117jate su vyru ir norite \u017einoti, kaip pereiti \u012f kit\u0105 santyki\u0173 lyg\u012f; \u2022\u00a0u\u017emezg\u0117te rimtus, \u012fpareigojan\u010dius santykius ir norite \u017eiedo; \u2022\u00a0abejojate, ar jis bus \u0161alia, kai jums to reik\u0117s labiausiai; \u2022\u00a0esate i\u0161tek\u0117jusi, norite v\u0117l pasijusti savimi ir sutvirtinti santuok\u0105; \u2022\u00a0pavargote nuo to, kad su jumis elgiamasi kaip su \u017eaisliuku.","breadcrumb":{"@id":"https:\/\/skaitytaknyga.lt\/produktas\/steve-harvey-denene-millner-ko-nori-vyrai\/#breadcrumb"},"inLanguage":"en-GB","potentialAction":[{"@type":"ReadAction","target":["https:\/\/skaitytaknyga.lt\/produktas\/steve-harvey-denene-millner-ko-nori-vyrai\/"]}]},{"@type":"ImageObject","inLanguage":"en-GB","@id":"https:\/\/skaitytaknyga.lt\/produktas\/steve-harvey-denene-millner-ko-nori-vyrai\/#primaryimage","url":"https:\/\/skaitytaknyga.lt\/wp-content\/uploads\/2024\/05\/Be-pavadinimo-49.png","contentUrl":"https:\/\/skaitytaknyga.lt\/wp-content\/uploads\/2024\/05\/Be-pavadinimo-49.png","width":363,"height":543,"caption":"Ko nori vyrai"},{"@type":"BreadcrumbList","@id":"https:\/\/skaitytaknyga.lt\/produktas\/steve-harvey-denene-millner-ko-nori-vyrai\/#breadcrumb","itemListElement":[{"@type":"ListItem","position":1,"name":"Home","item":"https:\/\/skaitytaknyga.lt\/"},{"@type":"ListItem","position":2,"name":"Parduotuv\u0117","item":"https:\/\/skaitytaknyga.lt\/knygu-parduotuve\/"},{"@type":"ListItem","position":3,"name":"Steve Harvey, Denene Millner \u201eKo nori vyrai\u201c"}]},{"@type":"WebSite","@id":"https:\/\/skaitytaknyga.lt\/#website","url":"https:\/\/skaitytaknyga.lt\/","name":"skaitytaknyga.lt","description":"Skaitytaknyga.lt \u2013 tai ma\u017eas \u0161eimos verslas, kuris prasid\u0117jo nuo meil\u0117s knygoms ir siekio i\u0161gelb\u0117ti knygas nuo likimo prie konteinerio. Kas vienam nereikalingas daiktas \u2013 kitam lobis, o mes esame tarpininkai, kurie padeda abiems tapti laimingesniems ???? \u017dinome kaip nelengva i\u0161gyventi ma\u017eiems verslams, tad nuo \u0161iol, \u010dia rasite ir kit\u0173, ma\u017e\u0173 \u0161eim\u0173 versl\u0173, rank\u0173 darbo, dovan\u0173 sau ir artimiesiems.","publisher":{"@id":"https:\/\/skaitytaknyga.lt\/#organization"},"potentialAction":[{"@type":"SearchAction","target":{"@type":"EntryPoint","urlTemplate":"https:\/\/skaitytaknyga.lt\/?s={search_term_string}"},"query-input":{"@type":"PropertyValueSpecification","valueRequired":true,"valueName":"search_term_string"}}],"inLanguage":"en-GB"},{"@type":"Organization","@id":"https:\/\/skaitytaknyga.lt\/#organization","name":"skaitytaknyga.lt","url":"https:\/\/skaitytaknyga.lt\/","logo":{"@type":"ImageObject","inLanguage":"en-GB","@id":"https:\/\/skaitytaknyga.lt\/#\/schema\/logo\/image\/","url":"https:\/\/skaitytaknyga.lt\/wp-content\/uploads\/2024\/05\/cropped-cropped-cropped-02_00843_jt3bggkj1j3HLc7SyY6rEUpg.jpeg","contentUrl":"https:\/\/skaitytaknyga.lt\/wp-content\/uploads\/2024\/05\/cropped-cropped-cropped-02_00843_jt3bggkj1j3HLc7SyY6rEUpg.jpeg","width":1600,"height":1600,"caption":"skaitytaknyga.lt"},"image":{"@id":"https:\/\/skaitytaknyga.lt\/#\/schema\/logo\/image\/"},"sameAs":["https:\/\/www.facebook.com\/skaitytaknyga\/"]}]}},"_links":{"self":[{"href":"https:\/\/skaitytaknyga.lt\/en\/wp-json\/wp\/v2\/product\/11830","targetHints":{"allow":["GET"]}}],"collection":[{"href":"https:\/\/skaitytaknyga.lt\/en\/wp-json\/wp\/v2\/product"}],"about":[{"href":"https:\/\/skaitytaknyga.lt\/en\/wp-json\/wp\/v2\/types\/product"}],"replies":[{"embeddable":true,"href":"https:\/\/skaitytaknyga.lt\/en\/wp-json\/wp\/v2\/comments?post=11830"}],"wp:featuredmedia":[{"embeddable":true,"href":"https:\/\/skaitytaknyga.lt\/en\/wp-json\/wp\/v2\/media\/11831"}],"wp:attachment":[{"href":"https:\/\/skaitytaknyga.lt\/en\/wp-json\/wp\/v2\/media?parent=11830"}],"wp:term":[{"taxonomy":"product_brand","embeddable":true,"href":"https:\/\/skaitytaknyga.lt\/en\/wp-json\/wp\/v2\/product_brand?post=11830"},{"taxonomy":"product_cat","embeddable":true,"href":"https:\/\/skaitytaknyga.lt\/en\/wp-json\/wp\/v2\/product_cat?post=11830"},{"taxonomy":"product_tag","embeddable":true,"href":"https:\/\/skaitytaknyga.lt\/en\/wp-json\/wp\/v2\/product_tag?post=11830"}],"curies":[{"name":"wp","href":"https:\/\/api.w.org\/{rel}","templated":true}]}}