{"id":11828,"date":"2024-05-23T10:19:43","date_gmt":"2024-05-23T10:19:43","guid":{"rendered":"https:\/\/skaitytaknyga.lt\/?post_type=product&#038;p=11828"},"modified":"2024-05-23T10:21:08","modified_gmt":"2024-05-23T10:21:08","slug":"platonas-valstybe","status":"publish","type":"product","link":"https:\/\/skaitytaknyga.lt\/en\/produktas\/platonas-valstybe\/","title":{"rendered":"Platonas \u201eValstyb\u0117\u201c"},"content":{"rendered":"","protected":false},"excerpt":{"rendered":"<p>\u201eValstyb\u0117\u201c \u2013 did\u017eiausias ir reik\u0161mingiausias Platono dialogas. \u010cia d\u0117stoma ne tik antikin\u0117 valstyb\u0117s teorija, bet ir savitas pa\u017einimo mokslas, pagr\u012fstas Platono skelbta id\u0117j\u0173 teorija.<\/p>\n<p>I\u0161analizav\u0119s ir atmet\u0119s kaip netinkamus visus jam \u017einomus valstyb\u0117s tipus &#8211; timokratij\u0105, oligarchij\u0105, demokratij\u0105 ir tironij\u0105, jis suk\u016br\u0117 savit\u0105 idealios valstyb\u0117s model\u012f, pagr\u012fsta teisingumo principu ir garantuojant\u012f vis\u0173 jos pilie\u010di\u0173 gerov\u0119.<\/p>\n<p>Dialoge i\u0161samiai aptariama valstyb\u0117s santvarka, jos luomai ir pareigos, daug d\u0117mesio skiriama jaunimo mokymui ir aukl\u0117jimui. Moksli\u0161kai konstruodamas sav\u0105j\u0105 valstyb\u0119, Platonas kartu svarsto daugel\u012f svarbiausi\u0173 filosofijos problem\u0173 &#8211; id\u0117j\u0173 kaip daikt\u0173 b\u016bties tikr\u0173j\u0173 prie\u017eas\u010di\u0173, pa\u017einmo, sielos, jos pa\u017eintini\u0173 gali\u0173, sielos ir k\u016bno ir kt. klausimus. Tod\u0117l \u0161\u012f dialog\u0105 i\u0161 esm\u0117s galima laikyti visos Platono filosofijos sistemos i\u0161d\u0117stymu.<\/p>\n","protected":false},"featured_media":11829,"comment_status":"closed","ping_status":"closed","template":"","meta":{"_acf_changed":false,"site-sidebar-layout":"default","site-content-layout":"","ast-site-content-layout":"default","site-content-style":"default","site-sidebar-style":"default","ast-global-header-display":"","ast-banner-title-visibility":"","ast-main-header-display":"","ast-hfb-above-header-display":"","ast-hfb-below-header-display":"","ast-hfb-mobile-header-display":"","site-post-title":"","ast-breadcrumbs-content":"","ast-featured-img":"","footer-sml-layout":"","ast-disable-related-posts":"","theme-transparent-header-meta":"","adv-header-id-meta":"","stick-header-meta":"","header-above-stick-meta":"","header-main-stick-meta":"","header-below-stick-meta":"","astra-migrate-meta-layouts":"default","ast-page-background-enabled":"default","ast-page-background-meta":{"desktop":{"background-color":"","background-image":"","background-repeat":"repeat","background-position":"center center","background-size":"auto","background-attachment":"scroll","background-type":"","background-media":"","overlay-type":"","overlay-color":"","overlay-opacity":"","overlay-gradient":""},"tablet":{"background-color":"","background-image":"","background-repeat":"repeat","background-position":"center center","background-size":"auto","background-attachment":"scroll","background-type":"","background-media":"","overlay-type":"","overlay-color":"","overlay-opacity":"","overlay-gradient":""},"mobile":{"background-color":"","background-image":"","background-repeat":"repeat","background-position":"center center","background-size":"auto","background-attachment":"scroll","background-type":"","background-media":"","overlay-type":"","overlay-color":"","overlay-opacity":"","overlay-gradient":""}},"ast-content-background-meta":{"desktop":{"background-color":"var(--ast-global-color-4)","background-image":"","background-repeat":"repeat","background-position":"center center","background-size":"auto","background-attachment":"scroll","background-type":"","background-media":"","overlay-type":"","overlay-color":"","overlay-opacity":"","overlay-gradient":""},"tablet":{"background-color":"var(--ast-global-color-4)","background-image":"","background-repeat":"repeat","background-position":"center center","background-size":"auto","background-attachment":"scroll","background-type":"","background-media":"","overlay-type":"","overlay-color":"","overlay-opacity":"","overlay-gradient":""},"mobile":{"background-color":"var(--ast-global-color-4)","background-image":"","background-repeat":"repeat","background-position":"center center","background-size":"auto","background-attachment":"scroll","background-type":"","background-media":"","overlay-type":"","overlay-color":"","overlay-opacity":"","overlay-gradient":""}}},"product_brand":[],"product_cat":[165],"product_tag":[],"class_list":{"0":"post-11828","1":"product","2":"type-product","3":"status-publish","4":"has-post-thumbnail","6":"product_cat-religija-filosofija-ir-ezoterika","7":"desktop-align-left","8":"tablet-align-left","9":"mobile-align-left","11":"first","12":"instock","13":"shipping-taxable","14":"purchasable","15":"product-type-simple"},"acf":[],"yoast_head":"<!-- This site is optimized with the Yoast SEO plugin v27.0 - https:\/\/yoast.com\/product\/yoast-seo-wordpress\/ -->\n<title>Platonas \u201eValstyb\u0117\u201c - Skaitytaknyga<\/title>\n<meta name=\"description\" content=\"\u201eValstyb\u0117\u201c \u2013 did\u017eiausias ir reik\u0161mingiausias Platono dialogas. \u010cia d\u0117stoma ne tik antikin\u0117 valstyb\u0117s teorija, bet ir savitas pa\u017einimo mokslas, pagr\u012fstas Platono skelbta id\u0117j\u0173 teorija.  I\u0161analizav\u0119s ir atmet\u0119s kaip netinkamus visus jam \u017einomus valstyb\u0117s tipus - timokratij\u0105, oligarchij\u0105, demokratij\u0105 ir tironij\u0105, jis suk\u016br\u0117 savit\u0105 idealios valstyb\u0117s model\u012f, pagr\u012fsta teisingumo principu ir garantuojant\u012f vis\u0173 jos pilie\u010di\u0173 gerov\u0119.  Dialoge i\u0161samiai aptariama valstyb\u0117s santvarka, jos luomai ir pareigos, daug d\u0117mesio skiriama jaunimo mokymui ir aukl\u0117jimui. Moksli\u0161kai konstruodamas sav\u0105j\u0105 valstyb\u0119, Platonas kartu svarsto daugel\u012f svarbiausi\u0173 filosofijos problem\u0173 - id\u0117j\u0173 kaip daikt\u0173 b\u016bties tikr\u0173j\u0173 prie\u017eas\u010di\u0173, pa\u017einmo, sielos, jos pa\u017eintini\u0173 gali\u0173, sielos ir k\u016bno ir kt. klausimus. Tod\u0117l \u0161\u012f dialog\u0105 i\u0161 esm\u0117s galima laikyti visos Platono filosofijos sistemos i\u0161d\u0117stymu.\" \/>\n<meta name=\"robots\" content=\"index, follow, max-snippet:-1, max-image-preview:large, max-video-preview:-1\" \/>\n<link rel=\"canonical\" href=\"https:\/\/skaitytaknyga.lt\/en\/produktas\/platonas-valstybe\/\" \/>\n<meta property=\"og:locale\" content=\"en_GB\" \/>\n<meta property=\"og:locale:alternate\" content=\"lt_LT\" \/>\n<meta property=\"og:type\" content=\"article\" \/>\n<meta property=\"og:title\" content=\"Platonas \u201eValstyb\u0117\u201c - Skaitytaknyga\" \/>\n<meta property=\"og:description\" content=\"\u201eValstyb\u0117\u201c \u2013 did\u017eiausias ir reik\u0161mingiausias Platono dialogas. \u010cia d\u0117stoma ne tik antikin\u0117 valstyb\u0117s teorija, bet ir savitas pa\u017einimo mokslas, pagr\u012fstas Platono skelbta id\u0117j\u0173 teorija.  I\u0161analizav\u0119s ir atmet\u0119s kaip netinkamus visus jam \u017einomus valstyb\u0117s tipus - timokratij\u0105, oligarchij\u0105, demokratij\u0105 ir tironij\u0105, jis suk\u016br\u0117 savit\u0105 idealios valstyb\u0117s model\u012f, pagr\u012fsta teisingumo principu ir garantuojant\u012f vis\u0173 jos pilie\u010di\u0173 gerov\u0119.  Dialoge i\u0161samiai aptariama valstyb\u0117s santvarka, jos luomai ir pareigos, daug d\u0117mesio skiriama jaunimo mokymui ir aukl\u0117jimui. Moksli\u0161kai konstruodamas sav\u0105j\u0105 valstyb\u0119, Platonas kartu svarsto daugel\u012f svarbiausi\u0173 filosofijos problem\u0173 - id\u0117j\u0173 kaip daikt\u0173 b\u016bties tikr\u0173j\u0173 prie\u017eas\u010di\u0173, pa\u017einmo, sielos, jos pa\u017eintini\u0173 gali\u0173, sielos ir k\u016bno ir kt. klausimus. Tod\u0117l \u0161\u012f dialog\u0105 i\u0161 esm\u0117s galima laikyti visos Platono filosofijos sistemos i\u0161d\u0117stymu.\" \/>\n<meta property=\"og:url\" content=\"https:\/\/skaitytaknyga.lt\/en\/produktas\/platonas-valstybe\/\" \/>\n<meta property=\"og:site_name\" content=\"Skaitytaknyga\" \/>\n<meta property=\"article:publisher\" content=\"https:\/\/www.facebook.com\/skaitytaknyga\/\" \/>\n<meta property=\"article:modified_time\" content=\"2024-05-23T10:21:08+00:00\" \/>\n<meta property=\"og:image\" content=\"https:\/\/skaitytaknyga.lt\/wp-content\/uploads\/2024\/05\/Be-pavadinimo-48.png\" \/>\n\t<meta property=\"og:image:width\" content=\"221\" \/>\n\t<meta property=\"og:image:height\" content=\"371\" \/>\n\t<meta property=\"og:image:type\" content=\"image\/png\" \/>\n<meta name=\"twitter:card\" content=\"summary_large_image\" \/>\n<script type=\"application\/ld+json\" class=\"yoast-schema-graph\">{\"@context\":\"https:\/\/schema.org\",\"@graph\":[{\"@type\":\"WebPage\",\"@id\":\"https:\/\/skaitytaknyga.lt\/produktas\/platonas-valstybe\/\",\"url\":\"https:\/\/skaitytaknyga.lt\/produktas\/platonas-valstybe\/\",\"name\":\"Platonas \u201eValstyb\u0117\u201c - Skaitytaknyga\",\"isPartOf\":{\"@id\":\"https:\/\/skaitytaknyga.lt\/#website\"},\"primaryImageOfPage\":{\"@id\":\"https:\/\/skaitytaknyga.lt\/produktas\/platonas-valstybe\/#primaryimage\"},\"image\":{\"@id\":\"https:\/\/skaitytaknyga.lt\/produktas\/platonas-valstybe\/#primaryimage\"},\"thumbnailUrl\":\"https:\/\/skaitytaknyga.lt\/wp-content\/uploads\/2024\/05\/Be-pavadinimo-48.png\",\"datePublished\":\"2024-05-23T10:19:43+00:00\",\"dateModified\":\"2024-05-23T10:21:08+00:00\",\"description\":\"\u201eValstyb\u0117\u201c \u2013 did\u017eiausias ir reik\u0161mingiausias Platono dialogas. \u010cia d\u0117stoma ne tik antikin\u0117 valstyb\u0117s teorija, bet ir savitas pa\u017einimo mokslas, pagr\u012fstas Platono skelbta id\u0117j\u0173 teorija. I\u0161analizav\u0119s ir atmet\u0119s kaip netinkamus visus jam \u017einomus valstyb\u0117s tipus - timokratij\u0105, oligarchij\u0105, demokratij\u0105 ir tironij\u0105, jis suk\u016br\u0117 savit\u0105 idealios valstyb\u0117s model\u012f, pagr\u012fsta teisingumo principu ir garantuojant\u012f vis\u0173 jos pilie\u010di\u0173 gerov\u0119. Dialoge i\u0161samiai aptariama valstyb\u0117s santvarka, jos luomai ir pareigos, daug d\u0117mesio skiriama jaunimo mokymui ir aukl\u0117jimui. Moksli\u0161kai konstruodamas sav\u0105j\u0105 valstyb\u0119, Platonas kartu svarsto daugel\u012f svarbiausi\u0173 filosofijos problem\u0173 - id\u0117j\u0173 kaip daikt\u0173 b\u016bties tikr\u0173j\u0173 prie\u017eas\u010di\u0173, pa\u017einmo, sielos, jos pa\u017eintini\u0173 gali\u0173, sielos ir k\u016bno ir kt. klausimus. Tod\u0117l \u0161\u012f dialog\u0105 i\u0161 esm\u0117s galima laikyti visos Platono filosofijos sistemos i\u0161d\u0117stymu.\",\"breadcrumb\":{\"@id\":\"https:\/\/skaitytaknyga.lt\/produktas\/platonas-valstybe\/#breadcrumb\"},\"inLanguage\":\"en-GB\",\"potentialAction\":[{\"@type\":\"ReadAction\",\"target\":[\"https:\/\/skaitytaknyga.lt\/produktas\/platonas-valstybe\/\"]}]},{\"@type\":\"ImageObject\",\"inLanguage\":\"en-GB\",\"@id\":\"https:\/\/skaitytaknyga.lt\/produktas\/platonas-valstybe\/#primaryimage\",\"url\":\"https:\/\/skaitytaknyga.lt\/wp-content\/uploads\/2024\/05\/Be-pavadinimo-48.png\",\"contentUrl\":\"https:\/\/skaitytaknyga.lt\/wp-content\/uploads\/2024\/05\/Be-pavadinimo-48.png\",\"width\":221,\"height\":371,\"caption\":\"Platonas. Valstyb\u0117\"},{\"@type\":\"BreadcrumbList\",\"@id\":\"https:\/\/skaitytaknyga.lt\/produktas\/platonas-valstybe\/#breadcrumb\",\"itemListElement\":[{\"@type\":\"ListItem\",\"position\":1,\"name\":\"Home\",\"item\":\"https:\/\/skaitytaknyga.lt\/\"},{\"@type\":\"ListItem\",\"position\":2,\"name\":\"Parduotuv\u0117\",\"item\":\"https:\/\/skaitytaknyga.lt\/knygu-parduotuve\/\"},{\"@type\":\"ListItem\",\"position\":3,\"name\":\"Platonas \u201eValstyb\u0117\u201c\"}]},{\"@type\":\"WebSite\",\"@id\":\"https:\/\/skaitytaknyga.lt\/#website\",\"url\":\"https:\/\/skaitytaknyga.lt\/\",\"name\":\"skaitytaknyga.lt\",\"description\":\"Skaitytaknyga.lt \u2013 tai ma\u017eas \u0161eimos verslas, kuris prasid\u0117jo nuo meil\u0117s knygoms ir siekio i\u0161gelb\u0117ti knygas nuo likimo prie konteinerio. Kas vienam nereikalingas daiktas \u2013 kitam lobis, o mes esame tarpininkai, kurie padeda abiems tapti laimingesniems ???? \u017dinome kaip nelengva i\u0161gyventi ma\u017eiems verslams, tad nuo \u0161iol, \u010dia rasite ir kit\u0173, ma\u017e\u0173 \u0161eim\u0173 versl\u0173, rank\u0173 darbo, dovan\u0173 sau ir artimiesiems.\",\"publisher\":{\"@id\":\"https:\/\/skaitytaknyga.lt\/#organization\"},\"potentialAction\":[{\"@type\":\"SearchAction\",\"target\":{\"@type\":\"EntryPoint\",\"urlTemplate\":\"https:\/\/skaitytaknyga.lt\/?s={search_term_string}\"},\"query-input\":{\"@type\":\"PropertyValueSpecification\",\"valueRequired\":true,\"valueName\":\"search_term_string\"}}],\"inLanguage\":\"en-GB\"},{\"@type\":\"Organization\",\"@id\":\"https:\/\/skaitytaknyga.lt\/#organization\",\"name\":\"skaitytaknyga.lt\",\"url\":\"https:\/\/skaitytaknyga.lt\/\",\"logo\":{\"@type\":\"ImageObject\",\"inLanguage\":\"en-GB\",\"@id\":\"https:\/\/skaitytaknyga.lt\/#\/schema\/logo\/image\/\",\"url\":\"https:\/\/skaitytaknyga.lt\/wp-content\/uploads\/2024\/05\/cropped-cropped-cropped-02_00843_jt3bggkj1j3HLc7SyY6rEUpg.jpeg\",\"contentUrl\":\"https:\/\/skaitytaknyga.lt\/wp-content\/uploads\/2024\/05\/cropped-cropped-cropped-02_00843_jt3bggkj1j3HLc7SyY6rEUpg.jpeg\",\"width\":1600,\"height\":1600,\"caption\":\"skaitytaknyga.lt\"},\"image\":{\"@id\":\"https:\/\/skaitytaknyga.lt\/#\/schema\/logo\/image\/\"},\"sameAs\":[\"https:\/\/www.facebook.com\/skaitytaknyga\/\"]}]}<\/script>\n<!-- \/ Yoast SEO plugin. -->","yoast_head_json":{"title":"Platonas \u201eValstyb\u0117\u201c - Skaitytaknyga","description":"\u201eValstyb\u0117\u201c \u2013 did\u017eiausias ir reik\u0161mingiausias Platono dialogas. \u010cia d\u0117stoma ne tik antikin\u0117 valstyb\u0117s teorija, bet ir savitas pa\u017einimo mokslas, pagr\u012fstas Platono skelbta id\u0117j\u0173 teorija.  I\u0161analizav\u0119s ir atmet\u0119s kaip netinkamus visus jam \u017einomus valstyb\u0117s tipus - timokratij\u0105, oligarchij\u0105, demokratij\u0105 ir tironij\u0105, jis suk\u016br\u0117 savit\u0105 idealios valstyb\u0117s model\u012f, pagr\u012fsta teisingumo principu ir garantuojant\u012f vis\u0173 jos pilie\u010di\u0173 gerov\u0119.  Dialoge i\u0161samiai aptariama valstyb\u0117s santvarka, jos luomai ir pareigos, daug d\u0117mesio skiriama jaunimo mokymui ir aukl\u0117jimui. Moksli\u0161kai konstruodamas sav\u0105j\u0105 valstyb\u0119, Platonas kartu svarsto daugel\u012f svarbiausi\u0173 filosofijos problem\u0173 - id\u0117j\u0173 kaip daikt\u0173 b\u016bties tikr\u0173j\u0173 prie\u017eas\u010di\u0173, pa\u017einmo, sielos, jos pa\u017eintini\u0173 gali\u0173, sielos ir k\u016bno ir kt. klausimus. Tod\u0117l \u0161\u012f dialog\u0105 i\u0161 esm\u0117s galima laikyti visos Platono filosofijos sistemos i\u0161d\u0117stymu.","robots":{"index":"index","follow":"follow","max-snippet":"max-snippet:-1","max-image-preview":"max-image-preview:large","max-video-preview":"max-video-preview:-1"},"canonical":"https:\/\/skaitytaknyga.lt\/en\/produktas\/platonas-valstybe\/","og_locale":"en_GB","og_type":"article","og_title":"Platonas \u201eValstyb\u0117\u201c - Skaitytaknyga","og_description":"\u201eValstyb\u0117\u201c \u2013 did\u017eiausias ir reik\u0161mingiausias Platono dialogas. \u010cia d\u0117stoma ne tik antikin\u0117 valstyb\u0117s teorija, bet ir savitas pa\u017einimo mokslas, pagr\u012fstas Platono skelbta id\u0117j\u0173 teorija.  I\u0161analizav\u0119s ir atmet\u0119s kaip netinkamus visus jam \u017einomus valstyb\u0117s tipus - timokratij\u0105, oligarchij\u0105, demokratij\u0105 ir tironij\u0105, jis suk\u016br\u0117 savit\u0105 idealios valstyb\u0117s model\u012f, pagr\u012fsta teisingumo principu ir garantuojant\u012f vis\u0173 jos pilie\u010di\u0173 gerov\u0119.  Dialoge i\u0161samiai aptariama valstyb\u0117s santvarka, jos luomai ir pareigos, daug d\u0117mesio skiriama jaunimo mokymui ir aukl\u0117jimui. Moksli\u0161kai konstruodamas sav\u0105j\u0105 valstyb\u0119, Platonas kartu svarsto daugel\u012f svarbiausi\u0173 filosofijos problem\u0173 - id\u0117j\u0173 kaip daikt\u0173 b\u016bties tikr\u0173j\u0173 prie\u017eas\u010di\u0173, pa\u017einmo, sielos, jos pa\u017eintini\u0173 gali\u0173, sielos ir k\u016bno ir kt. klausimus. Tod\u0117l \u0161\u012f dialog\u0105 i\u0161 esm\u0117s galima laikyti visos Platono filosofijos sistemos i\u0161d\u0117stymu.","og_url":"https:\/\/skaitytaknyga.lt\/en\/produktas\/platonas-valstybe\/","og_site_name":"Skaitytaknyga","article_publisher":"https:\/\/www.facebook.com\/skaitytaknyga\/","article_modified_time":"2024-05-23T10:21:08+00:00","og_image":[{"width":221,"height":371,"url":"https:\/\/skaitytaknyga.lt\/wp-content\/uploads\/2024\/05\/Be-pavadinimo-48.png","type":"image\/png"}],"twitter_card":"summary_large_image","schema":{"@context":"https:\/\/schema.org","@graph":[{"@type":"WebPage","@id":"https:\/\/skaitytaknyga.lt\/produktas\/platonas-valstybe\/","url":"https:\/\/skaitytaknyga.lt\/produktas\/platonas-valstybe\/","name":"Platonas \u201eValstyb\u0117\u201c - Skaitytaknyga","isPartOf":{"@id":"https:\/\/skaitytaknyga.lt\/#website"},"primaryImageOfPage":{"@id":"https:\/\/skaitytaknyga.lt\/produktas\/platonas-valstybe\/#primaryimage"},"image":{"@id":"https:\/\/skaitytaknyga.lt\/produktas\/platonas-valstybe\/#primaryimage"},"thumbnailUrl":"https:\/\/skaitytaknyga.lt\/wp-content\/uploads\/2024\/05\/Be-pavadinimo-48.png","datePublished":"2024-05-23T10:19:43+00:00","dateModified":"2024-05-23T10:21:08+00:00","description":"\u201eValstyb\u0117\u201c \u2013 did\u017eiausias ir reik\u0161mingiausias Platono dialogas. \u010cia d\u0117stoma ne tik antikin\u0117 valstyb\u0117s teorija, bet ir savitas pa\u017einimo mokslas, pagr\u012fstas Platono skelbta id\u0117j\u0173 teorija. I\u0161analizav\u0119s ir atmet\u0119s kaip netinkamus visus jam \u017einomus valstyb\u0117s tipus - timokratij\u0105, oligarchij\u0105, demokratij\u0105 ir tironij\u0105, jis suk\u016br\u0117 savit\u0105 idealios valstyb\u0117s model\u012f, pagr\u012fsta teisingumo principu ir garantuojant\u012f vis\u0173 jos pilie\u010di\u0173 gerov\u0119. Dialoge i\u0161samiai aptariama valstyb\u0117s santvarka, jos luomai ir pareigos, daug d\u0117mesio skiriama jaunimo mokymui ir aukl\u0117jimui. Moksli\u0161kai konstruodamas sav\u0105j\u0105 valstyb\u0119, Platonas kartu svarsto daugel\u012f svarbiausi\u0173 filosofijos problem\u0173 - id\u0117j\u0173 kaip daikt\u0173 b\u016bties tikr\u0173j\u0173 prie\u017eas\u010di\u0173, pa\u017einmo, sielos, jos pa\u017eintini\u0173 gali\u0173, sielos ir k\u016bno ir kt. klausimus. Tod\u0117l \u0161\u012f dialog\u0105 i\u0161 esm\u0117s galima laikyti visos Platono filosofijos sistemos i\u0161d\u0117stymu.","breadcrumb":{"@id":"https:\/\/skaitytaknyga.lt\/produktas\/platonas-valstybe\/#breadcrumb"},"inLanguage":"en-GB","potentialAction":[{"@type":"ReadAction","target":["https:\/\/skaitytaknyga.lt\/produktas\/platonas-valstybe\/"]}]},{"@type":"ImageObject","inLanguage":"en-GB","@id":"https:\/\/skaitytaknyga.lt\/produktas\/platonas-valstybe\/#primaryimage","url":"https:\/\/skaitytaknyga.lt\/wp-content\/uploads\/2024\/05\/Be-pavadinimo-48.png","contentUrl":"https:\/\/skaitytaknyga.lt\/wp-content\/uploads\/2024\/05\/Be-pavadinimo-48.png","width":221,"height":371,"caption":"Platonas. Valstyb\u0117"},{"@type":"BreadcrumbList","@id":"https:\/\/skaitytaknyga.lt\/produktas\/platonas-valstybe\/#breadcrumb","itemListElement":[{"@type":"ListItem","position":1,"name":"Home","item":"https:\/\/skaitytaknyga.lt\/"},{"@type":"ListItem","position":2,"name":"Parduotuv\u0117","item":"https:\/\/skaitytaknyga.lt\/knygu-parduotuve\/"},{"@type":"ListItem","position":3,"name":"Platonas \u201eValstyb\u0117\u201c"}]},{"@type":"WebSite","@id":"https:\/\/skaitytaknyga.lt\/#website","url":"https:\/\/skaitytaknyga.lt\/","name":"skaitytaknyga.lt","description":"Skaitytaknyga.lt \u2013 tai ma\u017eas \u0161eimos verslas, kuris prasid\u0117jo nuo meil\u0117s knygoms ir siekio i\u0161gelb\u0117ti knygas nuo likimo prie konteinerio. Kas vienam nereikalingas daiktas \u2013 kitam lobis, o mes esame tarpininkai, kurie padeda abiems tapti laimingesniems ???? \u017dinome kaip nelengva i\u0161gyventi ma\u017eiems verslams, tad nuo \u0161iol, \u010dia rasite ir kit\u0173, ma\u017e\u0173 \u0161eim\u0173 versl\u0173, rank\u0173 darbo, dovan\u0173 sau ir artimiesiems.","publisher":{"@id":"https:\/\/skaitytaknyga.lt\/#organization"},"potentialAction":[{"@type":"SearchAction","target":{"@type":"EntryPoint","urlTemplate":"https:\/\/skaitytaknyga.lt\/?s={search_term_string}"},"query-input":{"@type":"PropertyValueSpecification","valueRequired":true,"valueName":"search_term_string"}}],"inLanguage":"en-GB"},{"@type":"Organization","@id":"https:\/\/skaitytaknyga.lt\/#organization","name":"skaitytaknyga.lt","url":"https:\/\/skaitytaknyga.lt\/","logo":{"@type":"ImageObject","inLanguage":"en-GB","@id":"https:\/\/skaitytaknyga.lt\/#\/schema\/logo\/image\/","url":"https:\/\/skaitytaknyga.lt\/wp-content\/uploads\/2024\/05\/cropped-cropped-cropped-02_00843_jt3bggkj1j3HLc7SyY6rEUpg.jpeg","contentUrl":"https:\/\/skaitytaknyga.lt\/wp-content\/uploads\/2024\/05\/cropped-cropped-cropped-02_00843_jt3bggkj1j3HLc7SyY6rEUpg.jpeg","width":1600,"height":1600,"caption":"skaitytaknyga.lt"},"image":{"@id":"https:\/\/skaitytaknyga.lt\/#\/schema\/logo\/image\/"},"sameAs":["https:\/\/www.facebook.com\/skaitytaknyga\/"]}]}},"_links":{"self":[{"href":"https:\/\/skaitytaknyga.lt\/en\/wp-json\/wp\/v2\/product\/11828","targetHints":{"allow":["GET"]}}],"collection":[{"href":"https:\/\/skaitytaknyga.lt\/en\/wp-json\/wp\/v2\/product"}],"about":[{"href":"https:\/\/skaitytaknyga.lt\/en\/wp-json\/wp\/v2\/types\/product"}],"replies":[{"embeddable":true,"href":"https:\/\/skaitytaknyga.lt\/en\/wp-json\/wp\/v2\/comments?post=11828"}],"wp:featuredmedia":[{"embeddable":true,"href":"https:\/\/skaitytaknyga.lt\/en\/wp-json\/wp\/v2\/media\/11829"}],"wp:attachment":[{"href":"https:\/\/skaitytaknyga.lt\/en\/wp-json\/wp\/v2\/media?parent=11828"}],"wp:term":[{"taxonomy":"product_brand","embeddable":true,"href":"https:\/\/skaitytaknyga.lt\/en\/wp-json\/wp\/v2\/product_brand?post=11828"},{"taxonomy":"product_cat","embeddable":true,"href":"https:\/\/skaitytaknyga.lt\/en\/wp-json\/wp\/v2\/product_cat?post=11828"},{"taxonomy":"product_tag","embeddable":true,"href":"https:\/\/skaitytaknyga.lt\/en\/wp-json\/wp\/v2\/product_tag?post=11828"}],"curies":[{"name":"wp","href":"https:\/\/api.w.org\/{rel}","templated":true}]}}