{"id":11824,"date":"2024-05-23T13:11:53","date_gmt":"2024-05-23T10:11:53","guid":{"rendered":"https:\/\/skaitytaknyga.lt\/?post_type=product&#038;p=11824"},"modified":"2026-03-18T12:26:58","modified_gmt":"2026-03-18T10:26:58","slug":"pandit-ashutosh-ojha-chiromantija-visiems","status":"publish","type":"product","link":"https:\/\/skaitytaknyga.lt\/en\/produktas\/pandit-ashutosh-ojha-chiromantija-visiems\/","title":{"rendered":"Pandit Ashutosh Ojha \u201eChiromantija visiems\u201c"},"content":{"rendered":"","protected":false},"excerpt":{"rendered":"<p>Linijos, kurias mes matome savo delnuose, teikia daugyb\u0119 informacijos<br \/>\napie mus pa\u010dius ir m\u016bs\u0173 ateit\u012f. J\u0173 pad\u0117tis, prad\u017eios ta\u0161kas,<br \/>\ni\u0161sivystymas, spalva ir charakteris, forma bei strukt\u016bra &#8211; viskas<br \/>\nteikia \u017eini\u0173 apie m\u016bs\u0173 gyvenim\u0105. Chiromantijos pagalba galime<br \/>\nsu\u017einoti apie savo psichologin\u0119 b\u016bsen\u0105, sveikat\u0105 ir profesionalias<br \/>\ngalimybes.<\/p>\n<p>Knyga\u00a0<strong>&#8220;<\/strong><a class=\"listitem4\"><strong>Chiromantija visiems&#8221;<\/strong><\/a>pad\u0117s &#8220;perskaityti&#8221; kiekvien\u0105 J\u016bs\u0173 delno linij\u0105, po\u017eym\u012f ar \u017eenkl\u0105, atskleisti jumyse slypin\u010dius gabumus ir pa\u017evelgti \u012f ateit\u012f. Pa\u017einkite savo charakter\u012f ir i\u0161sirinkite tinkamiausi\u0105 krypt\u012f savo gyvenimo bur\u0117ms i\u0161skleisti.<\/p>\n<p>B\u016bkite patys sau chiromantai.<\/p>\n<p>Knygoje autorius parodo, kad chiromantija gali b\u016bti rimta<br \/>\npagalba konsultantams, pedagogams, t\u0117vams, profesionaliems tyr\u0117jams ir<br \/>\nvisiems tiems, kurie rimtai domisi \u017emogaus asmenyb\u0117s vystimusi. Knyga<br \/>\nlengvai suprantama tiek pradedan\u010diajam, tiek jau turin\u010diam patirt\u012f<\/p>\n","protected":false},"featured_media":11825,"comment_status":"closed","ping_status":"closed","template":"","meta":{"_acf_changed":false,"site-sidebar-layout":"default","site-content-layout":"","ast-site-content-layout":"default","site-content-style":"default","site-sidebar-style":"default","ast-global-header-display":"","ast-banner-title-visibility":"","ast-main-header-display":"","ast-hfb-above-header-display":"","ast-hfb-below-header-display":"","ast-hfb-mobile-header-display":"","site-post-title":"","ast-breadcrumbs-content":"","ast-featured-img":"","footer-sml-layout":"","ast-disable-related-posts":"","theme-transparent-header-meta":"","adv-header-id-meta":"","stick-header-meta":"","header-above-stick-meta":"","header-main-stick-meta":"","header-below-stick-meta":"","astra-migrate-meta-layouts":"default","ast-page-background-enabled":"default","ast-page-background-meta":{"desktop":{"background-color":"","background-image":"","background-repeat":"repeat","background-position":"center center","background-size":"auto","background-attachment":"scroll","background-type":"","background-media":"","overlay-type":"","overlay-color":"","overlay-opacity":"","overlay-gradient":""},"tablet":{"background-color":"","background-image":"","background-repeat":"repeat","background-position":"center center","background-size":"auto","background-attachment":"scroll","background-type":"","background-media":"","overlay-type":"","overlay-color":"","overlay-opacity":"","overlay-gradient":""},"mobile":{"background-color":"","background-image":"","background-repeat":"repeat","background-position":"center center","background-size":"auto","background-attachment":"scroll","background-type":"","background-media":"","overlay-type":"","overlay-color":"","overlay-opacity":"","overlay-gradient":""}},"ast-content-background-meta":{"desktop":{"background-color":"var(--ast-global-color-4)","background-image":"","background-repeat":"repeat","background-position":"center center","background-size":"auto","background-attachment":"scroll","background-type":"","background-media":"","overlay-type":"","overlay-color":"","overlay-opacity":"","overlay-gradient":""},"tablet":{"background-color":"var(--ast-global-color-4)","background-image":"","background-repeat":"repeat","background-position":"center center","background-size":"auto","background-attachment":"scroll","background-type":"","background-media":"","overlay-type":"","overlay-color":"","overlay-opacity":"","overlay-gradient":""},"mobile":{"background-color":"var(--ast-global-color-4)","background-image":"","background-repeat":"repeat","background-position":"center center","background-size":"auto","background-attachment":"scroll","background-type":"","background-media":"","overlay-type":"","overlay-color":"","overlay-opacity":"","overlay-gradient":""}}},"product_brand":[],"product_cat":[9738],"product_tag":[],"class_list":{"0":"post-11824","1":"product","2":"type-product","3":"status-publish","4":"has-post-thumbnail","6":"product_cat-ezoterika","7":"desktop-align-left","8":"tablet-align-left","9":"mobile-align-left","11":"first","12":"outofstock","13":"shipping-taxable","14":"purchasable","15":"product-type-simple"},"acf":[],"yoast_head":"<!-- This site is optimized with the Yoast SEO plugin v27.0 - https:\/\/yoast.com\/product\/yoast-seo-wordpress\/ -->\n<title>Pandit Ashutosh Ojha \u201eChiromantija visiems\u201c<\/title>\n<meta name=\"description\" content=\"Linijos, kurias mes matome savo delnuose, teikia daugyb\u0119 informacijos apie mus pa\u010dius ir m\u016bs\u0173 ateit\u012f. J\u0173 pad\u0117tis, prad\u017eios ta\u0161kas, i\u0161sivystymas, spalva ir charakteris, forma bei strukt\u016bra - viskas teikia \u017eini\u0173 apie m\u016bs\u0173 gyvenim\u0105. Chiromantijos pagalba galime su\u017einoti apie savo psichologin\u0119 b\u016bsen\u0105, sveikat\u0105 ir profesionalias galimybes.  Knyga\u00a0&quot;Chiromantija visiems&quot;pad\u0117s &quot;perskaityti&quot; kiekvien\u0105 J\u016bs\u0173 delno linij\u0105, po\u017eym\u012f ar \u017eenkl\u0105, atskleisti jumyse slypin\u010dius gabumus ir pa\u017evelgti \u012f ateit\u012f. Pa\u017einkite savo charakter\u012f ir i\u0161sirinkite tinkamiausi\u0105 krypt\u012f savo gyvenimo bur\u0117ms i\u0161skleisti.  B\u016bkite patys sau chiromantai.  Knygoje autorius parodo, kad chiromantija gali b\u016bti rimta pagalba konsultantams, pedagogams, t\u0117vams, profesionaliems tyr\u0117jams ir visiems tiems, kurie rimtai domisi \u017emogaus asmenyb\u0117s vystimusi. Knyga lengvai suprantama tiek pradedan\u010diajam, tiek jau turin\u010diam patirt\u012f\" \/>\n<meta name=\"robots\" content=\"index, follow, max-snippet:-1, max-image-preview:large, max-video-preview:-1\" \/>\n<link rel=\"canonical\" href=\"https:\/\/skaitytaknyga.lt\/en\/produktas\/pandit-ashutosh-ojha-chiromantija-visiems\/\" \/>\n<meta property=\"og:locale\" content=\"en_GB\" \/>\n<meta property=\"og:locale:alternate\" content=\"lt_LT\" \/>\n<meta property=\"og:type\" content=\"article\" \/>\n<meta property=\"og:title\" content=\"Pandit Ashutosh Ojha \u201eChiromantija visiems\u201c\" \/>\n<meta property=\"og:description\" content=\"Linijos, kurias mes matome savo delnuose, teikia daugyb\u0119 informacijos apie mus pa\u010dius ir m\u016bs\u0173 ateit\u012f. J\u0173 pad\u0117tis, prad\u017eios ta\u0161kas, i\u0161sivystymas, spalva ir charakteris, forma bei strukt\u016bra - viskas teikia \u017eini\u0173 apie m\u016bs\u0173 gyvenim\u0105. Chiromantijos pagalba galime su\u017einoti apie savo psichologin\u0119 b\u016bsen\u0105, sveikat\u0105 ir profesionalias galimybes.  Knyga\u00a0&quot;Chiromantija visiems&quot;pad\u0117s &quot;perskaityti&quot; kiekvien\u0105 J\u016bs\u0173 delno linij\u0105, po\u017eym\u012f ar \u017eenkl\u0105, atskleisti jumyse slypin\u010dius gabumus ir pa\u017evelgti \u012f ateit\u012f. Pa\u017einkite savo charakter\u012f ir i\u0161sirinkite tinkamiausi\u0105 krypt\u012f savo gyvenimo bur\u0117ms i\u0161skleisti.  B\u016bkite patys sau chiromantai.  Knygoje autorius parodo, kad chiromantija gali b\u016bti rimta pagalba konsultantams, pedagogams, t\u0117vams, profesionaliems tyr\u0117jams ir visiems tiems, kurie rimtai domisi \u017emogaus asmenyb\u0117s vystimusi. Knyga lengvai suprantama tiek pradedan\u010diajam, tiek jau turin\u010diam patirt\u012f\" \/>\n<meta property=\"og:url\" content=\"https:\/\/skaitytaknyga.lt\/en\/produktas\/pandit-ashutosh-ojha-chiromantija-visiems\/\" \/>\n<meta property=\"og:site_name\" content=\"Skaitytaknyga\" \/>\n<meta property=\"article:publisher\" content=\"https:\/\/www.facebook.com\/skaitytaknyga\/\" \/>\n<meta property=\"article:modified_time\" content=\"2026-03-18T10:26:58+00:00\" \/>\n<meta property=\"og:image\" content=\"https:\/\/skaitytaknyga.lt\/wp-content\/uploads\/2024\/05\/chiromantija-visiems.jpg\" \/>\n\t<meta property=\"og:image:width\" content=\"311\" \/>\n\t<meta property=\"og:image:height\" content=\"450\" \/>\n\t<meta property=\"og:image:type\" content=\"image\/jpeg\" \/>\n<meta name=\"twitter:card\" content=\"summary_large_image\" \/>\n<script type=\"application\/ld+json\" class=\"yoast-schema-graph\">{\"@context\":\"https:\/\/schema.org\",\"@graph\":[{\"@type\":\"WebPage\",\"@id\":\"https:\/\/skaitytaknyga.lt\/produktas\/pandit-ashutosh-ojha-chiromantija-visiems\/\",\"url\":\"https:\/\/skaitytaknyga.lt\/produktas\/pandit-ashutosh-ojha-chiromantija-visiems\/\",\"name\":\"Pandit Ashutosh Ojha \u201eChiromantija visiems\u201c\",\"isPartOf\":{\"@id\":\"https:\/\/skaitytaknyga.lt\/#website\"},\"primaryImageOfPage\":{\"@id\":\"https:\/\/skaitytaknyga.lt\/produktas\/pandit-ashutosh-ojha-chiromantija-visiems\/#primaryimage\"},\"image\":{\"@id\":\"https:\/\/skaitytaknyga.lt\/produktas\/pandit-ashutosh-ojha-chiromantija-visiems\/#primaryimage\"},\"thumbnailUrl\":\"https:\/\/skaitytaknyga.lt\/wp-content\/uploads\/2024\/05\/chiromantija-visiems.jpg\",\"datePublished\":\"2024-05-23T10:11:53+00:00\",\"dateModified\":\"2026-03-18T10:26:58+00:00\",\"description\":\"Linijos, kurias mes matome savo delnuose, teikia daugyb\u0119 informacijos apie mus pa\u010dius ir m\u016bs\u0173 ateit\u012f. J\u0173 pad\u0117tis, prad\u017eios ta\u0161kas, i\u0161sivystymas, spalva ir charakteris, forma bei strukt\u016bra - viskas teikia \u017eini\u0173 apie m\u016bs\u0173 gyvenim\u0105. Chiromantijos pagalba galime su\u017einoti apie savo psichologin\u0119 b\u016bsen\u0105, sveikat\u0105 ir profesionalias galimybes. Knyga\u00a0\\\"Chiromantija visiems\\\"pad\u0117s \\\"perskaityti\\\" kiekvien\u0105 J\u016bs\u0173 delno linij\u0105, po\u017eym\u012f ar \u017eenkl\u0105, atskleisti jumyse slypin\u010dius gabumus ir pa\u017evelgti \u012f ateit\u012f. Pa\u017einkite savo charakter\u012f ir i\u0161sirinkite tinkamiausi\u0105 krypt\u012f savo gyvenimo bur\u0117ms i\u0161skleisti. B\u016bkite patys sau chiromantai. Knygoje autorius parodo, kad chiromantija gali b\u016bti rimta pagalba konsultantams, pedagogams, t\u0117vams, profesionaliems tyr\u0117jams ir visiems tiems, kurie rimtai domisi \u017emogaus asmenyb\u0117s vystimusi. Knyga lengvai suprantama tiek pradedan\u010diajam, tiek jau turin\u010diam patirt\u012f\",\"breadcrumb\":{\"@id\":\"https:\/\/skaitytaknyga.lt\/produktas\/pandit-ashutosh-ojha-chiromantija-visiems\/#breadcrumb\"},\"inLanguage\":\"en-GB\",\"potentialAction\":[{\"@type\":\"ReadAction\",\"target\":[\"https:\/\/skaitytaknyga.lt\/produktas\/pandit-ashutosh-ojha-chiromantija-visiems\/\"]}]},{\"@type\":\"ImageObject\",\"inLanguage\":\"en-GB\",\"@id\":\"https:\/\/skaitytaknyga.lt\/produktas\/pandit-ashutosh-ojha-chiromantija-visiems\/#primaryimage\",\"url\":\"https:\/\/skaitytaknyga.lt\/wp-content\/uploads\/2024\/05\/chiromantija-visiems.jpg\",\"contentUrl\":\"https:\/\/skaitytaknyga.lt\/wp-content\/uploads\/2024\/05\/chiromantija-visiems.jpg\",\"width\":311,\"height\":450},{\"@type\":\"BreadcrumbList\",\"@id\":\"https:\/\/skaitytaknyga.lt\/produktas\/pandit-ashutosh-ojha-chiromantija-visiems\/#breadcrumb\",\"itemListElement\":[{\"@type\":\"ListItem\",\"position\":1,\"name\":\"Home\",\"item\":\"https:\/\/skaitytaknyga.lt\/\"},{\"@type\":\"ListItem\",\"position\":2,\"name\":\"Parduotuv\u0117\",\"item\":\"https:\/\/skaitytaknyga.lt\/knygu-parduotuve\/\"},{\"@type\":\"ListItem\",\"position\":3,\"name\":\"Pandit Ashutosh Ojha \u201eChiromantija visiems\u201c\"}]},{\"@type\":\"WebSite\",\"@id\":\"https:\/\/skaitytaknyga.lt\/#website\",\"url\":\"https:\/\/skaitytaknyga.lt\/\",\"name\":\"skaitytaknyga.lt\",\"description\":\"Skaitytaknyga.lt \u2013 tai ma\u017eas \u0161eimos verslas, kuris prasid\u0117jo nuo meil\u0117s knygoms ir siekio i\u0161gelb\u0117ti knygas nuo likimo prie konteinerio. Kas vienam nereikalingas daiktas \u2013 kitam lobis, o mes esame tarpininkai, kurie padeda abiems tapti laimingesniems ???? \u017dinome kaip nelengva i\u0161gyventi ma\u017eiems verslams, tad nuo \u0161iol, \u010dia rasite ir kit\u0173, ma\u017e\u0173 \u0161eim\u0173 versl\u0173, rank\u0173 darbo, dovan\u0173 sau ir artimiesiems.\",\"publisher\":{\"@id\":\"https:\/\/skaitytaknyga.lt\/#organization\"},\"potentialAction\":[{\"@type\":\"SearchAction\",\"target\":{\"@type\":\"EntryPoint\",\"urlTemplate\":\"https:\/\/skaitytaknyga.lt\/?s={search_term_string}\"},\"query-input\":{\"@type\":\"PropertyValueSpecification\",\"valueRequired\":true,\"valueName\":\"search_term_string\"}}],\"inLanguage\":\"en-GB\"},{\"@type\":\"Organization\",\"@id\":\"https:\/\/skaitytaknyga.lt\/#organization\",\"name\":\"skaitytaknyga.lt\",\"url\":\"https:\/\/skaitytaknyga.lt\/\",\"logo\":{\"@type\":\"ImageObject\",\"inLanguage\":\"en-GB\",\"@id\":\"https:\/\/skaitytaknyga.lt\/#\/schema\/logo\/image\/\",\"url\":\"https:\/\/skaitytaknyga.lt\/wp-content\/uploads\/2024\/05\/cropped-cropped-cropped-02_00843_jt3bggkj1j3HLc7SyY6rEUpg.jpeg\",\"contentUrl\":\"https:\/\/skaitytaknyga.lt\/wp-content\/uploads\/2024\/05\/cropped-cropped-cropped-02_00843_jt3bggkj1j3HLc7SyY6rEUpg.jpeg\",\"width\":1600,\"height\":1600,\"caption\":\"skaitytaknyga.lt\"},\"image\":{\"@id\":\"https:\/\/skaitytaknyga.lt\/#\/schema\/logo\/image\/\"},\"sameAs\":[\"https:\/\/www.facebook.com\/skaitytaknyga\/\"]}]}<\/script>\n<!-- \/ Yoast SEO plugin. -->","yoast_head_json":{"title":"Pandit Ashutosh Ojha \u201eChiromantija visiems\u201c","description":"Linijos, kurias mes matome savo delnuose, teikia daugyb\u0119 informacijos apie mus pa\u010dius ir m\u016bs\u0173 ateit\u012f. J\u0173 pad\u0117tis, prad\u017eios ta\u0161kas, i\u0161sivystymas, spalva ir charakteris, forma bei strukt\u016bra - viskas teikia \u017eini\u0173 apie m\u016bs\u0173 gyvenim\u0105. Chiromantijos pagalba galime su\u017einoti apie savo psichologin\u0119 b\u016bsen\u0105, sveikat\u0105 ir profesionalias galimybes.  Knyga\u00a0\"Chiromantija visiems\"pad\u0117s \"perskaityti\" kiekvien\u0105 J\u016bs\u0173 delno linij\u0105, po\u017eym\u012f ar \u017eenkl\u0105, atskleisti jumyse slypin\u010dius gabumus ir pa\u017evelgti \u012f ateit\u012f. Pa\u017einkite savo charakter\u012f ir i\u0161sirinkite tinkamiausi\u0105 krypt\u012f savo gyvenimo bur\u0117ms i\u0161skleisti.  B\u016bkite patys sau chiromantai.  Knygoje autorius parodo, kad chiromantija gali b\u016bti rimta pagalba konsultantams, pedagogams, t\u0117vams, profesionaliems tyr\u0117jams ir visiems tiems, kurie rimtai domisi \u017emogaus asmenyb\u0117s vystimusi. Knyga lengvai suprantama tiek pradedan\u010diajam, tiek jau turin\u010diam patirt\u012f","robots":{"index":"index","follow":"follow","max-snippet":"max-snippet:-1","max-image-preview":"max-image-preview:large","max-video-preview":"max-video-preview:-1"},"canonical":"https:\/\/skaitytaknyga.lt\/en\/produktas\/pandit-ashutosh-ojha-chiromantija-visiems\/","og_locale":"en_GB","og_type":"article","og_title":"[:lt]Pandit Ashutosh Ojha \u201eChiromantija visiems\u201c[:] - Skaitytaknyga","og_description":"Linijos, kurias mes matome savo delnuose, teikia daugyb\u0119 informacijos apie mus pa\u010dius ir m\u016bs\u0173 ateit\u012f. J\u0173 pad\u0117tis, prad\u017eios ta\u0161kas, i\u0161sivystymas, spalva ir charakteris, forma bei strukt\u016bra - viskas teikia \u017eini\u0173 apie m\u016bs\u0173 gyvenim\u0105. Chiromantijos pagalba galime su\u017einoti apie savo psichologin\u0119 b\u016bsen\u0105, sveikat\u0105 ir profesionalias galimybes.  Knyga\u00a0\"Chiromantija visiems\"pad\u0117s \"perskaityti\" kiekvien\u0105 J\u016bs\u0173 delno linij\u0105, po\u017eym\u012f ar \u017eenkl\u0105, atskleisti jumyse slypin\u010dius gabumus ir pa\u017evelgti \u012f ateit\u012f. Pa\u017einkite savo charakter\u012f ir i\u0161sirinkite tinkamiausi\u0105 krypt\u012f savo gyvenimo bur\u0117ms i\u0161skleisti.  B\u016bkite patys sau chiromantai.  Knygoje autorius parodo, kad chiromantija gali b\u016bti rimta pagalba konsultantams, pedagogams, t\u0117vams, profesionaliems tyr\u0117jams ir visiems tiems, kurie rimtai domisi \u017emogaus asmenyb\u0117s vystimusi. Knyga lengvai suprantama tiek pradedan\u010diajam, tiek jau turin\u010diam patirt\u012f","og_url":"https:\/\/skaitytaknyga.lt\/en\/produktas\/pandit-ashutosh-ojha-chiromantija-visiems\/","og_site_name":"Skaitytaknyga","article_publisher":"https:\/\/www.facebook.com\/skaitytaknyga\/","article_modified_time":"2026-03-18T10:26:58+00:00","og_image":[{"width":311,"height":450,"url":"https:\/\/skaitytaknyga.lt\/wp-content\/uploads\/2024\/05\/chiromantija-visiems.jpg","type":"image\/jpeg"}],"twitter_card":"summary_large_image","schema":{"@context":"https:\/\/schema.org","@graph":[{"@type":"WebPage","@id":"https:\/\/skaitytaknyga.lt\/produktas\/pandit-ashutosh-ojha-chiromantija-visiems\/","url":"https:\/\/skaitytaknyga.lt\/produktas\/pandit-ashutosh-ojha-chiromantija-visiems\/","name":"Pandit Ashutosh Ojha \u201eChiromantija visiems\u201c","isPartOf":{"@id":"https:\/\/skaitytaknyga.lt\/#website"},"primaryImageOfPage":{"@id":"https:\/\/skaitytaknyga.lt\/produktas\/pandit-ashutosh-ojha-chiromantija-visiems\/#primaryimage"},"image":{"@id":"https:\/\/skaitytaknyga.lt\/produktas\/pandit-ashutosh-ojha-chiromantija-visiems\/#primaryimage"},"thumbnailUrl":"https:\/\/skaitytaknyga.lt\/wp-content\/uploads\/2024\/05\/chiromantija-visiems.jpg","datePublished":"2024-05-23T10:11:53+00:00","dateModified":"2026-03-18T10:26:58+00:00","description":"Linijos, kurias mes matome savo delnuose, teikia daugyb\u0119 informacijos apie mus pa\u010dius ir m\u016bs\u0173 ateit\u012f. J\u0173 pad\u0117tis, prad\u017eios ta\u0161kas, i\u0161sivystymas, spalva ir charakteris, forma bei strukt\u016bra - viskas teikia \u017eini\u0173 apie m\u016bs\u0173 gyvenim\u0105. Chiromantijos pagalba galime su\u017einoti apie savo psichologin\u0119 b\u016bsen\u0105, sveikat\u0105 ir profesionalias galimybes. Knyga\u00a0\"Chiromantija visiems\"pad\u0117s \"perskaityti\" kiekvien\u0105 J\u016bs\u0173 delno linij\u0105, po\u017eym\u012f ar \u017eenkl\u0105, atskleisti jumyse slypin\u010dius gabumus ir pa\u017evelgti \u012f ateit\u012f. Pa\u017einkite savo charakter\u012f ir i\u0161sirinkite tinkamiausi\u0105 krypt\u012f savo gyvenimo bur\u0117ms i\u0161skleisti. B\u016bkite patys sau chiromantai. Knygoje autorius parodo, kad chiromantija gali b\u016bti rimta pagalba konsultantams, pedagogams, t\u0117vams, profesionaliems tyr\u0117jams ir visiems tiems, kurie rimtai domisi \u017emogaus asmenyb\u0117s vystimusi. Knyga lengvai suprantama tiek pradedan\u010diajam, tiek jau turin\u010diam patirt\u012f","breadcrumb":{"@id":"https:\/\/skaitytaknyga.lt\/produktas\/pandit-ashutosh-ojha-chiromantija-visiems\/#breadcrumb"},"inLanguage":"en-GB","potentialAction":[{"@type":"ReadAction","target":["https:\/\/skaitytaknyga.lt\/produktas\/pandit-ashutosh-ojha-chiromantija-visiems\/"]}]},{"@type":"ImageObject","inLanguage":"en-GB","@id":"https:\/\/skaitytaknyga.lt\/produktas\/pandit-ashutosh-ojha-chiromantija-visiems\/#primaryimage","url":"https:\/\/skaitytaknyga.lt\/wp-content\/uploads\/2024\/05\/chiromantija-visiems.jpg","contentUrl":"https:\/\/skaitytaknyga.lt\/wp-content\/uploads\/2024\/05\/chiromantija-visiems.jpg","width":311,"height":450},{"@type":"BreadcrumbList","@id":"https:\/\/skaitytaknyga.lt\/produktas\/pandit-ashutosh-ojha-chiromantija-visiems\/#breadcrumb","itemListElement":[{"@type":"ListItem","position":1,"name":"Home","item":"https:\/\/skaitytaknyga.lt\/"},{"@type":"ListItem","position":2,"name":"Parduotuv\u0117","item":"https:\/\/skaitytaknyga.lt\/knygu-parduotuve\/"},{"@type":"ListItem","position":3,"name":"Pandit Ashutosh Ojha \u201eChiromantija visiems\u201c"}]},{"@type":"WebSite","@id":"https:\/\/skaitytaknyga.lt\/#website","url":"https:\/\/skaitytaknyga.lt\/","name":"skaitytaknyga.lt","description":"Skaitytaknyga.lt \u2013 tai ma\u017eas \u0161eimos verslas, kuris prasid\u0117jo nuo meil\u0117s knygoms ir siekio i\u0161gelb\u0117ti knygas nuo likimo prie konteinerio. Kas vienam nereikalingas daiktas \u2013 kitam lobis, o mes esame tarpininkai, kurie padeda abiems tapti laimingesniems ???? \u017dinome kaip nelengva i\u0161gyventi ma\u017eiems verslams, tad nuo \u0161iol, \u010dia rasite ir kit\u0173, ma\u017e\u0173 \u0161eim\u0173 versl\u0173, rank\u0173 darbo, dovan\u0173 sau ir artimiesiems.","publisher":{"@id":"https:\/\/skaitytaknyga.lt\/#organization"},"potentialAction":[{"@type":"SearchAction","target":{"@type":"EntryPoint","urlTemplate":"https:\/\/skaitytaknyga.lt\/?s={search_term_string}"},"query-input":{"@type":"PropertyValueSpecification","valueRequired":true,"valueName":"search_term_string"}}],"inLanguage":"en-GB"},{"@type":"Organization","@id":"https:\/\/skaitytaknyga.lt\/#organization","name":"skaitytaknyga.lt","url":"https:\/\/skaitytaknyga.lt\/","logo":{"@type":"ImageObject","inLanguage":"en-GB","@id":"https:\/\/skaitytaknyga.lt\/#\/schema\/logo\/image\/","url":"https:\/\/skaitytaknyga.lt\/wp-content\/uploads\/2024\/05\/cropped-cropped-cropped-02_00843_jt3bggkj1j3HLc7SyY6rEUpg.jpeg","contentUrl":"https:\/\/skaitytaknyga.lt\/wp-content\/uploads\/2024\/05\/cropped-cropped-cropped-02_00843_jt3bggkj1j3HLc7SyY6rEUpg.jpeg","width":1600,"height":1600,"caption":"skaitytaknyga.lt"},"image":{"@id":"https:\/\/skaitytaknyga.lt\/#\/schema\/logo\/image\/"},"sameAs":["https:\/\/www.facebook.com\/skaitytaknyga\/"]}]}},"_links":{"self":[{"href":"https:\/\/skaitytaknyga.lt\/en\/wp-json\/wp\/v2\/product\/11824","targetHints":{"allow":["GET"]}}],"collection":[{"href":"https:\/\/skaitytaknyga.lt\/en\/wp-json\/wp\/v2\/product"}],"about":[{"href":"https:\/\/skaitytaknyga.lt\/en\/wp-json\/wp\/v2\/types\/product"}],"replies":[{"embeddable":true,"href":"https:\/\/skaitytaknyga.lt\/en\/wp-json\/wp\/v2\/comments?post=11824"}],"wp:featuredmedia":[{"embeddable":true,"href":"https:\/\/skaitytaknyga.lt\/en\/wp-json\/wp\/v2\/media\/11825"}],"wp:attachment":[{"href":"https:\/\/skaitytaknyga.lt\/en\/wp-json\/wp\/v2\/media?parent=11824"}],"wp:term":[{"taxonomy":"product_brand","embeddable":true,"href":"https:\/\/skaitytaknyga.lt\/en\/wp-json\/wp\/v2\/product_brand?post=11824"},{"taxonomy":"product_cat","embeddable":true,"href":"https:\/\/skaitytaknyga.lt\/en\/wp-json\/wp\/v2\/product_cat?post=11824"},{"taxonomy":"product_tag","embeddable":true,"href":"https:\/\/skaitytaknyga.lt\/en\/wp-json\/wp\/v2\/product_tag?post=11824"}],"curies":[{"name":"wp","href":"https:\/\/api.w.org\/{rel}","templated":true}]}}