{"id":11822,"date":"2024-05-23T10:09:17","date_gmt":"2024-05-23T10:09:17","guid":{"rendered":"https:\/\/skaitytaknyga.lt\/?post_type=product&#038;p=11822"},"modified":"2025-10-16T18:18:19","modified_gmt":"2025-10-16T15:18:19","slug":"lina-vezeliene-vidurio-amziaus-paauglyste","status":"publish","type":"product","link":"https:\/\/skaitytaknyga.lt\/en\/produktas\/lina-vezeliene-vidurio-amziaus-paauglyste\/","title":{"rendered":"Lina V\u0117\u017eelien\u0117 \u201eVidurio am\u017eiaus paauglyst\u0117\u201c"},"content":{"rendered":"","protected":false},"excerpt":{"rendered":"<p>Lina V\u0117\u017eelien\u0117 \u2013 psicholog\u0117-psichoterapeut\u0117, pedagog\u0117, knyg\u0173 \u201eSeptynios did\u017eiosios nuod\u0117m\u0117s psichologo kabinete\u201c ir \u201e\u017duvis medyje\u201c, tinklara\u0161\u010dio \u201eGyvoji psichologija\u201c ir daugyb\u0117s psichologini\u0173 straipsni\u0173 autor\u0117. Konsultuoja individualiai, vadovauja psichoterapin\u0117ms, profesinio augimo ir \u0161okio terapijos grup\u0117ms. Gyvena ir dirba Vilniuje.<\/p>\n<p>I\u0161tikus vidurio am\u017eiaus paauglystei ir pasibaigus \u012fprast\u0173 gyvenimo tiksl\u0173 s\u0105ra\u0161ui: baigti mokslus, susirasti darb\u0105, sukurti \u0161eim\u0105 ir u\u017eauginti vaikus, supratau, kad at\u0117jo laikas improvizuoti. Kilusias id\u0117jas, k\u0105 dar b\u016bt\u0173 galima nuveikti, kai jau viskas, regis, nuveikta, pirmiau patikrinau prakti\u0161kai, o paskui tarsi stiklo karoliukus suv\u0117riau \u012f ilg\u0105 v\u0117rin\u012f. Rasite \u010dia visko: nostalgijos, vilties, asmeni\u0161kum\u0173 ir psichologijos mokslo tyrim\u0173. Ra\u0161au ir apie pomidor\u0173 auginim\u0105, ir net apie fariziejus. V\u0117rinys i\u0161\u0117jo spalvotas, kaip ir pats gyvenimas. Mane pa\u010di\u0105 \u012fkvepiantis ir padr\u0105sinantis nesustoti augti, myl\u0117ti ir kurti.<br \/>\nDalinuosi juo su knygos skaitytojais. Moterimis ir vyrais, vidurio am\u017eiaus paaugliais ar besirengian\u010diais jais tapti. Tikiu, kad kiekvienas i\u0161 j\u016bs\u0173 susiversite ka\u017ek\u0105 savito ir orginalaus, nes mes, vidurio am\u017eiaus paaugliai, esame ne\u012ftik\u0117tinai dr\u0105s\u016bs ir k\u016brybingi.<br \/>\nSupratau tai \u0161i\u0105 knyg\u0105 bera\u0161ydama\u2026<br \/>\nLina V\u0117\u017eelien\u0117<\/p>\n","protected":false},"featured_media":11823,"comment_status":"closed","ping_status":"closed","template":"","meta":{"_acf_changed":false,"site-sidebar-layout":"default","site-content-layout":"","ast-site-content-layout":"default","site-content-style":"default","site-sidebar-style":"default","ast-global-header-display":"","ast-banner-title-visibility":"","ast-main-header-display":"","ast-hfb-above-header-display":"","ast-hfb-below-header-display":"","ast-hfb-mobile-header-display":"","site-post-title":"","ast-breadcrumbs-content":"","ast-featured-img":"","footer-sml-layout":"","ast-disable-related-posts":"","theme-transparent-header-meta":"","adv-header-id-meta":"","stick-header-meta":"","header-above-stick-meta":"","header-main-stick-meta":"","header-below-stick-meta":"","astra-migrate-meta-layouts":"default","ast-page-background-enabled":"default","ast-page-background-meta":{"desktop":{"background-color":"","background-image":"","background-repeat":"repeat","background-position":"center center","background-size":"auto","background-attachment":"scroll","background-type":"","background-media":"","overlay-type":"","overlay-color":"","overlay-opacity":"","overlay-gradient":""},"tablet":{"background-color":"","background-image":"","background-repeat":"repeat","background-position":"center center","background-size":"auto","background-attachment":"scroll","background-type":"","background-media":"","overlay-type":"","overlay-color":"","overlay-opacity":"","overlay-gradient":""},"mobile":{"background-color":"","background-image":"","background-repeat":"repeat","background-position":"center center","background-size":"auto","background-attachment":"scroll","background-type":"","background-media":"","overlay-type":"","overlay-color":"","overlay-opacity":"","overlay-gradient":""}},"ast-content-background-meta":{"desktop":{"background-color":"var(--ast-global-color-4)","background-image":"","background-repeat":"repeat","background-position":"center center","background-size":"auto","background-attachment":"scroll","background-type":"","background-media":"","overlay-type":"","overlay-color":"","overlay-opacity":"","overlay-gradient":""},"tablet":{"background-color":"var(--ast-global-color-4)","background-image":"","background-repeat":"repeat","background-position":"center center","background-size":"auto","background-attachment":"scroll","background-type":"","background-media":"","overlay-type":"","overlay-color":"","overlay-opacity":"","overlay-gradient":""},"mobile":{"background-color":"var(--ast-global-color-4)","background-image":"","background-repeat":"repeat","background-position":"center center","background-size":"auto","background-attachment":"scroll","background-type":"","background-media":"","overlay-type":"","overlay-color":"","overlay-opacity":"","overlay-gradient":""}}},"product_brand":[],"product_cat":[30],"product_tag":[],"class_list":{"0":"post-11822","1":"product","2":"type-product","3":"status-publish","4":"has-post-thumbnail","6":"product_cat-psichologija-ir-saviugda","7":"desktop-align-left","8":"tablet-align-left","9":"mobile-align-left","11":"first","12":"outofstock","13":"shipping-taxable","14":"purchasable","15":"product-type-simple"},"acf":[],"yoast_head":"<!-- This site is optimized with the Yoast SEO plugin v27.0 - https:\/\/yoast.com\/product\/yoast-seo-wordpress\/ -->\n<title>Lina V\u0117\u017eelien\u0117 \u201eVidurio am\u017eiaus paauglyst\u0117\u201c - Skaitytaknyga<\/title>\n<meta name=\"description\" content=\"Lina V\u0117\u017eelien\u0117 \u2013 psicholog\u0117-psichoterapeut\u0117, pedagog\u0117, knyg\u0173 \u201eSeptynios did\u017eiosios nuod\u0117m\u0117s psichologo kabinete\u201c ir \u201e\u017duvis medyje\u201c, tinklara\u0161\u010dio \u201eGyvoji psichologija\u201c ir daugyb\u0117s psichologini\u0173 straipsni\u0173 autor\u0117. Konsultuoja individualiai, vadovauja psichoterapin\u0117ms, profesinio augimo ir \u0161okio terapijos grup\u0117ms. Gyvena ir dirba Vilniuje.  I\u0161tikus vidurio am\u017eiaus paauglystei ir pasibaigus \u012fprast\u0173 gyvenimo tiksl\u0173 s\u0105ra\u0161ui: baigti mokslus, susirasti darb\u0105, sukurti \u0161eim\u0105 ir u\u017eauginti vaikus, supratau, kad at\u0117jo laikas improvizuoti. Kilusias id\u0117jas, k\u0105 dar b\u016bt\u0173 galima nuveikti, kai jau viskas, regis, nuveikta, pirmiau patikrinau prakti\u0161kai, o paskui tarsi stiklo karoliukus suv\u0117riau \u012f ilg\u0105 v\u0117rin\u012f. Rasite \u010dia visko: nostalgijos, vilties, asmeni\u0161kum\u0173 ir psichologijos mokslo tyrim\u0173. Ra\u0161au ir apie pomidor\u0173 auginim\u0105, ir net apie fariziejus. V\u0117rinys i\u0161\u0117jo spalvotas, kaip ir pats gyvenimas. Mane pa\u010di\u0105 \u012fkvepiantis ir padr\u0105sinantis nesustoti augti, myl\u0117ti ir kurti. Dalinuosi juo su knygos skaitytojais. Moterimis ir vyrais, vidurio am\u017eiaus paaugliais ar besirengian\u010diais jais tapti. Tikiu, kad kiekvienas i\u0161 j\u016bs\u0173 susiversite ka\u017ek\u0105 savito ir orginalaus, nes mes, vidurio am\u017eiaus paaugliai, esame ne\u012ftik\u0117tinai dr\u0105s\u016bs ir k\u016brybingi. Supratau tai \u0161i\u0105 knyg\u0105 bera\u0161ydama\u2026 Lina V\u0117\u017eelien\u0117\" \/>\n<meta name=\"robots\" content=\"index, follow, max-snippet:-1, max-image-preview:large, max-video-preview:-1\" \/>\n<link rel=\"canonical\" href=\"https:\/\/skaitytaknyga.lt\/en\/produktas\/lina-vezeliene-vidurio-amziaus-paauglyste\/\" \/>\n<meta property=\"og:locale\" content=\"en_GB\" \/>\n<meta property=\"og:locale:alternate\" content=\"lt_LT\" \/>\n<meta property=\"og:type\" content=\"article\" \/>\n<meta property=\"og:title\" content=\"Lina V\u0117\u017eelien\u0117 \u201eVidurio am\u017eiaus paauglyst\u0117\u201c - Skaitytaknyga\" \/>\n<meta property=\"og:description\" content=\"Lina V\u0117\u017eelien\u0117 \u2013 psicholog\u0117-psichoterapeut\u0117, pedagog\u0117, knyg\u0173 \u201eSeptynios did\u017eiosios nuod\u0117m\u0117s psichologo kabinete\u201c ir \u201e\u017duvis medyje\u201c, tinklara\u0161\u010dio \u201eGyvoji psichologija\u201c ir daugyb\u0117s psichologini\u0173 straipsni\u0173 autor\u0117. Konsultuoja individualiai, vadovauja psichoterapin\u0117ms, profesinio augimo ir \u0161okio terapijos grup\u0117ms. Gyvena ir dirba Vilniuje.  I\u0161tikus vidurio am\u017eiaus paauglystei ir pasibaigus \u012fprast\u0173 gyvenimo tiksl\u0173 s\u0105ra\u0161ui: baigti mokslus, susirasti darb\u0105, sukurti \u0161eim\u0105 ir u\u017eauginti vaikus, supratau, kad at\u0117jo laikas improvizuoti. Kilusias id\u0117jas, k\u0105 dar b\u016bt\u0173 galima nuveikti, kai jau viskas, regis, nuveikta, pirmiau patikrinau prakti\u0161kai, o paskui tarsi stiklo karoliukus suv\u0117riau \u012f ilg\u0105 v\u0117rin\u012f. Rasite \u010dia visko: nostalgijos, vilties, asmeni\u0161kum\u0173 ir psichologijos mokslo tyrim\u0173. Ra\u0161au ir apie pomidor\u0173 auginim\u0105, ir net apie fariziejus. V\u0117rinys i\u0161\u0117jo spalvotas, kaip ir pats gyvenimas. Mane pa\u010di\u0105 \u012fkvepiantis ir padr\u0105sinantis nesustoti augti, myl\u0117ti ir kurti. Dalinuosi juo su knygos skaitytojais. Moterimis ir vyrais, vidurio am\u017eiaus paaugliais ar besirengian\u010diais jais tapti. Tikiu, kad kiekvienas i\u0161 j\u016bs\u0173 susiversite ka\u017ek\u0105 savito ir orginalaus, nes mes, vidurio am\u017eiaus paaugliai, esame ne\u012ftik\u0117tinai dr\u0105s\u016bs ir k\u016brybingi. Supratau tai \u0161i\u0105 knyg\u0105 bera\u0161ydama\u2026 Lina V\u0117\u017eelien\u0117\" \/>\n<meta property=\"og:url\" content=\"https:\/\/skaitytaknyga.lt\/en\/produktas\/lina-vezeliene-vidurio-amziaus-paauglyste\/\" \/>\n<meta property=\"og:site_name\" content=\"Skaitytaknyga\" \/>\n<meta property=\"article:publisher\" content=\"https:\/\/www.facebook.com\/skaitytaknyga\/\" \/>\n<meta property=\"article:modified_time\" content=\"2025-10-16T15:18:19+00:00\" \/>\n<meta property=\"og:image\" content=\"https:\/\/skaitytaknyga.lt\/wp-content\/uploads\/2024\/05\/vidurio-amziaus-paauglyste-1.jpg\" \/>\n\t<meta property=\"og:image:width\" content=\"388\" \/>\n\t<meta property=\"og:image:height\" content=\"582\" \/>\n\t<meta property=\"og:image:type\" content=\"image\/jpeg\" \/>\n<meta name=\"twitter:card\" content=\"summary_large_image\" \/>\n<script type=\"application\/ld+json\" class=\"yoast-schema-graph\">{\"@context\":\"https:\/\/schema.org\",\"@graph\":[{\"@type\":\"WebPage\",\"@id\":\"https:\/\/skaitytaknyga.lt\/produktas\/lina-vezeliene-vidurio-amziaus-paauglyste\/\",\"url\":\"https:\/\/skaitytaknyga.lt\/produktas\/lina-vezeliene-vidurio-amziaus-paauglyste\/\",\"name\":\"Lina V\u0117\u017eelien\u0117 \u201eVidurio am\u017eiaus paauglyst\u0117\u201c - Skaitytaknyga\",\"isPartOf\":{\"@id\":\"https:\/\/skaitytaknyga.lt\/#website\"},\"primaryImageOfPage\":{\"@id\":\"https:\/\/skaitytaknyga.lt\/produktas\/lina-vezeliene-vidurio-amziaus-paauglyste\/#primaryimage\"},\"image\":{\"@id\":\"https:\/\/skaitytaknyga.lt\/produktas\/lina-vezeliene-vidurio-amziaus-paauglyste\/#primaryimage\"},\"thumbnailUrl\":\"https:\/\/skaitytaknyga.lt\/wp-content\/uploads\/2024\/05\/vidurio-amziaus-paauglyste-1.jpg\",\"datePublished\":\"2024-05-23T10:09:17+00:00\",\"dateModified\":\"2025-10-16T15:18:19+00:00\",\"description\":\"Lina V\u0117\u017eelien\u0117 \u2013 psicholog\u0117-psichoterapeut\u0117, pedagog\u0117, knyg\u0173 \u201eSeptynios did\u017eiosios nuod\u0117m\u0117s psichologo kabinete\u201c ir \u201e\u017duvis medyje\u201c, tinklara\u0161\u010dio \u201eGyvoji psichologija\u201c ir daugyb\u0117s psichologini\u0173 straipsni\u0173 autor\u0117. Konsultuoja individualiai, vadovauja psichoterapin\u0117ms, profesinio augimo ir \u0161okio terapijos grup\u0117ms. Gyvena ir dirba Vilniuje. I\u0161tikus vidurio am\u017eiaus paauglystei ir pasibaigus \u012fprast\u0173 gyvenimo tiksl\u0173 s\u0105ra\u0161ui: baigti mokslus, susirasti darb\u0105, sukurti \u0161eim\u0105 ir u\u017eauginti vaikus, supratau, kad at\u0117jo laikas improvizuoti. Kilusias id\u0117jas, k\u0105 dar b\u016bt\u0173 galima nuveikti, kai jau viskas, regis, nuveikta, pirmiau patikrinau prakti\u0161kai, o paskui tarsi stiklo karoliukus suv\u0117riau \u012f ilg\u0105 v\u0117rin\u012f. Rasite \u010dia visko: nostalgijos, vilties, asmeni\u0161kum\u0173 ir psichologijos mokslo tyrim\u0173. Ra\u0161au ir apie pomidor\u0173 auginim\u0105, ir net apie fariziejus. V\u0117rinys i\u0161\u0117jo spalvotas, kaip ir pats gyvenimas. Mane pa\u010di\u0105 \u012fkvepiantis ir padr\u0105sinantis nesustoti augti, myl\u0117ti ir kurti. Dalinuosi juo su knygos skaitytojais. Moterimis ir vyrais, vidurio am\u017eiaus paaugliais ar besirengian\u010diais jais tapti. Tikiu, kad kiekvienas i\u0161 j\u016bs\u0173 susiversite ka\u017ek\u0105 savito ir orginalaus, nes mes, vidurio am\u017eiaus paaugliai, esame ne\u012ftik\u0117tinai dr\u0105s\u016bs ir k\u016brybingi. Supratau tai \u0161i\u0105 knyg\u0105 bera\u0161ydama\u2026 Lina V\u0117\u017eelien\u0117\",\"breadcrumb\":{\"@id\":\"https:\/\/skaitytaknyga.lt\/produktas\/lina-vezeliene-vidurio-amziaus-paauglyste\/#breadcrumb\"},\"inLanguage\":\"en-GB\",\"potentialAction\":[{\"@type\":\"ReadAction\",\"target\":[\"https:\/\/skaitytaknyga.lt\/produktas\/lina-vezeliene-vidurio-amziaus-paauglyste\/\"]}]},{\"@type\":\"ImageObject\",\"inLanguage\":\"en-GB\",\"@id\":\"https:\/\/skaitytaknyga.lt\/produktas\/lina-vezeliene-vidurio-amziaus-paauglyste\/#primaryimage\",\"url\":\"https:\/\/skaitytaknyga.lt\/wp-content\/uploads\/2024\/05\/vidurio-amziaus-paauglyste-1.jpg\",\"contentUrl\":\"https:\/\/skaitytaknyga.lt\/wp-content\/uploads\/2024\/05\/vidurio-amziaus-paauglyste-1.jpg\",\"width\":388,\"height\":582},{\"@type\":\"BreadcrumbList\",\"@id\":\"https:\/\/skaitytaknyga.lt\/produktas\/lina-vezeliene-vidurio-amziaus-paauglyste\/#breadcrumb\",\"itemListElement\":[{\"@type\":\"ListItem\",\"position\":1,\"name\":\"Home\",\"item\":\"https:\/\/skaitytaknyga.lt\/\"},{\"@type\":\"ListItem\",\"position\":2,\"name\":\"Parduotuv\u0117\",\"item\":\"https:\/\/skaitytaknyga.lt\/knygu-parduotuve\/\"},{\"@type\":\"ListItem\",\"position\":3,\"name\":\"Lina V\u0117\u017eelien\u0117 \u201eVidurio am\u017eiaus paauglyst\u0117\u201c\"}]},{\"@type\":\"WebSite\",\"@id\":\"https:\/\/skaitytaknyga.lt\/#website\",\"url\":\"https:\/\/skaitytaknyga.lt\/\",\"name\":\"skaitytaknyga.lt\",\"description\":\"Skaitytaknyga.lt \u2013 tai ma\u017eas \u0161eimos verslas, kuris prasid\u0117jo nuo meil\u0117s knygoms ir siekio i\u0161gelb\u0117ti knygas nuo likimo prie konteinerio. Kas vienam nereikalingas daiktas \u2013 kitam lobis, o mes esame tarpininkai, kurie padeda abiems tapti laimingesniems ???? \u017dinome kaip nelengva i\u0161gyventi ma\u017eiems verslams, tad nuo \u0161iol, \u010dia rasite ir kit\u0173, ma\u017e\u0173 \u0161eim\u0173 versl\u0173, rank\u0173 darbo, dovan\u0173 sau ir artimiesiems.\",\"publisher\":{\"@id\":\"https:\/\/skaitytaknyga.lt\/#organization\"},\"potentialAction\":[{\"@type\":\"SearchAction\",\"target\":{\"@type\":\"EntryPoint\",\"urlTemplate\":\"https:\/\/skaitytaknyga.lt\/?s={search_term_string}\"},\"query-input\":{\"@type\":\"PropertyValueSpecification\",\"valueRequired\":true,\"valueName\":\"search_term_string\"}}],\"inLanguage\":\"en-GB\"},{\"@type\":\"Organization\",\"@id\":\"https:\/\/skaitytaknyga.lt\/#organization\",\"name\":\"skaitytaknyga.lt\",\"url\":\"https:\/\/skaitytaknyga.lt\/\",\"logo\":{\"@type\":\"ImageObject\",\"inLanguage\":\"en-GB\",\"@id\":\"https:\/\/skaitytaknyga.lt\/#\/schema\/logo\/image\/\",\"url\":\"https:\/\/skaitytaknyga.lt\/wp-content\/uploads\/2024\/05\/cropped-cropped-cropped-02_00843_jt3bggkj1j3HLc7SyY6rEUpg.jpeg\",\"contentUrl\":\"https:\/\/skaitytaknyga.lt\/wp-content\/uploads\/2024\/05\/cropped-cropped-cropped-02_00843_jt3bggkj1j3HLc7SyY6rEUpg.jpeg\",\"width\":1600,\"height\":1600,\"caption\":\"skaitytaknyga.lt\"},\"image\":{\"@id\":\"https:\/\/skaitytaknyga.lt\/#\/schema\/logo\/image\/\"},\"sameAs\":[\"https:\/\/www.facebook.com\/skaitytaknyga\/\"]}]}<\/script>\n<!-- \/ Yoast SEO plugin. -->","yoast_head_json":{"title":"Lina V\u0117\u017eelien\u0117 \u201eVidurio am\u017eiaus paauglyst\u0117\u201c - Skaitytaknyga","description":"Lina V\u0117\u017eelien\u0117 \u2013 psicholog\u0117-psichoterapeut\u0117, pedagog\u0117, knyg\u0173 \u201eSeptynios did\u017eiosios nuod\u0117m\u0117s psichologo kabinete\u201c ir \u201e\u017duvis medyje\u201c, tinklara\u0161\u010dio \u201eGyvoji psichologija\u201c ir daugyb\u0117s psichologini\u0173 straipsni\u0173 autor\u0117. Konsultuoja individualiai, vadovauja psichoterapin\u0117ms, profesinio augimo ir \u0161okio terapijos grup\u0117ms. Gyvena ir dirba Vilniuje.  I\u0161tikus vidurio am\u017eiaus paauglystei ir pasibaigus \u012fprast\u0173 gyvenimo tiksl\u0173 s\u0105ra\u0161ui: baigti mokslus, susirasti darb\u0105, sukurti \u0161eim\u0105 ir u\u017eauginti vaikus, supratau, kad at\u0117jo laikas improvizuoti. Kilusias id\u0117jas, k\u0105 dar b\u016bt\u0173 galima nuveikti, kai jau viskas, regis, nuveikta, pirmiau patikrinau prakti\u0161kai, o paskui tarsi stiklo karoliukus suv\u0117riau \u012f ilg\u0105 v\u0117rin\u012f. Rasite \u010dia visko: nostalgijos, vilties, asmeni\u0161kum\u0173 ir psichologijos mokslo tyrim\u0173. Ra\u0161au ir apie pomidor\u0173 auginim\u0105, ir net apie fariziejus. V\u0117rinys i\u0161\u0117jo spalvotas, kaip ir pats gyvenimas. Mane pa\u010di\u0105 \u012fkvepiantis ir padr\u0105sinantis nesustoti augti, myl\u0117ti ir kurti. Dalinuosi juo su knygos skaitytojais. Moterimis ir vyrais, vidurio am\u017eiaus paaugliais ar besirengian\u010diais jais tapti. Tikiu, kad kiekvienas i\u0161 j\u016bs\u0173 susiversite ka\u017ek\u0105 savito ir orginalaus, nes mes, vidurio am\u017eiaus paaugliai, esame ne\u012ftik\u0117tinai dr\u0105s\u016bs ir k\u016brybingi. Supratau tai \u0161i\u0105 knyg\u0105 bera\u0161ydama\u2026 Lina V\u0117\u017eelien\u0117","robots":{"index":"index","follow":"follow","max-snippet":"max-snippet:-1","max-image-preview":"max-image-preview:large","max-video-preview":"max-video-preview:-1"},"canonical":"https:\/\/skaitytaknyga.lt\/en\/produktas\/lina-vezeliene-vidurio-amziaus-paauglyste\/","og_locale":"en_GB","og_type":"article","og_title":"Lina V\u0117\u017eelien\u0117 \u201eVidurio am\u017eiaus paauglyst\u0117\u201c - Skaitytaknyga","og_description":"Lina V\u0117\u017eelien\u0117 \u2013 psicholog\u0117-psichoterapeut\u0117, pedagog\u0117, knyg\u0173 \u201eSeptynios did\u017eiosios nuod\u0117m\u0117s psichologo kabinete\u201c ir \u201e\u017duvis medyje\u201c, tinklara\u0161\u010dio \u201eGyvoji psichologija\u201c ir daugyb\u0117s psichologini\u0173 straipsni\u0173 autor\u0117. Konsultuoja individualiai, vadovauja psichoterapin\u0117ms, profesinio augimo ir \u0161okio terapijos grup\u0117ms. Gyvena ir dirba Vilniuje.  I\u0161tikus vidurio am\u017eiaus paauglystei ir pasibaigus \u012fprast\u0173 gyvenimo tiksl\u0173 s\u0105ra\u0161ui: baigti mokslus, susirasti darb\u0105, sukurti \u0161eim\u0105 ir u\u017eauginti vaikus, supratau, kad at\u0117jo laikas improvizuoti. Kilusias id\u0117jas, k\u0105 dar b\u016bt\u0173 galima nuveikti, kai jau viskas, regis, nuveikta, pirmiau patikrinau prakti\u0161kai, o paskui tarsi stiklo karoliukus suv\u0117riau \u012f ilg\u0105 v\u0117rin\u012f. Rasite \u010dia visko: nostalgijos, vilties, asmeni\u0161kum\u0173 ir psichologijos mokslo tyrim\u0173. Ra\u0161au ir apie pomidor\u0173 auginim\u0105, ir net apie fariziejus. V\u0117rinys i\u0161\u0117jo spalvotas, kaip ir pats gyvenimas. Mane pa\u010di\u0105 \u012fkvepiantis ir padr\u0105sinantis nesustoti augti, myl\u0117ti ir kurti. Dalinuosi juo su knygos skaitytojais. Moterimis ir vyrais, vidurio am\u017eiaus paaugliais ar besirengian\u010diais jais tapti. Tikiu, kad kiekvienas i\u0161 j\u016bs\u0173 susiversite ka\u017ek\u0105 savito ir orginalaus, nes mes, vidurio am\u017eiaus paaugliai, esame ne\u012ftik\u0117tinai dr\u0105s\u016bs ir k\u016brybingi. Supratau tai \u0161i\u0105 knyg\u0105 bera\u0161ydama\u2026 Lina V\u0117\u017eelien\u0117","og_url":"https:\/\/skaitytaknyga.lt\/en\/produktas\/lina-vezeliene-vidurio-amziaus-paauglyste\/","og_site_name":"Skaitytaknyga","article_publisher":"https:\/\/www.facebook.com\/skaitytaknyga\/","article_modified_time":"2025-10-16T15:18:19+00:00","og_image":[{"width":388,"height":582,"url":"https:\/\/skaitytaknyga.lt\/wp-content\/uploads\/2024\/05\/vidurio-amziaus-paauglyste-1.jpg","type":"image\/jpeg"}],"twitter_card":"summary_large_image","schema":{"@context":"https:\/\/schema.org","@graph":[{"@type":"WebPage","@id":"https:\/\/skaitytaknyga.lt\/produktas\/lina-vezeliene-vidurio-amziaus-paauglyste\/","url":"https:\/\/skaitytaknyga.lt\/produktas\/lina-vezeliene-vidurio-amziaus-paauglyste\/","name":"Lina V\u0117\u017eelien\u0117 \u201eVidurio am\u017eiaus paauglyst\u0117\u201c - Skaitytaknyga","isPartOf":{"@id":"https:\/\/skaitytaknyga.lt\/#website"},"primaryImageOfPage":{"@id":"https:\/\/skaitytaknyga.lt\/produktas\/lina-vezeliene-vidurio-amziaus-paauglyste\/#primaryimage"},"image":{"@id":"https:\/\/skaitytaknyga.lt\/produktas\/lina-vezeliene-vidurio-amziaus-paauglyste\/#primaryimage"},"thumbnailUrl":"https:\/\/skaitytaknyga.lt\/wp-content\/uploads\/2024\/05\/vidurio-amziaus-paauglyste-1.jpg","datePublished":"2024-05-23T10:09:17+00:00","dateModified":"2025-10-16T15:18:19+00:00","description":"Lina V\u0117\u017eelien\u0117 \u2013 psicholog\u0117-psichoterapeut\u0117, pedagog\u0117, knyg\u0173 \u201eSeptynios did\u017eiosios nuod\u0117m\u0117s psichologo kabinete\u201c ir \u201e\u017duvis medyje\u201c, tinklara\u0161\u010dio \u201eGyvoji psichologija\u201c ir daugyb\u0117s psichologini\u0173 straipsni\u0173 autor\u0117. Konsultuoja individualiai, vadovauja psichoterapin\u0117ms, profesinio augimo ir \u0161okio terapijos grup\u0117ms. Gyvena ir dirba Vilniuje. I\u0161tikus vidurio am\u017eiaus paauglystei ir pasibaigus \u012fprast\u0173 gyvenimo tiksl\u0173 s\u0105ra\u0161ui: baigti mokslus, susirasti darb\u0105, sukurti \u0161eim\u0105 ir u\u017eauginti vaikus, supratau, kad at\u0117jo laikas improvizuoti. Kilusias id\u0117jas, k\u0105 dar b\u016bt\u0173 galima nuveikti, kai jau viskas, regis, nuveikta, pirmiau patikrinau prakti\u0161kai, o paskui tarsi stiklo karoliukus suv\u0117riau \u012f ilg\u0105 v\u0117rin\u012f. Rasite \u010dia visko: nostalgijos, vilties, asmeni\u0161kum\u0173 ir psichologijos mokslo tyrim\u0173. Ra\u0161au ir apie pomidor\u0173 auginim\u0105, ir net apie fariziejus. V\u0117rinys i\u0161\u0117jo spalvotas, kaip ir pats gyvenimas. Mane pa\u010di\u0105 \u012fkvepiantis ir padr\u0105sinantis nesustoti augti, myl\u0117ti ir kurti. Dalinuosi juo su knygos skaitytojais. Moterimis ir vyrais, vidurio am\u017eiaus paaugliais ar besirengian\u010diais jais tapti. Tikiu, kad kiekvienas i\u0161 j\u016bs\u0173 susiversite ka\u017ek\u0105 savito ir orginalaus, nes mes, vidurio am\u017eiaus paaugliai, esame ne\u012ftik\u0117tinai dr\u0105s\u016bs ir k\u016brybingi. Supratau tai \u0161i\u0105 knyg\u0105 bera\u0161ydama\u2026 Lina V\u0117\u017eelien\u0117","breadcrumb":{"@id":"https:\/\/skaitytaknyga.lt\/produktas\/lina-vezeliene-vidurio-amziaus-paauglyste\/#breadcrumb"},"inLanguage":"en-GB","potentialAction":[{"@type":"ReadAction","target":["https:\/\/skaitytaknyga.lt\/produktas\/lina-vezeliene-vidurio-amziaus-paauglyste\/"]}]},{"@type":"ImageObject","inLanguage":"en-GB","@id":"https:\/\/skaitytaknyga.lt\/produktas\/lina-vezeliene-vidurio-amziaus-paauglyste\/#primaryimage","url":"https:\/\/skaitytaknyga.lt\/wp-content\/uploads\/2024\/05\/vidurio-amziaus-paauglyste-1.jpg","contentUrl":"https:\/\/skaitytaknyga.lt\/wp-content\/uploads\/2024\/05\/vidurio-amziaus-paauglyste-1.jpg","width":388,"height":582},{"@type":"BreadcrumbList","@id":"https:\/\/skaitytaknyga.lt\/produktas\/lina-vezeliene-vidurio-amziaus-paauglyste\/#breadcrumb","itemListElement":[{"@type":"ListItem","position":1,"name":"Home","item":"https:\/\/skaitytaknyga.lt\/"},{"@type":"ListItem","position":2,"name":"Parduotuv\u0117","item":"https:\/\/skaitytaknyga.lt\/knygu-parduotuve\/"},{"@type":"ListItem","position":3,"name":"Lina V\u0117\u017eelien\u0117 \u201eVidurio am\u017eiaus paauglyst\u0117\u201c"}]},{"@type":"WebSite","@id":"https:\/\/skaitytaknyga.lt\/#website","url":"https:\/\/skaitytaknyga.lt\/","name":"skaitytaknyga.lt","description":"Skaitytaknyga.lt \u2013 tai ma\u017eas \u0161eimos verslas, kuris prasid\u0117jo nuo meil\u0117s knygoms ir siekio i\u0161gelb\u0117ti knygas nuo likimo prie konteinerio. Kas vienam nereikalingas daiktas \u2013 kitam lobis, o mes esame tarpininkai, kurie padeda abiems tapti laimingesniems ???? \u017dinome kaip nelengva i\u0161gyventi ma\u017eiems verslams, tad nuo \u0161iol, \u010dia rasite ir kit\u0173, ma\u017e\u0173 \u0161eim\u0173 versl\u0173, rank\u0173 darbo, dovan\u0173 sau ir artimiesiems.","publisher":{"@id":"https:\/\/skaitytaknyga.lt\/#organization"},"potentialAction":[{"@type":"SearchAction","target":{"@type":"EntryPoint","urlTemplate":"https:\/\/skaitytaknyga.lt\/?s={search_term_string}"},"query-input":{"@type":"PropertyValueSpecification","valueRequired":true,"valueName":"search_term_string"}}],"inLanguage":"en-GB"},{"@type":"Organization","@id":"https:\/\/skaitytaknyga.lt\/#organization","name":"skaitytaknyga.lt","url":"https:\/\/skaitytaknyga.lt\/","logo":{"@type":"ImageObject","inLanguage":"en-GB","@id":"https:\/\/skaitytaknyga.lt\/#\/schema\/logo\/image\/","url":"https:\/\/skaitytaknyga.lt\/wp-content\/uploads\/2024\/05\/cropped-cropped-cropped-02_00843_jt3bggkj1j3HLc7SyY6rEUpg.jpeg","contentUrl":"https:\/\/skaitytaknyga.lt\/wp-content\/uploads\/2024\/05\/cropped-cropped-cropped-02_00843_jt3bggkj1j3HLc7SyY6rEUpg.jpeg","width":1600,"height":1600,"caption":"skaitytaknyga.lt"},"image":{"@id":"https:\/\/skaitytaknyga.lt\/#\/schema\/logo\/image\/"},"sameAs":["https:\/\/www.facebook.com\/skaitytaknyga\/"]}]}},"_links":{"self":[{"href":"https:\/\/skaitytaknyga.lt\/en\/wp-json\/wp\/v2\/product\/11822","targetHints":{"allow":["GET"]}}],"collection":[{"href":"https:\/\/skaitytaknyga.lt\/en\/wp-json\/wp\/v2\/product"}],"about":[{"href":"https:\/\/skaitytaknyga.lt\/en\/wp-json\/wp\/v2\/types\/product"}],"replies":[{"embeddable":true,"href":"https:\/\/skaitytaknyga.lt\/en\/wp-json\/wp\/v2\/comments?post=11822"}],"wp:featuredmedia":[{"embeddable":true,"href":"https:\/\/skaitytaknyga.lt\/en\/wp-json\/wp\/v2\/media\/11823"}],"wp:attachment":[{"href":"https:\/\/skaitytaknyga.lt\/en\/wp-json\/wp\/v2\/media?parent=11822"}],"wp:term":[{"taxonomy":"product_brand","embeddable":true,"href":"https:\/\/skaitytaknyga.lt\/en\/wp-json\/wp\/v2\/product_brand?post=11822"},{"taxonomy":"product_cat","embeddable":true,"href":"https:\/\/skaitytaknyga.lt\/en\/wp-json\/wp\/v2\/product_cat?post=11822"},{"taxonomy":"product_tag","embeddable":true,"href":"https:\/\/skaitytaknyga.lt\/en\/wp-json\/wp\/v2\/product_tag?post=11822"}],"curies":[{"name":"wp","href":"https:\/\/api.w.org\/{rel}","templated":true}]}}