{"id":11819,"date":"2024-05-23T10:03:14","date_gmt":"2024-05-23T10:03:14","guid":{"rendered":"https:\/\/skaitytaknyga.lt\/?post_type=product&#038;p=11819"},"modified":"2026-02-26T18:30:22","modified_gmt":"2026-02-26T16:30:22","slug":"robin-sharma-slapti-vienuolio-kuris-pardave-ferrari-laiskai","status":"publish","type":"product","link":"https:\/\/skaitytaknyga.lt\/en\/produktas\/robin-sharma-slapti-vienuolio-kuris-pardave-ferrari-laiskai\/","title":{"rendered":"Robin Sharma \u201eSlapti vienuolio, kuris pardav\u0117 \u201eFerrar\u012f\u201c, lai\u0161kai\u201c"},"content":{"rendered":"<p>D\u017eonatanas Landris buvo \u017emogus, kuriam nesisek\u0117.<\/p>\n<p>Ir \u0161tai jis kart\u0105 keistomis aplinkyb\u0117mis susitiko su savo giminai\u010diu D\u017eulianu Mantliu. D\u017eulianas kitados buvo s\u0117km\u0117s lydimas advokatas, ta\u010diau vien\u0105 dien\u0105 jis netik\u0117tai met\u0117 \u0161\u012f pelning\u0105 darb\u0105 ir i\u0161vyko \u012f nuo\u0161al\u0173 Himalaj\u0173 kaimel\u012f. Gr\u012f\u017eo visi\u0161kai pasikeit\u0119s&#8230; Dabar jis i\u0161siunt\u0117 D\u017eonatan\u0105 \u012f kelion\u0119 aplink pasaul\u012f, kad \u0161is surinkt\u0173 labai svarbius lai\u0161kus, kurie es\u0105 \u201eturi galios i\u0161gelb\u0117ti \u017emogui gyvyb\u0119\u201c.<\/p>\n<p>D\u017eonatanas per \u0161i\u0105 \u012fstabi\u0105 kelion\u0119 aplank\u0117 tango studij\u0105 Buenos Air\u0117se, baugias Pary\u017eiaus katakombas, blizgan\u010dius \u0160anchajaus dangorai\u017eius, atkampi\u0105 Keip Bretono sal\u0105 Kanados \u0161iaur\u0117je, paslaptingas maj\u0173 piramides&#8230; Kiekvienoje \u0161i\u0173 viet\u0173 jis rado po vien\u0105 slapt\u0105 vienuolio, kuris pardav\u0117 Ferrar\u012f, lai\u0161k\u0105. Juose kalbama, kaip atgauti savo galias, gyventi tikr\u0105 gyvenim\u0105 ir be baim\u0117s siekti pa\u010di\u0173 did\u017eiausi\u0173 tiksl\u0173.<\/p>\n","protected":false},"excerpt":{"rendered":"<p>D\u017dONATANAS LANDRIS BUVO \u017dMOGUS, KURIAM NESISEK\u0116.<\/p>\n<p>Ir \u0161tai jis netik\u0117tai susitiko su savo giminai\u010diu D\u017eulianu Mantliu. D\u017eulianas kitados buvo s\u0117km\u0117s lydimas teisininkas, ta\u010diau atsisak\u0117 karjeros ir i\u0161vyko \u012f nuo\u0161al\u0173 Himalaj\u0173 kaimel\u012f. Dabar jis i\u0161siunt\u0117 nes\u0117kmi\u0173 kamuojam\u0105 D\u017eonatan\u0105 \u012f kelion\u0119 aplink pasaul\u012f, kad \u0161is surast\u0173 labai svarbius lai\u0161kus ir devynis sakralinius talismanus, padedan\u010dius patirti laim\u0119, artinan\u010dius prie s\u0117km\u0117s ir atskleid\u017eian\u010dius \u017emogaus gyvenimo prasm\u0119.<\/p>\n<p>D\u017eonatanas Landris aplank\u0117 tango studij\u0105 Buenos Air\u0117se, Stambul\u0105, katakombas Pary\u017eiuje, blizgan\u010dius \u0160anchajaus dangorai\u017eius, paslapting\u0105 Sedonos dykum\u0105, nuostabiais meno k\u016briniais gars\u0117jan\u010di\u0105 Barselon\u0105, maj\u0173 piramides Meksikoje, atkampi\u0105 sal\u0105 Kanados \u0161iaur\u0117je, Tad\u017e Mahal\u0105 Indijoje&#8230; Keliaudamas sutinka \u012fstabi\u0173 \u017emoni\u0173 \u2013 D\u017euliano draug\u0173, o \u0161ie jam drauge su smulku\u010diais talismanais \u012fteikia ir pergamente sura\u0161ytus tekstus, savo laiku pakeitusius j\u0173, o dabar kei\u010dian\u010dius ir D\u017eonatano gyvenim\u0105. Gal tie lai\u0161kai pad\u0117s pakeisti ir j\u016bsi\u0161k\u012f&#8230;<\/p>\n","protected":false},"featured_media":23193,"comment_status":"closed","ping_status":"closed","template":"","meta":{"_acf_changed":false,"site-sidebar-layout":"default","site-content-layout":"","ast-site-content-layout":"default","site-content-style":"default","site-sidebar-style":"default","ast-global-header-display":"","ast-banner-title-visibility":"","ast-main-header-display":"","ast-hfb-above-header-display":"","ast-hfb-below-header-display":"","ast-hfb-mobile-header-display":"","site-post-title":"","ast-breadcrumbs-content":"","ast-featured-img":"","footer-sml-layout":"","ast-disable-related-posts":"","theme-transparent-header-meta":"default","adv-header-id-meta":"","stick-header-meta":"","header-above-stick-meta":"","header-main-stick-meta":"","header-below-stick-meta":"","astra-migrate-meta-layouts":"set","ast-page-background-enabled":"default","ast-page-background-meta":{"desktop":{"background-color":"","background-image":"","background-repeat":"repeat","background-position":"center center","background-size":"auto","background-attachment":"scroll","background-type":"","background-media":"","overlay-type":"","overlay-color":"","overlay-opacity":"","overlay-gradient":""},"tablet":{"background-color":"","background-image":"","background-repeat":"repeat","background-position":"center center","background-size":"auto","background-attachment":"scroll","background-type":"","background-media":"","overlay-type":"","overlay-color":"","overlay-opacity":"","overlay-gradient":""},"mobile":{"background-color":"","background-image":"","background-repeat":"repeat","background-position":"center center","background-size":"auto","background-attachment":"scroll","background-type":"","background-media":"","overlay-type":"","overlay-color":"","overlay-opacity":"","overlay-gradient":""}},"ast-content-background-meta":{"desktop":{"background-color":"var(--ast-global-color-4)","background-image":"","background-repeat":"repeat","background-position":"center center","background-size":"auto","background-attachment":"scroll","background-type":"","background-media":"","overlay-type":"","overlay-color":"","overlay-opacity":"","overlay-gradient":""},"tablet":{"background-color":"var(--ast-global-color-4)","background-image":"","background-repeat":"repeat","background-position":"center center","background-size":"auto","background-attachment":"scroll","background-type":"","background-media":"","overlay-type":"","overlay-color":"","overlay-opacity":"","overlay-gradient":""},"mobile":{"background-color":"var(--ast-global-color-4)","background-image":"","background-repeat":"repeat","background-position":"center center","background-size":"auto","background-attachment":"scroll","background-type":"","background-media":"","overlay-type":"","overlay-color":"","overlay-opacity":"","overlay-gradient":""}}},"product_brand":[],"product_cat":[30,26],"product_tag":[1994,1409,3112,1396,3136],"class_list":{"0":"post-11819","1":"product","2":"type-product","3":"status-publish","4":"has-post-thumbnail","6":"product_cat-psichologija-ir-saviugda","7":"product_cat-verslas-vadyba-ir-finansai","8":"product_tag-dvasinis-augimas","9":"product_tag-motyvacija","10":"product_tag-robin-sharma","11":"product_tag-saviugda","12":"product_tag-vienuolio-laiskai","13":"desktop-align-left","14":"tablet-align-left","15":"mobile-align-left","17":"first","18":"instock","19":"shipping-taxable","20":"purchasable","21":"product-type-simple"},"acf":[],"yoast_head":"<!-- This site is optimized with the Yoast SEO plugin v27.0 - https:\/\/yoast.com\/product\/yoast-seo-wordpress\/ -->\n<title>Robin Sharma \u201eSlapti vienuolio, kuris pardav\u0117 \u201eFerrar\u012f\u201c, lai\u0161kai\u201c<\/title>\n<meta name=\"description\" content=\"D\u017dONATANAS LANDRIS BUVO \u017dMOGUS, KURIAM NESISEK\u0116.  Ir \u0161tai jis netik\u0117tai susitiko su savo giminai\u010diu D\u017eulianu Mantliu. D\u017eulianas kitados buvo s\u0117km\u0117s lydimas teisininkas, ta\u010diau atsisak\u0117 karjeros ir i\u0161vyko \u012f nuo\u0161al\u0173 Himalaj\u0173 kaimel\u012f. Dabar jis i\u0161siunt\u0117 nes\u0117kmi\u0173 kamuojam\u0105 D\u017eonatan\u0105 \u012f kelion\u0119 aplink pasaul\u012f, kad \u0161is surast\u0173 labai svarbius lai\u0161kus ir devynis sakralinius talismanus, padedan\u010dius patirti laim\u0119, artinan\u010dius prie s\u0117km\u0117s ir atskleid\u017eian\u010dius \u017emogaus gyvenimo prasm\u0119.  D\u017eonatanas Landris aplank\u0117 tango studij\u0105 Buenos Air\u0117se, Stambul\u0105, katakombas Pary\u017eiuje, blizgan\u010dius \u0160anchajaus dangorai\u017eius, paslapting\u0105 Sedonos dykum\u0105, nuostabiais meno k\u016briniais gars\u0117jan\u010di\u0105 Barselon\u0105, maj\u0173 piramides Meksikoje, atkampi\u0105 sal\u0105 Kanados \u0161iaur\u0117je, Tad\u017e Mahal\u0105 Indijoje... Keliaudamas sutinka \u012fstabi\u0173 \u017emoni\u0173 \u2013 D\u017euliano draug\u0173, o \u0161ie jam drauge su smulku\u010diais talismanais \u012fteikia ir pergamente sura\u0161ytus tekstus, savo laiku pakeitusius j\u0173, o dabar kei\u010dian\u010dius ir D\u017eonatano gyvenim\u0105. Gal tie lai\u0161kai pad\u0117s pakeisti ir j\u016bsi\u0161k\u012f...\" \/>\n<meta name=\"robots\" content=\"index, follow, max-snippet:-1, max-image-preview:large, max-video-preview:-1\" \/>\n<link rel=\"canonical\" href=\"https:\/\/skaitytaknyga.lt\/en\/produktas\/robin-sharma-slapti-vienuolio-kuris-pardave-ferrari-laiskai\/\" \/>\n<meta property=\"og:locale\" content=\"en_GB\" \/>\n<meta property=\"og:locale:alternate\" content=\"lt_LT\" \/>\n<meta property=\"og:type\" content=\"article\" \/>\n<meta property=\"og:title\" content=\"Robin Sharma \u201eSlapti vienuolio, kuris pardav\u0117 \u201eFerrar\u012f\u201c, lai\u0161kai\u201c\" \/>\n<meta property=\"og:description\" content=\"D\u017dONATANAS LANDRIS BUVO \u017dMOGUS, KURIAM NESISEK\u0116.  Ir \u0161tai jis netik\u0117tai susitiko su savo giminai\u010diu D\u017eulianu Mantliu. D\u017eulianas kitados buvo s\u0117km\u0117s lydimas teisininkas, ta\u010diau atsisak\u0117 karjeros ir i\u0161vyko \u012f nuo\u0161al\u0173 Himalaj\u0173 kaimel\u012f. Dabar jis i\u0161siunt\u0117 nes\u0117kmi\u0173 kamuojam\u0105 D\u017eonatan\u0105 \u012f kelion\u0119 aplink pasaul\u012f, kad \u0161is surast\u0173 labai svarbius lai\u0161kus ir devynis sakralinius talismanus, padedan\u010dius patirti laim\u0119, artinan\u010dius prie s\u0117km\u0117s ir atskleid\u017eian\u010dius \u017emogaus gyvenimo prasm\u0119.  D\u017eonatanas Landris aplank\u0117 tango studij\u0105 Buenos Air\u0117se, Stambul\u0105, katakombas Pary\u017eiuje, blizgan\u010dius \u0160anchajaus dangorai\u017eius, paslapting\u0105 Sedonos dykum\u0105, nuostabiais meno k\u016briniais gars\u0117jan\u010di\u0105 Barselon\u0105, maj\u0173 piramides Meksikoje, atkampi\u0105 sal\u0105 Kanados \u0161iaur\u0117je, Tad\u017e Mahal\u0105 Indijoje... Keliaudamas sutinka \u012fstabi\u0173 \u017emoni\u0173 \u2013 D\u017euliano draug\u0173, o \u0161ie jam drauge su smulku\u010diais talismanais \u012fteikia ir pergamente sura\u0161ytus tekstus, savo laiku pakeitusius j\u0173, o dabar kei\u010dian\u010dius ir D\u017eonatano gyvenim\u0105. Gal tie lai\u0161kai pad\u0117s pakeisti ir j\u016bsi\u0161k\u012f...\" \/>\n<meta property=\"og:url\" content=\"https:\/\/skaitytaknyga.lt\/en\/produktas\/robin-sharma-slapti-vienuolio-kuris-pardave-ferrari-laiskai\/\" \/>\n<meta property=\"og:site_name\" content=\"Skaitytaknyga\" \/>\n<meta property=\"article:publisher\" content=\"https:\/\/www.facebook.com\/skaitytaknyga\/\" \/>\n<meta property=\"article:modified_time\" content=\"2026-02-26T16:30:22+00:00\" \/>\n<meta property=\"og:image\" content=\"https:\/\/skaitytaknyga.lt\/wp-content\/uploads\/2024\/07\/skaitytaknyga.png\" \/>\n\t<meta property=\"og:image:width\" content=\"747\" \/>\n\t<meta property=\"og:image:height\" content=\"496\" \/>\n\t<meta property=\"og:image:type\" content=\"image\/png\" \/>\n<meta name=\"twitter:card\" content=\"summary_large_image\" \/>\n<meta name=\"twitter:label1\" content=\"Estimated reading time\" \/>\n\t<meta name=\"twitter:data1\" content=\"1 minute\" \/>\n<script type=\"application\/ld+json\" class=\"yoast-schema-graph\">{\"@context\":\"https:\/\/schema.org\",\"@graph\":[{\"@type\":\"WebPage\",\"@id\":\"https:\/\/skaitytaknyga.lt\/produktas\/robin-sharma-slapti-vienuolio-kuris-pardave-ferrari-laiskai\/\",\"url\":\"https:\/\/skaitytaknyga.lt\/produktas\/robin-sharma-slapti-vienuolio-kuris-pardave-ferrari-laiskai\/\",\"name\":\"Robin Sharma \u201eSlapti vienuolio, kuris pardav\u0117 \u201eFerrar\u012f\u201c, lai\u0161kai\u201c\",\"isPartOf\":{\"@id\":\"https:\/\/skaitytaknyga.lt\/#website\"},\"primaryImageOfPage\":{\"@id\":\"https:\/\/skaitytaknyga.lt\/produktas\/robin-sharma-slapti-vienuolio-kuris-pardave-ferrari-laiskai\/#primaryimage\"},\"image\":{\"@id\":\"https:\/\/skaitytaknyga.lt\/produktas\/robin-sharma-slapti-vienuolio-kuris-pardave-ferrari-laiskai\/#primaryimage\"},\"thumbnailUrl\":\"https:\/\/skaitytaknyga.lt\/wp-content\/uploads\/2024\/05\/Slapti-vienuolio-kuris-pardave-Ferrari-laiskai-1.webp\",\"datePublished\":\"2024-05-23T10:03:14+00:00\",\"dateModified\":\"2026-02-26T16:30:22+00:00\",\"description\":\"D\u017dONATANAS LANDRIS BUVO \u017dMOGUS, KURIAM NESISEK\u0116. Ir \u0161tai jis netik\u0117tai susitiko su savo giminai\u010diu D\u017eulianu Mantliu. D\u017eulianas kitados buvo s\u0117km\u0117s lydimas teisininkas, ta\u010diau atsisak\u0117 karjeros ir i\u0161vyko \u012f nuo\u0161al\u0173 Himalaj\u0173 kaimel\u012f. Dabar jis i\u0161siunt\u0117 nes\u0117kmi\u0173 kamuojam\u0105 D\u017eonatan\u0105 \u012f kelion\u0119 aplink pasaul\u012f, kad \u0161is surast\u0173 labai svarbius lai\u0161kus ir devynis sakralinius talismanus, padedan\u010dius patirti laim\u0119, artinan\u010dius prie s\u0117km\u0117s ir atskleid\u017eian\u010dius \u017emogaus gyvenimo prasm\u0119. D\u017eonatanas Landris aplank\u0117 tango studij\u0105 Buenos Air\u0117se, Stambul\u0105, katakombas Pary\u017eiuje, blizgan\u010dius \u0160anchajaus dangorai\u017eius, paslapting\u0105 Sedonos dykum\u0105, nuostabiais meno k\u016briniais gars\u0117jan\u010di\u0105 Barselon\u0105, maj\u0173 piramides Meksikoje, atkampi\u0105 sal\u0105 Kanados \u0161iaur\u0117je, Tad\u017e Mahal\u0105 Indijoje... Keliaudamas sutinka \u012fstabi\u0173 \u017emoni\u0173 \u2013 D\u017euliano draug\u0173, o \u0161ie jam drauge su smulku\u010diais talismanais \u012fteikia ir pergamente sura\u0161ytus tekstus, savo laiku pakeitusius j\u0173, o dabar kei\u010dian\u010dius ir D\u017eonatano gyvenim\u0105. Gal tie lai\u0161kai pad\u0117s pakeisti ir j\u016bsi\u0161k\u012f...\",\"breadcrumb\":{\"@id\":\"https:\/\/skaitytaknyga.lt\/produktas\/robin-sharma-slapti-vienuolio-kuris-pardave-ferrari-laiskai\/#breadcrumb\"},\"inLanguage\":\"en-GB\",\"potentialAction\":[{\"@type\":\"ReadAction\",\"target\":[\"https:\/\/skaitytaknyga.lt\/produktas\/robin-sharma-slapti-vienuolio-kuris-pardave-ferrari-laiskai\/\"]}]},{\"@type\":\"ImageObject\",\"inLanguage\":\"en-GB\",\"@id\":\"https:\/\/skaitytaknyga.lt\/produktas\/robin-sharma-slapti-vienuolio-kuris-pardave-ferrari-laiskai\/#primaryimage\",\"url\":\"https:\/\/skaitytaknyga.lt\/wp-content\/uploads\/2024\/05\/Slapti-vienuolio-kuris-pardave-Ferrari-laiskai-1.webp\",\"contentUrl\":\"https:\/\/skaitytaknyga.lt\/wp-content\/uploads\/2024\/05\/Slapti-vienuolio-kuris-pardave-Ferrari-laiskai-1.webp\",\"width\":300,\"height\":435,\"caption\":\"Slapti vienuolio, kuris pardav\u0117 Ferrar\u012f, lai\u0161kai\"},{\"@type\":\"BreadcrumbList\",\"@id\":\"https:\/\/skaitytaknyga.lt\/produktas\/robin-sharma-slapti-vienuolio-kuris-pardave-ferrari-laiskai\/#breadcrumb\",\"itemListElement\":[{\"@type\":\"ListItem\",\"position\":1,\"name\":\"Home\",\"item\":\"https:\/\/skaitytaknyga.lt\/\"},{\"@type\":\"ListItem\",\"position\":2,\"name\":\"Parduotuv\u0117\",\"item\":\"https:\/\/skaitytaknyga.lt\/knygu-parduotuve\/\"},{\"@type\":\"ListItem\",\"position\":3,\"name\":\"Robin Sharma \u201eSlapti vienuolio, kuris pardav\u0117 \u201eFerrar\u012f\u201c, lai\u0161kai\u201c\"}]},{\"@type\":\"WebSite\",\"@id\":\"https:\/\/skaitytaknyga.lt\/#website\",\"url\":\"https:\/\/skaitytaknyga.lt\/\",\"name\":\"skaitytaknyga.lt\",\"description\":\"Skaitytaknyga.lt \u2013 tai ma\u017eas \u0161eimos verslas, kuris prasid\u0117jo nuo meil\u0117s knygoms ir siekio i\u0161gelb\u0117ti knygas nuo likimo prie konteinerio. Kas vienam nereikalingas daiktas \u2013 kitam lobis, o mes esame tarpininkai, kurie padeda abiems tapti laimingesniems ???? \u017dinome kaip nelengva i\u0161gyventi ma\u017eiems verslams, tad nuo \u0161iol, \u010dia rasite ir kit\u0173, ma\u017e\u0173 \u0161eim\u0173 versl\u0173, rank\u0173 darbo, dovan\u0173 sau ir artimiesiems.\",\"publisher\":{\"@id\":\"https:\/\/skaitytaknyga.lt\/#organization\"},\"potentialAction\":[{\"@type\":\"SearchAction\",\"target\":{\"@type\":\"EntryPoint\",\"urlTemplate\":\"https:\/\/skaitytaknyga.lt\/?s={search_term_string}\"},\"query-input\":{\"@type\":\"PropertyValueSpecification\",\"valueRequired\":true,\"valueName\":\"search_term_string\"}}],\"inLanguage\":\"en-GB\"},{\"@type\":\"Organization\",\"@id\":\"https:\/\/skaitytaknyga.lt\/#organization\",\"name\":\"skaitytaknyga.lt\",\"url\":\"https:\/\/skaitytaknyga.lt\/\",\"logo\":{\"@type\":\"ImageObject\",\"inLanguage\":\"en-GB\",\"@id\":\"https:\/\/skaitytaknyga.lt\/#\/schema\/logo\/image\/\",\"url\":\"https:\/\/skaitytaknyga.lt\/wp-content\/uploads\/2024\/05\/cropped-cropped-cropped-02_00843_jt3bggkj1j3HLc7SyY6rEUpg.jpeg\",\"contentUrl\":\"https:\/\/skaitytaknyga.lt\/wp-content\/uploads\/2024\/05\/cropped-cropped-cropped-02_00843_jt3bggkj1j3HLc7SyY6rEUpg.jpeg\",\"width\":1600,\"height\":1600,\"caption\":\"skaitytaknyga.lt\"},\"image\":{\"@id\":\"https:\/\/skaitytaknyga.lt\/#\/schema\/logo\/image\/\"},\"sameAs\":[\"https:\/\/www.facebook.com\/skaitytaknyga\/\"]}]}<\/script>\n<!-- \/ Yoast SEO plugin. -->","yoast_head_json":{"title":"Robin Sharma \u201eSlapti vienuolio, kuris pardav\u0117 \u201eFerrar\u012f\u201c, lai\u0161kai\u201c","description":"D\u017dONATANAS LANDRIS BUVO \u017dMOGUS, KURIAM NESISEK\u0116.  Ir \u0161tai jis netik\u0117tai susitiko su savo giminai\u010diu D\u017eulianu Mantliu. D\u017eulianas kitados buvo s\u0117km\u0117s lydimas teisininkas, ta\u010diau atsisak\u0117 karjeros ir i\u0161vyko \u012f nuo\u0161al\u0173 Himalaj\u0173 kaimel\u012f. Dabar jis i\u0161siunt\u0117 nes\u0117kmi\u0173 kamuojam\u0105 D\u017eonatan\u0105 \u012f kelion\u0119 aplink pasaul\u012f, kad \u0161is surast\u0173 labai svarbius lai\u0161kus ir devynis sakralinius talismanus, padedan\u010dius patirti laim\u0119, artinan\u010dius prie s\u0117km\u0117s ir atskleid\u017eian\u010dius \u017emogaus gyvenimo prasm\u0119.  D\u017eonatanas Landris aplank\u0117 tango studij\u0105 Buenos Air\u0117se, Stambul\u0105, katakombas Pary\u017eiuje, blizgan\u010dius \u0160anchajaus dangorai\u017eius, paslapting\u0105 Sedonos dykum\u0105, nuostabiais meno k\u016briniais gars\u0117jan\u010di\u0105 Barselon\u0105, maj\u0173 piramides Meksikoje, atkampi\u0105 sal\u0105 Kanados \u0161iaur\u0117je, Tad\u017e Mahal\u0105 Indijoje... Keliaudamas sutinka \u012fstabi\u0173 \u017emoni\u0173 \u2013 D\u017euliano draug\u0173, o \u0161ie jam drauge su smulku\u010diais talismanais \u012fteikia ir pergamente sura\u0161ytus tekstus, savo laiku pakeitusius j\u0173, o dabar kei\u010dian\u010dius ir D\u017eonatano gyvenim\u0105. Gal tie lai\u0161kai pad\u0117s pakeisti ir j\u016bsi\u0161k\u012f...","robots":{"index":"index","follow":"follow","max-snippet":"max-snippet:-1","max-image-preview":"max-image-preview:large","max-video-preview":"max-video-preview:-1"},"canonical":"https:\/\/skaitytaknyga.lt\/en\/produktas\/robin-sharma-slapti-vienuolio-kuris-pardave-ferrari-laiskai\/","og_locale":"en_GB","og_type":"article","og_title":"[:lt]Robin Sharma \u201eSlapti vienuolio, kuris pardav\u0117 \u201eFerrar\u012f\u201c, lai\u0161kai\u201c[:] - Skaitytaknyga","og_description":"D\u017dONATANAS LANDRIS BUVO \u017dMOGUS, KURIAM NESISEK\u0116.  Ir \u0161tai jis netik\u0117tai susitiko su savo giminai\u010diu D\u017eulianu Mantliu. D\u017eulianas kitados buvo s\u0117km\u0117s lydimas teisininkas, ta\u010diau atsisak\u0117 karjeros ir i\u0161vyko \u012f nuo\u0161al\u0173 Himalaj\u0173 kaimel\u012f. Dabar jis i\u0161siunt\u0117 nes\u0117kmi\u0173 kamuojam\u0105 D\u017eonatan\u0105 \u012f kelion\u0119 aplink pasaul\u012f, kad \u0161is surast\u0173 labai svarbius lai\u0161kus ir devynis sakralinius talismanus, padedan\u010dius patirti laim\u0119, artinan\u010dius prie s\u0117km\u0117s ir atskleid\u017eian\u010dius \u017emogaus gyvenimo prasm\u0119.  D\u017eonatanas Landris aplank\u0117 tango studij\u0105 Buenos Air\u0117se, Stambul\u0105, katakombas Pary\u017eiuje, blizgan\u010dius \u0160anchajaus dangorai\u017eius, paslapting\u0105 Sedonos dykum\u0105, nuostabiais meno k\u016briniais gars\u0117jan\u010di\u0105 Barselon\u0105, maj\u0173 piramides Meksikoje, atkampi\u0105 sal\u0105 Kanados \u0161iaur\u0117je, Tad\u017e Mahal\u0105 Indijoje... Keliaudamas sutinka \u012fstabi\u0173 \u017emoni\u0173 \u2013 D\u017euliano draug\u0173, o \u0161ie jam drauge su smulku\u010diais talismanais \u012fteikia ir pergamente sura\u0161ytus tekstus, savo laiku pakeitusius j\u0173, o dabar kei\u010dian\u010dius ir D\u017eonatano gyvenim\u0105. Gal tie lai\u0161kai pad\u0117s pakeisti ir j\u016bsi\u0161k\u012f...","og_url":"https:\/\/skaitytaknyga.lt\/en\/produktas\/robin-sharma-slapti-vienuolio-kuris-pardave-ferrari-laiskai\/","og_site_name":"Skaitytaknyga","article_publisher":"https:\/\/www.facebook.com\/skaitytaknyga\/","article_modified_time":"2026-02-26T16:30:22+00:00","og_image":[{"width":747,"height":496,"url":"https:\/\/skaitytaknyga.lt\/wp-content\/uploads\/2024\/07\/skaitytaknyga.png","type":"image\/png"}],"twitter_card":"summary_large_image","twitter_misc":{"Estimated reading time":"1 minute"},"schema":{"@context":"https:\/\/schema.org","@graph":[{"@type":"WebPage","@id":"https:\/\/skaitytaknyga.lt\/produktas\/robin-sharma-slapti-vienuolio-kuris-pardave-ferrari-laiskai\/","url":"https:\/\/skaitytaknyga.lt\/produktas\/robin-sharma-slapti-vienuolio-kuris-pardave-ferrari-laiskai\/","name":"Robin Sharma \u201eSlapti vienuolio, kuris pardav\u0117 \u201eFerrar\u012f\u201c, lai\u0161kai\u201c","isPartOf":{"@id":"https:\/\/skaitytaknyga.lt\/#website"},"primaryImageOfPage":{"@id":"https:\/\/skaitytaknyga.lt\/produktas\/robin-sharma-slapti-vienuolio-kuris-pardave-ferrari-laiskai\/#primaryimage"},"image":{"@id":"https:\/\/skaitytaknyga.lt\/produktas\/robin-sharma-slapti-vienuolio-kuris-pardave-ferrari-laiskai\/#primaryimage"},"thumbnailUrl":"https:\/\/skaitytaknyga.lt\/wp-content\/uploads\/2024\/05\/Slapti-vienuolio-kuris-pardave-Ferrari-laiskai-1.webp","datePublished":"2024-05-23T10:03:14+00:00","dateModified":"2026-02-26T16:30:22+00:00","description":"D\u017dONATANAS LANDRIS BUVO \u017dMOGUS, KURIAM NESISEK\u0116. Ir \u0161tai jis netik\u0117tai susitiko su savo giminai\u010diu D\u017eulianu Mantliu. D\u017eulianas kitados buvo s\u0117km\u0117s lydimas teisininkas, ta\u010diau atsisak\u0117 karjeros ir i\u0161vyko \u012f nuo\u0161al\u0173 Himalaj\u0173 kaimel\u012f. Dabar jis i\u0161siunt\u0117 nes\u0117kmi\u0173 kamuojam\u0105 D\u017eonatan\u0105 \u012f kelion\u0119 aplink pasaul\u012f, kad \u0161is surast\u0173 labai svarbius lai\u0161kus ir devynis sakralinius talismanus, padedan\u010dius patirti laim\u0119, artinan\u010dius prie s\u0117km\u0117s ir atskleid\u017eian\u010dius \u017emogaus gyvenimo prasm\u0119. D\u017eonatanas Landris aplank\u0117 tango studij\u0105 Buenos Air\u0117se, Stambul\u0105, katakombas Pary\u017eiuje, blizgan\u010dius \u0160anchajaus dangorai\u017eius, paslapting\u0105 Sedonos dykum\u0105, nuostabiais meno k\u016briniais gars\u0117jan\u010di\u0105 Barselon\u0105, maj\u0173 piramides Meksikoje, atkampi\u0105 sal\u0105 Kanados \u0161iaur\u0117je, Tad\u017e Mahal\u0105 Indijoje... Keliaudamas sutinka \u012fstabi\u0173 \u017emoni\u0173 \u2013 D\u017euliano draug\u0173, o \u0161ie jam drauge su smulku\u010diais talismanais \u012fteikia ir pergamente sura\u0161ytus tekstus, savo laiku pakeitusius j\u0173, o dabar kei\u010dian\u010dius ir D\u017eonatano gyvenim\u0105. Gal tie lai\u0161kai pad\u0117s pakeisti ir j\u016bsi\u0161k\u012f...","breadcrumb":{"@id":"https:\/\/skaitytaknyga.lt\/produktas\/robin-sharma-slapti-vienuolio-kuris-pardave-ferrari-laiskai\/#breadcrumb"},"inLanguage":"en-GB","potentialAction":[{"@type":"ReadAction","target":["https:\/\/skaitytaknyga.lt\/produktas\/robin-sharma-slapti-vienuolio-kuris-pardave-ferrari-laiskai\/"]}]},{"@type":"ImageObject","inLanguage":"en-GB","@id":"https:\/\/skaitytaknyga.lt\/produktas\/robin-sharma-slapti-vienuolio-kuris-pardave-ferrari-laiskai\/#primaryimage","url":"https:\/\/skaitytaknyga.lt\/wp-content\/uploads\/2024\/05\/Slapti-vienuolio-kuris-pardave-Ferrari-laiskai-1.webp","contentUrl":"https:\/\/skaitytaknyga.lt\/wp-content\/uploads\/2024\/05\/Slapti-vienuolio-kuris-pardave-Ferrari-laiskai-1.webp","width":300,"height":435,"caption":"Slapti vienuolio, kuris pardav\u0117 Ferrar\u012f, lai\u0161kai"},{"@type":"BreadcrumbList","@id":"https:\/\/skaitytaknyga.lt\/produktas\/robin-sharma-slapti-vienuolio-kuris-pardave-ferrari-laiskai\/#breadcrumb","itemListElement":[{"@type":"ListItem","position":1,"name":"Home","item":"https:\/\/skaitytaknyga.lt\/"},{"@type":"ListItem","position":2,"name":"Parduotuv\u0117","item":"https:\/\/skaitytaknyga.lt\/knygu-parduotuve\/"},{"@type":"ListItem","position":3,"name":"Robin Sharma \u201eSlapti vienuolio, kuris pardav\u0117 \u201eFerrar\u012f\u201c, lai\u0161kai\u201c"}]},{"@type":"WebSite","@id":"https:\/\/skaitytaknyga.lt\/#website","url":"https:\/\/skaitytaknyga.lt\/","name":"skaitytaknyga.lt","description":"Skaitytaknyga.lt \u2013 tai ma\u017eas \u0161eimos verslas, kuris prasid\u0117jo nuo meil\u0117s knygoms ir siekio i\u0161gelb\u0117ti knygas nuo likimo prie konteinerio. Kas vienam nereikalingas daiktas \u2013 kitam lobis, o mes esame tarpininkai, kurie padeda abiems tapti laimingesniems ???? \u017dinome kaip nelengva i\u0161gyventi ma\u017eiems verslams, tad nuo \u0161iol, \u010dia rasite ir kit\u0173, ma\u017e\u0173 \u0161eim\u0173 versl\u0173, rank\u0173 darbo, dovan\u0173 sau ir artimiesiems.","publisher":{"@id":"https:\/\/skaitytaknyga.lt\/#organization"},"potentialAction":[{"@type":"SearchAction","target":{"@type":"EntryPoint","urlTemplate":"https:\/\/skaitytaknyga.lt\/?s={search_term_string}"},"query-input":{"@type":"PropertyValueSpecification","valueRequired":true,"valueName":"search_term_string"}}],"inLanguage":"en-GB"},{"@type":"Organization","@id":"https:\/\/skaitytaknyga.lt\/#organization","name":"skaitytaknyga.lt","url":"https:\/\/skaitytaknyga.lt\/","logo":{"@type":"ImageObject","inLanguage":"en-GB","@id":"https:\/\/skaitytaknyga.lt\/#\/schema\/logo\/image\/","url":"https:\/\/skaitytaknyga.lt\/wp-content\/uploads\/2024\/05\/cropped-cropped-cropped-02_00843_jt3bggkj1j3HLc7SyY6rEUpg.jpeg","contentUrl":"https:\/\/skaitytaknyga.lt\/wp-content\/uploads\/2024\/05\/cropped-cropped-cropped-02_00843_jt3bggkj1j3HLc7SyY6rEUpg.jpeg","width":1600,"height":1600,"caption":"skaitytaknyga.lt"},"image":{"@id":"https:\/\/skaitytaknyga.lt\/#\/schema\/logo\/image\/"},"sameAs":["https:\/\/www.facebook.com\/skaitytaknyga\/"]}]}},"_links":{"self":[{"href":"https:\/\/skaitytaknyga.lt\/en\/wp-json\/wp\/v2\/product\/11819","targetHints":{"allow":["GET"]}}],"collection":[{"href":"https:\/\/skaitytaknyga.lt\/en\/wp-json\/wp\/v2\/product"}],"about":[{"href":"https:\/\/skaitytaknyga.lt\/en\/wp-json\/wp\/v2\/types\/product"}],"replies":[{"embeddable":true,"href":"https:\/\/skaitytaknyga.lt\/en\/wp-json\/wp\/v2\/comments?post=11819"}],"wp:featuredmedia":[{"embeddable":true,"href":"https:\/\/skaitytaknyga.lt\/en\/wp-json\/wp\/v2\/media\/23193"}],"wp:attachment":[{"href":"https:\/\/skaitytaknyga.lt\/en\/wp-json\/wp\/v2\/media?parent=11819"}],"wp:term":[{"taxonomy":"product_brand","embeddable":true,"href":"https:\/\/skaitytaknyga.lt\/en\/wp-json\/wp\/v2\/product_brand?post=11819"},{"taxonomy":"product_cat","embeddable":true,"href":"https:\/\/skaitytaknyga.lt\/en\/wp-json\/wp\/v2\/product_cat?post=11819"},{"taxonomy":"product_tag","embeddable":true,"href":"https:\/\/skaitytaknyga.lt\/en\/wp-json\/wp\/v2\/product_tag?post=11819"}],"curies":[{"name":"wp","href":"https:\/\/api.w.org\/{rel}","templated":true}]}}