{"id":11817,"date":"2024-05-23T10:00:16","date_gmt":"2024-05-23T10:00:16","guid":{"rendered":"https:\/\/skaitytaknyga.lt\/?post_type=product&#038;p=11817"},"modified":"2025-05-02T19:20:27","modified_gmt":"2025-05-02T16:20:27","slug":"thomas-keneally-sindlerio-sarasas","status":"publish","type":"product","link":"https:\/\/skaitytaknyga.lt\/en\/produktas\/thomas-keneally-sindlerio-sarasas\/","title":{"rendered":"\u0160indlerio s\u0105ra\u0161as"},"content":{"rendered":"<p>\u201ePavadinti Aus\u030cvica\u0328 moralinio nuopuolio vieta bu\u0304tu\u0328 pernelyg s\u030cvelnu. Tai buvo panas\u030cu i\u0328 juoda\u0328ja\u0328 skyle\u0328, kurioje visas z\u030ceme\u0307s blogis i\u0328siurbdavo is\u030ctisas tautas ir istorijas. (&#8230;) Tai buvo fenomenas.&#8221;<\/p>\n<p>Vokie\u010dio Oskaro \u0160indlerio ir jo i\u0161gelb\u0117t\u0173 nuo Holokausto daugiau nei t\u016bkstan\u010dio \u017eyd\u0173 istorija prasiskverbia iki gilumini\u0173 humanizmo \u0161akn\u0173. Ne be reikalo romano form\u0105 jai suteik\u0119s austral\u0173 ra\u0161ytojas Thomas Keneally savo knyg\u0105 1982-aisiais pavadino \u201e\u0160indlerio laivu&#8221; (Schindler&#8217;s Ark) \u2014 kaip aliuzij\u0105 \u012f biblin\u012f Nojaus laiv\u0105. Po de\u0161imtme\u010dio pasirod\u017eiusi Steveno Spielbergo re\u017eisuota romano ekranizacija pakoreguotu pavadinimu \u201e\u0160indlerio s\u0105ra\u0161as&#8221; \u0161i\u0105 jaudinan\u010di\u0105 Antrojo pasaulinio karo istorij\u0105 pla\u010diai i\u0161populiarino visame pasaulyje, ir savo \u012ftaigos mastais ji dar labiau susiliet\u0117 su am\u017einomis ir universaliomis biblin\u0117mis tiesomis.<\/p>\n<p>I\u0161 kur kyla\u00a0<strong>\u201e\u0160indlerio s\u0105ra\u0161o&#8221;<\/strong>\u00a0\u2014 literat\u016brin\u0117s vaizduot\u0117s ne itin paveikto dokumentinio pasakojimo \u2014 \u012ftaigos j\u0117ga? Be jokios abejon\u0117s, i\u0161 pagrindinio herojaus Oskaro \u0160indlerio charakterio \u2014 \u017emogi\u0161kai paprastos ir kartu kontroversi\u0161kos asmenyb\u0117s, jeigu jai taikysime grie\u017etus dorovinio elgesio kriterijus. Kitaip negu kino filme, knygoje pateikta tolesn\u0117 \u2014 pokario \u2014 \u0160indlerio gyvenimo ir likimo istorija iki pat jo mirties sustiprina metafizin\u012f poj\u016bt\u012f, kad \u0161\u012f Pasaulio Teisuol\u012f keleriems metams bus atsiuntusios g\u0117rio ir blogio pusiausvyr\u0105 \u017dem\u0117je palaikan\u010dios j\u0117gos \u2014 kaip kitados jud\u0117j\u0173 patriarch\u0105 Noj\u0173.<\/p>\n","protected":false},"excerpt":{"rendered":"<p>Vokie\u010dio Oskaro \u0160indlerio ir nuo holokausto jo i\u0161gelb\u0117t\u0173\u00a0 daugiau nei t\u016bkstan\u010dio \u017eyd\u0173 istorija prasiskverbia iki gilumini\u0173 humanizmo \u0161akn\u0173. Ne be reikalo romano form\u0105 jai suteik\u0119s austral\u0173 ra\u0161ytojas Thomas Keneally savo knyg\u0105 1982-aisiais pavadino &#8220;\u0160indlerio laivu&#8221; (<em>Schindler\u2019s Ark<\/em>) \u2013 kaip aliuzij\u0105 \u012f biblin\u012f Nojaus laiv\u0105. Po de\u0161imtme\u010dio pasirod\u017eiusi Steveno Spielbergo re\u017eisuota romano ekranizacija pakoreguotu pavadinimu &#8220;\u0160indlerio s\u0105ra\u0161as&#8221; \u0161i\u0105\u00a0jaudinan\u010di\u0105 Antrojo pasaulinio karo istorij\u0105, kuri savitai atliepia am\u017einas ir universalias biblines tiesas,\u00a0pla\u010diai i\u0161populiarino visame pasaulyje.<\/p>\n<p>Thomas Kenelis gim\u0117 1935 metais, studijavo Sidn\u0117juje, Australijoje. Be \u201e\u0160indlerio s\u0105ra\u0161o\u201c, kuriam skirtos Booker ir L.A. Times premijos, jis dar yra para\u0161\u0119s knygas \u201eTo Asmara\u201c, \u201eChant of Jimmie Blacksmith\u201c, \u201eFlying Hero Class\u201c, nominuotas Sunday Express Met\u0173 knygos premijai. Ra\u0161ydamas \u201e\u0160indlerio s\u0105ra\u0161\u0105\u201c, autorius d\u0117st\u0117 Kalifornijos universitete Irvine, ten jam buvo suteiktas garb\u0117s profesoriaus vardas.<\/p>\n","protected":false},"featured_media":11818,"comment_status":"closed","ping_status":"closed","template":"","meta":{"_acf_changed":false,"site-sidebar-layout":"default","site-content-layout":"","ast-site-content-layout":"default","site-content-style":"default","site-sidebar-style":"default","ast-global-header-display":"","ast-banner-title-visibility":"","ast-main-header-display":"","ast-hfb-above-header-display":"","ast-hfb-below-header-display":"","ast-hfb-mobile-header-display":"","site-post-title":"","ast-breadcrumbs-content":"","ast-featured-img":"","footer-sml-layout":"","ast-disable-related-posts":"","theme-transparent-header-meta":"","adv-header-id-meta":"","stick-header-meta":"","header-above-stick-meta":"","header-main-stick-meta":"","header-below-stick-meta":"","astra-migrate-meta-layouts":"default","ast-page-background-enabled":"default","ast-page-background-meta":{"desktop":{"background-color":"","background-image":"","background-repeat":"repeat","background-position":"center center","background-size":"auto","background-attachment":"scroll","background-type":"","background-media":"","overlay-type":"","overlay-color":"","overlay-opacity":"","overlay-gradient":""},"tablet":{"background-color":"","background-image":"","background-repeat":"repeat","background-position":"center center","background-size":"auto","background-attachment":"scroll","background-type":"","background-media":"","overlay-type":"","overlay-color":"","overlay-opacity":"","overlay-gradient":""},"mobile":{"background-color":"","background-image":"","background-repeat":"repeat","background-position":"center center","background-size":"auto","background-attachment":"scroll","background-type":"","background-media":"","overlay-type":"","overlay-color":"","overlay-opacity":"","overlay-gradient":""}},"ast-content-background-meta":{"desktop":{"background-color":"var(--ast-global-color-4)","background-image":"","background-repeat":"repeat","background-position":"center center","background-size":"auto","background-attachment":"scroll","background-type":"","background-media":"","overlay-type":"","overlay-color":"","overlay-opacity":"","overlay-gradient":""},"tablet":{"background-color":"var(--ast-global-color-4)","background-image":"","background-repeat":"repeat","background-position":"center center","background-size":"auto","background-attachment":"scroll","background-type":"","background-media":"","overlay-type":"","overlay-color":"","overlay-opacity":"","overlay-gradient":""},"mobile":{"background-color":"var(--ast-global-color-4)","background-image":"","background-repeat":"repeat","background-position":"center center","background-size":"auto","background-attachment":"scroll","background-type":"","background-media":"","overlay-type":"","overlay-color":"","overlay-opacity":"","overlay-gradient":""}}},"product_brand":[],"product_cat":[31],"product_tag":[1367],"class_list":{"0":"post-11817","1":"product","2":"type-product","3":"status-publish","4":"has-post-thumbnail","6":"product_cat-grozine-literatura","7":"product_tag-thomas-keneally","8":"desktop-align-left","9":"tablet-align-left","10":"mobile-align-left","12":"first","13":"instock","14":"shipping-taxable","15":"purchasable","16":"product-type-simple"},"acf":[],"yoast_head":"<!-- This site is optimized with the Yoast SEO plugin v27.0 - https:\/\/yoast.com\/product\/yoast-seo-wordpress\/ -->\n<title>\u0160indlerio s\u0105ra\u0161as<\/title>\n<meta name=\"description\" content=\"Vokie\u010dio Oskaro \u0160indlerio ir nuo holokausto jo i\u0161gelb\u0117t\u0173\u00a0 daugiau nei t\u016bkstan\u010dio \u017eyd\u0173 istorija prasiskverbia iki gilumini\u0173 humanizmo \u0161akn\u0173. Ne be reikalo romano form\u0105 jai suteik\u0119s austral\u0173 ra\u0161ytojas Thomas Keneally savo knyg\u0105 1982-aisiais pavadino &quot;\u0160indlerio laivu&quot; (Schindler\u2019s Ark) \u2013 kaip aliuzij\u0105 \u012f biblin\u012f Nojaus laiv\u0105. Po de\u0161imtme\u010dio pasirod\u017eiusi Steveno Spielbergo re\u017eisuota romano ekranizacija pakoreguotu pavadinimu &quot;\u0160indlerio s\u0105ra\u0161as&quot; \u0161i\u0105\u00a0jaudinan\u010di\u0105 Antrojo pasaulinio karo istorij\u0105, kuri savitai atliepia am\u017einas ir universalias biblines tiesas,\u00a0pla\u010diai i\u0161populiarino visame pasaulyje.  Thomas Kenelis gim\u0117 1935 metais, studijavo Sidn\u0117juje, Australijoje. Be \u201e\u0160indlerio s\u0105ra\u0161o\u201c, kuriam skirtos Booker ir L.A. Times premijos, jis dar yra para\u0161\u0119s knygas \u201eTo Asmara\u201c, \u201eChant of Jimmie Blacksmith\u201c, \u201eFlying Hero Class\u201c, nominuotas Sunday Express Met\u0173 knygos premijai. Ra\u0161ydamas \u201e\u0160indlerio s\u0105ra\u0161\u0105\u201c, autorius d\u0117st\u0117 Kalifornijos universitete Irvine, ten jam buvo suteiktas garb\u0117s profesoriaus vardas.\" \/>\n<meta name=\"robots\" content=\"index, follow, max-snippet:-1, max-image-preview:large, max-video-preview:-1\" \/>\n<link rel=\"canonical\" href=\"https:\/\/skaitytaknyga.lt\/en\/produktas\/thomas-keneally-sindlerio-sarasas\/\" \/>\n<meta property=\"og:locale\" content=\"en_GB\" \/>\n<meta property=\"og:locale:alternate\" content=\"lt_LT\" \/>\n<meta property=\"og:type\" content=\"article\" \/>\n<meta property=\"og:title\" content=\"\u0160indlerio s\u0105ra\u0161as\" \/>\n<meta property=\"og:description\" content=\"Vokie\u010dio Oskaro \u0160indlerio ir nuo holokausto jo i\u0161gelb\u0117t\u0173\u00a0 daugiau nei t\u016bkstan\u010dio \u017eyd\u0173 istorija prasiskverbia iki gilumini\u0173 humanizmo \u0161akn\u0173. Ne be reikalo romano form\u0105 jai suteik\u0119s austral\u0173 ra\u0161ytojas Thomas Keneally savo knyg\u0105 1982-aisiais pavadino &quot;\u0160indlerio laivu&quot; (Schindler\u2019s Ark) \u2013 kaip aliuzij\u0105 \u012f biblin\u012f Nojaus laiv\u0105. Po de\u0161imtme\u010dio pasirod\u017eiusi Steveno Spielbergo re\u017eisuota romano ekranizacija pakoreguotu pavadinimu &quot;\u0160indlerio s\u0105ra\u0161as&quot; \u0161i\u0105\u00a0jaudinan\u010di\u0105 Antrojo pasaulinio karo istorij\u0105, kuri savitai atliepia am\u017einas ir universalias biblines tiesas,\u00a0pla\u010diai i\u0161populiarino visame pasaulyje.  Thomas Kenelis gim\u0117 1935 metais, studijavo Sidn\u0117juje, Australijoje. Be \u201e\u0160indlerio s\u0105ra\u0161o\u201c, kuriam skirtos Booker ir L.A. Times premijos, jis dar yra para\u0161\u0119s knygas \u201eTo Asmara\u201c, \u201eChant of Jimmie Blacksmith\u201c, \u201eFlying Hero Class\u201c, nominuotas Sunday Express Met\u0173 knygos premijai. Ra\u0161ydamas \u201e\u0160indlerio s\u0105ra\u0161\u0105\u201c, autorius d\u0117st\u0117 Kalifornijos universitete Irvine, ten jam buvo suteiktas garb\u0117s profesoriaus vardas.\" \/>\n<meta property=\"og:url\" content=\"https:\/\/skaitytaknyga.lt\/en\/produktas\/thomas-keneally-sindlerio-sarasas\/\" \/>\n<meta property=\"og:site_name\" content=\"Skaitytaknyga\" \/>\n<meta property=\"article:publisher\" content=\"https:\/\/www.facebook.com\/skaitytaknyga\/\" \/>\n<meta property=\"article:modified_time\" content=\"2025-05-02T16:20:27+00:00\" \/>\n<meta property=\"og:image\" content=\"https:\/\/skaitytaknyga.lt\/wp-content\/uploads\/2024\/05\/Be-pavadinimo-46.png\" \/>\n\t<meta property=\"og:image:width\" content=\"217\" \/>\n\t<meta property=\"og:image:height\" content=\"361\" \/>\n\t<meta property=\"og:image:type\" content=\"image\/png\" \/>\n<meta name=\"twitter:card\" content=\"summary_large_image\" \/>\n<meta name=\"twitter:label1\" content=\"Estimated reading time\" \/>\n\t<meta name=\"twitter:data1\" content=\"1 minute\" \/>\n<script type=\"application\/ld+json\" class=\"yoast-schema-graph\">{\"@context\":\"https:\/\/schema.org\",\"@graph\":[{\"@type\":\"WebPage\",\"@id\":\"https:\/\/skaitytaknyga.lt\/produktas\/thomas-keneally-sindlerio-sarasas\/\",\"url\":\"https:\/\/skaitytaknyga.lt\/produktas\/thomas-keneally-sindlerio-sarasas\/\",\"name\":\"\u0160indlerio s\u0105ra\u0161as\",\"isPartOf\":{\"@id\":\"https:\/\/skaitytaknyga.lt\/#website\"},\"primaryImageOfPage\":{\"@id\":\"https:\/\/skaitytaknyga.lt\/produktas\/thomas-keneally-sindlerio-sarasas\/#primaryimage\"},\"image\":{\"@id\":\"https:\/\/skaitytaknyga.lt\/produktas\/thomas-keneally-sindlerio-sarasas\/#primaryimage\"},\"thumbnailUrl\":\"https:\/\/skaitytaknyga.lt\/wp-content\/uploads\/2024\/05\/Be-pavadinimo-46.png\",\"datePublished\":\"2024-05-23T10:00:16+00:00\",\"dateModified\":\"2025-05-02T16:20:27+00:00\",\"description\":\"Vokie\u010dio Oskaro \u0160indlerio ir nuo holokausto jo i\u0161gelb\u0117t\u0173\u00a0 daugiau nei t\u016bkstan\u010dio \u017eyd\u0173 istorija prasiskverbia iki gilumini\u0173 humanizmo \u0161akn\u0173. Ne be reikalo romano form\u0105 jai suteik\u0119s austral\u0173 ra\u0161ytojas Thomas Keneally savo knyg\u0105 1982-aisiais pavadino \\\"\u0160indlerio laivu\\\" (Schindler\u2019s Ark) \u2013 kaip aliuzij\u0105 \u012f biblin\u012f Nojaus laiv\u0105. Po de\u0161imtme\u010dio pasirod\u017eiusi Steveno Spielbergo re\u017eisuota romano ekranizacija pakoreguotu pavadinimu \\\"\u0160indlerio s\u0105ra\u0161as\\\" \u0161i\u0105\u00a0jaudinan\u010di\u0105 Antrojo pasaulinio karo istorij\u0105, kuri savitai atliepia am\u017einas ir universalias biblines tiesas,\u00a0pla\u010diai i\u0161populiarino visame pasaulyje. Thomas Kenelis gim\u0117 1935 metais, studijavo Sidn\u0117juje, Australijoje. Be \u201e\u0160indlerio s\u0105ra\u0161o\u201c, kuriam skirtos Booker ir L.A. Times premijos, jis dar yra para\u0161\u0119s knygas \u201eTo Asmara\u201c, \u201eChant of Jimmie Blacksmith\u201c, \u201eFlying Hero Class\u201c, nominuotas Sunday Express Met\u0173 knygos premijai. Ra\u0161ydamas \u201e\u0160indlerio s\u0105ra\u0161\u0105\u201c, autorius d\u0117st\u0117 Kalifornijos universitete Irvine, ten jam buvo suteiktas garb\u0117s profesoriaus vardas.\",\"breadcrumb\":{\"@id\":\"https:\/\/skaitytaknyga.lt\/produktas\/thomas-keneally-sindlerio-sarasas\/#breadcrumb\"},\"inLanguage\":\"en-GB\",\"potentialAction\":[{\"@type\":\"ReadAction\",\"target\":[\"https:\/\/skaitytaknyga.lt\/produktas\/thomas-keneally-sindlerio-sarasas\/\"]}]},{\"@type\":\"ImageObject\",\"inLanguage\":\"en-GB\",\"@id\":\"https:\/\/skaitytaknyga.lt\/produktas\/thomas-keneally-sindlerio-sarasas\/#primaryimage\",\"url\":\"https:\/\/skaitytaknyga.lt\/wp-content\/uploads\/2024\/05\/Be-pavadinimo-46.png\",\"contentUrl\":\"https:\/\/skaitytaknyga.lt\/wp-content\/uploads\/2024\/05\/Be-pavadinimo-46.png\",\"width\":217,\"height\":361},{\"@type\":\"BreadcrumbList\",\"@id\":\"https:\/\/skaitytaknyga.lt\/produktas\/thomas-keneally-sindlerio-sarasas\/#breadcrumb\",\"itemListElement\":[{\"@type\":\"ListItem\",\"position\":1,\"name\":\"Home\",\"item\":\"https:\/\/skaitytaknyga.lt\/\"},{\"@type\":\"ListItem\",\"position\":2,\"name\":\"Parduotuv\u0117\",\"item\":\"https:\/\/skaitytaknyga.lt\/knygu-parduotuve\/\"},{\"@type\":\"ListItem\",\"position\":3,\"name\":\"\u0160indlerio s\u0105ra\u0161as\"}]},{\"@type\":\"WebSite\",\"@id\":\"https:\/\/skaitytaknyga.lt\/#website\",\"url\":\"https:\/\/skaitytaknyga.lt\/\",\"name\":\"skaitytaknyga.lt\",\"description\":\"Skaitytaknyga.lt \u2013 tai ma\u017eas \u0161eimos verslas, kuris prasid\u0117jo nuo meil\u0117s knygoms ir siekio i\u0161gelb\u0117ti knygas nuo likimo prie konteinerio. Kas vienam nereikalingas daiktas \u2013 kitam lobis, o mes esame tarpininkai, kurie padeda abiems tapti laimingesniems ???? \u017dinome kaip nelengva i\u0161gyventi ma\u017eiems verslams, tad nuo \u0161iol, \u010dia rasite ir kit\u0173, ma\u017e\u0173 \u0161eim\u0173 versl\u0173, rank\u0173 darbo, dovan\u0173 sau ir artimiesiems.\",\"publisher\":{\"@id\":\"https:\/\/skaitytaknyga.lt\/#organization\"},\"potentialAction\":[{\"@type\":\"SearchAction\",\"target\":{\"@type\":\"EntryPoint\",\"urlTemplate\":\"https:\/\/skaitytaknyga.lt\/?s={search_term_string}\"},\"query-input\":{\"@type\":\"PropertyValueSpecification\",\"valueRequired\":true,\"valueName\":\"search_term_string\"}}],\"inLanguage\":\"en-GB\"},{\"@type\":\"Organization\",\"@id\":\"https:\/\/skaitytaknyga.lt\/#organization\",\"name\":\"skaitytaknyga.lt\",\"url\":\"https:\/\/skaitytaknyga.lt\/\",\"logo\":{\"@type\":\"ImageObject\",\"inLanguage\":\"en-GB\",\"@id\":\"https:\/\/skaitytaknyga.lt\/#\/schema\/logo\/image\/\",\"url\":\"https:\/\/skaitytaknyga.lt\/wp-content\/uploads\/2024\/05\/cropped-cropped-cropped-02_00843_jt3bggkj1j3HLc7SyY6rEUpg.jpeg\",\"contentUrl\":\"https:\/\/skaitytaknyga.lt\/wp-content\/uploads\/2024\/05\/cropped-cropped-cropped-02_00843_jt3bggkj1j3HLc7SyY6rEUpg.jpeg\",\"width\":1600,\"height\":1600,\"caption\":\"skaitytaknyga.lt\"},\"image\":{\"@id\":\"https:\/\/skaitytaknyga.lt\/#\/schema\/logo\/image\/\"},\"sameAs\":[\"https:\/\/www.facebook.com\/skaitytaknyga\/\"]}]}<\/script>\n<!-- \/ Yoast SEO plugin. -->","yoast_head_json":{"title":"\u0160indlerio s\u0105ra\u0161as","description":"Vokie\u010dio Oskaro \u0160indlerio ir nuo holokausto jo i\u0161gelb\u0117t\u0173\u00a0 daugiau nei t\u016bkstan\u010dio \u017eyd\u0173 istorija prasiskverbia iki gilumini\u0173 humanizmo \u0161akn\u0173. Ne be reikalo romano form\u0105 jai suteik\u0119s austral\u0173 ra\u0161ytojas Thomas Keneally savo knyg\u0105 1982-aisiais pavadino \"\u0160indlerio laivu\" (Schindler\u2019s Ark) \u2013 kaip aliuzij\u0105 \u012f biblin\u012f Nojaus laiv\u0105. Po de\u0161imtme\u010dio pasirod\u017eiusi Steveno Spielbergo re\u017eisuota romano ekranizacija pakoreguotu pavadinimu \"\u0160indlerio s\u0105ra\u0161as\" \u0161i\u0105\u00a0jaudinan\u010di\u0105 Antrojo pasaulinio karo istorij\u0105, kuri savitai atliepia am\u017einas ir universalias biblines tiesas,\u00a0pla\u010diai i\u0161populiarino visame pasaulyje.  Thomas Kenelis gim\u0117 1935 metais, studijavo Sidn\u0117juje, Australijoje. Be \u201e\u0160indlerio s\u0105ra\u0161o\u201c, kuriam skirtos Booker ir L.A. Times premijos, jis dar yra para\u0161\u0119s knygas \u201eTo Asmara\u201c, \u201eChant of Jimmie Blacksmith\u201c, \u201eFlying Hero Class\u201c, nominuotas Sunday Express Met\u0173 knygos premijai. Ra\u0161ydamas \u201e\u0160indlerio s\u0105ra\u0161\u0105\u201c, autorius d\u0117st\u0117 Kalifornijos universitete Irvine, ten jam buvo suteiktas garb\u0117s profesoriaus vardas.","robots":{"index":"index","follow":"follow","max-snippet":"max-snippet:-1","max-image-preview":"max-image-preview:large","max-video-preview":"max-video-preview:-1"},"canonical":"https:\/\/skaitytaknyga.lt\/en\/produktas\/thomas-keneally-sindlerio-sarasas\/","og_locale":"en_GB","og_type":"article","og_title":"[:lt]\u0160indlerio s\u0105ra\u0161as[:] - Skaitytaknyga","og_description":"Vokie\u010dio Oskaro \u0160indlerio ir nuo holokausto jo i\u0161gelb\u0117t\u0173\u00a0 daugiau nei t\u016bkstan\u010dio \u017eyd\u0173 istorija prasiskverbia iki gilumini\u0173 humanizmo \u0161akn\u0173. Ne be reikalo romano form\u0105 jai suteik\u0119s austral\u0173 ra\u0161ytojas Thomas Keneally savo knyg\u0105 1982-aisiais pavadino \"\u0160indlerio laivu\" (Schindler\u2019s Ark) \u2013 kaip aliuzij\u0105 \u012f biblin\u012f Nojaus laiv\u0105. Po de\u0161imtme\u010dio pasirod\u017eiusi Steveno Spielbergo re\u017eisuota romano ekranizacija pakoreguotu pavadinimu \"\u0160indlerio s\u0105ra\u0161as\" \u0161i\u0105\u00a0jaudinan\u010di\u0105 Antrojo pasaulinio karo istorij\u0105, kuri savitai atliepia am\u017einas ir universalias biblines tiesas,\u00a0pla\u010diai i\u0161populiarino visame pasaulyje.  Thomas Kenelis gim\u0117 1935 metais, studijavo Sidn\u0117juje, Australijoje. Be \u201e\u0160indlerio s\u0105ra\u0161o\u201c, kuriam skirtos Booker ir L.A. Times premijos, jis dar yra para\u0161\u0119s knygas \u201eTo Asmara\u201c, \u201eChant of Jimmie Blacksmith\u201c, \u201eFlying Hero Class\u201c, nominuotas Sunday Express Met\u0173 knygos premijai. Ra\u0161ydamas \u201e\u0160indlerio s\u0105ra\u0161\u0105\u201c, autorius d\u0117st\u0117 Kalifornijos universitete Irvine, ten jam buvo suteiktas garb\u0117s profesoriaus vardas.","og_url":"https:\/\/skaitytaknyga.lt\/en\/produktas\/thomas-keneally-sindlerio-sarasas\/","og_site_name":"Skaitytaknyga","article_publisher":"https:\/\/www.facebook.com\/skaitytaknyga\/","article_modified_time":"2025-05-02T16:20:27+00:00","og_image":[{"width":217,"height":361,"url":"https:\/\/skaitytaknyga.lt\/wp-content\/uploads\/2024\/05\/Be-pavadinimo-46.png","type":"image\/png"}],"twitter_card":"summary_large_image","twitter_misc":{"Estimated reading time":"1 minute"},"schema":{"@context":"https:\/\/schema.org","@graph":[{"@type":"WebPage","@id":"https:\/\/skaitytaknyga.lt\/produktas\/thomas-keneally-sindlerio-sarasas\/","url":"https:\/\/skaitytaknyga.lt\/produktas\/thomas-keneally-sindlerio-sarasas\/","name":"\u0160indlerio s\u0105ra\u0161as","isPartOf":{"@id":"https:\/\/skaitytaknyga.lt\/#website"},"primaryImageOfPage":{"@id":"https:\/\/skaitytaknyga.lt\/produktas\/thomas-keneally-sindlerio-sarasas\/#primaryimage"},"image":{"@id":"https:\/\/skaitytaknyga.lt\/produktas\/thomas-keneally-sindlerio-sarasas\/#primaryimage"},"thumbnailUrl":"https:\/\/skaitytaknyga.lt\/wp-content\/uploads\/2024\/05\/Be-pavadinimo-46.png","datePublished":"2024-05-23T10:00:16+00:00","dateModified":"2025-05-02T16:20:27+00:00","description":"Vokie\u010dio Oskaro \u0160indlerio ir nuo holokausto jo i\u0161gelb\u0117t\u0173\u00a0 daugiau nei t\u016bkstan\u010dio \u017eyd\u0173 istorija prasiskverbia iki gilumini\u0173 humanizmo \u0161akn\u0173. Ne be reikalo romano form\u0105 jai suteik\u0119s austral\u0173 ra\u0161ytojas Thomas Keneally savo knyg\u0105 1982-aisiais pavadino \"\u0160indlerio laivu\" (Schindler\u2019s Ark) \u2013 kaip aliuzij\u0105 \u012f biblin\u012f Nojaus laiv\u0105. Po de\u0161imtme\u010dio pasirod\u017eiusi Steveno Spielbergo re\u017eisuota romano ekranizacija pakoreguotu pavadinimu \"\u0160indlerio s\u0105ra\u0161as\" \u0161i\u0105\u00a0jaudinan\u010di\u0105 Antrojo pasaulinio karo istorij\u0105, kuri savitai atliepia am\u017einas ir universalias biblines tiesas,\u00a0pla\u010diai i\u0161populiarino visame pasaulyje. Thomas Kenelis gim\u0117 1935 metais, studijavo Sidn\u0117juje, Australijoje. Be \u201e\u0160indlerio s\u0105ra\u0161o\u201c, kuriam skirtos Booker ir L.A. Times premijos, jis dar yra para\u0161\u0119s knygas \u201eTo Asmara\u201c, \u201eChant of Jimmie Blacksmith\u201c, \u201eFlying Hero Class\u201c, nominuotas Sunday Express Met\u0173 knygos premijai. Ra\u0161ydamas \u201e\u0160indlerio s\u0105ra\u0161\u0105\u201c, autorius d\u0117st\u0117 Kalifornijos universitete Irvine, ten jam buvo suteiktas garb\u0117s profesoriaus vardas.","breadcrumb":{"@id":"https:\/\/skaitytaknyga.lt\/produktas\/thomas-keneally-sindlerio-sarasas\/#breadcrumb"},"inLanguage":"en-GB","potentialAction":[{"@type":"ReadAction","target":["https:\/\/skaitytaknyga.lt\/produktas\/thomas-keneally-sindlerio-sarasas\/"]}]},{"@type":"ImageObject","inLanguage":"en-GB","@id":"https:\/\/skaitytaknyga.lt\/produktas\/thomas-keneally-sindlerio-sarasas\/#primaryimage","url":"https:\/\/skaitytaknyga.lt\/wp-content\/uploads\/2024\/05\/Be-pavadinimo-46.png","contentUrl":"https:\/\/skaitytaknyga.lt\/wp-content\/uploads\/2024\/05\/Be-pavadinimo-46.png","width":217,"height":361},{"@type":"BreadcrumbList","@id":"https:\/\/skaitytaknyga.lt\/produktas\/thomas-keneally-sindlerio-sarasas\/#breadcrumb","itemListElement":[{"@type":"ListItem","position":1,"name":"Home","item":"https:\/\/skaitytaknyga.lt\/"},{"@type":"ListItem","position":2,"name":"Parduotuv\u0117","item":"https:\/\/skaitytaknyga.lt\/knygu-parduotuve\/"},{"@type":"ListItem","position":3,"name":"\u0160indlerio s\u0105ra\u0161as"}]},{"@type":"WebSite","@id":"https:\/\/skaitytaknyga.lt\/#website","url":"https:\/\/skaitytaknyga.lt\/","name":"skaitytaknyga.lt","description":"Skaitytaknyga.lt \u2013 tai ma\u017eas \u0161eimos verslas, kuris prasid\u0117jo nuo meil\u0117s knygoms ir siekio i\u0161gelb\u0117ti knygas nuo likimo prie konteinerio. Kas vienam nereikalingas daiktas \u2013 kitam lobis, o mes esame tarpininkai, kurie padeda abiems tapti laimingesniems ???? \u017dinome kaip nelengva i\u0161gyventi ma\u017eiems verslams, tad nuo \u0161iol, \u010dia rasite ir kit\u0173, ma\u017e\u0173 \u0161eim\u0173 versl\u0173, rank\u0173 darbo, dovan\u0173 sau ir artimiesiems.","publisher":{"@id":"https:\/\/skaitytaknyga.lt\/#organization"},"potentialAction":[{"@type":"SearchAction","target":{"@type":"EntryPoint","urlTemplate":"https:\/\/skaitytaknyga.lt\/?s={search_term_string}"},"query-input":{"@type":"PropertyValueSpecification","valueRequired":true,"valueName":"search_term_string"}}],"inLanguage":"en-GB"},{"@type":"Organization","@id":"https:\/\/skaitytaknyga.lt\/#organization","name":"skaitytaknyga.lt","url":"https:\/\/skaitytaknyga.lt\/","logo":{"@type":"ImageObject","inLanguage":"en-GB","@id":"https:\/\/skaitytaknyga.lt\/#\/schema\/logo\/image\/","url":"https:\/\/skaitytaknyga.lt\/wp-content\/uploads\/2024\/05\/cropped-cropped-cropped-02_00843_jt3bggkj1j3HLc7SyY6rEUpg.jpeg","contentUrl":"https:\/\/skaitytaknyga.lt\/wp-content\/uploads\/2024\/05\/cropped-cropped-cropped-02_00843_jt3bggkj1j3HLc7SyY6rEUpg.jpeg","width":1600,"height":1600,"caption":"skaitytaknyga.lt"},"image":{"@id":"https:\/\/skaitytaknyga.lt\/#\/schema\/logo\/image\/"},"sameAs":["https:\/\/www.facebook.com\/skaitytaknyga\/"]}]}},"_links":{"self":[{"href":"https:\/\/skaitytaknyga.lt\/en\/wp-json\/wp\/v2\/product\/11817","targetHints":{"allow":["GET"]}}],"collection":[{"href":"https:\/\/skaitytaknyga.lt\/en\/wp-json\/wp\/v2\/product"}],"about":[{"href":"https:\/\/skaitytaknyga.lt\/en\/wp-json\/wp\/v2\/types\/product"}],"replies":[{"embeddable":true,"href":"https:\/\/skaitytaknyga.lt\/en\/wp-json\/wp\/v2\/comments?post=11817"}],"wp:featuredmedia":[{"embeddable":true,"href":"https:\/\/skaitytaknyga.lt\/en\/wp-json\/wp\/v2\/media\/11818"}],"wp:attachment":[{"href":"https:\/\/skaitytaknyga.lt\/en\/wp-json\/wp\/v2\/media?parent=11817"}],"wp:term":[{"taxonomy":"product_brand","embeddable":true,"href":"https:\/\/skaitytaknyga.lt\/en\/wp-json\/wp\/v2\/product_brand?post=11817"},{"taxonomy":"product_cat","embeddable":true,"href":"https:\/\/skaitytaknyga.lt\/en\/wp-json\/wp\/v2\/product_cat?post=11817"},{"taxonomy":"product_tag","embeddable":true,"href":"https:\/\/skaitytaknyga.lt\/en\/wp-json\/wp\/v2\/product_tag?post=11817"}],"curies":[{"name":"wp","href":"https:\/\/api.w.org\/{rel}","templated":true}]}}