{"id":11815,"date":"2024-05-23T09:56:35","date_gmt":"2024-05-23T09:56:35","guid":{"rendered":"https:\/\/skaitytaknyga.lt\/?post_type=product&#038;p=11815"},"modified":"2025-06-26T15:53:04","modified_gmt":"2025-06-26T12:53:04","slug":"sigitas-parulskis-pries-mirti-norisi-svelnaus","status":"publish","type":"product","link":"https:\/\/skaitytaknyga.lt\/en\/produktas\/sigitas-parulskis-pries-mirti-norisi-svelnaus\/","title":{"rendered":"Prie\u0161 mirt\u012f norisi \u0161velnaus"},"content":{"rendered":"","protected":false},"excerpt":{"rendered":"<p><em>\u201e&#8230;anuomet viliodavo numanoma, bet sunkiai i\u0161naudojama galimyb\u0117 kur nors i\u0161vykti, o dabar atvirk\u0161\u010diai, \u2013 dabar mane traukia menas nei\u0161vykti. (&#8230;) Tai tam tikras etini\u0173 pratyb\u0173 pakaitalas. Pavyzd\u017eiui, turi galimyb\u0119 tapti \u0161\u016bd\u017eiumi, bet netampi. Turi galimyb\u0119 susigundyti moters (gamtos) spend\u017eiamais kerais, bet i\u0161sisuki. Gali \u012flipti \u012f pirm\u0105 pasitaikius\u012f traukin\u012f \u2013 bet ne\u012flipi. Tai jaudinantis u\u017esi\u0117mimas. Juk kai kurie traukiniai va\u017eiuoja u\u017e ribos, i\u0161 kur nebegr\u012f\u017etama.&#8221;<\/em><\/p>\n<p>\u0160ioje knygoje \u2013 trumpi \u0161iuolaikinio lietuvi\u0173 ra\u0161ytojo, Nacionalin\u0117s premijos laureato\u00a0 Sigito Parulskio tekstai, ra\u0161yti paskutiniais metais. Kafki\u0161kai sukre\u010dian\u010dios ir absurdi\u0161kai komi\u0161kos istorijos,\u00a0 magi\u0161ki nutikimai ir, regis, nusistov\u0117jusi\u0173 visuomen\u0117s kanon\u0173 bei trumput\u0117s m\u016bs\u0173 egzistencijos negailestingi perm\u0105stymai. Stilius \u2013 \u017eemasis, \u017eemi\u0161kasis arba kasdienis.<\/p>\n<p>&#8230;a\u0161 nesu cinikas. Geriausiu atveju esu kinikas \u2013 nepatogios tiesos sakytojas.<br \/>\n<em>Tegu \u012f j\u016bs\u0173 stiklin\u0119 su geru g\u0117rimu la\u0161a jausmingos a\u0161aros.<\/em><\/p>\n","protected":false},"featured_media":11816,"comment_status":"closed","ping_status":"closed","template":"","meta":{"_acf_changed":false,"site-sidebar-layout":"default","site-content-layout":"","ast-site-content-layout":"default","site-content-style":"default","site-sidebar-style":"default","ast-global-header-display":"","ast-banner-title-visibility":"","ast-main-header-display":"","ast-hfb-above-header-display":"","ast-hfb-below-header-display":"","ast-hfb-mobile-header-display":"","site-post-title":"","ast-breadcrumbs-content":"","ast-featured-img":"","footer-sml-layout":"","ast-disable-related-posts":"","theme-transparent-header-meta":"","adv-header-id-meta":"","stick-header-meta":"","header-above-stick-meta":"","header-main-stick-meta":"","header-below-stick-meta":"","astra-migrate-meta-layouts":"default","ast-page-background-enabled":"default","ast-page-background-meta":{"desktop":{"background-color":"","background-image":"","background-repeat":"repeat","background-position":"center center","background-size":"auto","background-attachment":"scroll","background-type":"","background-media":"","overlay-type":"","overlay-color":"","overlay-opacity":"","overlay-gradient":""},"tablet":{"background-color":"","background-image":"","background-repeat":"repeat","background-position":"center center","background-size":"auto","background-attachment":"scroll","background-type":"","background-media":"","overlay-type":"","overlay-color":"","overlay-opacity":"","overlay-gradient":""},"mobile":{"background-color":"","background-image":"","background-repeat":"repeat","background-position":"center center","background-size":"auto","background-attachment":"scroll","background-type":"","background-media":"","overlay-type":"","overlay-color":"","overlay-opacity":"","overlay-gradient":""}},"ast-content-background-meta":{"desktop":{"background-color":"var(--ast-global-color-4)","background-image":"","background-repeat":"repeat","background-position":"center center","background-size":"auto","background-attachment":"scroll","background-type":"","background-media":"","overlay-type":"","overlay-color":"","overlay-opacity":"","overlay-gradient":""},"tablet":{"background-color":"var(--ast-global-color-4)","background-image":"","background-repeat":"repeat","background-position":"center center","background-size":"auto","background-attachment":"scroll","background-type":"","background-media":"","overlay-type":"","overlay-color":"","overlay-opacity":"","overlay-gradient":""},"mobile":{"background-color":"var(--ast-global-color-4)","background-image":"","background-repeat":"repeat","background-position":"center center","background-size":"auto","background-attachment":"scroll","background-type":"","background-media":"","overlay-type":"","overlay-color":"","overlay-opacity":"","overlay-gradient":""}}},"product_brand":[],"product_cat":[31],"product_tag":[1744,5932,1711],"class_list":{"0":"post-11815","1":"product","2":"type-product","3":"status-publish","4":"has-post-thumbnail","6":"product_cat-grozine-literatura","7":"product_tag-lietuviu-literatura","8":"product_tag-sigitas-parulskis","9":"product_tag-siuolaikine-proza","10":"desktop-align-left","11":"tablet-align-left","12":"mobile-align-left","14":"first","15":"outofstock","16":"shipping-taxable","17":"purchasable","18":"product-type-simple"},"acf":[],"yoast_head":"<!-- This site is optimized with the Yoast SEO plugin v27.0 - https:\/\/yoast.com\/product\/yoast-seo-wordpress\/ -->\n<title>Prie\u0161 mirt\u012f norisi \u0161velnaus<\/title>\n<meta name=\"description\" content=\"\u201e...anuomet viliodavo numanoma, bet sunkiai i\u0161naudojama galimyb\u0117 kur nors i\u0161vykti, o dabar atvirk\u0161\u010diai, \u2013 dabar mane traukia menas nei\u0161vykti. (...) Tai tam tikras etini\u0173 pratyb\u0173 pakaitalas. Pavyzd\u017eiui, turi galimyb\u0119 tapti \u0161\u016bd\u017eiumi, bet netampi. Turi galimyb\u0119 susigundyti moters (gamtos) spend\u017eiamais kerais, bet i\u0161sisuki. Gali \u012flipti \u012f pirm\u0105 pasitaikius\u012f traukin\u012f \u2013 bet ne\u012flipi. Tai jaudinantis u\u017esi\u0117mimas. Juk kai kurie traukiniai va\u017eiuoja u\u017e ribos, i\u0161 kur nebegr\u012f\u017etama.&quot;  \u0160ioje knygoje \u2013 trumpi \u0161iuolaikinio lietuvi\u0173 ra\u0161ytojo, Nacionalin\u0117s premijos laureato\u00a0 Sigito Parulskio tekstai, ra\u0161yti paskutiniais metais. Kafki\u0161kai sukre\u010dian\u010dios ir absurdi\u0161kai komi\u0161kos istorijos,\u00a0 magi\u0161ki nutikimai ir, regis, nusistov\u0117jusi\u0173 visuomen\u0117s kanon\u0173 bei trumput\u0117s m\u016bs\u0173 egzistencijos negailestingi perm\u0105stymai. Stilius \u2013 \u017eemasis, \u017eemi\u0161kasis arba kasdienis.  ...a\u0161 nesu cinikas. Geriausiu atveju esu kinikas \u2013 nepatogios tiesos sakytojas. Tegu \u012f j\u016bs\u0173 stiklin\u0119 su geru g\u0117rimu la\u0161a jausmingos a\u0161aros.\" \/>\n<meta name=\"robots\" content=\"index, follow, max-snippet:-1, max-image-preview:large, max-video-preview:-1\" \/>\n<link rel=\"canonical\" href=\"https:\/\/skaitytaknyga.lt\/en\/produktas\/sigitas-parulskis-pries-mirti-norisi-svelnaus\/\" \/>\n<meta property=\"og:locale\" content=\"en_GB\" \/>\n<meta property=\"og:locale:alternate\" content=\"lt_LT\" \/>\n<meta property=\"og:type\" content=\"article\" \/>\n<meta property=\"og:title\" content=\"Prie\u0161 mirt\u012f norisi \u0161velnaus\" \/>\n<meta property=\"og:description\" content=\"\u201e...anuomet viliodavo numanoma, bet sunkiai i\u0161naudojama galimyb\u0117 kur nors i\u0161vykti, o dabar atvirk\u0161\u010diai, \u2013 dabar mane traukia menas nei\u0161vykti. (...) Tai tam tikras etini\u0173 pratyb\u0173 pakaitalas. Pavyzd\u017eiui, turi galimyb\u0119 tapti \u0161\u016bd\u017eiumi, bet netampi. Turi galimyb\u0119 susigundyti moters (gamtos) spend\u017eiamais kerais, bet i\u0161sisuki. Gali \u012flipti \u012f pirm\u0105 pasitaikius\u012f traukin\u012f \u2013 bet ne\u012flipi. Tai jaudinantis u\u017esi\u0117mimas. Juk kai kurie traukiniai va\u017eiuoja u\u017e ribos, i\u0161 kur nebegr\u012f\u017etama.&quot;  \u0160ioje knygoje \u2013 trumpi \u0161iuolaikinio lietuvi\u0173 ra\u0161ytojo, Nacionalin\u0117s premijos laureato\u00a0 Sigito Parulskio tekstai, ra\u0161yti paskutiniais metais. Kafki\u0161kai sukre\u010dian\u010dios ir absurdi\u0161kai komi\u0161kos istorijos,\u00a0 magi\u0161ki nutikimai ir, regis, nusistov\u0117jusi\u0173 visuomen\u0117s kanon\u0173 bei trumput\u0117s m\u016bs\u0173 egzistencijos negailestingi perm\u0105stymai. Stilius \u2013 \u017eemasis, \u017eemi\u0161kasis arba kasdienis.  ...a\u0161 nesu cinikas. Geriausiu atveju esu kinikas \u2013 nepatogios tiesos sakytojas. Tegu \u012f j\u016bs\u0173 stiklin\u0119 su geru g\u0117rimu la\u0161a jausmingos a\u0161aros.\" \/>\n<meta property=\"og:url\" content=\"https:\/\/skaitytaknyga.lt\/en\/produktas\/sigitas-parulskis-pries-mirti-norisi-svelnaus\/\" \/>\n<meta property=\"og:site_name\" content=\"Skaitytaknyga\" \/>\n<meta property=\"article:publisher\" content=\"https:\/\/www.facebook.com\/skaitytaknyga\/\" \/>\n<meta property=\"article:modified_time\" content=\"2025-06-26T12:53:04+00:00\" \/>\n<meta property=\"og:image\" content=\"https:\/\/skaitytaknyga.lt\/wp-content\/uploads\/2024\/05\/Be-pavadinimo-45.png\" \/>\n\t<meta property=\"og:image:width\" content=\"219\" \/>\n\t<meta property=\"og:image:height\" content=\"368\" \/>\n\t<meta property=\"og:image:type\" content=\"image\/png\" \/>\n<meta name=\"twitter:card\" content=\"summary_large_image\" \/>\n<script type=\"application\/ld+json\" class=\"yoast-schema-graph\">{\"@context\":\"https:\/\/schema.org\",\"@graph\":[{\"@type\":\"WebPage\",\"@id\":\"https:\/\/skaitytaknyga.lt\/produktas\/sigitas-parulskis-pries-mirti-norisi-svelnaus\/\",\"url\":\"https:\/\/skaitytaknyga.lt\/produktas\/sigitas-parulskis-pries-mirti-norisi-svelnaus\/\",\"name\":\"Prie\u0161 mirt\u012f norisi \u0161velnaus\",\"isPartOf\":{\"@id\":\"https:\/\/skaitytaknyga.lt\/#website\"},\"primaryImageOfPage\":{\"@id\":\"https:\/\/skaitytaknyga.lt\/produktas\/sigitas-parulskis-pries-mirti-norisi-svelnaus\/#primaryimage\"},\"image\":{\"@id\":\"https:\/\/skaitytaknyga.lt\/produktas\/sigitas-parulskis-pries-mirti-norisi-svelnaus\/#primaryimage\"},\"thumbnailUrl\":\"https:\/\/skaitytaknyga.lt\/wp-content\/uploads\/2024\/05\/Be-pavadinimo-45.png\",\"datePublished\":\"2024-05-23T09:56:35+00:00\",\"dateModified\":\"2025-06-26T12:53:04+00:00\",\"description\":\"\u201e...anuomet viliodavo numanoma, bet sunkiai i\u0161naudojama galimyb\u0117 kur nors i\u0161vykti, o dabar atvirk\u0161\u010diai, \u2013 dabar mane traukia menas nei\u0161vykti. (...) Tai tam tikras etini\u0173 pratyb\u0173 pakaitalas. Pavyzd\u017eiui, turi galimyb\u0119 tapti \u0161\u016bd\u017eiumi, bet netampi. Turi galimyb\u0119 susigundyti moters (gamtos) spend\u017eiamais kerais, bet i\u0161sisuki. Gali \u012flipti \u012f pirm\u0105 pasitaikius\u012f traukin\u012f \u2013 bet ne\u012flipi. Tai jaudinantis u\u017esi\u0117mimas. Juk kai kurie traukiniai va\u017eiuoja u\u017e ribos, i\u0161 kur nebegr\u012f\u017etama.\\\" \u0160ioje knygoje \u2013 trumpi \u0161iuolaikinio lietuvi\u0173 ra\u0161ytojo, Nacionalin\u0117s premijos laureato\u00a0 Sigito Parulskio tekstai, ra\u0161yti paskutiniais metais. Kafki\u0161kai sukre\u010dian\u010dios ir absurdi\u0161kai komi\u0161kos istorijos,\u00a0 magi\u0161ki nutikimai ir, regis, nusistov\u0117jusi\u0173 visuomen\u0117s kanon\u0173 bei trumput\u0117s m\u016bs\u0173 egzistencijos negailestingi perm\u0105stymai. Stilius \u2013 \u017eemasis, \u017eemi\u0161kasis arba kasdienis. ...a\u0161 nesu cinikas. Geriausiu atveju esu kinikas \u2013 nepatogios tiesos sakytojas. Tegu \u012f j\u016bs\u0173 stiklin\u0119 su geru g\u0117rimu la\u0161a jausmingos a\u0161aros.\",\"breadcrumb\":{\"@id\":\"https:\/\/skaitytaknyga.lt\/produktas\/sigitas-parulskis-pries-mirti-norisi-svelnaus\/#breadcrumb\"},\"inLanguage\":\"en-GB\",\"potentialAction\":[{\"@type\":\"ReadAction\",\"target\":[\"https:\/\/skaitytaknyga.lt\/produktas\/sigitas-parulskis-pries-mirti-norisi-svelnaus\/\"]}]},{\"@type\":\"ImageObject\",\"inLanguage\":\"en-GB\",\"@id\":\"https:\/\/skaitytaknyga.lt\/produktas\/sigitas-parulskis-pries-mirti-norisi-svelnaus\/#primaryimage\",\"url\":\"https:\/\/skaitytaknyga.lt\/wp-content\/uploads\/2024\/05\/Be-pavadinimo-45.png\",\"contentUrl\":\"https:\/\/skaitytaknyga.lt\/wp-content\/uploads\/2024\/05\/Be-pavadinimo-45.png\",\"width\":219,\"height\":368},{\"@type\":\"BreadcrumbList\",\"@id\":\"https:\/\/skaitytaknyga.lt\/produktas\/sigitas-parulskis-pries-mirti-norisi-svelnaus\/#breadcrumb\",\"itemListElement\":[{\"@type\":\"ListItem\",\"position\":1,\"name\":\"Home\",\"item\":\"https:\/\/skaitytaknyga.lt\/\"},{\"@type\":\"ListItem\",\"position\":2,\"name\":\"Parduotuv\u0117\",\"item\":\"https:\/\/skaitytaknyga.lt\/knygu-parduotuve\/\"},{\"@type\":\"ListItem\",\"position\":3,\"name\":\"Prie\u0161 mirt\u012f norisi \u0161velnaus\"}]},{\"@type\":\"WebSite\",\"@id\":\"https:\/\/skaitytaknyga.lt\/#website\",\"url\":\"https:\/\/skaitytaknyga.lt\/\",\"name\":\"skaitytaknyga.lt\",\"description\":\"Skaitytaknyga.lt \u2013 tai ma\u017eas \u0161eimos verslas, kuris prasid\u0117jo nuo meil\u0117s knygoms ir siekio i\u0161gelb\u0117ti knygas nuo likimo prie konteinerio. Kas vienam nereikalingas daiktas \u2013 kitam lobis, o mes esame tarpininkai, kurie padeda abiems tapti laimingesniems ???? \u017dinome kaip nelengva i\u0161gyventi ma\u017eiems verslams, tad nuo \u0161iol, \u010dia rasite ir kit\u0173, ma\u017e\u0173 \u0161eim\u0173 versl\u0173, rank\u0173 darbo, dovan\u0173 sau ir artimiesiems.\",\"publisher\":{\"@id\":\"https:\/\/skaitytaknyga.lt\/#organization\"},\"potentialAction\":[{\"@type\":\"SearchAction\",\"target\":{\"@type\":\"EntryPoint\",\"urlTemplate\":\"https:\/\/skaitytaknyga.lt\/?s={search_term_string}\"},\"query-input\":{\"@type\":\"PropertyValueSpecification\",\"valueRequired\":true,\"valueName\":\"search_term_string\"}}],\"inLanguage\":\"en-GB\"},{\"@type\":\"Organization\",\"@id\":\"https:\/\/skaitytaknyga.lt\/#organization\",\"name\":\"skaitytaknyga.lt\",\"url\":\"https:\/\/skaitytaknyga.lt\/\",\"logo\":{\"@type\":\"ImageObject\",\"inLanguage\":\"en-GB\",\"@id\":\"https:\/\/skaitytaknyga.lt\/#\/schema\/logo\/image\/\",\"url\":\"https:\/\/skaitytaknyga.lt\/wp-content\/uploads\/2024\/05\/cropped-cropped-cropped-02_00843_jt3bggkj1j3HLc7SyY6rEUpg.jpeg\",\"contentUrl\":\"https:\/\/skaitytaknyga.lt\/wp-content\/uploads\/2024\/05\/cropped-cropped-cropped-02_00843_jt3bggkj1j3HLc7SyY6rEUpg.jpeg\",\"width\":1600,\"height\":1600,\"caption\":\"skaitytaknyga.lt\"},\"image\":{\"@id\":\"https:\/\/skaitytaknyga.lt\/#\/schema\/logo\/image\/\"},\"sameAs\":[\"https:\/\/www.facebook.com\/skaitytaknyga\/\"]}]}<\/script>\n<!-- \/ Yoast SEO plugin. -->","yoast_head_json":{"title":"Prie\u0161 mirt\u012f norisi \u0161velnaus","description":"\u201e...anuomet viliodavo numanoma, bet sunkiai i\u0161naudojama galimyb\u0117 kur nors i\u0161vykti, o dabar atvirk\u0161\u010diai, \u2013 dabar mane traukia menas nei\u0161vykti. (...) Tai tam tikras etini\u0173 pratyb\u0173 pakaitalas. Pavyzd\u017eiui, turi galimyb\u0119 tapti \u0161\u016bd\u017eiumi, bet netampi. Turi galimyb\u0119 susigundyti moters (gamtos) spend\u017eiamais kerais, bet i\u0161sisuki. Gali \u012flipti \u012f pirm\u0105 pasitaikius\u012f traukin\u012f \u2013 bet ne\u012flipi. Tai jaudinantis u\u017esi\u0117mimas. Juk kai kurie traukiniai va\u017eiuoja u\u017e ribos, i\u0161 kur nebegr\u012f\u017etama.\"  \u0160ioje knygoje \u2013 trumpi \u0161iuolaikinio lietuvi\u0173 ra\u0161ytojo, Nacionalin\u0117s premijos laureato\u00a0 Sigito Parulskio tekstai, ra\u0161yti paskutiniais metais. Kafki\u0161kai sukre\u010dian\u010dios ir absurdi\u0161kai komi\u0161kos istorijos,\u00a0 magi\u0161ki nutikimai ir, regis, nusistov\u0117jusi\u0173 visuomen\u0117s kanon\u0173 bei trumput\u0117s m\u016bs\u0173 egzistencijos negailestingi perm\u0105stymai. Stilius \u2013 \u017eemasis, \u017eemi\u0161kasis arba kasdienis.  ...a\u0161 nesu cinikas. Geriausiu atveju esu kinikas \u2013 nepatogios tiesos sakytojas. Tegu \u012f j\u016bs\u0173 stiklin\u0119 su geru g\u0117rimu la\u0161a jausmingos a\u0161aros.","robots":{"index":"index","follow":"follow","max-snippet":"max-snippet:-1","max-image-preview":"max-image-preview:large","max-video-preview":"max-video-preview:-1"},"canonical":"https:\/\/skaitytaknyga.lt\/en\/produktas\/sigitas-parulskis-pries-mirti-norisi-svelnaus\/","og_locale":"en_GB","og_type":"article","og_title":"[:lt]Prie\u0161 mirt\u012f norisi \u0161velnaus[:] - Skaitytaknyga","og_description":"\u201e...anuomet viliodavo numanoma, bet sunkiai i\u0161naudojama galimyb\u0117 kur nors i\u0161vykti, o dabar atvirk\u0161\u010diai, \u2013 dabar mane traukia menas nei\u0161vykti. (...) Tai tam tikras etini\u0173 pratyb\u0173 pakaitalas. Pavyzd\u017eiui, turi galimyb\u0119 tapti \u0161\u016bd\u017eiumi, bet netampi. Turi galimyb\u0119 susigundyti moters (gamtos) spend\u017eiamais kerais, bet i\u0161sisuki. Gali \u012flipti \u012f pirm\u0105 pasitaikius\u012f traukin\u012f \u2013 bet ne\u012flipi. Tai jaudinantis u\u017esi\u0117mimas. Juk kai kurie traukiniai va\u017eiuoja u\u017e ribos, i\u0161 kur nebegr\u012f\u017etama.\"  \u0160ioje knygoje \u2013 trumpi \u0161iuolaikinio lietuvi\u0173 ra\u0161ytojo, Nacionalin\u0117s premijos laureato\u00a0 Sigito Parulskio tekstai, ra\u0161yti paskutiniais metais. Kafki\u0161kai sukre\u010dian\u010dios ir absurdi\u0161kai komi\u0161kos istorijos,\u00a0 magi\u0161ki nutikimai ir, regis, nusistov\u0117jusi\u0173 visuomen\u0117s kanon\u0173 bei trumput\u0117s m\u016bs\u0173 egzistencijos negailestingi perm\u0105stymai. Stilius \u2013 \u017eemasis, \u017eemi\u0161kasis arba kasdienis.  ...a\u0161 nesu cinikas. Geriausiu atveju esu kinikas \u2013 nepatogios tiesos sakytojas. Tegu \u012f j\u016bs\u0173 stiklin\u0119 su geru g\u0117rimu la\u0161a jausmingos a\u0161aros.","og_url":"https:\/\/skaitytaknyga.lt\/en\/produktas\/sigitas-parulskis-pries-mirti-norisi-svelnaus\/","og_site_name":"Skaitytaknyga","article_publisher":"https:\/\/www.facebook.com\/skaitytaknyga\/","article_modified_time":"2025-06-26T12:53:04+00:00","og_image":[{"width":219,"height":368,"url":"https:\/\/skaitytaknyga.lt\/wp-content\/uploads\/2024\/05\/Be-pavadinimo-45.png","type":"image\/png"}],"twitter_card":"summary_large_image","schema":{"@context":"https:\/\/schema.org","@graph":[{"@type":"WebPage","@id":"https:\/\/skaitytaknyga.lt\/produktas\/sigitas-parulskis-pries-mirti-norisi-svelnaus\/","url":"https:\/\/skaitytaknyga.lt\/produktas\/sigitas-parulskis-pries-mirti-norisi-svelnaus\/","name":"Prie\u0161 mirt\u012f norisi \u0161velnaus","isPartOf":{"@id":"https:\/\/skaitytaknyga.lt\/#website"},"primaryImageOfPage":{"@id":"https:\/\/skaitytaknyga.lt\/produktas\/sigitas-parulskis-pries-mirti-norisi-svelnaus\/#primaryimage"},"image":{"@id":"https:\/\/skaitytaknyga.lt\/produktas\/sigitas-parulskis-pries-mirti-norisi-svelnaus\/#primaryimage"},"thumbnailUrl":"https:\/\/skaitytaknyga.lt\/wp-content\/uploads\/2024\/05\/Be-pavadinimo-45.png","datePublished":"2024-05-23T09:56:35+00:00","dateModified":"2025-06-26T12:53:04+00:00","description":"\u201e...anuomet viliodavo numanoma, bet sunkiai i\u0161naudojama galimyb\u0117 kur nors i\u0161vykti, o dabar atvirk\u0161\u010diai, \u2013 dabar mane traukia menas nei\u0161vykti. (...) Tai tam tikras etini\u0173 pratyb\u0173 pakaitalas. Pavyzd\u017eiui, turi galimyb\u0119 tapti \u0161\u016bd\u017eiumi, bet netampi. Turi galimyb\u0119 susigundyti moters (gamtos) spend\u017eiamais kerais, bet i\u0161sisuki. Gali \u012flipti \u012f pirm\u0105 pasitaikius\u012f traukin\u012f \u2013 bet ne\u012flipi. Tai jaudinantis u\u017esi\u0117mimas. Juk kai kurie traukiniai va\u017eiuoja u\u017e ribos, i\u0161 kur nebegr\u012f\u017etama.\" \u0160ioje knygoje \u2013 trumpi \u0161iuolaikinio lietuvi\u0173 ra\u0161ytojo, Nacionalin\u0117s premijos laureato\u00a0 Sigito Parulskio tekstai, ra\u0161yti paskutiniais metais. Kafki\u0161kai sukre\u010dian\u010dios ir absurdi\u0161kai komi\u0161kos istorijos,\u00a0 magi\u0161ki nutikimai ir, regis, nusistov\u0117jusi\u0173 visuomen\u0117s kanon\u0173 bei trumput\u0117s m\u016bs\u0173 egzistencijos negailestingi perm\u0105stymai. Stilius \u2013 \u017eemasis, \u017eemi\u0161kasis arba kasdienis. ...a\u0161 nesu cinikas. Geriausiu atveju esu kinikas \u2013 nepatogios tiesos sakytojas. Tegu \u012f j\u016bs\u0173 stiklin\u0119 su geru g\u0117rimu la\u0161a jausmingos a\u0161aros.","breadcrumb":{"@id":"https:\/\/skaitytaknyga.lt\/produktas\/sigitas-parulskis-pries-mirti-norisi-svelnaus\/#breadcrumb"},"inLanguage":"en-GB","potentialAction":[{"@type":"ReadAction","target":["https:\/\/skaitytaknyga.lt\/produktas\/sigitas-parulskis-pries-mirti-norisi-svelnaus\/"]}]},{"@type":"ImageObject","inLanguage":"en-GB","@id":"https:\/\/skaitytaknyga.lt\/produktas\/sigitas-parulskis-pries-mirti-norisi-svelnaus\/#primaryimage","url":"https:\/\/skaitytaknyga.lt\/wp-content\/uploads\/2024\/05\/Be-pavadinimo-45.png","contentUrl":"https:\/\/skaitytaknyga.lt\/wp-content\/uploads\/2024\/05\/Be-pavadinimo-45.png","width":219,"height":368},{"@type":"BreadcrumbList","@id":"https:\/\/skaitytaknyga.lt\/produktas\/sigitas-parulskis-pries-mirti-norisi-svelnaus\/#breadcrumb","itemListElement":[{"@type":"ListItem","position":1,"name":"Home","item":"https:\/\/skaitytaknyga.lt\/"},{"@type":"ListItem","position":2,"name":"Parduotuv\u0117","item":"https:\/\/skaitytaknyga.lt\/knygu-parduotuve\/"},{"@type":"ListItem","position":3,"name":"Prie\u0161 mirt\u012f norisi \u0161velnaus"}]},{"@type":"WebSite","@id":"https:\/\/skaitytaknyga.lt\/#website","url":"https:\/\/skaitytaknyga.lt\/","name":"skaitytaknyga.lt","description":"Skaitytaknyga.lt \u2013 tai ma\u017eas \u0161eimos verslas, kuris prasid\u0117jo nuo meil\u0117s knygoms ir siekio i\u0161gelb\u0117ti knygas nuo likimo prie konteinerio. Kas vienam nereikalingas daiktas \u2013 kitam lobis, o mes esame tarpininkai, kurie padeda abiems tapti laimingesniems ???? \u017dinome kaip nelengva i\u0161gyventi ma\u017eiems verslams, tad nuo \u0161iol, \u010dia rasite ir kit\u0173, ma\u017e\u0173 \u0161eim\u0173 versl\u0173, rank\u0173 darbo, dovan\u0173 sau ir artimiesiems.","publisher":{"@id":"https:\/\/skaitytaknyga.lt\/#organization"},"potentialAction":[{"@type":"SearchAction","target":{"@type":"EntryPoint","urlTemplate":"https:\/\/skaitytaknyga.lt\/?s={search_term_string}"},"query-input":{"@type":"PropertyValueSpecification","valueRequired":true,"valueName":"search_term_string"}}],"inLanguage":"en-GB"},{"@type":"Organization","@id":"https:\/\/skaitytaknyga.lt\/#organization","name":"skaitytaknyga.lt","url":"https:\/\/skaitytaknyga.lt\/","logo":{"@type":"ImageObject","inLanguage":"en-GB","@id":"https:\/\/skaitytaknyga.lt\/#\/schema\/logo\/image\/","url":"https:\/\/skaitytaknyga.lt\/wp-content\/uploads\/2024\/05\/cropped-cropped-cropped-02_00843_jt3bggkj1j3HLc7SyY6rEUpg.jpeg","contentUrl":"https:\/\/skaitytaknyga.lt\/wp-content\/uploads\/2024\/05\/cropped-cropped-cropped-02_00843_jt3bggkj1j3HLc7SyY6rEUpg.jpeg","width":1600,"height":1600,"caption":"skaitytaknyga.lt"},"image":{"@id":"https:\/\/skaitytaknyga.lt\/#\/schema\/logo\/image\/"},"sameAs":["https:\/\/www.facebook.com\/skaitytaknyga\/"]}]}},"_links":{"self":[{"href":"https:\/\/skaitytaknyga.lt\/en\/wp-json\/wp\/v2\/product\/11815","targetHints":{"allow":["GET"]}}],"collection":[{"href":"https:\/\/skaitytaknyga.lt\/en\/wp-json\/wp\/v2\/product"}],"about":[{"href":"https:\/\/skaitytaknyga.lt\/en\/wp-json\/wp\/v2\/types\/product"}],"replies":[{"embeddable":true,"href":"https:\/\/skaitytaknyga.lt\/en\/wp-json\/wp\/v2\/comments?post=11815"}],"wp:featuredmedia":[{"embeddable":true,"href":"https:\/\/skaitytaknyga.lt\/en\/wp-json\/wp\/v2\/media\/11816"}],"wp:attachment":[{"href":"https:\/\/skaitytaknyga.lt\/en\/wp-json\/wp\/v2\/media?parent=11815"}],"wp:term":[{"taxonomy":"product_brand","embeddable":true,"href":"https:\/\/skaitytaknyga.lt\/en\/wp-json\/wp\/v2\/product_brand?post=11815"},{"taxonomy":"product_cat","embeddable":true,"href":"https:\/\/skaitytaknyga.lt\/en\/wp-json\/wp\/v2\/product_cat?post=11815"},{"taxonomy":"product_tag","embeddable":true,"href":"https:\/\/skaitytaknyga.lt\/en\/wp-json\/wp\/v2\/product_tag?post=11815"}],"curies":[{"name":"wp","href":"https:\/\/api.w.org\/{rel}","templated":true}]}}