{"id":11809,"date":"2024-05-23T09:44:41","date_gmt":"2024-05-23T09:44:41","guid":{"rendered":"https:\/\/skaitytaknyga.lt\/?post_type=product&#038;p=11809"},"modified":"2025-06-10T21:38:20","modified_gmt":"2025-06-10T18:38:20","slug":"alfonsas-nyka-niliunas-temos-ir-variacijos-literatura-kritika-polemika","status":"publish","type":"product","link":"https:\/\/skaitytaknyga.lt\/en\/produktas\/alfonsas-nyka-niliunas-temos-ir-variacijos-literatura-kritika-polemika\/","title":{"rendered":"Temos ir variacijos: Literat\u016bra. Kritika. Polemika"},"content":{"rendered":"<p>Iki \u0161iol Alfonsas Nyka-Nili\u016bnas Lietuvoje daugiau \u017einomas kaip poetas ir vert\u0117jas; tik lietuvi\u0173 literat\u016bros specialistai yra skaitin\u0117j\u0119 jo kritikos straipsni\u0173. Gal ir neblogai, kad \u0161io \u012f\u017evalgaus kritiko nuomoni\u0173 dar nenuvalkiojome; Jos ateina pa\u010diu laiku, kai, atsl\u016bgus entuziazmo kar\u0161\u010diui, v\u0117l pama\u017eu imam\u0117s rimtesni\u0173 literat\u016brini\u0173 studij\u0173, o pirmiausia bandome susigaudyti-kas ko vertas. Ramyb\u0117s nuolatos neduoda ir kitatau\u010di\u0173 koleg\u0173 klausimai: k\u0105 si\u016blytum\u0117te versti i\u0161 lietuvi\u0173 literat\u016bros? Taigi Alfonsas Nyka-Nili\u016bnas kaip kritikas gr\u012f\u017eta su labai laukiamu baga\u017eu-atvirais, reikliais ir geranori\u0161kais lietuvi\u0173 literat\u016bros vertinimais ar bent jau kvietimu svarstyti vert\u0117s problemas.<\/p>\n<p>Skaitant paties autoriaus sudaryt\u0105 straipsni\u0173 rinkin\u012f ima d\u0117stytis nors ir fragmenti\u0161ka, bet atidi ir vertybiniu po\u017ei\u016briu grie\u017etai apibr\u0117\u017eta lietuvi\u0173 literat\u016bros istorija nuo Kristijono Donelai\u010dio, Maironio iki Henriko Radausko, \u017eeminink\u0173, &#8220;Literat\u016bros lank\u0173&#8221; s\u0105j\u016bd\u017eio. Publikuojama ir keletas straipsni\u0173 apie klasikin\u0119 u\u017esienio literat\u016br\u0105. Nykos -Nili\u016bno kritikos ra\u0161tai pasi\u017eymi pla\u010dia lyginim\u0173 perspektyva, ai\u0161kiu d\u0117stymo stiliumi, bet svarbiausia-nedviprasmi\u0161kais literat\u016bros k\u016brini\u0173 vertinimais. Kritikas ai\u0161kina savuosius vertinimo kriterijus, siekia ap\u010diuopti tai, kas atnaujina lietuvi\u0173 literat\u016br\u0105, kas j\u0105 sieja su europin\u0117s literat\u016bros kontekstu. Greta atid\u017eiai aptariamos ra\u0161ytoj\u0173 k\u016brybin\u0117s biografijos, kalbama apie j\u0173 k\u016brybos pakilimus ir atosl\u016bgius. Visa tai padeda svarstyti \u0161iuo metu aktualius lietuvi\u0173 literat\u016bros &#8220;aukso fondo&#8221; sudarymo klausimus.<\/p>\n","protected":false},"excerpt":{"rendered":"<p>Iki \u0161iol Alfonsas Nyka-Nili\u016bnas Lietuvoje daugiau \u017einomas kaip poetas ir vert\u0117jas; tik lietuvi\u0173 literat\u016bros specialistai yra skaitin\u0117j\u0119 jo kritikos straipsni\u0173. Gal ir neblogai, kad \u0161io \u012f\u017evalgaus kritiko nuomoni\u0173 dar nenuvalkiojome; Jos ateina pa\u010diu laiku, kai, atsl\u016bgus entuziazmo kar\u0161\u010diui, v\u0117l pama\u017eu imam\u0117s rimtesni\u0173 literat\u016brini\u0173 studij\u0173, o pirmiausia bandome susigaudyti-kas ko vertas. Ramyb\u0117s nuolatos neduoda ir kitatau\u010di\u0173 koleg\u0173 klausimai: k\u0105 si\u016blytum\u0117te versti i\u0161 lietuvi\u0173 literat\u016bros? Taigi Alfonsas Nyka-Nili\u016bnas kaip kritikas gr\u012f\u017eta su labai laukiamu baga\u017eu-atvirais, reikliais ir geranori\u0161kais lietuvi\u0173 literat\u016bros vertinimais ar bent jau kvietimu svarstyti vert\u0117s problemas. Skaitant paties autoriaus sudaryt\u0105 straipsni\u0173 rinkin\u012f ima d\u0117stytis nors ir fragmenti\u0161ka, bet atidi ir vertybiniu po\u017ei\u016briu grie\u017etai apibr\u0117\u017eta lietuvi\u0173 literat\u016bros istorija nuo Kristijono Donelai\u010dio, Maironio iki Henriko Radausko, \u017eeminink\u0173, &#8220;Literat\u016bros lank\u0173&#8221; s\u0105j\u016bd\u017eio. Publikuojama ir keletas straipsni\u0173 apie klasikin\u0119 u\u017esienio literat\u016br\u0105. Nykos -Nili\u016bno kritikos ra\u0161tai pasi\u017eymi pla\u010dia lyginim\u0173 perspektyva, ai\u0161kiu d\u0117stymo stiliumi, bet svarbiausia-nedviprasmi\u0161kais literat\u016bros k\u016brini\u0173 vertinimais. Kritikas ai\u0161kina savuosius vertinimo kriterijus, siekia ap\u010diuopti tai, kas atnaujina lietuvi\u0173 literat\u016br\u0105, kas j\u0105 sieja su europin\u0117s literat\u016bros kontekstu. Greta atid\u017eiai aptariamos ra\u0161ytoj\u0173 k\u016brybin\u0117s biografijos, kalbama apie j\u0173 k\u016brybos pakilimus ir atosl\u016bgius. Visa tai padeda svarstyti \u0161iuo metu aktualius lietuvi\u0173 literat\u016bros &#8220;aukso fondo&#8221; sudarymo klausimus.<\/p>\n","protected":false},"featured_media":11810,"comment_status":"closed","ping_status":"closed","template":"","meta":{"_acf_changed":false,"site-sidebar-layout":"default","site-content-layout":"","ast-site-content-layout":"default","site-content-style":"default","site-sidebar-style":"default","ast-global-header-display":"","ast-banner-title-visibility":"","ast-main-header-display":"","ast-hfb-above-header-display":"","ast-hfb-below-header-display":"","ast-hfb-mobile-header-display":"","site-post-title":"","ast-breadcrumbs-content":"","ast-featured-img":"","footer-sml-layout":"","ast-disable-related-posts":"","theme-transparent-header-meta":"default","adv-header-id-meta":"","stick-header-meta":"","header-above-stick-meta":"","header-main-stick-meta":"","header-below-stick-meta":"","astra-migrate-meta-layouts":"set","ast-page-background-enabled":"default","ast-page-background-meta":{"desktop":{"background-color":"","background-image":"","background-repeat":"repeat","background-position":"center center","background-size":"auto","background-attachment":"scroll","background-type":"","background-media":"","overlay-type":"","overlay-color":"","overlay-opacity":"","overlay-gradient":""},"tablet":{"background-color":"","background-image":"","background-repeat":"repeat","background-position":"center center","background-size":"auto","background-attachment":"scroll","background-type":"","background-media":"","overlay-type":"","overlay-color":"","overlay-opacity":"","overlay-gradient":""},"mobile":{"background-color":"","background-image":"","background-repeat":"repeat","background-position":"center center","background-size":"auto","background-attachment":"scroll","background-type":"","background-media":"","overlay-type":"","overlay-color":"","overlay-opacity":"","overlay-gradient":""}},"ast-content-background-meta":{"desktop":{"background-color":"var(--ast-global-color-4)","background-image":"","background-repeat":"repeat","background-position":"center center","background-size":"auto","background-attachment":"scroll","background-type":"","background-media":"","overlay-type":"","overlay-color":"","overlay-opacity":"","overlay-gradient":""},"tablet":{"background-color":"var(--ast-global-color-4)","background-image":"","background-repeat":"repeat","background-position":"center center","background-size":"auto","background-attachment":"scroll","background-type":"","background-media":"","overlay-type":"","overlay-color":"","overlay-opacity":"","overlay-gradient":""},"mobile":{"background-color":"var(--ast-global-color-4)","background-image":"","background-repeat":"repeat","background-position":"center center","background-size":"auto","background-attachment":"scroll","background-type":"","background-media":"","overlay-type":"","overlay-color":"","overlay-opacity":"","overlay-gradient":""}}},"product_brand":[],"product_cat":[390],"product_tag":[2006,2008,2009,2007],"class_list":{"0":"post-11809","1":"product","2":"type-product","3":"status-publish","4":"has-post-thumbnail","6":"product_cat-kalba-kalbotyra-zodynai","7":"product_tag-alfonsas-nyka-niliunas","8":"product_tag-eseistika","9":"product_tag-kulturine-polemika","10":"product_tag-literaturos-kritika","11":"desktop-align-left","12":"tablet-align-left","13":"mobile-align-left","15":"first","16":"instock","17":"shipping-taxable","18":"purchasable","19":"product-type-simple"},"acf":[],"yoast_head":"<!-- This site is optimized with the Yoast SEO plugin v27.0 - https:\/\/yoast.com\/product\/yoast-seo-wordpress\/ -->\n<title>Temos ir variacijos: Literat\u016bra. Kritika. Polemika<\/title>\n<meta name=\"description\" content=\"Iki \u0161iol Alfonsas Nyka-Nili\u016bnas Lietuvoje daugiau \u017einomas kaip poetas ir vert\u0117jas; tik lietuvi\u0173 literat\u016bros specialistai yra skaitin\u0117j\u0119 jo kritikos\" \/>\n<meta name=\"robots\" content=\"index, follow, max-snippet:-1, max-image-preview:large, max-video-preview:-1\" \/>\n<link rel=\"canonical\" href=\"https:\/\/skaitytaknyga.lt\/en\/produktas\/alfonsas-nyka-niliunas-temos-ir-variacijos-literatura-kritika-polemika\/\" \/>\n<meta property=\"og:locale\" content=\"en_GB\" \/>\n<meta property=\"og:locale:alternate\" content=\"lt_LT\" \/>\n<meta property=\"og:type\" content=\"article\" \/>\n<meta property=\"og:title\" content=\"Temos ir variacijos: Literat\u016bra. Kritika. Polemika\" \/>\n<meta property=\"og:description\" content=\"Iki \u0161iol Alfonsas Nyka-Nili\u016bnas Lietuvoje daugiau \u017einomas kaip poetas ir vert\u0117jas; tik lietuvi\u0173 literat\u016bros specialistai yra skaitin\u0117j\u0119 jo kritikos\" \/>\n<meta property=\"og:url\" content=\"https:\/\/skaitytaknyga.lt\/en\/produktas\/alfonsas-nyka-niliunas-temos-ir-variacijos-literatura-kritika-polemika\/\" \/>\n<meta property=\"og:site_name\" content=\"Skaitytaknyga\" \/>\n<meta property=\"article:publisher\" content=\"https:\/\/www.facebook.com\/skaitytaknyga\/\" \/>\n<meta property=\"article:modified_time\" content=\"2025-06-10T18:38:20+00:00\" \/>\n<meta property=\"og:image\" content=\"https:\/\/skaitytaknyga.lt\/wp-content\/uploads\/2024\/05\/Be-pavadinimo-44.png\" \/>\n\t<meta property=\"og:image:width\" content=\"268\" \/>\n\t<meta property=\"og:image:height\" content=\"427\" \/>\n\t<meta property=\"og:image:type\" content=\"image\/png\" \/>\n<meta name=\"twitter:card\" content=\"summary_large_image\" \/>\n<meta name=\"twitter:label1\" content=\"Estimated reading time\" \/>\n\t<meta name=\"twitter:data1\" content=\"2 minutes\" \/>\n<script type=\"application\/ld+json\" class=\"yoast-schema-graph\">{\"@context\":\"https:\/\/schema.org\",\"@graph\":[{\"@type\":\"WebPage\",\"@id\":\"https:\/\/skaitytaknyga.lt\/produktas\/alfonsas-nyka-niliunas-temos-ir-variacijos-literatura-kritika-polemika\/\",\"url\":\"https:\/\/skaitytaknyga.lt\/produktas\/alfonsas-nyka-niliunas-temos-ir-variacijos-literatura-kritika-polemika\/\",\"name\":\"Temos ir variacijos: Literat\u016bra. Kritika. Polemika\",\"isPartOf\":{\"@id\":\"https:\/\/skaitytaknyga.lt\/#website\"},\"primaryImageOfPage\":{\"@id\":\"https:\/\/skaitytaknyga.lt\/produktas\/alfonsas-nyka-niliunas-temos-ir-variacijos-literatura-kritika-polemika\/#primaryimage\"},\"image\":{\"@id\":\"https:\/\/skaitytaknyga.lt\/produktas\/alfonsas-nyka-niliunas-temos-ir-variacijos-literatura-kritika-polemika\/#primaryimage\"},\"thumbnailUrl\":\"https:\/\/skaitytaknyga.lt\/wp-content\/uploads\/2024\/05\/Be-pavadinimo-44.png\",\"datePublished\":\"2024-05-23T09:44:41+00:00\",\"dateModified\":\"2025-06-10T18:38:20+00:00\",\"description\":\"Iki \u0161iol Alfonsas Nyka-Nili\u016bnas Lietuvoje daugiau \u017einomas kaip poetas ir vert\u0117jas; tik lietuvi\u0173 literat\u016bros specialistai yra skaitin\u0117j\u0119 jo kritikos\",\"breadcrumb\":{\"@id\":\"https:\/\/skaitytaknyga.lt\/produktas\/alfonsas-nyka-niliunas-temos-ir-variacijos-literatura-kritika-polemika\/#breadcrumb\"},\"inLanguage\":\"en-GB\",\"potentialAction\":[{\"@type\":\"ReadAction\",\"target\":[\"https:\/\/skaitytaknyga.lt\/produktas\/alfonsas-nyka-niliunas-temos-ir-variacijos-literatura-kritika-polemika\/\"]}]},{\"@type\":\"ImageObject\",\"inLanguage\":\"en-GB\",\"@id\":\"https:\/\/skaitytaknyga.lt\/produktas\/alfonsas-nyka-niliunas-temos-ir-variacijos-literatura-kritika-polemika\/#primaryimage\",\"url\":\"https:\/\/skaitytaknyga.lt\/wp-content\/uploads\/2024\/05\/Be-pavadinimo-44.png\",\"contentUrl\":\"https:\/\/skaitytaknyga.lt\/wp-content\/uploads\/2024\/05\/Be-pavadinimo-44.png\",\"width\":268,\"height\":427,\"caption\":\"Alfonsas Nyka-Nili\u016bnas Temos ir variacijos: Literat\u016bra. Kritika. Polemika\"},{\"@type\":\"BreadcrumbList\",\"@id\":\"https:\/\/skaitytaknyga.lt\/produktas\/alfonsas-nyka-niliunas-temos-ir-variacijos-literatura-kritika-polemika\/#breadcrumb\",\"itemListElement\":[{\"@type\":\"ListItem\",\"position\":1,\"name\":\"Home\",\"item\":\"https:\/\/skaitytaknyga.lt\/\"},{\"@type\":\"ListItem\",\"position\":2,\"name\":\"Parduotuv\u0117\",\"item\":\"https:\/\/skaitytaknyga.lt\/knygu-parduotuve\/\"},{\"@type\":\"ListItem\",\"position\":3,\"name\":\"Temos ir variacijos: Literat\u016bra. Kritika. Polemika\"}]},{\"@type\":\"WebSite\",\"@id\":\"https:\/\/skaitytaknyga.lt\/#website\",\"url\":\"https:\/\/skaitytaknyga.lt\/\",\"name\":\"skaitytaknyga.lt\",\"description\":\"Skaitytaknyga.lt \u2013 tai ma\u017eas \u0161eimos verslas, kuris prasid\u0117jo nuo meil\u0117s knygoms ir siekio i\u0161gelb\u0117ti knygas nuo likimo prie konteinerio. Kas vienam nereikalingas daiktas \u2013 kitam lobis, o mes esame tarpininkai, kurie padeda abiems tapti laimingesniems ???? \u017dinome kaip nelengva i\u0161gyventi ma\u017eiems verslams, tad nuo \u0161iol, \u010dia rasite ir kit\u0173, ma\u017e\u0173 \u0161eim\u0173 versl\u0173, rank\u0173 darbo, dovan\u0173 sau ir artimiesiems.\",\"publisher\":{\"@id\":\"https:\/\/skaitytaknyga.lt\/#organization\"},\"potentialAction\":[{\"@type\":\"SearchAction\",\"target\":{\"@type\":\"EntryPoint\",\"urlTemplate\":\"https:\/\/skaitytaknyga.lt\/?s={search_term_string}\"},\"query-input\":{\"@type\":\"PropertyValueSpecification\",\"valueRequired\":true,\"valueName\":\"search_term_string\"}}],\"inLanguage\":\"en-GB\"},{\"@type\":\"Organization\",\"@id\":\"https:\/\/skaitytaknyga.lt\/#organization\",\"name\":\"skaitytaknyga.lt\",\"url\":\"https:\/\/skaitytaknyga.lt\/\",\"logo\":{\"@type\":\"ImageObject\",\"inLanguage\":\"en-GB\",\"@id\":\"https:\/\/skaitytaknyga.lt\/#\/schema\/logo\/image\/\",\"url\":\"https:\/\/skaitytaknyga.lt\/wp-content\/uploads\/2024\/05\/cropped-cropped-cropped-02_00843_jt3bggkj1j3HLc7SyY6rEUpg.jpeg\",\"contentUrl\":\"https:\/\/skaitytaknyga.lt\/wp-content\/uploads\/2024\/05\/cropped-cropped-cropped-02_00843_jt3bggkj1j3HLc7SyY6rEUpg.jpeg\",\"width\":1600,\"height\":1600,\"caption\":\"skaitytaknyga.lt\"},\"image\":{\"@id\":\"https:\/\/skaitytaknyga.lt\/#\/schema\/logo\/image\/\"},\"sameAs\":[\"https:\/\/www.facebook.com\/skaitytaknyga\/\"]}]}<\/script>\n<!-- \/ Yoast SEO plugin. -->","yoast_head_json":{"title":"Temos ir variacijos: Literat\u016bra. Kritika. Polemika","description":"Iki \u0161iol Alfonsas Nyka-Nili\u016bnas Lietuvoje daugiau \u017einomas kaip poetas ir vert\u0117jas; tik lietuvi\u0173 literat\u016bros specialistai yra skaitin\u0117j\u0119 jo kritikos","robots":{"index":"index","follow":"follow","max-snippet":"max-snippet:-1","max-image-preview":"max-image-preview:large","max-video-preview":"max-video-preview:-1"},"canonical":"https:\/\/skaitytaknyga.lt\/en\/produktas\/alfonsas-nyka-niliunas-temos-ir-variacijos-literatura-kritika-polemika\/","og_locale":"en_GB","og_type":"article","og_title":"[:lt]Temos ir variacijos: Literat\u016bra. Kritika. Polemika[:] - Skaitytaknyga","og_description":"Iki \u0161iol Alfonsas Nyka-Nili\u016bnas Lietuvoje daugiau \u017einomas kaip poetas ir vert\u0117jas; tik lietuvi\u0173 literat\u016bros specialistai yra skaitin\u0117j\u0119 jo kritikos","og_url":"https:\/\/skaitytaknyga.lt\/en\/produktas\/alfonsas-nyka-niliunas-temos-ir-variacijos-literatura-kritika-polemika\/","og_site_name":"Skaitytaknyga","article_publisher":"https:\/\/www.facebook.com\/skaitytaknyga\/","article_modified_time":"2025-06-10T18:38:20+00:00","og_image":[{"width":268,"height":427,"url":"https:\/\/skaitytaknyga.lt\/wp-content\/uploads\/2024\/05\/Be-pavadinimo-44.png","type":"image\/png"}],"twitter_card":"summary_large_image","twitter_misc":{"Estimated reading time":"2 minutes"},"schema":{"@context":"https:\/\/schema.org","@graph":[{"@type":"WebPage","@id":"https:\/\/skaitytaknyga.lt\/produktas\/alfonsas-nyka-niliunas-temos-ir-variacijos-literatura-kritika-polemika\/","url":"https:\/\/skaitytaknyga.lt\/produktas\/alfonsas-nyka-niliunas-temos-ir-variacijos-literatura-kritika-polemika\/","name":"Temos ir variacijos: Literat\u016bra. Kritika. Polemika","isPartOf":{"@id":"https:\/\/skaitytaknyga.lt\/#website"},"primaryImageOfPage":{"@id":"https:\/\/skaitytaknyga.lt\/produktas\/alfonsas-nyka-niliunas-temos-ir-variacijos-literatura-kritika-polemika\/#primaryimage"},"image":{"@id":"https:\/\/skaitytaknyga.lt\/produktas\/alfonsas-nyka-niliunas-temos-ir-variacijos-literatura-kritika-polemika\/#primaryimage"},"thumbnailUrl":"https:\/\/skaitytaknyga.lt\/wp-content\/uploads\/2024\/05\/Be-pavadinimo-44.png","datePublished":"2024-05-23T09:44:41+00:00","dateModified":"2025-06-10T18:38:20+00:00","description":"Iki \u0161iol Alfonsas Nyka-Nili\u016bnas Lietuvoje daugiau \u017einomas kaip poetas ir vert\u0117jas; tik lietuvi\u0173 literat\u016bros specialistai yra skaitin\u0117j\u0119 jo kritikos","breadcrumb":{"@id":"https:\/\/skaitytaknyga.lt\/produktas\/alfonsas-nyka-niliunas-temos-ir-variacijos-literatura-kritika-polemika\/#breadcrumb"},"inLanguage":"en-GB","potentialAction":[{"@type":"ReadAction","target":["https:\/\/skaitytaknyga.lt\/produktas\/alfonsas-nyka-niliunas-temos-ir-variacijos-literatura-kritika-polemika\/"]}]},{"@type":"ImageObject","inLanguage":"en-GB","@id":"https:\/\/skaitytaknyga.lt\/produktas\/alfonsas-nyka-niliunas-temos-ir-variacijos-literatura-kritika-polemika\/#primaryimage","url":"https:\/\/skaitytaknyga.lt\/wp-content\/uploads\/2024\/05\/Be-pavadinimo-44.png","contentUrl":"https:\/\/skaitytaknyga.lt\/wp-content\/uploads\/2024\/05\/Be-pavadinimo-44.png","width":268,"height":427,"caption":"Alfonsas Nyka-Nili\u016bnas Temos ir variacijos: Literat\u016bra. Kritika. Polemika"},{"@type":"BreadcrumbList","@id":"https:\/\/skaitytaknyga.lt\/produktas\/alfonsas-nyka-niliunas-temos-ir-variacijos-literatura-kritika-polemika\/#breadcrumb","itemListElement":[{"@type":"ListItem","position":1,"name":"Home","item":"https:\/\/skaitytaknyga.lt\/"},{"@type":"ListItem","position":2,"name":"Parduotuv\u0117","item":"https:\/\/skaitytaknyga.lt\/knygu-parduotuve\/"},{"@type":"ListItem","position":3,"name":"Temos ir variacijos: Literat\u016bra. Kritika. Polemika"}]},{"@type":"WebSite","@id":"https:\/\/skaitytaknyga.lt\/#website","url":"https:\/\/skaitytaknyga.lt\/","name":"skaitytaknyga.lt","description":"Skaitytaknyga.lt \u2013 tai ma\u017eas \u0161eimos verslas, kuris prasid\u0117jo nuo meil\u0117s knygoms ir siekio i\u0161gelb\u0117ti knygas nuo likimo prie konteinerio. Kas vienam nereikalingas daiktas \u2013 kitam lobis, o mes esame tarpininkai, kurie padeda abiems tapti laimingesniems ???? \u017dinome kaip nelengva i\u0161gyventi ma\u017eiems verslams, tad nuo \u0161iol, \u010dia rasite ir kit\u0173, ma\u017e\u0173 \u0161eim\u0173 versl\u0173, rank\u0173 darbo, dovan\u0173 sau ir artimiesiems.","publisher":{"@id":"https:\/\/skaitytaknyga.lt\/#organization"},"potentialAction":[{"@type":"SearchAction","target":{"@type":"EntryPoint","urlTemplate":"https:\/\/skaitytaknyga.lt\/?s={search_term_string}"},"query-input":{"@type":"PropertyValueSpecification","valueRequired":true,"valueName":"search_term_string"}}],"inLanguage":"en-GB"},{"@type":"Organization","@id":"https:\/\/skaitytaknyga.lt\/#organization","name":"skaitytaknyga.lt","url":"https:\/\/skaitytaknyga.lt\/","logo":{"@type":"ImageObject","inLanguage":"en-GB","@id":"https:\/\/skaitytaknyga.lt\/#\/schema\/logo\/image\/","url":"https:\/\/skaitytaknyga.lt\/wp-content\/uploads\/2024\/05\/cropped-cropped-cropped-02_00843_jt3bggkj1j3HLc7SyY6rEUpg.jpeg","contentUrl":"https:\/\/skaitytaknyga.lt\/wp-content\/uploads\/2024\/05\/cropped-cropped-cropped-02_00843_jt3bggkj1j3HLc7SyY6rEUpg.jpeg","width":1600,"height":1600,"caption":"skaitytaknyga.lt"},"image":{"@id":"https:\/\/skaitytaknyga.lt\/#\/schema\/logo\/image\/"},"sameAs":["https:\/\/www.facebook.com\/skaitytaknyga\/"]}]}},"_links":{"self":[{"href":"https:\/\/skaitytaknyga.lt\/en\/wp-json\/wp\/v2\/product\/11809","targetHints":{"allow":["GET"]}}],"collection":[{"href":"https:\/\/skaitytaknyga.lt\/en\/wp-json\/wp\/v2\/product"}],"about":[{"href":"https:\/\/skaitytaknyga.lt\/en\/wp-json\/wp\/v2\/types\/product"}],"replies":[{"embeddable":true,"href":"https:\/\/skaitytaknyga.lt\/en\/wp-json\/wp\/v2\/comments?post=11809"}],"wp:featuredmedia":[{"embeddable":true,"href":"https:\/\/skaitytaknyga.lt\/en\/wp-json\/wp\/v2\/media\/11810"}],"wp:attachment":[{"href":"https:\/\/skaitytaknyga.lt\/en\/wp-json\/wp\/v2\/media?parent=11809"}],"wp:term":[{"taxonomy":"product_brand","embeddable":true,"href":"https:\/\/skaitytaknyga.lt\/en\/wp-json\/wp\/v2\/product_brand?post=11809"},{"taxonomy":"product_cat","embeddable":true,"href":"https:\/\/skaitytaknyga.lt\/en\/wp-json\/wp\/v2\/product_cat?post=11809"},{"taxonomy":"product_tag","embeddable":true,"href":"https:\/\/skaitytaknyga.lt\/en\/wp-json\/wp\/v2\/product_tag?post=11809"}],"curies":[{"name":"wp","href":"https:\/\/api.w.org\/{rel}","templated":true}]}}