{"id":11807,"date":"2024-05-23T09:20:24","date_gmt":"2024-05-23T09:20:24","guid":{"rendered":"https:\/\/skaitytaknyga.lt\/?post_type=product&#038;p=11807"},"modified":"2026-03-05T13:51:18","modified_gmt":"2026-03-05T11:51:18","slug":"victoria-helen-stone-as-dzeine","status":"publish","type":"product","link":"https:\/\/skaitytaknyga.lt\/en\/produktas\/victoria-helen-stone-as-dzeine\/","title":{"rendered":"A\u0161, D\u017eein\u0117"},"content":{"rendered":"","protected":false},"excerpt":{"rendered":"<p>D\u017eein\u0117 puikiai pritampa Mineapolio draudimo kompanijoje: patraukli, bet ne\u012fdomi d\u0117l savo g\u0117l\u0117t\u0173 sukneli\u0173, piet\u0173 d\u0117\u017eu\u010di\u0173 ir gerai atliekamo nekvalifikuoto darbo. Ji \u2013 b\u016btent tokia moteris, kokia patinka vidutinio lygio vadovui Stivenui Hepsvortui, \u2013 romi, nuolanki, tirpstanti nuo jo rodomo d\u0117mesio. Ta\u010diau niekas n\u0117 nenutuokia, kas i\u0161 ties\u0173 yra toji D\u017eein\u0117. Ypa\u010d Stivenas.<\/p>\n<p>Po pilkos pelyt\u0117s \u012fvaizd\u017eiu slepiasi moteris, pasiry\u017eusi viskam: ji gundys ir leisis sugundoma, sl\u0117psis ir seks, \u012fsilies \u012f Stiveno \u0161eim\u0105 ir su\u017einos bjauriausias jo paslaptis. D\u017eein\u0117 bet kokia kaina i\u0161siai\u0161kins, kas jam svarbiausia. Tada gal\u0117s visa tai atimti.<\/p>\n<p>Kaip jis kadaise at\u0117m\u0117 i\u0161 jos.<\/p>\n<p><em>Populiari\u0173 roman\u0173 autor\u0117 Victoria Helen Stone meistri\u0161kai pie\u0161ia sud\u0117ting\u0105 asmenyb\u0119, kuri yra ir g\u0105sdinanti, ir labai patraukli. Ar D\u017eein\u0117 \u2013 tikrai sociopat\u0117? O gal \u2013 viena t\u0173 ret\u0173 moter\u0173, kurioms tiesiog ner\u016bpi, k\u0105 mano kiti?<\/em><\/p>\n","protected":false},"featured_media":11808,"comment_status":"closed","ping_status":"closed","template":"","meta":{"_acf_changed":false,"site-sidebar-layout":"default","site-content-layout":"","ast-site-content-layout":"default","site-content-style":"default","site-sidebar-style":"default","ast-global-header-display":"","ast-banner-title-visibility":"","ast-main-header-display":"","ast-hfb-above-header-display":"","ast-hfb-below-header-display":"","ast-hfb-mobile-header-display":"","site-post-title":"","ast-breadcrumbs-content":"","ast-featured-img":"","footer-sml-layout":"","ast-disable-related-posts":"","theme-transparent-header-meta":"","adv-header-id-meta":"","stick-header-meta":"","header-above-stick-meta":"","header-main-stick-meta":"","header-below-stick-meta":"","astra-migrate-meta-layouts":"default","ast-page-background-enabled":"default","ast-page-background-meta":{"desktop":{"background-color":"","background-image":"","background-repeat":"repeat","background-position":"center center","background-size":"auto","background-attachment":"scroll","background-type":"","background-media":"","overlay-type":"","overlay-color":"","overlay-opacity":"","overlay-gradient":""},"tablet":{"background-color":"","background-image":"","background-repeat":"repeat","background-position":"center center","background-size":"auto","background-attachment":"scroll","background-type":"","background-media":"","overlay-type":"","overlay-color":"","overlay-opacity":"","overlay-gradient":""},"mobile":{"background-color":"","background-image":"","background-repeat":"repeat","background-position":"center center","background-size":"auto","background-attachment":"scroll","background-type":"","background-media":"","overlay-type":"","overlay-color":"","overlay-opacity":"","overlay-gradient":""}},"ast-content-background-meta":{"desktop":{"background-color":"var(--ast-global-color-4)","background-image":"","background-repeat":"repeat","background-position":"center center","background-size":"auto","background-attachment":"scroll","background-type":"","background-media":"","overlay-type":"","overlay-color":"","overlay-opacity":"","overlay-gradient":""},"tablet":{"background-color":"var(--ast-global-color-4)","background-image":"","background-repeat":"repeat","background-position":"center center","background-size":"auto","background-attachment":"scroll","background-type":"","background-media":"","overlay-type":"","overlay-color":"","overlay-opacity":"","overlay-gradient":""},"mobile":{"background-color":"var(--ast-global-color-4)","background-image":"","background-repeat":"repeat","background-position":"center center","background-size":"auto","background-attachment":"scroll","background-type":"","background-media":"","overlay-type":"","overlay-color":"","overlay-opacity":"","overlay-gradient":""}}},"product_brand":[],"product_cat":[9580],"product_tag":[],"class_list":{"0":"post-11807","1":"product","2":"type-product","3":"status-publish","4":"has-post-thumbnail","6":"product_cat-psichologiniai-detektyvai","7":"desktop-align-left","8":"tablet-align-left","9":"mobile-align-left","11":"first","12":"instock","13":"shipping-taxable","14":"purchasable","15":"product-type-simple"},"acf":[],"yoast_head":"<!-- This site is optimized with the Yoast SEO plugin v27.0 - https:\/\/yoast.com\/product\/yoast-seo-wordpress\/ -->\n<title>A\u0161, D\u017eein\u0117<\/title>\n<meta name=\"description\" content=\"D\u017eein\u0117 puikiai pritampa Mineapolio draudimo kompanijoje: patraukli, bet ne\u012fdomi d\u0117l savo g\u0117l\u0117t\u0173 sukneli\u0173, piet\u0173 d\u0117\u017eu\u010di\u0173 ir gerai atliekamo nekvalifikuoto darbo. Ji \u2013 b\u016btent tokia moteris, kokia patinka vidutinio lygio vadovui Stivenui Hepsvortui, \u2013 romi, nuolanki, tirpstanti nuo jo rodomo d\u0117mesio. Ta\u010diau niekas n\u0117 nenutuokia, kas i\u0161 ties\u0173 yra toji D\u017eein\u0117. Ypa\u010d Stivenas.  Po pilkos pelyt\u0117s \u012fvaizd\u017eiu slepiasi moteris, pasiry\u017eusi viskam: ji gundys ir leisis sugundoma, sl\u0117psis ir seks, \u012fsilies \u012f Stiveno \u0161eim\u0105 ir su\u017einos bjauriausias jo paslaptis. D\u017eein\u0117 bet kokia kaina i\u0161siai\u0161kins, kas jam svarbiausia. Tada gal\u0117s visa tai atimti.  Kaip jis kadaise at\u0117m\u0117 i\u0161 jos.  Populiari\u0173 roman\u0173 autor\u0117 Victoria Helen Stone meistri\u0161kai pie\u0161ia sud\u0117ting\u0105 asmenyb\u0119, kuri yra ir g\u0105sdinanti, ir labai patraukli. Ar D\u017eein\u0117 \u2013 tikrai sociopat\u0117? O gal \u2013 viena t\u0173 ret\u0173 moter\u0173, kurioms tiesiog ner\u016bpi, k\u0105 mano kiti?\" \/>\n<meta name=\"robots\" content=\"index, follow, max-snippet:-1, max-image-preview:large, max-video-preview:-1\" \/>\n<link rel=\"canonical\" href=\"https:\/\/skaitytaknyga.lt\/en\/produktas\/victoria-helen-stone-as-dzeine\/\" \/>\n<meta property=\"og:locale\" content=\"en_GB\" \/>\n<meta property=\"og:locale:alternate\" content=\"lt_LT\" \/>\n<meta property=\"og:type\" content=\"article\" \/>\n<meta property=\"og:title\" content=\"A\u0161, D\u017eein\u0117\" \/>\n<meta property=\"og:description\" content=\"D\u017eein\u0117 puikiai pritampa Mineapolio draudimo kompanijoje: patraukli, bet ne\u012fdomi d\u0117l savo g\u0117l\u0117t\u0173 sukneli\u0173, piet\u0173 d\u0117\u017eu\u010di\u0173 ir gerai atliekamo nekvalifikuoto darbo. Ji \u2013 b\u016btent tokia moteris, kokia patinka vidutinio lygio vadovui Stivenui Hepsvortui, \u2013 romi, nuolanki, tirpstanti nuo jo rodomo d\u0117mesio. Ta\u010diau niekas n\u0117 nenutuokia, kas i\u0161 ties\u0173 yra toji D\u017eein\u0117. Ypa\u010d Stivenas.  Po pilkos pelyt\u0117s \u012fvaizd\u017eiu slepiasi moteris, pasiry\u017eusi viskam: ji gundys ir leisis sugundoma, sl\u0117psis ir seks, \u012fsilies \u012f Stiveno \u0161eim\u0105 ir su\u017einos bjauriausias jo paslaptis. D\u017eein\u0117 bet kokia kaina i\u0161siai\u0161kins, kas jam svarbiausia. Tada gal\u0117s visa tai atimti.  Kaip jis kadaise at\u0117m\u0117 i\u0161 jos.  Populiari\u0173 roman\u0173 autor\u0117 Victoria Helen Stone meistri\u0161kai pie\u0161ia sud\u0117ting\u0105 asmenyb\u0119, kuri yra ir g\u0105sdinanti, ir labai patraukli. Ar D\u017eein\u0117 \u2013 tikrai sociopat\u0117? O gal \u2013 viena t\u0173 ret\u0173 moter\u0173, kurioms tiesiog ner\u016bpi, k\u0105 mano kiti?\" \/>\n<meta property=\"og:url\" content=\"https:\/\/skaitytaknyga.lt\/en\/produktas\/victoria-helen-stone-as-dzeine\/\" \/>\n<meta property=\"og:site_name\" content=\"Skaitytaknyga\" \/>\n<meta property=\"article:publisher\" content=\"https:\/\/www.facebook.com\/skaitytaknyga\/\" \/>\n<meta property=\"article:modified_time\" content=\"2026-03-05T11:51:18+00:00\" \/>\n<meta property=\"og:image\" content=\"https:\/\/skaitytaknyga.lt\/wp-content\/uploads\/2024\/05\/09823321_2-scaled.jpg\" \/>\n\t<meta property=\"og:image:width\" content=\"1717\" \/>\n\t<meta property=\"og:image:height\" content=\"2560\" \/>\n\t<meta property=\"og:image:type\" content=\"image\/jpeg\" \/>\n<meta name=\"twitter:card\" content=\"summary_large_image\" \/>\n<script type=\"application\/ld+json\" class=\"yoast-schema-graph\">{\"@context\":\"https:\/\/schema.org\",\"@graph\":[{\"@type\":\"WebPage\",\"@id\":\"https:\/\/skaitytaknyga.lt\/produktas\/victoria-helen-stone-as-dzeine\/\",\"url\":\"https:\/\/skaitytaknyga.lt\/produktas\/victoria-helen-stone-as-dzeine\/\",\"name\":\"A\u0161, D\u017eein\u0117\",\"isPartOf\":{\"@id\":\"https:\/\/skaitytaknyga.lt\/#website\"},\"primaryImageOfPage\":{\"@id\":\"https:\/\/skaitytaknyga.lt\/produktas\/victoria-helen-stone-as-dzeine\/#primaryimage\"},\"image\":{\"@id\":\"https:\/\/skaitytaknyga.lt\/produktas\/victoria-helen-stone-as-dzeine\/#primaryimage\"},\"thumbnailUrl\":\"https:\/\/skaitytaknyga.lt\/wp-content\/uploads\/2024\/05\/09823321_2-scaled.jpg\",\"datePublished\":\"2024-05-23T09:20:24+00:00\",\"dateModified\":\"2026-03-05T11:51:18+00:00\",\"description\":\"D\u017eein\u0117 puikiai pritampa Mineapolio draudimo kompanijoje: patraukli, bet ne\u012fdomi d\u0117l savo g\u0117l\u0117t\u0173 sukneli\u0173, piet\u0173 d\u0117\u017eu\u010di\u0173 ir gerai atliekamo nekvalifikuoto darbo. Ji \u2013 b\u016btent tokia moteris, kokia patinka vidutinio lygio vadovui Stivenui Hepsvortui, \u2013 romi, nuolanki, tirpstanti nuo jo rodomo d\u0117mesio. Ta\u010diau niekas n\u0117 nenutuokia, kas i\u0161 ties\u0173 yra toji D\u017eein\u0117. Ypa\u010d Stivenas. Po pilkos pelyt\u0117s \u012fvaizd\u017eiu slepiasi moteris, pasiry\u017eusi viskam: ji gundys ir leisis sugundoma, sl\u0117psis ir seks, \u012fsilies \u012f Stiveno \u0161eim\u0105 ir su\u017einos bjauriausias jo paslaptis. D\u017eein\u0117 bet kokia kaina i\u0161siai\u0161kins, kas jam svarbiausia. Tada gal\u0117s visa tai atimti. Kaip jis kadaise at\u0117m\u0117 i\u0161 jos. Populiari\u0173 roman\u0173 autor\u0117 Victoria Helen Stone meistri\u0161kai pie\u0161ia sud\u0117ting\u0105 asmenyb\u0119, kuri yra ir g\u0105sdinanti, ir labai patraukli. Ar D\u017eein\u0117 \u2013 tikrai sociopat\u0117? O gal \u2013 viena t\u0173 ret\u0173 moter\u0173, kurioms tiesiog ner\u016bpi, k\u0105 mano kiti?\",\"breadcrumb\":{\"@id\":\"https:\/\/skaitytaknyga.lt\/produktas\/victoria-helen-stone-as-dzeine\/#breadcrumb\"},\"inLanguage\":\"en-GB\",\"potentialAction\":[{\"@type\":\"ReadAction\",\"target\":[\"https:\/\/skaitytaknyga.lt\/produktas\/victoria-helen-stone-as-dzeine\/\"]}]},{\"@type\":\"ImageObject\",\"inLanguage\":\"en-GB\",\"@id\":\"https:\/\/skaitytaknyga.lt\/produktas\/victoria-helen-stone-as-dzeine\/#primaryimage\",\"url\":\"https:\/\/skaitytaknyga.lt\/wp-content\/uploads\/2024\/05\/09823321_2-scaled.jpg\",\"contentUrl\":\"https:\/\/skaitytaknyga.lt\/wp-content\/uploads\/2024\/05\/09823321_2-scaled.jpg\",\"width\":1717,\"height\":2560},{\"@type\":\"BreadcrumbList\",\"@id\":\"https:\/\/skaitytaknyga.lt\/produktas\/victoria-helen-stone-as-dzeine\/#breadcrumb\",\"itemListElement\":[{\"@type\":\"ListItem\",\"position\":1,\"name\":\"Home\",\"item\":\"https:\/\/skaitytaknyga.lt\/\"},{\"@type\":\"ListItem\",\"position\":2,\"name\":\"Parduotuv\u0117\",\"item\":\"https:\/\/skaitytaknyga.lt\/knygu-parduotuve\/\"},{\"@type\":\"ListItem\",\"position\":3,\"name\":\"A\u0161, D\u017eein\u0117\"}]},{\"@type\":\"WebSite\",\"@id\":\"https:\/\/skaitytaknyga.lt\/#website\",\"url\":\"https:\/\/skaitytaknyga.lt\/\",\"name\":\"skaitytaknyga.lt\",\"description\":\"Skaitytaknyga.lt \u2013 tai ma\u017eas \u0161eimos verslas, kuris prasid\u0117jo nuo meil\u0117s knygoms ir siekio i\u0161gelb\u0117ti knygas nuo likimo prie konteinerio. Kas vienam nereikalingas daiktas \u2013 kitam lobis, o mes esame tarpininkai, kurie padeda abiems tapti laimingesniems ???? \u017dinome kaip nelengva i\u0161gyventi ma\u017eiems verslams, tad nuo \u0161iol, \u010dia rasite ir kit\u0173, ma\u017e\u0173 \u0161eim\u0173 versl\u0173, rank\u0173 darbo, dovan\u0173 sau ir artimiesiems.\",\"publisher\":{\"@id\":\"https:\/\/skaitytaknyga.lt\/#organization\"},\"potentialAction\":[{\"@type\":\"SearchAction\",\"target\":{\"@type\":\"EntryPoint\",\"urlTemplate\":\"https:\/\/skaitytaknyga.lt\/?s={search_term_string}\"},\"query-input\":{\"@type\":\"PropertyValueSpecification\",\"valueRequired\":true,\"valueName\":\"search_term_string\"}}],\"inLanguage\":\"en-GB\"},{\"@type\":\"Organization\",\"@id\":\"https:\/\/skaitytaknyga.lt\/#organization\",\"name\":\"skaitytaknyga.lt\",\"url\":\"https:\/\/skaitytaknyga.lt\/\",\"logo\":{\"@type\":\"ImageObject\",\"inLanguage\":\"en-GB\",\"@id\":\"https:\/\/skaitytaknyga.lt\/#\/schema\/logo\/image\/\",\"url\":\"https:\/\/skaitytaknyga.lt\/wp-content\/uploads\/2024\/05\/cropped-cropped-cropped-02_00843_jt3bggkj1j3HLc7SyY6rEUpg.jpeg\",\"contentUrl\":\"https:\/\/skaitytaknyga.lt\/wp-content\/uploads\/2024\/05\/cropped-cropped-cropped-02_00843_jt3bggkj1j3HLc7SyY6rEUpg.jpeg\",\"width\":1600,\"height\":1600,\"caption\":\"skaitytaknyga.lt\"},\"image\":{\"@id\":\"https:\/\/skaitytaknyga.lt\/#\/schema\/logo\/image\/\"},\"sameAs\":[\"https:\/\/www.facebook.com\/skaitytaknyga\/\"]}]}<\/script>\n<!-- \/ Yoast SEO plugin. -->","yoast_head_json":{"title":"A\u0161, D\u017eein\u0117","description":"D\u017eein\u0117 puikiai pritampa Mineapolio draudimo kompanijoje: patraukli, bet ne\u012fdomi d\u0117l savo g\u0117l\u0117t\u0173 sukneli\u0173, piet\u0173 d\u0117\u017eu\u010di\u0173 ir gerai atliekamo nekvalifikuoto darbo. Ji \u2013 b\u016btent tokia moteris, kokia patinka vidutinio lygio vadovui Stivenui Hepsvortui, \u2013 romi, nuolanki, tirpstanti nuo jo rodomo d\u0117mesio. Ta\u010diau niekas n\u0117 nenutuokia, kas i\u0161 ties\u0173 yra toji D\u017eein\u0117. Ypa\u010d Stivenas.  Po pilkos pelyt\u0117s \u012fvaizd\u017eiu slepiasi moteris, pasiry\u017eusi viskam: ji gundys ir leisis sugundoma, sl\u0117psis ir seks, \u012fsilies \u012f Stiveno \u0161eim\u0105 ir su\u017einos bjauriausias jo paslaptis. D\u017eein\u0117 bet kokia kaina i\u0161siai\u0161kins, kas jam svarbiausia. Tada gal\u0117s visa tai atimti.  Kaip jis kadaise at\u0117m\u0117 i\u0161 jos.  Populiari\u0173 roman\u0173 autor\u0117 Victoria Helen Stone meistri\u0161kai pie\u0161ia sud\u0117ting\u0105 asmenyb\u0119, kuri yra ir g\u0105sdinanti, ir labai patraukli. Ar D\u017eein\u0117 \u2013 tikrai sociopat\u0117? O gal \u2013 viena t\u0173 ret\u0173 moter\u0173, kurioms tiesiog ner\u016bpi, k\u0105 mano kiti?","robots":{"index":"index","follow":"follow","max-snippet":"max-snippet:-1","max-image-preview":"max-image-preview:large","max-video-preview":"max-video-preview:-1"},"canonical":"https:\/\/skaitytaknyga.lt\/en\/produktas\/victoria-helen-stone-as-dzeine\/","og_locale":"en_GB","og_type":"article","og_title":"[:lt]A\u0161, D\u017eein\u0117[:] - Skaitytaknyga","og_description":"D\u017eein\u0117 puikiai pritampa Mineapolio draudimo kompanijoje: patraukli, bet ne\u012fdomi d\u0117l savo g\u0117l\u0117t\u0173 sukneli\u0173, piet\u0173 d\u0117\u017eu\u010di\u0173 ir gerai atliekamo nekvalifikuoto darbo. Ji \u2013 b\u016btent tokia moteris, kokia patinka vidutinio lygio vadovui Stivenui Hepsvortui, \u2013 romi, nuolanki, tirpstanti nuo jo rodomo d\u0117mesio. Ta\u010diau niekas n\u0117 nenutuokia, kas i\u0161 ties\u0173 yra toji D\u017eein\u0117. Ypa\u010d Stivenas.  Po pilkos pelyt\u0117s \u012fvaizd\u017eiu slepiasi moteris, pasiry\u017eusi viskam: ji gundys ir leisis sugundoma, sl\u0117psis ir seks, \u012fsilies \u012f Stiveno \u0161eim\u0105 ir su\u017einos bjauriausias jo paslaptis. D\u017eein\u0117 bet kokia kaina i\u0161siai\u0161kins, kas jam svarbiausia. Tada gal\u0117s visa tai atimti.  Kaip jis kadaise at\u0117m\u0117 i\u0161 jos.  Populiari\u0173 roman\u0173 autor\u0117 Victoria Helen Stone meistri\u0161kai pie\u0161ia sud\u0117ting\u0105 asmenyb\u0119, kuri yra ir g\u0105sdinanti, ir labai patraukli. Ar D\u017eein\u0117 \u2013 tikrai sociopat\u0117? O gal \u2013 viena t\u0173 ret\u0173 moter\u0173, kurioms tiesiog ner\u016bpi, k\u0105 mano kiti?","og_url":"https:\/\/skaitytaknyga.lt\/en\/produktas\/victoria-helen-stone-as-dzeine\/","og_site_name":"Skaitytaknyga","article_publisher":"https:\/\/www.facebook.com\/skaitytaknyga\/","article_modified_time":"2026-03-05T11:51:18+00:00","og_image":[{"width":1717,"height":2560,"url":"https:\/\/skaitytaknyga.lt\/wp-content\/uploads\/2024\/05\/09823321_2-scaled.jpg","type":"image\/jpeg"}],"twitter_card":"summary_large_image","schema":{"@context":"https:\/\/schema.org","@graph":[{"@type":"WebPage","@id":"https:\/\/skaitytaknyga.lt\/produktas\/victoria-helen-stone-as-dzeine\/","url":"https:\/\/skaitytaknyga.lt\/produktas\/victoria-helen-stone-as-dzeine\/","name":"A\u0161, D\u017eein\u0117","isPartOf":{"@id":"https:\/\/skaitytaknyga.lt\/#website"},"primaryImageOfPage":{"@id":"https:\/\/skaitytaknyga.lt\/produktas\/victoria-helen-stone-as-dzeine\/#primaryimage"},"image":{"@id":"https:\/\/skaitytaknyga.lt\/produktas\/victoria-helen-stone-as-dzeine\/#primaryimage"},"thumbnailUrl":"https:\/\/skaitytaknyga.lt\/wp-content\/uploads\/2024\/05\/09823321_2-scaled.jpg","datePublished":"2024-05-23T09:20:24+00:00","dateModified":"2026-03-05T11:51:18+00:00","description":"D\u017eein\u0117 puikiai pritampa Mineapolio draudimo kompanijoje: patraukli, bet ne\u012fdomi d\u0117l savo g\u0117l\u0117t\u0173 sukneli\u0173, piet\u0173 d\u0117\u017eu\u010di\u0173 ir gerai atliekamo nekvalifikuoto darbo. Ji \u2013 b\u016btent tokia moteris, kokia patinka vidutinio lygio vadovui Stivenui Hepsvortui, \u2013 romi, nuolanki, tirpstanti nuo jo rodomo d\u0117mesio. Ta\u010diau niekas n\u0117 nenutuokia, kas i\u0161 ties\u0173 yra toji D\u017eein\u0117. Ypa\u010d Stivenas. Po pilkos pelyt\u0117s \u012fvaizd\u017eiu slepiasi moteris, pasiry\u017eusi viskam: ji gundys ir leisis sugundoma, sl\u0117psis ir seks, \u012fsilies \u012f Stiveno \u0161eim\u0105 ir su\u017einos bjauriausias jo paslaptis. D\u017eein\u0117 bet kokia kaina i\u0161siai\u0161kins, kas jam svarbiausia. Tada gal\u0117s visa tai atimti. Kaip jis kadaise at\u0117m\u0117 i\u0161 jos. Populiari\u0173 roman\u0173 autor\u0117 Victoria Helen Stone meistri\u0161kai pie\u0161ia sud\u0117ting\u0105 asmenyb\u0119, kuri yra ir g\u0105sdinanti, ir labai patraukli. Ar D\u017eein\u0117 \u2013 tikrai sociopat\u0117? O gal \u2013 viena t\u0173 ret\u0173 moter\u0173, kurioms tiesiog ner\u016bpi, k\u0105 mano kiti?","breadcrumb":{"@id":"https:\/\/skaitytaknyga.lt\/produktas\/victoria-helen-stone-as-dzeine\/#breadcrumb"},"inLanguage":"en-GB","potentialAction":[{"@type":"ReadAction","target":["https:\/\/skaitytaknyga.lt\/produktas\/victoria-helen-stone-as-dzeine\/"]}]},{"@type":"ImageObject","inLanguage":"en-GB","@id":"https:\/\/skaitytaknyga.lt\/produktas\/victoria-helen-stone-as-dzeine\/#primaryimage","url":"https:\/\/skaitytaknyga.lt\/wp-content\/uploads\/2024\/05\/09823321_2-scaled.jpg","contentUrl":"https:\/\/skaitytaknyga.lt\/wp-content\/uploads\/2024\/05\/09823321_2-scaled.jpg","width":1717,"height":2560},{"@type":"BreadcrumbList","@id":"https:\/\/skaitytaknyga.lt\/produktas\/victoria-helen-stone-as-dzeine\/#breadcrumb","itemListElement":[{"@type":"ListItem","position":1,"name":"Home","item":"https:\/\/skaitytaknyga.lt\/"},{"@type":"ListItem","position":2,"name":"Parduotuv\u0117","item":"https:\/\/skaitytaknyga.lt\/knygu-parduotuve\/"},{"@type":"ListItem","position":3,"name":"A\u0161, D\u017eein\u0117"}]},{"@type":"WebSite","@id":"https:\/\/skaitytaknyga.lt\/#website","url":"https:\/\/skaitytaknyga.lt\/","name":"skaitytaknyga.lt","description":"Skaitytaknyga.lt \u2013 tai ma\u017eas \u0161eimos verslas, kuris prasid\u0117jo nuo meil\u0117s knygoms ir siekio i\u0161gelb\u0117ti knygas nuo likimo prie konteinerio. Kas vienam nereikalingas daiktas \u2013 kitam lobis, o mes esame tarpininkai, kurie padeda abiems tapti laimingesniems ???? \u017dinome kaip nelengva i\u0161gyventi ma\u017eiems verslams, tad nuo \u0161iol, \u010dia rasite ir kit\u0173, ma\u017e\u0173 \u0161eim\u0173 versl\u0173, rank\u0173 darbo, dovan\u0173 sau ir artimiesiems.","publisher":{"@id":"https:\/\/skaitytaknyga.lt\/#organization"},"potentialAction":[{"@type":"SearchAction","target":{"@type":"EntryPoint","urlTemplate":"https:\/\/skaitytaknyga.lt\/?s={search_term_string}"},"query-input":{"@type":"PropertyValueSpecification","valueRequired":true,"valueName":"search_term_string"}}],"inLanguage":"en-GB"},{"@type":"Organization","@id":"https:\/\/skaitytaknyga.lt\/#organization","name":"skaitytaknyga.lt","url":"https:\/\/skaitytaknyga.lt\/","logo":{"@type":"ImageObject","inLanguage":"en-GB","@id":"https:\/\/skaitytaknyga.lt\/#\/schema\/logo\/image\/","url":"https:\/\/skaitytaknyga.lt\/wp-content\/uploads\/2024\/05\/cropped-cropped-cropped-02_00843_jt3bggkj1j3HLc7SyY6rEUpg.jpeg","contentUrl":"https:\/\/skaitytaknyga.lt\/wp-content\/uploads\/2024\/05\/cropped-cropped-cropped-02_00843_jt3bggkj1j3HLc7SyY6rEUpg.jpeg","width":1600,"height":1600,"caption":"skaitytaknyga.lt"},"image":{"@id":"https:\/\/skaitytaknyga.lt\/#\/schema\/logo\/image\/"},"sameAs":["https:\/\/www.facebook.com\/skaitytaknyga\/"]}]}},"_links":{"self":[{"href":"https:\/\/skaitytaknyga.lt\/en\/wp-json\/wp\/v2\/product\/11807","targetHints":{"allow":["GET"]}}],"collection":[{"href":"https:\/\/skaitytaknyga.lt\/en\/wp-json\/wp\/v2\/product"}],"about":[{"href":"https:\/\/skaitytaknyga.lt\/en\/wp-json\/wp\/v2\/types\/product"}],"replies":[{"embeddable":true,"href":"https:\/\/skaitytaknyga.lt\/en\/wp-json\/wp\/v2\/comments?post=11807"}],"wp:featuredmedia":[{"embeddable":true,"href":"https:\/\/skaitytaknyga.lt\/en\/wp-json\/wp\/v2\/media\/11808"}],"wp:attachment":[{"href":"https:\/\/skaitytaknyga.lt\/en\/wp-json\/wp\/v2\/media?parent=11807"}],"wp:term":[{"taxonomy":"product_brand","embeddable":true,"href":"https:\/\/skaitytaknyga.lt\/en\/wp-json\/wp\/v2\/product_brand?post=11807"},{"taxonomy":"product_cat","embeddable":true,"href":"https:\/\/skaitytaknyga.lt\/en\/wp-json\/wp\/v2\/product_cat?post=11807"},{"taxonomy":"product_tag","embeddable":true,"href":"https:\/\/skaitytaknyga.lt\/en\/wp-json\/wp\/v2\/product_tag?post=11807"}],"curies":[{"name":"wp","href":"https:\/\/api.w.org\/{rel}","templated":true}]}}