{"id":11802,"date":"2024-05-23T09:10:36","date_gmt":"2024-05-23T09:10:36","guid":{"rendered":"https:\/\/skaitytaknyga.lt\/?post_type=product&#038;p=11802"},"modified":"2025-09-18T09:26:37","modified_gmt":"2025-09-18T06:26:37","slug":"danielle-trussoni-angelologija","status":"publish","type":"product","link":"https:\/\/skaitytaknyga.lt\/en\/produktas\/danielle-trussoni-angelologija\/","title":{"rendered":"Angelologija"},"content":{"rendered":"<p>Jaunoji sesuo Evangelina \u0161v. Ro\u017e\u0117s vienuolyne gyvena ramiai ir pamald\u017eiai, kol jos nepasiekia lai\u0161kas, pra\u0161antis tyrin\u0117tojui V. A. Verlenui leisti pasinaudoti ordino archyvais. Tai ir i\u0161\u0161aukia paslapting\u0173 \u012fvyki\u0173 verpet\u0105, \u012ftraukiant\u012f Evangelin\u0105 \u012f angelolog\u0173 bendrijos veikl\u0105\u2026<\/p>\n<p>Kas yra angelologai? Teologai, mokslininkai, nuo sen\u0173 senov\u0117s slaptai kovojantys su nefilimais \u2013 galingais ir pavojingais puolusi\u0173 angel\u0173 palikuonimis, iki \u0161iol gyvenan\u010diais \u017eem\u0117je. Tai jie, m\u0117gaudamiesi savo vald\u017eia, atne\u0161a \u017emon\u0117ms blog\u012f ir kan\u010dias. Ta\u010diau jau kuris laikas nefilimus \u0161ienauja mirtina liga, nuo kurios juos i\u0161gelb\u0117ti gali tik regisi, negr\u012f\u017etamai prarastas dangi\u0161kas artefaktas. Puolusi\u0173 angel\u0173 palikuonys atiduot\u0173 visk\u0105, kad tik j\u012f surast\u0173, o angelologai siekia sutrukdyti did\u017eiausiems \u017emonijos prie\u0161ams v\u0117l atgauti galias. Sesuo Evangelina ir Verlenas patenka tiesiai \u012f \u0161ios kovos s\u016bkur\u012f, bla\u0161kant\u012f juos po vis\u0105 pasaul\u012f, kuris abiej\u0173 gyvenimus pakeis neatpa\u017e\u012fstamai\u2026<\/p>\n<p>\u201eAngelologija\u201d \u2013 misti\u0161kas romanas apie m\u016bs\u0173 gyvenime egzistuojan\u010dias paslaptis, perne\u0161antis skaitytoj\u0105 per epochas, \u0161alis ir vandenynus, meno ir architekt\u016bros paminklus ir \u012ftraukiantis tarsi verpetas.<\/p>\n","protected":false},"excerpt":{"rendered":"<p>Jaunoji sesuo Evangelina \u0161v. Ro\u017e\u0117s vienuolyne gyvena ramiai ir pamald\u017eiai, kol jos nepasiekia lai\u0161kas, pra\u0161antis tyrin\u0117tojui V. A. Verlenui leisti pasinaudoti ordino archyvais. Tai ir i\u0161\u0161aukia paslapting\u0173 \u012fvyki\u0173 verpet\u0105, \u012ftraukiant\u012f Evangelin\u0105 \u012f angelolog\u0173 bendrijos veikl\u0105\u2026<\/p>\n<p>Kas yra angelologai? Teologai, mokslininkai, nuo sen\u0173 senov\u0117s slaptai kovojantys su nefilimais \u2013 galingais ir pavojingais puolusi\u0173 angel\u0173 palikuonimis, iki \u0161iol gyvenan\u010diais \u017eem\u0117je. Tai jie, m\u0117gaudamiesi savo vald\u017eia, atne\u0161a \u017emon\u0117ms blog\u012f ir kan\u010dias. Ta\u010diau jau kuris laikas nefilimus \u0161ienauja mirtina liga, nuo kurios juos i\u0161gelb\u0117ti gali tik regisi, negr\u012f\u017etamai prarastas dangi\u0161kas artefaktas. Puolusi\u0173 angel\u0173 palikuonys atiduot\u0173 visk\u0105, kad tik j\u012f surast\u0173, o angelologai siekia sutrukdyti did\u017eiausiems \u017emonijos prie\u0161ams v\u0117l atgauti galias. Sesuo Evangelina ir Verlenas patenka tiesiai \u012f \u0161ios kovos s\u016bkur\u012f, bla\u0161kant\u012f juos po vis\u0105 pasaul\u012f, kuris abiej\u0173 gyvenimus pakeis neatpa\u017e\u012fstamai\u2026<\/p>\n<p>\u201eAngelologija\u201d \u2013 misti\u0161kas romanas apie m\u016bs\u0173 gyvenime egzistuojan\u010dias paslaptis, perne\u0161antis skaitytoj\u0105 per epochas, \u0161alis ir vandenynus, meno ir architekt\u016bros paminklus ir \u012ftraukiantis tarsi verpetas.<\/p>\n","protected":false},"featured_media":11803,"comment_status":"closed","ping_status":"closed","template":"","meta":{"_acf_changed":false,"site-sidebar-layout":"default","site-content-layout":"","ast-site-content-layout":"default","site-content-style":"default","site-sidebar-style":"default","ast-global-header-display":"","ast-banner-title-visibility":"","ast-main-header-display":"","ast-hfb-above-header-display":"","ast-hfb-below-header-display":"","ast-hfb-mobile-header-display":"","site-post-title":"","ast-breadcrumbs-content":"","ast-featured-img":"","footer-sml-layout":"","ast-disable-related-posts":"","theme-transparent-header-meta":"","adv-header-id-meta":"","stick-header-meta":"","header-above-stick-meta":"","header-main-stick-meta":"","header-below-stick-meta":"","astra-migrate-meta-layouts":"default","ast-page-background-enabled":"default","ast-page-background-meta":{"desktop":{"background-color":"","background-image":"","background-repeat":"repeat","background-position":"center center","background-size":"auto","background-attachment":"scroll","background-type":"","background-media":"","overlay-type":"","overlay-color":"","overlay-opacity":"","overlay-gradient":""},"tablet":{"background-color":"","background-image":"","background-repeat":"repeat","background-position":"center center","background-size":"auto","background-attachment":"scroll","background-type":"","background-media":"","overlay-type":"","overlay-color":"","overlay-opacity":"","overlay-gradient":""},"mobile":{"background-color":"","background-image":"","background-repeat":"repeat","background-position":"center center","background-size":"auto","background-attachment":"scroll","background-type":"","background-media":"","overlay-type":"","overlay-color":"","overlay-opacity":"","overlay-gradient":""}},"ast-content-background-meta":{"desktop":{"background-color":"var(--ast-global-color-4)","background-image":"","background-repeat":"repeat","background-position":"center center","background-size":"auto","background-attachment":"scroll","background-type":"","background-media":"","overlay-type":"","overlay-color":"","overlay-opacity":"","overlay-gradient":""},"tablet":{"background-color":"var(--ast-global-color-4)","background-image":"","background-repeat":"repeat","background-position":"center center","background-size":"auto","background-attachment":"scroll","background-type":"","background-media":"","overlay-type":"","overlay-color":"","overlay-opacity":"","overlay-gradient":""},"mobile":{"background-color":"var(--ast-global-color-4)","background-image":"","background-repeat":"repeat","background-position":"center center","background-size":"auto","background-attachment":"scroll","background-type":"","background-media":"","overlay-type":"","overlay-color":"","overlay-opacity":"","overlay-gradient":""}}},"product_brand":[],"product_cat":[15],"product_tag":[],"class_list":{"0":"post-11802","1":"product","2":"type-product","3":"status-publish","4":"has-post-thumbnail","6":"product_cat-uncategorized","7":"desktop-align-left","8":"tablet-align-left","9":"mobile-align-left","11":"first","12":"instock","13":"shipping-taxable","14":"purchasable","15":"product-type-simple"},"acf":[],"yoast_head":"<!-- This site is optimized with the Yoast SEO plugin v27.0 - https:\/\/yoast.com\/product\/yoast-seo-wordpress\/ -->\n<title>Angelologija<\/title>\n<meta name=\"description\" content=\"Jaunoji sesuo Evangelina \u0161v. Ro\u017e\u0117s vienuolyne gyvena ramiai ir pamald\u017eiai, kol jos nepasiekia lai\u0161kas, pra\u0161antis tyrin\u0117tojui V. A. Verlenui leisti pasinaudoti ordino archyvais. Tai ir i\u0161\u0161aukia paslapting\u0173 \u012fvyki\u0173 verpet\u0105, \u012ftraukiant\u012f Evangelin\u0105 \u012f angelolog\u0173 bendrijos veikl\u0105\u2026  Kas yra angelologai? Teologai, mokslininkai, nuo sen\u0173 senov\u0117s slaptai kovojantys su nefilimais \u2013 galingais ir pavojingais puolusi\u0173 angel\u0173 palikuonimis, iki \u0161iol gyvenan\u010diais \u017eem\u0117je. Tai jie, m\u0117gaudamiesi savo vald\u017eia, atne\u0161a \u017emon\u0117ms blog\u012f ir kan\u010dias. Ta\u010diau jau kuris laikas nefilimus \u0161ienauja mirtina liga, nuo kurios juos i\u0161gelb\u0117ti gali tik regisi, negr\u012f\u017etamai prarastas dangi\u0161kas artefaktas. Puolusi\u0173 angel\u0173 palikuonys atiduot\u0173 visk\u0105, kad tik j\u012f surast\u0173, o angelologai siekia sutrukdyti did\u017eiausiems \u017emonijos prie\u0161ams v\u0117l atgauti galias. Sesuo Evangelina ir Verlenas patenka tiesiai \u012f \u0161ios kovos s\u016bkur\u012f, bla\u0161kant\u012f juos po vis\u0105 pasaul\u012f, kuris abiej\u0173 gyvenimus pakeis neatpa\u017e\u012fstamai\u2026  \u201eAngelologija\u201d \u2013 misti\u0161kas romanas apie m\u016bs\u0173 gyvenime egzistuojan\u010dias paslaptis, perne\u0161antis skaitytoj\u0105 per epochas, \u0161alis ir vandenynus, meno ir architekt\u016bros paminklus ir \u012ftraukiantis tarsi verpetas.\" \/>\n<meta name=\"robots\" content=\"index, follow, max-snippet:-1, max-image-preview:large, max-video-preview:-1\" \/>\n<link rel=\"canonical\" href=\"https:\/\/skaitytaknyga.lt\/en\/produktas\/danielle-trussoni-angelologija\/\" \/>\n<meta property=\"og:locale\" content=\"en_GB\" \/>\n<meta property=\"og:locale:alternate\" content=\"lt_LT\" \/>\n<meta property=\"og:type\" content=\"article\" \/>\n<meta property=\"og:title\" content=\"Angelologija\" \/>\n<meta property=\"og:description\" content=\"Jaunoji sesuo Evangelina \u0161v. Ro\u017e\u0117s vienuolyne gyvena ramiai ir pamald\u017eiai, kol jos nepasiekia lai\u0161kas, pra\u0161antis tyrin\u0117tojui V. A. Verlenui leisti pasinaudoti ordino archyvais. Tai ir i\u0161\u0161aukia paslapting\u0173 \u012fvyki\u0173 verpet\u0105, \u012ftraukiant\u012f Evangelin\u0105 \u012f angelolog\u0173 bendrijos veikl\u0105\u2026  Kas yra angelologai? Teologai, mokslininkai, nuo sen\u0173 senov\u0117s slaptai kovojantys su nefilimais \u2013 galingais ir pavojingais puolusi\u0173 angel\u0173 palikuonimis, iki \u0161iol gyvenan\u010diais \u017eem\u0117je. Tai jie, m\u0117gaudamiesi savo vald\u017eia, atne\u0161a \u017emon\u0117ms blog\u012f ir kan\u010dias. Ta\u010diau jau kuris laikas nefilimus \u0161ienauja mirtina liga, nuo kurios juos i\u0161gelb\u0117ti gali tik regisi, negr\u012f\u017etamai prarastas dangi\u0161kas artefaktas. Puolusi\u0173 angel\u0173 palikuonys atiduot\u0173 visk\u0105, kad tik j\u012f surast\u0173, o angelologai siekia sutrukdyti did\u017eiausiems \u017emonijos prie\u0161ams v\u0117l atgauti galias. Sesuo Evangelina ir Verlenas patenka tiesiai \u012f \u0161ios kovos s\u016bkur\u012f, bla\u0161kant\u012f juos po vis\u0105 pasaul\u012f, kuris abiej\u0173 gyvenimus pakeis neatpa\u017e\u012fstamai\u2026  \u201eAngelologija\u201d \u2013 misti\u0161kas romanas apie m\u016bs\u0173 gyvenime egzistuojan\u010dias paslaptis, perne\u0161antis skaitytoj\u0105 per epochas, \u0161alis ir vandenynus, meno ir architekt\u016bros paminklus ir \u012ftraukiantis tarsi verpetas.\" \/>\n<meta property=\"og:url\" content=\"https:\/\/skaitytaknyga.lt\/en\/produktas\/danielle-trussoni-angelologija\/\" \/>\n<meta property=\"og:site_name\" content=\"Skaitytaknyga\" \/>\n<meta property=\"article:publisher\" content=\"https:\/\/www.facebook.com\/skaitytaknyga\/\" \/>\n<meta property=\"article:modified_time\" content=\"2025-09-18T06:26:37+00:00\" \/>\n<meta property=\"og:image\" content=\"https:\/\/skaitytaknyga.lt\/wp-content\/uploads\/2024\/05\/Be-pavadinimo-43.png\" \/>\n\t<meta property=\"og:image:width\" content=\"231\" \/>\n\t<meta property=\"og:image:height\" content=\"367\" \/>\n\t<meta property=\"og:image:type\" content=\"image\/png\" \/>\n<meta name=\"twitter:card\" content=\"summary_large_image\" \/>\n<meta name=\"twitter:label1\" content=\"Estimated reading time\" \/>\n\t<meta name=\"twitter:data1\" content=\"1 minute\" \/>\n<script type=\"application\/ld+json\" class=\"yoast-schema-graph\">{\"@context\":\"https:\/\/schema.org\",\"@graph\":[{\"@type\":\"WebPage\",\"@id\":\"https:\/\/skaitytaknyga.lt\/produktas\/danielle-trussoni-angelologija\/\",\"url\":\"https:\/\/skaitytaknyga.lt\/produktas\/danielle-trussoni-angelologija\/\",\"name\":\"Angelologija\",\"isPartOf\":{\"@id\":\"https:\/\/skaitytaknyga.lt\/#website\"},\"primaryImageOfPage\":{\"@id\":\"https:\/\/skaitytaknyga.lt\/produktas\/danielle-trussoni-angelologija\/#primaryimage\"},\"image\":{\"@id\":\"https:\/\/skaitytaknyga.lt\/produktas\/danielle-trussoni-angelologija\/#primaryimage\"},\"thumbnailUrl\":\"https:\/\/skaitytaknyga.lt\/wp-content\/uploads\/2024\/05\/Be-pavadinimo-43.png\",\"datePublished\":\"2024-05-23T09:10:36+00:00\",\"dateModified\":\"2025-09-18T06:26:37+00:00\",\"description\":\"Jaunoji sesuo Evangelina \u0161v. Ro\u017e\u0117s vienuolyne gyvena ramiai ir pamald\u017eiai, kol jos nepasiekia lai\u0161kas, pra\u0161antis tyrin\u0117tojui V. A. Verlenui leisti pasinaudoti ordino archyvais. Tai ir i\u0161\u0161aukia paslapting\u0173 \u012fvyki\u0173 verpet\u0105, \u012ftraukiant\u012f Evangelin\u0105 \u012f angelolog\u0173 bendrijos veikl\u0105\u2026 Kas yra angelologai? Teologai, mokslininkai, nuo sen\u0173 senov\u0117s slaptai kovojantys su nefilimais \u2013 galingais ir pavojingais puolusi\u0173 angel\u0173 palikuonimis, iki \u0161iol gyvenan\u010diais \u017eem\u0117je. Tai jie, m\u0117gaudamiesi savo vald\u017eia, atne\u0161a \u017emon\u0117ms blog\u012f ir kan\u010dias. Ta\u010diau jau kuris laikas nefilimus \u0161ienauja mirtina liga, nuo kurios juos i\u0161gelb\u0117ti gali tik regisi, negr\u012f\u017etamai prarastas dangi\u0161kas artefaktas. Puolusi\u0173 angel\u0173 palikuonys atiduot\u0173 visk\u0105, kad tik j\u012f surast\u0173, o angelologai siekia sutrukdyti did\u017eiausiems \u017emonijos prie\u0161ams v\u0117l atgauti galias. Sesuo Evangelina ir Verlenas patenka tiesiai \u012f \u0161ios kovos s\u016bkur\u012f, bla\u0161kant\u012f juos po vis\u0105 pasaul\u012f, kuris abiej\u0173 gyvenimus pakeis neatpa\u017e\u012fstamai\u2026 \u201eAngelologija\u201d \u2013 misti\u0161kas romanas apie m\u016bs\u0173 gyvenime egzistuojan\u010dias paslaptis, perne\u0161antis skaitytoj\u0105 per epochas, \u0161alis ir vandenynus, meno ir architekt\u016bros paminklus ir \u012ftraukiantis tarsi verpetas.\",\"breadcrumb\":{\"@id\":\"https:\/\/skaitytaknyga.lt\/produktas\/danielle-trussoni-angelologija\/#breadcrumb\"},\"inLanguage\":\"en-GB\",\"potentialAction\":[{\"@type\":\"ReadAction\",\"target\":[\"https:\/\/skaitytaknyga.lt\/produktas\/danielle-trussoni-angelologija\/\"]}]},{\"@type\":\"ImageObject\",\"inLanguage\":\"en-GB\",\"@id\":\"https:\/\/skaitytaknyga.lt\/produktas\/danielle-trussoni-angelologija\/#primaryimage\",\"url\":\"https:\/\/skaitytaknyga.lt\/wp-content\/uploads\/2024\/05\/Be-pavadinimo-43.png\",\"contentUrl\":\"https:\/\/skaitytaknyga.lt\/wp-content\/uploads\/2024\/05\/Be-pavadinimo-43.png\",\"width\":231,\"height\":367},{\"@type\":\"BreadcrumbList\",\"@id\":\"https:\/\/skaitytaknyga.lt\/produktas\/danielle-trussoni-angelologija\/#breadcrumb\",\"itemListElement\":[{\"@type\":\"ListItem\",\"position\":1,\"name\":\"Home\",\"item\":\"https:\/\/skaitytaknyga.lt\/\"},{\"@type\":\"ListItem\",\"position\":2,\"name\":\"Parduotuv\u0117\",\"item\":\"https:\/\/skaitytaknyga.lt\/knygu-parduotuve\/\"},{\"@type\":\"ListItem\",\"position\":3,\"name\":\"Angelologija\"}]},{\"@type\":\"WebSite\",\"@id\":\"https:\/\/skaitytaknyga.lt\/#website\",\"url\":\"https:\/\/skaitytaknyga.lt\/\",\"name\":\"skaitytaknyga.lt\",\"description\":\"Skaitytaknyga.lt \u2013 tai ma\u017eas \u0161eimos verslas, kuris prasid\u0117jo nuo meil\u0117s knygoms ir siekio i\u0161gelb\u0117ti knygas nuo likimo prie konteinerio. Kas vienam nereikalingas daiktas \u2013 kitam lobis, o mes esame tarpininkai, kurie padeda abiems tapti laimingesniems ???? \u017dinome kaip nelengva i\u0161gyventi ma\u017eiems verslams, tad nuo \u0161iol, \u010dia rasite ir kit\u0173, ma\u017e\u0173 \u0161eim\u0173 versl\u0173, rank\u0173 darbo, dovan\u0173 sau ir artimiesiems.\",\"publisher\":{\"@id\":\"https:\/\/skaitytaknyga.lt\/#organization\"},\"potentialAction\":[{\"@type\":\"SearchAction\",\"target\":{\"@type\":\"EntryPoint\",\"urlTemplate\":\"https:\/\/skaitytaknyga.lt\/?s={search_term_string}\"},\"query-input\":{\"@type\":\"PropertyValueSpecification\",\"valueRequired\":true,\"valueName\":\"search_term_string\"}}],\"inLanguage\":\"en-GB\"},{\"@type\":\"Organization\",\"@id\":\"https:\/\/skaitytaknyga.lt\/#organization\",\"name\":\"skaitytaknyga.lt\",\"url\":\"https:\/\/skaitytaknyga.lt\/\",\"logo\":{\"@type\":\"ImageObject\",\"inLanguage\":\"en-GB\",\"@id\":\"https:\/\/skaitytaknyga.lt\/#\/schema\/logo\/image\/\",\"url\":\"https:\/\/skaitytaknyga.lt\/wp-content\/uploads\/2024\/05\/cropped-cropped-cropped-02_00843_jt3bggkj1j3HLc7SyY6rEUpg.jpeg\",\"contentUrl\":\"https:\/\/skaitytaknyga.lt\/wp-content\/uploads\/2024\/05\/cropped-cropped-cropped-02_00843_jt3bggkj1j3HLc7SyY6rEUpg.jpeg\",\"width\":1600,\"height\":1600,\"caption\":\"skaitytaknyga.lt\"},\"image\":{\"@id\":\"https:\/\/skaitytaknyga.lt\/#\/schema\/logo\/image\/\"},\"sameAs\":[\"https:\/\/www.facebook.com\/skaitytaknyga\/\"]}]}<\/script>\n<!-- \/ Yoast SEO plugin. -->","yoast_head_json":{"title":"Angelologija","description":"Jaunoji sesuo Evangelina \u0161v. Ro\u017e\u0117s vienuolyne gyvena ramiai ir pamald\u017eiai, kol jos nepasiekia lai\u0161kas, pra\u0161antis tyrin\u0117tojui V. A. Verlenui leisti pasinaudoti ordino archyvais. Tai ir i\u0161\u0161aukia paslapting\u0173 \u012fvyki\u0173 verpet\u0105, \u012ftraukiant\u012f Evangelin\u0105 \u012f angelolog\u0173 bendrijos veikl\u0105\u2026  Kas yra angelologai? Teologai, mokslininkai, nuo sen\u0173 senov\u0117s slaptai kovojantys su nefilimais \u2013 galingais ir pavojingais puolusi\u0173 angel\u0173 palikuonimis, iki \u0161iol gyvenan\u010diais \u017eem\u0117je. Tai jie, m\u0117gaudamiesi savo vald\u017eia, atne\u0161a \u017emon\u0117ms blog\u012f ir kan\u010dias. Ta\u010diau jau kuris laikas nefilimus \u0161ienauja mirtina liga, nuo kurios juos i\u0161gelb\u0117ti gali tik regisi, negr\u012f\u017etamai prarastas dangi\u0161kas artefaktas. Puolusi\u0173 angel\u0173 palikuonys atiduot\u0173 visk\u0105, kad tik j\u012f surast\u0173, o angelologai siekia sutrukdyti did\u017eiausiems \u017emonijos prie\u0161ams v\u0117l atgauti galias. Sesuo Evangelina ir Verlenas patenka tiesiai \u012f \u0161ios kovos s\u016bkur\u012f, bla\u0161kant\u012f juos po vis\u0105 pasaul\u012f, kuris abiej\u0173 gyvenimus pakeis neatpa\u017e\u012fstamai\u2026  \u201eAngelologija\u201d \u2013 misti\u0161kas romanas apie m\u016bs\u0173 gyvenime egzistuojan\u010dias paslaptis, perne\u0161antis skaitytoj\u0105 per epochas, \u0161alis ir vandenynus, meno ir architekt\u016bros paminklus ir \u012ftraukiantis tarsi verpetas.","robots":{"index":"index","follow":"follow","max-snippet":"max-snippet:-1","max-image-preview":"max-image-preview:large","max-video-preview":"max-video-preview:-1"},"canonical":"https:\/\/skaitytaknyga.lt\/en\/produktas\/danielle-trussoni-angelologija\/","og_locale":"en_GB","og_type":"article","og_title":"[:lt]Angelologija[:] - Skaitytaknyga","og_description":"Jaunoji sesuo Evangelina \u0161v. Ro\u017e\u0117s vienuolyne gyvena ramiai ir pamald\u017eiai, kol jos nepasiekia lai\u0161kas, pra\u0161antis tyrin\u0117tojui V. A. Verlenui leisti pasinaudoti ordino archyvais. Tai ir i\u0161\u0161aukia paslapting\u0173 \u012fvyki\u0173 verpet\u0105, \u012ftraukiant\u012f Evangelin\u0105 \u012f angelolog\u0173 bendrijos veikl\u0105\u2026  Kas yra angelologai? Teologai, mokslininkai, nuo sen\u0173 senov\u0117s slaptai kovojantys su nefilimais \u2013 galingais ir pavojingais puolusi\u0173 angel\u0173 palikuonimis, iki \u0161iol gyvenan\u010diais \u017eem\u0117je. Tai jie, m\u0117gaudamiesi savo vald\u017eia, atne\u0161a \u017emon\u0117ms blog\u012f ir kan\u010dias. Ta\u010diau jau kuris laikas nefilimus \u0161ienauja mirtina liga, nuo kurios juos i\u0161gelb\u0117ti gali tik regisi, negr\u012f\u017etamai prarastas dangi\u0161kas artefaktas. Puolusi\u0173 angel\u0173 palikuonys atiduot\u0173 visk\u0105, kad tik j\u012f surast\u0173, o angelologai siekia sutrukdyti did\u017eiausiems \u017emonijos prie\u0161ams v\u0117l atgauti galias. Sesuo Evangelina ir Verlenas patenka tiesiai \u012f \u0161ios kovos s\u016bkur\u012f, bla\u0161kant\u012f juos po vis\u0105 pasaul\u012f, kuris abiej\u0173 gyvenimus pakeis neatpa\u017e\u012fstamai\u2026  \u201eAngelologija\u201d \u2013 misti\u0161kas romanas apie m\u016bs\u0173 gyvenime egzistuojan\u010dias paslaptis, perne\u0161antis skaitytoj\u0105 per epochas, \u0161alis ir vandenynus, meno ir architekt\u016bros paminklus ir \u012ftraukiantis tarsi verpetas.","og_url":"https:\/\/skaitytaknyga.lt\/en\/produktas\/danielle-trussoni-angelologija\/","og_site_name":"Skaitytaknyga","article_publisher":"https:\/\/www.facebook.com\/skaitytaknyga\/","article_modified_time":"2025-09-18T06:26:37+00:00","og_image":[{"width":231,"height":367,"url":"https:\/\/skaitytaknyga.lt\/wp-content\/uploads\/2024\/05\/Be-pavadinimo-43.png","type":"image\/png"}],"twitter_card":"summary_large_image","twitter_misc":{"Estimated reading time":"1 minute"},"schema":{"@context":"https:\/\/schema.org","@graph":[{"@type":"WebPage","@id":"https:\/\/skaitytaknyga.lt\/produktas\/danielle-trussoni-angelologija\/","url":"https:\/\/skaitytaknyga.lt\/produktas\/danielle-trussoni-angelologija\/","name":"Angelologija","isPartOf":{"@id":"https:\/\/skaitytaknyga.lt\/#website"},"primaryImageOfPage":{"@id":"https:\/\/skaitytaknyga.lt\/produktas\/danielle-trussoni-angelologija\/#primaryimage"},"image":{"@id":"https:\/\/skaitytaknyga.lt\/produktas\/danielle-trussoni-angelologija\/#primaryimage"},"thumbnailUrl":"https:\/\/skaitytaknyga.lt\/wp-content\/uploads\/2024\/05\/Be-pavadinimo-43.png","datePublished":"2024-05-23T09:10:36+00:00","dateModified":"2025-09-18T06:26:37+00:00","description":"Jaunoji sesuo Evangelina \u0161v. Ro\u017e\u0117s vienuolyne gyvena ramiai ir pamald\u017eiai, kol jos nepasiekia lai\u0161kas, pra\u0161antis tyrin\u0117tojui V. A. Verlenui leisti pasinaudoti ordino archyvais. Tai ir i\u0161\u0161aukia paslapting\u0173 \u012fvyki\u0173 verpet\u0105, \u012ftraukiant\u012f Evangelin\u0105 \u012f angelolog\u0173 bendrijos veikl\u0105\u2026 Kas yra angelologai? Teologai, mokslininkai, nuo sen\u0173 senov\u0117s slaptai kovojantys su nefilimais \u2013 galingais ir pavojingais puolusi\u0173 angel\u0173 palikuonimis, iki \u0161iol gyvenan\u010diais \u017eem\u0117je. Tai jie, m\u0117gaudamiesi savo vald\u017eia, atne\u0161a \u017emon\u0117ms blog\u012f ir kan\u010dias. Ta\u010diau jau kuris laikas nefilimus \u0161ienauja mirtina liga, nuo kurios juos i\u0161gelb\u0117ti gali tik regisi, negr\u012f\u017etamai prarastas dangi\u0161kas artefaktas. Puolusi\u0173 angel\u0173 palikuonys atiduot\u0173 visk\u0105, kad tik j\u012f surast\u0173, o angelologai siekia sutrukdyti did\u017eiausiems \u017emonijos prie\u0161ams v\u0117l atgauti galias. Sesuo Evangelina ir Verlenas patenka tiesiai \u012f \u0161ios kovos s\u016bkur\u012f, bla\u0161kant\u012f juos po vis\u0105 pasaul\u012f, kuris abiej\u0173 gyvenimus pakeis neatpa\u017e\u012fstamai\u2026 \u201eAngelologija\u201d \u2013 misti\u0161kas romanas apie m\u016bs\u0173 gyvenime egzistuojan\u010dias paslaptis, perne\u0161antis skaitytoj\u0105 per epochas, \u0161alis ir vandenynus, meno ir architekt\u016bros paminklus ir \u012ftraukiantis tarsi verpetas.","breadcrumb":{"@id":"https:\/\/skaitytaknyga.lt\/produktas\/danielle-trussoni-angelologija\/#breadcrumb"},"inLanguage":"en-GB","potentialAction":[{"@type":"ReadAction","target":["https:\/\/skaitytaknyga.lt\/produktas\/danielle-trussoni-angelologija\/"]}]},{"@type":"ImageObject","inLanguage":"en-GB","@id":"https:\/\/skaitytaknyga.lt\/produktas\/danielle-trussoni-angelologija\/#primaryimage","url":"https:\/\/skaitytaknyga.lt\/wp-content\/uploads\/2024\/05\/Be-pavadinimo-43.png","contentUrl":"https:\/\/skaitytaknyga.lt\/wp-content\/uploads\/2024\/05\/Be-pavadinimo-43.png","width":231,"height":367},{"@type":"BreadcrumbList","@id":"https:\/\/skaitytaknyga.lt\/produktas\/danielle-trussoni-angelologija\/#breadcrumb","itemListElement":[{"@type":"ListItem","position":1,"name":"Home","item":"https:\/\/skaitytaknyga.lt\/"},{"@type":"ListItem","position":2,"name":"Parduotuv\u0117","item":"https:\/\/skaitytaknyga.lt\/knygu-parduotuve\/"},{"@type":"ListItem","position":3,"name":"Angelologija"}]},{"@type":"WebSite","@id":"https:\/\/skaitytaknyga.lt\/#website","url":"https:\/\/skaitytaknyga.lt\/","name":"skaitytaknyga.lt","description":"Skaitytaknyga.lt \u2013 tai ma\u017eas \u0161eimos verslas, kuris prasid\u0117jo nuo meil\u0117s knygoms ir siekio i\u0161gelb\u0117ti knygas nuo likimo prie konteinerio. Kas vienam nereikalingas daiktas \u2013 kitam lobis, o mes esame tarpininkai, kurie padeda abiems tapti laimingesniems ???? \u017dinome kaip nelengva i\u0161gyventi ma\u017eiems verslams, tad nuo \u0161iol, \u010dia rasite ir kit\u0173, ma\u017e\u0173 \u0161eim\u0173 versl\u0173, rank\u0173 darbo, dovan\u0173 sau ir artimiesiems.","publisher":{"@id":"https:\/\/skaitytaknyga.lt\/#organization"},"potentialAction":[{"@type":"SearchAction","target":{"@type":"EntryPoint","urlTemplate":"https:\/\/skaitytaknyga.lt\/?s={search_term_string}"},"query-input":{"@type":"PropertyValueSpecification","valueRequired":true,"valueName":"search_term_string"}}],"inLanguage":"en-GB"},{"@type":"Organization","@id":"https:\/\/skaitytaknyga.lt\/#organization","name":"skaitytaknyga.lt","url":"https:\/\/skaitytaknyga.lt\/","logo":{"@type":"ImageObject","inLanguage":"en-GB","@id":"https:\/\/skaitytaknyga.lt\/#\/schema\/logo\/image\/","url":"https:\/\/skaitytaknyga.lt\/wp-content\/uploads\/2024\/05\/cropped-cropped-cropped-02_00843_jt3bggkj1j3HLc7SyY6rEUpg.jpeg","contentUrl":"https:\/\/skaitytaknyga.lt\/wp-content\/uploads\/2024\/05\/cropped-cropped-cropped-02_00843_jt3bggkj1j3HLc7SyY6rEUpg.jpeg","width":1600,"height":1600,"caption":"skaitytaknyga.lt"},"image":{"@id":"https:\/\/skaitytaknyga.lt\/#\/schema\/logo\/image\/"},"sameAs":["https:\/\/www.facebook.com\/skaitytaknyga\/"]}]}},"_links":{"self":[{"href":"https:\/\/skaitytaknyga.lt\/en\/wp-json\/wp\/v2\/product\/11802","targetHints":{"allow":["GET"]}}],"collection":[{"href":"https:\/\/skaitytaknyga.lt\/en\/wp-json\/wp\/v2\/product"}],"about":[{"href":"https:\/\/skaitytaknyga.lt\/en\/wp-json\/wp\/v2\/types\/product"}],"replies":[{"embeddable":true,"href":"https:\/\/skaitytaknyga.lt\/en\/wp-json\/wp\/v2\/comments?post=11802"}],"wp:featuredmedia":[{"embeddable":true,"href":"https:\/\/skaitytaknyga.lt\/en\/wp-json\/wp\/v2\/media\/11803"}],"wp:attachment":[{"href":"https:\/\/skaitytaknyga.lt\/en\/wp-json\/wp\/v2\/media?parent=11802"}],"wp:term":[{"taxonomy":"product_brand","embeddable":true,"href":"https:\/\/skaitytaknyga.lt\/en\/wp-json\/wp\/v2\/product_brand?post=11802"},{"taxonomy":"product_cat","embeddable":true,"href":"https:\/\/skaitytaknyga.lt\/en\/wp-json\/wp\/v2\/product_cat?post=11802"},{"taxonomy":"product_tag","embeddable":true,"href":"https:\/\/skaitytaknyga.lt\/en\/wp-json\/wp\/v2\/product_tag?post=11802"}],"curies":[{"name":"wp","href":"https:\/\/api.w.org\/{rel}","templated":true}]}}