{"id":11800,"date":"2024-05-23T08:29:49","date_gmt":"2024-05-23T08:29:49","guid":{"rendered":"https:\/\/skaitytaknyga.lt\/?post_type=product&#038;p=11800"},"modified":"2025-06-20T00:02:01","modified_gmt":"2025-06-19T21:02:01","slug":"liliana-narkowicz-vilniaus-snipiskes-ir-sv-arkangelo-rapolo-baznycia","status":"publish","type":"product","link":"https:\/\/skaitytaknyga.lt\/en\/produktas\/liliana-narkowicz-vilniaus-snipiskes-ir-sv-arkangelo-rapolo-baznycia\/","title":{"rendered":"Liliana Narkowicz \u201eVilniaus \u0160nipi\u0161k\u0117s ir \u0160v. arkangelo Rapolo ba\u017eny\u010dia\u201c"},"content":{"rendered":"","protected":false},"excerpt":{"rendered":"<p>Knyga apie vieno seniausi\u0173 Vilniaus priemies\u010di\u0173 bei jame \u012fsik\u016brusios parapijos praeit\u012f ir n\u016bdien\u0105, \u010dia veikl\u0105 pl\u0117tojusius vienuoli\u0173 j\u0117zuit\u0173 ir pijor\u0173 ordinus, i\u0161kilius dvasininkus, sakralin\u0117s paskirties pastat\u0173 komplekso atsiradimo istorij\u0105 ir jame saugomas ba\u017enytinio meno vertybes.<\/p>\n","protected":false},"featured_media":11801,"comment_status":"closed","ping_status":"closed","template":"","meta":{"_acf_changed":false,"site-sidebar-layout":"default","site-content-layout":"","ast-site-content-layout":"default","site-content-style":"default","site-sidebar-style":"default","ast-global-header-display":"","ast-banner-title-visibility":"","ast-main-header-display":"","ast-hfb-above-header-display":"","ast-hfb-below-header-display":"","ast-hfb-mobile-header-display":"","site-post-title":"","ast-breadcrumbs-content":"","ast-featured-img":"","footer-sml-layout":"","ast-disable-related-posts":"","theme-transparent-header-meta":"","adv-header-id-meta":"","stick-header-meta":"","header-above-stick-meta":"","header-main-stick-meta":"","header-below-stick-meta":"","astra-migrate-meta-layouts":"default","ast-page-background-enabled":"default","ast-page-background-meta":{"desktop":{"background-color":"","background-image":"","background-repeat":"repeat","background-position":"center center","background-size":"auto","background-attachment":"scroll","background-type":"","background-media":"","overlay-type":"","overlay-color":"","overlay-opacity":"","overlay-gradient":""},"tablet":{"background-color":"","background-image":"","background-repeat":"repeat","background-position":"center center","background-size":"auto","background-attachment":"scroll","background-type":"","background-media":"","overlay-type":"","overlay-color":"","overlay-opacity":"","overlay-gradient":""},"mobile":{"background-color":"","background-image":"","background-repeat":"repeat","background-position":"center center","background-size":"auto","background-attachment":"scroll","background-type":"","background-media":"","overlay-type":"","overlay-color":"","overlay-opacity":"","overlay-gradient":""}},"ast-content-background-meta":{"desktop":{"background-color":"var(--ast-global-color-4)","background-image":"","background-repeat":"repeat","background-position":"center center","background-size":"auto","background-attachment":"scroll","background-type":"","background-media":"","overlay-type":"","overlay-color":"","overlay-opacity":"","overlay-gradient":""},"tablet":{"background-color":"var(--ast-global-color-4)","background-image":"","background-repeat":"repeat","background-position":"center center","background-size":"auto","background-attachment":"scroll","background-type":"","background-media":"","overlay-type":"","overlay-color":"","overlay-opacity":"","overlay-gradient":""},"mobile":{"background-color":"var(--ast-global-color-4)","background-image":"","background-repeat":"repeat","background-position":"center center","background-size":"auto","background-attachment":"scroll","background-type":"","background-media":"","overlay-type":"","overlay-color":"","overlay-opacity":"","overlay-gradient":""}}},"product_brand":[],"product_cat":[174],"product_tag":[],"class_list":{"0":"post-11800","1":"product","2":"type-product","3":"status-publish","4":"has-post-thumbnail","6":"product_cat-istorija-ir-politologija","7":"desktop-align-left","8":"tablet-align-left","9":"mobile-align-left","11":"first","12":"outofstock","13":"shipping-taxable","14":"purchasable","15":"product-type-simple"},"acf":[],"yoast_head":"<!-- This site is optimized with the Yoast SEO plugin v27.0 - https:\/\/yoast.com\/product\/yoast-seo-wordpress\/ -->\n<title>Liliana Narkowicz \u201eVilniaus \u0160nipi\u0161k\u0117s ir \u0160v. arkangelo Rapolo ba\u017eny\u010dia\u201c - Skaitytaknyga<\/title>\n<meta name=\"description\" content=\"Knyga apie vieno seniausi\u0173 Vilniaus priemies\u010di\u0173 bei jame \u012fsik\u016brusios parapijos praeit\u012f ir n\u016bdien\u0105, \u010dia veikl\u0105 pl\u0117tojusius vienuoli\u0173 j\u0117zuit\u0173 ir pijor\u0173 ordinus, i\u0161kilius dvasininkus, sakralin\u0117s paskirties pastat\u0173 komplekso atsiradimo istorij\u0105 ir jame saugomas ba\u017enytinio meno vertybes.\" \/>\n<meta name=\"robots\" content=\"index, follow, max-snippet:-1, max-image-preview:large, max-video-preview:-1\" \/>\n<link rel=\"canonical\" href=\"https:\/\/skaitytaknyga.lt\/en\/produktas\/liliana-narkowicz-vilniaus-snipiskes-ir-sv-arkangelo-rapolo-baznycia\/\" \/>\n<meta property=\"og:locale\" content=\"en_GB\" \/>\n<meta property=\"og:locale:alternate\" content=\"lt_LT\" \/>\n<meta property=\"og:type\" content=\"article\" \/>\n<meta property=\"og:title\" content=\"Liliana Narkowicz \u201eVilniaus \u0160nipi\u0161k\u0117s ir \u0160v. arkangelo Rapolo ba\u017eny\u010dia\u201c - Skaitytaknyga\" \/>\n<meta property=\"og:description\" content=\"Knyga apie vieno seniausi\u0173 Vilniaus priemies\u010di\u0173 bei jame \u012fsik\u016brusios parapijos praeit\u012f ir n\u016bdien\u0105, \u010dia veikl\u0105 pl\u0117tojusius vienuoli\u0173 j\u0117zuit\u0173 ir pijor\u0173 ordinus, i\u0161kilius dvasininkus, sakralin\u0117s paskirties pastat\u0173 komplekso atsiradimo istorij\u0105 ir jame saugomas ba\u017enytinio meno vertybes.\" \/>\n<meta property=\"og:url\" content=\"https:\/\/skaitytaknyga.lt\/en\/produktas\/liliana-narkowicz-vilniaus-snipiskes-ir-sv-arkangelo-rapolo-baznycia\/\" \/>\n<meta property=\"og:site_name\" content=\"Skaitytaknyga\" \/>\n<meta property=\"article:publisher\" content=\"https:\/\/www.facebook.com\/skaitytaknyga\/\" \/>\n<meta property=\"article:modified_time\" content=\"2025-06-19T21:02:01+00:00\" \/>\n<meta property=\"og:image\" content=\"https:\/\/skaitytaknyga.lt\/wp-content\/uploads\/2024\/05\/Be-pavadinimo-42.png\" \/>\n\t<meta property=\"og:image:width\" content=\"353\" \/>\n\t<meta property=\"og:image:height\" content=\"504\" \/>\n\t<meta property=\"og:image:type\" content=\"image\/png\" \/>\n<meta name=\"twitter:card\" content=\"summary_large_image\" \/>\n<script type=\"application\/ld+json\" class=\"yoast-schema-graph\">{\"@context\":\"https:\/\/schema.org\",\"@graph\":[{\"@type\":\"WebPage\",\"@id\":\"https:\/\/skaitytaknyga.lt\/produktas\/liliana-narkowicz-vilniaus-snipiskes-ir-sv-arkangelo-rapolo-baznycia\/\",\"url\":\"https:\/\/skaitytaknyga.lt\/produktas\/liliana-narkowicz-vilniaus-snipiskes-ir-sv-arkangelo-rapolo-baznycia\/\",\"name\":\"Liliana Narkowicz \u201eVilniaus \u0160nipi\u0161k\u0117s ir \u0160v. arkangelo Rapolo ba\u017eny\u010dia\u201c - Skaitytaknyga\",\"isPartOf\":{\"@id\":\"https:\/\/skaitytaknyga.lt\/#website\"},\"primaryImageOfPage\":{\"@id\":\"https:\/\/skaitytaknyga.lt\/produktas\/liliana-narkowicz-vilniaus-snipiskes-ir-sv-arkangelo-rapolo-baznycia\/#primaryimage\"},\"image\":{\"@id\":\"https:\/\/skaitytaknyga.lt\/produktas\/liliana-narkowicz-vilniaus-snipiskes-ir-sv-arkangelo-rapolo-baznycia\/#primaryimage\"},\"thumbnailUrl\":\"https:\/\/skaitytaknyga.lt\/wp-content\/uploads\/2024\/05\/Be-pavadinimo-42.png\",\"datePublished\":\"2024-05-23T08:29:49+00:00\",\"dateModified\":\"2025-06-19T21:02:01+00:00\",\"description\":\"Knyga apie vieno seniausi\u0173 Vilniaus priemies\u010di\u0173 bei jame \u012fsik\u016brusios parapijos praeit\u012f ir n\u016bdien\u0105, \u010dia veikl\u0105 pl\u0117tojusius vienuoli\u0173 j\u0117zuit\u0173 ir pijor\u0173 ordinus, i\u0161kilius dvasininkus, sakralin\u0117s paskirties pastat\u0173 komplekso atsiradimo istorij\u0105 ir jame saugomas ba\u017enytinio meno vertybes.\",\"breadcrumb\":{\"@id\":\"https:\/\/skaitytaknyga.lt\/produktas\/liliana-narkowicz-vilniaus-snipiskes-ir-sv-arkangelo-rapolo-baznycia\/#breadcrumb\"},\"inLanguage\":\"en-GB\",\"potentialAction\":[{\"@type\":\"ReadAction\",\"target\":[\"https:\/\/skaitytaknyga.lt\/produktas\/liliana-narkowicz-vilniaus-snipiskes-ir-sv-arkangelo-rapolo-baznycia\/\"]}]},{\"@type\":\"ImageObject\",\"inLanguage\":\"en-GB\",\"@id\":\"https:\/\/skaitytaknyga.lt\/produktas\/liliana-narkowicz-vilniaus-snipiskes-ir-sv-arkangelo-rapolo-baznycia\/#primaryimage\",\"url\":\"https:\/\/skaitytaknyga.lt\/wp-content\/uploads\/2024\/05\/Be-pavadinimo-42.png\",\"contentUrl\":\"https:\/\/skaitytaknyga.lt\/wp-content\/uploads\/2024\/05\/Be-pavadinimo-42.png\",\"width\":353,\"height\":504},{\"@type\":\"BreadcrumbList\",\"@id\":\"https:\/\/skaitytaknyga.lt\/produktas\/liliana-narkowicz-vilniaus-snipiskes-ir-sv-arkangelo-rapolo-baznycia\/#breadcrumb\",\"itemListElement\":[{\"@type\":\"ListItem\",\"position\":1,\"name\":\"Home\",\"item\":\"https:\/\/skaitytaknyga.lt\/\"},{\"@type\":\"ListItem\",\"position\":2,\"name\":\"Parduotuv\u0117\",\"item\":\"https:\/\/skaitytaknyga.lt\/knygu-parduotuve\/\"},{\"@type\":\"ListItem\",\"position\":3,\"name\":\"Liliana Narkowicz \u201eVilniaus \u0160nipi\u0161k\u0117s ir \u0160v. arkangelo Rapolo ba\u017eny\u010dia\u201c\"}]},{\"@type\":\"WebSite\",\"@id\":\"https:\/\/skaitytaknyga.lt\/#website\",\"url\":\"https:\/\/skaitytaknyga.lt\/\",\"name\":\"skaitytaknyga.lt\",\"description\":\"Skaitytaknyga.lt \u2013 tai ma\u017eas \u0161eimos verslas, kuris prasid\u0117jo nuo meil\u0117s knygoms ir siekio i\u0161gelb\u0117ti knygas nuo likimo prie konteinerio. Kas vienam nereikalingas daiktas \u2013 kitam lobis, o mes esame tarpininkai, kurie padeda abiems tapti laimingesniems ???? \u017dinome kaip nelengva i\u0161gyventi ma\u017eiems verslams, tad nuo \u0161iol, \u010dia rasite ir kit\u0173, ma\u017e\u0173 \u0161eim\u0173 versl\u0173, rank\u0173 darbo, dovan\u0173 sau ir artimiesiems.\",\"publisher\":{\"@id\":\"https:\/\/skaitytaknyga.lt\/#organization\"},\"potentialAction\":[{\"@type\":\"SearchAction\",\"target\":{\"@type\":\"EntryPoint\",\"urlTemplate\":\"https:\/\/skaitytaknyga.lt\/?s={search_term_string}\"},\"query-input\":{\"@type\":\"PropertyValueSpecification\",\"valueRequired\":true,\"valueName\":\"search_term_string\"}}],\"inLanguage\":\"en-GB\"},{\"@type\":\"Organization\",\"@id\":\"https:\/\/skaitytaknyga.lt\/#organization\",\"name\":\"skaitytaknyga.lt\",\"url\":\"https:\/\/skaitytaknyga.lt\/\",\"logo\":{\"@type\":\"ImageObject\",\"inLanguage\":\"en-GB\",\"@id\":\"https:\/\/skaitytaknyga.lt\/#\/schema\/logo\/image\/\",\"url\":\"https:\/\/skaitytaknyga.lt\/wp-content\/uploads\/2024\/05\/cropped-cropped-cropped-02_00843_jt3bggkj1j3HLc7SyY6rEUpg.jpeg\",\"contentUrl\":\"https:\/\/skaitytaknyga.lt\/wp-content\/uploads\/2024\/05\/cropped-cropped-cropped-02_00843_jt3bggkj1j3HLc7SyY6rEUpg.jpeg\",\"width\":1600,\"height\":1600,\"caption\":\"skaitytaknyga.lt\"},\"image\":{\"@id\":\"https:\/\/skaitytaknyga.lt\/#\/schema\/logo\/image\/\"},\"sameAs\":[\"https:\/\/www.facebook.com\/skaitytaknyga\/\"]}]}<\/script>\n<!-- \/ Yoast SEO plugin. -->","yoast_head_json":{"title":"Liliana Narkowicz \u201eVilniaus \u0160nipi\u0161k\u0117s ir \u0160v. arkangelo Rapolo ba\u017eny\u010dia\u201c - Skaitytaknyga","description":"Knyga apie vieno seniausi\u0173 Vilniaus priemies\u010di\u0173 bei jame \u012fsik\u016brusios parapijos praeit\u012f ir n\u016bdien\u0105, \u010dia veikl\u0105 pl\u0117tojusius vienuoli\u0173 j\u0117zuit\u0173 ir pijor\u0173 ordinus, i\u0161kilius dvasininkus, sakralin\u0117s paskirties pastat\u0173 komplekso atsiradimo istorij\u0105 ir jame saugomas ba\u017enytinio meno vertybes.","robots":{"index":"index","follow":"follow","max-snippet":"max-snippet:-1","max-image-preview":"max-image-preview:large","max-video-preview":"max-video-preview:-1"},"canonical":"https:\/\/skaitytaknyga.lt\/en\/produktas\/liliana-narkowicz-vilniaus-snipiskes-ir-sv-arkangelo-rapolo-baznycia\/","og_locale":"en_GB","og_type":"article","og_title":"Liliana Narkowicz \u201eVilniaus \u0160nipi\u0161k\u0117s ir \u0160v. arkangelo Rapolo ba\u017eny\u010dia\u201c - Skaitytaknyga","og_description":"Knyga apie vieno seniausi\u0173 Vilniaus priemies\u010di\u0173 bei jame \u012fsik\u016brusios parapijos praeit\u012f ir n\u016bdien\u0105, \u010dia veikl\u0105 pl\u0117tojusius vienuoli\u0173 j\u0117zuit\u0173 ir pijor\u0173 ordinus, i\u0161kilius dvasininkus, sakralin\u0117s paskirties pastat\u0173 komplekso atsiradimo istorij\u0105 ir jame saugomas ba\u017enytinio meno vertybes.","og_url":"https:\/\/skaitytaknyga.lt\/en\/produktas\/liliana-narkowicz-vilniaus-snipiskes-ir-sv-arkangelo-rapolo-baznycia\/","og_site_name":"Skaitytaknyga","article_publisher":"https:\/\/www.facebook.com\/skaitytaknyga\/","article_modified_time":"2025-06-19T21:02:01+00:00","og_image":[{"width":353,"height":504,"url":"https:\/\/skaitytaknyga.lt\/wp-content\/uploads\/2024\/05\/Be-pavadinimo-42.png","type":"image\/png"}],"twitter_card":"summary_large_image","schema":{"@context":"https:\/\/schema.org","@graph":[{"@type":"WebPage","@id":"https:\/\/skaitytaknyga.lt\/produktas\/liliana-narkowicz-vilniaus-snipiskes-ir-sv-arkangelo-rapolo-baznycia\/","url":"https:\/\/skaitytaknyga.lt\/produktas\/liliana-narkowicz-vilniaus-snipiskes-ir-sv-arkangelo-rapolo-baznycia\/","name":"Liliana Narkowicz \u201eVilniaus \u0160nipi\u0161k\u0117s ir \u0160v. arkangelo Rapolo ba\u017eny\u010dia\u201c - Skaitytaknyga","isPartOf":{"@id":"https:\/\/skaitytaknyga.lt\/#website"},"primaryImageOfPage":{"@id":"https:\/\/skaitytaknyga.lt\/produktas\/liliana-narkowicz-vilniaus-snipiskes-ir-sv-arkangelo-rapolo-baznycia\/#primaryimage"},"image":{"@id":"https:\/\/skaitytaknyga.lt\/produktas\/liliana-narkowicz-vilniaus-snipiskes-ir-sv-arkangelo-rapolo-baznycia\/#primaryimage"},"thumbnailUrl":"https:\/\/skaitytaknyga.lt\/wp-content\/uploads\/2024\/05\/Be-pavadinimo-42.png","datePublished":"2024-05-23T08:29:49+00:00","dateModified":"2025-06-19T21:02:01+00:00","description":"Knyga apie vieno seniausi\u0173 Vilniaus priemies\u010di\u0173 bei jame \u012fsik\u016brusios parapijos praeit\u012f ir n\u016bdien\u0105, \u010dia veikl\u0105 pl\u0117tojusius vienuoli\u0173 j\u0117zuit\u0173 ir pijor\u0173 ordinus, i\u0161kilius dvasininkus, sakralin\u0117s paskirties pastat\u0173 komplekso atsiradimo istorij\u0105 ir jame saugomas ba\u017enytinio meno vertybes.","breadcrumb":{"@id":"https:\/\/skaitytaknyga.lt\/produktas\/liliana-narkowicz-vilniaus-snipiskes-ir-sv-arkangelo-rapolo-baznycia\/#breadcrumb"},"inLanguage":"en-GB","potentialAction":[{"@type":"ReadAction","target":["https:\/\/skaitytaknyga.lt\/produktas\/liliana-narkowicz-vilniaus-snipiskes-ir-sv-arkangelo-rapolo-baznycia\/"]}]},{"@type":"ImageObject","inLanguage":"en-GB","@id":"https:\/\/skaitytaknyga.lt\/produktas\/liliana-narkowicz-vilniaus-snipiskes-ir-sv-arkangelo-rapolo-baznycia\/#primaryimage","url":"https:\/\/skaitytaknyga.lt\/wp-content\/uploads\/2024\/05\/Be-pavadinimo-42.png","contentUrl":"https:\/\/skaitytaknyga.lt\/wp-content\/uploads\/2024\/05\/Be-pavadinimo-42.png","width":353,"height":504},{"@type":"BreadcrumbList","@id":"https:\/\/skaitytaknyga.lt\/produktas\/liliana-narkowicz-vilniaus-snipiskes-ir-sv-arkangelo-rapolo-baznycia\/#breadcrumb","itemListElement":[{"@type":"ListItem","position":1,"name":"Home","item":"https:\/\/skaitytaknyga.lt\/"},{"@type":"ListItem","position":2,"name":"Parduotuv\u0117","item":"https:\/\/skaitytaknyga.lt\/knygu-parduotuve\/"},{"@type":"ListItem","position":3,"name":"Liliana Narkowicz \u201eVilniaus \u0160nipi\u0161k\u0117s ir \u0160v. arkangelo Rapolo ba\u017eny\u010dia\u201c"}]},{"@type":"WebSite","@id":"https:\/\/skaitytaknyga.lt\/#website","url":"https:\/\/skaitytaknyga.lt\/","name":"skaitytaknyga.lt","description":"Skaitytaknyga.lt \u2013 tai ma\u017eas \u0161eimos verslas, kuris prasid\u0117jo nuo meil\u0117s knygoms ir siekio i\u0161gelb\u0117ti knygas nuo likimo prie konteinerio. Kas vienam nereikalingas daiktas \u2013 kitam lobis, o mes esame tarpininkai, kurie padeda abiems tapti laimingesniems ???? \u017dinome kaip nelengva i\u0161gyventi ma\u017eiems verslams, tad nuo \u0161iol, \u010dia rasite ir kit\u0173, ma\u017e\u0173 \u0161eim\u0173 versl\u0173, rank\u0173 darbo, dovan\u0173 sau ir artimiesiems.","publisher":{"@id":"https:\/\/skaitytaknyga.lt\/#organization"},"potentialAction":[{"@type":"SearchAction","target":{"@type":"EntryPoint","urlTemplate":"https:\/\/skaitytaknyga.lt\/?s={search_term_string}"},"query-input":{"@type":"PropertyValueSpecification","valueRequired":true,"valueName":"search_term_string"}}],"inLanguage":"en-GB"},{"@type":"Organization","@id":"https:\/\/skaitytaknyga.lt\/#organization","name":"skaitytaknyga.lt","url":"https:\/\/skaitytaknyga.lt\/","logo":{"@type":"ImageObject","inLanguage":"en-GB","@id":"https:\/\/skaitytaknyga.lt\/#\/schema\/logo\/image\/","url":"https:\/\/skaitytaknyga.lt\/wp-content\/uploads\/2024\/05\/cropped-cropped-cropped-02_00843_jt3bggkj1j3HLc7SyY6rEUpg.jpeg","contentUrl":"https:\/\/skaitytaknyga.lt\/wp-content\/uploads\/2024\/05\/cropped-cropped-cropped-02_00843_jt3bggkj1j3HLc7SyY6rEUpg.jpeg","width":1600,"height":1600,"caption":"skaitytaknyga.lt"},"image":{"@id":"https:\/\/skaitytaknyga.lt\/#\/schema\/logo\/image\/"},"sameAs":["https:\/\/www.facebook.com\/skaitytaknyga\/"]}]}},"_links":{"self":[{"href":"https:\/\/skaitytaknyga.lt\/en\/wp-json\/wp\/v2\/product\/11800","targetHints":{"allow":["GET"]}}],"collection":[{"href":"https:\/\/skaitytaknyga.lt\/en\/wp-json\/wp\/v2\/product"}],"about":[{"href":"https:\/\/skaitytaknyga.lt\/en\/wp-json\/wp\/v2\/types\/product"}],"replies":[{"embeddable":true,"href":"https:\/\/skaitytaknyga.lt\/en\/wp-json\/wp\/v2\/comments?post=11800"}],"wp:featuredmedia":[{"embeddable":true,"href":"https:\/\/skaitytaknyga.lt\/en\/wp-json\/wp\/v2\/media\/11801"}],"wp:attachment":[{"href":"https:\/\/skaitytaknyga.lt\/en\/wp-json\/wp\/v2\/media?parent=11800"}],"wp:term":[{"taxonomy":"product_brand","embeddable":true,"href":"https:\/\/skaitytaknyga.lt\/en\/wp-json\/wp\/v2\/product_brand?post=11800"},{"taxonomy":"product_cat","embeddable":true,"href":"https:\/\/skaitytaknyga.lt\/en\/wp-json\/wp\/v2\/product_cat?post=11800"},{"taxonomy":"product_tag","embeddable":true,"href":"https:\/\/skaitytaknyga.lt\/en\/wp-json\/wp\/v2\/product_tag?post=11800"}],"curies":[{"name":"wp","href":"https:\/\/api.w.org\/{rel}","templated":true}]}}