{"id":11798,"date":"2024-05-23T08:26:33","date_gmt":"2024-05-23T08:26:33","guid":{"rendered":"https:\/\/skaitytaknyga.lt\/?post_type=product&#038;p=11798"},"modified":"2024-07-16T14:57:23","modified_gmt":"2024-07-16T11:57:23","slug":"anne-johnson-trumpoji-kama-sutra","status":"publish","type":"product","link":"https:\/\/skaitytaknyga.lt\/en\/produktas\/anne-johnson-trumpoji-kama-sutra\/","title":{"rendered":"Anne Johnson \u201eTrumpoji Kama Sutra\u201c"},"content":{"rendered":"","protected":false},"excerpt":{"rendered":"<p>Kama Sutra atsirado prie\u0161 2000 met\u0173 \u0161ventajame Benareso mieste prie Gango up\u0117s. Para\u0161yta ind\u0173 i\u0161min\u010diaus Vatsjajanos Kama Sutra yra kur kas daugiau nei seksualini\u0173 poz\u0173 rinkinys. Grei\u010diau tai &#8211; tvarkingos ir kult\u016bringos visuomen\u0117s gyvenimo supratimas.<\/p>\n<p>Kama Sutra &#8211; intymus vadovas, pateikiantis pir\u0161lyb\u0173 ir vedyb\u0173 taisykles, aptariantis kaip prisitaikyti prie vedybinio gyvenimo ir i\u0161saugoti meil\u0119 bei \u012fvairov\u0119 santuokoje.<br \/>\nTrumpoji Kama Sutra suteikia galimyb\u0119 skaityti ne tik parinktas senojo veikalo dalis, bet ir \u0161iuolaikinius jo reik\u0161m\u0117s paai\u0161kinimus. Nuo ritual\u0173 ir tradicij\u0173 iki \u017emonos gyvenimo ir paties meil\u0117s akto.<br \/>\nKiekviena tema iliustruota puikiais ind\u0173 erotinio meno k\u016briniais.<\/p>\n","protected":false},"featured_media":11799,"comment_status":"closed","ping_status":"closed","template":"","meta":{"_acf_changed":false,"site-sidebar-layout":"default","site-content-layout":"","ast-site-content-layout":"default","site-content-style":"default","site-sidebar-style":"default","ast-global-header-display":"","ast-banner-title-visibility":"","ast-main-header-display":"","ast-hfb-above-header-display":"","ast-hfb-below-header-display":"","ast-hfb-mobile-header-display":"","site-post-title":"","ast-breadcrumbs-content":"","ast-featured-img":"","footer-sml-layout":"","ast-disable-related-posts":"","theme-transparent-header-meta":"","adv-header-id-meta":"","stick-header-meta":"","header-above-stick-meta":"","header-main-stick-meta":"","header-below-stick-meta":"","astra-migrate-meta-layouts":"default","ast-page-background-enabled":"default","ast-page-background-meta":{"desktop":{"background-color":"","background-image":"","background-repeat":"repeat","background-position":"center center","background-size":"auto","background-attachment":"scroll","background-type":"","background-media":"","overlay-type":"","overlay-color":"","overlay-opacity":"","overlay-gradient":""},"tablet":{"background-color":"","background-image":"","background-repeat":"repeat","background-position":"center center","background-size":"auto","background-attachment":"scroll","background-type":"","background-media":"","overlay-type":"","overlay-color":"","overlay-opacity":"","overlay-gradient":""},"mobile":{"background-color":"","background-image":"","background-repeat":"repeat","background-position":"center center","background-size":"auto","background-attachment":"scroll","background-type":"","background-media":"","overlay-type":"","overlay-color":"","overlay-opacity":"","overlay-gradient":""}},"ast-content-background-meta":{"desktop":{"background-color":"var(--ast-global-color-4)","background-image":"","background-repeat":"repeat","background-position":"center center","background-size":"auto","background-attachment":"scroll","background-type":"","background-media":"","overlay-type":"","overlay-color":"","overlay-opacity":"","overlay-gradient":""},"tablet":{"background-color":"var(--ast-global-color-4)","background-image":"","background-repeat":"repeat","background-position":"center center","background-size":"auto","background-attachment":"scroll","background-type":"","background-media":"","overlay-type":"","overlay-color":"","overlay-opacity":"","overlay-gradient":""},"mobile":{"background-color":"var(--ast-global-color-4)","background-image":"","background-repeat":"repeat","background-position":"center center","background-size":"auto","background-attachment":"scroll","background-type":"","background-media":"","overlay-type":"","overlay-color":"","overlay-opacity":"","overlay-gradient":""}}},"product_brand":[],"product_cat":[57,27],"product_tag":[],"class_list":{"0":"post-11798","1":"product","2":"type-product","3":"status-publish","4":"has-post-thumbnail","6":"product_cat-menas-ir-albumai","7":"product_cat-sportas-laisvalaikis-rankdarbiai","8":"pa_leidimo-metai-766","9":"desktop-align-left","10":"tablet-align-left","11":"mobile-align-left","13":"first","14":"instock","15":"shipping-taxable","16":"purchasable","17":"product-type-simple"},"acf":[],"yoast_head":"<!-- This site is optimized with the Yoast SEO plugin v27.0 - https:\/\/yoast.com\/product\/yoast-seo-wordpress\/ -->\n<title>Anne Johnson \u201eTrumpoji Kama Sutra\u201c<\/title>\n<meta name=\"description\" content=\"Kama Sutra atsirado prie\u0161 2000 met\u0173 \u0161ventajame Benareso mieste prie Gango up\u0117s. Para\u0161yta ind\u0173 i\u0161min\u010diaus Vatsjajanos Kama Sutra yra kur kas daugiau nei seksualini\u0173 poz\u0173 rinkinys. Grei\u010diau tai - tvarkingos ir kult\u016bringos visuomen\u0117s gyvenimo supratimas.  Kama Sutra - intymus vadovas, pateikiantis pir\u0161lyb\u0173 ir vedyb\u0173 taisykles, aptariantis kaip prisitaikyti prie vedybinio gyvenimo ir i\u0161saugoti meil\u0119 bei \u012fvairov\u0119 santuokoje. Trumpoji Kama Sutra suteikia galimyb\u0119 skaityti ne tik parinktas senojo veikalo dalis, bet ir \u0161iuolaikinius jo reik\u0161m\u0117s paai\u0161kinimus. Nuo ritual\u0173 ir tradicij\u0173 iki \u017emonos gyvenimo ir paties meil\u0117s akto. Kiekviena tema iliustruota puikiais ind\u0173 erotinio meno k\u016briniais.\" \/>\n<meta name=\"robots\" content=\"index, follow, max-snippet:-1, max-image-preview:large, max-video-preview:-1\" \/>\n<link rel=\"canonical\" href=\"https:\/\/skaitytaknyga.lt\/en\/produktas\/anne-johnson-trumpoji-kama-sutra\/\" \/>\n<meta property=\"og:locale\" content=\"en_GB\" \/>\n<meta property=\"og:locale:alternate\" content=\"lt_LT\" \/>\n<meta property=\"og:type\" content=\"article\" \/>\n<meta property=\"og:title\" content=\"Anne Johnson \u201eTrumpoji Kama Sutra\u201c\" \/>\n<meta property=\"og:description\" content=\"Kama Sutra atsirado prie\u0161 2000 met\u0173 \u0161ventajame Benareso mieste prie Gango up\u0117s. Para\u0161yta ind\u0173 i\u0161min\u010diaus Vatsjajanos Kama Sutra yra kur kas daugiau nei seksualini\u0173 poz\u0173 rinkinys. Grei\u010diau tai - tvarkingos ir kult\u016bringos visuomen\u0117s gyvenimo supratimas.  Kama Sutra - intymus vadovas, pateikiantis pir\u0161lyb\u0173 ir vedyb\u0173 taisykles, aptariantis kaip prisitaikyti prie vedybinio gyvenimo ir i\u0161saugoti meil\u0119 bei \u012fvairov\u0119 santuokoje. Trumpoji Kama Sutra suteikia galimyb\u0119 skaityti ne tik parinktas senojo veikalo dalis, bet ir \u0161iuolaikinius jo reik\u0161m\u0117s paai\u0161kinimus. Nuo ritual\u0173 ir tradicij\u0173 iki \u017emonos gyvenimo ir paties meil\u0117s akto. Kiekviena tema iliustruota puikiais ind\u0173 erotinio meno k\u016briniais.\" \/>\n<meta property=\"og:url\" content=\"https:\/\/skaitytaknyga.lt\/en\/produktas\/anne-johnson-trumpoji-kama-sutra\/\" \/>\n<meta property=\"og:site_name\" content=\"Skaitytaknyga\" \/>\n<meta property=\"article:publisher\" content=\"https:\/\/www.facebook.com\/skaitytaknyga\/\" \/>\n<meta property=\"article:modified_time\" content=\"2024-07-16T11:57:23+00:00\" \/>\n<meta property=\"og:image\" content=\"https:\/\/skaitytaknyga.lt\/wp-content\/uploads\/2024\/05\/veidai_11-625x794_0-e1716452863816.jpg\" \/>\n\t<meta property=\"og:image:width\" content=\"460\" \/>\n\t<meta property=\"og:image:height\" content=\"681\" \/>\n\t<meta property=\"og:image:type\" content=\"image\/jpeg\" \/>\n<meta name=\"twitter:card\" content=\"summary_large_image\" \/>\n<script type=\"application\/ld+json\" class=\"yoast-schema-graph\">{\"@context\":\"https:\/\/schema.org\",\"@graph\":[{\"@type\":\"WebPage\",\"@id\":\"https:\/\/skaitytaknyga.lt\/produktas\/anne-johnson-trumpoji-kama-sutra\/\",\"url\":\"https:\/\/skaitytaknyga.lt\/produktas\/anne-johnson-trumpoji-kama-sutra\/\",\"name\":\"Anne Johnson \u201eTrumpoji Kama Sutra\u201c\",\"isPartOf\":{\"@id\":\"https:\/\/skaitytaknyga.lt\/#website\"},\"primaryImageOfPage\":{\"@id\":\"https:\/\/skaitytaknyga.lt\/produktas\/anne-johnson-trumpoji-kama-sutra\/#primaryimage\"},\"image\":{\"@id\":\"https:\/\/skaitytaknyga.lt\/produktas\/anne-johnson-trumpoji-kama-sutra\/#primaryimage\"},\"thumbnailUrl\":\"https:\/\/skaitytaknyga.lt\/wp-content\/uploads\/2024\/05\/veidai_11-625x794_0-e1716452863816.jpg\",\"datePublished\":\"2024-05-23T08:26:33+00:00\",\"dateModified\":\"2024-07-16T11:57:23+00:00\",\"description\":\"Kama Sutra atsirado prie\u0161 2000 met\u0173 \u0161ventajame Benareso mieste prie Gango up\u0117s. Para\u0161yta ind\u0173 i\u0161min\u010diaus Vatsjajanos Kama Sutra yra kur kas daugiau nei seksualini\u0173 poz\u0173 rinkinys. Grei\u010diau tai - tvarkingos ir kult\u016bringos visuomen\u0117s gyvenimo supratimas. Kama Sutra - intymus vadovas, pateikiantis pir\u0161lyb\u0173 ir vedyb\u0173 taisykles, aptariantis kaip prisitaikyti prie vedybinio gyvenimo ir i\u0161saugoti meil\u0119 bei \u012fvairov\u0119 santuokoje. Trumpoji Kama Sutra suteikia galimyb\u0119 skaityti ne tik parinktas senojo veikalo dalis, bet ir \u0161iuolaikinius jo reik\u0161m\u0117s paai\u0161kinimus. Nuo ritual\u0173 ir tradicij\u0173 iki \u017emonos gyvenimo ir paties meil\u0117s akto. Kiekviena tema iliustruota puikiais ind\u0173 erotinio meno k\u016briniais.\",\"breadcrumb\":{\"@id\":\"https:\/\/skaitytaknyga.lt\/produktas\/anne-johnson-trumpoji-kama-sutra\/#breadcrumb\"},\"inLanguage\":\"en-GB\",\"potentialAction\":[{\"@type\":\"ReadAction\",\"target\":[\"https:\/\/skaitytaknyga.lt\/produktas\/anne-johnson-trumpoji-kama-sutra\/\"]}]},{\"@type\":\"ImageObject\",\"inLanguage\":\"en-GB\",\"@id\":\"https:\/\/skaitytaknyga.lt\/produktas\/anne-johnson-trumpoji-kama-sutra\/#primaryimage\",\"url\":\"https:\/\/skaitytaknyga.lt\/wp-content\/uploads\/2024\/05\/veidai_11-625x794_0-e1716452863816.jpg\",\"contentUrl\":\"https:\/\/skaitytaknyga.lt\/wp-content\/uploads\/2024\/05\/veidai_11-625x794_0-e1716452863816.jpg\",\"width\":460,\"height\":681},{\"@type\":\"BreadcrumbList\",\"@id\":\"https:\/\/skaitytaknyga.lt\/produktas\/anne-johnson-trumpoji-kama-sutra\/#breadcrumb\",\"itemListElement\":[{\"@type\":\"ListItem\",\"position\":1,\"name\":\"Home\",\"item\":\"https:\/\/skaitytaknyga.lt\/\"},{\"@type\":\"ListItem\",\"position\":2,\"name\":\"Parduotuv\u0117\",\"item\":\"https:\/\/skaitytaknyga.lt\/knygu-parduotuve\/\"},{\"@type\":\"ListItem\",\"position\":3,\"name\":\"Anne Johnson \u201eTrumpoji Kama Sutra\u201c\"}]},{\"@type\":\"WebSite\",\"@id\":\"https:\/\/skaitytaknyga.lt\/#website\",\"url\":\"https:\/\/skaitytaknyga.lt\/\",\"name\":\"skaitytaknyga.lt\",\"description\":\"Skaitytaknyga.lt \u2013 tai ma\u017eas \u0161eimos verslas, kuris prasid\u0117jo nuo meil\u0117s knygoms ir siekio i\u0161gelb\u0117ti knygas nuo likimo prie konteinerio. Kas vienam nereikalingas daiktas \u2013 kitam lobis, o mes esame tarpininkai, kurie padeda abiems tapti laimingesniems ???? \u017dinome kaip nelengva i\u0161gyventi ma\u017eiems verslams, tad nuo \u0161iol, \u010dia rasite ir kit\u0173, ma\u017e\u0173 \u0161eim\u0173 versl\u0173, rank\u0173 darbo, dovan\u0173 sau ir artimiesiems.\",\"publisher\":{\"@id\":\"https:\/\/skaitytaknyga.lt\/#organization\"},\"potentialAction\":[{\"@type\":\"SearchAction\",\"target\":{\"@type\":\"EntryPoint\",\"urlTemplate\":\"https:\/\/skaitytaknyga.lt\/?s={search_term_string}\"},\"query-input\":{\"@type\":\"PropertyValueSpecification\",\"valueRequired\":true,\"valueName\":\"search_term_string\"}}],\"inLanguage\":\"en-GB\"},{\"@type\":\"Organization\",\"@id\":\"https:\/\/skaitytaknyga.lt\/#organization\",\"name\":\"skaitytaknyga.lt\",\"url\":\"https:\/\/skaitytaknyga.lt\/\",\"logo\":{\"@type\":\"ImageObject\",\"inLanguage\":\"en-GB\",\"@id\":\"https:\/\/skaitytaknyga.lt\/#\/schema\/logo\/image\/\",\"url\":\"https:\/\/skaitytaknyga.lt\/wp-content\/uploads\/2024\/05\/cropped-cropped-cropped-02_00843_jt3bggkj1j3HLc7SyY6rEUpg.jpeg\",\"contentUrl\":\"https:\/\/skaitytaknyga.lt\/wp-content\/uploads\/2024\/05\/cropped-cropped-cropped-02_00843_jt3bggkj1j3HLc7SyY6rEUpg.jpeg\",\"width\":1600,\"height\":1600,\"caption\":\"skaitytaknyga.lt\"},\"image\":{\"@id\":\"https:\/\/skaitytaknyga.lt\/#\/schema\/logo\/image\/\"},\"sameAs\":[\"https:\/\/www.facebook.com\/skaitytaknyga\/\"]}]}<\/script>\n<!-- \/ Yoast SEO plugin. -->","yoast_head_json":{"title":"Anne Johnson \u201eTrumpoji Kama Sutra\u201c","description":"Kama Sutra atsirado prie\u0161 2000 met\u0173 \u0161ventajame Benareso mieste prie Gango up\u0117s. Para\u0161yta ind\u0173 i\u0161min\u010diaus Vatsjajanos Kama Sutra yra kur kas daugiau nei seksualini\u0173 poz\u0173 rinkinys. Grei\u010diau tai - tvarkingos ir kult\u016bringos visuomen\u0117s gyvenimo supratimas.  Kama Sutra - intymus vadovas, pateikiantis pir\u0161lyb\u0173 ir vedyb\u0173 taisykles, aptariantis kaip prisitaikyti prie vedybinio gyvenimo ir i\u0161saugoti meil\u0119 bei \u012fvairov\u0119 santuokoje. Trumpoji Kama Sutra suteikia galimyb\u0119 skaityti ne tik parinktas senojo veikalo dalis, bet ir \u0161iuolaikinius jo reik\u0161m\u0117s paai\u0161kinimus. Nuo ritual\u0173 ir tradicij\u0173 iki \u017emonos gyvenimo ir paties meil\u0117s akto. Kiekviena tema iliustruota puikiais ind\u0173 erotinio meno k\u016briniais.","robots":{"index":"index","follow":"follow","max-snippet":"max-snippet:-1","max-image-preview":"max-image-preview:large","max-video-preview":"max-video-preview:-1"},"canonical":"https:\/\/skaitytaknyga.lt\/en\/produktas\/anne-johnson-trumpoji-kama-sutra\/","og_locale":"en_GB","og_type":"article","og_title":"[:lt]Anne Johnson \u201eTrumpoji Kama Sutra\u201c[:] - Skaitytaknyga","og_description":"Kama Sutra atsirado prie\u0161 2000 met\u0173 \u0161ventajame Benareso mieste prie Gango up\u0117s. Para\u0161yta ind\u0173 i\u0161min\u010diaus Vatsjajanos Kama Sutra yra kur kas daugiau nei seksualini\u0173 poz\u0173 rinkinys. Grei\u010diau tai - tvarkingos ir kult\u016bringos visuomen\u0117s gyvenimo supratimas.  Kama Sutra - intymus vadovas, pateikiantis pir\u0161lyb\u0173 ir vedyb\u0173 taisykles, aptariantis kaip prisitaikyti prie vedybinio gyvenimo ir i\u0161saugoti meil\u0119 bei \u012fvairov\u0119 santuokoje. Trumpoji Kama Sutra suteikia galimyb\u0119 skaityti ne tik parinktas senojo veikalo dalis, bet ir \u0161iuolaikinius jo reik\u0161m\u0117s paai\u0161kinimus. Nuo ritual\u0173 ir tradicij\u0173 iki \u017emonos gyvenimo ir paties meil\u0117s akto. Kiekviena tema iliustruota puikiais ind\u0173 erotinio meno k\u016briniais.","og_url":"https:\/\/skaitytaknyga.lt\/en\/produktas\/anne-johnson-trumpoji-kama-sutra\/","og_site_name":"Skaitytaknyga","article_publisher":"https:\/\/www.facebook.com\/skaitytaknyga\/","article_modified_time":"2024-07-16T11:57:23+00:00","og_image":[{"width":460,"height":681,"url":"https:\/\/skaitytaknyga.lt\/wp-content\/uploads\/2024\/05\/veidai_11-625x794_0-e1716452863816.jpg","type":"image\/jpeg"}],"twitter_card":"summary_large_image","schema":{"@context":"https:\/\/schema.org","@graph":[{"@type":"WebPage","@id":"https:\/\/skaitytaknyga.lt\/produktas\/anne-johnson-trumpoji-kama-sutra\/","url":"https:\/\/skaitytaknyga.lt\/produktas\/anne-johnson-trumpoji-kama-sutra\/","name":"Anne Johnson \u201eTrumpoji Kama Sutra\u201c","isPartOf":{"@id":"https:\/\/skaitytaknyga.lt\/#website"},"primaryImageOfPage":{"@id":"https:\/\/skaitytaknyga.lt\/produktas\/anne-johnson-trumpoji-kama-sutra\/#primaryimage"},"image":{"@id":"https:\/\/skaitytaknyga.lt\/produktas\/anne-johnson-trumpoji-kama-sutra\/#primaryimage"},"thumbnailUrl":"https:\/\/skaitytaknyga.lt\/wp-content\/uploads\/2024\/05\/veidai_11-625x794_0-e1716452863816.jpg","datePublished":"2024-05-23T08:26:33+00:00","dateModified":"2024-07-16T11:57:23+00:00","description":"Kama Sutra atsirado prie\u0161 2000 met\u0173 \u0161ventajame Benareso mieste prie Gango up\u0117s. Para\u0161yta ind\u0173 i\u0161min\u010diaus Vatsjajanos Kama Sutra yra kur kas daugiau nei seksualini\u0173 poz\u0173 rinkinys. Grei\u010diau tai - tvarkingos ir kult\u016bringos visuomen\u0117s gyvenimo supratimas. Kama Sutra - intymus vadovas, pateikiantis pir\u0161lyb\u0173 ir vedyb\u0173 taisykles, aptariantis kaip prisitaikyti prie vedybinio gyvenimo ir i\u0161saugoti meil\u0119 bei \u012fvairov\u0119 santuokoje. Trumpoji Kama Sutra suteikia galimyb\u0119 skaityti ne tik parinktas senojo veikalo dalis, bet ir \u0161iuolaikinius jo reik\u0161m\u0117s paai\u0161kinimus. Nuo ritual\u0173 ir tradicij\u0173 iki \u017emonos gyvenimo ir paties meil\u0117s akto. Kiekviena tema iliustruota puikiais ind\u0173 erotinio meno k\u016briniais.","breadcrumb":{"@id":"https:\/\/skaitytaknyga.lt\/produktas\/anne-johnson-trumpoji-kama-sutra\/#breadcrumb"},"inLanguage":"en-GB","potentialAction":[{"@type":"ReadAction","target":["https:\/\/skaitytaknyga.lt\/produktas\/anne-johnson-trumpoji-kama-sutra\/"]}]},{"@type":"ImageObject","inLanguage":"en-GB","@id":"https:\/\/skaitytaknyga.lt\/produktas\/anne-johnson-trumpoji-kama-sutra\/#primaryimage","url":"https:\/\/skaitytaknyga.lt\/wp-content\/uploads\/2024\/05\/veidai_11-625x794_0-e1716452863816.jpg","contentUrl":"https:\/\/skaitytaknyga.lt\/wp-content\/uploads\/2024\/05\/veidai_11-625x794_0-e1716452863816.jpg","width":460,"height":681},{"@type":"BreadcrumbList","@id":"https:\/\/skaitytaknyga.lt\/produktas\/anne-johnson-trumpoji-kama-sutra\/#breadcrumb","itemListElement":[{"@type":"ListItem","position":1,"name":"Home","item":"https:\/\/skaitytaknyga.lt\/"},{"@type":"ListItem","position":2,"name":"Parduotuv\u0117","item":"https:\/\/skaitytaknyga.lt\/knygu-parduotuve\/"},{"@type":"ListItem","position":3,"name":"Anne Johnson \u201eTrumpoji Kama Sutra\u201c"}]},{"@type":"WebSite","@id":"https:\/\/skaitytaknyga.lt\/#website","url":"https:\/\/skaitytaknyga.lt\/","name":"skaitytaknyga.lt","description":"Skaitytaknyga.lt \u2013 tai ma\u017eas \u0161eimos verslas, kuris prasid\u0117jo nuo meil\u0117s knygoms ir siekio i\u0161gelb\u0117ti knygas nuo likimo prie konteinerio. Kas vienam nereikalingas daiktas \u2013 kitam lobis, o mes esame tarpininkai, kurie padeda abiems tapti laimingesniems ???? \u017dinome kaip nelengva i\u0161gyventi ma\u017eiems verslams, tad nuo \u0161iol, \u010dia rasite ir kit\u0173, ma\u017e\u0173 \u0161eim\u0173 versl\u0173, rank\u0173 darbo, dovan\u0173 sau ir artimiesiems.","publisher":{"@id":"https:\/\/skaitytaknyga.lt\/#organization"},"potentialAction":[{"@type":"SearchAction","target":{"@type":"EntryPoint","urlTemplate":"https:\/\/skaitytaknyga.lt\/?s={search_term_string}"},"query-input":{"@type":"PropertyValueSpecification","valueRequired":true,"valueName":"search_term_string"}}],"inLanguage":"en-GB"},{"@type":"Organization","@id":"https:\/\/skaitytaknyga.lt\/#organization","name":"skaitytaknyga.lt","url":"https:\/\/skaitytaknyga.lt\/","logo":{"@type":"ImageObject","inLanguage":"en-GB","@id":"https:\/\/skaitytaknyga.lt\/#\/schema\/logo\/image\/","url":"https:\/\/skaitytaknyga.lt\/wp-content\/uploads\/2024\/05\/cropped-cropped-cropped-02_00843_jt3bggkj1j3HLc7SyY6rEUpg.jpeg","contentUrl":"https:\/\/skaitytaknyga.lt\/wp-content\/uploads\/2024\/05\/cropped-cropped-cropped-02_00843_jt3bggkj1j3HLc7SyY6rEUpg.jpeg","width":1600,"height":1600,"caption":"skaitytaknyga.lt"},"image":{"@id":"https:\/\/skaitytaknyga.lt\/#\/schema\/logo\/image\/"},"sameAs":["https:\/\/www.facebook.com\/skaitytaknyga\/"]}]}},"_links":{"self":[{"href":"https:\/\/skaitytaknyga.lt\/en\/wp-json\/wp\/v2\/product\/11798","targetHints":{"allow":["GET"]}}],"collection":[{"href":"https:\/\/skaitytaknyga.lt\/en\/wp-json\/wp\/v2\/product"}],"about":[{"href":"https:\/\/skaitytaknyga.lt\/en\/wp-json\/wp\/v2\/types\/product"}],"replies":[{"embeddable":true,"href":"https:\/\/skaitytaknyga.lt\/en\/wp-json\/wp\/v2\/comments?post=11798"}],"wp:featuredmedia":[{"embeddable":true,"href":"https:\/\/skaitytaknyga.lt\/en\/wp-json\/wp\/v2\/media\/11799"}],"wp:attachment":[{"href":"https:\/\/skaitytaknyga.lt\/en\/wp-json\/wp\/v2\/media?parent=11798"}],"wp:term":[{"taxonomy":"product_brand","embeddable":true,"href":"https:\/\/skaitytaknyga.lt\/en\/wp-json\/wp\/v2\/product_brand?post=11798"},{"taxonomy":"product_cat","embeddable":true,"href":"https:\/\/skaitytaknyga.lt\/en\/wp-json\/wp\/v2\/product_cat?post=11798"},{"taxonomy":"product_tag","embeddable":true,"href":"https:\/\/skaitytaknyga.lt\/en\/wp-json\/wp\/v2\/product_tag?post=11798"}],"curies":[{"name":"wp","href":"https:\/\/api.w.org\/{rel}","templated":true}]}}