{"id":11788,"date":"2024-05-23T08:05:07","date_gmt":"2024-05-23T08:05:07","guid":{"rendered":"https:\/\/skaitytaknyga.lt\/?post_type=product&#038;p=11788"},"modified":"2026-03-18T12:27:16","modified_gmt":"2026-03-18T10:27:16","slug":"jane-struthers-chiromantijos-knyga","status":"publish","type":"product","link":"https:\/\/skaitytaknyga.lt\/en\/produktas\/jane-struthers-chiromantijos-knyga\/","title":{"rendered":"Jane Struthers \u201eChiromantijos knyga\u201c"},"content":{"rendered":"","protected":false},"excerpt":{"rendered":"<p><strong>Geriausias kaitymo i\u0161 rankos vadovas<\/strong>.<\/p>\n<p>\u0160is i\u0161samus \u012fvadas \u012f chiromantij\u0105 pad\u0117s i\u0161mokti skaityti i\u0161 \u017emoni\u0173 deln\u0173 ir suprasti j\u0173 charakterio ypatybes. \u017dingsnis po \u017eingsnio, pradedant nuo keturi\u0173 skirting\u0173 rankos form\u0173, nagrin\u0117jamos rankos savyb\u0117s, tarp j\u0173 delno kalvos, pir\u0161tai, nyk\u0161\u010diai bei pagrindin\u0117s ir antraeil\u0117s linijos.<\/p>\n<p>I\u0161mok\u0119 atpa\u017einti ir interpretuoti \u012fvairius ant rankos esan\u010dius \u017eenklus, j\u016bs atrasite dalykus, kuriais chiromantija gali praturtinti asmenyb\u0119, sveikat\u0105, santykius ir karjer\u0105. \u0160is patogus vadovas pad\u0117s suprasti kito \u017emogaus po\u017ei\u016br\u012f \u012f meil\u0117s nuotykius ir aistr\u0105, atskleisti jo profesin\u0117s veiklos galimybes, talentus ir gabumus. I\u0161moksite analizuoti ir skaityti i\u0161 savo, savo draug\u0173 bei \u0161eimos nari\u0173 rank\u0173.<\/p>\n","protected":false},"featured_media":11789,"comment_status":"closed","ping_status":"closed","template":"","meta":{"_acf_changed":false,"site-sidebar-layout":"default","site-content-layout":"","ast-site-content-layout":"default","site-content-style":"default","site-sidebar-style":"default","ast-global-header-display":"","ast-banner-title-visibility":"","ast-main-header-display":"","ast-hfb-above-header-display":"","ast-hfb-below-header-display":"","ast-hfb-mobile-header-display":"","site-post-title":"","ast-breadcrumbs-content":"","ast-featured-img":"","footer-sml-layout":"","ast-disable-related-posts":"","theme-transparent-header-meta":"","adv-header-id-meta":"","stick-header-meta":"","header-above-stick-meta":"","header-main-stick-meta":"","header-below-stick-meta":"","astra-migrate-meta-layouts":"default","ast-page-background-enabled":"default","ast-page-background-meta":{"desktop":{"background-color":"","background-image":"","background-repeat":"repeat","background-position":"center center","background-size":"auto","background-attachment":"scroll","background-type":"","background-media":"","overlay-type":"","overlay-color":"","overlay-opacity":"","overlay-gradient":""},"tablet":{"background-color":"","background-image":"","background-repeat":"repeat","background-position":"center center","background-size":"auto","background-attachment":"scroll","background-type":"","background-media":"","overlay-type":"","overlay-color":"","overlay-opacity":"","overlay-gradient":""},"mobile":{"background-color":"","background-image":"","background-repeat":"repeat","background-position":"center center","background-size":"auto","background-attachment":"scroll","background-type":"","background-media":"","overlay-type":"","overlay-color":"","overlay-opacity":"","overlay-gradient":""}},"ast-content-background-meta":{"desktop":{"background-color":"var(--ast-global-color-4)","background-image":"","background-repeat":"repeat","background-position":"center center","background-size":"auto","background-attachment":"scroll","background-type":"","background-media":"","overlay-type":"","overlay-color":"","overlay-opacity":"","overlay-gradient":""},"tablet":{"background-color":"var(--ast-global-color-4)","background-image":"","background-repeat":"repeat","background-position":"center center","background-size":"auto","background-attachment":"scroll","background-type":"","background-media":"","overlay-type":"","overlay-color":"","overlay-opacity":"","overlay-gradient":""},"mobile":{"background-color":"var(--ast-global-color-4)","background-image":"","background-repeat":"repeat","background-position":"center center","background-size":"auto","background-attachment":"scroll","background-type":"","background-media":"","overlay-type":"","overlay-color":"","overlay-opacity":"","overlay-gradient":""}}},"product_brand":[],"product_cat":[9738],"product_tag":[],"class_list":{"0":"post-11788","1":"product","2":"type-product","3":"status-publish","4":"has-post-thumbnail","6":"product_cat-ezoterika","7":"desktop-align-left","8":"tablet-align-left","9":"mobile-align-left","11":"first","12":"outofstock","13":"shipping-taxable","14":"purchasable","15":"product-type-simple"},"acf":[],"yoast_head":"<!-- This site is optimized with the Yoast SEO plugin v27.0 - https:\/\/yoast.com\/product\/yoast-seo-wordpress\/ -->\n<title>Jane Struthers \u201eChiromantijos knyga\u201c<\/title>\n<meta name=\"description\" content=\"Geriausias kaitymo i\u0161 rankos vadovas.  \u0160is i\u0161samus \u012fvadas \u012f chiromantij\u0105 pad\u0117s i\u0161mokti skaityti i\u0161 \u017emoni\u0173 deln\u0173 ir suprasti j\u0173 charakterio ypatybes. \u017dingsnis po \u017eingsnio, pradedant nuo keturi\u0173 skirting\u0173 rankos form\u0173, nagrin\u0117jamos rankos savyb\u0117s, tarp j\u0173 delno kalvos, pir\u0161tai, nyk\u0161\u010diai bei pagrindin\u0117s ir antraeil\u0117s linijos.  I\u0161mok\u0119 atpa\u017einti ir interpretuoti \u012fvairius ant rankos esan\u010dius \u017eenklus, j\u016bs atrasite dalykus, kuriais chiromantija gali praturtinti asmenyb\u0119, sveikat\u0105, santykius ir karjer\u0105. \u0160is patogus vadovas pad\u0117s suprasti kito \u017emogaus po\u017ei\u016br\u012f \u012f meil\u0117s nuotykius ir aistr\u0105, atskleisti jo profesin\u0117s veiklos galimybes, talentus ir gabumus. I\u0161moksite analizuoti ir skaityti i\u0161 savo, savo draug\u0173 bei \u0161eimos nari\u0173 rank\u0173.\" \/>\n<meta name=\"robots\" content=\"index, follow, max-snippet:-1, max-image-preview:large, max-video-preview:-1\" \/>\n<link rel=\"canonical\" href=\"https:\/\/skaitytaknyga.lt\/en\/produktas\/jane-struthers-chiromantijos-knyga\/\" \/>\n<meta property=\"og:locale\" content=\"en_GB\" \/>\n<meta property=\"og:locale:alternate\" content=\"lt_LT\" \/>\n<meta property=\"og:type\" content=\"article\" \/>\n<meta property=\"og:title\" content=\"Jane Struthers \u201eChiromantijos knyga\u201c\" \/>\n<meta property=\"og:description\" content=\"Geriausias kaitymo i\u0161 rankos vadovas.  \u0160is i\u0161samus \u012fvadas \u012f chiromantij\u0105 pad\u0117s i\u0161mokti skaityti i\u0161 \u017emoni\u0173 deln\u0173 ir suprasti j\u0173 charakterio ypatybes. \u017dingsnis po \u017eingsnio, pradedant nuo keturi\u0173 skirting\u0173 rankos form\u0173, nagrin\u0117jamos rankos savyb\u0117s, tarp j\u0173 delno kalvos, pir\u0161tai, nyk\u0161\u010diai bei pagrindin\u0117s ir antraeil\u0117s linijos.  I\u0161mok\u0119 atpa\u017einti ir interpretuoti \u012fvairius ant rankos esan\u010dius \u017eenklus, j\u016bs atrasite dalykus, kuriais chiromantija gali praturtinti asmenyb\u0119, sveikat\u0105, santykius ir karjer\u0105. \u0160is patogus vadovas pad\u0117s suprasti kito \u017emogaus po\u017ei\u016br\u012f \u012f meil\u0117s nuotykius ir aistr\u0105, atskleisti jo profesin\u0117s veiklos galimybes, talentus ir gabumus. I\u0161moksite analizuoti ir skaityti i\u0161 savo, savo draug\u0173 bei \u0161eimos nari\u0173 rank\u0173.\" \/>\n<meta property=\"og:url\" content=\"https:\/\/skaitytaknyga.lt\/en\/produktas\/jane-struthers-chiromantijos-knyga\/\" \/>\n<meta property=\"og:site_name\" content=\"Skaitytaknyga\" \/>\n<meta property=\"article:publisher\" content=\"https:\/\/www.facebook.com\/skaitytaknyga\/\" \/>\n<meta property=\"article:modified_time\" content=\"2026-03-18T10:27:16+00:00\" \/>\n<meta property=\"og:image\" content=\"https:\/\/skaitytaknyga.lt\/wp-content\/uploads\/2024\/05\/Be-pavadinimo-38.png\" \/>\n\t<meta property=\"og:image:width\" content=\"455\" \/>\n\t<meta property=\"og:image:height\" content=\"537\" \/>\n\t<meta property=\"og:image:type\" content=\"image\/png\" \/>\n<meta name=\"twitter:card\" content=\"summary_large_image\" \/>\n<script type=\"application\/ld+json\" class=\"yoast-schema-graph\">{\"@context\":\"https:\/\/schema.org\",\"@graph\":[{\"@type\":\"WebPage\",\"@id\":\"https:\/\/skaitytaknyga.lt\/produktas\/jane-struthers-chiromantijos-knyga\/\",\"url\":\"https:\/\/skaitytaknyga.lt\/produktas\/jane-struthers-chiromantijos-knyga\/\",\"name\":\"Jane Struthers \u201eChiromantijos knyga\u201c\",\"isPartOf\":{\"@id\":\"https:\/\/skaitytaknyga.lt\/#website\"},\"primaryImageOfPage\":{\"@id\":\"https:\/\/skaitytaknyga.lt\/produktas\/jane-struthers-chiromantijos-knyga\/#primaryimage\"},\"image\":{\"@id\":\"https:\/\/skaitytaknyga.lt\/produktas\/jane-struthers-chiromantijos-knyga\/#primaryimage\"},\"thumbnailUrl\":\"https:\/\/skaitytaknyga.lt\/wp-content\/uploads\/2024\/05\/Be-pavadinimo-38.png\",\"datePublished\":\"2024-05-23T08:05:07+00:00\",\"dateModified\":\"2026-03-18T10:27:16+00:00\",\"description\":\"Geriausias kaitymo i\u0161 rankos vadovas. \u0160is i\u0161samus \u012fvadas \u012f chiromantij\u0105 pad\u0117s i\u0161mokti skaityti i\u0161 \u017emoni\u0173 deln\u0173 ir suprasti j\u0173 charakterio ypatybes. \u017dingsnis po \u017eingsnio, pradedant nuo keturi\u0173 skirting\u0173 rankos form\u0173, nagrin\u0117jamos rankos savyb\u0117s, tarp j\u0173 delno kalvos, pir\u0161tai, nyk\u0161\u010diai bei pagrindin\u0117s ir antraeil\u0117s linijos. I\u0161mok\u0119 atpa\u017einti ir interpretuoti \u012fvairius ant rankos esan\u010dius \u017eenklus, j\u016bs atrasite dalykus, kuriais chiromantija gali praturtinti asmenyb\u0119, sveikat\u0105, santykius ir karjer\u0105. \u0160is patogus vadovas pad\u0117s suprasti kito \u017emogaus po\u017ei\u016br\u012f \u012f meil\u0117s nuotykius ir aistr\u0105, atskleisti jo profesin\u0117s veiklos galimybes, talentus ir gabumus. I\u0161moksite analizuoti ir skaityti i\u0161 savo, savo draug\u0173 bei \u0161eimos nari\u0173 rank\u0173.\",\"breadcrumb\":{\"@id\":\"https:\/\/skaitytaknyga.lt\/produktas\/jane-struthers-chiromantijos-knyga\/#breadcrumb\"},\"inLanguage\":\"en-GB\",\"potentialAction\":[{\"@type\":\"ReadAction\",\"target\":[\"https:\/\/skaitytaknyga.lt\/produktas\/jane-struthers-chiromantijos-knyga\/\"]}]},{\"@type\":\"ImageObject\",\"inLanguage\":\"en-GB\",\"@id\":\"https:\/\/skaitytaknyga.lt\/produktas\/jane-struthers-chiromantijos-knyga\/#primaryimage\",\"url\":\"https:\/\/skaitytaknyga.lt\/wp-content\/uploads\/2024\/05\/Be-pavadinimo-38.png\",\"contentUrl\":\"https:\/\/skaitytaknyga.lt\/wp-content\/uploads\/2024\/05\/Be-pavadinimo-38.png\",\"width\":455,\"height\":537,\"caption\":\"Chiromantijos knyga\"},{\"@type\":\"BreadcrumbList\",\"@id\":\"https:\/\/skaitytaknyga.lt\/produktas\/jane-struthers-chiromantijos-knyga\/#breadcrumb\",\"itemListElement\":[{\"@type\":\"ListItem\",\"position\":1,\"name\":\"Home\",\"item\":\"https:\/\/skaitytaknyga.lt\/\"},{\"@type\":\"ListItem\",\"position\":2,\"name\":\"Parduotuv\u0117\",\"item\":\"https:\/\/skaitytaknyga.lt\/knygu-parduotuve\/\"},{\"@type\":\"ListItem\",\"position\":3,\"name\":\"Jane Struthers \u201eChiromantijos knyga\u201c\"}]},{\"@type\":\"WebSite\",\"@id\":\"https:\/\/skaitytaknyga.lt\/#website\",\"url\":\"https:\/\/skaitytaknyga.lt\/\",\"name\":\"skaitytaknyga.lt\",\"description\":\"Skaitytaknyga.lt \u2013 tai ma\u017eas \u0161eimos verslas, kuris prasid\u0117jo nuo meil\u0117s knygoms ir siekio i\u0161gelb\u0117ti knygas nuo likimo prie konteinerio. Kas vienam nereikalingas daiktas \u2013 kitam lobis, o mes esame tarpininkai, kurie padeda abiems tapti laimingesniems ???? \u017dinome kaip nelengva i\u0161gyventi ma\u017eiems verslams, tad nuo \u0161iol, \u010dia rasite ir kit\u0173, ma\u017e\u0173 \u0161eim\u0173 versl\u0173, rank\u0173 darbo, dovan\u0173 sau ir artimiesiems.\",\"publisher\":{\"@id\":\"https:\/\/skaitytaknyga.lt\/#organization\"},\"potentialAction\":[{\"@type\":\"SearchAction\",\"target\":{\"@type\":\"EntryPoint\",\"urlTemplate\":\"https:\/\/skaitytaknyga.lt\/?s={search_term_string}\"},\"query-input\":{\"@type\":\"PropertyValueSpecification\",\"valueRequired\":true,\"valueName\":\"search_term_string\"}}],\"inLanguage\":\"en-GB\"},{\"@type\":\"Organization\",\"@id\":\"https:\/\/skaitytaknyga.lt\/#organization\",\"name\":\"skaitytaknyga.lt\",\"url\":\"https:\/\/skaitytaknyga.lt\/\",\"logo\":{\"@type\":\"ImageObject\",\"inLanguage\":\"en-GB\",\"@id\":\"https:\/\/skaitytaknyga.lt\/#\/schema\/logo\/image\/\",\"url\":\"https:\/\/skaitytaknyga.lt\/wp-content\/uploads\/2024\/05\/cropped-cropped-cropped-02_00843_jt3bggkj1j3HLc7SyY6rEUpg.jpeg\",\"contentUrl\":\"https:\/\/skaitytaknyga.lt\/wp-content\/uploads\/2024\/05\/cropped-cropped-cropped-02_00843_jt3bggkj1j3HLc7SyY6rEUpg.jpeg\",\"width\":1600,\"height\":1600,\"caption\":\"skaitytaknyga.lt\"},\"image\":{\"@id\":\"https:\/\/skaitytaknyga.lt\/#\/schema\/logo\/image\/\"},\"sameAs\":[\"https:\/\/www.facebook.com\/skaitytaknyga\/\"]}]}<\/script>\n<!-- \/ Yoast SEO plugin. -->","yoast_head_json":{"title":"Jane Struthers \u201eChiromantijos knyga\u201c","description":"Geriausias kaitymo i\u0161 rankos vadovas.  \u0160is i\u0161samus \u012fvadas \u012f chiromantij\u0105 pad\u0117s i\u0161mokti skaityti i\u0161 \u017emoni\u0173 deln\u0173 ir suprasti j\u0173 charakterio ypatybes. \u017dingsnis po \u017eingsnio, pradedant nuo keturi\u0173 skirting\u0173 rankos form\u0173, nagrin\u0117jamos rankos savyb\u0117s, tarp j\u0173 delno kalvos, pir\u0161tai, nyk\u0161\u010diai bei pagrindin\u0117s ir antraeil\u0117s linijos.  I\u0161mok\u0119 atpa\u017einti ir interpretuoti \u012fvairius ant rankos esan\u010dius \u017eenklus, j\u016bs atrasite dalykus, kuriais chiromantija gali praturtinti asmenyb\u0119, sveikat\u0105, santykius ir karjer\u0105. \u0160is patogus vadovas pad\u0117s suprasti kito \u017emogaus po\u017ei\u016br\u012f \u012f meil\u0117s nuotykius ir aistr\u0105, atskleisti jo profesin\u0117s veiklos galimybes, talentus ir gabumus. I\u0161moksite analizuoti ir skaityti i\u0161 savo, savo draug\u0173 bei \u0161eimos nari\u0173 rank\u0173.","robots":{"index":"index","follow":"follow","max-snippet":"max-snippet:-1","max-image-preview":"max-image-preview:large","max-video-preview":"max-video-preview:-1"},"canonical":"https:\/\/skaitytaknyga.lt\/en\/produktas\/jane-struthers-chiromantijos-knyga\/","og_locale":"en_GB","og_type":"article","og_title":"[:lt]Jane Struthers \u201eChiromantijos knyga\u201c[:] - Skaitytaknyga","og_description":"Geriausias kaitymo i\u0161 rankos vadovas.  \u0160is i\u0161samus \u012fvadas \u012f chiromantij\u0105 pad\u0117s i\u0161mokti skaityti i\u0161 \u017emoni\u0173 deln\u0173 ir suprasti j\u0173 charakterio ypatybes. \u017dingsnis po \u017eingsnio, pradedant nuo keturi\u0173 skirting\u0173 rankos form\u0173, nagrin\u0117jamos rankos savyb\u0117s, tarp j\u0173 delno kalvos, pir\u0161tai, nyk\u0161\u010diai bei pagrindin\u0117s ir antraeil\u0117s linijos.  I\u0161mok\u0119 atpa\u017einti ir interpretuoti \u012fvairius ant rankos esan\u010dius \u017eenklus, j\u016bs atrasite dalykus, kuriais chiromantija gali praturtinti asmenyb\u0119, sveikat\u0105, santykius ir karjer\u0105. \u0160is patogus vadovas pad\u0117s suprasti kito \u017emogaus po\u017ei\u016br\u012f \u012f meil\u0117s nuotykius ir aistr\u0105, atskleisti jo profesin\u0117s veiklos galimybes, talentus ir gabumus. I\u0161moksite analizuoti ir skaityti i\u0161 savo, savo draug\u0173 bei \u0161eimos nari\u0173 rank\u0173.","og_url":"https:\/\/skaitytaknyga.lt\/en\/produktas\/jane-struthers-chiromantijos-knyga\/","og_site_name":"Skaitytaknyga","article_publisher":"https:\/\/www.facebook.com\/skaitytaknyga\/","article_modified_time":"2026-03-18T10:27:16+00:00","og_image":[{"width":455,"height":537,"url":"https:\/\/skaitytaknyga.lt\/wp-content\/uploads\/2024\/05\/Be-pavadinimo-38.png","type":"image\/png"}],"twitter_card":"summary_large_image","schema":{"@context":"https:\/\/schema.org","@graph":[{"@type":"WebPage","@id":"https:\/\/skaitytaknyga.lt\/produktas\/jane-struthers-chiromantijos-knyga\/","url":"https:\/\/skaitytaknyga.lt\/produktas\/jane-struthers-chiromantijos-knyga\/","name":"Jane Struthers \u201eChiromantijos knyga\u201c","isPartOf":{"@id":"https:\/\/skaitytaknyga.lt\/#website"},"primaryImageOfPage":{"@id":"https:\/\/skaitytaknyga.lt\/produktas\/jane-struthers-chiromantijos-knyga\/#primaryimage"},"image":{"@id":"https:\/\/skaitytaknyga.lt\/produktas\/jane-struthers-chiromantijos-knyga\/#primaryimage"},"thumbnailUrl":"https:\/\/skaitytaknyga.lt\/wp-content\/uploads\/2024\/05\/Be-pavadinimo-38.png","datePublished":"2024-05-23T08:05:07+00:00","dateModified":"2026-03-18T10:27:16+00:00","description":"Geriausias kaitymo i\u0161 rankos vadovas. \u0160is i\u0161samus \u012fvadas \u012f chiromantij\u0105 pad\u0117s i\u0161mokti skaityti i\u0161 \u017emoni\u0173 deln\u0173 ir suprasti j\u0173 charakterio ypatybes. \u017dingsnis po \u017eingsnio, pradedant nuo keturi\u0173 skirting\u0173 rankos form\u0173, nagrin\u0117jamos rankos savyb\u0117s, tarp j\u0173 delno kalvos, pir\u0161tai, nyk\u0161\u010diai bei pagrindin\u0117s ir antraeil\u0117s linijos. I\u0161mok\u0119 atpa\u017einti ir interpretuoti \u012fvairius ant rankos esan\u010dius \u017eenklus, j\u016bs atrasite dalykus, kuriais chiromantija gali praturtinti asmenyb\u0119, sveikat\u0105, santykius ir karjer\u0105. \u0160is patogus vadovas pad\u0117s suprasti kito \u017emogaus po\u017ei\u016br\u012f \u012f meil\u0117s nuotykius ir aistr\u0105, atskleisti jo profesin\u0117s veiklos galimybes, talentus ir gabumus. I\u0161moksite analizuoti ir skaityti i\u0161 savo, savo draug\u0173 bei \u0161eimos nari\u0173 rank\u0173.","breadcrumb":{"@id":"https:\/\/skaitytaknyga.lt\/produktas\/jane-struthers-chiromantijos-knyga\/#breadcrumb"},"inLanguage":"en-GB","potentialAction":[{"@type":"ReadAction","target":["https:\/\/skaitytaknyga.lt\/produktas\/jane-struthers-chiromantijos-knyga\/"]}]},{"@type":"ImageObject","inLanguage":"en-GB","@id":"https:\/\/skaitytaknyga.lt\/produktas\/jane-struthers-chiromantijos-knyga\/#primaryimage","url":"https:\/\/skaitytaknyga.lt\/wp-content\/uploads\/2024\/05\/Be-pavadinimo-38.png","contentUrl":"https:\/\/skaitytaknyga.lt\/wp-content\/uploads\/2024\/05\/Be-pavadinimo-38.png","width":455,"height":537,"caption":"Chiromantijos knyga"},{"@type":"BreadcrumbList","@id":"https:\/\/skaitytaknyga.lt\/produktas\/jane-struthers-chiromantijos-knyga\/#breadcrumb","itemListElement":[{"@type":"ListItem","position":1,"name":"Home","item":"https:\/\/skaitytaknyga.lt\/"},{"@type":"ListItem","position":2,"name":"Parduotuv\u0117","item":"https:\/\/skaitytaknyga.lt\/knygu-parduotuve\/"},{"@type":"ListItem","position":3,"name":"Jane Struthers \u201eChiromantijos knyga\u201c"}]},{"@type":"WebSite","@id":"https:\/\/skaitytaknyga.lt\/#website","url":"https:\/\/skaitytaknyga.lt\/","name":"skaitytaknyga.lt","description":"Skaitytaknyga.lt \u2013 tai ma\u017eas \u0161eimos verslas, kuris prasid\u0117jo nuo meil\u0117s knygoms ir siekio i\u0161gelb\u0117ti knygas nuo likimo prie konteinerio. Kas vienam nereikalingas daiktas \u2013 kitam lobis, o mes esame tarpininkai, kurie padeda abiems tapti laimingesniems ???? \u017dinome kaip nelengva i\u0161gyventi ma\u017eiems verslams, tad nuo \u0161iol, \u010dia rasite ir kit\u0173, ma\u017e\u0173 \u0161eim\u0173 versl\u0173, rank\u0173 darbo, dovan\u0173 sau ir artimiesiems.","publisher":{"@id":"https:\/\/skaitytaknyga.lt\/#organization"},"potentialAction":[{"@type":"SearchAction","target":{"@type":"EntryPoint","urlTemplate":"https:\/\/skaitytaknyga.lt\/?s={search_term_string}"},"query-input":{"@type":"PropertyValueSpecification","valueRequired":true,"valueName":"search_term_string"}}],"inLanguage":"en-GB"},{"@type":"Organization","@id":"https:\/\/skaitytaknyga.lt\/#organization","name":"skaitytaknyga.lt","url":"https:\/\/skaitytaknyga.lt\/","logo":{"@type":"ImageObject","inLanguage":"en-GB","@id":"https:\/\/skaitytaknyga.lt\/#\/schema\/logo\/image\/","url":"https:\/\/skaitytaknyga.lt\/wp-content\/uploads\/2024\/05\/cropped-cropped-cropped-02_00843_jt3bggkj1j3HLc7SyY6rEUpg.jpeg","contentUrl":"https:\/\/skaitytaknyga.lt\/wp-content\/uploads\/2024\/05\/cropped-cropped-cropped-02_00843_jt3bggkj1j3HLc7SyY6rEUpg.jpeg","width":1600,"height":1600,"caption":"skaitytaknyga.lt"},"image":{"@id":"https:\/\/skaitytaknyga.lt\/#\/schema\/logo\/image\/"},"sameAs":["https:\/\/www.facebook.com\/skaitytaknyga\/"]}]}},"_links":{"self":[{"href":"https:\/\/skaitytaknyga.lt\/en\/wp-json\/wp\/v2\/product\/11788","targetHints":{"allow":["GET"]}}],"collection":[{"href":"https:\/\/skaitytaknyga.lt\/en\/wp-json\/wp\/v2\/product"}],"about":[{"href":"https:\/\/skaitytaknyga.lt\/en\/wp-json\/wp\/v2\/types\/product"}],"replies":[{"embeddable":true,"href":"https:\/\/skaitytaknyga.lt\/en\/wp-json\/wp\/v2\/comments?post=11788"}],"wp:featuredmedia":[{"embeddable":true,"href":"https:\/\/skaitytaknyga.lt\/en\/wp-json\/wp\/v2\/media\/11789"}],"wp:attachment":[{"href":"https:\/\/skaitytaknyga.lt\/en\/wp-json\/wp\/v2\/media?parent=11788"}],"wp:term":[{"taxonomy":"product_brand","embeddable":true,"href":"https:\/\/skaitytaknyga.lt\/en\/wp-json\/wp\/v2\/product_brand?post=11788"},{"taxonomy":"product_cat","embeddable":true,"href":"https:\/\/skaitytaknyga.lt\/en\/wp-json\/wp\/v2\/product_cat?post=11788"},{"taxonomy":"product_tag","embeddable":true,"href":"https:\/\/skaitytaknyga.lt\/en\/wp-json\/wp\/v2\/product_tag?post=11788"}],"curies":[{"name":"wp","href":"https:\/\/api.w.org\/{rel}","templated":true}]}}