{"id":11784,"date":"2024-05-23T07:54:49","date_gmt":"2024-05-23T07:54:49","guid":{"rendered":"https:\/\/skaitytaknyga.lt\/?post_type=product&#038;p=11784"},"modified":"2024-07-04T18:55:44","modified_gmt":"2024-07-04T15:55:44","slug":"pasikliaukite-savo-jegomis","status":"publish","type":"product","link":"https:\/\/skaitytaknyga.lt\/en\/produktas\/pasikliaukite-savo-jegomis\/","title":{"rendered":"Johanna Paungger, Thomas Poppe \u201ePasikliaukite savo j\u0117gomis: sveikata ir gydymas gamtos bei M\u0117nulio ritmu\u201c"},"content":{"rendered":"","protected":false},"excerpt":{"rendered":"<ul>\n<li>M\u0117nulio ritm\u0173 galios ir menas veikti tinkamu laiku<\/li>\n<li>Sveika mityba, organizmo ritmai ir sveikas b\u016bstas<\/li>\n<li>Min\u010di\u0173 j\u0117gos \u012ftaka k\u016bnui ir sielai<\/li>\n<\/ul>\n<p>B\u016bti sveikiems ir pasveikti pasitelkiant savo pa\u010di\u0173 j\u0117gas, remiantis asmenine patirtimi, turin\u010dia \u012ftakos sveikatai.<\/p>\n<p>Knygoje, remiantis senov\u0117s i\u0161mintimi apie gamtos d\u0117snius ir ritmus, nurodomas kelias \u012f sveik\u0105 visavert\u012f gyvenim\u0105.<\/p>\n<p>Skirta puosel\u0117ti ir stiprinti sveikat\u0105 savo pastangomis. Autoriai siekia suteikti \u017eini\u0173, kurios galb\u016bt lyd\u0117s jus vis\u0105 gyvenim\u0105. Jos tiesiogiai ir asmeni\u0161kai leis patirti tai, kas stiprina ar silpnina k\u016bn\u0105 ir siel\u0105.<\/p>\n","protected":false},"featured_media":11785,"comment_status":"closed","ping_status":"closed","template":"","meta":{"_acf_changed":false,"site-sidebar-layout":"default","site-content-layout":"","ast-site-content-layout":"default","site-content-style":"default","site-sidebar-style":"default","ast-global-header-display":"","ast-banner-title-visibility":"","ast-main-header-display":"","ast-hfb-above-header-display":"","ast-hfb-below-header-display":"","ast-hfb-mobile-header-display":"","site-post-title":"","ast-breadcrumbs-content":"","ast-featured-img":"","footer-sml-layout":"","ast-disable-related-posts":"","theme-transparent-header-meta":"","adv-header-id-meta":"","stick-header-meta":"","header-above-stick-meta":"","header-main-stick-meta":"","header-below-stick-meta":"","astra-migrate-meta-layouts":"default","ast-page-background-enabled":"default","ast-page-background-meta":{"desktop":{"background-color":"","background-image":"","background-repeat":"repeat","background-position":"center center","background-size":"auto","background-attachment":"scroll","background-type":"","background-media":"","overlay-type":"","overlay-color":"","overlay-opacity":"","overlay-gradient":""},"tablet":{"background-color":"","background-image":"","background-repeat":"repeat","background-position":"center center","background-size":"auto","background-attachment":"scroll","background-type":"","background-media":"","overlay-type":"","overlay-color":"","overlay-opacity":"","overlay-gradient":""},"mobile":{"background-color":"","background-image":"","background-repeat":"repeat","background-position":"center center","background-size":"auto","background-attachment":"scroll","background-type":"","background-media":"","overlay-type":"","overlay-color":"","overlay-opacity":"","overlay-gradient":""}},"ast-content-background-meta":{"desktop":{"background-color":"var(--ast-global-color-4)","background-image":"","background-repeat":"repeat","background-position":"center center","background-size":"auto","background-attachment":"scroll","background-type":"","background-media":"","overlay-type":"","overlay-color":"","overlay-opacity":"","overlay-gradient":""},"tablet":{"background-color":"var(--ast-global-color-4)","background-image":"","background-repeat":"repeat","background-position":"center center","background-size":"auto","background-attachment":"scroll","background-type":"","background-media":"","overlay-type":"","overlay-color":"","overlay-opacity":"","overlay-gradient":""},"mobile":{"background-color":"var(--ast-global-color-4)","background-image":"","background-repeat":"repeat","background-position":"center center","background-size":"auto","background-attachment":"scroll","background-type":"","background-media":"","overlay-type":"","overlay-color":"","overlay-opacity":"","overlay-gradient":""}}},"product_brand":[],"product_cat":[55],"product_tag":[],"class_list":{"0":"post-11784","1":"product","2":"type-product","3":"status-publish","4":"has-post-thumbnail","6":"product_cat-sveikata-ir-sveika-mityba","7":"desktop-align-left","8":"tablet-align-left","9":"mobile-align-left","11":"first","12":"outofstock","13":"shipping-taxable","14":"purchasable","15":"product-type-simple"},"acf":[],"yoast_head":"<!-- This site is optimized with the Yoast SEO plugin v27.0 - https:\/\/yoast.com\/product\/yoast-seo-wordpress\/ -->\n<title>Johanna Paungger, Thomas Poppe \u201ePasikliaukite savo j\u0117gomis: sveikata ir gydymas gamtos bei M\u0117nulio ritmu\u201c<\/title>\n<meta name=\"description\" content=\"M\u0117nulio ritm\u0173 galios ir menas veikti tinkamu laiku  Sveika mityba, organizmo ritmai ir sveikas b\u016bstas  Min\u010di\u0173 j\u0117gos \u012ftaka k\u016bnui ir sielai  B\u016bti sveikiems ir pasveikti pasitelkiant savo pa\u010di\u0173 j\u0117gas, remiantis asmenine patirtimi, turin\u010dia \u012ftakos sveikatai.  Knygoje, remiantis senov\u0117s i\u0161mintimi apie gamtos d\u0117snius ir ritmus, nurodomas kelias \u012f sveik\u0105 visavert\u012f gyvenim\u0105.  Skirta puosel\u0117ti ir stiprinti sveikat\u0105 savo pastangomis. Autoriai siekia suteikti \u017eini\u0173, kurios galb\u016bt lyd\u0117s jus vis\u0105 gyvenim\u0105. Jos tiesiogiai ir asmeni\u0161kai leis patirti tai, kas stiprina ar silpnina k\u016bn\u0105 ir siel\u0105.\" \/>\n<meta name=\"robots\" content=\"index, follow, max-snippet:-1, max-image-preview:large, max-video-preview:-1\" \/>\n<link rel=\"canonical\" href=\"https:\/\/skaitytaknyga.lt\/en\/produktas\/pasikliaukite-savo-jegomis\/\" \/>\n<meta property=\"og:locale\" content=\"en_GB\" \/>\n<meta property=\"og:locale:alternate\" content=\"lt_LT\" \/>\n<meta property=\"og:type\" content=\"article\" \/>\n<meta property=\"og:title\" content=\"Johanna Paungger, Thomas Poppe \u201ePasikliaukite savo j\u0117gomis: sveikata ir gydymas gamtos bei M\u0117nulio ritmu\u201c\" \/>\n<meta property=\"og:description\" content=\"M\u0117nulio ritm\u0173 galios ir menas veikti tinkamu laiku  Sveika mityba, organizmo ritmai ir sveikas b\u016bstas  Min\u010di\u0173 j\u0117gos \u012ftaka k\u016bnui ir sielai  B\u016bti sveikiems ir pasveikti pasitelkiant savo pa\u010di\u0173 j\u0117gas, remiantis asmenine patirtimi, turin\u010dia \u012ftakos sveikatai.  Knygoje, remiantis senov\u0117s i\u0161mintimi apie gamtos d\u0117snius ir ritmus, nurodomas kelias \u012f sveik\u0105 visavert\u012f gyvenim\u0105.  Skirta puosel\u0117ti ir stiprinti sveikat\u0105 savo pastangomis. Autoriai siekia suteikti \u017eini\u0173, kurios galb\u016bt lyd\u0117s jus vis\u0105 gyvenim\u0105. Jos tiesiogiai ir asmeni\u0161kai leis patirti tai, kas stiprina ar silpnina k\u016bn\u0105 ir siel\u0105.\" \/>\n<meta property=\"og:url\" content=\"https:\/\/skaitytaknyga.lt\/en\/produktas\/pasikliaukite-savo-jegomis\/\" \/>\n<meta property=\"og:site_name\" content=\"Skaitytaknyga\" \/>\n<meta property=\"article:publisher\" content=\"https:\/\/www.facebook.com\/skaitytaknyga\/\" \/>\n<meta property=\"article:modified_time\" content=\"2024-07-04T15:55:44+00:00\" \/>\n<meta property=\"og:image\" content=\"https:\/\/skaitytaknyga.lt\/wp-content\/uploads\/2024\/05\/Be-pavadinimo-37.png\" \/>\n\t<meta property=\"og:image:width\" content=\"238\" \/>\n\t<meta property=\"og:image:height\" content=\"360\" \/>\n\t<meta property=\"og:image:type\" content=\"image\/png\" \/>\n<meta name=\"twitter:card\" content=\"summary_large_image\" \/>\n<script type=\"application\/ld+json\" class=\"yoast-schema-graph\">{\"@context\":\"https:\/\/schema.org\",\"@graph\":[{\"@type\":\"WebPage\",\"@id\":\"https:\/\/skaitytaknyga.lt\/produktas\/pasikliaukite-savo-jegomis\/\",\"url\":\"https:\/\/skaitytaknyga.lt\/produktas\/pasikliaukite-savo-jegomis\/\",\"name\":\"Johanna Paungger, Thomas Poppe \u201ePasikliaukite savo j\u0117gomis: sveikata ir gydymas gamtos bei M\u0117nulio ritmu\u201c\",\"isPartOf\":{\"@id\":\"https:\/\/skaitytaknyga.lt\/#website\"},\"primaryImageOfPage\":{\"@id\":\"https:\/\/skaitytaknyga.lt\/produktas\/pasikliaukite-savo-jegomis\/#primaryimage\"},\"image\":{\"@id\":\"https:\/\/skaitytaknyga.lt\/produktas\/pasikliaukite-savo-jegomis\/#primaryimage\"},\"thumbnailUrl\":\"https:\/\/skaitytaknyga.lt\/wp-content\/uploads\/2024\/05\/Be-pavadinimo-37.png\",\"datePublished\":\"2024-05-23T07:54:49+00:00\",\"dateModified\":\"2024-07-04T15:55:44+00:00\",\"description\":\"M\u0117nulio ritm\u0173 galios ir menas veikti tinkamu laiku Sveika mityba, organizmo ritmai ir sveikas b\u016bstas Min\u010di\u0173 j\u0117gos \u012ftaka k\u016bnui ir sielai B\u016bti sveikiems ir pasveikti pasitelkiant savo pa\u010di\u0173 j\u0117gas, remiantis asmenine patirtimi, turin\u010dia \u012ftakos sveikatai. Knygoje, remiantis senov\u0117s i\u0161mintimi apie gamtos d\u0117snius ir ritmus, nurodomas kelias \u012f sveik\u0105 visavert\u012f gyvenim\u0105. Skirta puosel\u0117ti ir stiprinti sveikat\u0105 savo pastangomis. Autoriai siekia suteikti \u017eini\u0173, kurios galb\u016bt lyd\u0117s jus vis\u0105 gyvenim\u0105. Jos tiesiogiai ir asmeni\u0161kai leis patirti tai, kas stiprina ar silpnina k\u016bn\u0105 ir siel\u0105.\",\"breadcrumb\":{\"@id\":\"https:\/\/skaitytaknyga.lt\/produktas\/pasikliaukite-savo-jegomis\/#breadcrumb\"},\"inLanguage\":\"en-GB\",\"potentialAction\":[{\"@type\":\"ReadAction\",\"target\":[\"https:\/\/skaitytaknyga.lt\/produktas\/pasikliaukite-savo-jegomis\/\"]}]},{\"@type\":\"ImageObject\",\"inLanguage\":\"en-GB\",\"@id\":\"https:\/\/skaitytaknyga.lt\/produktas\/pasikliaukite-savo-jegomis\/#primaryimage\",\"url\":\"https:\/\/skaitytaknyga.lt\/wp-content\/uploads\/2024\/05\/Be-pavadinimo-37.png\",\"contentUrl\":\"https:\/\/skaitytaknyga.lt\/wp-content\/uploads\/2024\/05\/Be-pavadinimo-37.png\",\"width\":238,\"height\":360,\"caption\":\"Pasikliaukite savo j\u0117gomis\"},{\"@type\":\"BreadcrumbList\",\"@id\":\"https:\/\/skaitytaknyga.lt\/produktas\/pasikliaukite-savo-jegomis\/#breadcrumb\",\"itemListElement\":[{\"@type\":\"ListItem\",\"position\":1,\"name\":\"Home\",\"item\":\"https:\/\/skaitytaknyga.lt\/\"},{\"@type\":\"ListItem\",\"position\":2,\"name\":\"Parduotuv\u0117\",\"item\":\"https:\/\/skaitytaknyga.lt\/knygu-parduotuve\/\"},{\"@type\":\"ListItem\",\"position\":3,\"name\":\"Johanna Paungger, Thomas Poppe \u201ePasikliaukite savo j\u0117gomis: sveikata ir gydymas gamtos bei M\u0117nulio ritmu\u201c\"}]},{\"@type\":\"WebSite\",\"@id\":\"https:\/\/skaitytaknyga.lt\/#website\",\"url\":\"https:\/\/skaitytaknyga.lt\/\",\"name\":\"skaitytaknyga.lt\",\"description\":\"Skaitytaknyga.lt \u2013 tai ma\u017eas \u0161eimos verslas, kuris prasid\u0117jo nuo meil\u0117s knygoms ir siekio i\u0161gelb\u0117ti knygas nuo likimo prie konteinerio. Kas vienam nereikalingas daiktas \u2013 kitam lobis, o mes esame tarpininkai, kurie padeda abiems tapti laimingesniems ???? \u017dinome kaip nelengva i\u0161gyventi ma\u017eiems verslams, tad nuo \u0161iol, \u010dia rasite ir kit\u0173, ma\u017e\u0173 \u0161eim\u0173 versl\u0173, rank\u0173 darbo, dovan\u0173 sau ir artimiesiems.\",\"publisher\":{\"@id\":\"https:\/\/skaitytaknyga.lt\/#organization\"},\"potentialAction\":[{\"@type\":\"SearchAction\",\"target\":{\"@type\":\"EntryPoint\",\"urlTemplate\":\"https:\/\/skaitytaknyga.lt\/?s={search_term_string}\"},\"query-input\":{\"@type\":\"PropertyValueSpecification\",\"valueRequired\":true,\"valueName\":\"search_term_string\"}}],\"inLanguage\":\"en-GB\"},{\"@type\":\"Organization\",\"@id\":\"https:\/\/skaitytaknyga.lt\/#organization\",\"name\":\"skaitytaknyga.lt\",\"url\":\"https:\/\/skaitytaknyga.lt\/\",\"logo\":{\"@type\":\"ImageObject\",\"inLanguage\":\"en-GB\",\"@id\":\"https:\/\/skaitytaknyga.lt\/#\/schema\/logo\/image\/\",\"url\":\"https:\/\/skaitytaknyga.lt\/wp-content\/uploads\/2024\/05\/cropped-cropped-cropped-02_00843_jt3bggkj1j3HLc7SyY6rEUpg.jpeg\",\"contentUrl\":\"https:\/\/skaitytaknyga.lt\/wp-content\/uploads\/2024\/05\/cropped-cropped-cropped-02_00843_jt3bggkj1j3HLc7SyY6rEUpg.jpeg\",\"width\":1600,\"height\":1600,\"caption\":\"skaitytaknyga.lt\"},\"image\":{\"@id\":\"https:\/\/skaitytaknyga.lt\/#\/schema\/logo\/image\/\"},\"sameAs\":[\"https:\/\/www.facebook.com\/skaitytaknyga\/\"]}]}<\/script>\n<!-- \/ Yoast SEO plugin. -->","yoast_head_json":{"title":"Johanna Paungger, Thomas Poppe \u201ePasikliaukite savo j\u0117gomis: sveikata ir gydymas gamtos bei M\u0117nulio ritmu\u201c","description":"M\u0117nulio ritm\u0173 galios ir menas veikti tinkamu laiku  Sveika mityba, organizmo ritmai ir sveikas b\u016bstas  Min\u010di\u0173 j\u0117gos \u012ftaka k\u016bnui ir sielai  B\u016bti sveikiems ir pasveikti pasitelkiant savo pa\u010di\u0173 j\u0117gas, remiantis asmenine patirtimi, turin\u010dia \u012ftakos sveikatai.  Knygoje, remiantis senov\u0117s i\u0161mintimi apie gamtos d\u0117snius ir ritmus, nurodomas kelias \u012f sveik\u0105 visavert\u012f gyvenim\u0105.  Skirta puosel\u0117ti ir stiprinti sveikat\u0105 savo pastangomis. Autoriai siekia suteikti \u017eini\u0173, kurios galb\u016bt lyd\u0117s jus vis\u0105 gyvenim\u0105. Jos tiesiogiai ir asmeni\u0161kai leis patirti tai, kas stiprina ar silpnina k\u016bn\u0105 ir siel\u0105.","robots":{"index":"index","follow":"follow","max-snippet":"max-snippet:-1","max-image-preview":"max-image-preview:large","max-video-preview":"max-video-preview:-1"},"canonical":"https:\/\/skaitytaknyga.lt\/en\/produktas\/pasikliaukite-savo-jegomis\/","og_locale":"en_GB","og_type":"article","og_title":"[:lt]Johanna Paungger, Thomas Poppe \u201ePasikliaukite savo j\u0117gomis: sveikata ir gydymas gamtos bei M\u0117nulio ritmu\u201c[:] - Skaitytaknyga","og_description":"M\u0117nulio ritm\u0173 galios ir menas veikti tinkamu laiku  Sveika mityba, organizmo ritmai ir sveikas b\u016bstas  Min\u010di\u0173 j\u0117gos \u012ftaka k\u016bnui ir sielai  B\u016bti sveikiems ir pasveikti pasitelkiant savo pa\u010di\u0173 j\u0117gas, remiantis asmenine patirtimi, turin\u010dia \u012ftakos sveikatai.  Knygoje, remiantis senov\u0117s i\u0161mintimi apie gamtos d\u0117snius ir ritmus, nurodomas kelias \u012f sveik\u0105 visavert\u012f gyvenim\u0105.  Skirta puosel\u0117ti ir stiprinti sveikat\u0105 savo pastangomis. Autoriai siekia suteikti \u017eini\u0173, kurios galb\u016bt lyd\u0117s jus vis\u0105 gyvenim\u0105. Jos tiesiogiai ir asmeni\u0161kai leis patirti tai, kas stiprina ar silpnina k\u016bn\u0105 ir siel\u0105.","og_url":"https:\/\/skaitytaknyga.lt\/en\/produktas\/pasikliaukite-savo-jegomis\/","og_site_name":"Skaitytaknyga","article_publisher":"https:\/\/www.facebook.com\/skaitytaknyga\/","article_modified_time":"2024-07-04T15:55:44+00:00","og_image":[{"width":238,"height":360,"url":"https:\/\/skaitytaknyga.lt\/wp-content\/uploads\/2024\/05\/Be-pavadinimo-37.png","type":"image\/png"}],"twitter_card":"summary_large_image","schema":{"@context":"https:\/\/schema.org","@graph":[{"@type":"WebPage","@id":"https:\/\/skaitytaknyga.lt\/produktas\/pasikliaukite-savo-jegomis\/","url":"https:\/\/skaitytaknyga.lt\/produktas\/pasikliaukite-savo-jegomis\/","name":"Johanna Paungger, Thomas Poppe \u201ePasikliaukite savo j\u0117gomis: sveikata ir gydymas gamtos bei M\u0117nulio ritmu\u201c","isPartOf":{"@id":"https:\/\/skaitytaknyga.lt\/#website"},"primaryImageOfPage":{"@id":"https:\/\/skaitytaknyga.lt\/produktas\/pasikliaukite-savo-jegomis\/#primaryimage"},"image":{"@id":"https:\/\/skaitytaknyga.lt\/produktas\/pasikliaukite-savo-jegomis\/#primaryimage"},"thumbnailUrl":"https:\/\/skaitytaknyga.lt\/wp-content\/uploads\/2024\/05\/Be-pavadinimo-37.png","datePublished":"2024-05-23T07:54:49+00:00","dateModified":"2024-07-04T15:55:44+00:00","description":"M\u0117nulio ritm\u0173 galios ir menas veikti tinkamu laiku Sveika mityba, organizmo ritmai ir sveikas b\u016bstas Min\u010di\u0173 j\u0117gos \u012ftaka k\u016bnui ir sielai B\u016bti sveikiems ir pasveikti pasitelkiant savo pa\u010di\u0173 j\u0117gas, remiantis asmenine patirtimi, turin\u010dia \u012ftakos sveikatai. Knygoje, remiantis senov\u0117s i\u0161mintimi apie gamtos d\u0117snius ir ritmus, nurodomas kelias \u012f sveik\u0105 visavert\u012f gyvenim\u0105. Skirta puosel\u0117ti ir stiprinti sveikat\u0105 savo pastangomis. Autoriai siekia suteikti \u017eini\u0173, kurios galb\u016bt lyd\u0117s jus vis\u0105 gyvenim\u0105. Jos tiesiogiai ir asmeni\u0161kai leis patirti tai, kas stiprina ar silpnina k\u016bn\u0105 ir siel\u0105.","breadcrumb":{"@id":"https:\/\/skaitytaknyga.lt\/produktas\/pasikliaukite-savo-jegomis\/#breadcrumb"},"inLanguage":"en-GB","potentialAction":[{"@type":"ReadAction","target":["https:\/\/skaitytaknyga.lt\/produktas\/pasikliaukite-savo-jegomis\/"]}]},{"@type":"ImageObject","inLanguage":"en-GB","@id":"https:\/\/skaitytaknyga.lt\/produktas\/pasikliaukite-savo-jegomis\/#primaryimage","url":"https:\/\/skaitytaknyga.lt\/wp-content\/uploads\/2024\/05\/Be-pavadinimo-37.png","contentUrl":"https:\/\/skaitytaknyga.lt\/wp-content\/uploads\/2024\/05\/Be-pavadinimo-37.png","width":238,"height":360,"caption":"Pasikliaukite savo j\u0117gomis"},{"@type":"BreadcrumbList","@id":"https:\/\/skaitytaknyga.lt\/produktas\/pasikliaukite-savo-jegomis\/#breadcrumb","itemListElement":[{"@type":"ListItem","position":1,"name":"Home","item":"https:\/\/skaitytaknyga.lt\/"},{"@type":"ListItem","position":2,"name":"Parduotuv\u0117","item":"https:\/\/skaitytaknyga.lt\/knygu-parduotuve\/"},{"@type":"ListItem","position":3,"name":"Johanna Paungger, Thomas Poppe \u201ePasikliaukite savo j\u0117gomis: sveikata ir gydymas gamtos bei M\u0117nulio ritmu\u201c"}]},{"@type":"WebSite","@id":"https:\/\/skaitytaknyga.lt\/#website","url":"https:\/\/skaitytaknyga.lt\/","name":"skaitytaknyga.lt","description":"Skaitytaknyga.lt \u2013 tai ma\u017eas \u0161eimos verslas, kuris prasid\u0117jo nuo meil\u0117s knygoms ir siekio i\u0161gelb\u0117ti knygas nuo likimo prie konteinerio. Kas vienam nereikalingas daiktas \u2013 kitam lobis, o mes esame tarpininkai, kurie padeda abiems tapti laimingesniems ???? \u017dinome kaip nelengva i\u0161gyventi ma\u017eiems verslams, tad nuo \u0161iol, \u010dia rasite ir kit\u0173, ma\u017e\u0173 \u0161eim\u0173 versl\u0173, rank\u0173 darbo, dovan\u0173 sau ir artimiesiems.","publisher":{"@id":"https:\/\/skaitytaknyga.lt\/#organization"},"potentialAction":[{"@type":"SearchAction","target":{"@type":"EntryPoint","urlTemplate":"https:\/\/skaitytaknyga.lt\/?s={search_term_string}"},"query-input":{"@type":"PropertyValueSpecification","valueRequired":true,"valueName":"search_term_string"}}],"inLanguage":"en-GB"},{"@type":"Organization","@id":"https:\/\/skaitytaknyga.lt\/#organization","name":"skaitytaknyga.lt","url":"https:\/\/skaitytaknyga.lt\/","logo":{"@type":"ImageObject","inLanguage":"en-GB","@id":"https:\/\/skaitytaknyga.lt\/#\/schema\/logo\/image\/","url":"https:\/\/skaitytaknyga.lt\/wp-content\/uploads\/2024\/05\/cropped-cropped-cropped-02_00843_jt3bggkj1j3HLc7SyY6rEUpg.jpeg","contentUrl":"https:\/\/skaitytaknyga.lt\/wp-content\/uploads\/2024\/05\/cropped-cropped-cropped-02_00843_jt3bggkj1j3HLc7SyY6rEUpg.jpeg","width":1600,"height":1600,"caption":"skaitytaknyga.lt"},"image":{"@id":"https:\/\/skaitytaknyga.lt\/#\/schema\/logo\/image\/"},"sameAs":["https:\/\/www.facebook.com\/skaitytaknyga\/"]}]}},"_links":{"self":[{"href":"https:\/\/skaitytaknyga.lt\/en\/wp-json\/wp\/v2\/product\/11784","targetHints":{"allow":["GET"]}}],"collection":[{"href":"https:\/\/skaitytaknyga.lt\/en\/wp-json\/wp\/v2\/product"}],"about":[{"href":"https:\/\/skaitytaknyga.lt\/en\/wp-json\/wp\/v2\/types\/product"}],"replies":[{"embeddable":true,"href":"https:\/\/skaitytaknyga.lt\/en\/wp-json\/wp\/v2\/comments?post=11784"}],"wp:featuredmedia":[{"embeddable":true,"href":"https:\/\/skaitytaknyga.lt\/en\/wp-json\/wp\/v2\/media\/11785"}],"wp:attachment":[{"href":"https:\/\/skaitytaknyga.lt\/en\/wp-json\/wp\/v2\/media?parent=11784"}],"wp:term":[{"taxonomy":"product_brand","embeddable":true,"href":"https:\/\/skaitytaknyga.lt\/en\/wp-json\/wp\/v2\/product_brand?post=11784"},{"taxonomy":"product_cat","embeddable":true,"href":"https:\/\/skaitytaknyga.lt\/en\/wp-json\/wp\/v2\/product_cat?post=11784"},{"taxonomy":"product_tag","embeddable":true,"href":"https:\/\/skaitytaknyga.lt\/en\/wp-json\/wp\/v2\/product_tag?post=11784"}],"curies":[{"name":"wp","href":"https:\/\/api.w.org\/{rel}","templated":true}]}}