{"id":11780,"date":"2024-05-23T07:47:01","date_gmt":"2024-05-23T07:47:01","guid":{"rendered":"https:\/\/skaitytaknyga.lt\/?post_type=product&#038;p=11780"},"modified":"2026-03-02T10:48:04","modified_gmt":"2026-03-02T08:48:04","slug":"gary-chapman-penkios-vaiku-meiles-kalbos","status":"publish","type":"product","link":"https:\/\/skaitytaknyga.lt\/en\/produktas\/gary-chapman-penkios-vaiku-meiles-kalbos\/","title":{"rendered":"Gary Chapman \u201ePenkios vaik\u0173 meil\u0117s kalbos\u201c"},"content":{"rendered":"","protected":false},"excerpt":{"rendered":"<p style=\"font-weight: 400\"><a href=\"https:\/\/vaga.lt\/penkios-meiles-kalbos-111149391\"><u>\u201ePenkios meil\u0117s kalbos\u201c\u00a0<\/u><\/a>\u2013 tai savoti\u0161ki meil\u0117s kalb\u0173 kursai t\u0117vams, mokytojams ir kitiems \u017emon\u0117ms, mylintiems vaikus ir dirban\u010diais su jais.<\/p>\n<p style=\"font-weight: 400\">Ilgamet\u0117 abiej\u0173 autori\u0173 \u0161eim\u0173 konsultavimo patirtis, iliustruojama konkre\u010diais pasakojimais, bei i\u0161mintingi patarimai pad\u0117s i\u0161reik\u0161ti meil\u0119 vaikui suprantama meil\u0117s kalba ir pateiks daug pasi\u016blym\u0173, kaip b\u016bti gerais t\u0117vais.<\/p>\n<p style=\"font-weight: 400\">I\u0161mokime savo vaikams suprantama meil\u0117s kalba pasakyti \u201ea\u0161 myliu tave\u201c.<\/p>\n<p style=\"font-weight: 400\">\u017dmoni\u0173 santykiai nuostab\u016bs tuo, kad jie n\u0117ra stati\u0161ki. Visada yra galimyb\u0117 padaryti juos geresnius. Kuriant artimesnius santykius su savo paaugliu ar suaugusiu vaiku gali prireikti nugriauti sienas ir statyti tiltus; tai labai sunkus darbas, bet teikiantis atpild\u0105 darbas.<\/p>\n<p style=\"font-weight: 400\">Knygos autoriai \u2013 pasaulinio pripa\u017einimo sulaukusio bestselerio \u201ePenkios meil\u0117s kalbos\u201c (Alma littera, 2008,) autorius dr. Garis \u010capmanas ir jo ilgametis kolega, 37 metus dirb\u0119s psichiatrijos srityje dr. Rosas Kempbelas.<\/p>\n","protected":false},"featured_media":11781,"comment_status":"closed","ping_status":"closed","template":"","meta":{"_acf_changed":false,"site-sidebar-layout":"default","site-content-layout":"","ast-site-content-layout":"default","site-content-style":"default","site-sidebar-style":"default","ast-global-header-display":"","ast-banner-title-visibility":"","ast-main-header-display":"","ast-hfb-above-header-display":"","ast-hfb-below-header-display":"","ast-hfb-mobile-header-display":"","site-post-title":"","ast-breadcrumbs-content":"","ast-featured-img":"","footer-sml-layout":"","ast-disable-related-posts":"","theme-transparent-header-meta":"","adv-header-id-meta":"","stick-header-meta":"","header-above-stick-meta":"","header-main-stick-meta":"","header-below-stick-meta":"","astra-migrate-meta-layouts":"default","ast-page-background-enabled":"default","ast-page-background-meta":{"desktop":{"background-color":"","background-image":"","background-repeat":"repeat","background-position":"center center","background-size":"auto","background-attachment":"scroll","background-type":"","background-media":"","overlay-type":"","overlay-color":"","overlay-opacity":"","overlay-gradient":""},"tablet":{"background-color":"","background-image":"","background-repeat":"repeat","background-position":"center center","background-size":"auto","background-attachment":"scroll","background-type":"","background-media":"","overlay-type":"","overlay-color":"","overlay-opacity":"","overlay-gradient":""},"mobile":{"background-color":"","background-image":"","background-repeat":"repeat","background-position":"center center","background-size":"auto","background-attachment":"scroll","background-type":"","background-media":"","overlay-type":"","overlay-color":"","overlay-opacity":"","overlay-gradient":""}},"ast-content-background-meta":{"desktop":{"background-color":"var(--ast-global-color-4)","background-image":"","background-repeat":"repeat","background-position":"center center","background-size":"auto","background-attachment":"scroll","background-type":"","background-media":"","overlay-type":"","overlay-color":"","overlay-opacity":"","overlay-gradient":""},"tablet":{"background-color":"var(--ast-global-color-4)","background-image":"","background-repeat":"repeat","background-position":"center center","background-size":"auto","background-attachment":"scroll","background-type":"","background-media":"","overlay-type":"","overlay-color":"","overlay-opacity":"","overlay-gradient":""},"mobile":{"background-color":"var(--ast-global-color-4)","background-image":"","background-repeat":"repeat","background-position":"center center","background-size":"auto","background-attachment":"scroll","background-type":"","background-media":"","overlay-type":"","overlay-color":"","overlay-opacity":"","overlay-gradient":""}}},"product_brand":[],"product_cat":[30,35],"product_tag":[2739],"class_list":{"0":"post-11780","1":"product","2":"type-product","3":"status-publish","4":"has-post-thumbnail","6":"product_cat-psichologija-ir-saviugda","7":"product_cat-vaikams-ir-paaugliams","8":"product_tag-gary-chapman","9":"desktop-align-left","10":"tablet-align-left","11":"mobile-align-left","13":"first","14":"instock","15":"shipping-taxable","16":"purchasable","17":"product-type-simple"},"acf":[],"yoast_head":"<!-- This site is optimized with the Yoast SEO plugin v27.4 - https:\/\/yoast.com\/product\/yoast-seo-wordpress\/ -->\n<title>Gary Chapman \u201ePenkios vaik\u0173 meil\u0117s kalbos\u201c<\/title>\n<meta name=\"description\" content=\"\u201ePenkios meil\u0117s kalbos\u201c\u00a0\u2013 tai savoti\u0161ki meil\u0117s kalb\u0173 kursai t\u0117vams, mokytojams ir kitiems \u017emon\u0117ms, mylintiems vaikus ir dirban\u010diais su jais. Ilgamet\u0117 abiej\u0173 autori\u0173 \u0161eim\u0173 konsultavimo patirtis, iliustruojama konkre\u010diais pasakojimais, bei i\u0161mintingi patarimai pad\u0117s i\u0161reik\u0161ti meil\u0119 vaikui suprantama meil\u0117s kalba ir pateiks daug pasi\u016blym\u0173, kaip b\u016bti gerais t\u0117vais. I\u0161mokime savo vaikams suprantama meil\u0117s kalba pasakyti \u201ea\u0161 myliu tave\u201c. \u017dmoni\u0173 santykiai nuostab\u016bs tuo, kad jie n\u0117ra stati\u0161ki. Visada yra galimyb\u0117 padaryti juos geresnius. Kuriant artimesnius santykius su savo paaugliu ar suaugusiu vaiku gali prireikti nugriauti sienas ir statyti tiltus; tai labai sunkus darbas, bet teikiantis atpild\u0105 darbas. Knygos autoriai \u2013 pasaulinio pripa\u017einimo sulaukusio bestselerio \u201ePenkios meil\u0117s kalbos\u201c (Alma littera, 2008,) autorius dr. Garis \u010capmanas ir jo ilgametis kolega, 37 metus dirb\u0119s psichiatrijos srityje dr. Rosas Kempbelas.\" \/>\n<meta name=\"robots\" content=\"index, follow, max-snippet:-1, max-image-preview:large, max-video-preview:-1\" \/>\n<link rel=\"canonical\" href=\"https:\/\/skaitytaknyga.lt\/en\/produktas\/gary-chapman-penkios-vaiku-meiles-kalbos\/\" \/>\n<meta property=\"og:locale\" content=\"en_GB\" \/>\n<meta property=\"og:locale:alternate\" content=\"lt_LT\" \/>\n<meta property=\"og:type\" content=\"article\" \/>\n<meta property=\"og:title\" content=\"Gary Chapman \u201ePenkios vaik\u0173 meil\u0117s kalbos\u201c\" \/>\n<meta property=\"og:description\" content=\"\u201ePenkios meil\u0117s kalbos\u201c\u00a0\u2013 tai savoti\u0161ki meil\u0117s kalb\u0173 kursai t\u0117vams, mokytojams ir kitiems \u017emon\u0117ms, mylintiems vaikus ir dirban\u010diais su jais. Ilgamet\u0117 abiej\u0173 autori\u0173 \u0161eim\u0173 konsultavimo patirtis, iliustruojama konkre\u010diais pasakojimais, bei i\u0161mintingi patarimai pad\u0117s i\u0161reik\u0161ti meil\u0119 vaikui suprantama meil\u0117s kalba ir pateiks daug pasi\u016blym\u0173, kaip b\u016bti gerais t\u0117vais. I\u0161mokime savo vaikams suprantama meil\u0117s kalba pasakyti \u201ea\u0161 myliu tave\u201c. \u017dmoni\u0173 santykiai nuostab\u016bs tuo, kad jie n\u0117ra stati\u0161ki. Visada yra galimyb\u0117 padaryti juos geresnius. Kuriant artimesnius santykius su savo paaugliu ar suaugusiu vaiku gali prireikti nugriauti sienas ir statyti tiltus; tai labai sunkus darbas, bet teikiantis atpild\u0105 darbas. Knygos autoriai \u2013 pasaulinio pripa\u017einimo sulaukusio bestselerio \u201ePenkios meil\u0117s kalbos\u201c (Alma littera, 2008,) autorius dr. Garis \u010capmanas ir jo ilgametis kolega, 37 metus dirb\u0119s psichiatrijos srityje dr. Rosas Kempbelas.\" \/>\n<meta property=\"og:url\" content=\"https:\/\/skaitytaknyga.lt\/en\/produktas\/gary-chapman-penkios-vaiku-meiles-kalbos\/\" \/>\n<meta property=\"og:site_name\" content=\"Skaitytaknyga\" \/>\n<meta property=\"article:publisher\" content=\"https:\/\/www.facebook.com\/skaitytaknyga\/\" \/>\n<meta property=\"article:modified_time\" content=\"2026-03-02T08:48:04+00:00\" \/>\n<meta property=\"og:image\" content=\"https:\/\/skaitytaknyga.lt\/wp-content\/uploads\/2024\/05\/Be-pavadinimo-35.png\" \/>\n\t<meta property=\"og:image:width\" content=\"262\" \/>\n\t<meta property=\"og:image:height\" content=\"415\" \/>\n\t<meta property=\"og:image:type\" content=\"image\/png\" \/>\n<meta name=\"twitter:card\" content=\"summary_large_image\" \/>\n<script type=\"application\/ld+json\" class=\"yoast-schema-graph\">{\"@context\":\"https:\\\/\\\/schema.org\",\"@graph\":[{\"@type\":\"WebPage\",\"@id\":\"https:\\\/\\\/skaitytaknyga.lt\\\/produktas\\\/gary-chapman-penkios-vaiku-meiles-kalbos\\\/\",\"url\":\"https:\\\/\\\/skaitytaknyga.lt\\\/produktas\\\/gary-chapman-penkios-vaiku-meiles-kalbos\\\/\",\"name\":\"Gary Chapman \u201ePenkios vaik\u0173 meil\u0117s kalbos\u201c\",\"isPartOf\":{\"@id\":\"https:\\\/\\\/skaitytaknyga.lt\\\/#website\"},\"primaryImageOfPage\":{\"@id\":\"https:\\\/\\\/skaitytaknyga.lt\\\/produktas\\\/gary-chapman-penkios-vaiku-meiles-kalbos\\\/#primaryimage\"},\"image\":{\"@id\":\"https:\\\/\\\/skaitytaknyga.lt\\\/produktas\\\/gary-chapman-penkios-vaiku-meiles-kalbos\\\/#primaryimage\"},\"thumbnailUrl\":\"https:\\\/\\\/skaitytaknyga.lt\\\/wp-content\\\/uploads\\\/2024\\\/05\\\/Be-pavadinimo-35.png\",\"datePublished\":\"2024-05-23T07:47:01+00:00\",\"dateModified\":\"2026-03-02T08:48:04+00:00\",\"description\":\"\u201ePenkios meil\u0117s kalbos\u201c\u00a0\u2013 tai savoti\u0161ki meil\u0117s kalb\u0173 kursai t\u0117vams, mokytojams ir kitiems \u017emon\u0117ms, mylintiems vaikus ir dirban\u010diais su jais. Ilgamet\u0117 abiej\u0173 autori\u0173 \u0161eim\u0173 konsultavimo patirtis, iliustruojama konkre\u010diais pasakojimais, bei i\u0161mintingi patarimai pad\u0117s i\u0161reik\u0161ti meil\u0119 vaikui suprantama meil\u0117s kalba ir pateiks daug pasi\u016blym\u0173, kaip b\u016bti gerais t\u0117vais. I\u0161mokime savo vaikams suprantama meil\u0117s kalba pasakyti \u201ea\u0161 myliu tave\u201c. \u017dmoni\u0173 santykiai nuostab\u016bs tuo, kad jie n\u0117ra stati\u0161ki. Visada yra galimyb\u0117 padaryti juos geresnius. Kuriant artimesnius santykius su savo paaugliu ar suaugusiu vaiku gali prireikti nugriauti sienas ir statyti tiltus; tai labai sunkus darbas, bet teikiantis atpild\u0105 darbas. Knygos autoriai \u2013 pasaulinio pripa\u017einimo sulaukusio bestselerio \u201ePenkios meil\u0117s kalbos\u201c (Alma littera, 2008,) autorius dr. Garis \u010capmanas ir jo ilgametis kolega, 37 metus dirb\u0119s psichiatrijos srityje dr. Rosas Kempbelas.\",\"breadcrumb\":{\"@id\":\"https:\\\/\\\/skaitytaknyga.lt\\\/produktas\\\/gary-chapman-penkios-vaiku-meiles-kalbos\\\/#breadcrumb\"},\"inLanguage\":\"en-GB\",\"potentialAction\":[{\"@type\":\"ReadAction\",\"target\":[\"https:\\\/\\\/skaitytaknyga.lt\\\/produktas\\\/gary-chapman-penkios-vaiku-meiles-kalbos\\\/\"]}]},{\"@type\":\"ImageObject\",\"inLanguage\":\"en-GB\",\"@id\":\"https:\\\/\\\/skaitytaknyga.lt\\\/produktas\\\/gary-chapman-penkios-vaiku-meiles-kalbos\\\/#primaryimage\",\"url\":\"https:\\\/\\\/skaitytaknyga.lt\\\/wp-content\\\/uploads\\\/2024\\\/05\\\/Be-pavadinimo-35.png\",\"contentUrl\":\"https:\\\/\\\/skaitytaknyga.lt\\\/wp-content\\\/uploads\\\/2024\\\/05\\\/Be-pavadinimo-35.png\",\"width\":262,\"height\":415,\"caption\":\"Penkios vaik\u0173 meil\u0117s kalbos\"},{\"@type\":\"BreadcrumbList\",\"@id\":\"https:\\\/\\\/skaitytaknyga.lt\\\/produktas\\\/gary-chapman-penkios-vaiku-meiles-kalbos\\\/#breadcrumb\",\"itemListElement\":[{\"@type\":\"ListItem\",\"position\":1,\"name\":\"Home\",\"item\":\"https:\\\/\\\/skaitytaknyga.lt\\\/\"},{\"@type\":\"ListItem\",\"position\":2,\"name\":\"Parduotuv\u0117\",\"item\":\"https:\\\/\\\/skaitytaknyga.lt\\\/knygu-parduotuve\\\/\"},{\"@type\":\"ListItem\",\"position\":3,\"name\":\"Gary Chapman \u201ePenkios vaik\u0173 meil\u0117s kalbos\u201c\"}]},{\"@type\":\"WebSite\",\"@id\":\"https:\\\/\\\/skaitytaknyga.lt\\\/#website\",\"url\":\"https:\\\/\\\/skaitytaknyga.lt\\\/\",\"name\":\"skaitytaknyga.lt\",\"description\":\"Skaitytaknyga.lt \u2013 tai ma\u017eas \u0161eimos verslas, kuris prasid\u0117jo nuo meil\u0117s knygoms ir siekio i\u0161gelb\u0117ti knygas nuo likimo prie konteinerio. Kas vienam nereikalingas daiktas \u2013 kitam lobis, o mes esame tarpininkai, kurie padeda abiems tapti laimingesniems ???? \u017dinome kaip nelengva i\u0161gyventi ma\u017eiems verslams, tad nuo \u0161iol, \u010dia rasite ir kit\u0173, ma\u017e\u0173 \u0161eim\u0173 versl\u0173, rank\u0173 darbo, dovan\u0173 sau ir artimiesiems.\",\"publisher\":{\"@id\":\"https:\\\/\\\/skaitytaknyga.lt\\\/#organization\"},\"potentialAction\":[{\"@type\":\"SearchAction\",\"target\":{\"@type\":\"EntryPoint\",\"urlTemplate\":\"https:\\\/\\\/skaitytaknyga.lt\\\/?s={search_term_string}\"},\"query-input\":{\"@type\":\"PropertyValueSpecification\",\"valueRequired\":true,\"valueName\":\"search_term_string\"}}],\"inLanguage\":\"en-GB\"},{\"@type\":\"Organization\",\"@id\":\"https:\\\/\\\/skaitytaknyga.lt\\\/#organization\",\"name\":\"skaitytaknyga.lt\",\"url\":\"https:\\\/\\\/skaitytaknyga.lt\\\/\",\"logo\":{\"@type\":\"ImageObject\",\"inLanguage\":\"en-GB\",\"@id\":\"https:\\\/\\\/skaitytaknyga.lt\\\/#\\\/schema\\\/logo\\\/image\\\/\",\"url\":\"https:\\\/\\\/skaitytaknyga.lt\\\/wp-content\\\/uploads\\\/2024\\\/05\\\/cropped-cropped-cropped-02_00843_jt3bggkj1j3HLc7SyY6rEUpg.jpeg\",\"contentUrl\":\"https:\\\/\\\/skaitytaknyga.lt\\\/wp-content\\\/uploads\\\/2024\\\/05\\\/cropped-cropped-cropped-02_00843_jt3bggkj1j3HLc7SyY6rEUpg.jpeg\",\"width\":1600,\"height\":1600,\"caption\":\"skaitytaknyga.lt\"},\"image\":{\"@id\":\"https:\\\/\\\/skaitytaknyga.lt\\\/#\\\/schema\\\/logo\\\/image\\\/\"},\"sameAs\":[\"https:\\\/\\\/www.facebook.com\\\/skaitytaknyga\\\/\"]}]}<\/script>\n<!-- \/ Yoast SEO plugin. -->","yoast_head_json":{"title":"Gary Chapman \u201ePenkios vaik\u0173 meil\u0117s kalbos\u201c","description":"\u201ePenkios meil\u0117s kalbos\u201c\u00a0\u2013 tai savoti\u0161ki meil\u0117s kalb\u0173 kursai t\u0117vams, mokytojams ir kitiems \u017emon\u0117ms, mylintiems vaikus ir dirban\u010diais su jais. Ilgamet\u0117 abiej\u0173 autori\u0173 \u0161eim\u0173 konsultavimo patirtis, iliustruojama konkre\u010diais pasakojimais, bei i\u0161mintingi patarimai pad\u0117s i\u0161reik\u0161ti meil\u0119 vaikui suprantama meil\u0117s kalba ir pateiks daug pasi\u016blym\u0173, kaip b\u016bti gerais t\u0117vais. I\u0161mokime savo vaikams suprantama meil\u0117s kalba pasakyti \u201ea\u0161 myliu tave\u201c. \u017dmoni\u0173 santykiai nuostab\u016bs tuo, kad jie n\u0117ra stati\u0161ki. Visada yra galimyb\u0117 padaryti juos geresnius. Kuriant artimesnius santykius su savo paaugliu ar suaugusiu vaiku gali prireikti nugriauti sienas ir statyti tiltus; tai labai sunkus darbas, bet teikiantis atpild\u0105 darbas. Knygos autoriai \u2013 pasaulinio pripa\u017einimo sulaukusio bestselerio \u201ePenkios meil\u0117s kalbos\u201c (Alma littera, 2008,) autorius dr. Garis \u010capmanas ir jo ilgametis kolega, 37 metus dirb\u0119s psichiatrijos srityje dr. Rosas Kempbelas.","robots":{"index":"index","follow":"follow","max-snippet":"max-snippet:-1","max-image-preview":"max-image-preview:large","max-video-preview":"max-video-preview:-1"},"canonical":"https:\/\/skaitytaknyga.lt\/en\/produktas\/gary-chapman-penkios-vaiku-meiles-kalbos\/","og_locale":"en_GB","og_type":"article","og_title":"[:lt]Gary Chapman \u201ePenkios vaik\u0173 meil\u0117s kalbos\u201c[:] - Skaitytaknyga","og_description":"\u201ePenkios meil\u0117s kalbos\u201c\u00a0\u2013 tai savoti\u0161ki meil\u0117s kalb\u0173 kursai t\u0117vams, mokytojams ir kitiems \u017emon\u0117ms, mylintiems vaikus ir dirban\u010diais su jais. Ilgamet\u0117 abiej\u0173 autori\u0173 \u0161eim\u0173 konsultavimo patirtis, iliustruojama konkre\u010diais pasakojimais, bei i\u0161mintingi patarimai pad\u0117s i\u0161reik\u0161ti meil\u0119 vaikui suprantama meil\u0117s kalba ir pateiks daug pasi\u016blym\u0173, kaip b\u016bti gerais t\u0117vais. I\u0161mokime savo vaikams suprantama meil\u0117s kalba pasakyti \u201ea\u0161 myliu tave\u201c. \u017dmoni\u0173 santykiai nuostab\u016bs tuo, kad jie n\u0117ra stati\u0161ki. Visada yra galimyb\u0117 padaryti juos geresnius. Kuriant artimesnius santykius su savo paaugliu ar suaugusiu vaiku gali prireikti nugriauti sienas ir statyti tiltus; tai labai sunkus darbas, bet teikiantis atpild\u0105 darbas. Knygos autoriai \u2013 pasaulinio pripa\u017einimo sulaukusio bestselerio \u201ePenkios meil\u0117s kalbos\u201c (Alma littera, 2008,) autorius dr. Garis \u010capmanas ir jo ilgametis kolega, 37 metus dirb\u0119s psichiatrijos srityje dr. Rosas Kempbelas.","og_url":"https:\/\/skaitytaknyga.lt\/en\/produktas\/gary-chapman-penkios-vaiku-meiles-kalbos\/","og_site_name":"Skaitytaknyga","article_publisher":"https:\/\/www.facebook.com\/skaitytaknyga\/","article_modified_time":"2026-03-02T08:48:04+00:00","og_image":[{"width":262,"height":415,"url":"https:\/\/skaitytaknyga.lt\/wp-content\/uploads\/2024\/05\/Be-pavadinimo-35.png","type":"image\/png"}],"twitter_card":"summary_large_image","schema":{"@context":"https:\/\/schema.org","@graph":[{"@type":"WebPage","@id":"https:\/\/skaitytaknyga.lt\/produktas\/gary-chapman-penkios-vaiku-meiles-kalbos\/","url":"https:\/\/skaitytaknyga.lt\/produktas\/gary-chapman-penkios-vaiku-meiles-kalbos\/","name":"Gary Chapman \u201ePenkios vaik\u0173 meil\u0117s kalbos\u201c","isPartOf":{"@id":"https:\/\/skaitytaknyga.lt\/#website"},"primaryImageOfPage":{"@id":"https:\/\/skaitytaknyga.lt\/produktas\/gary-chapman-penkios-vaiku-meiles-kalbos\/#primaryimage"},"image":{"@id":"https:\/\/skaitytaknyga.lt\/produktas\/gary-chapman-penkios-vaiku-meiles-kalbos\/#primaryimage"},"thumbnailUrl":"https:\/\/skaitytaknyga.lt\/wp-content\/uploads\/2024\/05\/Be-pavadinimo-35.png","datePublished":"2024-05-23T07:47:01+00:00","dateModified":"2026-03-02T08:48:04+00:00","description":"\u201ePenkios meil\u0117s kalbos\u201c\u00a0\u2013 tai savoti\u0161ki meil\u0117s kalb\u0173 kursai t\u0117vams, mokytojams ir kitiems \u017emon\u0117ms, mylintiems vaikus ir dirban\u010diais su jais. Ilgamet\u0117 abiej\u0173 autori\u0173 \u0161eim\u0173 konsultavimo patirtis, iliustruojama konkre\u010diais pasakojimais, bei i\u0161mintingi patarimai pad\u0117s i\u0161reik\u0161ti meil\u0119 vaikui suprantama meil\u0117s kalba ir pateiks daug pasi\u016blym\u0173, kaip b\u016bti gerais t\u0117vais. I\u0161mokime savo vaikams suprantama meil\u0117s kalba pasakyti \u201ea\u0161 myliu tave\u201c. \u017dmoni\u0173 santykiai nuostab\u016bs tuo, kad jie n\u0117ra stati\u0161ki. Visada yra galimyb\u0117 padaryti juos geresnius. Kuriant artimesnius santykius su savo paaugliu ar suaugusiu vaiku gali prireikti nugriauti sienas ir statyti tiltus; tai labai sunkus darbas, bet teikiantis atpild\u0105 darbas. Knygos autoriai \u2013 pasaulinio pripa\u017einimo sulaukusio bestselerio \u201ePenkios meil\u0117s kalbos\u201c (Alma littera, 2008,) autorius dr. Garis \u010capmanas ir jo ilgametis kolega, 37 metus dirb\u0119s psichiatrijos srityje dr. Rosas Kempbelas.","breadcrumb":{"@id":"https:\/\/skaitytaknyga.lt\/produktas\/gary-chapman-penkios-vaiku-meiles-kalbos\/#breadcrumb"},"inLanguage":"en-GB","potentialAction":[{"@type":"ReadAction","target":["https:\/\/skaitytaknyga.lt\/produktas\/gary-chapman-penkios-vaiku-meiles-kalbos\/"]}]},{"@type":"ImageObject","inLanguage":"en-GB","@id":"https:\/\/skaitytaknyga.lt\/produktas\/gary-chapman-penkios-vaiku-meiles-kalbos\/#primaryimage","url":"https:\/\/skaitytaknyga.lt\/wp-content\/uploads\/2024\/05\/Be-pavadinimo-35.png","contentUrl":"https:\/\/skaitytaknyga.lt\/wp-content\/uploads\/2024\/05\/Be-pavadinimo-35.png","width":262,"height":415,"caption":"Penkios vaik\u0173 meil\u0117s kalbos"},{"@type":"BreadcrumbList","@id":"https:\/\/skaitytaknyga.lt\/produktas\/gary-chapman-penkios-vaiku-meiles-kalbos\/#breadcrumb","itemListElement":[{"@type":"ListItem","position":1,"name":"Home","item":"https:\/\/skaitytaknyga.lt\/"},{"@type":"ListItem","position":2,"name":"Parduotuv\u0117","item":"https:\/\/skaitytaknyga.lt\/knygu-parduotuve\/"},{"@type":"ListItem","position":3,"name":"Gary Chapman \u201ePenkios vaik\u0173 meil\u0117s kalbos\u201c"}]},{"@type":"WebSite","@id":"https:\/\/skaitytaknyga.lt\/#website","url":"https:\/\/skaitytaknyga.lt\/","name":"skaitytaknyga.lt","description":"Skaitytaknyga.lt \u2013 tai ma\u017eas \u0161eimos verslas, kuris prasid\u0117jo nuo meil\u0117s knygoms ir siekio i\u0161gelb\u0117ti knygas nuo likimo prie konteinerio. Kas vienam nereikalingas daiktas \u2013 kitam lobis, o mes esame tarpininkai, kurie padeda abiems tapti laimingesniems ???? \u017dinome kaip nelengva i\u0161gyventi ma\u017eiems verslams, tad nuo \u0161iol, \u010dia rasite ir kit\u0173, ma\u017e\u0173 \u0161eim\u0173 versl\u0173, rank\u0173 darbo, dovan\u0173 sau ir artimiesiems.","publisher":{"@id":"https:\/\/skaitytaknyga.lt\/#organization"},"potentialAction":[{"@type":"SearchAction","target":{"@type":"EntryPoint","urlTemplate":"https:\/\/skaitytaknyga.lt\/?s={search_term_string}"},"query-input":{"@type":"PropertyValueSpecification","valueRequired":true,"valueName":"search_term_string"}}],"inLanguage":"en-GB"},{"@type":"Organization","@id":"https:\/\/skaitytaknyga.lt\/#organization","name":"skaitytaknyga.lt","url":"https:\/\/skaitytaknyga.lt\/","logo":{"@type":"ImageObject","inLanguage":"en-GB","@id":"https:\/\/skaitytaknyga.lt\/#\/schema\/logo\/image\/","url":"https:\/\/skaitytaknyga.lt\/wp-content\/uploads\/2024\/05\/cropped-cropped-cropped-02_00843_jt3bggkj1j3HLc7SyY6rEUpg.jpeg","contentUrl":"https:\/\/skaitytaknyga.lt\/wp-content\/uploads\/2024\/05\/cropped-cropped-cropped-02_00843_jt3bggkj1j3HLc7SyY6rEUpg.jpeg","width":1600,"height":1600,"caption":"skaitytaknyga.lt"},"image":{"@id":"https:\/\/skaitytaknyga.lt\/#\/schema\/logo\/image\/"},"sameAs":["https:\/\/www.facebook.com\/skaitytaknyga\/"]}]}},"_links":{"self":[{"href":"https:\/\/skaitytaknyga.lt\/en\/wp-json\/wp\/v2\/product\/11780","targetHints":{"allow":["GET"]}}],"collection":[{"href":"https:\/\/skaitytaknyga.lt\/en\/wp-json\/wp\/v2\/product"}],"about":[{"href":"https:\/\/skaitytaknyga.lt\/en\/wp-json\/wp\/v2\/types\/product"}],"replies":[{"embeddable":true,"href":"https:\/\/skaitytaknyga.lt\/en\/wp-json\/wp\/v2\/comments?post=11780"}],"wp:featuredmedia":[{"embeddable":true,"href":"https:\/\/skaitytaknyga.lt\/en\/wp-json\/wp\/v2\/media\/11781"}],"wp:attachment":[{"href":"https:\/\/skaitytaknyga.lt\/en\/wp-json\/wp\/v2\/media?parent=11780"}],"wp:term":[{"taxonomy":"product_brand","embeddable":true,"href":"https:\/\/skaitytaknyga.lt\/en\/wp-json\/wp\/v2\/product_brand?post=11780"},{"taxonomy":"product_cat","embeddable":true,"href":"https:\/\/skaitytaknyga.lt\/en\/wp-json\/wp\/v2\/product_cat?post=11780"},{"taxonomy":"product_tag","embeddable":true,"href":"https:\/\/skaitytaknyga.lt\/en\/wp-json\/wp\/v2\/product_tag?post=11780"}],"curies":[{"name":"wp","href":"https:\/\/api.w.org\/{rel}","templated":true}]}}