{"id":11776,"date":"2024-05-23T07:28:16","date_gmt":"2024-05-23T07:28:16","guid":{"rendered":"https:\/\/skaitytaknyga.lt\/?post_type=product&#038;p=11776"},"modified":"2025-10-01T15:40:21","modified_gmt":"2025-10-01T12:40:21","slug":"richard-webster-kurybine-vizualizacija-pradedantiesiems-demele-knygos-apacioje","status":"publish","type":"product","link":"https:\/\/skaitytaknyga.lt\/en\/produktas\/richard-webster-kurybine-vizualizacija-pradedantiesiems-demele-knygos-apacioje\/","title":{"rendered":"Richard Webster \u201eK\u016brybin\u0117 vizualizacija pradedantiesiems\u201c (d\u0117mel\u0117 knygos apa\u010dioje)"},"content":{"rendered":"","protected":false},"excerpt":{"rendered":"<p>Kiekvienas \u017emogus nesunkiai gali \u012fsivaizduoti, kad jam puikiai sekasi. Ir toks \u012fsivaizdavimas i\u0161ties padeda \u012fgyvendinti svajones.<\/p>\n<p>K\u016brybin\u0117 vizualizacija \u2013 tai \u012fgimtas kiekvieno \u017emogaus protinis geb\u0117jimas. Beveik visi ry\u0161kesni\u0173 gyvenimo auk\u0161tum\u0173 pasiek\u0119 \u017emon\u0117s k\u016brybin\u0119 vizualizacij\u0105 pasitelkia net ir kasdieniams tikslams \u012fgyvendinti.<\/p>\n<p>J\u016bs taip pat galite pasitelkti k\u016brybin\u0119 vizualizacij\u0105 ir siekti dideli\u0173, ilgalaiki\u0173 savo gyvenimo tiksl\u0173. Knygos autorius Richardas Websteris pataria, kaip efektyviai \u012fgyvendinti savo svajones netgi tada, kai pakeliui \u012f tiksl\u0105 susiduriate su \u012fvairiomis kli\u016btimis.<\/p>\n<p>Knygoje apra\u0161omi tiek paprasti b\u016bdai , tiek ir sud\u0117tingesn\u0117s veiksmingos technikos, pad\u0117sian\u010dios atgaivinti siel\u0105 ir patobulinti \u012fvairias gyvenimo sritis \u2013 sveikat\u0105, \u017emogi\u0161kuosius santykius, karjeros planus, mokymosi geb\u0117jimus, k\u016brybingum\u0105, finansin\u0119 s\u0117km\u0119.<\/p>\n<div><strong>Richard Webster<\/strong>\u00a0(Naujoji Zelandija) daug keliauja po pasaul\u012f, skaito paskaitas ir organizuoja praktinius u\u017esi\u0117mimus dvasin\u0117mis temomis. Jis yra para\u0161\u0119s per 30 knyg\u0173.<\/div>\n","protected":false},"featured_media":11777,"comment_status":"closed","ping_status":"closed","template":"","meta":{"_acf_changed":false,"site-sidebar-layout":"default","site-content-layout":"","ast-site-content-layout":"default","site-content-style":"default","site-sidebar-style":"default","ast-global-header-display":"","ast-banner-title-visibility":"","ast-main-header-display":"","ast-hfb-above-header-display":"","ast-hfb-below-header-display":"","ast-hfb-mobile-header-display":"","site-post-title":"","ast-breadcrumbs-content":"","ast-featured-img":"","footer-sml-layout":"","ast-disable-related-posts":"","theme-transparent-header-meta":"","adv-header-id-meta":"","stick-header-meta":"","header-above-stick-meta":"","header-main-stick-meta":"","header-below-stick-meta":"","astra-migrate-meta-layouts":"default","ast-page-background-enabled":"default","ast-page-background-meta":{"desktop":{"background-color":"","background-image":"","background-repeat":"repeat","background-position":"center center","background-size":"auto","background-attachment":"scroll","background-type":"","background-media":"","overlay-type":"","overlay-color":"","overlay-opacity":"","overlay-gradient":""},"tablet":{"background-color":"","background-image":"","background-repeat":"repeat","background-position":"center center","background-size":"auto","background-attachment":"scroll","background-type":"","background-media":"","overlay-type":"","overlay-color":"","overlay-opacity":"","overlay-gradient":""},"mobile":{"background-color":"","background-image":"","background-repeat":"repeat","background-position":"center center","background-size":"auto","background-attachment":"scroll","background-type":"","background-media":"","overlay-type":"","overlay-color":"","overlay-opacity":"","overlay-gradient":""}},"ast-content-background-meta":{"desktop":{"background-color":"var(--ast-global-color-4)","background-image":"","background-repeat":"repeat","background-position":"center center","background-size":"auto","background-attachment":"scroll","background-type":"","background-media":"","overlay-type":"","overlay-color":"","overlay-opacity":"","overlay-gradient":""},"tablet":{"background-color":"var(--ast-global-color-4)","background-image":"","background-repeat":"repeat","background-position":"center center","background-size":"auto","background-attachment":"scroll","background-type":"","background-media":"","overlay-type":"","overlay-color":"","overlay-opacity":"","overlay-gradient":""},"mobile":{"background-color":"var(--ast-global-color-4)","background-image":"","background-repeat":"repeat","background-position":"center center","background-size":"auto","background-attachment":"scroll","background-type":"","background-media":"","overlay-type":"","overlay-color":"","overlay-opacity":"","overlay-gradient":""}}},"product_brand":[],"product_cat":[30],"product_tag":[],"class_list":{"0":"post-11776","1":"product","2":"type-product","3":"status-publish","4":"has-post-thumbnail","6":"product_cat-psichologija-ir-saviugda","7":"desktop-align-left","8":"tablet-align-left","9":"mobile-align-left","11":"first","12":"outofstock","13":"shipping-taxable","14":"purchasable","15":"product-type-simple"},"acf":[],"yoast_head":"<!-- This site is optimized with the Yoast SEO plugin v27.0 - https:\/\/yoast.com\/product\/yoast-seo-wordpress\/ -->\n<title>Richard Webster \u201eK\u016brybin\u0117 vizualizacija pradedantiesiems\u201c (d\u0117mel\u0117 knygos apa\u010dioje) - Skaitytaknyga<\/title>\n<meta name=\"description\" content=\"Kiekvienas \u017emogus nesunkiai gali \u012fsivaizduoti, kad jam puikiai sekasi. Ir toks \u012fsivaizdavimas i\u0161ties padeda \u012fgyvendinti svajones.  K\u016brybin\u0117 vizualizacija \u2013 tai \u012fgimtas kiekvieno \u017emogaus protinis geb\u0117jimas. Beveik visi ry\u0161kesni\u0173 gyvenimo auk\u0161tum\u0173 pasiek\u0119 \u017emon\u0117s k\u016brybin\u0119 vizualizacij\u0105 pasitelkia net ir kasdieniams tikslams \u012fgyvendinti.  J\u016bs taip pat galite pasitelkti k\u016brybin\u0119 vizualizacij\u0105 ir siekti dideli\u0173, ilgalaiki\u0173 savo gyvenimo tiksl\u0173. Knygos autorius Richardas Websteris pataria, kaip efektyviai \u012fgyvendinti savo svajones netgi tada, kai pakeliui \u012f tiksl\u0105 susiduriate su \u012fvairiomis kli\u016btimis.  Knygoje apra\u0161omi tiek paprasti b\u016bdai , tiek ir sud\u0117tingesn\u0117s veiksmingos technikos, pad\u0117sian\u010dios atgaivinti siel\u0105 ir patobulinti \u012fvairias gyvenimo sritis \u2013 sveikat\u0105, \u017emogi\u0161kuosius santykius, karjeros planus, mokymosi geb\u0117jimus, k\u016brybingum\u0105, finansin\u0119 s\u0117km\u0119. Richard Webster\u00a0(Naujoji Zelandija) daug keliauja po pasaul\u012f, skaito paskaitas ir organizuoja praktinius u\u017esi\u0117mimus dvasin\u0117mis temomis. Jis yra para\u0161\u0119s per 30 knyg\u0173.\" \/>\n<meta name=\"robots\" content=\"index, follow, max-snippet:-1, max-image-preview:large, max-video-preview:-1\" \/>\n<link rel=\"canonical\" href=\"https:\/\/skaitytaknyga.lt\/en\/produktas\/richard-webster-kurybine-vizualizacija-pradedantiesiems-demele-knygos-apacioje\/\" \/>\n<meta property=\"og:locale\" content=\"en_GB\" \/>\n<meta property=\"og:locale:alternate\" content=\"lt_LT\" \/>\n<meta property=\"og:type\" content=\"article\" \/>\n<meta property=\"og:title\" content=\"Richard Webster \u201eK\u016brybin\u0117 vizualizacija pradedantiesiems\u201c (d\u0117mel\u0117 knygos apa\u010dioje) - Skaitytaknyga\" \/>\n<meta property=\"og:description\" content=\"Kiekvienas \u017emogus nesunkiai gali \u012fsivaizduoti, kad jam puikiai sekasi. Ir toks \u012fsivaizdavimas i\u0161ties padeda \u012fgyvendinti svajones.  K\u016brybin\u0117 vizualizacija \u2013 tai \u012fgimtas kiekvieno \u017emogaus protinis geb\u0117jimas. Beveik visi ry\u0161kesni\u0173 gyvenimo auk\u0161tum\u0173 pasiek\u0119 \u017emon\u0117s k\u016brybin\u0119 vizualizacij\u0105 pasitelkia net ir kasdieniams tikslams \u012fgyvendinti.  J\u016bs taip pat galite pasitelkti k\u016brybin\u0119 vizualizacij\u0105 ir siekti dideli\u0173, ilgalaiki\u0173 savo gyvenimo tiksl\u0173. Knygos autorius Richardas Websteris pataria, kaip efektyviai \u012fgyvendinti savo svajones netgi tada, kai pakeliui \u012f tiksl\u0105 susiduriate su \u012fvairiomis kli\u016btimis.  Knygoje apra\u0161omi tiek paprasti b\u016bdai , tiek ir sud\u0117tingesn\u0117s veiksmingos technikos, pad\u0117sian\u010dios atgaivinti siel\u0105 ir patobulinti \u012fvairias gyvenimo sritis \u2013 sveikat\u0105, \u017emogi\u0161kuosius santykius, karjeros planus, mokymosi geb\u0117jimus, k\u016brybingum\u0105, finansin\u0119 s\u0117km\u0119. Richard Webster\u00a0(Naujoji Zelandija) daug keliauja po pasaul\u012f, skaito paskaitas ir organizuoja praktinius u\u017esi\u0117mimus dvasin\u0117mis temomis. Jis yra para\u0161\u0119s per 30 knyg\u0173.\" \/>\n<meta property=\"og:url\" content=\"https:\/\/skaitytaknyga.lt\/en\/produktas\/richard-webster-kurybine-vizualizacija-pradedantiesiems-demele-knygos-apacioje\/\" \/>\n<meta property=\"og:site_name\" content=\"Skaitytaknyga\" \/>\n<meta property=\"article:publisher\" content=\"https:\/\/www.facebook.com\/skaitytaknyga\/\" \/>\n<meta property=\"article:modified_time\" content=\"2025-10-01T12:40:21+00:00\" \/>\n<meta property=\"og:image\" content=\"https:\/\/skaitytaknyga.lt\/wp-content\/uploads\/2024\/05\/Be-pavadinimo-34.png\" \/>\n\t<meta property=\"og:image:width\" content=\"342\" \/>\n\t<meta property=\"og:image:height\" content=\"547\" \/>\n\t<meta property=\"og:image:type\" content=\"image\/png\" \/>\n<meta name=\"twitter:card\" content=\"summary_large_image\" \/>\n<script type=\"application\/ld+json\" class=\"yoast-schema-graph\">{\"@context\":\"https:\/\/schema.org\",\"@graph\":[{\"@type\":\"WebPage\",\"@id\":\"https:\/\/skaitytaknyga.lt\/produktas\/richard-webster-kurybine-vizualizacija-pradedantiesiems-demele-knygos-apacioje\/\",\"url\":\"https:\/\/skaitytaknyga.lt\/produktas\/richard-webster-kurybine-vizualizacija-pradedantiesiems-demele-knygos-apacioje\/\",\"name\":\"Richard Webster \u201eK\u016brybin\u0117 vizualizacija pradedantiesiems\u201c (d\u0117mel\u0117 knygos apa\u010dioje) - Skaitytaknyga\",\"isPartOf\":{\"@id\":\"https:\/\/skaitytaknyga.lt\/#website\"},\"primaryImageOfPage\":{\"@id\":\"https:\/\/skaitytaknyga.lt\/produktas\/richard-webster-kurybine-vizualizacija-pradedantiesiems-demele-knygos-apacioje\/#primaryimage\"},\"image\":{\"@id\":\"https:\/\/skaitytaknyga.lt\/produktas\/richard-webster-kurybine-vizualizacija-pradedantiesiems-demele-knygos-apacioje\/#primaryimage\"},\"thumbnailUrl\":\"https:\/\/skaitytaknyga.lt\/wp-content\/uploads\/2024\/05\/Be-pavadinimo-34.png\",\"datePublished\":\"2024-05-23T07:28:16+00:00\",\"dateModified\":\"2025-10-01T12:40:21+00:00\",\"description\":\"Kiekvienas \u017emogus nesunkiai gali \u012fsivaizduoti, kad jam puikiai sekasi. Ir toks \u012fsivaizdavimas i\u0161ties padeda \u012fgyvendinti svajones. K\u016brybin\u0117 vizualizacija \u2013 tai \u012fgimtas kiekvieno \u017emogaus protinis geb\u0117jimas. Beveik visi ry\u0161kesni\u0173 gyvenimo auk\u0161tum\u0173 pasiek\u0119 \u017emon\u0117s k\u016brybin\u0119 vizualizacij\u0105 pasitelkia net ir kasdieniams tikslams \u012fgyvendinti. J\u016bs taip pat galite pasitelkti k\u016brybin\u0119 vizualizacij\u0105 ir siekti dideli\u0173, ilgalaiki\u0173 savo gyvenimo tiksl\u0173. Knygos autorius Richardas Websteris pataria, kaip efektyviai \u012fgyvendinti savo svajones netgi tada, kai pakeliui \u012f tiksl\u0105 susiduriate su \u012fvairiomis kli\u016btimis. Knygoje apra\u0161omi tiek paprasti b\u016bdai , tiek ir sud\u0117tingesn\u0117s veiksmingos technikos, pad\u0117sian\u010dios atgaivinti siel\u0105 ir patobulinti \u012fvairias gyvenimo sritis \u2013 sveikat\u0105, \u017emogi\u0161kuosius santykius, karjeros planus, mokymosi geb\u0117jimus, k\u016brybingum\u0105, finansin\u0119 s\u0117km\u0119. Richard Webster\u00a0(Naujoji Zelandija) daug keliauja po pasaul\u012f, skaito paskaitas ir organizuoja praktinius u\u017esi\u0117mimus dvasin\u0117mis temomis. Jis yra para\u0161\u0119s per 30 knyg\u0173.\",\"breadcrumb\":{\"@id\":\"https:\/\/skaitytaknyga.lt\/produktas\/richard-webster-kurybine-vizualizacija-pradedantiesiems-demele-knygos-apacioje\/#breadcrumb\"},\"inLanguage\":\"en-GB\",\"potentialAction\":[{\"@type\":\"ReadAction\",\"target\":[\"https:\/\/skaitytaknyga.lt\/produktas\/richard-webster-kurybine-vizualizacija-pradedantiesiems-demele-knygos-apacioje\/\"]}]},{\"@type\":\"ImageObject\",\"inLanguage\":\"en-GB\",\"@id\":\"https:\/\/skaitytaknyga.lt\/produktas\/richard-webster-kurybine-vizualizacija-pradedantiesiems-demele-knygos-apacioje\/#primaryimage\",\"url\":\"https:\/\/skaitytaknyga.lt\/wp-content\/uploads\/2024\/05\/Be-pavadinimo-34.png\",\"contentUrl\":\"https:\/\/skaitytaknyga.lt\/wp-content\/uploads\/2024\/05\/Be-pavadinimo-34.png\",\"width\":342,\"height\":547},{\"@type\":\"BreadcrumbList\",\"@id\":\"https:\/\/skaitytaknyga.lt\/produktas\/richard-webster-kurybine-vizualizacija-pradedantiesiems-demele-knygos-apacioje\/#breadcrumb\",\"itemListElement\":[{\"@type\":\"ListItem\",\"position\":1,\"name\":\"Home\",\"item\":\"https:\/\/skaitytaknyga.lt\/\"},{\"@type\":\"ListItem\",\"position\":2,\"name\":\"Parduotuv\u0117\",\"item\":\"https:\/\/skaitytaknyga.lt\/knygu-parduotuve\/\"},{\"@type\":\"ListItem\",\"position\":3,\"name\":\"Richard Webster \u201eK\u016brybin\u0117 vizualizacija pradedantiesiems\u201c (d\u0117mel\u0117 knygos apa\u010dioje)\"}]},{\"@type\":\"WebSite\",\"@id\":\"https:\/\/skaitytaknyga.lt\/#website\",\"url\":\"https:\/\/skaitytaknyga.lt\/\",\"name\":\"skaitytaknyga.lt\",\"description\":\"Skaitytaknyga.lt \u2013 tai ma\u017eas \u0161eimos verslas, kuris prasid\u0117jo nuo meil\u0117s knygoms ir siekio i\u0161gelb\u0117ti knygas nuo likimo prie konteinerio. Kas vienam nereikalingas daiktas \u2013 kitam lobis, o mes esame tarpininkai, kurie padeda abiems tapti laimingesniems ???? \u017dinome kaip nelengva i\u0161gyventi ma\u017eiems verslams, tad nuo \u0161iol, \u010dia rasite ir kit\u0173, ma\u017e\u0173 \u0161eim\u0173 versl\u0173, rank\u0173 darbo, dovan\u0173 sau ir artimiesiems.\",\"publisher\":{\"@id\":\"https:\/\/skaitytaknyga.lt\/#organization\"},\"potentialAction\":[{\"@type\":\"SearchAction\",\"target\":{\"@type\":\"EntryPoint\",\"urlTemplate\":\"https:\/\/skaitytaknyga.lt\/?s={search_term_string}\"},\"query-input\":{\"@type\":\"PropertyValueSpecification\",\"valueRequired\":true,\"valueName\":\"search_term_string\"}}],\"inLanguage\":\"en-GB\"},{\"@type\":\"Organization\",\"@id\":\"https:\/\/skaitytaknyga.lt\/#organization\",\"name\":\"skaitytaknyga.lt\",\"url\":\"https:\/\/skaitytaknyga.lt\/\",\"logo\":{\"@type\":\"ImageObject\",\"inLanguage\":\"en-GB\",\"@id\":\"https:\/\/skaitytaknyga.lt\/#\/schema\/logo\/image\/\",\"url\":\"https:\/\/skaitytaknyga.lt\/wp-content\/uploads\/2024\/05\/cropped-cropped-cropped-02_00843_jt3bggkj1j3HLc7SyY6rEUpg.jpeg\",\"contentUrl\":\"https:\/\/skaitytaknyga.lt\/wp-content\/uploads\/2024\/05\/cropped-cropped-cropped-02_00843_jt3bggkj1j3HLc7SyY6rEUpg.jpeg\",\"width\":1600,\"height\":1600,\"caption\":\"skaitytaknyga.lt\"},\"image\":{\"@id\":\"https:\/\/skaitytaknyga.lt\/#\/schema\/logo\/image\/\"},\"sameAs\":[\"https:\/\/www.facebook.com\/skaitytaknyga\/\"]}]}<\/script>\n<!-- \/ Yoast SEO plugin. -->","yoast_head_json":{"title":"Richard Webster \u201eK\u016brybin\u0117 vizualizacija pradedantiesiems\u201c (d\u0117mel\u0117 knygos apa\u010dioje) - Skaitytaknyga","description":"Kiekvienas \u017emogus nesunkiai gali \u012fsivaizduoti, kad jam puikiai sekasi. Ir toks \u012fsivaizdavimas i\u0161ties padeda \u012fgyvendinti svajones.  K\u016brybin\u0117 vizualizacija \u2013 tai \u012fgimtas kiekvieno \u017emogaus protinis geb\u0117jimas. Beveik visi ry\u0161kesni\u0173 gyvenimo auk\u0161tum\u0173 pasiek\u0119 \u017emon\u0117s k\u016brybin\u0119 vizualizacij\u0105 pasitelkia net ir kasdieniams tikslams \u012fgyvendinti.  J\u016bs taip pat galite pasitelkti k\u016brybin\u0119 vizualizacij\u0105 ir siekti dideli\u0173, ilgalaiki\u0173 savo gyvenimo tiksl\u0173. Knygos autorius Richardas Websteris pataria, kaip efektyviai \u012fgyvendinti savo svajones netgi tada, kai pakeliui \u012f tiksl\u0105 susiduriate su \u012fvairiomis kli\u016btimis.  Knygoje apra\u0161omi tiek paprasti b\u016bdai , tiek ir sud\u0117tingesn\u0117s veiksmingos technikos, pad\u0117sian\u010dios atgaivinti siel\u0105 ir patobulinti \u012fvairias gyvenimo sritis \u2013 sveikat\u0105, \u017emogi\u0161kuosius santykius, karjeros planus, mokymosi geb\u0117jimus, k\u016brybingum\u0105, finansin\u0119 s\u0117km\u0119. Richard Webster\u00a0(Naujoji Zelandija) daug keliauja po pasaul\u012f, skaito paskaitas ir organizuoja praktinius u\u017esi\u0117mimus dvasin\u0117mis temomis. Jis yra para\u0161\u0119s per 30 knyg\u0173.","robots":{"index":"index","follow":"follow","max-snippet":"max-snippet:-1","max-image-preview":"max-image-preview:large","max-video-preview":"max-video-preview:-1"},"canonical":"https:\/\/skaitytaknyga.lt\/en\/produktas\/richard-webster-kurybine-vizualizacija-pradedantiesiems-demele-knygos-apacioje\/","og_locale":"en_GB","og_type":"article","og_title":"Richard Webster \u201eK\u016brybin\u0117 vizualizacija pradedantiesiems\u201c (d\u0117mel\u0117 knygos apa\u010dioje) - Skaitytaknyga","og_description":"Kiekvienas \u017emogus nesunkiai gali \u012fsivaizduoti, kad jam puikiai sekasi. Ir toks \u012fsivaizdavimas i\u0161ties padeda \u012fgyvendinti svajones.  K\u016brybin\u0117 vizualizacija \u2013 tai \u012fgimtas kiekvieno \u017emogaus protinis geb\u0117jimas. Beveik visi ry\u0161kesni\u0173 gyvenimo auk\u0161tum\u0173 pasiek\u0119 \u017emon\u0117s k\u016brybin\u0119 vizualizacij\u0105 pasitelkia net ir kasdieniams tikslams \u012fgyvendinti.  J\u016bs taip pat galite pasitelkti k\u016brybin\u0119 vizualizacij\u0105 ir siekti dideli\u0173, ilgalaiki\u0173 savo gyvenimo tiksl\u0173. Knygos autorius Richardas Websteris pataria, kaip efektyviai \u012fgyvendinti savo svajones netgi tada, kai pakeliui \u012f tiksl\u0105 susiduriate su \u012fvairiomis kli\u016btimis.  Knygoje apra\u0161omi tiek paprasti b\u016bdai , tiek ir sud\u0117tingesn\u0117s veiksmingos technikos, pad\u0117sian\u010dios atgaivinti siel\u0105 ir patobulinti \u012fvairias gyvenimo sritis \u2013 sveikat\u0105, \u017emogi\u0161kuosius santykius, karjeros planus, mokymosi geb\u0117jimus, k\u016brybingum\u0105, finansin\u0119 s\u0117km\u0119. Richard Webster\u00a0(Naujoji Zelandija) daug keliauja po pasaul\u012f, skaito paskaitas ir organizuoja praktinius u\u017esi\u0117mimus dvasin\u0117mis temomis. Jis yra para\u0161\u0119s per 30 knyg\u0173.","og_url":"https:\/\/skaitytaknyga.lt\/en\/produktas\/richard-webster-kurybine-vizualizacija-pradedantiesiems-demele-knygos-apacioje\/","og_site_name":"Skaitytaknyga","article_publisher":"https:\/\/www.facebook.com\/skaitytaknyga\/","article_modified_time":"2025-10-01T12:40:21+00:00","og_image":[{"width":342,"height":547,"url":"https:\/\/skaitytaknyga.lt\/wp-content\/uploads\/2024\/05\/Be-pavadinimo-34.png","type":"image\/png"}],"twitter_card":"summary_large_image","schema":{"@context":"https:\/\/schema.org","@graph":[{"@type":"WebPage","@id":"https:\/\/skaitytaknyga.lt\/produktas\/richard-webster-kurybine-vizualizacija-pradedantiesiems-demele-knygos-apacioje\/","url":"https:\/\/skaitytaknyga.lt\/produktas\/richard-webster-kurybine-vizualizacija-pradedantiesiems-demele-knygos-apacioje\/","name":"Richard Webster \u201eK\u016brybin\u0117 vizualizacija pradedantiesiems\u201c (d\u0117mel\u0117 knygos apa\u010dioje) - Skaitytaknyga","isPartOf":{"@id":"https:\/\/skaitytaknyga.lt\/#website"},"primaryImageOfPage":{"@id":"https:\/\/skaitytaknyga.lt\/produktas\/richard-webster-kurybine-vizualizacija-pradedantiesiems-demele-knygos-apacioje\/#primaryimage"},"image":{"@id":"https:\/\/skaitytaknyga.lt\/produktas\/richard-webster-kurybine-vizualizacija-pradedantiesiems-demele-knygos-apacioje\/#primaryimage"},"thumbnailUrl":"https:\/\/skaitytaknyga.lt\/wp-content\/uploads\/2024\/05\/Be-pavadinimo-34.png","datePublished":"2024-05-23T07:28:16+00:00","dateModified":"2025-10-01T12:40:21+00:00","description":"Kiekvienas \u017emogus nesunkiai gali \u012fsivaizduoti, kad jam puikiai sekasi. Ir toks \u012fsivaizdavimas i\u0161ties padeda \u012fgyvendinti svajones. K\u016brybin\u0117 vizualizacija \u2013 tai \u012fgimtas kiekvieno \u017emogaus protinis geb\u0117jimas. Beveik visi ry\u0161kesni\u0173 gyvenimo auk\u0161tum\u0173 pasiek\u0119 \u017emon\u0117s k\u016brybin\u0119 vizualizacij\u0105 pasitelkia net ir kasdieniams tikslams \u012fgyvendinti. J\u016bs taip pat galite pasitelkti k\u016brybin\u0119 vizualizacij\u0105 ir siekti dideli\u0173, ilgalaiki\u0173 savo gyvenimo tiksl\u0173. Knygos autorius Richardas Websteris pataria, kaip efektyviai \u012fgyvendinti savo svajones netgi tada, kai pakeliui \u012f tiksl\u0105 susiduriate su \u012fvairiomis kli\u016btimis. Knygoje apra\u0161omi tiek paprasti b\u016bdai , tiek ir sud\u0117tingesn\u0117s veiksmingos technikos, pad\u0117sian\u010dios atgaivinti siel\u0105 ir patobulinti \u012fvairias gyvenimo sritis \u2013 sveikat\u0105, \u017emogi\u0161kuosius santykius, karjeros planus, mokymosi geb\u0117jimus, k\u016brybingum\u0105, finansin\u0119 s\u0117km\u0119. Richard Webster\u00a0(Naujoji Zelandija) daug keliauja po pasaul\u012f, skaito paskaitas ir organizuoja praktinius u\u017esi\u0117mimus dvasin\u0117mis temomis. Jis yra para\u0161\u0119s per 30 knyg\u0173.","breadcrumb":{"@id":"https:\/\/skaitytaknyga.lt\/produktas\/richard-webster-kurybine-vizualizacija-pradedantiesiems-demele-knygos-apacioje\/#breadcrumb"},"inLanguage":"en-GB","potentialAction":[{"@type":"ReadAction","target":["https:\/\/skaitytaknyga.lt\/produktas\/richard-webster-kurybine-vizualizacija-pradedantiesiems-demele-knygos-apacioje\/"]}]},{"@type":"ImageObject","inLanguage":"en-GB","@id":"https:\/\/skaitytaknyga.lt\/produktas\/richard-webster-kurybine-vizualizacija-pradedantiesiems-demele-knygos-apacioje\/#primaryimage","url":"https:\/\/skaitytaknyga.lt\/wp-content\/uploads\/2024\/05\/Be-pavadinimo-34.png","contentUrl":"https:\/\/skaitytaknyga.lt\/wp-content\/uploads\/2024\/05\/Be-pavadinimo-34.png","width":342,"height":547},{"@type":"BreadcrumbList","@id":"https:\/\/skaitytaknyga.lt\/produktas\/richard-webster-kurybine-vizualizacija-pradedantiesiems-demele-knygos-apacioje\/#breadcrumb","itemListElement":[{"@type":"ListItem","position":1,"name":"Home","item":"https:\/\/skaitytaknyga.lt\/"},{"@type":"ListItem","position":2,"name":"Parduotuv\u0117","item":"https:\/\/skaitytaknyga.lt\/knygu-parduotuve\/"},{"@type":"ListItem","position":3,"name":"Richard Webster \u201eK\u016brybin\u0117 vizualizacija pradedantiesiems\u201c (d\u0117mel\u0117 knygos apa\u010dioje)"}]},{"@type":"WebSite","@id":"https:\/\/skaitytaknyga.lt\/#website","url":"https:\/\/skaitytaknyga.lt\/","name":"skaitytaknyga.lt","description":"Skaitytaknyga.lt \u2013 tai ma\u017eas \u0161eimos verslas, kuris prasid\u0117jo nuo meil\u0117s knygoms ir siekio i\u0161gelb\u0117ti knygas nuo likimo prie konteinerio. Kas vienam nereikalingas daiktas \u2013 kitam lobis, o mes esame tarpininkai, kurie padeda abiems tapti laimingesniems ???? \u017dinome kaip nelengva i\u0161gyventi ma\u017eiems verslams, tad nuo \u0161iol, \u010dia rasite ir kit\u0173, ma\u017e\u0173 \u0161eim\u0173 versl\u0173, rank\u0173 darbo, dovan\u0173 sau ir artimiesiems.","publisher":{"@id":"https:\/\/skaitytaknyga.lt\/#organization"},"potentialAction":[{"@type":"SearchAction","target":{"@type":"EntryPoint","urlTemplate":"https:\/\/skaitytaknyga.lt\/?s={search_term_string}"},"query-input":{"@type":"PropertyValueSpecification","valueRequired":true,"valueName":"search_term_string"}}],"inLanguage":"en-GB"},{"@type":"Organization","@id":"https:\/\/skaitytaknyga.lt\/#organization","name":"skaitytaknyga.lt","url":"https:\/\/skaitytaknyga.lt\/","logo":{"@type":"ImageObject","inLanguage":"en-GB","@id":"https:\/\/skaitytaknyga.lt\/#\/schema\/logo\/image\/","url":"https:\/\/skaitytaknyga.lt\/wp-content\/uploads\/2024\/05\/cropped-cropped-cropped-02_00843_jt3bggkj1j3HLc7SyY6rEUpg.jpeg","contentUrl":"https:\/\/skaitytaknyga.lt\/wp-content\/uploads\/2024\/05\/cropped-cropped-cropped-02_00843_jt3bggkj1j3HLc7SyY6rEUpg.jpeg","width":1600,"height":1600,"caption":"skaitytaknyga.lt"},"image":{"@id":"https:\/\/skaitytaknyga.lt\/#\/schema\/logo\/image\/"},"sameAs":["https:\/\/www.facebook.com\/skaitytaknyga\/"]}]}},"_links":{"self":[{"href":"https:\/\/skaitytaknyga.lt\/en\/wp-json\/wp\/v2\/product\/11776","targetHints":{"allow":["GET"]}}],"collection":[{"href":"https:\/\/skaitytaknyga.lt\/en\/wp-json\/wp\/v2\/product"}],"about":[{"href":"https:\/\/skaitytaknyga.lt\/en\/wp-json\/wp\/v2\/types\/product"}],"replies":[{"embeddable":true,"href":"https:\/\/skaitytaknyga.lt\/en\/wp-json\/wp\/v2\/comments?post=11776"}],"wp:featuredmedia":[{"embeddable":true,"href":"https:\/\/skaitytaknyga.lt\/en\/wp-json\/wp\/v2\/media\/11777"}],"wp:attachment":[{"href":"https:\/\/skaitytaknyga.lt\/en\/wp-json\/wp\/v2\/media?parent=11776"}],"wp:term":[{"taxonomy":"product_brand","embeddable":true,"href":"https:\/\/skaitytaknyga.lt\/en\/wp-json\/wp\/v2\/product_brand?post=11776"},{"taxonomy":"product_cat","embeddable":true,"href":"https:\/\/skaitytaknyga.lt\/en\/wp-json\/wp\/v2\/product_cat?post=11776"},{"taxonomy":"product_tag","embeddable":true,"href":"https:\/\/skaitytaknyga.lt\/en\/wp-json\/wp\/v2\/product_tag?post=11776"}],"curies":[{"name":"wp","href":"https:\/\/api.w.org\/{rel}","templated":true}]}}