{"id":11772,"date":"2024-05-22T12:54:48","date_gmt":"2024-05-22T12:54:48","guid":{"rendered":"https:\/\/skaitytaknyga.lt\/?post_type=product&#038;p=11772"},"modified":"2026-03-18T12:35:52","modified_gmt":"2026-03-18T10:35:52","slug":"kristina-sabaliauskaite-petro-imperatore-1-2-dalys","status":"publish","type":"product","link":"https:\/\/skaitytaknyga.lt\/en\/produktas\/kristina-sabaliauskaite-petro-imperatore-1-2-dalys\/","title":{"rendered":"Petro Imperator\u0117 1-2 dalys"},"content":{"rendered":"<p>Laikrodis mu\u0161a devynias. Prasideda paskutin\u0117 imperator\u0117s gyvenimo para. I\u0161 mir\u0161tan\u010dio k\u016bno realiuoju laiku ir pirmuoju asmeniu pasakojama Jos Istorija: kitokia nei vyr\u0173 ra\u0161ytuose istorijos vadov\u0117liuose.<\/p>\n<p>Vos penkeri\u0173 likusi na\u0161laite, jaunyst\u0117je patyrusi tarnait\u0117s, skalb\u0117jos, karo belaisv\u0117s, sekso verg\u0117s dali\u0105. Tapusi lietuvi\u0173 kilm\u0117s favorito Aleksandro Men\u0161ikovo slapta mylim\u0105ja, v\u0117liau \u2013 jo geriausio bi\u010diulio Petro I meilu\u017ee bei \u017emona. Tarp dviej\u0173 lietuvi\u0173 ir Rusijos caro nuo pat prad\u017ei\u0173 pulsuoja \u012ftampos kupinas meil\u0117s ir draugyst\u0117s trikampis, kuris kelia nuolatin\u0119 dvejon\u0119: kas kuo manipuliuoja, kas yra auka, kas \u2013 suved\u017eiotojas, o kas s\u0105vadautojas. Ir klausim\u0105: koki\u0105 dali\u0105 lemia galia, kas tai \u2013 pasaka ar tragedija?<\/p>\n<p>Tai pasakojimas apie Ryt\u0173 ir Vakar\u0173 kult\u016br\u0173, mentalitet\u0173 sand\u016br\u0105 vienoje toksi\u0161koje santuokoje. Apie laik\u0105 ir prievart\u0105. Apie psichologin\u0119 ir alkoholin\u0119 priklausomyb\u0119, skilusias ir save perkurian\u010dias asmenybes, griaunant\u012f kar\u0105 ir nemar\u0173 gro\u017e\u012f gimdan\u010dias svajones.<\/p>\n","protected":false},"excerpt":{"rendered":"<p>Laikrodis mu\u0161a devynias. Prasideda paskutin\u0117 imperator\u0117s gyvenimo para. I\u0161 mir\u0161tan\u010dio k\u016bno realiuoju laiku ir pirmuoju asmeniu pasakojama Jos Istorija: kitokia nei vyr\u0173 ra\u0161ytuose istorijos vadov\u0117liuose.<\/p>\n<p>Vos penkeri\u0173 likusi na\u0161laite, jaunyst\u0117je patyrusi tarnait\u0117s, skalb\u0117jos, karo belaisv\u0117s, sekso verg\u0117s dali\u0105. Tapusi lietuvi\u0173 kilm\u0117s favorito Aleksandro Men\u0161ikovo slapta mylim\u0105ja, v\u0117liau \u2013 jo geriausio bi\u010diulio Petro I meilu\u017ee bei \u017emona. Tarp dviej\u0173 lietuvi\u0173 ir Rusijos caro nuo pat prad\u017ei\u0173 pulsuoja \u012ftampos kupinas meil\u0117s ir draugyst\u0117s trikampis, kuris kelia nuolatin\u0119 dvejon\u0119: kas kuo manipuliuoja, kas yra auka, kas \u2013 suved\u017eiotojas, o kas s\u0105vadautojas. Ir klausim\u0105: koki\u0105 dali\u0105 lemia galia, kas tai \u2013 pasaka ar tragedija?<\/p>\n<p>Tai pasakojimas apie Ryt\u0173 ir Vakar\u0173 kult\u016br\u0173, mentalitet\u0173 sand\u016br\u0105 vienoje toksi\u0161koje santuokoje. Apie laik\u0105 ir prievart\u0105. Apie psichologin\u0119 ir alkoholin\u0119 priklausomyb\u0119, skilusias ir save perkurian\u010dias asmenybes, griaunant\u012f kar\u0105 ir nemar\u0173 gro\u017e\u012f gimdan\u010dias svajones.<\/p>\n","protected":false},"featured_media":11773,"comment_status":"closed","ping_status":"closed","template":"","meta":{"_acf_changed":false,"site-sidebar-layout":"default","site-content-layout":"","ast-site-content-layout":"default","site-content-style":"default","site-sidebar-style":"default","ast-global-header-display":"","ast-banner-title-visibility":"","ast-main-header-display":"","ast-hfb-above-header-display":"","ast-hfb-below-header-display":"","ast-hfb-mobile-header-display":"","site-post-title":"","ast-breadcrumbs-content":"","ast-featured-img":"","footer-sml-layout":"","ast-disable-related-posts":"","theme-transparent-header-meta":"","adv-header-id-meta":"","stick-header-meta":"","header-above-stick-meta":"","header-main-stick-meta":"","header-below-stick-meta":"","astra-migrate-meta-layouts":"default","ast-page-background-enabled":"default","ast-page-background-meta":{"desktop":{"background-color":"","background-image":"","background-repeat":"repeat","background-position":"center center","background-size":"auto","background-attachment":"scroll","background-type":"","background-media":"","overlay-type":"","overlay-color":"","overlay-opacity":"","overlay-gradient":""},"tablet":{"background-color":"","background-image":"","background-repeat":"repeat","background-position":"center center","background-size":"auto","background-attachment":"scroll","background-type":"","background-media":"","overlay-type":"","overlay-color":"","overlay-opacity":"","overlay-gradient":""},"mobile":{"background-color":"","background-image":"","background-repeat":"repeat","background-position":"center center","background-size":"auto","background-attachment":"scroll","background-type":"","background-media":"","overlay-type":"","overlay-color":"","overlay-opacity":"","overlay-gradient":""}},"ast-content-background-meta":{"desktop":{"background-color":"var(--ast-global-color-4)","background-image":"","background-repeat":"repeat","background-position":"center center","background-size":"auto","background-attachment":"scroll","background-type":"","background-media":"","overlay-type":"","overlay-color":"","overlay-opacity":"","overlay-gradient":""},"tablet":{"background-color":"var(--ast-global-color-4)","background-image":"","background-repeat":"repeat","background-position":"center center","background-size":"auto","background-attachment":"scroll","background-type":"","background-media":"","overlay-type":"","overlay-color":"","overlay-opacity":"","overlay-gradient":""},"mobile":{"background-color":"var(--ast-global-color-4)","background-image":"","background-repeat":"repeat","background-position":"center center","background-size":"auto","background-attachment":"scroll","background-type":"","background-media":"","overlay-type":"","overlay-color":"","overlay-opacity":"","overlay-gradient":""}}},"product_brand":[],"product_cat":[9618,9590],"product_tag":[4499,2069,4497,4498,2448],"class_list":{"0":"post-11772","1":"product","2":"type-product","3":"status-publish","4":"has-post-thumbnail","6":"product_cat-istoriniai-romanai","7":"product_cat-lietuviu-literatura","8":"product_tag-imperatore","9":"product_tag-istorinis-romanas","10":"product_tag-kristina-sabaliauskaite","11":"product_tag-petro-imperatore","12":"product_tag-rusija","13":"desktop-align-left","14":"tablet-align-left","15":"mobile-align-left","17":"first","18":"instock","19":"shipping-taxable","20":"purchasable","21":"product-type-simple"},"acf":[],"yoast_head":"<!-- This site is optimized with the Yoast SEO plugin v27.0 - https:\/\/yoast.com\/product\/yoast-seo-wordpress\/ -->\n<title>Petro Imperator\u0117 1-2 dalys<\/title>\n<meta name=\"description\" content=\"Laikrodis mu\u0161a devynias. Prasideda paskutin\u0117 imperator\u0117s gyvenimo para. I\u0161 mir\u0161tan\u010dio k\u016bno realiuoju laiku ir pirmuoju asmeniu pasakojama Jos Istorija: kitokia nei vyr\u0173 ra\u0161ytuose istorijos vadov\u0117liuose.  Vos penkeri\u0173 likusi na\u0161laite, jaunyst\u0117je patyrusi tarnait\u0117s, skalb\u0117jos, karo belaisv\u0117s, sekso verg\u0117s dali\u0105. Tapusi lietuvi\u0173 kilm\u0117s favorito Aleksandro Men\u0161ikovo slapta mylim\u0105ja, v\u0117liau \u2013 jo geriausio bi\u010diulio Petro I meilu\u017ee bei \u017emona. Tarp dviej\u0173 lietuvi\u0173 ir Rusijos caro nuo pat prad\u017ei\u0173 pulsuoja \u012ftampos kupinas meil\u0117s ir draugyst\u0117s trikampis, kuris kelia nuolatin\u0119 dvejon\u0119: kas kuo manipuliuoja, kas yra auka, kas \u2013 suved\u017eiotojas, o kas s\u0105vadautojas. Ir klausim\u0105: koki\u0105 dali\u0105 lemia galia, kas tai \u2013 pasaka ar tragedija?  Tai pasakojimas apie Ryt\u0173 ir Vakar\u0173 kult\u016br\u0173, mentalitet\u0173 sand\u016br\u0105 vienoje toksi\u0161koje santuokoje. Apie laik\u0105 ir prievart\u0105. Apie psichologin\u0119 ir alkoholin\u0119 priklausomyb\u0119, skilusias ir save perkurian\u010dias asmenybes, griaunant\u012f kar\u0105 ir nemar\u0173 gro\u017e\u012f gimdan\u010dias svajones.\" \/>\n<meta name=\"robots\" content=\"index, follow, max-snippet:-1, max-image-preview:large, max-video-preview:-1\" \/>\n<link rel=\"canonical\" href=\"https:\/\/skaitytaknyga.lt\/en\/produktas\/kristina-sabaliauskaite-petro-imperatore-1-2-dalys\/\" \/>\n<meta property=\"og:locale\" content=\"en_GB\" \/>\n<meta property=\"og:locale:alternate\" content=\"lt_LT\" \/>\n<meta property=\"og:type\" content=\"article\" \/>\n<meta property=\"og:title\" content=\"Petro Imperator\u0117 1-2 dalys\" \/>\n<meta property=\"og:description\" content=\"Laikrodis mu\u0161a devynias. Prasideda paskutin\u0117 imperator\u0117s gyvenimo para. I\u0161 mir\u0161tan\u010dio k\u016bno realiuoju laiku ir pirmuoju asmeniu pasakojama Jos Istorija: kitokia nei vyr\u0173 ra\u0161ytuose istorijos vadov\u0117liuose.  Vos penkeri\u0173 likusi na\u0161laite, jaunyst\u0117je patyrusi tarnait\u0117s, skalb\u0117jos, karo belaisv\u0117s, sekso verg\u0117s dali\u0105. Tapusi lietuvi\u0173 kilm\u0117s favorito Aleksandro Men\u0161ikovo slapta mylim\u0105ja, v\u0117liau \u2013 jo geriausio bi\u010diulio Petro I meilu\u017ee bei \u017emona. Tarp dviej\u0173 lietuvi\u0173 ir Rusijos caro nuo pat prad\u017ei\u0173 pulsuoja \u012ftampos kupinas meil\u0117s ir draugyst\u0117s trikampis, kuris kelia nuolatin\u0119 dvejon\u0119: kas kuo manipuliuoja, kas yra auka, kas \u2013 suved\u017eiotojas, o kas s\u0105vadautojas. Ir klausim\u0105: koki\u0105 dali\u0105 lemia galia, kas tai \u2013 pasaka ar tragedija?  Tai pasakojimas apie Ryt\u0173 ir Vakar\u0173 kult\u016br\u0173, mentalitet\u0173 sand\u016br\u0105 vienoje toksi\u0161koje santuokoje. Apie laik\u0105 ir prievart\u0105. Apie psichologin\u0119 ir alkoholin\u0119 priklausomyb\u0119, skilusias ir save perkurian\u010dias asmenybes, griaunant\u012f kar\u0105 ir nemar\u0173 gro\u017e\u012f gimdan\u010dias svajones.\" \/>\n<meta property=\"og:url\" content=\"https:\/\/skaitytaknyga.lt\/en\/produktas\/kristina-sabaliauskaite-petro-imperatore-1-2-dalys\/\" \/>\n<meta property=\"og:site_name\" content=\"Skaitytaknyga\" \/>\n<meta property=\"article:publisher\" content=\"https:\/\/www.facebook.com\/skaitytaknyga\/\" \/>\n<meta property=\"article:modified_time\" content=\"2026-03-18T10:35:52+00:00\" \/>\n<meta property=\"og:image\" content=\"https:\/\/skaitytaknyga.lt\/wp-content\/uploads\/2024\/05\/BeFunky-collage-2-scaled-1.jpg\" \/>\n\t<meta property=\"og:image:width\" content=\"2560\" \/>\n\t<meta property=\"og:image:height\" content=\"1781\" \/>\n\t<meta property=\"og:image:type\" content=\"image\/jpeg\" \/>\n<meta name=\"twitter:card\" content=\"summary_large_image\" \/>\n<meta name=\"twitter:label1\" content=\"Estimated reading time\" \/>\n\t<meta name=\"twitter:data1\" content=\"1 minute\" \/>\n<script type=\"application\/ld+json\" class=\"yoast-schema-graph\">{\"@context\":\"https:\/\/schema.org\",\"@graph\":[{\"@type\":\"WebPage\",\"@id\":\"https:\/\/skaitytaknyga.lt\/produktas\/kristina-sabaliauskaite-petro-imperatore-1-2-dalys\/\",\"url\":\"https:\/\/skaitytaknyga.lt\/produktas\/kristina-sabaliauskaite-petro-imperatore-1-2-dalys\/\",\"name\":\"Petro Imperator\u0117 1-2 dalys\",\"isPartOf\":{\"@id\":\"https:\/\/skaitytaknyga.lt\/#website\"},\"primaryImageOfPage\":{\"@id\":\"https:\/\/skaitytaknyga.lt\/produktas\/kristina-sabaliauskaite-petro-imperatore-1-2-dalys\/#primaryimage\"},\"image\":{\"@id\":\"https:\/\/skaitytaknyga.lt\/produktas\/kristina-sabaliauskaite-petro-imperatore-1-2-dalys\/#primaryimage\"},\"thumbnailUrl\":\"https:\/\/skaitytaknyga.lt\/wp-content\/uploads\/2024\/05\/BeFunky-collage-2-scaled-1.jpg\",\"datePublished\":\"2024-05-22T12:54:48+00:00\",\"dateModified\":\"2026-03-18T10:35:52+00:00\",\"description\":\"Laikrodis mu\u0161a devynias. Prasideda paskutin\u0117 imperator\u0117s gyvenimo para. I\u0161 mir\u0161tan\u010dio k\u016bno realiuoju laiku ir pirmuoju asmeniu pasakojama Jos Istorija: kitokia nei vyr\u0173 ra\u0161ytuose istorijos vadov\u0117liuose. Vos penkeri\u0173 likusi na\u0161laite, jaunyst\u0117je patyrusi tarnait\u0117s, skalb\u0117jos, karo belaisv\u0117s, sekso verg\u0117s dali\u0105. Tapusi lietuvi\u0173 kilm\u0117s favorito Aleksandro Men\u0161ikovo slapta mylim\u0105ja, v\u0117liau \u2013 jo geriausio bi\u010diulio Petro I meilu\u017ee bei \u017emona. Tarp dviej\u0173 lietuvi\u0173 ir Rusijos caro nuo pat prad\u017ei\u0173 pulsuoja \u012ftampos kupinas meil\u0117s ir draugyst\u0117s trikampis, kuris kelia nuolatin\u0119 dvejon\u0119: kas kuo manipuliuoja, kas yra auka, kas \u2013 suved\u017eiotojas, o kas s\u0105vadautojas. Ir klausim\u0105: koki\u0105 dali\u0105 lemia galia, kas tai \u2013 pasaka ar tragedija? Tai pasakojimas apie Ryt\u0173 ir Vakar\u0173 kult\u016br\u0173, mentalitet\u0173 sand\u016br\u0105 vienoje toksi\u0161koje santuokoje. Apie laik\u0105 ir prievart\u0105. Apie psichologin\u0119 ir alkoholin\u0119 priklausomyb\u0119, skilusias ir save perkurian\u010dias asmenybes, griaunant\u012f kar\u0105 ir nemar\u0173 gro\u017e\u012f gimdan\u010dias svajones.\",\"breadcrumb\":{\"@id\":\"https:\/\/skaitytaknyga.lt\/produktas\/kristina-sabaliauskaite-petro-imperatore-1-2-dalys\/#breadcrumb\"},\"inLanguage\":\"en-GB\",\"potentialAction\":[{\"@type\":\"ReadAction\",\"target\":[\"https:\/\/skaitytaknyga.lt\/produktas\/kristina-sabaliauskaite-petro-imperatore-1-2-dalys\/\"]}]},{\"@type\":\"ImageObject\",\"inLanguage\":\"en-GB\",\"@id\":\"https:\/\/skaitytaknyga.lt\/produktas\/kristina-sabaliauskaite-petro-imperatore-1-2-dalys\/#primaryimage\",\"url\":\"https:\/\/skaitytaknyga.lt\/wp-content\/uploads\/2024\/05\/BeFunky-collage-2-scaled-1.jpg\",\"contentUrl\":\"https:\/\/skaitytaknyga.lt\/wp-content\/uploads\/2024\/05\/BeFunky-collage-2-scaled-1.jpg\",\"width\":2560,\"height\":1781},{\"@type\":\"BreadcrumbList\",\"@id\":\"https:\/\/skaitytaknyga.lt\/produktas\/kristina-sabaliauskaite-petro-imperatore-1-2-dalys\/#breadcrumb\",\"itemListElement\":[{\"@type\":\"ListItem\",\"position\":1,\"name\":\"Home\",\"item\":\"https:\/\/skaitytaknyga.lt\/\"},{\"@type\":\"ListItem\",\"position\":2,\"name\":\"Parduotuv\u0117\",\"item\":\"https:\/\/skaitytaknyga.lt\/knygu-parduotuve\/\"},{\"@type\":\"ListItem\",\"position\":3,\"name\":\"Petro Imperator\u0117 1-2 dalys\"}]},{\"@type\":\"WebSite\",\"@id\":\"https:\/\/skaitytaknyga.lt\/#website\",\"url\":\"https:\/\/skaitytaknyga.lt\/\",\"name\":\"skaitytaknyga.lt\",\"description\":\"Skaitytaknyga.lt \u2013 tai ma\u017eas \u0161eimos verslas, kuris prasid\u0117jo nuo meil\u0117s knygoms ir siekio i\u0161gelb\u0117ti knygas nuo likimo prie konteinerio. Kas vienam nereikalingas daiktas \u2013 kitam lobis, o mes esame tarpininkai, kurie padeda abiems tapti laimingesniems ???? \u017dinome kaip nelengva i\u0161gyventi ma\u017eiems verslams, tad nuo \u0161iol, \u010dia rasite ir kit\u0173, ma\u017e\u0173 \u0161eim\u0173 versl\u0173, rank\u0173 darbo, dovan\u0173 sau ir artimiesiems.\",\"publisher\":{\"@id\":\"https:\/\/skaitytaknyga.lt\/#organization\"},\"potentialAction\":[{\"@type\":\"SearchAction\",\"target\":{\"@type\":\"EntryPoint\",\"urlTemplate\":\"https:\/\/skaitytaknyga.lt\/?s={search_term_string}\"},\"query-input\":{\"@type\":\"PropertyValueSpecification\",\"valueRequired\":true,\"valueName\":\"search_term_string\"}}],\"inLanguage\":\"en-GB\"},{\"@type\":\"Organization\",\"@id\":\"https:\/\/skaitytaknyga.lt\/#organization\",\"name\":\"skaitytaknyga.lt\",\"url\":\"https:\/\/skaitytaknyga.lt\/\",\"logo\":{\"@type\":\"ImageObject\",\"inLanguage\":\"en-GB\",\"@id\":\"https:\/\/skaitytaknyga.lt\/#\/schema\/logo\/image\/\",\"url\":\"https:\/\/skaitytaknyga.lt\/wp-content\/uploads\/2024\/05\/cropped-cropped-cropped-02_00843_jt3bggkj1j3HLc7SyY6rEUpg.jpeg\",\"contentUrl\":\"https:\/\/skaitytaknyga.lt\/wp-content\/uploads\/2024\/05\/cropped-cropped-cropped-02_00843_jt3bggkj1j3HLc7SyY6rEUpg.jpeg\",\"width\":1600,\"height\":1600,\"caption\":\"skaitytaknyga.lt\"},\"image\":{\"@id\":\"https:\/\/skaitytaknyga.lt\/#\/schema\/logo\/image\/\"},\"sameAs\":[\"https:\/\/www.facebook.com\/skaitytaknyga\/\"]}]}<\/script>\n<!-- \/ Yoast SEO plugin. -->","yoast_head_json":{"title":"Petro Imperator\u0117 1-2 dalys","description":"Laikrodis mu\u0161a devynias. Prasideda paskutin\u0117 imperator\u0117s gyvenimo para. I\u0161 mir\u0161tan\u010dio k\u016bno realiuoju laiku ir pirmuoju asmeniu pasakojama Jos Istorija: kitokia nei vyr\u0173 ra\u0161ytuose istorijos vadov\u0117liuose.  Vos penkeri\u0173 likusi na\u0161laite, jaunyst\u0117je patyrusi tarnait\u0117s, skalb\u0117jos, karo belaisv\u0117s, sekso verg\u0117s dali\u0105. Tapusi lietuvi\u0173 kilm\u0117s favorito Aleksandro Men\u0161ikovo slapta mylim\u0105ja, v\u0117liau \u2013 jo geriausio bi\u010diulio Petro I meilu\u017ee bei \u017emona. Tarp dviej\u0173 lietuvi\u0173 ir Rusijos caro nuo pat prad\u017ei\u0173 pulsuoja \u012ftampos kupinas meil\u0117s ir draugyst\u0117s trikampis, kuris kelia nuolatin\u0119 dvejon\u0119: kas kuo manipuliuoja, kas yra auka, kas \u2013 suved\u017eiotojas, o kas s\u0105vadautojas. Ir klausim\u0105: koki\u0105 dali\u0105 lemia galia, kas tai \u2013 pasaka ar tragedija?  Tai pasakojimas apie Ryt\u0173 ir Vakar\u0173 kult\u016br\u0173, mentalitet\u0173 sand\u016br\u0105 vienoje toksi\u0161koje santuokoje. Apie laik\u0105 ir prievart\u0105. Apie psichologin\u0119 ir alkoholin\u0119 priklausomyb\u0119, skilusias ir save perkurian\u010dias asmenybes, griaunant\u012f kar\u0105 ir nemar\u0173 gro\u017e\u012f gimdan\u010dias svajones.","robots":{"index":"index","follow":"follow","max-snippet":"max-snippet:-1","max-image-preview":"max-image-preview:large","max-video-preview":"max-video-preview:-1"},"canonical":"https:\/\/skaitytaknyga.lt\/en\/produktas\/kristina-sabaliauskaite-petro-imperatore-1-2-dalys\/","og_locale":"en_GB","og_type":"article","og_title":"[:lt]Petro Imperator\u0117 1-2 dalys[:] - Skaitytaknyga","og_description":"Laikrodis mu\u0161a devynias. Prasideda paskutin\u0117 imperator\u0117s gyvenimo para. I\u0161 mir\u0161tan\u010dio k\u016bno realiuoju laiku ir pirmuoju asmeniu pasakojama Jos Istorija: kitokia nei vyr\u0173 ra\u0161ytuose istorijos vadov\u0117liuose.  Vos penkeri\u0173 likusi na\u0161laite, jaunyst\u0117je patyrusi tarnait\u0117s, skalb\u0117jos, karo belaisv\u0117s, sekso verg\u0117s dali\u0105. Tapusi lietuvi\u0173 kilm\u0117s favorito Aleksandro Men\u0161ikovo slapta mylim\u0105ja, v\u0117liau \u2013 jo geriausio bi\u010diulio Petro I meilu\u017ee bei \u017emona. Tarp dviej\u0173 lietuvi\u0173 ir Rusijos caro nuo pat prad\u017ei\u0173 pulsuoja \u012ftampos kupinas meil\u0117s ir draugyst\u0117s trikampis, kuris kelia nuolatin\u0119 dvejon\u0119: kas kuo manipuliuoja, kas yra auka, kas \u2013 suved\u017eiotojas, o kas s\u0105vadautojas. Ir klausim\u0105: koki\u0105 dali\u0105 lemia galia, kas tai \u2013 pasaka ar tragedija?  Tai pasakojimas apie Ryt\u0173 ir Vakar\u0173 kult\u016br\u0173, mentalitet\u0173 sand\u016br\u0105 vienoje toksi\u0161koje santuokoje. Apie laik\u0105 ir prievart\u0105. Apie psichologin\u0119 ir alkoholin\u0119 priklausomyb\u0119, skilusias ir save perkurian\u010dias asmenybes, griaunant\u012f kar\u0105 ir nemar\u0173 gro\u017e\u012f gimdan\u010dias svajones.","og_url":"https:\/\/skaitytaknyga.lt\/en\/produktas\/kristina-sabaliauskaite-petro-imperatore-1-2-dalys\/","og_site_name":"Skaitytaknyga","article_publisher":"https:\/\/www.facebook.com\/skaitytaknyga\/","article_modified_time":"2026-03-18T10:35:52+00:00","og_image":[{"width":2560,"height":1781,"url":"https:\/\/skaitytaknyga.lt\/wp-content\/uploads\/2024\/05\/BeFunky-collage-2-scaled-1.jpg","type":"image\/jpeg"}],"twitter_card":"summary_large_image","twitter_misc":{"Estimated reading time":"1 minute"},"schema":{"@context":"https:\/\/schema.org","@graph":[{"@type":"WebPage","@id":"https:\/\/skaitytaknyga.lt\/produktas\/kristina-sabaliauskaite-petro-imperatore-1-2-dalys\/","url":"https:\/\/skaitytaknyga.lt\/produktas\/kristina-sabaliauskaite-petro-imperatore-1-2-dalys\/","name":"Petro Imperator\u0117 1-2 dalys","isPartOf":{"@id":"https:\/\/skaitytaknyga.lt\/#website"},"primaryImageOfPage":{"@id":"https:\/\/skaitytaknyga.lt\/produktas\/kristina-sabaliauskaite-petro-imperatore-1-2-dalys\/#primaryimage"},"image":{"@id":"https:\/\/skaitytaknyga.lt\/produktas\/kristina-sabaliauskaite-petro-imperatore-1-2-dalys\/#primaryimage"},"thumbnailUrl":"https:\/\/skaitytaknyga.lt\/wp-content\/uploads\/2024\/05\/BeFunky-collage-2-scaled-1.jpg","datePublished":"2024-05-22T12:54:48+00:00","dateModified":"2026-03-18T10:35:52+00:00","description":"Laikrodis mu\u0161a devynias. Prasideda paskutin\u0117 imperator\u0117s gyvenimo para. I\u0161 mir\u0161tan\u010dio k\u016bno realiuoju laiku ir pirmuoju asmeniu pasakojama Jos Istorija: kitokia nei vyr\u0173 ra\u0161ytuose istorijos vadov\u0117liuose. Vos penkeri\u0173 likusi na\u0161laite, jaunyst\u0117je patyrusi tarnait\u0117s, skalb\u0117jos, karo belaisv\u0117s, sekso verg\u0117s dali\u0105. Tapusi lietuvi\u0173 kilm\u0117s favorito Aleksandro Men\u0161ikovo slapta mylim\u0105ja, v\u0117liau \u2013 jo geriausio bi\u010diulio Petro I meilu\u017ee bei \u017emona. Tarp dviej\u0173 lietuvi\u0173 ir Rusijos caro nuo pat prad\u017ei\u0173 pulsuoja \u012ftampos kupinas meil\u0117s ir draugyst\u0117s trikampis, kuris kelia nuolatin\u0119 dvejon\u0119: kas kuo manipuliuoja, kas yra auka, kas \u2013 suved\u017eiotojas, o kas s\u0105vadautojas. Ir klausim\u0105: koki\u0105 dali\u0105 lemia galia, kas tai \u2013 pasaka ar tragedija? Tai pasakojimas apie Ryt\u0173 ir Vakar\u0173 kult\u016br\u0173, mentalitet\u0173 sand\u016br\u0105 vienoje toksi\u0161koje santuokoje. Apie laik\u0105 ir prievart\u0105. Apie psichologin\u0119 ir alkoholin\u0119 priklausomyb\u0119, skilusias ir save perkurian\u010dias asmenybes, griaunant\u012f kar\u0105 ir nemar\u0173 gro\u017e\u012f gimdan\u010dias svajones.","breadcrumb":{"@id":"https:\/\/skaitytaknyga.lt\/produktas\/kristina-sabaliauskaite-petro-imperatore-1-2-dalys\/#breadcrumb"},"inLanguage":"en-GB","potentialAction":[{"@type":"ReadAction","target":["https:\/\/skaitytaknyga.lt\/produktas\/kristina-sabaliauskaite-petro-imperatore-1-2-dalys\/"]}]},{"@type":"ImageObject","inLanguage":"en-GB","@id":"https:\/\/skaitytaknyga.lt\/produktas\/kristina-sabaliauskaite-petro-imperatore-1-2-dalys\/#primaryimage","url":"https:\/\/skaitytaknyga.lt\/wp-content\/uploads\/2024\/05\/BeFunky-collage-2-scaled-1.jpg","contentUrl":"https:\/\/skaitytaknyga.lt\/wp-content\/uploads\/2024\/05\/BeFunky-collage-2-scaled-1.jpg","width":2560,"height":1781},{"@type":"BreadcrumbList","@id":"https:\/\/skaitytaknyga.lt\/produktas\/kristina-sabaliauskaite-petro-imperatore-1-2-dalys\/#breadcrumb","itemListElement":[{"@type":"ListItem","position":1,"name":"Home","item":"https:\/\/skaitytaknyga.lt\/"},{"@type":"ListItem","position":2,"name":"Parduotuv\u0117","item":"https:\/\/skaitytaknyga.lt\/knygu-parduotuve\/"},{"@type":"ListItem","position":3,"name":"Petro Imperator\u0117 1-2 dalys"}]},{"@type":"WebSite","@id":"https:\/\/skaitytaknyga.lt\/#website","url":"https:\/\/skaitytaknyga.lt\/","name":"skaitytaknyga.lt","description":"Skaitytaknyga.lt \u2013 tai ma\u017eas \u0161eimos verslas, kuris prasid\u0117jo nuo meil\u0117s knygoms ir siekio i\u0161gelb\u0117ti knygas nuo likimo prie konteinerio. Kas vienam nereikalingas daiktas \u2013 kitam lobis, o mes esame tarpininkai, kurie padeda abiems tapti laimingesniems ???? \u017dinome kaip nelengva i\u0161gyventi ma\u017eiems verslams, tad nuo \u0161iol, \u010dia rasite ir kit\u0173, ma\u017e\u0173 \u0161eim\u0173 versl\u0173, rank\u0173 darbo, dovan\u0173 sau ir artimiesiems.","publisher":{"@id":"https:\/\/skaitytaknyga.lt\/#organization"},"potentialAction":[{"@type":"SearchAction","target":{"@type":"EntryPoint","urlTemplate":"https:\/\/skaitytaknyga.lt\/?s={search_term_string}"},"query-input":{"@type":"PropertyValueSpecification","valueRequired":true,"valueName":"search_term_string"}}],"inLanguage":"en-GB"},{"@type":"Organization","@id":"https:\/\/skaitytaknyga.lt\/#organization","name":"skaitytaknyga.lt","url":"https:\/\/skaitytaknyga.lt\/","logo":{"@type":"ImageObject","inLanguage":"en-GB","@id":"https:\/\/skaitytaknyga.lt\/#\/schema\/logo\/image\/","url":"https:\/\/skaitytaknyga.lt\/wp-content\/uploads\/2024\/05\/cropped-cropped-cropped-02_00843_jt3bggkj1j3HLc7SyY6rEUpg.jpeg","contentUrl":"https:\/\/skaitytaknyga.lt\/wp-content\/uploads\/2024\/05\/cropped-cropped-cropped-02_00843_jt3bggkj1j3HLc7SyY6rEUpg.jpeg","width":1600,"height":1600,"caption":"skaitytaknyga.lt"},"image":{"@id":"https:\/\/skaitytaknyga.lt\/#\/schema\/logo\/image\/"},"sameAs":["https:\/\/www.facebook.com\/skaitytaknyga\/"]}]}},"_links":{"self":[{"href":"https:\/\/skaitytaknyga.lt\/en\/wp-json\/wp\/v2\/product\/11772","targetHints":{"allow":["GET"]}}],"collection":[{"href":"https:\/\/skaitytaknyga.lt\/en\/wp-json\/wp\/v2\/product"}],"about":[{"href":"https:\/\/skaitytaknyga.lt\/en\/wp-json\/wp\/v2\/types\/product"}],"replies":[{"embeddable":true,"href":"https:\/\/skaitytaknyga.lt\/en\/wp-json\/wp\/v2\/comments?post=11772"}],"wp:featuredmedia":[{"embeddable":true,"href":"https:\/\/skaitytaknyga.lt\/en\/wp-json\/wp\/v2\/media\/11773"}],"wp:attachment":[{"href":"https:\/\/skaitytaknyga.lt\/en\/wp-json\/wp\/v2\/media?parent=11772"}],"wp:term":[{"taxonomy":"product_brand","embeddable":true,"href":"https:\/\/skaitytaknyga.lt\/en\/wp-json\/wp\/v2\/product_brand?post=11772"},{"taxonomy":"product_cat","embeddable":true,"href":"https:\/\/skaitytaknyga.lt\/en\/wp-json\/wp\/v2\/product_cat?post=11772"},{"taxonomy":"product_tag","embeddable":true,"href":"https:\/\/skaitytaknyga.lt\/en\/wp-json\/wp\/v2\/product_tag?post=11772"}],"curies":[{"name":"wp","href":"https:\/\/api.w.org\/{rel}","templated":true}]}}