{"id":11770,"date":"2024-05-22T15:51:19","date_gmt":"2024-05-22T12:51:19","guid":{"rendered":"https:\/\/skaitytaknyga.lt\/?post_type=product&#038;p=11770"},"modified":"2026-03-17T11:49:05","modified_gmt":"2026-03-17T09:49:05","slug":"mario-puzo-mama-liucija","status":"publish","type":"product","link":"https:\/\/skaitytaknyga.lt\/en\/produktas\/mario-puzo-mama-liucija\/","title":{"rendered":"Mama Liu\u010dija"},"content":{"rendered":"<p>\u201eMam\u0105 Liu\u010dij\u0105&#8221; a\u0161 laikau geriausiu ir labiausiai asmeni\u0161ku romanu.<\/p>\n<p>MARIO PUZO<\/p>\n<p>\u201e\u0160\u012f k\u016brin\u012f galite vadinti \u201eKrik\u0161tamote&#8221;. Liu\u010dija Santa Angelu\u010di-Korbo gali b\u016bti lengvai tapatinama su Donu Korleone: a\u0161traus proto, tvirta valstiet\u0117, atva\u017eiavusi \u012f Nauj\u0105j\u012f pasaul\u012f tam, kad i\u0161tek\u0117t\u0173 u\u017e beveik nepa\u017e\u012fstamo, labai seniai matyto vyro&#8230; Autorius su meile, bet nepagra\u017eindamas atkuria Niujorko \u017demutinio Vest Saido gatv\u0117s gyvenim\u0105&#8230; Jei dar nesate Puzo gerb\u0117jas, perskait\u0119 \u0161i\u0105 \u012fsp\u016bdingai para\u0161yt\u0105 ir labai jaudinan\u010di\u0105 knyg\u0105, tikrai juo tapsite.<\/p>\n<p><em>American Way<\/em><\/p>\n<p>\u201eI\u0161 vis\u0173 Puzo knyg\u0173 \u201eMama Liu\u010dija&#8221; i\u0161samiausiai atskleid\u017eia ital\u0173 imigrant\u0173 gyvenimo Amerikoje kasdienyb\u0119. Taip, joje yra sekso ir nusikaltim\u0173, bet ji \u0161velnesn\u0117, ne tokia \u0161ovinistin\u0117, tikrovi\u0161kesn\u0117 u\u017e \u201eKrik\u0161tat\u0117v\u012f.<\/p>\n<p><em>Lexington Herald-Leader<\/em><\/p>\n<p>\u201eNekyla jokios abejon\u0117s, kad ir forma, ir turiniu \u201eMama Liu\u010dija&#8221; yra did\u017eiausias Puzo ind\u0117lis \u012f Amerikos literat\u016br\u0105&#8230; I\u0161 \u0161io romano kilo geriausi \u201eKrik\u0161tat\u0117vio&#8221; aspektai&#8230; Saga apie Angelu\u010di\u0173-Korb\u0173 \u0161eim\u0105 yra apie visa kas geriausia ir blogiausia ital\u0173 imigrant\u0173 gyvenime. Puzo dramati\u0161kai j\u012f pie\u0161ia pasitelk\u0119s miesto realizm\u0105 ir \u012frodo, kad yra vienas geriausi\u0173 \u0161io \u017eanro ra\u0161ytoj\u0173&#8230;&#8221;<\/p>\n<p><em>Italian America<\/em><\/p>\n<ul class=\"about-product d-none d-xl-block mt-4\">\n<li><strong>Autorius:<\/strong>\u00a0<a href=\"https:\/\/skaitytaknyga.lt\/?s=puzo&#038;post_type=product&#038;dgwt_wcas=1\">Mario Puzo<\/a><\/li>\n<li><strong>Leid\u0117jas:<\/strong>\u00a0Alma littera<\/li>\n<li><strong>Metai:<\/strong>\u00a02009<\/li>\n<li><strong>Puslapiai:<\/strong>\u00a0288<\/li>\n<li><strong>ISBN-10:<\/strong>\u00a09955383666<\/li>\n<li><strong>ISBN-13:<\/strong>\u00a09789955383666<\/li>\n<li><strong>Versijos kodas:<\/strong>\u00a0PT.<\/li>\n<li><strong>Formatas:<\/strong>\u00a015 x 24,2 x 2,7 cm, kieti vir\u0161eliai<\/li>\n<li><strong>Kalba:<\/strong>\u00a0Lietuvi\u0173<\/li>\n<li><strong>Vert\u0117jas:<\/strong>\u00a0Indr\u0117 Veli\u010dkait\u0117<\/li>\n<\/ul>\n","protected":false},"excerpt":{"rendered":"<p>\u201eMam\u0105 Liu\u010dij\u0105&#8221; a\u0161 laikau geriausiu ir labiausiai asmeni\u0161ku romanu. MARIO PUZO \u201e\u0160\u012f k\u016brin\u012f galite vadinti \u201eKrik\u0161tamote&#8221;. Liu\u010dija Santa Angelu\u010di-Korbo gali b\u016bti lengvai tapatinama su Donu Korleone: a\u0161traus proto, tvirta valstiet\u0117, atva\u017eiavusi \u012f Nauj\u0105j\u012f pasaul\u012f tam, kad i\u0161tek\u0117t\u0173 u\u017e beveik nepa\u017e\u012fstamo, labai seniai matyto vyro&#8230; Autorius su meile, bet nepagra\u017eindamas atkuria Niujorko \u017demutinio Vest Saido gatv\u0117s gyvenim\u0105&#8230; Jei dar nesate Puzo gerb\u0117jas, perskait\u0119 \u0161i\u0105 \u012fsp\u016bdingai para\u0161yt\u0105 ir labai jaudinan\u010di\u0105 knyg\u0105, tikrai juo tapsite. American Way \u201eI\u0161 vis\u0173 Puzo knyg\u0173 \u201eMama Liu\u010dija&#8221; i\u0161samiausiai atskleid\u017eia ital\u0173 imigrant\u0173 gyvenimo Amerikoje kasdienyb\u0119. Taip, joje yra sekso ir nusikaltim\u0173, bet ji \u0161velnesn\u0117, ne tokia \u0161ovinistin\u0117, tikrovi\u0161kesn\u0117 u\u017e \u201eKrik\u0161tat\u0117v\u012f. Lexington Herald-Leader \u201eNekyla jokios abejon\u0117s, kad ir forma, ir turiniu \u201eMama Liu\u010dija&#8221; yra did\u017eiausias Puzo ind\u0117lis \u012f Amerikos literat\u016br\u0105&#8230; I\u0161 \u0161io romano kilo geriausi \u201eKrik\u0161tat\u0117vio&#8221; aspektai&#8230; Saga apie Angelu\u010di\u0173-Korb\u0173 \u0161eim\u0105 yra apie visa kas geriausia ir blogiausia ital\u0173 imigrant\u0173 gyvenime. Puzo dramati\u0161kai j\u012f pie\u0161ia pasitelk\u0119s miesto realizm\u0105 ir \u012frodo, kad yra vienas geriausi\u0173 \u0161io \u017eanro ra\u0161ytoj\u0173&#8230;&#8221; Italian America Autorius:\u00a0Mario Puzo Leid\u0117jas:\u00a0Alma littera Metai:\u00a02009 Puslapiai:\u00a0288 ISBN-10:\u00a09955383666 ISBN-13:\u00a09789955383666 Versijos kodas:\u00a0PT. Formatas:\u00a015 x 24,2 x 2,7 cm, kieti vir\u0161eliai Kalba:\u00a0Lietuvi\u0173 Vert\u0117jas:\u00a0Indr\u0117 Veli\u010dkait\u0117<\/p>\n","protected":false},"featured_media":11771,"comment_status":"closed","ping_status":"closed","template":"","meta":{"_acf_changed":false,"site-sidebar-layout":"default","site-content-layout":"","ast-site-content-layout":"default","site-content-style":"default","site-sidebar-style":"default","ast-global-header-display":"","ast-banner-title-visibility":"","ast-main-header-display":"","ast-hfb-above-header-display":"","ast-hfb-below-header-display":"","ast-hfb-mobile-header-display":"","site-post-title":"","ast-breadcrumbs-content":"","ast-featured-img":"","footer-sml-layout":"","ast-disable-related-posts":"","theme-transparent-header-meta":"default","adv-header-id-meta":"","stick-header-meta":"","header-above-stick-meta":"","header-main-stick-meta":"","header-below-stick-meta":"","astra-migrate-meta-layouts":"set","ast-page-background-enabled":"default","ast-page-background-meta":{"desktop":{"background-color":"","background-image":"","background-repeat":"repeat","background-position":"center center","background-size":"auto","background-attachment":"scroll","background-type":"","background-media":"","overlay-type":"","overlay-color":"","overlay-opacity":"","overlay-gradient":""},"tablet":{"background-color":"","background-image":"","background-repeat":"repeat","background-position":"center center","background-size":"auto","background-attachment":"scroll","background-type":"","background-media":"","overlay-type":"","overlay-color":"","overlay-opacity":"","overlay-gradient":""},"mobile":{"background-color":"","background-image":"","background-repeat":"repeat","background-position":"center center","background-size":"auto","background-attachment":"scroll","background-type":"","background-media":"","overlay-type":"","overlay-color":"","overlay-opacity":"","overlay-gradient":""}},"ast-content-background-meta":{"desktop":{"background-color":"var(--ast-global-color-4)","background-image":"","background-repeat":"repeat","background-position":"center center","background-size":"auto","background-attachment":"scroll","background-type":"","background-media":"","overlay-type":"","overlay-color":"","overlay-opacity":"","overlay-gradient":""},"tablet":{"background-color":"var(--ast-global-color-4)","background-image":"","background-repeat":"repeat","background-position":"center center","background-size":"auto","background-attachment":"scroll","background-type":"","background-media":"","overlay-type":"","overlay-color":"","overlay-opacity":"","overlay-gradient":""},"mobile":{"background-color":"var(--ast-global-color-4)","background-image":"","background-repeat":"repeat","background-position":"center center","background-size":"auto","background-attachment":"scroll","background-type":"","background-media":"","overlay-type":"","overlay-color":"","overlay-opacity":"","overlay-gradient":""}}},"product_brand":[],"product_cat":[9734],"product_tag":[2901,1663,4337,4027,1705,1745,1646],"class_list":{"0":"post-11770","1":"product","2":"type-product","3":"status-publish","4":"has-post-thumbnail","6":"product_cat-romanai","7":"product_tag-drama","8":"product_tag-imigrantai","9":"product_tag-italai","10":"product_tag-mario-puzo","11":"product_tag-niujorkas","12":"product_tag-romanas","13":"product_tag-seima","14":"desktop-align-left","15":"tablet-align-left","16":"mobile-align-left","18":"first","19":"outofstock","20":"shipping-taxable","21":"purchasable","22":"product-type-simple"},"acf":[],"yoast_head":"<!-- This site is optimized with the Yoast SEO plugin v27.0 - https:\/\/yoast.com\/product\/yoast-seo-wordpress\/ -->\n<title>Mama Liu\u010dija<\/title>\n<meta name=\"description\" content=\"\u201eMama Liu\u010dija&quot; i\u0161samiausiai atskleid\u017eia ital\u0173 imigrant\u0173 gyvenimo Amerikoje kasdienyb\u0119. Taip, joje yra sekso ir nusikaltim\u0173, bet ji \u0161velnesn\u0117.\" \/>\n<meta name=\"robots\" content=\"index, follow, max-snippet:-1, max-image-preview:large, max-video-preview:-1\" \/>\n<link rel=\"canonical\" href=\"https:\/\/skaitytaknyga.lt\/en\/produktas\/mario-puzo-mama-liucija\/\" \/>\n<meta property=\"og:locale\" content=\"en_GB\" \/>\n<meta property=\"og:locale:alternate\" content=\"lt_LT\" \/>\n<meta property=\"og:type\" content=\"article\" \/>\n<meta property=\"og:title\" content=\"Mama Liu\u010dija\" \/>\n<meta property=\"og:description\" content=\"\u201eMama Liu\u010dija&quot; i\u0161samiausiai atskleid\u017eia ital\u0173 imigrant\u0173 gyvenimo Amerikoje kasdienyb\u0119. Taip, joje yra sekso ir nusikaltim\u0173, bet ji \u0161velnesn\u0117.\" \/>\n<meta property=\"og:url\" content=\"https:\/\/skaitytaknyga.lt\/en\/produktas\/mario-puzo-mama-liucija\/\" \/>\n<meta property=\"og:site_name\" content=\"Skaitytaknyga\" \/>\n<meta property=\"article:publisher\" content=\"https:\/\/www.facebook.com\/skaitytaknyga\/\" \/>\n<meta property=\"article:modified_time\" content=\"2026-03-17T09:49:05+00:00\" \/>\n<meta property=\"og:image\" content=\"https:\/\/skaitytaknyga.lt\/wp-content\/uploads\/2024\/05\/Be-pavadinimo-33.png\" \/>\n\t<meta property=\"og:image:width\" content=\"335\" \/>\n\t<meta property=\"og:image:height\" content=\"552\" \/>\n\t<meta property=\"og:image:type\" content=\"image\/png\" \/>\n<meta name=\"twitter:card\" content=\"summary_large_image\" \/>\n<meta name=\"twitter:label1\" content=\"Estimated reading time\" \/>\n\t<meta name=\"twitter:data1\" content=\"2 minutes\" \/>\n<script type=\"application\/ld+json\" class=\"yoast-schema-graph\">{\"@context\":\"https:\/\/schema.org\",\"@graph\":[{\"@type\":\"WebPage\",\"@id\":\"https:\/\/skaitytaknyga.lt\/produktas\/mario-puzo-mama-liucija\/\",\"url\":\"https:\/\/skaitytaknyga.lt\/produktas\/mario-puzo-mama-liucija\/\",\"name\":\"Mama Liu\u010dija\",\"isPartOf\":{\"@id\":\"https:\/\/skaitytaknyga.lt\/#website\"},\"primaryImageOfPage\":{\"@id\":\"https:\/\/skaitytaknyga.lt\/produktas\/mario-puzo-mama-liucija\/#primaryimage\"},\"image\":{\"@id\":\"https:\/\/skaitytaknyga.lt\/produktas\/mario-puzo-mama-liucija\/#primaryimage\"},\"thumbnailUrl\":\"https:\/\/skaitytaknyga.lt\/wp-content\/uploads\/2024\/05\/Be-pavadinimo-33.png\",\"datePublished\":\"2024-05-22T12:51:19+00:00\",\"dateModified\":\"2026-03-17T09:49:05+00:00\",\"description\":\"\u201eMama Liu\u010dija\\\" i\u0161samiausiai atskleid\u017eia ital\u0173 imigrant\u0173 gyvenimo Amerikoje kasdienyb\u0119. Taip, joje yra sekso ir nusikaltim\u0173, bet ji \u0161velnesn\u0117.\",\"breadcrumb\":{\"@id\":\"https:\/\/skaitytaknyga.lt\/produktas\/mario-puzo-mama-liucija\/#breadcrumb\"},\"inLanguage\":\"en-GB\",\"potentialAction\":[{\"@type\":\"ReadAction\",\"target\":[\"https:\/\/skaitytaknyga.lt\/produktas\/mario-puzo-mama-liucija\/\"]}]},{\"@type\":\"ImageObject\",\"inLanguage\":\"en-GB\",\"@id\":\"https:\/\/skaitytaknyga.lt\/produktas\/mario-puzo-mama-liucija\/#primaryimage\",\"url\":\"https:\/\/skaitytaknyga.lt\/wp-content\/uploads\/2024\/05\/Be-pavadinimo-33.png\",\"contentUrl\":\"https:\/\/skaitytaknyga.lt\/wp-content\/uploads\/2024\/05\/Be-pavadinimo-33.png\",\"width\":335,\"height\":552,\"caption\":\"Mario Puzo \u201eMama Liu\u010dija\u201c\"},{\"@type\":\"BreadcrumbList\",\"@id\":\"https:\/\/skaitytaknyga.lt\/produktas\/mario-puzo-mama-liucija\/#breadcrumb\",\"itemListElement\":[{\"@type\":\"ListItem\",\"position\":1,\"name\":\"Home\",\"item\":\"https:\/\/skaitytaknyga.lt\/\"},{\"@type\":\"ListItem\",\"position\":2,\"name\":\"Parduotuv\u0117\",\"item\":\"https:\/\/skaitytaknyga.lt\/knygu-parduotuve\/\"},{\"@type\":\"ListItem\",\"position\":3,\"name\":\"Mama Liu\u010dija\"}]},{\"@type\":\"WebSite\",\"@id\":\"https:\/\/skaitytaknyga.lt\/#website\",\"url\":\"https:\/\/skaitytaknyga.lt\/\",\"name\":\"skaitytaknyga.lt\",\"description\":\"Skaitytaknyga.lt \u2013 tai ma\u017eas \u0161eimos verslas, kuris prasid\u0117jo nuo meil\u0117s knygoms ir siekio i\u0161gelb\u0117ti knygas nuo likimo prie konteinerio. Kas vienam nereikalingas daiktas \u2013 kitam lobis, o mes esame tarpininkai, kurie padeda abiems tapti laimingesniems ???? \u017dinome kaip nelengva i\u0161gyventi ma\u017eiems verslams, tad nuo \u0161iol, \u010dia rasite ir kit\u0173, ma\u017e\u0173 \u0161eim\u0173 versl\u0173, rank\u0173 darbo, dovan\u0173 sau ir artimiesiems.\",\"publisher\":{\"@id\":\"https:\/\/skaitytaknyga.lt\/#organization\"},\"potentialAction\":[{\"@type\":\"SearchAction\",\"target\":{\"@type\":\"EntryPoint\",\"urlTemplate\":\"https:\/\/skaitytaknyga.lt\/?s={search_term_string}\"},\"query-input\":{\"@type\":\"PropertyValueSpecification\",\"valueRequired\":true,\"valueName\":\"search_term_string\"}}],\"inLanguage\":\"en-GB\"},{\"@type\":\"Organization\",\"@id\":\"https:\/\/skaitytaknyga.lt\/#organization\",\"name\":\"skaitytaknyga.lt\",\"url\":\"https:\/\/skaitytaknyga.lt\/\",\"logo\":{\"@type\":\"ImageObject\",\"inLanguage\":\"en-GB\",\"@id\":\"https:\/\/skaitytaknyga.lt\/#\/schema\/logo\/image\/\",\"url\":\"https:\/\/skaitytaknyga.lt\/wp-content\/uploads\/2024\/05\/cropped-cropped-cropped-02_00843_jt3bggkj1j3HLc7SyY6rEUpg.jpeg\",\"contentUrl\":\"https:\/\/skaitytaknyga.lt\/wp-content\/uploads\/2024\/05\/cropped-cropped-cropped-02_00843_jt3bggkj1j3HLc7SyY6rEUpg.jpeg\",\"width\":1600,\"height\":1600,\"caption\":\"skaitytaknyga.lt\"},\"image\":{\"@id\":\"https:\/\/skaitytaknyga.lt\/#\/schema\/logo\/image\/\"},\"sameAs\":[\"https:\/\/www.facebook.com\/skaitytaknyga\/\"]}]}<\/script>\n<!-- \/ Yoast SEO plugin. -->","yoast_head_json":{"title":"Mama Liu\u010dija","description":"\u201eMama Liu\u010dija\" i\u0161samiausiai atskleid\u017eia ital\u0173 imigrant\u0173 gyvenimo Amerikoje kasdienyb\u0119. Taip, joje yra sekso ir nusikaltim\u0173, bet ji \u0161velnesn\u0117.","robots":{"index":"index","follow":"follow","max-snippet":"max-snippet:-1","max-image-preview":"max-image-preview:large","max-video-preview":"max-video-preview:-1"},"canonical":"https:\/\/skaitytaknyga.lt\/en\/produktas\/mario-puzo-mama-liucija\/","og_locale":"en_GB","og_type":"article","og_title":"[:lt]Mama Liu\u010dija[:] - Skaitytaknyga","og_description":"\u201eMama Liu\u010dija\" i\u0161samiausiai atskleid\u017eia ital\u0173 imigrant\u0173 gyvenimo Amerikoje kasdienyb\u0119. Taip, joje yra sekso ir nusikaltim\u0173, bet ji \u0161velnesn\u0117.","og_url":"https:\/\/skaitytaknyga.lt\/en\/produktas\/mario-puzo-mama-liucija\/","og_site_name":"Skaitytaknyga","article_publisher":"https:\/\/www.facebook.com\/skaitytaknyga\/","article_modified_time":"2026-03-17T09:49:05+00:00","og_image":[{"width":335,"height":552,"url":"https:\/\/skaitytaknyga.lt\/wp-content\/uploads\/2024\/05\/Be-pavadinimo-33.png","type":"image\/png"}],"twitter_card":"summary_large_image","twitter_misc":{"Estimated reading time":"2 minutes"},"schema":{"@context":"https:\/\/schema.org","@graph":[{"@type":"WebPage","@id":"https:\/\/skaitytaknyga.lt\/produktas\/mario-puzo-mama-liucija\/","url":"https:\/\/skaitytaknyga.lt\/produktas\/mario-puzo-mama-liucija\/","name":"Mama Liu\u010dija","isPartOf":{"@id":"https:\/\/skaitytaknyga.lt\/#website"},"primaryImageOfPage":{"@id":"https:\/\/skaitytaknyga.lt\/produktas\/mario-puzo-mama-liucija\/#primaryimage"},"image":{"@id":"https:\/\/skaitytaknyga.lt\/produktas\/mario-puzo-mama-liucija\/#primaryimage"},"thumbnailUrl":"https:\/\/skaitytaknyga.lt\/wp-content\/uploads\/2024\/05\/Be-pavadinimo-33.png","datePublished":"2024-05-22T12:51:19+00:00","dateModified":"2026-03-17T09:49:05+00:00","description":"\u201eMama Liu\u010dija\" i\u0161samiausiai atskleid\u017eia ital\u0173 imigrant\u0173 gyvenimo Amerikoje kasdienyb\u0119. Taip, joje yra sekso ir nusikaltim\u0173, bet ji \u0161velnesn\u0117.","breadcrumb":{"@id":"https:\/\/skaitytaknyga.lt\/produktas\/mario-puzo-mama-liucija\/#breadcrumb"},"inLanguage":"en-GB","potentialAction":[{"@type":"ReadAction","target":["https:\/\/skaitytaknyga.lt\/produktas\/mario-puzo-mama-liucija\/"]}]},{"@type":"ImageObject","inLanguage":"en-GB","@id":"https:\/\/skaitytaknyga.lt\/produktas\/mario-puzo-mama-liucija\/#primaryimage","url":"https:\/\/skaitytaknyga.lt\/wp-content\/uploads\/2024\/05\/Be-pavadinimo-33.png","contentUrl":"https:\/\/skaitytaknyga.lt\/wp-content\/uploads\/2024\/05\/Be-pavadinimo-33.png","width":335,"height":552,"caption":"Mario Puzo \u201eMama Liu\u010dija\u201c"},{"@type":"BreadcrumbList","@id":"https:\/\/skaitytaknyga.lt\/produktas\/mario-puzo-mama-liucija\/#breadcrumb","itemListElement":[{"@type":"ListItem","position":1,"name":"Home","item":"https:\/\/skaitytaknyga.lt\/"},{"@type":"ListItem","position":2,"name":"Parduotuv\u0117","item":"https:\/\/skaitytaknyga.lt\/knygu-parduotuve\/"},{"@type":"ListItem","position":3,"name":"Mama Liu\u010dija"}]},{"@type":"WebSite","@id":"https:\/\/skaitytaknyga.lt\/#website","url":"https:\/\/skaitytaknyga.lt\/","name":"skaitytaknyga.lt","description":"Skaitytaknyga.lt \u2013 tai ma\u017eas \u0161eimos verslas, kuris prasid\u0117jo nuo meil\u0117s knygoms ir siekio i\u0161gelb\u0117ti knygas nuo likimo prie konteinerio. Kas vienam nereikalingas daiktas \u2013 kitam lobis, o mes esame tarpininkai, kurie padeda abiems tapti laimingesniems ???? \u017dinome kaip nelengva i\u0161gyventi ma\u017eiems verslams, tad nuo \u0161iol, \u010dia rasite ir kit\u0173, ma\u017e\u0173 \u0161eim\u0173 versl\u0173, rank\u0173 darbo, dovan\u0173 sau ir artimiesiems.","publisher":{"@id":"https:\/\/skaitytaknyga.lt\/#organization"},"potentialAction":[{"@type":"SearchAction","target":{"@type":"EntryPoint","urlTemplate":"https:\/\/skaitytaknyga.lt\/?s={search_term_string}"},"query-input":{"@type":"PropertyValueSpecification","valueRequired":true,"valueName":"search_term_string"}}],"inLanguage":"en-GB"},{"@type":"Organization","@id":"https:\/\/skaitytaknyga.lt\/#organization","name":"skaitytaknyga.lt","url":"https:\/\/skaitytaknyga.lt\/","logo":{"@type":"ImageObject","inLanguage":"en-GB","@id":"https:\/\/skaitytaknyga.lt\/#\/schema\/logo\/image\/","url":"https:\/\/skaitytaknyga.lt\/wp-content\/uploads\/2024\/05\/cropped-cropped-cropped-02_00843_jt3bggkj1j3HLc7SyY6rEUpg.jpeg","contentUrl":"https:\/\/skaitytaknyga.lt\/wp-content\/uploads\/2024\/05\/cropped-cropped-cropped-02_00843_jt3bggkj1j3HLc7SyY6rEUpg.jpeg","width":1600,"height":1600,"caption":"skaitytaknyga.lt"},"image":{"@id":"https:\/\/skaitytaknyga.lt\/#\/schema\/logo\/image\/"},"sameAs":["https:\/\/www.facebook.com\/skaitytaknyga\/"]}]}},"_links":{"self":[{"href":"https:\/\/skaitytaknyga.lt\/en\/wp-json\/wp\/v2\/product\/11770","targetHints":{"allow":["GET"]}}],"collection":[{"href":"https:\/\/skaitytaknyga.lt\/en\/wp-json\/wp\/v2\/product"}],"about":[{"href":"https:\/\/skaitytaknyga.lt\/en\/wp-json\/wp\/v2\/types\/product"}],"replies":[{"embeddable":true,"href":"https:\/\/skaitytaknyga.lt\/en\/wp-json\/wp\/v2\/comments?post=11770"}],"wp:featuredmedia":[{"embeddable":true,"href":"https:\/\/skaitytaknyga.lt\/en\/wp-json\/wp\/v2\/media\/11771"}],"wp:attachment":[{"href":"https:\/\/skaitytaknyga.lt\/en\/wp-json\/wp\/v2\/media?parent=11770"}],"wp:term":[{"taxonomy":"product_brand","embeddable":true,"href":"https:\/\/skaitytaknyga.lt\/en\/wp-json\/wp\/v2\/product_brand?post=11770"},{"taxonomy":"product_cat","embeddable":true,"href":"https:\/\/skaitytaknyga.lt\/en\/wp-json\/wp\/v2\/product_cat?post=11770"},{"taxonomy":"product_tag","embeddable":true,"href":"https:\/\/skaitytaknyga.lt\/en\/wp-json\/wp\/v2\/product_tag?post=11770"}],"curies":[{"name":"wp","href":"https:\/\/api.w.org\/{rel}","templated":true}]}}