{"id":11768,"date":"2024-05-22T12:48:42","date_gmt":"2024-05-22T12:48:42","guid":{"rendered":"https:\/\/skaitytaknyga.lt\/?post_type=product&#038;p=11768"},"modified":"2026-03-17T11:49:05","modified_gmt":"2026-03-17T09:49:05","slug":"mario-puzo-seima","status":"publish","type":"product","link":"https:\/\/skaitytaknyga.lt\/en\/produktas\/mario-puzo-seima\/","title":{"rendered":"\u0160eima"},"content":{"rendered":"<p>Kas yra \u0161eima? M. Puzo atsak\u0117 \u012f \u0161\u012f klausim\u0105 romane \u201cKrik\u0161tat\u0117vis\u201d. Suk\u016br\u0119s Korleoni\u0173 portretus, jis visiems laikams apibr\u0117\u017e\u0117 kraujo i\u0161tikimyb\u0117s s\u0105vok\u0105. Romane \u201c\u0160eima\u201d ra\u0161ytojas pateikia \u017eymiausios Italijos nusikalt\u0117li\u0173 \u0161eimos, Bord\u017e\u0173, istorij\u0105, \u012ftikinamai atskleid\u017eia pra\u0161matn\u0173 Vatikano gyvenim\u0105 ir intrigas.<\/p>\n<p>Pasakojimo centre \u2013 Rodrigas Bord\u017ea, popie\u017eius Aleksandras VI, kurio nuod\u0117ming\u0105 tro\u0161kul\u012f vald\u017eiai, prabangai ir moterims aplenk\u0117 tik jo berib\u0117 meil\u0117 \u0161eimai. Popie\u017ei\u0173 supa jo ypatingi vaikai: kvailokas, nemylimas Chofr\u0117, \u016bmus, be\u0161irdis Chuanas, kietaval\u0117 gra\u017euol\u0117 Lukrecija ir aistringas karys \u010cezar\u0117, Makiavelio draugas ir \u012fkv\u0117p\u0117jas. Susipinan\u010dios j\u0173 likim\u0173 istorijos sudaro galing\u0105 \u017emogi\u0161k\u0173j\u0173 jausm\u0173 simfonij\u0105, kurioje skamba i\u0161didumo, meil\u0117s, pavydo, i\u0161davyst\u0117s ir pra\u017e\u016btingo \u012fnir\u0161io motyvai.<\/p>\n<p>Mario Puzo talentingai, su jam b\u016bdingu \u012f\u017evalgumu ir u\u017euojauta apra\u0161o Bord\u017e\u0173 \u0161eimos gyvenam\u0105j\u0105 viet\u0105, laikotarp\u012f, charakterius, \u017eemi\u0161k\u0105j\u0105 juos supusi\u0105 prabang\u0105.<\/p>\n<p>Mario Puzo viso gyvenimo veikalas, romanas \u201c\u0160eima\u201d, i\u0161leistas jau po jo mirties. Beje, paskutin\u012f skyri\u0173 para\u0161\u0117 jo \u017emona.<\/p>\n<ul class=\"about-product d-none d-xl-block mt-4\">\n<li><strong>Autorius:<\/strong>\u00a0<a href=\"https:\/\/skaitytaknyga.lt\/?s=puzo&#038;post_type=product&#038;dgwt_wcas=1\">Mario Puzo<\/a><\/li>\n<li><strong>Leid\u0117jas:<\/strong>\u00a0Alma littera<\/li>\n<li><strong>Metai:<\/strong>\u00a02008<\/li>\n<li><strong>Puslapiai:<\/strong>\u00a0320<\/li>\n<li><strong>ISBN:<\/strong>\u00a09789955084792<\/li>\n<li><strong>Versijos kodas:<\/strong>\u00a0PT.<\/li>\n<li><strong>Formatas:<\/strong>\u00a015 x 24 cm, kieti vir\u0161eliai<\/li>\n<li><strong>Kalba:<\/strong>\u00a0Lietuvi\u0173<\/li>\n<li><strong>Vert\u0117jas:<\/strong>\u00a0Irena Kup\u010dinskien\u0117<\/li>\n<\/ul>\n","protected":false},"excerpt":{"rendered":"<p>Kas yra \u0161eima? M. Puzo atsak\u0117 \u012f \u0161\u012f klausim\u0105 romane \u201cKrik\u0161tat\u0117vis\u201d. Suk\u016br\u0119s Korleoni\u0173 portretus, jis visiems laikams apibr\u0117\u017e\u0117 kraujo i\u0161tikimyb\u0117s s\u0105vok\u0105. Romane \u201c\u0160eima\u201d ra\u0161ytojas pateikia \u017eymiausios Italijos nusikalt\u0117li\u0173 \u0161eimos, Bord\u017e\u0173, istorij\u0105, \u012ftikinamai atskleid\u017eia pra\u0161matn\u0173 Vatikano gyvenim\u0105 ir intrigas. Pasakojimo centre \u2013 Rodrigas Bord\u017ea, popie\u017eius Aleksandras VI, kurio nuod\u0117ming\u0105 tro\u0161kul\u012f vald\u017eiai, prabangai ir moterims aplenk\u0117 tik jo berib\u0117 meil\u0117 \u0161eimai. Popie\u017ei\u0173 supa jo ypatingi vaikai: kvailokas, nemylimas Chofr\u0117, \u016bmus, be\u0161irdis Chuanas, kietaval\u0117 gra\u017euol\u0117 Lukrecija ir aistringas karys \u010cezar\u0117, Makiavelio draugas ir \u012fkv\u0117p\u0117jas. Susipinan\u010dios j\u0173 likim\u0173 istorijos sudaro galing\u0105 \u017emogi\u0161k\u0173j\u0173 jausm\u0173 simfonij\u0105, kurioje skamba i\u0161didumo, meil\u0117s, pavydo, i\u0161davyst\u0117s ir pra\u017e\u016btingo \u012fnir\u0161io motyvai. Mario Puzo talentingai, su jam b\u016bdingu \u012f\u017evalgumu ir u\u017euojauta apra\u0161o Bord\u017e\u0173 \u0161eimos gyvenam\u0105j\u0105 viet\u0105, laikotarp\u012f, charakterius, \u017eemi\u0161k\u0105j\u0105 juos supusi\u0105 prabang\u0105. Mario Puzo viso gyvenimo veikalas, romanas \u201c\u0160eima\u201d, i\u0161leistas jau po jo mirties. Beje, paskutin\u012f skyri\u0173 para\u0161\u0117 jo \u017emona. Autorius:\u00a0Mario Puzo Leid\u0117jas:\u00a0Alma littera Metai:\u00a02008 Puslapiai:\u00a0320 ISBN:\u00a09789955084792 Versijos kodas:\u00a0PT. Formatas:\u00a015 x 24 cm, kieti vir\u0161eliai Kalba:\u00a0Lietuvi\u0173 Vert\u0117jas:\u00a0Irena Kup\u010dinskien\u0117<\/p>\n","protected":false},"featured_media":11769,"comment_status":"closed","ping_status":"closed","template":"","meta":{"_acf_changed":false,"site-sidebar-layout":"default","site-content-layout":"","ast-site-content-layout":"default","site-content-style":"default","site-sidebar-style":"default","ast-global-header-display":"","ast-banner-title-visibility":"","ast-main-header-display":"","ast-hfb-above-header-display":"","ast-hfb-below-header-display":"","ast-hfb-mobile-header-display":"","site-post-title":"","ast-breadcrumbs-content":"","ast-featured-img":"","footer-sml-layout":"","ast-disable-related-posts":"","theme-transparent-header-meta":"default","adv-header-id-meta":"","stick-header-meta":"","header-above-stick-meta":"","header-main-stick-meta":"","header-below-stick-meta":"","astra-migrate-meta-layouts":"set","ast-page-background-enabled":"default","ast-page-background-meta":{"desktop":{"background-color":"","background-image":"","background-repeat":"repeat","background-position":"center center","background-size":"auto","background-attachment":"scroll","background-type":"","background-media":"","overlay-type":"","overlay-color":"","overlay-opacity":"","overlay-gradient":""},"tablet":{"background-color":"","background-image":"","background-repeat":"repeat","background-position":"center center","background-size":"auto","background-attachment":"scroll","background-type":"","background-media":"","overlay-type":"","overlay-color":"","overlay-opacity":"","overlay-gradient":""},"mobile":{"background-color":"","background-image":"","background-repeat":"repeat","background-position":"center center","background-size":"auto","background-attachment":"scroll","background-type":"","background-media":"","overlay-type":"","overlay-color":"","overlay-opacity":"","overlay-gradient":""}},"ast-content-background-meta":{"desktop":{"background-color":"var(--ast-global-color-4)","background-image":"","background-repeat":"repeat","background-position":"center center","background-size":"auto","background-attachment":"scroll","background-type":"","background-media":"","overlay-type":"","overlay-color":"","overlay-opacity":"","overlay-gradient":""},"tablet":{"background-color":"var(--ast-global-color-4)","background-image":"","background-repeat":"repeat","background-position":"center center","background-size":"auto","background-attachment":"scroll","background-type":"","background-media":"","overlay-type":"","overlay-color":"","overlay-opacity":"","overlay-gradient":""},"mobile":{"background-color":"var(--ast-global-color-4)","background-image":"","background-repeat":"repeat","background-position":"center center","background-size":"auto","background-attachment":"scroll","background-type":"","background-media":"","overlay-type":"","overlay-color":"","overlay-opacity":"","overlay-gradient":""}}},"product_brand":[],"product_cat":[9734],"product_tag":[4333,4336,4027,4335,1745,2390,4334],"class_list":{"0":"post-11768","1":"product","2":"type-product","3":"status-publish","4":"has-post-thumbnail","6":"product_cat-romanai","7":"product_tag-bordzos","8":"product_tag-istorine-fikcija","9":"product_tag-mario-puzo","10":"product_tag-renesansas","11":"product_tag-romanas","12":"product_tag-seimos-saga","13":"product_tag-vatikano-intrigos","14":"desktop-align-left","15":"tablet-align-left","16":"mobile-align-left","18":"first","19":"outofstock","20":"shipping-taxable","21":"purchasable","22":"product-type-simple"},"acf":[],"yoast_head":"<!-- This site is optimized with the Yoast SEO plugin v27.0 - https:\/\/yoast.com\/product\/yoast-seo-wordpress\/ -->\n<title>\u0160eima<\/title>\n<meta name=\"description\" content=\"Kas yra \u0161eima? M. Puzo atsak\u0117 \u012f \u0161\u012f klausim\u0105 romane \u201cKrik\u0161tat\u0117vis\u201d. Suk\u016br\u0119s Korleoni\u0173 portretus, jis visiems laikams apibr\u0117\u017e\u0117 kraujo i\u0161tikimyb\u0117s s\u0105vok\u0105.\" \/>\n<meta name=\"robots\" content=\"index, follow, max-snippet:-1, max-image-preview:large, max-video-preview:-1\" \/>\n<link rel=\"canonical\" href=\"https:\/\/skaitytaknyga.lt\/en\/produktas\/mario-puzo-seima\/\" \/>\n<meta property=\"og:locale\" content=\"en_GB\" \/>\n<meta property=\"og:locale:alternate\" content=\"lt_LT\" \/>\n<meta property=\"og:type\" content=\"article\" \/>\n<meta property=\"og:title\" content=\"\u0160eima\" \/>\n<meta property=\"og:description\" content=\"Kas yra \u0161eima? M. Puzo atsak\u0117 \u012f \u0161\u012f klausim\u0105 romane \u201cKrik\u0161tat\u0117vis\u201d. Suk\u016br\u0119s Korleoni\u0173 portretus, jis visiems laikams apibr\u0117\u017e\u0117 kraujo i\u0161tikimyb\u0117s s\u0105vok\u0105.\" \/>\n<meta property=\"og:url\" content=\"https:\/\/skaitytaknyga.lt\/en\/produktas\/mario-puzo-seima\/\" \/>\n<meta property=\"og:site_name\" content=\"Skaitytaknyga\" \/>\n<meta property=\"article:publisher\" content=\"https:\/\/www.facebook.com\/skaitytaknyga\/\" \/>\n<meta property=\"article:modified_time\" content=\"2026-03-17T09:49:05+00:00\" \/>\n<meta property=\"og:image\" content=\"https:\/\/skaitytaknyga.lt\/wp-content\/uploads\/2024\/05\/img_3479.jpeg\" \/>\n\t<meta property=\"og:image:width\" content=\"1410\" \/>\n\t<meta property=\"og:image:height\" content=\"2347\" \/>\n\t<meta property=\"og:image:type\" content=\"image\/jpeg\" \/>\n<meta name=\"twitter:card\" content=\"summary_large_image\" \/>\n<meta name=\"twitter:label1\" content=\"Estimated reading time\" \/>\n\t<meta name=\"twitter:data1\" content=\"2 minutes\" \/>\n<script type=\"application\/ld+json\" class=\"yoast-schema-graph\">{\"@context\":\"https:\/\/schema.org\",\"@graph\":[{\"@type\":\"WebPage\",\"@id\":\"https:\/\/skaitytaknyga.lt\/produktas\/mario-puzo-seima\/\",\"url\":\"https:\/\/skaitytaknyga.lt\/produktas\/mario-puzo-seima\/\",\"name\":\"\u0160eima\",\"isPartOf\":{\"@id\":\"https:\/\/skaitytaknyga.lt\/#website\"},\"primaryImageOfPage\":{\"@id\":\"https:\/\/skaitytaknyga.lt\/produktas\/mario-puzo-seima\/#primaryimage\"},\"image\":{\"@id\":\"https:\/\/skaitytaknyga.lt\/produktas\/mario-puzo-seima\/#primaryimage\"},\"thumbnailUrl\":\"https:\/\/skaitytaknyga.lt\/wp-content\/uploads\/2024\/05\/img_3479.jpeg\",\"datePublished\":\"2024-05-22T12:48:42+00:00\",\"dateModified\":\"2026-03-17T09:49:05+00:00\",\"description\":\"Kas yra \u0161eima? M. Puzo atsak\u0117 \u012f \u0161\u012f klausim\u0105 romane \u201cKrik\u0161tat\u0117vis\u201d. Suk\u016br\u0119s Korleoni\u0173 portretus, jis visiems laikams apibr\u0117\u017e\u0117 kraujo i\u0161tikimyb\u0117s s\u0105vok\u0105.\",\"breadcrumb\":{\"@id\":\"https:\/\/skaitytaknyga.lt\/produktas\/mario-puzo-seima\/#breadcrumb\"},\"inLanguage\":\"en-GB\",\"potentialAction\":[{\"@type\":\"ReadAction\",\"target\":[\"https:\/\/skaitytaknyga.lt\/produktas\/mario-puzo-seima\/\"]}]},{\"@type\":\"ImageObject\",\"inLanguage\":\"en-GB\",\"@id\":\"https:\/\/skaitytaknyga.lt\/produktas\/mario-puzo-seima\/#primaryimage\",\"url\":\"https:\/\/skaitytaknyga.lt\/wp-content\/uploads\/2024\/05\/img_3479.jpeg\",\"contentUrl\":\"https:\/\/skaitytaknyga.lt\/wp-content\/uploads\/2024\/05\/img_3479.jpeg\",\"width\":1410,\"height\":2347,\"caption\":\"Mario Puzo \u201e\u0160eima\u201c\"},{\"@type\":\"BreadcrumbList\",\"@id\":\"https:\/\/skaitytaknyga.lt\/produktas\/mario-puzo-seima\/#breadcrumb\",\"itemListElement\":[{\"@type\":\"ListItem\",\"position\":1,\"name\":\"Home\",\"item\":\"https:\/\/skaitytaknyga.lt\/\"},{\"@type\":\"ListItem\",\"position\":2,\"name\":\"Parduotuv\u0117\",\"item\":\"https:\/\/skaitytaknyga.lt\/knygu-parduotuve\/\"},{\"@type\":\"ListItem\",\"position\":3,\"name\":\"\u0160eima\"}]},{\"@type\":\"WebSite\",\"@id\":\"https:\/\/skaitytaknyga.lt\/#website\",\"url\":\"https:\/\/skaitytaknyga.lt\/\",\"name\":\"skaitytaknyga.lt\",\"description\":\"Skaitytaknyga.lt \u2013 tai ma\u017eas \u0161eimos verslas, kuris prasid\u0117jo nuo meil\u0117s knygoms ir siekio i\u0161gelb\u0117ti knygas nuo likimo prie konteinerio. Kas vienam nereikalingas daiktas \u2013 kitam lobis, o mes esame tarpininkai, kurie padeda abiems tapti laimingesniems ???? \u017dinome kaip nelengva i\u0161gyventi ma\u017eiems verslams, tad nuo \u0161iol, \u010dia rasite ir kit\u0173, ma\u017e\u0173 \u0161eim\u0173 versl\u0173, rank\u0173 darbo, dovan\u0173 sau ir artimiesiems.\",\"publisher\":{\"@id\":\"https:\/\/skaitytaknyga.lt\/#organization\"},\"potentialAction\":[{\"@type\":\"SearchAction\",\"target\":{\"@type\":\"EntryPoint\",\"urlTemplate\":\"https:\/\/skaitytaknyga.lt\/?s={search_term_string}\"},\"query-input\":{\"@type\":\"PropertyValueSpecification\",\"valueRequired\":true,\"valueName\":\"search_term_string\"}}],\"inLanguage\":\"en-GB\"},{\"@type\":\"Organization\",\"@id\":\"https:\/\/skaitytaknyga.lt\/#organization\",\"name\":\"skaitytaknyga.lt\",\"url\":\"https:\/\/skaitytaknyga.lt\/\",\"logo\":{\"@type\":\"ImageObject\",\"inLanguage\":\"en-GB\",\"@id\":\"https:\/\/skaitytaknyga.lt\/#\/schema\/logo\/image\/\",\"url\":\"https:\/\/skaitytaknyga.lt\/wp-content\/uploads\/2024\/05\/cropped-cropped-cropped-02_00843_jt3bggkj1j3HLc7SyY6rEUpg.jpeg\",\"contentUrl\":\"https:\/\/skaitytaknyga.lt\/wp-content\/uploads\/2024\/05\/cropped-cropped-cropped-02_00843_jt3bggkj1j3HLc7SyY6rEUpg.jpeg\",\"width\":1600,\"height\":1600,\"caption\":\"skaitytaknyga.lt\"},\"image\":{\"@id\":\"https:\/\/skaitytaknyga.lt\/#\/schema\/logo\/image\/\"},\"sameAs\":[\"https:\/\/www.facebook.com\/skaitytaknyga\/\"]}]}<\/script>\n<!-- \/ Yoast SEO plugin. -->","yoast_head_json":{"title":"\u0160eima","description":"Kas yra \u0161eima? M. Puzo atsak\u0117 \u012f \u0161\u012f klausim\u0105 romane \u201cKrik\u0161tat\u0117vis\u201d. Suk\u016br\u0119s Korleoni\u0173 portretus, jis visiems laikams apibr\u0117\u017e\u0117 kraujo i\u0161tikimyb\u0117s s\u0105vok\u0105.","robots":{"index":"index","follow":"follow","max-snippet":"max-snippet:-1","max-image-preview":"max-image-preview:large","max-video-preview":"max-video-preview:-1"},"canonical":"https:\/\/skaitytaknyga.lt\/en\/produktas\/mario-puzo-seima\/","og_locale":"en_GB","og_type":"article","og_title":"[:lt]\u0160eima[:] - Skaitytaknyga","og_description":"Kas yra \u0161eima? M. Puzo atsak\u0117 \u012f \u0161\u012f klausim\u0105 romane \u201cKrik\u0161tat\u0117vis\u201d. Suk\u016br\u0119s Korleoni\u0173 portretus, jis visiems laikams apibr\u0117\u017e\u0117 kraujo i\u0161tikimyb\u0117s s\u0105vok\u0105.","og_url":"https:\/\/skaitytaknyga.lt\/en\/produktas\/mario-puzo-seima\/","og_site_name":"Skaitytaknyga","article_publisher":"https:\/\/www.facebook.com\/skaitytaknyga\/","article_modified_time":"2026-03-17T09:49:05+00:00","og_image":[{"width":1410,"height":2347,"url":"https:\/\/skaitytaknyga.lt\/wp-content\/uploads\/2024\/05\/img_3479.jpeg","type":"image\/jpeg"}],"twitter_card":"summary_large_image","twitter_misc":{"Estimated reading time":"2 minutes"},"schema":{"@context":"https:\/\/schema.org","@graph":[{"@type":"WebPage","@id":"https:\/\/skaitytaknyga.lt\/produktas\/mario-puzo-seima\/","url":"https:\/\/skaitytaknyga.lt\/produktas\/mario-puzo-seima\/","name":"\u0160eima","isPartOf":{"@id":"https:\/\/skaitytaknyga.lt\/#website"},"primaryImageOfPage":{"@id":"https:\/\/skaitytaknyga.lt\/produktas\/mario-puzo-seima\/#primaryimage"},"image":{"@id":"https:\/\/skaitytaknyga.lt\/produktas\/mario-puzo-seima\/#primaryimage"},"thumbnailUrl":"https:\/\/skaitytaknyga.lt\/wp-content\/uploads\/2024\/05\/img_3479.jpeg","datePublished":"2024-05-22T12:48:42+00:00","dateModified":"2026-03-17T09:49:05+00:00","description":"Kas yra \u0161eima? M. Puzo atsak\u0117 \u012f \u0161\u012f klausim\u0105 romane \u201cKrik\u0161tat\u0117vis\u201d. Suk\u016br\u0119s Korleoni\u0173 portretus, jis visiems laikams apibr\u0117\u017e\u0117 kraujo i\u0161tikimyb\u0117s s\u0105vok\u0105.","breadcrumb":{"@id":"https:\/\/skaitytaknyga.lt\/produktas\/mario-puzo-seima\/#breadcrumb"},"inLanguage":"en-GB","potentialAction":[{"@type":"ReadAction","target":["https:\/\/skaitytaknyga.lt\/produktas\/mario-puzo-seima\/"]}]},{"@type":"ImageObject","inLanguage":"en-GB","@id":"https:\/\/skaitytaknyga.lt\/produktas\/mario-puzo-seima\/#primaryimage","url":"https:\/\/skaitytaknyga.lt\/wp-content\/uploads\/2024\/05\/img_3479.jpeg","contentUrl":"https:\/\/skaitytaknyga.lt\/wp-content\/uploads\/2024\/05\/img_3479.jpeg","width":1410,"height":2347,"caption":"Mario Puzo \u201e\u0160eima\u201c"},{"@type":"BreadcrumbList","@id":"https:\/\/skaitytaknyga.lt\/produktas\/mario-puzo-seima\/#breadcrumb","itemListElement":[{"@type":"ListItem","position":1,"name":"Home","item":"https:\/\/skaitytaknyga.lt\/"},{"@type":"ListItem","position":2,"name":"Parduotuv\u0117","item":"https:\/\/skaitytaknyga.lt\/knygu-parduotuve\/"},{"@type":"ListItem","position":3,"name":"\u0160eima"}]},{"@type":"WebSite","@id":"https:\/\/skaitytaknyga.lt\/#website","url":"https:\/\/skaitytaknyga.lt\/","name":"skaitytaknyga.lt","description":"Skaitytaknyga.lt \u2013 tai ma\u017eas \u0161eimos verslas, kuris prasid\u0117jo nuo meil\u0117s knygoms ir siekio i\u0161gelb\u0117ti knygas nuo likimo prie konteinerio. Kas vienam nereikalingas daiktas \u2013 kitam lobis, o mes esame tarpininkai, kurie padeda abiems tapti laimingesniems ???? \u017dinome kaip nelengva i\u0161gyventi ma\u017eiems verslams, tad nuo \u0161iol, \u010dia rasite ir kit\u0173, ma\u017e\u0173 \u0161eim\u0173 versl\u0173, rank\u0173 darbo, dovan\u0173 sau ir artimiesiems.","publisher":{"@id":"https:\/\/skaitytaknyga.lt\/#organization"},"potentialAction":[{"@type":"SearchAction","target":{"@type":"EntryPoint","urlTemplate":"https:\/\/skaitytaknyga.lt\/?s={search_term_string}"},"query-input":{"@type":"PropertyValueSpecification","valueRequired":true,"valueName":"search_term_string"}}],"inLanguage":"en-GB"},{"@type":"Organization","@id":"https:\/\/skaitytaknyga.lt\/#organization","name":"skaitytaknyga.lt","url":"https:\/\/skaitytaknyga.lt\/","logo":{"@type":"ImageObject","inLanguage":"en-GB","@id":"https:\/\/skaitytaknyga.lt\/#\/schema\/logo\/image\/","url":"https:\/\/skaitytaknyga.lt\/wp-content\/uploads\/2024\/05\/cropped-cropped-cropped-02_00843_jt3bggkj1j3HLc7SyY6rEUpg.jpeg","contentUrl":"https:\/\/skaitytaknyga.lt\/wp-content\/uploads\/2024\/05\/cropped-cropped-cropped-02_00843_jt3bggkj1j3HLc7SyY6rEUpg.jpeg","width":1600,"height":1600,"caption":"skaitytaknyga.lt"},"image":{"@id":"https:\/\/skaitytaknyga.lt\/#\/schema\/logo\/image\/"},"sameAs":["https:\/\/www.facebook.com\/skaitytaknyga\/"]}]}},"_links":{"self":[{"href":"https:\/\/skaitytaknyga.lt\/en\/wp-json\/wp\/v2\/product\/11768","targetHints":{"allow":["GET"]}}],"collection":[{"href":"https:\/\/skaitytaknyga.lt\/en\/wp-json\/wp\/v2\/product"}],"about":[{"href":"https:\/\/skaitytaknyga.lt\/en\/wp-json\/wp\/v2\/types\/product"}],"replies":[{"embeddable":true,"href":"https:\/\/skaitytaknyga.lt\/en\/wp-json\/wp\/v2\/comments?post=11768"}],"wp:featuredmedia":[{"embeddable":true,"href":"https:\/\/skaitytaknyga.lt\/en\/wp-json\/wp\/v2\/media\/11769"}],"wp:attachment":[{"href":"https:\/\/skaitytaknyga.lt\/en\/wp-json\/wp\/v2\/media?parent=11768"}],"wp:term":[{"taxonomy":"product_brand","embeddable":true,"href":"https:\/\/skaitytaknyga.lt\/en\/wp-json\/wp\/v2\/product_brand?post=11768"},{"taxonomy":"product_cat","embeddable":true,"href":"https:\/\/skaitytaknyga.lt\/en\/wp-json\/wp\/v2\/product_cat?post=11768"},{"taxonomy":"product_tag","embeddable":true,"href":"https:\/\/skaitytaknyga.lt\/en\/wp-json\/wp\/v2\/product_tag?post=11768"}],"curies":[{"name":"wp","href":"https:\/\/api.w.org\/{rel}","templated":true}]}}