{"id":11764,"date":"2024-05-22T12:33:04","date_gmt":"2024-05-22T12:33:04","guid":{"rendered":"https:\/\/skaitytaknyga.lt\/?post_type=product&#038;p=11764"},"modified":"2024-05-22T12:34:42","modified_gmt":"2024-05-22T12:34:42","slug":"jojo-moyes-nakties-muzika","status":"publish","type":"product","link":"https:\/\/skaitytaknyga.lt\/en\/produktas\/jojo-moyes-nakties-muzika\/","title":{"rendered":"Jojo Moyes \u201eNakties muzika\u201c"},"content":{"rendered":"","protected":false},"excerpt":{"rendered":"<p>Talentinga smuikinink\u0117 Izabel\u0117 Delansi savo palaiming\u0105 gyvenim\u0105 visada laik\u0117 savaime suprantamu. Bet netik\u0117tai automobilio avarijoje \u017e\u016bsta jos vyras, palikdamas dideles skolas, ir ji su vaikais yra priversta i\u0161sikraustyti i\u0161 pra\u0161matni\u0173 nam\u0173 Londone. \u012e nam\u0105, tikr\u0105 griuven\u0105, nuo\u0161aliam kaime, kur\u012f paveld\u0117jo i\u0161 savo keistuolio atsiskyr\u0117lio giminai\u010dio. Izabelei \u0161is namas suteikia galimyb\u0119 atsigauti ir vilt\u012f pasir\u016bpinti dviem be t\u0117vo likusiais vaikais. Visiems namo kampams gri\u016bvant, o santaupoms spar\u010diai senkant, Izabel\u0117 pagalbos kreipiasi \u012f kaimynus, n\u0117 nenumanydama, kad vien jos buvimas \u010dia \u017eadina ne\u012ftik\u0117tinas aistras. Metui Makar\u010diui, jos naujajam kaimynui, \u0161is namas rei\u0161kia ker\u0161t\u0105 \u0161eimai, kadaise su\u017elugd\u017eiusiai jo t\u0117v\u0105. Meto \u017emonai Lorai jis simbolizuoja tobulo gyvenimo perspektyv\u0105, o nusigyvenusiam nekilnojamojo turto agentui \u2014 \u0161viesi\u0105 ateit\u012f. Tro\u0161kimams keistai persipinant, kei\u010diasi ir \u017emoni\u0173 gyvenimai, aplanko netik\u0117ti jausmai&#8230;<\/p>\n","protected":false},"featured_media":11765,"comment_status":"closed","ping_status":"closed","template":"","meta":{"_acf_changed":false,"site-sidebar-layout":"default","site-content-layout":"","ast-site-content-layout":"default","site-content-style":"default","site-sidebar-style":"default","ast-global-header-display":"","ast-banner-title-visibility":"","ast-main-header-display":"","ast-hfb-above-header-display":"","ast-hfb-below-header-display":"","ast-hfb-mobile-header-display":"","site-post-title":"","ast-breadcrumbs-content":"","ast-featured-img":"","footer-sml-layout":"","ast-disable-related-posts":"","theme-transparent-header-meta":"","adv-header-id-meta":"","stick-header-meta":"","header-above-stick-meta":"","header-main-stick-meta":"","header-below-stick-meta":"","astra-migrate-meta-layouts":"default","ast-page-background-enabled":"default","ast-page-background-meta":{"desktop":{"background-color":"","background-image":"","background-repeat":"repeat","background-position":"center center","background-size":"auto","background-attachment":"scroll","background-type":"","background-media":"","overlay-type":"","overlay-color":"","overlay-opacity":"","overlay-gradient":""},"tablet":{"background-color":"","background-image":"","background-repeat":"repeat","background-position":"center center","background-size":"auto","background-attachment":"scroll","background-type":"","background-media":"","overlay-type":"","overlay-color":"","overlay-opacity":"","overlay-gradient":""},"mobile":{"background-color":"","background-image":"","background-repeat":"repeat","background-position":"center center","background-size":"auto","background-attachment":"scroll","background-type":"","background-media":"","overlay-type":"","overlay-color":"","overlay-opacity":"","overlay-gradient":""}},"ast-content-background-meta":{"desktop":{"background-color":"var(--ast-global-color-4)","background-image":"","background-repeat":"repeat","background-position":"center center","background-size":"auto","background-attachment":"scroll","background-type":"","background-media":"","overlay-type":"","overlay-color":"","overlay-opacity":"","overlay-gradient":""},"tablet":{"background-color":"var(--ast-global-color-4)","background-image":"","background-repeat":"repeat","background-position":"center center","background-size":"auto","background-attachment":"scroll","background-type":"","background-media":"","overlay-type":"","overlay-color":"","overlay-opacity":"","overlay-gradient":""},"mobile":{"background-color":"var(--ast-global-color-4)","background-image":"","background-repeat":"repeat","background-position":"center center","background-size":"auto","background-attachment":"scroll","background-type":"","background-media":"","overlay-type":"","overlay-color":"","overlay-opacity":"","overlay-gradient":""}}},"product_brand":[],"product_cat":[31],"product_tag":[],"class_list":{"0":"post-11764","1":"product","2":"type-product","3":"status-publish","4":"has-post-thumbnail","6":"product_cat-grozine-literatura","7":"pa_leidimo-metai-680","8":"pa_virselis-kietas","9":"desktop-align-left","10":"tablet-align-left","11":"mobile-align-left","13":"first","14":"instock","15":"shipping-taxable","16":"purchasable","17":"product-type-simple"},"acf":[],"yoast_head":"<!-- This site is optimized with the Yoast SEO plugin v27.4 - https:\/\/yoast.com\/product\/yoast-seo-wordpress\/ -->\n<title>Jojo Moyes \u201eNakties muzika\u201c - Skaitytaknyga<\/title>\n<meta name=\"description\" content=\"Talentinga smuikinink\u0117 Izabel\u0117 Delansi savo palaiming\u0105 gyvenim\u0105 visada laik\u0117 savaime suprantamu. Bet netik\u0117tai automobilio avarijoje \u017e\u016bsta jos vyras, palikdamas dideles skolas, ir ji su vaikais yra priversta i\u0161sikraustyti i\u0161 pra\u0161matni\u0173 nam\u0173 Londone. \u012e nam\u0105, tikr\u0105 griuven\u0105, nuo\u0161aliam kaime, kur\u012f paveld\u0117jo i\u0161 savo keistuolio atsiskyr\u0117lio giminai\u010dio. Izabelei \u0161is namas suteikia galimyb\u0119 atsigauti ir vilt\u012f pasir\u016bpinti dviem be t\u0117vo likusiais vaikais. Visiems namo kampams gri\u016bvant, o santaupoms spar\u010diai senkant, Izabel\u0117 pagalbos kreipiasi \u012f kaimynus, n\u0117 nenumanydama, kad vien jos buvimas \u010dia \u017eadina ne\u012ftik\u0117tinas aistras. Metui Makar\u010diui, jos naujajam kaimynui, \u0161is namas rei\u0161kia ker\u0161t\u0105 \u0161eimai, kadaise su\u017elugd\u017eiusiai jo t\u0117v\u0105. Meto \u017emonai Lorai jis simbolizuoja tobulo gyvenimo perspektyv\u0105, o nusigyvenusiam nekilnojamojo turto agentui \u2014 \u0161viesi\u0105 ateit\u012f. Tro\u0161kimams keistai persipinant, kei\u010diasi ir \u017emoni\u0173 gyvenimai, aplanko netik\u0117ti jausmai...\" \/>\n<meta name=\"robots\" content=\"index, follow, max-snippet:-1, max-image-preview:large, max-video-preview:-1\" \/>\n<link rel=\"canonical\" href=\"https:\/\/skaitytaknyga.lt\/en\/produktas\/jojo-moyes-nakties-muzika\/\" \/>\n<meta property=\"og:locale\" content=\"en_GB\" \/>\n<meta property=\"og:locale:alternate\" content=\"lt_LT\" \/>\n<meta property=\"og:type\" content=\"article\" \/>\n<meta property=\"og:title\" content=\"Jojo Moyes \u201eNakties muzika\u201c - Skaitytaknyga\" \/>\n<meta property=\"og:description\" content=\"Talentinga smuikinink\u0117 Izabel\u0117 Delansi savo palaiming\u0105 gyvenim\u0105 visada laik\u0117 savaime suprantamu. Bet netik\u0117tai automobilio avarijoje \u017e\u016bsta jos vyras, palikdamas dideles skolas, ir ji su vaikais yra priversta i\u0161sikraustyti i\u0161 pra\u0161matni\u0173 nam\u0173 Londone. \u012e nam\u0105, tikr\u0105 griuven\u0105, nuo\u0161aliam kaime, kur\u012f paveld\u0117jo i\u0161 savo keistuolio atsiskyr\u0117lio giminai\u010dio. Izabelei \u0161is namas suteikia galimyb\u0119 atsigauti ir vilt\u012f pasir\u016bpinti dviem be t\u0117vo likusiais vaikais. Visiems namo kampams gri\u016bvant, o santaupoms spar\u010diai senkant, Izabel\u0117 pagalbos kreipiasi \u012f kaimynus, n\u0117 nenumanydama, kad vien jos buvimas \u010dia \u017eadina ne\u012ftik\u0117tinas aistras. Metui Makar\u010diui, jos naujajam kaimynui, \u0161is namas rei\u0161kia ker\u0161t\u0105 \u0161eimai, kadaise su\u017elugd\u017eiusiai jo t\u0117v\u0105. Meto \u017emonai Lorai jis simbolizuoja tobulo gyvenimo perspektyv\u0105, o nusigyvenusiam nekilnojamojo turto agentui \u2014 \u0161viesi\u0105 ateit\u012f. Tro\u0161kimams keistai persipinant, kei\u010diasi ir \u017emoni\u0173 gyvenimai, aplanko netik\u0117ti jausmai...\" \/>\n<meta property=\"og:url\" content=\"https:\/\/skaitytaknyga.lt\/en\/produktas\/jojo-moyes-nakties-muzika\/\" \/>\n<meta property=\"og:site_name\" content=\"Skaitytaknyga\" \/>\n<meta property=\"article:publisher\" content=\"https:\/\/www.facebook.com\/skaitytaknyga\/\" \/>\n<meta property=\"article:modified_time\" content=\"2024-05-22T12:34:42+00:00\" \/>\n<meta property=\"og:image\" content=\"https:\/\/skaitytaknyga.lt\/wp-content\/uploads\/2024\/05\/7513657_2-1000x1000-1-e1716381234622.jpg\" \/>\n\t<meta property=\"og:image:width\" content=\"660\" \/>\n\t<meta property=\"og:image:height\" content=\"995\" \/>\n\t<meta property=\"og:image:type\" content=\"image\/jpeg\" \/>\n<meta name=\"twitter:card\" content=\"summary_large_image\" \/>\n<meta name=\"twitter:label1\" content=\"Estimated reading time\" \/>\n\t<meta name=\"twitter:data1\" content=\"1 minute\" \/>\n<script type=\"application\/ld+json\" class=\"yoast-schema-graph\">{\"@context\":\"https:\\\/\\\/schema.org\",\"@graph\":[{\"@type\":\"WebPage\",\"@id\":\"https:\\\/\\\/skaitytaknyga.lt\\\/produktas\\\/jojo-moyes-nakties-muzika\\\/\",\"url\":\"https:\\\/\\\/skaitytaknyga.lt\\\/produktas\\\/jojo-moyes-nakties-muzika\\\/\",\"name\":\"Jojo Moyes \u201eNakties muzika\u201c - Skaitytaknyga\",\"isPartOf\":{\"@id\":\"https:\\\/\\\/skaitytaknyga.lt\\\/#website\"},\"primaryImageOfPage\":{\"@id\":\"https:\\\/\\\/skaitytaknyga.lt\\\/produktas\\\/jojo-moyes-nakties-muzika\\\/#primaryimage\"},\"image\":{\"@id\":\"https:\\\/\\\/skaitytaknyga.lt\\\/produktas\\\/jojo-moyes-nakties-muzika\\\/#primaryimage\"},\"thumbnailUrl\":\"https:\\\/\\\/skaitytaknyga.lt\\\/wp-content\\\/uploads\\\/2024\\\/05\\\/7513657_2-1000x1000-1-e1716381234622.jpg\",\"datePublished\":\"2024-05-22T12:33:04+00:00\",\"dateModified\":\"2024-05-22T12:34:42+00:00\",\"description\":\"Talentinga smuikinink\u0117 Izabel\u0117 Delansi savo palaiming\u0105 gyvenim\u0105 visada laik\u0117 savaime suprantamu. Bet netik\u0117tai automobilio avarijoje \u017e\u016bsta jos vyras, palikdamas dideles skolas, ir ji su vaikais yra priversta i\u0161sikraustyti i\u0161 pra\u0161matni\u0173 nam\u0173 Londone. \u012e nam\u0105, tikr\u0105 griuven\u0105, nuo\u0161aliam kaime, kur\u012f paveld\u0117jo i\u0161 savo keistuolio atsiskyr\u0117lio giminai\u010dio. Izabelei \u0161is namas suteikia galimyb\u0119 atsigauti ir vilt\u012f pasir\u016bpinti dviem be t\u0117vo likusiais vaikais. Visiems namo kampams gri\u016bvant, o santaupoms spar\u010diai senkant, Izabel\u0117 pagalbos kreipiasi \u012f kaimynus, n\u0117 nenumanydama, kad vien jos buvimas \u010dia \u017eadina ne\u012ftik\u0117tinas aistras. Metui Makar\u010diui, jos naujajam kaimynui, \u0161is namas rei\u0161kia ker\u0161t\u0105 \u0161eimai, kadaise su\u017elugd\u017eiusiai jo t\u0117v\u0105. Meto \u017emonai Lorai jis simbolizuoja tobulo gyvenimo perspektyv\u0105, o nusigyvenusiam nekilnojamojo turto agentui \u2014 \u0161viesi\u0105 ateit\u012f. Tro\u0161kimams keistai persipinant, kei\u010diasi ir \u017emoni\u0173 gyvenimai, aplanko netik\u0117ti jausmai...\",\"breadcrumb\":{\"@id\":\"https:\\\/\\\/skaitytaknyga.lt\\\/produktas\\\/jojo-moyes-nakties-muzika\\\/#breadcrumb\"},\"inLanguage\":\"en-GB\",\"potentialAction\":[{\"@type\":\"ReadAction\",\"target\":[\"https:\\\/\\\/skaitytaknyga.lt\\\/produktas\\\/jojo-moyes-nakties-muzika\\\/\"]}]},{\"@type\":\"ImageObject\",\"inLanguage\":\"en-GB\",\"@id\":\"https:\\\/\\\/skaitytaknyga.lt\\\/produktas\\\/jojo-moyes-nakties-muzika\\\/#primaryimage\",\"url\":\"https:\\\/\\\/skaitytaknyga.lt\\\/wp-content\\\/uploads\\\/2024\\\/05\\\/7513657_2-1000x1000-1-e1716381234622.jpg\",\"contentUrl\":\"https:\\\/\\\/skaitytaknyga.lt\\\/wp-content\\\/uploads\\\/2024\\\/05\\\/7513657_2-1000x1000-1-e1716381234622.jpg\",\"width\":660,\"height\":995},{\"@type\":\"BreadcrumbList\",\"@id\":\"https:\\\/\\\/skaitytaknyga.lt\\\/produktas\\\/jojo-moyes-nakties-muzika\\\/#breadcrumb\",\"itemListElement\":[{\"@type\":\"ListItem\",\"position\":1,\"name\":\"Home\",\"item\":\"https:\\\/\\\/skaitytaknyga.lt\\\/\"},{\"@type\":\"ListItem\",\"position\":2,\"name\":\"Parduotuv\u0117\",\"item\":\"https:\\\/\\\/skaitytaknyga.lt\\\/knygu-parduotuve\\\/\"},{\"@type\":\"ListItem\",\"position\":3,\"name\":\"Jojo Moyes \u201eNakties muzika\u201c\"}]},{\"@type\":\"WebSite\",\"@id\":\"https:\\\/\\\/skaitytaknyga.lt\\\/#website\",\"url\":\"https:\\\/\\\/skaitytaknyga.lt\\\/\",\"name\":\"skaitytaknyga.lt\",\"description\":\"Skaitytaknyga.lt \u2013 tai ma\u017eas \u0161eimos verslas, kuris prasid\u0117jo nuo meil\u0117s knygoms ir siekio i\u0161gelb\u0117ti knygas nuo likimo prie konteinerio. Kas vienam nereikalingas daiktas \u2013 kitam lobis, o mes esame tarpininkai, kurie padeda abiems tapti laimingesniems ???? \u017dinome kaip nelengva i\u0161gyventi ma\u017eiems verslams, tad nuo \u0161iol, \u010dia rasite ir kit\u0173, ma\u017e\u0173 \u0161eim\u0173 versl\u0173, rank\u0173 darbo, dovan\u0173 sau ir artimiesiems.\",\"publisher\":{\"@id\":\"https:\\\/\\\/skaitytaknyga.lt\\\/#organization\"},\"potentialAction\":[{\"@type\":\"SearchAction\",\"target\":{\"@type\":\"EntryPoint\",\"urlTemplate\":\"https:\\\/\\\/skaitytaknyga.lt\\\/?s={search_term_string}\"},\"query-input\":{\"@type\":\"PropertyValueSpecification\",\"valueRequired\":true,\"valueName\":\"search_term_string\"}}],\"inLanguage\":\"en-GB\"},{\"@type\":\"Organization\",\"@id\":\"https:\\\/\\\/skaitytaknyga.lt\\\/#organization\",\"name\":\"skaitytaknyga.lt\",\"url\":\"https:\\\/\\\/skaitytaknyga.lt\\\/\",\"logo\":{\"@type\":\"ImageObject\",\"inLanguage\":\"en-GB\",\"@id\":\"https:\\\/\\\/skaitytaknyga.lt\\\/#\\\/schema\\\/logo\\\/image\\\/\",\"url\":\"https:\\\/\\\/skaitytaknyga.lt\\\/wp-content\\\/uploads\\\/2024\\\/05\\\/cropped-cropped-cropped-02_00843_jt3bggkj1j3HLc7SyY6rEUpg.jpeg\",\"contentUrl\":\"https:\\\/\\\/skaitytaknyga.lt\\\/wp-content\\\/uploads\\\/2024\\\/05\\\/cropped-cropped-cropped-02_00843_jt3bggkj1j3HLc7SyY6rEUpg.jpeg\",\"width\":1600,\"height\":1600,\"caption\":\"skaitytaknyga.lt\"},\"image\":{\"@id\":\"https:\\\/\\\/skaitytaknyga.lt\\\/#\\\/schema\\\/logo\\\/image\\\/\"},\"sameAs\":[\"https:\\\/\\\/www.facebook.com\\\/skaitytaknyga\\\/\"]}]}<\/script>\n<!-- \/ Yoast SEO plugin. -->","yoast_head_json":{"title":"Jojo Moyes \u201eNakties muzika\u201c - Skaitytaknyga","description":"Talentinga smuikinink\u0117 Izabel\u0117 Delansi savo palaiming\u0105 gyvenim\u0105 visada laik\u0117 savaime suprantamu. Bet netik\u0117tai automobilio avarijoje \u017e\u016bsta jos vyras, palikdamas dideles skolas, ir ji su vaikais yra priversta i\u0161sikraustyti i\u0161 pra\u0161matni\u0173 nam\u0173 Londone. \u012e nam\u0105, tikr\u0105 griuven\u0105, nuo\u0161aliam kaime, kur\u012f paveld\u0117jo i\u0161 savo keistuolio atsiskyr\u0117lio giminai\u010dio. Izabelei \u0161is namas suteikia galimyb\u0119 atsigauti ir vilt\u012f pasir\u016bpinti dviem be t\u0117vo likusiais vaikais. Visiems namo kampams gri\u016bvant, o santaupoms spar\u010diai senkant, Izabel\u0117 pagalbos kreipiasi \u012f kaimynus, n\u0117 nenumanydama, kad vien jos buvimas \u010dia \u017eadina ne\u012ftik\u0117tinas aistras. Metui Makar\u010diui, jos naujajam kaimynui, \u0161is namas rei\u0161kia ker\u0161t\u0105 \u0161eimai, kadaise su\u017elugd\u017eiusiai jo t\u0117v\u0105. Meto \u017emonai Lorai jis simbolizuoja tobulo gyvenimo perspektyv\u0105, o nusigyvenusiam nekilnojamojo turto agentui \u2014 \u0161viesi\u0105 ateit\u012f. Tro\u0161kimams keistai persipinant, kei\u010diasi ir \u017emoni\u0173 gyvenimai, aplanko netik\u0117ti jausmai...","robots":{"index":"index","follow":"follow","max-snippet":"max-snippet:-1","max-image-preview":"max-image-preview:large","max-video-preview":"max-video-preview:-1"},"canonical":"https:\/\/skaitytaknyga.lt\/en\/produktas\/jojo-moyes-nakties-muzika\/","og_locale":"en_GB","og_type":"article","og_title":"Jojo Moyes \u201eNakties muzika\u201c - Skaitytaknyga","og_description":"Talentinga smuikinink\u0117 Izabel\u0117 Delansi savo palaiming\u0105 gyvenim\u0105 visada laik\u0117 savaime suprantamu. Bet netik\u0117tai automobilio avarijoje \u017e\u016bsta jos vyras, palikdamas dideles skolas, ir ji su vaikais yra priversta i\u0161sikraustyti i\u0161 pra\u0161matni\u0173 nam\u0173 Londone. \u012e nam\u0105, tikr\u0105 griuven\u0105, nuo\u0161aliam kaime, kur\u012f paveld\u0117jo i\u0161 savo keistuolio atsiskyr\u0117lio giminai\u010dio. Izabelei \u0161is namas suteikia galimyb\u0119 atsigauti ir vilt\u012f pasir\u016bpinti dviem be t\u0117vo likusiais vaikais. Visiems namo kampams gri\u016bvant, o santaupoms spar\u010diai senkant, Izabel\u0117 pagalbos kreipiasi \u012f kaimynus, n\u0117 nenumanydama, kad vien jos buvimas \u010dia \u017eadina ne\u012ftik\u0117tinas aistras. Metui Makar\u010diui, jos naujajam kaimynui, \u0161is namas rei\u0161kia ker\u0161t\u0105 \u0161eimai, kadaise su\u017elugd\u017eiusiai jo t\u0117v\u0105. Meto \u017emonai Lorai jis simbolizuoja tobulo gyvenimo perspektyv\u0105, o nusigyvenusiam nekilnojamojo turto agentui \u2014 \u0161viesi\u0105 ateit\u012f. Tro\u0161kimams keistai persipinant, kei\u010diasi ir \u017emoni\u0173 gyvenimai, aplanko netik\u0117ti jausmai...","og_url":"https:\/\/skaitytaknyga.lt\/en\/produktas\/jojo-moyes-nakties-muzika\/","og_site_name":"Skaitytaknyga","article_publisher":"https:\/\/www.facebook.com\/skaitytaknyga\/","article_modified_time":"2024-05-22T12:34:42+00:00","og_image":[{"width":660,"height":995,"url":"https:\/\/skaitytaknyga.lt\/wp-content\/uploads\/2024\/05\/7513657_2-1000x1000-1-e1716381234622.jpg","type":"image\/jpeg"}],"twitter_card":"summary_large_image","twitter_misc":{"Estimated reading time":"1 minute"},"schema":{"@context":"https:\/\/schema.org","@graph":[{"@type":"WebPage","@id":"https:\/\/skaitytaknyga.lt\/produktas\/jojo-moyes-nakties-muzika\/","url":"https:\/\/skaitytaknyga.lt\/produktas\/jojo-moyes-nakties-muzika\/","name":"Jojo Moyes \u201eNakties muzika\u201c - Skaitytaknyga","isPartOf":{"@id":"https:\/\/skaitytaknyga.lt\/#website"},"primaryImageOfPage":{"@id":"https:\/\/skaitytaknyga.lt\/produktas\/jojo-moyes-nakties-muzika\/#primaryimage"},"image":{"@id":"https:\/\/skaitytaknyga.lt\/produktas\/jojo-moyes-nakties-muzika\/#primaryimage"},"thumbnailUrl":"https:\/\/skaitytaknyga.lt\/wp-content\/uploads\/2024\/05\/7513657_2-1000x1000-1-e1716381234622.jpg","datePublished":"2024-05-22T12:33:04+00:00","dateModified":"2024-05-22T12:34:42+00:00","description":"Talentinga smuikinink\u0117 Izabel\u0117 Delansi savo palaiming\u0105 gyvenim\u0105 visada laik\u0117 savaime suprantamu. Bet netik\u0117tai automobilio avarijoje \u017e\u016bsta jos vyras, palikdamas dideles skolas, ir ji su vaikais yra priversta i\u0161sikraustyti i\u0161 pra\u0161matni\u0173 nam\u0173 Londone. \u012e nam\u0105, tikr\u0105 griuven\u0105, nuo\u0161aliam kaime, kur\u012f paveld\u0117jo i\u0161 savo keistuolio atsiskyr\u0117lio giminai\u010dio. Izabelei \u0161is namas suteikia galimyb\u0119 atsigauti ir vilt\u012f pasir\u016bpinti dviem be t\u0117vo likusiais vaikais. Visiems namo kampams gri\u016bvant, o santaupoms spar\u010diai senkant, Izabel\u0117 pagalbos kreipiasi \u012f kaimynus, n\u0117 nenumanydama, kad vien jos buvimas \u010dia \u017eadina ne\u012ftik\u0117tinas aistras. Metui Makar\u010diui, jos naujajam kaimynui, \u0161is namas rei\u0161kia ker\u0161t\u0105 \u0161eimai, kadaise su\u017elugd\u017eiusiai jo t\u0117v\u0105. Meto \u017emonai Lorai jis simbolizuoja tobulo gyvenimo perspektyv\u0105, o nusigyvenusiam nekilnojamojo turto agentui \u2014 \u0161viesi\u0105 ateit\u012f. Tro\u0161kimams keistai persipinant, kei\u010diasi ir \u017emoni\u0173 gyvenimai, aplanko netik\u0117ti jausmai...","breadcrumb":{"@id":"https:\/\/skaitytaknyga.lt\/produktas\/jojo-moyes-nakties-muzika\/#breadcrumb"},"inLanguage":"en-GB","potentialAction":[{"@type":"ReadAction","target":["https:\/\/skaitytaknyga.lt\/produktas\/jojo-moyes-nakties-muzika\/"]}]},{"@type":"ImageObject","inLanguage":"en-GB","@id":"https:\/\/skaitytaknyga.lt\/produktas\/jojo-moyes-nakties-muzika\/#primaryimage","url":"https:\/\/skaitytaknyga.lt\/wp-content\/uploads\/2024\/05\/7513657_2-1000x1000-1-e1716381234622.jpg","contentUrl":"https:\/\/skaitytaknyga.lt\/wp-content\/uploads\/2024\/05\/7513657_2-1000x1000-1-e1716381234622.jpg","width":660,"height":995},{"@type":"BreadcrumbList","@id":"https:\/\/skaitytaknyga.lt\/produktas\/jojo-moyes-nakties-muzika\/#breadcrumb","itemListElement":[{"@type":"ListItem","position":1,"name":"Home","item":"https:\/\/skaitytaknyga.lt\/"},{"@type":"ListItem","position":2,"name":"Parduotuv\u0117","item":"https:\/\/skaitytaknyga.lt\/knygu-parduotuve\/"},{"@type":"ListItem","position":3,"name":"Jojo Moyes \u201eNakties muzika\u201c"}]},{"@type":"WebSite","@id":"https:\/\/skaitytaknyga.lt\/#website","url":"https:\/\/skaitytaknyga.lt\/","name":"skaitytaknyga.lt","description":"Skaitytaknyga.lt \u2013 tai ma\u017eas \u0161eimos verslas, kuris prasid\u0117jo nuo meil\u0117s knygoms ir siekio i\u0161gelb\u0117ti knygas nuo likimo prie konteinerio. Kas vienam nereikalingas daiktas \u2013 kitam lobis, o mes esame tarpininkai, kurie padeda abiems tapti laimingesniems ???? \u017dinome kaip nelengva i\u0161gyventi ma\u017eiems verslams, tad nuo \u0161iol, \u010dia rasite ir kit\u0173, ma\u017e\u0173 \u0161eim\u0173 versl\u0173, rank\u0173 darbo, dovan\u0173 sau ir artimiesiems.","publisher":{"@id":"https:\/\/skaitytaknyga.lt\/#organization"},"potentialAction":[{"@type":"SearchAction","target":{"@type":"EntryPoint","urlTemplate":"https:\/\/skaitytaknyga.lt\/?s={search_term_string}"},"query-input":{"@type":"PropertyValueSpecification","valueRequired":true,"valueName":"search_term_string"}}],"inLanguage":"en-GB"},{"@type":"Organization","@id":"https:\/\/skaitytaknyga.lt\/#organization","name":"skaitytaknyga.lt","url":"https:\/\/skaitytaknyga.lt\/","logo":{"@type":"ImageObject","inLanguage":"en-GB","@id":"https:\/\/skaitytaknyga.lt\/#\/schema\/logo\/image\/","url":"https:\/\/skaitytaknyga.lt\/wp-content\/uploads\/2024\/05\/cropped-cropped-cropped-02_00843_jt3bggkj1j3HLc7SyY6rEUpg.jpeg","contentUrl":"https:\/\/skaitytaknyga.lt\/wp-content\/uploads\/2024\/05\/cropped-cropped-cropped-02_00843_jt3bggkj1j3HLc7SyY6rEUpg.jpeg","width":1600,"height":1600,"caption":"skaitytaknyga.lt"},"image":{"@id":"https:\/\/skaitytaknyga.lt\/#\/schema\/logo\/image\/"},"sameAs":["https:\/\/www.facebook.com\/skaitytaknyga\/"]}]}},"_links":{"self":[{"href":"https:\/\/skaitytaknyga.lt\/en\/wp-json\/wp\/v2\/product\/11764","targetHints":{"allow":["GET"]}}],"collection":[{"href":"https:\/\/skaitytaknyga.lt\/en\/wp-json\/wp\/v2\/product"}],"about":[{"href":"https:\/\/skaitytaknyga.lt\/en\/wp-json\/wp\/v2\/types\/product"}],"replies":[{"embeddable":true,"href":"https:\/\/skaitytaknyga.lt\/en\/wp-json\/wp\/v2\/comments?post=11764"}],"wp:featuredmedia":[{"embeddable":true,"href":"https:\/\/skaitytaknyga.lt\/en\/wp-json\/wp\/v2\/media\/11765"}],"wp:attachment":[{"href":"https:\/\/skaitytaknyga.lt\/en\/wp-json\/wp\/v2\/media?parent=11764"}],"wp:term":[{"taxonomy":"product_brand","embeddable":true,"href":"https:\/\/skaitytaknyga.lt\/en\/wp-json\/wp\/v2\/product_brand?post=11764"},{"taxonomy":"product_cat","embeddable":true,"href":"https:\/\/skaitytaknyga.lt\/en\/wp-json\/wp\/v2\/product_cat?post=11764"},{"taxonomy":"product_tag","embeddable":true,"href":"https:\/\/skaitytaknyga.lt\/en\/wp-json\/wp\/v2\/product_tag?post=11764"}],"curies":[{"name":"wp","href":"https:\/\/api.w.org\/{rel}","templated":true}]}}