{"id":11762,"date":"2024-05-22T12:30:57","date_gmt":"2024-05-22T12:30:57","guid":{"rendered":"https:\/\/skaitytaknyga.lt\/?post_type=product&#038;p=11762"},"modified":"2025-06-15T20:36:34","modified_gmt":"2025-06-15T17:36:34","slug":"jojo-moyes-lietaus-prieglobstis","status":"publish","type":"product","link":"https:\/\/skaitytaknyga.lt\/en\/produktas\/jojo-moyes-lietaus-prieglobstis\/","title":{"rendered":"Lietaus prieglobstis"},"content":{"rendered":"","protected":false},"excerpt":{"rendered":"<p><em>New York Times<\/em>\u00a0geriausio bestselerio autor\u0117, suk\u016brus\u012f roman\u0105\u00a0<strong>\u201eA\u0161 prie\u0161 tave&#8221;<\/strong>, kurio motyvais buvo pastatytas daug d\u0117mesio pritrauk\u0119s meninis filmas, si\u016blo jaudinan\u010di\u0105 ir nepamir\u0161tam\u0105 istorij\u0105 apie tris airi\u0173 moter\u0173 kartas, kurioms tenka susidurti su esmin\u0117mis vertyb\u0117mis \u2014 meile, pareiga ir nenutraukiamu ry\u0161iu, siejan\u010diu motinas su dukromis.<\/p>\n<p>Ekspatriant\u0173 pob\u016bvyje \u0161e\u0161tojo de\u0161imtme\u010dio Honkonge susipa\u017einusi su gra\u017euoliu j\u016br\u0173 karininku Edvardu, dvide\u0161imt vieneri\u0173 met\u0173 D\u017eoja ma\u017eiausiai tikisi \u012fsimyl\u0117ti. Skubiai i\u0161tek\u0117jusi kartu su vyru leid\u017eiasi \u012f keliones po vis\u0105 pasaul\u012f, ta\u010diau netrukus su\u017eino, kad santuoka slepia daugiau nei matyti i\u0161 pirmo \u017evilgsnio&#8230;<\/p>\n<p>Devintajame de\u0161imtmetyje jaunoji D\u017eojos dukra Keit\u0117 d\u0117l neai\u0161kios prie\u017easties pab\u0117ga i\u0161 t\u0117v\u0173 nam\u0173. Po penkiolikos met\u0173 Keit\u0117s dukra Sabina atvyksta i\u0161 Londono susipa\u017einti su seneliais, kuri\u0173 lig \u0161iol dorai nepa\u017einojo. Galiausiai \u0161eimai susib\u016brus \u012f vien\u0105 viet\u0105, u\u017esl\u0117ptos nuoskaudos i\u0161kyla \u012f pavir\u0161i\u0173 ir atskleid\u017eiama ilgus metus kruop\u0161\u010diai sl\u0117pta paslaptis&#8230;<\/p>\n","protected":false},"featured_media":11763,"comment_status":"closed","ping_status":"closed","template":"","meta":{"_acf_changed":false,"site-sidebar-layout":"default","site-content-layout":"","ast-site-content-layout":"default","site-content-style":"default","site-sidebar-style":"default","ast-global-header-display":"","ast-banner-title-visibility":"","ast-main-header-display":"","ast-hfb-above-header-display":"","ast-hfb-below-header-display":"","ast-hfb-mobile-header-display":"","site-post-title":"","ast-breadcrumbs-content":"","ast-featured-img":"","footer-sml-layout":"","ast-disable-related-posts":"","theme-transparent-header-meta":"","adv-header-id-meta":"","stick-header-meta":"","header-above-stick-meta":"","header-main-stick-meta":"","header-below-stick-meta":"","astra-migrate-meta-layouts":"default","ast-page-background-enabled":"default","ast-page-background-meta":{"desktop":{"background-color":"","background-image":"","background-repeat":"repeat","background-position":"center center","background-size":"auto","background-attachment":"scroll","background-type":"","background-media":"","overlay-type":"","overlay-color":"","overlay-opacity":"","overlay-gradient":""},"tablet":{"background-color":"","background-image":"","background-repeat":"repeat","background-position":"center center","background-size":"auto","background-attachment":"scroll","background-type":"","background-media":"","overlay-type":"","overlay-color":"","overlay-opacity":"","overlay-gradient":""},"mobile":{"background-color":"","background-image":"","background-repeat":"repeat","background-position":"center center","background-size":"auto","background-attachment":"scroll","background-type":"","background-media":"","overlay-type":"","overlay-color":"","overlay-opacity":"","overlay-gradient":""}},"ast-content-background-meta":{"desktop":{"background-color":"var(--ast-global-color-4)","background-image":"","background-repeat":"repeat","background-position":"center center","background-size":"auto","background-attachment":"scroll","background-type":"","background-media":"","overlay-type":"","overlay-color":"","overlay-opacity":"","overlay-gradient":""},"tablet":{"background-color":"var(--ast-global-color-4)","background-image":"","background-repeat":"repeat","background-position":"center center","background-size":"auto","background-attachment":"scroll","background-type":"","background-media":"","overlay-type":"","overlay-color":"","overlay-opacity":"","overlay-gradient":""},"mobile":{"background-color":"var(--ast-global-color-4)","background-image":"","background-repeat":"repeat","background-position":"center center","background-size":"auto","background-attachment":"scroll","background-type":"","background-media":"","overlay-type":"","overlay-color":"","overlay-opacity":"","overlay-gradient":""}}},"product_brand":[],"product_cat":[31],"product_tag":[],"class_list":{"0":"post-11762","1":"product","2":"type-product","3":"status-publish","4":"has-post-thumbnail","6":"product_cat-grozine-literatura","7":"pa_leidimo-metai-680","8":"pa_virselis-kietas","9":"desktop-align-left","10":"tablet-align-left","11":"mobile-align-left","13":"first","14":"instock","15":"shipping-taxable","16":"purchasable","17":"product-type-simple"},"acf":[],"yoast_head":"<!-- This site is optimized with the Yoast SEO plugin v27.0 - https:\/\/yoast.com\/product\/yoast-seo-wordpress\/ -->\n<title>Lietaus prieglobstis<\/title>\n<meta name=\"description\" content=\"New York Times\u00a0geriausio bestselerio autor\u0117, suk\u016brus\u012f roman\u0105\u00a0\u201eA\u0161 prie\u0161 tave&quot;, kurio motyvais buvo pastatytas daug d\u0117mesio pritrauk\u0119s meninis filmas, si\u016blo jaudinan\u010di\u0105 ir nepamir\u0161tam\u0105 istorij\u0105 apie tris airi\u0173 moter\u0173 kartas, kurioms tenka susidurti su esmin\u0117mis vertyb\u0117mis \u2014 meile, pareiga ir nenutraukiamu ry\u0161iu, siejan\u010diu motinas su dukromis.  Ekspatriant\u0173 pob\u016bvyje \u0161e\u0161tojo de\u0161imtme\u010dio Honkonge susipa\u017einusi su gra\u017euoliu j\u016br\u0173 karininku Edvardu, dvide\u0161imt vieneri\u0173 met\u0173 D\u017eoja ma\u017eiausiai tikisi \u012fsimyl\u0117ti. Skubiai i\u0161tek\u0117jusi kartu su vyru leid\u017eiasi \u012f keliones po vis\u0105 pasaul\u012f, ta\u010diau netrukus su\u017eino, kad santuoka slepia daugiau nei matyti i\u0161 pirmo \u017evilgsnio...  Devintajame de\u0161imtmetyje jaunoji D\u017eojos dukra Keit\u0117 d\u0117l neai\u0161kios prie\u017easties pab\u0117ga i\u0161 t\u0117v\u0173 nam\u0173. Po penkiolikos met\u0173 Keit\u0117s dukra Sabina atvyksta i\u0161 Londono susipa\u017einti su seneliais, kuri\u0173 lig \u0161iol dorai nepa\u017einojo. Galiausiai \u0161eimai susib\u016brus \u012f vien\u0105 viet\u0105, u\u017esl\u0117ptos nuoskaudos i\u0161kyla \u012f pavir\u0161i\u0173 ir atskleid\u017eiama ilgus metus kruop\u0161\u010diai sl\u0117pta paslaptis...\" \/>\n<meta name=\"robots\" content=\"index, follow, max-snippet:-1, max-image-preview:large, max-video-preview:-1\" \/>\n<link rel=\"canonical\" href=\"https:\/\/skaitytaknyga.lt\/en\/produktas\/jojo-moyes-lietaus-prieglobstis\/\" \/>\n<meta property=\"og:locale\" content=\"en_GB\" \/>\n<meta property=\"og:locale:alternate\" content=\"lt_LT\" \/>\n<meta property=\"og:type\" content=\"article\" \/>\n<meta property=\"og:title\" content=\"Lietaus prieglobstis\" \/>\n<meta property=\"og:description\" content=\"New York Times\u00a0geriausio bestselerio autor\u0117, suk\u016brus\u012f roman\u0105\u00a0\u201eA\u0161 prie\u0161 tave&quot;, kurio motyvais buvo pastatytas daug d\u0117mesio pritrauk\u0119s meninis filmas, si\u016blo jaudinan\u010di\u0105 ir nepamir\u0161tam\u0105 istorij\u0105 apie tris airi\u0173 moter\u0173 kartas, kurioms tenka susidurti su esmin\u0117mis vertyb\u0117mis \u2014 meile, pareiga ir nenutraukiamu ry\u0161iu, siejan\u010diu motinas su dukromis.  Ekspatriant\u0173 pob\u016bvyje \u0161e\u0161tojo de\u0161imtme\u010dio Honkonge susipa\u017einusi su gra\u017euoliu j\u016br\u0173 karininku Edvardu, dvide\u0161imt vieneri\u0173 met\u0173 D\u017eoja ma\u017eiausiai tikisi \u012fsimyl\u0117ti. Skubiai i\u0161tek\u0117jusi kartu su vyru leid\u017eiasi \u012f keliones po vis\u0105 pasaul\u012f, ta\u010diau netrukus su\u017eino, kad santuoka slepia daugiau nei matyti i\u0161 pirmo \u017evilgsnio...  Devintajame de\u0161imtmetyje jaunoji D\u017eojos dukra Keit\u0117 d\u0117l neai\u0161kios prie\u017easties pab\u0117ga i\u0161 t\u0117v\u0173 nam\u0173. Po penkiolikos met\u0173 Keit\u0117s dukra Sabina atvyksta i\u0161 Londono susipa\u017einti su seneliais, kuri\u0173 lig \u0161iol dorai nepa\u017einojo. Galiausiai \u0161eimai susib\u016brus \u012f vien\u0105 viet\u0105, u\u017esl\u0117ptos nuoskaudos i\u0161kyla \u012f pavir\u0161i\u0173 ir atskleid\u017eiama ilgus metus kruop\u0161\u010diai sl\u0117pta paslaptis...\" \/>\n<meta property=\"og:url\" content=\"https:\/\/skaitytaknyga.lt\/en\/produktas\/jojo-moyes-lietaus-prieglobstis\/\" \/>\n<meta property=\"og:site_name\" content=\"Skaitytaknyga\" \/>\n<meta property=\"article:publisher\" content=\"https:\/\/www.facebook.com\/skaitytaknyga\/\" \/>\n<meta property=\"article:modified_time\" content=\"2025-06-15T17:36:34+00:00\" \/>\n<meta property=\"og:image\" content=\"https:\/\/skaitytaknyga.lt\/wp-content\/uploads\/2024\/05\/Be-pavadinimo-31.png\" \/>\n\t<meta property=\"og:image:width\" content=\"221\" \/>\n\t<meta property=\"og:image:height\" content=\"360\" \/>\n\t<meta property=\"og:image:type\" content=\"image\/png\" \/>\n<meta name=\"twitter:card\" content=\"summary_large_image\" \/>\n<meta name=\"twitter:label1\" content=\"Estimated reading time\" \/>\n\t<meta name=\"twitter:data1\" content=\"1 minute\" \/>\n<script type=\"application\/ld+json\" class=\"yoast-schema-graph\">{\"@context\":\"https:\/\/schema.org\",\"@graph\":[{\"@type\":\"WebPage\",\"@id\":\"https:\/\/skaitytaknyga.lt\/produktas\/jojo-moyes-lietaus-prieglobstis\/\",\"url\":\"https:\/\/skaitytaknyga.lt\/produktas\/jojo-moyes-lietaus-prieglobstis\/\",\"name\":\"Lietaus prieglobstis\",\"isPartOf\":{\"@id\":\"https:\/\/skaitytaknyga.lt\/#website\"},\"primaryImageOfPage\":{\"@id\":\"https:\/\/skaitytaknyga.lt\/produktas\/jojo-moyes-lietaus-prieglobstis\/#primaryimage\"},\"image\":{\"@id\":\"https:\/\/skaitytaknyga.lt\/produktas\/jojo-moyes-lietaus-prieglobstis\/#primaryimage\"},\"thumbnailUrl\":\"https:\/\/skaitytaknyga.lt\/wp-content\/uploads\/2024\/05\/Be-pavadinimo-31.png\",\"datePublished\":\"2024-05-22T12:30:57+00:00\",\"dateModified\":\"2025-06-15T17:36:34+00:00\",\"description\":\"New York Times\u00a0geriausio bestselerio autor\u0117, suk\u016brus\u012f roman\u0105\u00a0\u201eA\u0161 prie\u0161 tave\\\", kurio motyvais buvo pastatytas daug d\u0117mesio pritrauk\u0119s meninis filmas, si\u016blo jaudinan\u010di\u0105 ir nepamir\u0161tam\u0105 istorij\u0105 apie tris airi\u0173 moter\u0173 kartas, kurioms tenka susidurti su esmin\u0117mis vertyb\u0117mis \u2014 meile, pareiga ir nenutraukiamu ry\u0161iu, siejan\u010diu motinas su dukromis. Ekspatriant\u0173 pob\u016bvyje \u0161e\u0161tojo de\u0161imtme\u010dio Honkonge susipa\u017einusi su gra\u017euoliu j\u016br\u0173 karininku Edvardu, dvide\u0161imt vieneri\u0173 met\u0173 D\u017eoja ma\u017eiausiai tikisi \u012fsimyl\u0117ti. Skubiai i\u0161tek\u0117jusi kartu su vyru leid\u017eiasi \u012f keliones po vis\u0105 pasaul\u012f, ta\u010diau netrukus su\u017eino, kad santuoka slepia daugiau nei matyti i\u0161 pirmo \u017evilgsnio... Devintajame de\u0161imtmetyje jaunoji D\u017eojos dukra Keit\u0117 d\u0117l neai\u0161kios prie\u017easties pab\u0117ga i\u0161 t\u0117v\u0173 nam\u0173. Po penkiolikos met\u0173 Keit\u0117s dukra Sabina atvyksta i\u0161 Londono susipa\u017einti su seneliais, kuri\u0173 lig \u0161iol dorai nepa\u017einojo. Galiausiai \u0161eimai susib\u016brus \u012f vien\u0105 viet\u0105, u\u017esl\u0117ptos nuoskaudos i\u0161kyla \u012f pavir\u0161i\u0173 ir atskleid\u017eiama ilgus metus kruop\u0161\u010diai sl\u0117pta paslaptis...\",\"breadcrumb\":{\"@id\":\"https:\/\/skaitytaknyga.lt\/produktas\/jojo-moyes-lietaus-prieglobstis\/#breadcrumb\"},\"inLanguage\":\"en-GB\",\"potentialAction\":[{\"@type\":\"ReadAction\",\"target\":[\"https:\/\/skaitytaknyga.lt\/produktas\/jojo-moyes-lietaus-prieglobstis\/\"]}]},{\"@type\":\"ImageObject\",\"inLanguage\":\"en-GB\",\"@id\":\"https:\/\/skaitytaknyga.lt\/produktas\/jojo-moyes-lietaus-prieglobstis\/#primaryimage\",\"url\":\"https:\/\/skaitytaknyga.lt\/wp-content\/uploads\/2024\/05\/Be-pavadinimo-31.png\",\"contentUrl\":\"https:\/\/skaitytaknyga.lt\/wp-content\/uploads\/2024\/05\/Be-pavadinimo-31.png\",\"width\":221,\"height\":360,\"caption\":\"Lietaus prieglobstis\"},{\"@type\":\"BreadcrumbList\",\"@id\":\"https:\/\/skaitytaknyga.lt\/produktas\/jojo-moyes-lietaus-prieglobstis\/#breadcrumb\",\"itemListElement\":[{\"@type\":\"ListItem\",\"position\":1,\"name\":\"Home\",\"item\":\"https:\/\/skaitytaknyga.lt\/\"},{\"@type\":\"ListItem\",\"position\":2,\"name\":\"Parduotuv\u0117\",\"item\":\"https:\/\/skaitytaknyga.lt\/knygu-parduotuve\/\"},{\"@type\":\"ListItem\",\"position\":3,\"name\":\"Lietaus prieglobstis\"}]},{\"@type\":\"WebSite\",\"@id\":\"https:\/\/skaitytaknyga.lt\/#website\",\"url\":\"https:\/\/skaitytaknyga.lt\/\",\"name\":\"skaitytaknyga.lt\",\"description\":\"Skaitytaknyga.lt \u2013 tai ma\u017eas \u0161eimos verslas, kuris prasid\u0117jo nuo meil\u0117s knygoms ir siekio i\u0161gelb\u0117ti knygas nuo likimo prie konteinerio. Kas vienam nereikalingas daiktas \u2013 kitam lobis, o mes esame tarpininkai, kurie padeda abiems tapti laimingesniems ???? \u017dinome kaip nelengva i\u0161gyventi ma\u017eiems verslams, tad nuo \u0161iol, \u010dia rasite ir kit\u0173, ma\u017e\u0173 \u0161eim\u0173 versl\u0173, rank\u0173 darbo, dovan\u0173 sau ir artimiesiems.\",\"publisher\":{\"@id\":\"https:\/\/skaitytaknyga.lt\/#organization\"},\"potentialAction\":[{\"@type\":\"SearchAction\",\"target\":{\"@type\":\"EntryPoint\",\"urlTemplate\":\"https:\/\/skaitytaknyga.lt\/?s={search_term_string}\"},\"query-input\":{\"@type\":\"PropertyValueSpecification\",\"valueRequired\":true,\"valueName\":\"search_term_string\"}}],\"inLanguage\":\"en-GB\"},{\"@type\":\"Organization\",\"@id\":\"https:\/\/skaitytaknyga.lt\/#organization\",\"name\":\"skaitytaknyga.lt\",\"url\":\"https:\/\/skaitytaknyga.lt\/\",\"logo\":{\"@type\":\"ImageObject\",\"inLanguage\":\"en-GB\",\"@id\":\"https:\/\/skaitytaknyga.lt\/#\/schema\/logo\/image\/\",\"url\":\"https:\/\/skaitytaknyga.lt\/wp-content\/uploads\/2024\/05\/cropped-cropped-cropped-02_00843_jt3bggkj1j3HLc7SyY6rEUpg.jpeg\",\"contentUrl\":\"https:\/\/skaitytaknyga.lt\/wp-content\/uploads\/2024\/05\/cropped-cropped-cropped-02_00843_jt3bggkj1j3HLc7SyY6rEUpg.jpeg\",\"width\":1600,\"height\":1600,\"caption\":\"skaitytaknyga.lt\"},\"image\":{\"@id\":\"https:\/\/skaitytaknyga.lt\/#\/schema\/logo\/image\/\"},\"sameAs\":[\"https:\/\/www.facebook.com\/skaitytaknyga\/\"]}]}<\/script>\n<!-- \/ Yoast SEO plugin. -->","yoast_head_json":{"title":"Lietaus prieglobstis","description":"New York Times\u00a0geriausio bestselerio autor\u0117, suk\u016brus\u012f roman\u0105\u00a0\u201eA\u0161 prie\u0161 tave\", kurio motyvais buvo pastatytas daug d\u0117mesio pritrauk\u0119s meninis filmas, si\u016blo jaudinan\u010di\u0105 ir nepamir\u0161tam\u0105 istorij\u0105 apie tris airi\u0173 moter\u0173 kartas, kurioms tenka susidurti su esmin\u0117mis vertyb\u0117mis \u2014 meile, pareiga ir nenutraukiamu ry\u0161iu, siejan\u010diu motinas su dukromis.  Ekspatriant\u0173 pob\u016bvyje \u0161e\u0161tojo de\u0161imtme\u010dio Honkonge susipa\u017einusi su gra\u017euoliu j\u016br\u0173 karininku Edvardu, dvide\u0161imt vieneri\u0173 met\u0173 D\u017eoja ma\u017eiausiai tikisi \u012fsimyl\u0117ti. Skubiai i\u0161tek\u0117jusi kartu su vyru leid\u017eiasi \u012f keliones po vis\u0105 pasaul\u012f, ta\u010diau netrukus su\u017eino, kad santuoka slepia daugiau nei matyti i\u0161 pirmo \u017evilgsnio...  Devintajame de\u0161imtmetyje jaunoji D\u017eojos dukra Keit\u0117 d\u0117l neai\u0161kios prie\u017easties pab\u0117ga i\u0161 t\u0117v\u0173 nam\u0173. Po penkiolikos met\u0173 Keit\u0117s dukra Sabina atvyksta i\u0161 Londono susipa\u017einti su seneliais, kuri\u0173 lig \u0161iol dorai nepa\u017einojo. Galiausiai \u0161eimai susib\u016brus \u012f vien\u0105 viet\u0105, u\u017esl\u0117ptos nuoskaudos i\u0161kyla \u012f pavir\u0161i\u0173 ir atskleid\u017eiama ilgus metus kruop\u0161\u010diai sl\u0117pta paslaptis...","robots":{"index":"index","follow":"follow","max-snippet":"max-snippet:-1","max-image-preview":"max-image-preview:large","max-video-preview":"max-video-preview:-1"},"canonical":"https:\/\/skaitytaknyga.lt\/en\/produktas\/jojo-moyes-lietaus-prieglobstis\/","og_locale":"en_GB","og_type":"article","og_title":"[:lt]Lietaus prieglobstis[:] - Skaitytaknyga","og_description":"New York Times\u00a0geriausio bestselerio autor\u0117, suk\u016brus\u012f roman\u0105\u00a0\u201eA\u0161 prie\u0161 tave\", kurio motyvais buvo pastatytas daug d\u0117mesio pritrauk\u0119s meninis filmas, si\u016blo jaudinan\u010di\u0105 ir nepamir\u0161tam\u0105 istorij\u0105 apie tris airi\u0173 moter\u0173 kartas, kurioms tenka susidurti su esmin\u0117mis vertyb\u0117mis \u2014 meile, pareiga ir nenutraukiamu ry\u0161iu, siejan\u010diu motinas su dukromis.  Ekspatriant\u0173 pob\u016bvyje \u0161e\u0161tojo de\u0161imtme\u010dio Honkonge susipa\u017einusi su gra\u017euoliu j\u016br\u0173 karininku Edvardu, dvide\u0161imt vieneri\u0173 met\u0173 D\u017eoja ma\u017eiausiai tikisi \u012fsimyl\u0117ti. Skubiai i\u0161tek\u0117jusi kartu su vyru leid\u017eiasi \u012f keliones po vis\u0105 pasaul\u012f, ta\u010diau netrukus su\u017eino, kad santuoka slepia daugiau nei matyti i\u0161 pirmo \u017evilgsnio...  Devintajame de\u0161imtmetyje jaunoji D\u017eojos dukra Keit\u0117 d\u0117l neai\u0161kios prie\u017easties pab\u0117ga i\u0161 t\u0117v\u0173 nam\u0173. Po penkiolikos met\u0173 Keit\u0117s dukra Sabina atvyksta i\u0161 Londono susipa\u017einti su seneliais, kuri\u0173 lig \u0161iol dorai nepa\u017einojo. Galiausiai \u0161eimai susib\u016brus \u012f vien\u0105 viet\u0105, u\u017esl\u0117ptos nuoskaudos i\u0161kyla \u012f pavir\u0161i\u0173 ir atskleid\u017eiama ilgus metus kruop\u0161\u010diai sl\u0117pta paslaptis...","og_url":"https:\/\/skaitytaknyga.lt\/en\/produktas\/jojo-moyes-lietaus-prieglobstis\/","og_site_name":"Skaitytaknyga","article_publisher":"https:\/\/www.facebook.com\/skaitytaknyga\/","article_modified_time":"2025-06-15T17:36:34+00:00","og_image":[{"width":221,"height":360,"url":"https:\/\/skaitytaknyga.lt\/wp-content\/uploads\/2024\/05\/Be-pavadinimo-31.png","type":"image\/png"}],"twitter_card":"summary_large_image","twitter_misc":{"Estimated reading time":"1 minute"},"schema":{"@context":"https:\/\/schema.org","@graph":[{"@type":"WebPage","@id":"https:\/\/skaitytaknyga.lt\/produktas\/jojo-moyes-lietaus-prieglobstis\/","url":"https:\/\/skaitytaknyga.lt\/produktas\/jojo-moyes-lietaus-prieglobstis\/","name":"Lietaus prieglobstis","isPartOf":{"@id":"https:\/\/skaitytaknyga.lt\/#website"},"primaryImageOfPage":{"@id":"https:\/\/skaitytaknyga.lt\/produktas\/jojo-moyes-lietaus-prieglobstis\/#primaryimage"},"image":{"@id":"https:\/\/skaitytaknyga.lt\/produktas\/jojo-moyes-lietaus-prieglobstis\/#primaryimage"},"thumbnailUrl":"https:\/\/skaitytaknyga.lt\/wp-content\/uploads\/2024\/05\/Be-pavadinimo-31.png","datePublished":"2024-05-22T12:30:57+00:00","dateModified":"2025-06-15T17:36:34+00:00","description":"New York Times\u00a0geriausio bestselerio autor\u0117, suk\u016brus\u012f roman\u0105\u00a0\u201eA\u0161 prie\u0161 tave\", kurio motyvais buvo pastatytas daug d\u0117mesio pritrauk\u0119s meninis filmas, si\u016blo jaudinan\u010di\u0105 ir nepamir\u0161tam\u0105 istorij\u0105 apie tris airi\u0173 moter\u0173 kartas, kurioms tenka susidurti su esmin\u0117mis vertyb\u0117mis \u2014 meile, pareiga ir nenutraukiamu ry\u0161iu, siejan\u010diu motinas su dukromis. Ekspatriant\u0173 pob\u016bvyje \u0161e\u0161tojo de\u0161imtme\u010dio Honkonge susipa\u017einusi su gra\u017euoliu j\u016br\u0173 karininku Edvardu, dvide\u0161imt vieneri\u0173 met\u0173 D\u017eoja ma\u017eiausiai tikisi \u012fsimyl\u0117ti. Skubiai i\u0161tek\u0117jusi kartu su vyru leid\u017eiasi \u012f keliones po vis\u0105 pasaul\u012f, ta\u010diau netrukus su\u017eino, kad santuoka slepia daugiau nei matyti i\u0161 pirmo \u017evilgsnio... Devintajame de\u0161imtmetyje jaunoji D\u017eojos dukra Keit\u0117 d\u0117l neai\u0161kios prie\u017easties pab\u0117ga i\u0161 t\u0117v\u0173 nam\u0173. Po penkiolikos met\u0173 Keit\u0117s dukra Sabina atvyksta i\u0161 Londono susipa\u017einti su seneliais, kuri\u0173 lig \u0161iol dorai nepa\u017einojo. Galiausiai \u0161eimai susib\u016brus \u012f vien\u0105 viet\u0105, u\u017esl\u0117ptos nuoskaudos i\u0161kyla \u012f pavir\u0161i\u0173 ir atskleid\u017eiama ilgus metus kruop\u0161\u010diai sl\u0117pta paslaptis...","breadcrumb":{"@id":"https:\/\/skaitytaknyga.lt\/produktas\/jojo-moyes-lietaus-prieglobstis\/#breadcrumb"},"inLanguage":"en-GB","potentialAction":[{"@type":"ReadAction","target":["https:\/\/skaitytaknyga.lt\/produktas\/jojo-moyes-lietaus-prieglobstis\/"]}]},{"@type":"ImageObject","inLanguage":"en-GB","@id":"https:\/\/skaitytaknyga.lt\/produktas\/jojo-moyes-lietaus-prieglobstis\/#primaryimage","url":"https:\/\/skaitytaknyga.lt\/wp-content\/uploads\/2024\/05\/Be-pavadinimo-31.png","contentUrl":"https:\/\/skaitytaknyga.lt\/wp-content\/uploads\/2024\/05\/Be-pavadinimo-31.png","width":221,"height":360,"caption":"Lietaus prieglobstis"},{"@type":"BreadcrumbList","@id":"https:\/\/skaitytaknyga.lt\/produktas\/jojo-moyes-lietaus-prieglobstis\/#breadcrumb","itemListElement":[{"@type":"ListItem","position":1,"name":"Home","item":"https:\/\/skaitytaknyga.lt\/"},{"@type":"ListItem","position":2,"name":"Parduotuv\u0117","item":"https:\/\/skaitytaknyga.lt\/knygu-parduotuve\/"},{"@type":"ListItem","position":3,"name":"Lietaus prieglobstis"}]},{"@type":"WebSite","@id":"https:\/\/skaitytaknyga.lt\/#website","url":"https:\/\/skaitytaknyga.lt\/","name":"skaitytaknyga.lt","description":"Skaitytaknyga.lt \u2013 tai ma\u017eas \u0161eimos verslas, kuris prasid\u0117jo nuo meil\u0117s knygoms ir siekio i\u0161gelb\u0117ti knygas nuo likimo prie konteinerio. Kas vienam nereikalingas daiktas \u2013 kitam lobis, o mes esame tarpininkai, kurie padeda abiems tapti laimingesniems ???? \u017dinome kaip nelengva i\u0161gyventi ma\u017eiems verslams, tad nuo \u0161iol, \u010dia rasite ir kit\u0173, ma\u017e\u0173 \u0161eim\u0173 versl\u0173, rank\u0173 darbo, dovan\u0173 sau ir artimiesiems.","publisher":{"@id":"https:\/\/skaitytaknyga.lt\/#organization"},"potentialAction":[{"@type":"SearchAction","target":{"@type":"EntryPoint","urlTemplate":"https:\/\/skaitytaknyga.lt\/?s={search_term_string}"},"query-input":{"@type":"PropertyValueSpecification","valueRequired":true,"valueName":"search_term_string"}}],"inLanguage":"en-GB"},{"@type":"Organization","@id":"https:\/\/skaitytaknyga.lt\/#organization","name":"skaitytaknyga.lt","url":"https:\/\/skaitytaknyga.lt\/","logo":{"@type":"ImageObject","inLanguage":"en-GB","@id":"https:\/\/skaitytaknyga.lt\/#\/schema\/logo\/image\/","url":"https:\/\/skaitytaknyga.lt\/wp-content\/uploads\/2024\/05\/cropped-cropped-cropped-02_00843_jt3bggkj1j3HLc7SyY6rEUpg.jpeg","contentUrl":"https:\/\/skaitytaknyga.lt\/wp-content\/uploads\/2024\/05\/cropped-cropped-cropped-02_00843_jt3bggkj1j3HLc7SyY6rEUpg.jpeg","width":1600,"height":1600,"caption":"skaitytaknyga.lt"},"image":{"@id":"https:\/\/skaitytaknyga.lt\/#\/schema\/logo\/image\/"},"sameAs":["https:\/\/www.facebook.com\/skaitytaknyga\/"]}]}},"_links":{"self":[{"href":"https:\/\/skaitytaknyga.lt\/en\/wp-json\/wp\/v2\/product\/11762","targetHints":{"allow":["GET"]}}],"collection":[{"href":"https:\/\/skaitytaknyga.lt\/en\/wp-json\/wp\/v2\/product"}],"about":[{"href":"https:\/\/skaitytaknyga.lt\/en\/wp-json\/wp\/v2\/types\/product"}],"replies":[{"embeddable":true,"href":"https:\/\/skaitytaknyga.lt\/en\/wp-json\/wp\/v2\/comments?post=11762"}],"wp:featuredmedia":[{"embeddable":true,"href":"https:\/\/skaitytaknyga.lt\/en\/wp-json\/wp\/v2\/media\/11763"}],"wp:attachment":[{"href":"https:\/\/skaitytaknyga.lt\/en\/wp-json\/wp\/v2\/media?parent=11762"}],"wp:term":[{"taxonomy":"product_brand","embeddable":true,"href":"https:\/\/skaitytaknyga.lt\/en\/wp-json\/wp\/v2\/product_brand?post=11762"},{"taxonomy":"product_cat","embeddable":true,"href":"https:\/\/skaitytaknyga.lt\/en\/wp-json\/wp\/v2\/product_cat?post=11762"},{"taxonomy":"product_tag","embeddable":true,"href":"https:\/\/skaitytaknyga.lt\/en\/wp-json\/wp\/v2\/product_tag?post=11762"}],"curies":[{"name":"wp","href":"https:\/\/api.w.org\/{rel}","templated":true}]}}