{"id":11759,"date":"2024-05-22T12:27:20","date_gmt":"2024-05-22T12:27:20","guid":{"rendered":"https:\/\/skaitytaknyga.lt\/?post_type=product&#038;p=11759"},"modified":"2025-06-26T15:24:07","modified_gmt":"2025-06-26T12:24:07","slug":"jurga-ivanauskaite-kelioniu-alchemija","status":"publish","type":"product","link":"https:\/\/skaitytaknyga.lt\/en\/produktas\/jurga-ivanauskaite-kelioniu-alchemija\/","title":{"rendered":"Kelioni\u0173 alchemija"},"content":{"rendered":"<p>Niekas taip neatpalaiduoja ir nei\u0161laisvina \u017emogaus kaip kelion\u0117, i\u0161siver\u017eimas i\u0161 senos aplinkos ir nauj\u0173 viet\u0173 magija. Keliaudami ne tik pa\u017e\u012fstame pasaul\u012f ir atrandame dar nematytas \u0161alis, bet ir atveriame pasl\u0117ptas savo sielos vietoves. Pirm\u0105 kart\u0105 patekusi \u012f sve\u010di\u0105 \u0161al\u012f, visuomet jau\u010diu, kaip mano viduje subanguoja ir atgyja nauja erdv\u0117, iki tol buvusi tik balta d\u0117m\u0117 nei\u0161tirtame kontinente.<\/p>\n<p>Did\u017eiosios pasaulio religijos pabr\u0117\u017eia piligrimini\u0173 kelioni\u0173 svarb\u0105 ir slapt\u0105j\u0105 prasm\u0119. Pasak i\u0161min\u010di\u0173, dievi\u0161kumas ir \u0161ventumas svetur prasiver\u017eia grei\u010diau, nes kelion\u0117je protas neu\u017eimtas berg\u017ed\u017eia veikla, kuri \u0161iaip \u012fsiterpia \u012f dievi\u0161k\u0105j\u0105 t\u0117km\u0119. \u017dmogui, i\u0161dr\u012fsusiam atverti savo gelmes, kiekviena kelion\u0117 yra nuostabi ir kupina stebukl\u0173!<\/p>\n","protected":false},"excerpt":{"rendered":"<p>Niekas taip neatpalaiduoja ir nei\u0161laisvina \u017emogaus kaip kelion\u0117, i\u0161siver\u017eimas i\u0161 senos aplinkos ir nauj\u0173 viet\u0173 magija. Keliaudami ne tik pa\u017e\u012fstame pasaul\u012f ir atrandame dar nematytas \u0161alis, bet ir atveriame pasl\u0117ptas savo sielos vietoves. Pirm\u0105 kart\u0105 patekusi \u012f sve\u010di\u0105 \u0161al\u012f, visuomet jau\u010diu, kaip mano viduje subanguoja ir atgyja nauja erdv\u0117, iki tol buvusi tik balta d\u0117m\u0117 nei\u0161tirtame kontinente.<\/p>\n<p>Did\u017eiosios pasaulio religijos pabr\u0117\u017eia piligrimini\u0173 kelioni\u0173 svarb\u0105 ir slapt\u0105j\u0105 prasm\u0119. Pasak i\u0161min\u010di\u0173, dievi\u0161kumas ir \u0161ventumas svetur prasiver\u017eia grei\u010diau, nes kelion\u0117je protas neu\u017eimtas berg\u017ed\u017eia veikla, kuri \u0161iaip \u012fsiterpia \u012f dievi\u0161k\u0105j\u0105 t\u0117km\u0119. \u017dmogui, i\u0161dr\u012fsusiam atverti savo gelmes, kiekviena kelion\u0117 yra nuostabi ir kupina stebukl\u0173!<\/p>\n","protected":false},"featured_media":10785,"comment_status":"closed","ping_status":"closed","template":"","meta":{"_acf_changed":false,"site-sidebar-layout":"default","site-content-layout":"","ast-site-content-layout":"default","site-content-style":"default","site-sidebar-style":"default","ast-global-header-display":"","ast-banner-title-visibility":"","ast-main-header-display":"","ast-hfb-above-header-display":"","ast-hfb-below-header-display":"","ast-hfb-mobile-header-display":"","site-post-title":"","ast-breadcrumbs-content":"","ast-featured-img":"","footer-sml-layout":"","ast-disable-related-posts":"","theme-transparent-header-meta":"","adv-header-id-meta":"","stick-header-meta":"","header-above-stick-meta":"","header-main-stick-meta":"","header-below-stick-meta":"","astra-migrate-meta-layouts":"default","ast-page-background-enabled":"default","ast-page-background-meta":{"desktop":{"background-color":"","background-image":"","background-repeat":"repeat","background-position":"center center","background-size":"auto","background-attachment":"scroll","background-type":"","background-media":"","overlay-type":"","overlay-color":"","overlay-opacity":"","overlay-gradient":""},"tablet":{"background-color":"","background-image":"","background-repeat":"repeat","background-position":"center center","background-size":"auto","background-attachment":"scroll","background-type":"","background-media":"","overlay-type":"","overlay-color":"","overlay-opacity":"","overlay-gradient":""},"mobile":{"background-color":"","background-image":"","background-repeat":"repeat","background-position":"center center","background-size":"auto","background-attachment":"scroll","background-type":"","background-media":"","overlay-type":"","overlay-color":"","overlay-opacity":"","overlay-gradient":""}},"ast-content-background-meta":{"desktop":{"background-color":"var(--ast-global-color-4)","background-image":"","background-repeat":"repeat","background-position":"center center","background-size":"auto","background-attachment":"scroll","background-type":"","background-media":"","overlay-type":"","overlay-color":"","overlay-opacity":"","overlay-gradient":""},"tablet":{"background-color":"var(--ast-global-color-4)","background-image":"","background-repeat":"repeat","background-position":"center center","background-size":"auto","background-attachment":"scroll","background-type":"","background-media":"","overlay-type":"","overlay-color":"","overlay-opacity":"","overlay-gradient":""},"mobile":{"background-color":"var(--ast-global-color-4)","background-image":"","background-repeat":"repeat","background-position":"center center","background-size":"auto","background-attachment":"scroll","background-type":"","background-media":"","overlay-type":"","overlay-color":"","overlay-opacity":"","overlay-gradient":""}}},"product_brand":[],"product_cat":[31],"product_tag":[3560,5639,2617,1445,3675,5622,5613,5453],"class_list":{"0":"post-11759","1":"product","2":"type-product","3":"status-publish","4":"has-post-thumbnail","6":"product_cat-grozine-literatura","7":"product_tag-atsipalaidavimas","8":"product_tag-dieviskumas","9":"product_tag-jurga-ivanauskaite","10":"product_tag-keliones","11":"product_tag-pasaulis","12":"product_tag-piligrimines-keliones","13":"product_tag-religijos","14":"product_tag-vidus","15":"pa_leidimo-metai-680","16":"pa_virselis-kietas","17":"desktop-align-left","18":"tablet-align-left","19":"mobile-align-left","21":"first","22":"instock","23":"shipping-taxable","24":"purchasable","25":"product-type-simple"},"acf":[],"yoast_head":"<!-- This site is optimized with the Yoast SEO plugin v27.0 - https:\/\/yoast.com\/product\/yoast-seo-wordpress\/ -->\n<title>Kelioni\u0173 alchemija<\/title>\n<meta name=\"description\" content=\"Niekas taip neatpalaiduoja ir nei\u0161laisvina \u017emogaus kaip kelion\u0117, i\u0161siver\u017eimas i\u0161 senos aplinkos ir nauj\u0173 viet\u0173 magija. Keliaudami ne tik pa\u017e\u012fstame pasaul\u012f ir atrandame dar nematytas \u0161alis, bet ir atveriame pasl\u0117ptas savo sielos vietoves. Pirm\u0105 kart\u0105 patekusi \u012f sve\u010di\u0105 \u0161al\u012f, visuomet jau\u010diu, kaip mano viduje subanguoja ir atgyja nauja erdv\u0117, iki tol buvusi tik balta d\u0117m\u0117 nei\u0161tirtame kontinente.  Did\u017eiosios pasaulio religijos pabr\u0117\u017eia piligrimini\u0173 kelioni\u0173 svarb\u0105 ir slapt\u0105j\u0105 prasm\u0119. Pasak i\u0161min\u010di\u0173, dievi\u0161kumas ir \u0161ventumas svetur prasiver\u017eia grei\u010diau, nes kelion\u0117je protas neu\u017eimtas berg\u017ed\u017eia veikla, kuri \u0161iaip \u012fsiterpia \u012f dievi\u0161k\u0105j\u0105 t\u0117km\u0119. \u017dmogui, i\u0161dr\u012fsusiam atverti savo gelmes, kiekviena kelion\u0117 yra nuostabi ir kupina stebukl\u0173!\" \/>\n<meta name=\"robots\" content=\"index, follow, max-snippet:-1, max-image-preview:large, max-video-preview:-1\" \/>\n<link rel=\"canonical\" href=\"https:\/\/skaitytaknyga.lt\/en\/produktas\/jurga-ivanauskaite-kelioniu-alchemija\/\" \/>\n<meta property=\"og:locale\" content=\"en_GB\" \/>\n<meta property=\"og:locale:alternate\" content=\"lt_LT\" \/>\n<meta property=\"og:type\" content=\"article\" \/>\n<meta property=\"og:title\" content=\"Kelioni\u0173 alchemija\" \/>\n<meta property=\"og:description\" content=\"Niekas taip neatpalaiduoja ir nei\u0161laisvina \u017emogaus kaip kelion\u0117, i\u0161siver\u017eimas i\u0161 senos aplinkos ir nauj\u0173 viet\u0173 magija. Keliaudami ne tik pa\u017e\u012fstame pasaul\u012f ir atrandame dar nematytas \u0161alis, bet ir atveriame pasl\u0117ptas savo sielos vietoves. Pirm\u0105 kart\u0105 patekusi \u012f sve\u010di\u0105 \u0161al\u012f, visuomet jau\u010diu, kaip mano viduje subanguoja ir atgyja nauja erdv\u0117, iki tol buvusi tik balta d\u0117m\u0117 nei\u0161tirtame kontinente.  Did\u017eiosios pasaulio religijos pabr\u0117\u017eia piligrimini\u0173 kelioni\u0173 svarb\u0105 ir slapt\u0105j\u0105 prasm\u0119. Pasak i\u0161min\u010di\u0173, dievi\u0161kumas ir \u0161ventumas svetur prasiver\u017eia grei\u010diau, nes kelion\u0117je protas neu\u017eimtas berg\u017ed\u017eia veikla, kuri \u0161iaip \u012fsiterpia \u012f dievi\u0161k\u0105j\u0105 t\u0117km\u0119. \u017dmogui, i\u0161dr\u012fsusiam atverti savo gelmes, kiekviena kelion\u0117 yra nuostabi ir kupina stebukl\u0173!\" \/>\n<meta property=\"og:url\" content=\"https:\/\/skaitytaknyga.lt\/en\/produktas\/jurga-ivanauskaite-kelioniu-alchemija\/\" \/>\n<meta property=\"og:site_name\" content=\"Skaitytaknyga\" \/>\n<meta property=\"article:publisher\" content=\"https:\/\/www.facebook.com\/skaitytaknyga\/\" \/>\n<meta property=\"article:modified_time\" content=\"2025-06-26T12:24:07+00:00\" \/>\n<meta property=\"og:image\" content=\"https:\/\/skaitytaknyga.lt\/wp-content\/uploads\/2024\/05\/Dizainas-be-pavadinimo.jpg\" \/>\n\t<meta property=\"og:image:width\" content=\"1410\" \/>\n\t<meta property=\"og:image:height\" content=\"2250\" \/>\n\t<meta property=\"og:image:type\" content=\"image\/jpeg\" \/>\n<meta name=\"twitter:card\" content=\"summary_large_image\" \/>\n<meta name=\"twitter:label1\" content=\"Estimated reading time\" \/>\n\t<meta name=\"twitter:data1\" content=\"1 minute\" \/>\n<script type=\"application\/ld+json\" class=\"yoast-schema-graph\">{\"@context\":\"https:\/\/schema.org\",\"@graph\":[{\"@type\":\"WebPage\",\"@id\":\"https:\/\/skaitytaknyga.lt\/produktas\/jurga-ivanauskaite-kelioniu-alchemija\/\",\"url\":\"https:\/\/skaitytaknyga.lt\/produktas\/jurga-ivanauskaite-kelioniu-alchemija\/\",\"name\":\"Kelioni\u0173 alchemija\",\"isPartOf\":{\"@id\":\"https:\/\/skaitytaknyga.lt\/#website\"},\"primaryImageOfPage\":{\"@id\":\"https:\/\/skaitytaknyga.lt\/produktas\/jurga-ivanauskaite-kelioniu-alchemija\/#primaryimage\"},\"image\":{\"@id\":\"https:\/\/skaitytaknyga.lt\/produktas\/jurga-ivanauskaite-kelioniu-alchemija\/#primaryimage\"},\"thumbnailUrl\":\"https:\/\/skaitytaknyga.lt\/wp-content\/uploads\/2024\/05\/Dizainas-be-pavadinimo.jpg\",\"datePublished\":\"2024-05-22T12:27:20+00:00\",\"dateModified\":\"2025-06-26T12:24:07+00:00\",\"description\":\"Niekas taip neatpalaiduoja ir nei\u0161laisvina \u017emogaus kaip kelion\u0117, i\u0161siver\u017eimas i\u0161 senos aplinkos ir nauj\u0173 viet\u0173 magija. Keliaudami ne tik pa\u017e\u012fstame pasaul\u012f ir atrandame dar nematytas \u0161alis, bet ir atveriame pasl\u0117ptas savo sielos vietoves. Pirm\u0105 kart\u0105 patekusi \u012f sve\u010di\u0105 \u0161al\u012f, visuomet jau\u010diu, kaip mano viduje subanguoja ir atgyja nauja erdv\u0117, iki tol buvusi tik balta d\u0117m\u0117 nei\u0161tirtame kontinente. Did\u017eiosios pasaulio religijos pabr\u0117\u017eia piligrimini\u0173 kelioni\u0173 svarb\u0105 ir slapt\u0105j\u0105 prasm\u0119. Pasak i\u0161min\u010di\u0173, dievi\u0161kumas ir \u0161ventumas svetur prasiver\u017eia grei\u010diau, nes kelion\u0117je protas neu\u017eimtas berg\u017ed\u017eia veikla, kuri \u0161iaip \u012fsiterpia \u012f dievi\u0161k\u0105j\u0105 t\u0117km\u0119. \u017dmogui, i\u0161dr\u012fsusiam atverti savo gelmes, kiekviena kelion\u0117 yra nuostabi ir kupina stebukl\u0173!\",\"breadcrumb\":{\"@id\":\"https:\/\/skaitytaknyga.lt\/produktas\/jurga-ivanauskaite-kelioniu-alchemija\/#breadcrumb\"},\"inLanguage\":\"en-GB\",\"potentialAction\":[{\"@type\":\"ReadAction\",\"target\":[\"https:\/\/skaitytaknyga.lt\/produktas\/jurga-ivanauskaite-kelioniu-alchemija\/\"]}]},{\"@type\":\"ImageObject\",\"inLanguage\":\"en-GB\",\"@id\":\"https:\/\/skaitytaknyga.lt\/produktas\/jurga-ivanauskaite-kelioniu-alchemija\/#primaryimage\",\"url\":\"https:\/\/skaitytaknyga.lt\/wp-content\/uploads\/2024\/05\/Dizainas-be-pavadinimo.jpg\",\"contentUrl\":\"https:\/\/skaitytaknyga.lt\/wp-content\/uploads\/2024\/05\/Dizainas-be-pavadinimo.jpg\",\"width\":1410,\"height\":2250},{\"@type\":\"BreadcrumbList\",\"@id\":\"https:\/\/skaitytaknyga.lt\/produktas\/jurga-ivanauskaite-kelioniu-alchemija\/#breadcrumb\",\"itemListElement\":[{\"@type\":\"ListItem\",\"position\":1,\"name\":\"Home\",\"item\":\"https:\/\/skaitytaknyga.lt\/\"},{\"@type\":\"ListItem\",\"position\":2,\"name\":\"Parduotuv\u0117\",\"item\":\"https:\/\/skaitytaknyga.lt\/knygu-parduotuve\/\"},{\"@type\":\"ListItem\",\"position\":3,\"name\":\"Kelioni\u0173 alchemija\"}]},{\"@type\":\"WebSite\",\"@id\":\"https:\/\/skaitytaknyga.lt\/#website\",\"url\":\"https:\/\/skaitytaknyga.lt\/\",\"name\":\"skaitytaknyga.lt\",\"description\":\"Skaitytaknyga.lt \u2013 tai ma\u017eas \u0161eimos verslas, kuris prasid\u0117jo nuo meil\u0117s knygoms ir siekio i\u0161gelb\u0117ti knygas nuo likimo prie konteinerio. Kas vienam nereikalingas daiktas \u2013 kitam lobis, o mes esame tarpininkai, kurie padeda abiems tapti laimingesniems ???? \u017dinome kaip nelengva i\u0161gyventi ma\u017eiems verslams, tad nuo \u0161iol, \u010dia rasite ir kit\u0173, ma\u017e\u0173 \u0161eim\u0173 versl\u0173, rank\u0173 darbo, dovan\u0173 sau ir artimiesiems.\",\"publisher\":{\"@id\":\"https:\/\/skaitytaknyga.lt\/#organization\"},\"potentialAction\":[{\"@type\":\"SearchAction\",\"target\":{\"@type\":\"EntryPoint\",\"urlTemplate\":\"https:\/\/skaitytaknyga.lt\/?s={search_term_string}\"},\"query-input\":{\"@type\":\"PropertyValueSpecification\",\"valueRequired\":true,\"valueName\":\"search_term_string\"}}],\"inLanguage\":\"en-GB\"},{\"@type\":\"Organization\",\"@id\":\"https:\/\/skaitytaknyga.lt\/#organization\",\"name\":\"skaitytaknyga.lt\",\"url\":\"https:\/\/skaitytaknyga.lt\/\",\"logo\":{\"@type\":\"ImageObject\",\"inLanguage\":\"en-GB\",\"@id\":\"https:\/\/skaitytaknyga.lt\/#\/schema\/logo\/image\/\",\"url\":\"https:\/\/skaitytaknyga.lt\/wp-content\/uploads\/2024\/05\/cropped-cropped-cropped-02_00843_jt3bggkj1j3HLc7SyY6rEUpg.jpeg\",\"contentUrl\":\"https:\/\/skaitytaknyga.lt\/wp-content\/uploads\/2024\/05\/cropped-cropped-cropped-02_00843_jt3bggkj1j3HLc7SyY6rEUpg.jpeg\",\"width\":1600,\"height\":1600,\"caption\":\"skaitytaknyga.lt\"},\"image\":{\"@id\":\"https:\/\/skaitytaknyga.lt\/#\/schema\/logo\/image\/\"},\"sameAs\":[\"https:\/\/www.facebook.com\/skaitytaknyga\/\"]}]}<\/script>\n<!-- \/ Yoast SEO plugin. -->","yoast_head_json":{"title":"Kelioni\u0173 alchemija","description":"Niekas taip neatpalaiduoja ir nei\u0161laisvina \u017emogaus kaip kelion\u0117, i\u0161siver\u017eimas i\u0161 senos aplinkos ir nauj\u0173 viet\u0173 magija. Keliaudami ne tik pa\u017e\u012fstame pasaul\u012f ir atrandame dar nematytas \u0161alis, bet ir atveriame pasl\u0117ptas savo sielos vietoves. Pirm\u0105 kart\u0105 patekusi \u012f sve\u010di\u0105 \u0161al\u012f, visuomet jau\u010diu, kaip mano viduje subanguoja ir atgyja nauja erdv\u0117, iki tol buvusi tik balta d\u0117m\u0117 nei\u0161tirtame kontinente.  Did\u017eiosios pasaulio religijos pabr\u0117\u017eia piligrimini\u0173 kelioni\u0173 svarb\u0105 ir slapt\u0105j\u0105 prasm\u0119. Pasak i\u0161min\u010di\u0173, dievi\u0161kumas ir \u0161ventumas svetur prasiver\u017eia grei\u010diau, nes kelion\u0117je protas neu\u017eimtas berg\u017ed\u017eia veikla, kuri \u0161iaip \u012fsiterpia \u012f dievi\u0161k\u0105j\u0105 t\u0117km\u0119. \u017dmogui, i\u0161dr\u012fsusiam atverti savo gelmes, kiekviena kelion\u0117 yra nuostabi ir kupina stebukl\u0173!","robots":{"index":"index","follow":"follow","max-snippet":"max-snippet:-1","max-image-preview":"max-image-preview:large","max-video-preview":"max-video-preview:-1"},"canonical":"https:\/\/skaitytaknyga.lt\/en\/produktas\/jurga-ivanauskaite-kelioniu-alchemija\/","og_locale":"en_GB","og_type":"article","og_title":"[:lt]Kelioni\u0173 alchemija[:] - Skaitytaknyga","og_description":"Niekas taip neatpalaiduoja ir nei\u0161laisvina \u017emogaus kaip kelion\u0117, i\u0161siver\u017eimas i\u0161 senos aplinkos ir nauj\u0173 viet\u0173 magija. Keliaudami ne tik pa\u017e\u012fstame pasaul\u012f ir atrandame dar nematytas \u0161alis, bet ir atveriame pasl\u0117ptas savo sielos vietoves. Pirm\u0105 kart\u0105 patekusi \u012f sve\u010di\u0105 \u0161al\u012f, visuomet jau\u010diu, kaip mano viduje subanguoja ir atgyja nauja erdv\u0117, iki tol buvusi tik balta d\u0117m\u0117 nei\u0161tirtame kontinente.  Did\u017eiosios pasaulio religijos pabr\u0117\u017eia piligrimini\u0173 kelioni\u0173 svarb\u0105 ir slapt\u0105j\u0105 prasm\u0119. Pasak i\u0161min\u010di\u0173, dievi\u0161kumas ir \u0161ventumas svetur prasiver\u017eia grei\u010diau, nes kelion\u0117je protas neu\u017eimtas berg\u017ed\u017eia veikla, kuri \u0161iaip \u012fsiterpia \u012f dievi\u0161k\u0105j\u0105 t\u0117km\u0119. \u017dmogui, i\u0161dr\u012fsusiam atverti savo gelmes, kiekviena kelion\u0117 yra nuostabi ir kupina stebukl\u0173!","og_url":"https:\/\/skaitytaknyga.lt\/en\/produktas\/jurga-ivanauskaite-kelioniu-alchemija\/","og_site_name":"Skaitytaknyga","article_publisher":"https:\/\/www.facebook.com\/skaitytaknyga\/","article_modified_time":"2025-06-26T12:24:07+00:00","og_image":[{"width":1410,"height":2250,"url":"https:\/\/skaitytaknyga.lt\/wp-content\/uploads\/2024\/05\/Dizainas-be-pavadinimo.jpg","type":"image\/jpeg"}],"twitter_card":"summary_large_image","twitter_misc":{"Estimated reading time":"1 minute"},"schema":{"@context":"https:\/\/schema.org","@graph":[{"@type":"WebPage","@id":"https:\/\/skaitytaknyga.lt\/produktas\/jurga-ivanauskaite-kelioniu-alchemija\/","url":"https:\/\/skaitytaknyga.lt\/produktas\/jurga-ivanauskaite-kelioniu-alchemija\/","name":"Kelioni\u0173 alchemija","isPartOf":{"@id":"https:\/\/skaitytaknyga.lt\/#website"},"primaryImageOfPage":{"@id":"https:\/\/skaitytaknyga.lt\/produktas\/jurga-ivanauskaite-kelioniu-alchemija\/#primaryimage"},"image":{"@id":"https:\/\/skaitytaknyga.lt\/produktas\/jurga-ivanauskaite-kelioniu-alchemija\/#primaryimage"},"thumbnailUrl":"https:\/\/skaitytaknyga.lt\/wp-content\/uploads\/2024\/05\/Dizainas-be-pavadinimo.jpg","datePublished":"2024-05-22T12:27:20+00:00","dateModified":"2025-06-26T12:24:07+00:00","description":"Niekas taip neatpalaiduoja ir nei\u0161laisvina \u017emogaus kaip kelion\u0117, i\u0161siver\u017eimas i\u0161 senos aplinkos ir nauj\u0173 viet\u0173 magija. Keliaudami ne tik pa\u017e\u012fstame pasaul\u012f ir atrandame dar nematytas \u0161alis, bet ir atveriame pasl\u0117ptas savo sielos vietoves. Pirm\u0105 kart\u0105 patekusi \u012f sve\u010di\u0105 \u0161al\u012f, visuomet jau\u010diu, kaip mano viduje subanguoja ir atgyja nauja erdv\u0117, iki tol buvusi tik balta d\u0117m\u0117 nei\u0161tirtame kontinente. Did\u017eiosios pasaulio religijos pabr\u0117\u017eia piligrimini\u0173 kelioni\u0173 svarb\u0105 ir slapt\u0105j\u0105 prasm\u0119. Pasak i\u0161min\u010di\u0173, dievi\u0161kumas ir \u0161ventumas svetur prasiver\u017eia grei\u010diau, nes kelion\u0117je protas neu\u017eimtas berg\u017ed\u017eia veikla, kuri \u0161iaip \u012fsiterpia \u012f dievi\u0161k\u0105j\u0105 t\u0117km\u0119. \u017dmogui, i\u0161dr\u012fsusiam atverti savo gelmes, kiekviena kelion\u0117 yra nuostabi ir kupina stebukl\u0173!","breadcrumb":{"@id":"https:\/\/skaitytaknyga.lt\/produktas\/jurga-ivanauskaite-kelioniu-alchemija\/#breadcrumb"},"inLanguage":"en-GB","potentialAction":[{"@type":"ReadAction","target":["https:\/\/skaitytaknyga.lt\/produktas\/jurga-ivanauskaite-kelioniu-alchemija\/"]}]},{"@type":"ImageObject","inLanguage":"en-GB","@id":"https:\/\/skaitytaknyga.lt\/produktas\/jurga-ivanauskaite-kelioniu-alchemija\/#primaryimage","url":"https:\/\/skaitytaknyga.lt\/wp-content\/uploads\/2024\/05\/Dizainas-be-pavadinimo.jpg","contentUrl":"https:\/\/skaitytaknyga.lt\/wp-content\/uploads\/2024\/05\/Dizainas-be-pavadinimo.jpg","width":1410,"height":2250},{"@type":"BreadcrumbList","@id":"https:\/\/skaitytaknyga.lt\/produktas\/jurga-ivanauskaite-kelioniu-alchemija\/#breadcrumb","itemListElement":[{"@type":"ListItem","position":1,"name":"Home","item":"https:\/\/skaitytaknyga.lt\/"},{"@type":"ListItem","position":2,"name":"Parduotuv\u0117","item":"https:\/\/skaitytaknyga.lt\/knygu-parduotuve\/"},{"@type":"ListItem","position":3,"name":"Kelioni\u0173 alchemija"}]},{"@type":"WebSite","@id":"https:\/\/skaitytaknyga.lt\/#website","url":"https:\/\/skaitytaknyga.lt\/","name":"skaitytaknyga.lt","description":"Skaitytaknyga.lt \u2013 tai ma\u017eas \u0161eimos verslas, kuris prasid\u0117jo nuo meil\u0117s knygoms ir siekio i\u0161gelb\u0117ti knygas nuo likimo prie konteinerio. Kas vienam nereikalingas daiktas \u2013 kitam lobis, o mes esame tarpininkai, kurie padeda abiems tapti laimingesniems ???? \u017dinome kaip nelengva i\u0161gyventi ma\u017eiems verslams, tad nuo \u0161iol, \u010dia rasite ir kit\u0173, ma\u017e\u0173 \u0161eim\u0173 versl\u0173, rank\u0173 darbo, dovan\u0173 sau ir artimiesiems.","publisher":{"@id":"https:\/\/skaitytaknyga.lt\/#organization"},"potentialAction":[{"@type":"SearchAction","target":{"@type":"EntryPoint","urlTemplate":"https:\/\/skaitytaknyga.lt\/?s={search_term_string}"},"query-input":{"@type":"PropertyValueSpecification","valueRequired":true,"valueName":"search_term_string"}}],"inLanguage":"en-GB"},{"@type":"Organization","@id":"https:\/\/skaitytaknyga.lt\/#organization","name":"skaitytaknyga.lt","url":"https:\/\/skaitytaknyga.lt\/","logo":{"@type":"ImageObject","inLanguage":"en-GB","@id":"https:\/\/skaitytaknyga.lt\/#\/schema\/logo\/image\/","url":"https:\/\/skaitytaknyga.lt\/wp-content\/uploads\/2024\/05\/cropped-cropped-cropped-02_00843_jt3bggkj1j3HLc7SyY6rEUpg.jpeg","contentUrl":"https:\/\/skaitytaknyga.lt\/wp-content\/uploads\/2024\/05\/cropped-cropped-cropped-02_00843_jt3bggkj1j3HLc7SyY6rEUpg.jpeg","width":1600,"height":1600,"caption":"skaitytaknyga.lt"},"image":{"@id":"https:\/\/skaitytaknyga.lt\/#\/schema\/logo\/image\/"},"sameAs":["https:\/\/www.facebook.com\/skaitytaknyga\/"]}]}},"_links":{"self":[{"href":"https:\/\/skaitytaknyga.lt\/en\/wp-json\/wp\/v2\/product\/11759","targetHints":{"allow":["GET"]}}],"collection":[{"href":"https:\/\/skaitytaknyga.lt\/en\/wp-json\/wp\/v2\/product"}],"about":[{"href":"https:\/\/skaitytaknyga.lt\/en\/wp-json\/wp\/v2\/types\/product"}],"replies":[{"embeddable":true,"href":"https:\/\/skaitytaknyga.lt\/en\/wp-json\/wp\/v2\/comments?post=11759"}],"wp:featuredmedia":[{"embeddable":true,"href":"https:\/\/skaitytaknyga.lt\/en\/wp-json\/wp\/v2\/media\/10785"}],"wp:attachment":[{"href":"https:\/\/skaitytaknyga.lt\/en\/wp-json\/wp\/v2\/media?parent=11759"}],"wp:term":[{"taxonomy":"product_brand","embeddable":true,"href":"https:\/\/skaitytaknyga.lt\/en\/wp-json\/wp\/v2\/product_brand?post=11759"},{"taxonomy":"product_cat","embeddable":true,"href":"https:\/\/skaitytaknyga.lt\/en\/wp-json\/wp\/v2\/product_cat?post=11759"},{"taxonomy":"product_tag","embeddable":true,"href":"https:\/\/skaitytaknyga.lt\/en\/wp-json\/wp\/v2\/product_tag?post=11759"}],"curies":[{"name":"wp","href":"https:\/\/api.w.org\/{rel}","templated":true}]}}