{"id":11757,"date":"2024-05-22T12:17:31","date_gmt":"2024-05-22T12:17:31","guid":{"rendered":"https:\/\/skaitytaknyga.lt\/?post_type=product&#038;p=11757"},"modified":"2024-06-03T10:52:14","modified_gmt":"2024-06-03T10:52:14","slug":"vaiva-rykstaite-lizos-butas","status":"publish","type":"product","link":"https:\/\/skaitytaknyga.lt\/en\/produktas\/vaiva-rykstaite-lizos-butas\/","title":{"rendered":"Vaiva Ryk\u0161tait\u0117 \u201eLizos butas\u201c"},"content":{"rendered":"","protected":false},"excerpt":{"rendered":"<p>Laiptin\u0117 kvepia skrudintomis saul\u0117gr\u0105\u017eomis, kartais \u2013 benami\u0173 \u0161lapimu. But\u0105 stebi ant suoliuko kojomis tabaluojan\u010dios \u010digon\u0117s. \u010cia gyveno Liza \u2013 palikusi tik violetin\u0119 taburet\u0119 ir tor\u0161er\u0105 su kutais. Bute visada tamsu, saul\u0119 u\u017estoja senamies\u010dio m\u016brai. Ka\u017ekur toli u\u017e lango \u017emon\u0117s ruo\u0161iasi \u012f Baltijos keli\u0105, stoja prie\u0161 tankus Sausio tryliktosios nakt\u012f, \u0161ven\u010dia, perka, parduoda \u2013 laukinio kapitalizmo prad\u017eia. Lizos bute dabar gyvena ma\u017ea mergait\u0117, kuri u\u017eaugusi nori b\u016bti tokia kaip jos mama \u2013 myl\u0117ti tiek pat vyr\u0173, da\u017eytis l\u016bpas ir r\u016bkyti balkone. I\u0161\u0117jus \u012f kiem\u0105, su \u010digon\u0117mis geriau nesisveikinti, \u0161itaip kalba kaimynai. \u012e but\u0105 kart\u0105 \u012fsiver\u017e\u0117 mafiozai, i\u0161dau\u017e\u0117 visk\u0105, kas buvo po ranka. \u012e but\u0105 braunasi vyrai, kantriai, atkakliai, kiekvienas lyg lokio kail\u012f savo moteriai dovanoja vis kitokio stiliaus remont\u0105. Motina r\u016bko balkone, \u010digon\u0117s kvie\u010dia praeivius paburti i\u0161 rankos, ma\u017ea mergait\u0117 pirm\u0105syk i\u0161eina \u012f kiem\u0105 ie\u0161koti draug\u0173. Storos buto sienos nepraleid\u017eia nei saul\u0117s, nei riksmo, bet visk\u0105 atsimena&#8230;<\/p>\n<p>Vaiva Ryk\u0161tait\u0117 (g. 1985 m.) \u2013 filosofijos magistr\u0117, tinklara\u0161tinink\u0117. \u0160iuo metu gyvena Havajuose, augina dvi dukras.\u00a0<strong>\u201eLizos butas&#8221;<\/strong>\u00a0\u2013 a\u0161tuntoji jos knyga.<\/p>\n","protected":false},"featured_media":11758,"comment_status":"closed","ping_status":"closed","template":"","meta":{"_acf_changed":false,"site-sidebar-layout":"default","site-content-layout":"","ast-site-content-layout":"default","site-content-style":"default","site-sidebar-style":"default","ast-global-header-display":"","ast-banner-title-visibility":"","ast-main-header-display":"","ast-hfb-above-header-display":"","ast-hfb-below-header-display":"","ast-hfb-mobile-header-display":"","site-post-title":"","ast-breadcrumbs-content":"","ast-featured-img":"","footer-sml-layout":"","ast-disable-related-posts":"","theme-transparent-header-meta":"","adv-header-id-meta":"","stick-header-meta":"","header-above-stick-meta":"","header-main-stick-meta":"","header-below-stick-meta":"","astra-migrate-meta-layouts":"default","ast-page-background-enabled":"default","ast-page-background-meta":{"desktop":{"background-color":"","background-image":"","background-repeat":"repeat","background-position":"center center","background-size":"auto","background-attachment":"scroll","background-type":"","background-media":"","overlay-type":"","overlay-color":"","overlay-opacity":"","overlay-gradient":""},"tablet":{"background-color":"","background-image":"","background-repeat":"repeat","background-position":"center center","background-size":"auto","background-attachment":"scroll","background-type":"","background-media":"","overlay-type":"","overlay-color":"","overlay-opacity":"","overlay-gradient":""},"mobile":{"background-color":"","background-image":"","background-repeat":"repeat","background-position":"center center","background-size":"auto","background-attachment":"scroll","background-type":"","background-media":"","overlay-type":"","overlay-color":"","overlay-opacity":"","overlay-gradient":""}},"ast-content-background-meta":{"desktop":{"background-color":"var(--ast-global-color-4)","background-image":"","background-repeat":"repeat","background-position":"center center","background-size":"auto","background-attachment":"scroll","background-type":"","background-media":"","overlay-type":"","overlay-color":"","overlay-opacity":"","overlay-gradient":""},"tablet":{"background-color":"var(--ast-global-color-4)","background-image":"","background-repeat":"repeat","background-position":"center center","background-size":"auto","background-attachment":"scroll","background-type":"","background-media":"","overlay-type":"","overlay-color":"","overlay-opacity":"","overlay-gradient":""},"mobile":{"background-color":"var(--ast-global-color-4)","background-image":"","background-repeat":"repeat","background-position":"center center","background-size":"auto","background-attachment":"scroll","background-type":"","background-media":"","overlay-type":"","overlay-color":"","overlay-opacity":"","overlay-gradient":""}}},"product_brand":[],"product_cat":[31],"product_tag":[],"class_list":{"0":"post-11757","1":"product","2":"type-product","3":"status-publish","4":"has-post-thumbnail","6":"product_cat-grozine-literatura","7":"desktop-align-left","8":"tablet-align-left","9":"mobile-align-left","11":"first","12":"outofstock","13":"shipping-taxable","14":"purchasable","15":"product-type-simple"},"acf":[],"yoast_head":"<!-- This site is optimized with the Yoast SEO plugin v27.0 - https:\/\/yoast.com\/product\/yoast-seo-wordpress\/ -->\n<title>Vaiva Ryk\u0161tait\u0117 \u201eLizos butas\u201c - Skaitytaknyga<\/title>\n<meta name=\"description\" content=\"Laiptin\u0117 kvepia skrudintomis saul\u0117gr\u0105\u017eomis, kartais \u2013 benami\u0173 \u0161lapimu. But\u0105 stebi ant suoliuko kojomis tabaluojan\u010dios \u010digon\u0117s. \u010cia gyveno Liza \u2013 palikusi tik violetin\u0119 taburet\u0119 ir tor\u0161er\u0105 su kutais. Bute visada tamsu, saul\u0119 u\u017estoja senamies\u010dio m\u016brai. Ka\u017ekur toli u\u017e lango \u017emon\u0117s ruo\u0161iasi \u012f Baltijos keli\u0105, stoja prie\u0161 tankus Sausio tryliktosios nakt\u012f, \u0161ven\u010dia, perka, parduoda \u2013 laukinio kapitalizmo prad\u017eia. Lizos bute dabar gyvena ma\u017ea mergait\u0117, kuri u\u017eaugusi nori b\u016bti tokia kaip jos mama \u2013 myl\u0117ti tiek pat vyr\u0173, da\u017eytis l\u016bpas ir r\u016bkyti balkone. I\u0161\u0117jus \u012f kiem\u0105, su \u010digon\u0117mis geriau nesisveikinti, \u0161itaip kalba kaimynai. \u012e but\u0105 kart\u0105 \u012fsiver\u017e\u0117 mafiozai, i\u0161dau\u017e\u0117 visk\u0105, kas buvo po ranka. \u012e but\u0105 braunasi vyrai, kantriai, atkakliai, kiekvienas lyg lokio kail\u012f savo moteriai dovanoja vis kitokio stiliaus remont\u0105. Motina r\u016bko balkone, \u010digon\u0117s kvie\u010dia praeivius paburti i\u0161 rankos, ma\u017ea mergait\u0117 pirm\u0105syk i\u0161eina \u012f kiem\u0105 ie\u0161koti draug\u0173. Storos buto sienos nepraleid\u017eia nei saul\u0117s, nei riksmo, bet visk\u0105 atsimena...  Vaiva Ryk\u0161tait\u0117 (g. 1985 m.) \u2013 filosofijos magistr\u0117, tinklara\u0161tinink\u0117. \u0160iuo metu gyvena Havajuose, augina dvi dukras.\u00a0\u201eLizos butas&quot;\u00a0\u2013 a\u0161tuntoji jos knyga.\" \/>\n<meta name=\"robots\" content=\"index, follow, max-snippet:-1, max-image-preview:large, max-video-preview:-1\" \/>\n<link rel=\"canonical\" href=\"https:\/\/skaitytaknyga.lt\/en\/produktas\/vaiva-rykstaite-lizos-butas\/\" \/>\n<meta property=\"og:locale\" content=\"en_GB\" \/>\n<meta property=\"og:locale:alternate\" content=\"lt_LT\" \/>\n<meta property=\"og:type\" content=\"article\" \/>\n<meta property=\"og:title\" content=\"Vaiva Ryk\u0161tait\u0117 \u201eLizos butas\u201c - Skaitytaknyga\" \/>\n<meta property=\"og:description\" content=\"Laiptin\u0117 kvepia skrudintomis saul\u0117gr\u0105\u017eomis, kartais \u2013 benami\u0173 \u0161lapimu. But\u0105 stebi ant suoliuko kojomis tabaluojan\u010dios \u010digon\u0117s. \u010cia gyveno Liza \u2013 palikusi tik violetin\u0119 taburet\u0119 ir tor\u0161er\u0105 su kutais. Bute visada tamsu, saul\u0119 u\u017estoja senamies\u010dio m\u016brai. Ka\u017ekur toli u\u017e lango \u017emon\u0117s ruo\u0161iasi \u012f Baltijos keli\u0105, stoja prie\u0161 tankus Sausio tryliktosios nakt\u012f, \u0161ven\u010dia, perka, parduoda \u2013 laukinio kapitalizmo prad\u017eia. Lizos bute dabar gyvena ma\u017ea mergait\u0117, kuri u\u017eaugusi nori b\u016bti tokia kaip jos mama \u2013 myl\u0117ti tiek pat vyr\u0173, da\u017eytis l\u016bpas ir r\u016bkyti balkone. I\u0161\u0117jus \u012f kiem\u0105, su \u010digon\u0117mis geriau nesisveikinti, \u0161itaip kalba kaimynai. \u012e but\u0105 kart\u0105 \u012fsiver\u017e\u0117 mafiozai, i\u0161dau\u017e\u0117 visk\u0105, kas buvo po ranka. \u012e but\u0105 braunasi vyrai, kantriai, atkakliai, kiekvienas lyg lokio kail\u012f savo moteriai dovanoja vis kitokio stiliaus remont\u0105. Motina r\u016bko balkone, \u010digon\u0117s kvie\u010dia praeivius paburti i\u0161 rankos, ma\u017ea mergait\u0117 pirm\u0105syk i\u0161eina \u012f kiem\u0105 ie\u0161koti draug\u0173. Storos buto sienos nepraleid\u017eia nei saul\u0117s, nei riksmo, bet visk\u0105 atsimena...  Vaiva Ryk\u0161tait\u0117 (g. 1985 m.) \u2013 filosofijos magistr\u0117, tinklara\u0161tinink\u0117. \u0160iuo metu gyvena Havajuose, augina dvi dukras.\u00a0\u201eLizos butas&quot;\u00a0\u2013 a\u0161tuntoji jos knyga.\" \/>\n<meta property=\"og:url\" content=\"https:\/\/skaitytaknyga.lt\/en\/produktas\/vaiva-rykstaite-lizos-butas\/\" \/>\n<meta property=\"og:site_name\" content=\"Skaitytaknyga\" \/>\n<meta property=\"article:publisher\" content=\"https:\/\/www.facebook.com\/skaitytaknyga\/\" \/>\n<meta property=\"article:modified_time\" content=\"2024-06-03T10:52:14+00:00\" \/>\n<meta property=\"og:image\" content=\"https:\/\/skaitytaknyga.lt\/wp-content\/uploads\/2024\/05\/image_2028.jpg\" \/>\n\t<meta property=\"og:image:width\" content=\"600\" \/>\n\t<meta property=\"og:image:height\" content=\"900\" \/>\n\t<meta property=\"og:image:type\" content=\"image\/jpeg\" \/>\n<meta name=\"twitter:card\" content=\"summary_large_image\" \/>\n<meta name=\"twitter:label1\" content=\"Estimated reading time\" \/>\n\t<meta name=\"twitter:data1\" content=\"1 minute\" \/>\n<script type=\"application\/ld+json\" class=\"yoast-schema-graph\">{\"@context\":\"https:\/\/schema.org\",\"@graph\":[{\"@type\":\"WebPage\",\"@id\":\"https:\/\/skaitytaknyga.lt\/produktas\/vaiva-rykstaite-lizos-butas\/\",\"url\":\"https:\/\/skaitytaknyga.lt\/produktas\/vaiva-rykstaite-lizos-butas\/\",\"name\":\"Vaiva Ryk\u0161tait\u0117 \u201eLizos butas\u201c - Skaitytaknyga\",\"isPartOf\":{\"@id\":\"https:\/\/skaitytaknyga.lt\/#website\"},\"primaryImageOfPage\":{\"@id\":\"https:\/\/skaitytaknyga.lt\/produktas\/vaiva-rykstaite-lizos-butas\/#primaryimage\"},\"image\":{\"@id\":\"https:\/\/skaitytaknyga.lt\/produktas\/vaiva-rykstaite-lizos-butas\/#primaryimage\"},\"thumbnailUrl\":\"https:\/\/skaitytaknyga.lt\/wp-content\/uploads\/2024\/05\/image_2028.jpg\",\"datePublished\":\"2024-05-22T12:17:31+00:00\",\"dateModified\":\"2024-06-03T10:52:14+00:00\",\"description\":\"Laiptin\u0117 kvepia skrudintomis saul\u0117gr\u0105\u017eomis, kartais \u2013 benami\u0173 \u0161lapimu. But\u0105 stebi ant suoliuko kojomis tabaluojan\u010dios \u010digon\u0117s. \u010cia gyveno Liza \u2013 palikusi tik violetin\u0119 taburet\u0119 ir tor\u0161er\u0105 su kutais. Bute visada tamsu, saul\u0119 u\u017estoja senamies\u010dio m\u016brai. Ka\u017ekur toli u\u017e lango \u017emon\u0117s ruo\u0161iasi \u012f Baltijos keli\u0105, stoja prie\u0161 tankus Sausio tryliktosios nakt\u012f, \u0161ven\u010dia, perka, parduoda \u2013 laukinio kapitalizmo prad\u017eia. Lizos bute dabar gyvena ma\u017ea mergait\u0117, kuri u\u017eaugusi nori b\u016bti tokia kaip jos mama \u2013 myl\u0117ti tiek pat vyr\u0173, da\u017eytis l\u016bpas ir r\u016bkyti balkone. I\u0161\u0117jus \u012f kiem\u0105, su \u010digon\u0117mis geriau nesisveikinti, \u0161itaip kalba kaimynai. \u012e but\u0105 kart\u0105 \u012fsiver\u017e\u0117 mafiozai, i\u0161dau\u017e\u0117 visk\u0105, kas buvo po ranka. \u012e but\u0105 braunasi vyrai, kantriai, atkakliai, kiekvienas lyg lokio kail\u012f savo moteriai dovanoja vis kitokio stiliaus remont\u0105. Motina r\u016bko balkone, \u010digon\u0117s kvie\u010dia praeivius paburti i\u0161 rankos, ma\u017ea mergait\u0117 pirm\u0105syk i\u0161eina \u012f kiem\u0105 ie\u0161koti draug\u0173. Storos buto sienos nepraleid\u017eia nei saul\u0117s, nei riksmo, bet visk\u0105 atsimena... Vaiva Ryk\u0161tait\u0117 (g. 1985 m.) \u2013 filosofijos magistr\u0117, tinklara\u0161tinink\u0117. \u0160iuo metu gyvena Havajuose, augina dvi dukras.\u00a0\u201eLizos butas\\\"\u00a0\u2013 a\u0161tuntoji jos knyga.\",\"breadcrumb\":{\"@id\":\"https:\/\/skaitytaknyga.lt\/produktas\/vaiva-rykstaite-lizos-butas\/#breadcrumb\"},\"inLanguage\":\"en-GB\",\"potentialAction\":[{\"@type\":\"ReadAction\",\"target\":[\"https:\/\/skaitytaknyga.lt\/produktas\/vaiva-rykstaite-lizos-butas\/\"]}]},{\"@type\":\"ImageObject\",\"inLanguage\":\"en-GB\",\"@id\":\"https:\/\/skaitytaknyga.lt\/produktas\/vaiva-rykstaite-lizos-butas\/#primaryimage\",\"url\":\"https:\/\/skaitytaknyga.lt\/wp-content\/uploads\/2024\/05\/image_2028.jpg\",\"contentUrl\":\"https:\/\/skaitytaknyga.lt\/wp-content\/uploads\/2024\/05\/image_2028.jpg\",\"width\":600,\"height\":900},{\"@type\":\"BreadcrumbList\",\"@id\":\"https:\/\/skaitytaknyga.lt\/produktas\/vaiva-rykstaite-lizos-butas\/#breadcrumb\",\"itemListElement\":[{\"@type\":\"ListItem\",\"position\":1,\"name\":\"Home\",\"item\":\"https:\/\/skaitytaknyga.lt\/\"},{\"@type\":\"ListItem\",\"position\":2,\"name\":\"Parduotuv\u0117\",\"item\":\"https:\/\/skaitytaknyga.lt\/knygu-parduotuve\/\"},{\"@type\":\"ListItem\",\"position\":3,\"name\":\"Vaiva Ryk\u0161tait\u0117 \u201eLizos butas\u201c\"}]},{\"@type\":\"WebSite\",\"@id\":\"https:\/\/skaitytaknyga.lt\/#website\",\"url\":\"https:\/\/skaitytaknyga.lt\/\",\"name\":\"skaitytaknyga.lt\",\"description\":\"Skaitytaknyga.lt \u2013 tai ma\u017eas \u0161eimos verslas, kuris prasid\u0117jo nuo meil\u0117s knygoms ir siekio i\u0161gelb\u0117ti knygas nuo likimo prie konteinerio. Kas vienam nereikalingas daiktas \u2013 kitam lobis, o mes esame tarpininkai, kurie padeda abiems tapti laimingesniems ???? \u017dinome kaip nelengva i\u0161gyventi ma\u017eiems verslams, tad nuo \u0161iol, \u010dia rasite ir kit\u0173, ma\u017e\u0173 \u0161eim\u0173 versl\u0173, rank\u0173 darbo, dovan\u0173 sau ir artimiesiems.\",\"publisher\":{\"@id\":\"https:\/\/skaitytaknyga.lt\/#organization\"},\"potentialAction\":[{\"@type\":\"SearchAction\",\"target\":{\"@type\":\"EntryPoint\",\"urlTemplate\":\"https:\/\/skaitytaknyga.lt\/?s={search_term_string}\"},\"query-input\":{\"@type\":\"PropertyValueSpecification\",\"valueRequired\":true,\"valueName\":\"search_term_string\"}}],\"inLanguage\":\"en-GB\"},{\"@type\":\"Organization\",\"@id\":\"https:\/\/skaitytaknyga.lt\/#organization\",\"name\":\"skaitytaknyga.lt\",\"url\":\"https:\/\/skaitytaknyga.lt\/\",\"logo\":{\"@type\":\"ImageObject\",\"inLanguage\":\"en-GB\",\"@id\":\"https:\/\/skaitytaknyga.lt\/#\/schema\/logo\/image\/\",\"url\":\"https:\/\/skaitytaknyga.lt\/wp-content\/uploads\/2024\/05\/cropped-cropped-cropped-02_00843_jt3bggkj1j3HLc7SyY6rEUpg.jpeg\",\"contentUrl\":\"https:\/\/skaitytaknyga.lt\/wp-content\/uploads\/2024\/05\/cropped-cropped-cropped-02_00843_jt3bggkj1j3HLc7SyY6rEUpg.jpeg\",\"width\":1600,\"height\":1600,\"caption\":\"skaitytaknyga.lt\"},\"image\":{\"@id\":\"https:\/\/skaitytaknyga.lt\/#\/schema\/logo\/image\/\"},\"sameAs\":[\"https:\/\/www.facebook.com\/skaitytaknyga\/\"]}]}<\/script>\n<!-- \/ Yoast SEO plugin. -->","yoast_head_json":{"title":"Vaiva Ryk\u0161tait\u0117 \u201eLizos butas\u201c - Skaitytaknyga","description":"Laiptin\u0117 kvepia skrudintomis saul\u0117gr\u0105\u017eomis, kartais \u2013 benami\u0173 \u0161lapimu. But\u0105 stebi ant suoliuko kojomis tabaluojan\u010dios \u010digon\u0117s. \u010cia gyveno Liza \u2013 palikusi tik violetin\u0119 taburet\u0119 ir tor\u0161er\u0105 su kutais. Bute visada tamsu, saul\u0119 u\u017estoja senamies\u010dio m\u016brai. Ka\u017ekur toli u\u017e lango \u017emon\u0117s ruo\u0161iasi \u012f Baltijos keli\u0105, stoja prie\u0161 tankus Sausio tryliktosios nakt\u012f, \u0161ven\u010dia, perka, parduoda \u2013 laukinio kapitalizmo prad\u017eia. Lizos bute dabar gyvena ma\u017ea mergait\u0117, kuri u\u017eaugusi nori b\u016bti tokia kaip jos mama \u2013 myl\u0117ti tiek pat vyr\u0173, da\u017eytis l\u016bpas ir r\u016bkyti balkone. I\u0161\u0117jus \u012f kiem\u0105, su \u010digon\u0117mis geriau nesisveikinti, \u0161itaip kalba kaimynai. \u012e but\u0105 kart\u0105 \u012fsiver\u017e\u0117 mafiozai, i\u0161dau\u017e\u0117 visk\u0105, kas buvo po ranka. \u012e but\u0105 braunasi vyrai, kantriai, atkakliai, kiekvienas lyg lokio kail\u012f savo moteriai dovanoja vis kitokio stiliaus remont\u0105. Motina r\u016bko balkone, \u010digon\u0117s kvie\u010dia praeivius paburti i\u0161 rankos, ma\u017ea mergait\u0117 pirm\u0105syk i\u0161eina \u012f kiem\u0105 ie\u0161koti draug\u0173. Storos buto sienos nepraleid\u017eia nei saul\u0117s, nei riksmo, bet visk\u0105 atsimena...  Vaiva Ryk\u0161tait\u0117 (g. 1985 m.) \u2013 filosofijos magistr\u0117, tinklara\u0161tinink\u0117. \u0160iuo metu gyvena Havajuose, augina dvi dukras.\u00a0\u201eLizos butas\"\u00a0\u2013 a\u0161tuntoji jos knyga.","robots":{"index":"index","follow":"follow","max-snippet":"max-snippet:-1","max-image-preview":"max-image-preview:large","max-video-preview":"max-video-preview:-1"},"canonical":"https:\/\/skaitytaknyga.lt\/en\/produktas\/vaiva-rykstaite-lizos-butas\/","og_locale":"en_GB","og_type":"article","og_title":"Vaiva Ryk\u0161tait\u0117 \u201eLizos butas\u201c - Skaitytaknyga","og_description":"Laiptin\u0117 kvepia skrudintomis saul\u0117gr\u0105\u017eomis, kartais \u2013 benami\u0173 \u0161lapimu. But\u0105 stebi ant suoliuko kojomis tabaluojan\u010dios \u010digon\u0117s. \u010cia gyveno Liza \u2013 palikusi tik violetin\u0119 taburet\u0119 ir tor\u0161er\u0105 su kutais. Bute visada tamsu, saul\u0119 u\u017estoja senamies\u010dio m\u016brai. Ka\u017ekur toli u\u017e lango \u017emon\u0117s ruo\u0161iasi \u012f Baltijos keli\u0105, stoja prie\u0161 tankus Sausio tryliktosios nakt\u012f, \u0161ven\u010dia, perka, parduoda \u2013 laukinio kapitalizmo prad\u017eia. Lizos bute dabar gyvena ma\u017ea mergait\u0117, kuri u\u017eaugusi nori b\u016bti tokia kaip jos mama \u2013 myl\u0117ti tiek pat vyr\u0173, da\u017eytis l\u016bpas ir r\u016bkyti balkone. I\u0161\u0117jus \u012f kiem\u0105, su \u010digon\u0117mis geriau nesisveikinti, \u0161itaip kalba kaimynai. \u012e but\u0105 kart\u0105 \u012fsiver\u017e\u0117 mafiozai, i\u0161dau\u017e\u0117 visk\u0105, kas buvo po ranka. \u012e but\u0105 braunasi vyrai, kantriai, atkakliai, kiekvienas lyg lokio kail\u012f savo moteriai dovanoja vis kitokio stiliaus remont\u0105. Motina r\u016bko balkone, \u010digon\u0117s kvie\u010dia praeivius paburti i\u0161 rankos, ma\u017ea mergait\u0117 pirm\u0105syk i\u0161eina \u012f kiem\u0105 ie\u0161koti draug\u0173. Storos buto sienos nepraleid\u017eia nei saul\u0117s, nei riksmo, bet visk\u0105 atsimena...  Vaiva Ryk\u0161tait\u0117 (g. 1985 m.) \u2013 filosofijos magistr\u0117, tinklara\u0161tinink\u0117. \u0160iuo metu gyvena Havajuose, augina dvi dukras.\u00a0\u201eLizos butas\"\u00a0\u2013 a\u0161tuntoji jos knyga.","og_url":"https:\/\/skaitytaknyga.lt\/en\/produktas\/vaiva-rykstaite-lizos-butas\/","og_site_name":"Skaitytaknyga","article_publisher":"https:\/\/www.facebook.com\/skaitytaknyga\/","article_modified_time":"2024-06-03T10:52:14+00:00","og_image":[{"width":600,"height":900,"url":"https:\/\/skaitytaknyga.lt\/wp-content\/uploads\/2024\/05\/image_2028.jpg","type":"image\/jpeg"}],"twitter_card":"summary_large_image","twitter_misc":{"Estimated reading time":"1 minute"},"schema":{"@context":"https:\/\/schema.org","@graph":[{"@type":"WebPage","@id":"https:\/\/skaitytaknyga.lt\/produktas\/vaiva-rykstaite-lizos-butas\/","url":"https:\/\/skaitytaknyga.lt\/produktas\/vaiva-rykstaite-lizos-butas\/","name":"Vaiva Ryk\u0161tait\u0117 \u201eLizos butas\u201c - Skaitytaknyga","isPartOf":{"@id":"https:\/\/skaitytaknyga.lt\/#website"},"primaryImageOfPage":{"@id":"https:\/\/skaitytaknyga.lt\/produktas\/vaiva-rykstaite-lizos-butas\/#primaryimage"},"image":{"@id":"https:\/\/skaitytaknyga.lt\/produktas\/vaiva-rykstaite-lizos-butas\/#primaryimage"},"thumbnailUrl":"https:\/\/skaitytaknyga.lt\/wp-content\/uploads\/2024\/05\/image_2028.jpg","datePublished":"2024-05-22T12:17:31+00:00","dateModified":"2024-06-03T10:52:14+00:00","description":"Laiptin\u0117 kvepia skrudintomis saul\u0117gr\u0105\u017eomis, kartais \u2013 benami\u0173 \u0161lapimu. But\u0105 stebi ant suoliuko kojomis tabaluojan\u010dios \u010digon\u0117s. \u010cia gyveno Liza \u2013 palikusi tik violetin\u0119 taburet\u0119 ir tor\u0161er\u0105 su kutais. Bute visada tamsu, saul\u0119 u\u017estoja senamies\u010dio m\u016brai. Ka\u017ekur toli u\u017e lango \u017emon\u0117s ruo\u0161iasi \u012f Baltijos keli\u0105, stoja prie\u0161 tankus Sausio tryliktosios nakt\u012f, \u0161ven\u010dia, perka, parduoda \u2013 laukinio kapitalizmo prad\u017eia. Lizos bute dabar gyvena ma\u017ea mergait\u0117, kuri u\u017eaugusi nori b\u016bti tokia kaip jos mama \u2013 myl\u0117ti tiek pat vyr\u0173, da\u017eytis l\u016bpas ir r\u016bkyti balkone. I\u0161\u0117jus \u012f kiem\u0105, su \u010digon\u0117mis geriau nesisveikinti, \u0161itaip kalba kaimynai. \u012e but\u0105 kart\u0105 \u012fsiver\u017e\u0117 mafiozai, i\u0161dau\u017e\u0117 visk\u0105, kas buvo po ranka. \u012e but\u0105 braunasi vyrai, kantriai, atkakliai, kiekvienas lyg lokio kail\u012f savo moteriai dovanoja vis kitokio stiliaus remont\u0105. Motina r\u016bko balkone, \u010digon\u0117s kvie\u010dia praeivius paburti i\u0161 rankos, ma\u017ea mergait\u0117 pirm\u0105syk i\u0161eina \u012f kiem\u0105 ie\u0161koti draug\u0173. Storos buto sienos nepraleid\u017eia nei saul\u0117s, nei riksmo, bet visk\u0105 atsimena... Vaiva Ryk\u0161tait\u0117 (g. 1985 m.) \u2013 filosofijos magistr\u0117, tinklara\u0161tinink\u0117. \u0160iuo metu gyvena Havajuose, augina dvi dukras.\u00a0\u201eLizos butas\"\u00a0\u2013 a\u0161tuntoji jos knyga.","breadcrumb":{"@id":"https:\/\/skaitytaknyga.lt\/produktas\/vaiva-rykstaite-lizos-butas\/#breadcrumb"},"inLanguage":"en-GB","potentialAction":[{"@type":"ReadAction","target":["https:\/\/skaitytaknyga.lt\/produktas\/vaiva-rykstaite-lizos-butas\/"]}]},{"@type":"ImageObject","inLanguage":"en-GB","@id":"https:\/\/skaitytaknyga.lt\/produktas\/vaiva-rykstaite-lizos-butas\/#primaryimage","url":"https:\/\/skaitytaknyga.lt\/wp-content\/uploads\/2024\/05\/image_2028.jpg","contentUrl":"https:\/\/skaitytaknyga.lt\/wp-content\/uploads\/2024\/05\/image_2028.jpg","width":600,"height":900},{"@type":"BreadcrumbList","@id":"https:\/\/skaitytaknyga.lt\/produktas\/vaiva-rykstaite-lizos-butas\/#breadcrumb","itemListElement":[{"@type":"ListItem","position":1,"name":"Home","item":"https:\/\/skaitytaknyga.lt\/"},{"@type":"ListItem","position":2,"name":"Parduotuv\u0117","item":"https:\/\/skaitytaknyga.lt\/knygu-parduotuve\/"},{"@type":"ListItem","position":3,"name":"Vaiva Ryk\u0161tait\u0117 \u201eLizos butas\u201c"}]},{"@type":"WebSite","@id":"https:\/\/skaitytaknyga.lt\/#website","url":"https:\/\/skaitytaknyga.lt\/","name":"skaitytaknyga.lt","description":"Skaitytaknyga.lt \u2013 tai ma\u017eas \u0161eimos verslas, kuris prasid\u0117jo nuo meil\u0117s knygoms ir siekio i\u0161gelb\u0117ti knygas nuo likimo prie konteinerio. Kas vienam nereikalingas daiktas \u2013 kitam lobis, o mes esame tarpininkai, kurie padeda abiems tapti laimingesniems ???? \u017dinome kaip nelengva i\u0161gyventi ma\u017eiems verslams, tad nuo \u0161iol, \u010dia rasite ir kit\u0173, ma\u017e\u0173 \u0161eim\u0173 versl\u0173, rank\u0173 darbo, dovan\u0173 sau ir artimiesiems.","publisher":{"@id":"https:\/\/skaitytaknyga.lt\/#organization"},"potentialAction":[{"@type":"SearchAction","target":{"@type":"EntryPoint","urlTemplate":"https:\/\/skaitytaknyga.lt\/?s={search_term_string}"},"query-input":{"@type":"PropertyValueSpecification","valueRequired":true,"valueName":"search_term_string"}}],"inLanguage":"en-GB"},{"@type":"Organization","@id":"https:\/\/skaitytaknyga.lt\/#organization","name":"skaitytaknyga.lt","url":"https:\/\/skaitytaknyga.lt\/","logo":{"@type":"ImageObject","inLanguage":"en-GB","@id":"https:\/\/skaitytaknyga.lt\/#\/schema\/logo\/image\/","url":"https:\/\/skaitytaknyga.lt\/wp-content\/uploads\/2024\/05\/cropped-cropped-cropped-02_00843_jt3bggkj1j3HLc7SyY6rEUpg.jpeg","contentUrl":"https:\/\/skaitytaknyga.lt\/wp-content\/uploads\/2024\/05\/cropped-cropped-cropped-02_00843_jt3bggkj1j3HLc7SyY6rEUpg.jpeg","width":1600,"height":1600,"caption":"skaitytaknyga.lt"},"image":{"@id":"https:\/\/skaitytaknyga.lt\/#\/schema\/logo\/image\/"},"sameAs":["https:\/\/www.facebook.com\/skaitytaknyga\/"]}]}},"_links":{"self":[{"href":"https:\/\/skaitytaknyga.lt\/en\/wp-json\/wp\/v2\/product\/11757","targetHints":{"allow":["GET"]}}],"collection":[{"href":"https:\/\/skaitytaknyga.lt\/en\/wp-json\/wp\/v2\/product"}],"about":[{"href":"https:\/\/skaitytaknyga.lt\/en\/wp-json\/wp\/v2\/types\/product"}],"replies":[{"embeddable":true,"href":"https:\/\/skaitytaknyga.lt\/en\/wp-json\/wp\/v2\/comments?post=11757"}],"wp:featuredmedia":[{"embeddable":true,"href":"https:\/\/skaitytaknyga.lt\/en\/wp-json\/wp\/v2\/media\/11758"}],"wp:attachment":[{"href":"https:\/\/skaitytaknyga.lt\/en\/wp-json\/wp\/v2\/media?parent=11757"}],"wp:term":[{"taxonomy":"product_brand","embeddable":true,"href":"https:\/\/skaitytaknyga.lt\/en\/wp-json\/wp\/v2\/product_brand?post=11757"},{"taxonomy":"product_cat","embeddable":true,"href":"https:\/\/skaitytaknyga.lt\/en\/wp-json\/wp\/v2\/product_cat?post=11757"},{"taxonomy":"product_tag","embeddable":true,"href":"https:\/\/skaitytaknyga.lt\/en\/wp-json\/wp\/v2\/product_tag?post=11757"}],"curies":[{"name":"wp","href":"https:\/\/api.w.org\/{rel}","templated":true}]}}