{"id":11755,"date":"2024-05-22T15:13:06","date_gmt":"2024-05-22T12:13:06","guid":{"rendered":"https:\/\/skaitytaknyga.lt\/?post_type=product&#038;p=11755"},"modified":"2025-10-25T22:03:08","modified_gmt":"2025-10-25T19:03:08","slug":"alexandra-ripley-skarlet-1-2-dalys-20-21-knygos","status":"publish","type":"product","link":"https:\/\/skaitytaknyga.lt\/en\/produktas\/alexandra-ripley-skarlet-1-2-dalys-20-21-knygos\/","title":{"rendered":"Skarlet 1-2 dalys (20-21 knygos)"},"content":{"rendered":"<p>Pegaso kolekcija<\/p>\n","protected":false},"excerpt":{"rendered":"<div>U\u017eburiantis ir laikui nepavaldus pasakojimas t\u0119siasi&#8230;<br \/>\nMilijonai skaitytoj\u0173 visame pasaulyje nenor\u0117jo i\u0161siskirti su mylimais istorinio romano \u201eV\u0117jo nublok\u0161ti\u201c persona\u017eais, ypa\u010d kai istorija baig\u0117si taip ir nesu\u017einojus, ar Skarlet susigr\u0105\u017eino Ret\u0105&#8230; Nepaisant prie\u0161taring\u0173 kritik\u0173 nuomoni\u0173, \u201eSkarlet\u201c tapo Niujorko bestseleriu ir buvo pripa\u017einta oficialiu romano t\u0119siniu.<\/div>\n<div>Vieno m\u0117gstamiausi\u0173 vis\u0173 laik\u0173 roman\u0173 t\u0119sinys numal\u0161ins skaitytoj\u0173 ilges\u012f ir sugr\u0105\u017eins \u012f \u201eV\u0117jo nublok\u0161t\u0173\u201c pasaul\u012f, kupin\u0105 staigmen\u0173, i\u0161\u0161\u016bki\u0173 ir nauj\u0173 emocing\u0173, kvap\u0105 gniau\u017eian\u010di\u0173 nuotyki\u0173. Vis\u0173 persona\u017e\u0173 laukia nauji i\u0161bandymai, o legendin\u0117 meil\u0117s istorija v\u0117l \u012fsiliepsnos, apsupta sielvarto ir d\u017eiaugsmo, ilgesinga ir nei\u0161senkanti Skarlet ir Reto aistra pasieks stulbinam\u0105 kulminacij\u0105.<\/div>\n<div>\u201eSkarlet\u201c yra puiki knyga, nuostabus istorinis romanas, kupinas emocin\u0117s \u012ftampos, i\u0161tikimas \u201eV\u0117jo nublok\u0161t\u0173&#8221; stiliui, temai ir vizijai. &#8211; Rocky Mountain News<\/div>\n","protected":false},"featured_media":11756,"comment_status":"closed","ping_status":"closed","template":"","meta":{"_acf_changed":false,"site-sidebar-layout":"default","site-content-layout":"","ast-site-content-layout":"default","site-content-style":"default","site-sidebar-style":"default","ast-global-header-display":"","ast-banner-title-visibility":"","ast-main-header-display":"","ast-hfb-above-header-display":"","ast-hfb-below-header-display":"","ast-hfb-mobile-header-display":"","site-post-title":"","ast-breadcrumbs-content":"","ast-featured-img":"","footer-sml-layout":"","ast-disable-related-posts":"","theme-transparent-header-meta":"","adv-header-id-meta":"","stick-header-meta":"","header-above-stick-meta":"","header-main-stick-meta":"","header-below-stick-meta":"","astra-migrate-meta-layouts":"default","ast-page-background-enabled":"default","ast-page-background-meta":{"desktop":{"background-color":"","background-image":"","background-repeat":"repeat","background-position":"center center","background-size":"auto","background-attachment":"scroll","background-type":"","background-media":"","overlay-type":"","overlay-color":"","overlay-opacity":"","overlay-gradient":""},"tablet":{"background-color":"","background-image":"","background-repeat":"repeat","background-position":"center center","background-size":"auto","background-attachment":"scroll","background-type":"","background-media":"","overlay-type":"","overlay-color":"","overlay-opacity":"","overlay-gradient":""},"mobile":{"background-color":"","background-image":"","background-repeat":"repeat","background-position":"center center","background-size":"auto","background-attachment":"scroll","background-type":"","background-media":"","overlay-type":"","overlay-color":"","overlay-opacity":"","overlay-gradient":""}},"ast-content-background-meta":{"desktop":{"background-color":"var(--ast-global-color-4)","background-image":"","background-repeat":"repeat","background-position":"center center","background-size":"auto","background-attachment":"scroll","background-type":"","background-media":"","overlay-type":"","overlay-color":"","overlay-opacity":"","overlay-gradient":""},"tablet":{"background-color":"var(--ast-global-color-4)","background-image":"","background-repeat":"repeat","background-position":"center center","background-size":"auto","background-attachment":"scroll","background-type":"","background-media":"","overlay-type":"","overlay-color":"","overlay-opacity":"","overlay-gradient":""},"mobile":{"background-color":"var(--ast-global-color-4)","background-image":"","background-repeat":"repeat","background-position":"center center","background-size":"auto","background-attachment":"scroll","background-type":"","background-media":"","overlay-type":"","overlay-color":"","overlay-opacity":"","overlay-gradient":""}}},"product_brand":[],"product_cat":[31],"product_tag":[2125,2141,2142,2143,1796,2126],"class_list":{"0":"post-11755","1":"product","2":"type-product","3":"status-publish","4":"has-post-thumbnail","6":"product_cat-grozine-literatura","7":"product_tag-alexandra-ripley","8":"product_tag-jav-istorija","9":"product_tag-klasikos-tesinys","10":"product_tag-literaturinis-tesinys","11":"product_tag-meile","12":"product_tag-skarlete","13":"desktop-align-left","14":"tablet-align-left","15":"mobile-align-left","17":"first","18":"outofstock","19":"shipping-taxable","20":"purchasable","21":"product-type-simple"},"acf":[],"yoast_head":"<!-- This site is optimized with the Yoast SEO plugin v27.0 - https:\/\/yoast.com\/product\/yoast-seo-wordpress\/ -->\n<title>Skarlet 1-2 dalys (20-21 knygos)<\/title>\n<meta name=\"description\" content=\"U\u017eburiantis ir laikui nepavaldus pasakojimas t\u0119siasi... Milijonai skaitytoj\u0173 visame pasaulyje nenor\u0117jo i\u0161siskirti su mylimais istorinio romano \u201eV\u0117jo nublok\u0161ti\u201c persona\u017eais, ypa\u010d kai istorija baig\u0117si taip ir nesu\u017einojus, ar Skarlet susigr\u0105\u017eino Ret\u0105... Nepaisant prie\u0161taring\u0173 kritik\u0173 nuomoni\u0173, \u201eSkarlet\u201c tapo Niujorko bestseleriu ir buvo pripa\u017einta oficialiu romano t\u0119siniu. Vieno m\u0117gstamiausi\u0173 vis\u0173 laik\u0173 roman\u0173 t\u0119sinys numal\u0161ins skaitytoj\u0173 ilges\u012f ir sugr\u0105\u017eins \u012f \u201eV\u0117jo nublok\u0161t\u0173\u201c pasaul\u012f, kupin\u0105 staigmen\u0173, i\u0161\u0161\u016bki\u0173 ir nauj\u0173 emocing\u0173, kvap\u0105 gniau\u017eian\u010di\u0173 nuotyki\u0173. Vis\u0173 persona\u017e\u0173 laukia nauji i\u0161bandymai, o legendin\u0117 meil\u0117s istorija v\u0117l \u012fsiliepsnos, apsupta sielvarto ir d\u017eiaugsmo, ilgesinga ir nei\u0161senkanti Skarlet ir Reto aistra pasieks stulbinam\u0105 kulminacij\u0105. \u201eSkarlet\u201c yra puiki knyga, nuostabus istorinis romanas, kupinas emocin\u0117s \u012ftampos, i\u0161tikimas \u201eV\u0117jo nublok\u0161t\u0173&quot; stiliui, temai ir vizijai. - Rocky Mountain News\" \/>\n<meta name=\"robots\" content=\"index, follow, max-snippet:-1, max-image-preview:large, max-video-preview:-1\" \/>\n<link rel=\"canonical\" href=\"https:\/\/skaitytaknyga.lt\/en\/produktas\/alexandra-ripley-skarlet-1-2-dalys-20-21-knygos\/\" \/>\n<meta property=\"og:locale\" content=\"en_GB\" \/>\n<meta property=\"og:locale:alternate\" content=\"lt_LT\" \/>\n<meta property=\"og:type\" content=\"article\" \/>\n<meta property=\"og:title\" content=\"Skarlet 1-2 dalys (20-21 knygos)\" \/>\n<meta property=\"og:description\" content=\"U\u017eburiantis ir laikui nepavaldus pasakojimas t\u0119siasi... Milijonai skaitytoj\u0173 visame pasaulyje nenor\u0117jo i\u0161siskirti su mylimais istorinio romano \u201eV\u0117jo nublok\u0161ti\u201c persona\u017eais, ypa\u010d kai istorija baig\u0117si taip ir nesu\u017einojus, ar Skarlet susigr\u0105\u017eino Ret\u0105... Nepaisant prie\u0161taring\u0173 kritik\u0173 nuomoni\u0173, \u201eSkarlet\u201c tapo Niujorko bestseleriu ir buvo pripa\u017einta oficialiu romano t\u0119siniu. Vieno m\u0117gstamiausi\u0173 vis\u0173 laik\u0173 roman\u0173 t\u0119sinys numal\u0161ins skaitytoj\u0173 ilges\u012f ir sugr\u0105\u017eins \u012f \u201eV\u0117jo nublok\u0161t\u0173\u201c pasaul\u012f, kupin\u0105 staigmen\u0173, i\u0161\u0161\u016bki\u0173 ir nauj\u0173 emocing\u0173, kvap\u0105 gniau\u017eian\u010di\u0173 nuotyki\u0173. Vis\u0173 persona\u017e\u0173 laukia nauji i\u0161bandymai, o legendin\u0117 meil\u0117s istorija v\u0117l \u012fsiliepsnos, apsupta sielvarto ir d\u017eiaugsmo, ilgesinga ir nei\u0161senkanti Skarlet ir Reto aistra pasieks stulbinam\u0105 kulminacij\u0105. \u201eSkarlet\u201c yra puiki knyga, nuostabus istorinis romanas, kupinas emocin\u0117s \u012ftampos, i\u0161tikimas \u201eV\u0117jo nublok\u0161t\u0173&quot; stiliui, temai ir vizijai. - Rocky Mountain News\" \/>\n<meta property=\"og:url\" content=\"https:\/\/skaitytaknyga.lt\/en\/produktas\/alexandra-ripley-skarlet-1-2-dalys-20-21-knygos\/\" \/>\n<meta property=\"og:site_name\" content=\"Skaitytaknyga\" \/>\n<meta property=\"article:publisher\" content=\"https:\/\/www.facebook.com\/skaitytaknyga\/\" \/>\n<meta property=\"article:modified_time\" content=\"2025-10-25T19:03:08+00:00\" \/>\n<meta property=\"og:image\" content=\"https:\/\/skaitytaknyga.lt\/wp-content\/uploads\/2024\/05\/Be-pavadinimo-29.png\" \/>\n\t<meta property=\"og:image:width\" content=\"363\" \/>\n\t<meta property=\"og:image:height\" content=\"546\" \/>\n\t<meta property=\"og:image:type\" content=\"image\/png\" \/>\n<meta name=\"twitter:card\" content=\"summary_large_image\" \/>\n<meta name=\"twitter:label1\" content=\"Estimated reading time\" \/>\n\t<meta name=\"twitter:data1\" content=\"1 minute\" \/>\n<script type=\"application\/ld+json\" class=\"yoast-schema-graph\">{\"@context\":\"https:\/\/schema.org\",\"@graph\":[{\"@type\":\"WebPage\",\"@id\":\"https:\/\/skaitytaknyga.lt\/produktas\/alexandra-ripley-skarlet-1-2-dalys-20-21-knygos\/\",\"url\":\"https:\/\/skaitytaknyga.lt\/produktas\/alexandra-ripley-skarlet-1-2-dalys-20-21-knygos\/\",\"name\":\"Skarlet 1-2 dalys (20-21 knygos)\",\"isPartOf\":{\"@id\":\"https:\/\/skaitytaknyga.lt\/#website\"},\"primaryImageOfPage\":{\"@id\":\"https:\/\/skaitytaknyga.lt\/produktas\/alexandra-ripley-skarlet-1-2-dalys-20-21-knygos\/#primaryimage\"},\"image\":{\"@id\":\"https:\/\/skaitytaknyga.lt\/produktas\/alexandra-ripley-skarlet-1-2-dalys-20-21-knygos\/#primaryimage\"},\"thumbnailUrl\":\"https:\/\/skaitytaknyga.lt\/wp-content\/uploads\/2024\/05\/Be-pavadinimo-29.png\",\"datePublished\":\"2024-05-22T12:13:06+00:00\",\"dateModified\":\"2025-10-25T19:03:08+00:00\",\"description\":\"U\u017eburiantis ir laikui nepavaldus pasakojimas t\u0119siasi... Milijonai skaitytoj\u0173 visame pasaulyje nenor\u0117jo i\u0161siskirti su mylimais istorinio romano \u201eV\u0117jo nublok\u0161ti\u201c persona\u017eais, ypa\u010d kai istorija baig\u0117si taip ir nesu\u017einojus, ar Skarlet susigr\u0105\u017eino Ret\u0105... Nepaisant prie\u0161taring\u0173 kritik\u0173 nuomoni\u0173, \u201eSkarlet\u201c tapo Niujorko bestseleriu ir buvo pripa\u017einta oficialiu romano t\u0119siniu. Vieno m\u0117gstamiausi\u0173 vis\u0173 laik\u0173 roman\u0173 t\u0119sinys numal\u0161ins skaitytoj\u0173 ilges\u012f ir sugr\u0105\u017eins \u012f \u201eV\u0117jo nublok\u0161t\u0173\u201c pasaul\u012f, kupin\u0105 staigmen\u0173, i\u0161\u0161\u016bki\u0173 ir nauj\u0173 emocing\u0173, kvap\u0105 gniau\u017eian\u010di\u0173 nuotyki\u0173. Vis\u0173 persona\u017e\u0173 laukia nauji i\u0161bandymai, o legendin\u0117 meil\u0117s istorija v\u0117l \u012fsiliepsnos, apsupta sielvarto ir d\u017eiaugsmo, ilgesinga ir nei\u0161senkanti Skarlet ir Reto aistra pasieks stulbinam\u0105 kulminacij\u0105. \u201eSkarlet\u201c yra puiki knyga, nuostabus istorinis romanas, kupinas emocin\u0117s \u012ftampos, i\u0161tikimas \u201eV\u0117jo nublok\u0161t\u0173\\\" stiliui, temai ir vizijai. - Rocky Mountain News\",\"breadcrumb\":{\"@id\":\"https:\/\/skaitytaknyga.lt\/produktas\/alexandra-ripley-skarlet-1-2-dalys-20-21-knygos\/#breadcrumb\"},\"inLanguage\":\"en-GB\",\"potentialAction\":[{\"@type\":\"ReadAction\",\"target\":[\"https:\/\/skaitytaknyga.lt\/produktas\/alexandra-ripley-skarlet-1-2-dalys-20-21-knygos\/\"]}]},{\"@type\":\"ImageObject\",\"inLanguage\":\"en-GB\",\"@id\":\"https:\/\/skaitytaknyga.lt\/produktas\/alexandra-ripley-skarlet-1-2-dalys-20-21-knygos\/#primaryimage\",\"url\":\"https:\/\/skaitytaknyga.lt\/wp-content\/uploads\/2024\/05\/Be-pavadinimo-29.png\",\"contentUrl\":\"https:\/\/skaitytaknyga.lt\/wp-content\/uploads\/2024\/05\/Be-pavadinimo-29.png\",\"width\":363,\"height\":546},{\"@type\":\"BreadcrumbList\",\"@id\":\"https:\/\/skaitytaknyga.lt\/produktas\/alexandra-ripley-skarlet-1-2-dalys-20-21-knygos\/#breadcrumb\",\"itemListElement\":[{\"@type\":\"ListItem\",\"position\":1,\"name\":\"Home\",\"item\":\"https:\/\/skaitytaknyga.lt\/\"},{\"@type\":\"ListItem\",\"position\":2,\"name\":\"Parduotuv\u0117\",\"item\":\"https:\/\/skaitytaknyga.lt\/knygu-parduotuve\/\"},{\"@type\":\"ListItem\",\"position\":3,\"name\":\"Skarlet 1-2 dalys (20-21 knygos)\"}]},{\"@type\":\"WebSite\",\"@id\":\"https:\/\/skaitytaknyga.lt\/#website\",\"url\":\"https:\/\/skaitytaknyga.lt\/\",\"name\":\"skaitytaknyga.lt\",\"description\":\"Skaitytaknyga.lt \u2013 tai ma\u017eas \u0161eimos verslas, kuris prasid\u0117jo nuo meil\u0117s knygoms ir siekio i\u0161gelb\u0117ti knygas nuo likimo prie konteinerio. Kas vienam nereikalingas daiktas \u2013 kitam lobis, o mes esame tarpininkai, kurie padeda abiems tapti laimingesniems ???? \u017dinome kaip nelengva i\u0161gyventi ma\u017eiems verslams, tad nuo \u0161iol, \u010dia rasite ir kit\u0173, ma\u017e\u0173 \u0161eim\u0173 versl\u0173, rank\u0173 darbo, dovan\u0173 sau ir artimiesiems.\",\"publisher\":{\"@id\":\"https:\/\/skaitytaknyga.lt\/#organization\"},\"potentialAction\":[{\"@type\":\"SearchAction\",\"target\":{\"@type\":\"EntryPoint\",\"urlTemplate\":\"https:\/\/skaitytaknyga.lt\/?s={search_term_string}\"},\"query-input\":{\"@type\":\"PropertyValueSpecification\",\"valueRequired\":true,\"valueName\":\"search_term_string\"}}],\"inLanguage\":\"en-GB\"},{\"@type\":\"Organization\",\"@id\":\"https:\/\/skaitytaknyga.lt\/#organization\",\"name\":\"skaitytaknyga.lt\",\"url\":\"https:\/\/skaitytaknyga.lt\/\",\"logo\":{\"@type\":\"ImageObject\",\"inLanguage\":\"en-GB\",\"@id\":\"https:\/\/skaitytaknyga.lt\/#\/schema\/logo\/image\/\",\"url\":\"https:\/\/skaitytaknyga.lt\/wp-content\/uploads\/2024\/05\/cropped-cropped-cropped-02_00843_jt3bggkj1j3HLc7SyY6rEUpg.jpeg\",\"contentUrl\":\"https:\/\/skaitytaknyga.lt\/wp-content\/uploads\/2024\/05\/cropped-cropped-cropped-02_00843_jt3bggkj1j3HLc7SyY6rEUpg.jpeg\",\"width\":1600,\"height\":1600,\"caption\":\"skaitytaknyga.lt\"},\"image\":{\"@id\":\"https:\/\/skaitytaknyga.lt\/#\/schema\/logo\/image\/\"},\"sameAs\":[\"https:\/\/www.facebook.com\/skaitytaknyga\/\"]}]}<\/script>\n<!-- \/ Yoast SEO plugin. -->","yoast_head_json":{"title":"Skarlet 1-2 dalys (20-21 knygos)","description":"U\u017eburiantis ir laikui nepavaldus pasakojimas t\u0119siasi... Milijonai skaitytoj\u0173 visame pasaulyje nenor\u0117jo i\u0161siskirti su mylimais istorinio romano \u201eV\u0117jo nublok\u0161ti\u201c persona\u017eais, ypa\u010d kai istorija baig\u0117si taip ir nesu\u017einojus, ar Skarlet susigr\u0105\u017eino Ret\u0105... Nepaisant prie\u0161taring\u0173 kritik\u0173 nuomoni\u0173, \u201eSkarlet\u201c tapo Niujorko bestseleriu ir buvo pripa\u017einta oficialiu romano t\u0119siniu. Vieno m\u0117gstamiausi\u0173 vis\u0173 laik\u0173 roman\u0173 t\u0119sinys numal\u0161ins skaitytoj\u0173 ilges\u012f ir sugr\u0105\u017eins \u012f \u201eV\u0117jo nublok\u0161t\u0173\u201c pasaul\u012f, kupin\u0105 staigmen\u0173, i\u0161\u0161\u016bki\u0173 ir nauj\u0173 emocing\u0173, kvap\u0105 gniau\u017eian\u010di\u0173 nuotyki\u0173. Vis\u0173 persona\u017e\u0173 laukia nauji i\u0161bandymai, o legendin\u0117 meil\u0117s istorija v\u0117l \u012fsiliepsnos, apsupta sielvarto ir d\u017eiaugsmo, ilgesinga ir nei\u0161senkanti Skarlet ir Reto aistra pasieks stulbinam\u0105 kulminacij\u0105. \u201eSkarlet\u201c yra puiki knyga, nuostabus istorinis romanas, kupinas emocin\u0117s \u012ftampos, i\u0161tikimas \u201eV\u0117jo nublok\u0161t\u0173\" stiliui, temai ir vizijai. - Rocky Mountain News","robots":{"index":"index","follow":"follow","max-snippet":"max-snippet:-1","max-image-preview":"max-image-preview:large","max-video-preview":"max-video-preview:-1"},"canonical":"https:\/\/skaitytaknyga.lt\/en\/produktas\/alexandra-ripley-skarlet-1-2-dalys-20-21-knygos\/","og_locale":"en_GB","og_type":"article","og_title":"[:lt]Skarlet 1-2 dalys (20-21 knygos)[:] - Skaitytaknyga","og_description":"U\u017eburiantis ir laikui nepavaldus pasakojimas t\u0119siasi... Milijonai skaitytoj\u0173 visame pasaulyje nenor\u0117jo i\u0161siskirti su mylimais istorinio romano \u201eV\u0117jo nublok\u0161ti\u201c persona\u017eais, ypa\u010d kai istorija baig\u0117si taip ir nesu\u017einojus, ar Skarlet susigr\u0105\u017eino Ret\u0105... Nepaisant prie\u0161taring\u0173 kritik\u0173 nuomoni\u0173, \u201eSkarlet\u201c tapo Niujorko bestseleriu ir buvo pripa\u017einta oficialiu romano t\u0119siniu. Vieno m\u0117gstamiausi\u0173 vis\u0173 laik\u0173 roman\u0173 t\u0119sinys numal\u0161ins skaitytoj\u0173 ilges\u012f ir sugr\u0105\u017eins \u012f \u201eV\u0117jo nublok\u0161t\u0173\u201c pasaul\u012f, kupin\u0105 staigmen\u0173, i\u0161\u0161\u016bki\u0173 ir nauj\u0173 emocing\u0173, kvap\u0105 gniau\u017eian\u010di\u0173 nuotyki\u0173. Vis\u0173 persona\u017e\u0173 laukia nauji i\u0161bandymai, o legendin\u0117 meil\u0117s istorija v\u0117l \u012fsiliepsnos, apsupta sielvarto ir d\u017eiaugsmo, ilgesinga ir nei\u0161senkanti Skarlet ir Reto aistra pasieks stulbinam\u0105 kulminacij\u0105. \u201eSkarlet\u201c yra puiki knyga, nuostabus istorinis romanas, kupinas emocin\u0117s \u012ftampos, i\u0161tikimas \u201eV\u0117jo nublok\u0161t\u0173\" stiliui, temai ir vizijai. - Rocky Mountain News","og_url":"https:\/\/skaitytaknyga.lt\/en\/produktas\/alexandra-ripley-skarlet-1-2-dalys-20-21-knygos\/","og_site_name":"Skaitytaknyga","article_publisher":"https:\/\/www.facebook.com\/skaitytaknyga\/","article_modified_time":"2025-10-25T19:03:08+00:00","og_image":[{"width":363,"height":546,"url":"https:\/\/skaitytaknyga.lt\/wp-content\/uploads\/2024\/05\/Be-pavadinimo-29.png","type":"image\/png"}],"twitter_card":"summary_large_image","twitter_misc":{"Estimated reading time":"1 minute"},"schema":{"@context":"https:\/\/schema.org","@graph":[{"@type":"WebPage","@id":"https:\/\/skaitytaknyga.lt\/produktas\/alexandra-ripley-skarlet-1-2-dalys-20-21-knygos\/","url":"https:\/\/skaitytaknyga.lt\/produktas\/alexandra-ripley-skarlet-1-2-dalys-20-21-knygos\/","name":"Skarlet 1-2 dalys (20-21 knygos)","isPartOf":{"@id":"https:\/\/skaitytaknyga.lt\/#website"},"primaryImageOfPage":{"@id":"https:\/\/skaitytaknyga.lt\/produktas\/alexandra-ripley-skarlet-1-2-dalys-20-21-knygos\/#primaryimage"},"image":{"@id":"https:\/\/skaitytaknyga.lt\/produktas\/alexandra-ripley-skarlet-1-2-dalys-20-21-knygos\/#primaryimage"},"thumbnailUrl":"https:\/\/skaitytaknyga.lt\/wp-content\/uploads\/2024\/05\/Be-pavadinimo-29.png","datePublished":"2024-05-22T12:13:06+00:00","dateModified":"2025-10-25T19:03:08+00:00","description":"U\u017eburiantis ir laikui nepavaldus pasakojimas t\u0119siasi... Milijonai skaitytoj\u0173 visame pasaulyje nenor\u0117jo i\u0161siskirti su mylimais istorinio romano \u201eV\u0117jo nublok\u0161ti\u201c persona\u017eais, ypa\u010d kai istorija baig\u0117si taip ir nesu\u017einojus, ar Skarlet susigr\u0105\u017eino Ret\u0105... Nepaisant prie\u0161taring\u0173 kritik\u0173 nuomoni\u0173, \u201eSkarlet\u201c tapo Niujorko bestseleriu ir buvo pripa\u017einta oficialiu romano t\u0119siniu. Vieno m\u0117gstamiausi\u0173 vis\u0173 laik\u0173 roman\u0173 t\u0119sinys numal\u0161ins skaitytoj\u0173 ilges\u012f ir sugr\u0105\u017eins \u012f \u201eV\u0117jo nublok\u0161t\u0173\u201c pasaul\u012f, kupin\u0105 staigmen\u0173, i\u0161\u0161\u016bki\u0173 ir nauj\u0173 emocing\u0173, kvap\u0105 gniau\u017eian\u010di\u0173 nuotyki\u0173. Vis\u0173 persona\u017e\u0173 laukia nauji i\u0161bandymai, o legendin\u0117 meil\u0117s istorija v\u0117l \u012fsiliepsnos, apsupta sielvarto ir d\u017eiaugsmo, ilgesinga ir nei\u0161senkanti Skarlet ir Reto aistra pasieks stulbinam\u0105 kulminacij\u0105. \u201eSkarlet\u201c yra puiki knyga, nuostabus istorinis romanas, kupinas emocin\u0117s \u012ftampos, i\u0161tikimas \u201eV\u0117jo nublok\u0161t\u0173\" stiliui, temai ir vizijai. - Rocky Mountain News","breadcrumb":{"@id":"https:\/\/skaitytaknyga.lt\/produktas\/alexandra-ripley-skarlet-1-2-dalys-20-21-knygos\/#breadcrumb"},"inLanguage":"en-GB","potentialAction":[{"@type":"ReadAction","target":["https:\/\/skaitytaknyga.lt\/produktas\/alexandra-ripley-skarlet-1-2-dalys-20-21-knygos\/"]}]},{"@type":"ImageObject","inLanguage":"en-GB","@id":"https:\/\/skaitytaknyga.lt\/produktas\/alexandra-ripley-skarlet-1-2-dalys-20-21-knygos\/#primaryimage","url":"https:\/\/skaitytaknyga.lt\/wp-content\/uploads\/2024\/05\/Be-pavadinimo-29.png","contentUrl":"https:\/\/skaitytaknyga.lt\/wp-content\/uploads\/2024\/05\/Be-pavadinimo-29.png","width":363,"height":546},{"@type":"BreadcrumbList","@id":"https:\/\/skaitytaknyga.lt\/produktas\/alexandra-ripley-skarlet-1-2-dalys-20-21-knygos\/#breadcrumb","itemListElement":[{"@type":"ListItem","position":1,"name":"Home","item":"https:\/\/skaitytaknyga.lt\/"},{"@type":"ListItem","position":2,"name":"Parduotuv\u0117","item":"https:\/\/skaitytaknyga.lt\/knygu-parduotuve\/"},{"@type":"ListItem","position":3,"name":"Skarlet 1-2 dalys (20-21 knygos)"}]},{"@type":"WebSite","@id":"https:\/\/skaitytaknyga.lt\/#website","url":"https:\/\/skaitytaknyga.lt\/","name":"skaitytaknyga.lt","description":"Skaitytaknyga.lt \u2013 tai ma\u017eas \u0161eimos verslas, kuris prasid\u0117jo nuo meil\u0117s knygoms ir siekio i\u0161gelb\u0117ti knygas nuo likimo prie konteinerio. Kas vienam nereikalingas daiktas \u2013 kitam lobis, o mes esame tarpininkai, kurie padeda abiems tapti laimingesniems ???? \u017dinome kaip nelengva i\u0161gyventi ma\u017eiems verslams, tad nuo \u0161iol, \u010dia rasite ir kit\u0173, ma\u017e\u0173 \u0161eim\u0173 versl\u0173, rank\u0173 darbo, dovan\u0173 sau ir artimiesiems.","publisher":{"@id":"https:\/\/skaitytaknyga.lt\/#organization"},"potentialAction":[{"@type":"SearchAction","target":{"@type":"EntryPoint","urlTemplate":"https:\/\/skaitytaknyga.lt\/?s={search_term_string}"},"query-input":{"@type":"PropertyValueSpecification","valueRequired":true,"valueName":"search_term_string"}}],"inLanguage":"en-GB"},{"@type":"Organization","@id":"https:\/\/skaitytaknyga.lt\/#organization","name":"skaitytaknyga.lt","url":"https:\/\/skaitytaknyga.lt\/","logo":{"@type":"ImageObject","inLanguage":"en-GB","@id":"https:\/\/skaitytaknyga.lt\/#\/schema\/logo\/image\/","url":"https:\/\/skaitytaknyga.lt\/wp-content\/uploads\/2024\/05\/cropped-cropped-cropped-02_00843_jt3bggkj1j3HLc7SyY6rEUpg.jpeg","contentUrl":"https:\/\/skaitytaknyga.lt\/wp-content\/uploads\/2024\/05\/cropped-cropped-cropped-02_00843_jt3bggkj1j3HLc7SyY6rEUpg.jpeg","width":1600,"height":1600,"caption":"skaitytaknyga.lt"},"image":{"@id":"https:\/\/skaitytaknyga.lt\/#\/schema\/logo\/image\/"},"sameAs":["https:\/\/www.facebook.com\/skaitytaknyga\/"]}]}},"_links":{"self":[{"href":"https:\/\/skaitytaknyga.lt\/en\/wp-json\/wp\/v2\/product\/11755","targetHints":{"allow":["GET"]}}],"collection":[{"href":"https:\/\/skaitytaknyga.lt\/en\/wp-json\/wp\/v2\/product"}],"about":[{"href":"https:\/\/skaitytaknyga.lt\/en\/wp-json\/wp\/v2\/types\/product"}],"replies":[{"embeddable":true,"href":"https:\/\/skaitytaknyga.lt\/en\/wp-json\/wp\/v2\/comments?post=11755"}],"wp:featuredmedia":[{"embeddable":true,"href":"https:\/\/skaitytaknyga.lt\/en\/wp-json\/wp\/v2\/media\/11756"}],"wp:attachment":[{"href":"https:\/\/skaitytaknyga.lt\/en\/wp-json\/wp\/v2\/media?parent=11755"}],"wp:term":[{"taxonomy":"product_brand","embeddable":true,"href":"https:\/\/skaitytaknyga.lt\/en\/wp-json\/wp\/v2\/product_brand?post=11755"},{"taxonomy":"product_cat","embeddable":true,"href":"https:\/\/skaitytaknyga.lt\/en\/wp-json\/wp\/v2\/product_cat?post=11755"},{"taxonomy":"product_tag","embeddable":true,"href":"https:\/\/skaitytaknyga.lt\/en\/wp-json\/wp\/v2\/product_tag?post=11755"}],"curies":[{"name":"wp","href":"https:\/\/api.w.org\/{rel}","templated":true}]}}