{"id":11745,"date":"2024-05-22T11:43:52","date_gmt":"2024-05-22T11:43:52","guid":{"rendered":"https:\/\/skaitytaknyga.lt\/?post_type=product&#038;p=11745"},"modified":"2025-05-19T14:43:28","modified_gmt":"2025-05-19T11:43:28","slug":"l-kleypas-viena-diena-surasiu-tave-didysis-teatras-1-knyga-apatinis-kamputis-su-defektu","status":"publish","type":"product","link":"https:\/\/skaitytaknyga.lt\/en\/produktas\/l-kleypas-viena-diena-surasiu-tave-didysis-teatras-1-knyga-apatinis-kamputis-su-defektu\/","title":{"rendered":"Vien\u0105 dien\u0105 surasiu tave. Didysis teatras"},"content":{"rendered":"<p>Miesto numyl\u0117tin\u0117&#8230;<\/p>\n<p>Visas Londonas guli po D\u017eesikos Ventvort kojomis&#8230; Ji gauna visk\u0105, tereikia papra\u0161yti. Ta\u010diau \u017eavinga moteris, talentinga Did\u017eiojo teatro aktor\u0117, slepia sukre\u010diant\u012f savo gyvenimo fakt\u0105: ji turi paslapting\u0105 sutuoktin\u012f, kurio nepa\u017e\u012fsta, apie kur\u012f nedr\u012fsta net u\u017esiminti&#8230; kurio negali myl\u0117ti.<\/p>\n<p>Ne vienus metus Deimonas Sevid\u017eas ie\u0161ko nepa\u017e\u012fstamosios, su kuria t\u0117vas j\u012f apvesdino dar vaikyst\u0117je, n\u0117 nepaklaus\u0119s sutikimo, ir tikisi teisin\u0117mis priemon\u0117mis i\u0161sivaduoti i\u0161 nematom\u0173 santuokos pan\u010di\u0173. Deimonas apstulbsta i\u0161siai\u0161kin\u0119s, kad jo \u017emona kaip tik ir yra ta rafinuota dama, kuri\u0105 jis ketino suvilioti! Ta\u010diau nors teisi\u0161kai \u0161i moteris jam ir priklauso, ji niekada i\u0161 tikr\u0173j\u0173 nebus jo&#8230; jeigu jis nenugal\u0117s jos baimi\u0173, ne\u012fveiks gr\u0117smingo prie\u0161ininko&#8230; jei neu\u017ekariaus jos i\u0161did\u017eios, nepriklausomos ir mylin\u010dios \u0161irdies.<\/p>\n","protected":false},"excerpt":{"rendered":"<p>Miesto numyl\u0117tin\u0117&#8230;<\/p>\n<p>Visas Londonas guli po D\u017eesikos Ventvort kojomis&#8230; Ji gauna visk\u0105, tereikia papra\u0161yti. Ta\u010diau \u017eavinga moteris, talentinga Did\u017eiojo teatro aktor\u0117, slepia sukre\u010diant\u012f savo gyvenimo fakt\u0105: ji turi paslapting\u0105 sutuoktin\u012f, kurio nepa\u017e\u012fsta, apie kur\u012f nedr\u012fsta net u\u017esiminti&#8230; kurio negali myl\u0117ti.<\/p>\n<p>Ne vienus metus Deimonas Sevid\u017eas ie\u0161ko nepa\u017e\u012fstamosios, su kuria t\u0117vas j\u012f apvesdino dar vaikyst\u0117je, n\u0117 nepaklaus\u0119s sutikimo, ir tikisi teisin\u0117mis priemon\u0117mis i\u0161sivaduoti i\u0161 nematom\u0173 santuokos pan\u010di\u0173. Deimonas apstulbsta i\u0161siai\u0161kin\u0119s, kad jo \u017emona kaip tik ir yra ta rafinuota dama, kuri\u0105 jis ketino suvilioti! Ta\u010diau nors teisi\u0161kai \u0161i moteris jam ir priklauso, ji niekada i\u0161 tikr\u0173j\u0173 nebus jo&#8230; jeigu jis nenugal\u0117s jos baimi\u0173, ne\u012fveiks gr\u0117smingo prie\u0161ininko&#8230; jei neu\u017ekariaus jos i\u0161did\u017eios, nepriklausomos ir mylin\u010dios \u0161irdies.<\/p>\n","protected":false},"featured_media":11746,"comment_status":"closed","ping_status":"closed","template":"","meta":{"_acf_changed":false,"site-sidebar-layout":"default","site-content-layout":"","ast-site-content-layout":"default","site-content-style":"default","site-sidebar-style":"default","ast-global-header-display":"","ast-banner-title-visibility":"","ast-main-header-display":"","ast-hfb-above-header-display":"","ast-hfb-below-header-display":"","ast-hfb-mobile-header-display":"","site-post-title":"","ast-breadcrumbs-content":"","ast-featured-img":"","footer-sml-layout":"","ast-disable-related-posts":"","theme-transparent-header-meta":"","adv-header-id-meta":"","stick-header-meta":"","header-above-stick-meta":"","header-main-stick-meta":"","header-below-stick-meta":"","astra-migrate-meta-layouts":"default","ast-page-background-enabled":"default","ast-page-background-meta":{"desktop":{"background-color":"","background-image":"","background-repeat":"repeat","background-position":"center center","background-size":"auto","background-attachment":"scroll","background-type":"","background-media":"","overlay-type":"","overlay-color":"","overlay-opacity":"","overlay-gradient":""},"tablet":{"background-color":"","background-image":"","background-repeat":"repeat","background-position":"center center","background-size":"auto","background-attachment":"scroll","background-type":"","background-media":"","overlay-type":"","overlay-color":"","overlay-opacity":"","overlay-gradient":""},"mobile":{"background-color":"","background-image":"","background-repeat":"repeat","background-position":"center center","background-size":"auto","background-attachment":"scroll","background-type":"","background-media":"","overlay-type":"","overlay-color":"","overlay-opacity":"","overlay-gradient":""}},"ast-content-background-meta":{"desktop":{"background-color":"var(--ast-global-color-4)","background-image":"","background-repeat":"repeat","background-position":"center center","background-size":"auto","background-attachment":"scroll","background-type":"","background-media":"","overlay-type":"","overlay-color":"","overlay-opacity":"","overlay-gradient":""},"tablet":{"background-color":"var(--ast-global-color-4)","background-image":"","background-repeat":"repeat","background-position":"center center","background-size":"auto","background-attachment":"scroll","background-type":"","background-media":"","overlay-type":"","overlay-color":"","overlay-opacity":"","overlay-gradient":""},"mobile":{"background-color":"var(--ast-global-color-4)","background-image":"","background-repeat":"repeat","background-position":"center center","background-size":"auto","background-attachment":"scroll","background-type":"","background-media":"","overlay-type":"","overlay-color":"","overlay-opacity":"","overlay-gradient":""}}},"product_brand":[],"product_cat":[31],"product_tag":[2069,4049,2014,1478,3002],"class_list":{"0":"post-11745","1":"product","2":"type-product","3":"status-publish","4":"has-post-thumbnail","6":"product_cat-grozine-literatura","7":"product_tag-istorinis-romanas","8":"product_tag-lisa-kleypas","9":"product_tag-meiles-romanas","10":"product_tag-paslaptys","11":"product_tag-teatras","12":"desktop-align-left","13":"tablet-align-left","14":"mobile-align-left","16":"first","17":"outofstock","18":"shipping-taxable","19":"purchasable","20":"product-type-simple"},"acf":[],"yoast_head":"<!-- This site is optimized with the Yoast SEO plugin v27.0 - https:\/\/yoast.com\/product\/yoast-seo-wordpress\/ -->\n<title>Vien\u0105 dien\u0105 surasiu tave. Didysis teatras<\/title>\n<meta name=\"description\" content=\"Miesto numyl\u0117tin\u0117...  Visas Londonas guli po D\u017eesikos Ventvort kojomis... Ji gauna visk\u0105, tereikia papra\u0161yti. Ta\u010diau \u017eavinga moteris, talentinga Did\u017eiojo teatro aktor\u0117, slepia sukre\u010diant\u012f savo gyvenimo fakt\u0105: ji turi paslapting\u0105 sutuoktin\u012f, kurio nepa\u017e\u012fsta, apie kur\u012f nedr\u012fsta net u\u017esiminti... kurio negali myl\u0117ti.  Ne vienus metus Deimonas Sevid\u017eas ie\u0161ko nepa\u017e\u012fstamosios, su kuria t\u0117vas j\u012f apvesdino dar vaikyst\u0117je, n\u0117 nepaklaus\u0119s sutikimo, ir tikisi teisin\u0117mis priemon\u0117mis i\u0161sivaduoti i\u0161 nematom\u0173 santuokos pan\u010di\u0173. Deimonas apstulbsta i\u0161siai\u0161kin\u0119s, kad jo \u017emona kaip tik ir yra ta rafinuota dama, kuri\u0105 jis ketino suvilioti! Ta\u010diau nors teisi\u0161kai \u0161i moteris jam ir priklauso, ji niekada i\u0161 tikr\u0173j\u0173 nebus jo... jeigu jis nenugal\u0117s jos baimi\u0173, ne\u012fveiks gr\u0117smingo prie\u0161ininko... jei neu\u017ekariaus jos i\u0161did\u017eios, nepriklausomos ir mylin\u010dios \u0161irdies.\" \/>\n<meta name=\"robots\" content=\"index, follow, max-snippet:-1, max-image-preview:large, max-video-preview:-1\" \/>\n<link rel=\"canonical\" href=\"https:\/\/skaitytaknyga.lt\/en\/produktas\/l-kleypas-viena-diena-surasiu-tave-didysis-teatras-1-knyga-apatinis-kamputis-su-defektu\/\" \/>\n<meta property=\"og:locale\" content=\"en_GB\" \/>\n<meta property=\"og:locale:alternate\" content=\"lt_LT\" \/>\n<meta property=\"og:type\" content=\"article\" \/>\n<meta property=\"og:title\" content=\"Vien\u0105 dien\u0105 surasiu tave. Didysis teatras\" \/>\n<meta property=\"og:description\" content=\"Miesto numyl\u0117tin\u0117...  Visas Londonas guli po D\u017eesikos Ventvort kojomis... Ji gauna visk\u0105, tereikia papra\u0161yti. Ta\u010diau \u017eavinga moteris, talentinga Did\u017eiojo teatro aktor\u0117, slepia sukre\u010diant\u012f savo gyvenimo fakt\u0105: ji turi paslapting\u0105 sutuoktin\u012f, kurio nepa\u017e\u012fsta, apie kur\u012f nedr\u012fsta net u\u017esiminti... kurio negali myl\u0117ti.  Ne vienus metus Deimonas Sevid\u017eas ie\u0161ko nepa\u017e\u012fstamosios, su kuria t\u0117vas j\u012f apvesdino dar vaikyst\u0117je, n\u0117 nepaklaus\u0119s sutikimo, ir tikisi teisin\u0117mis priemon\u0117mis i\u0161sivaduoti i\u0161 nematom\u0173 santuokos pan\u010di\u0173. Deimonas apstulbsta i\u0161siai\u0161kin\u0119s, kad jo \u017emona kaip tik ir yra ta rafinuota dama, kuri\u0105 jis ketino suvilioti! Ta\u010diau nors teisi\u0161kai \u0161i moteris jam ir priklauso, ji niekada i\u0161 tikr\u0173j\u0173 nebus jo... jeigu jis nenugal\u0117s jos baimi\u0173, ne\u012fveiks gr\u0117smingo prie\u0161ininko... jei neu\u017ekariaus jos i\u0161did\u017eios, nepriklausomos ir mylin\u010dios \u0161irdies.\" \/>\n<meta property=\"og:url\" content=\"https:\/\/skaitytaknyga.lt\/en\/produktas\/l-kleypas-viena-diena-surasiu-tave-didysis-teatras-1-knyga-apatinis-kamputis-su-defektu\/\" \/>\n<meta property=\"og:site_name\" content=\"Skaitytaknyga\" \/>\n<meta property=\"article:publisher\" content=\"https:\/\/www.facebook.com\/skaitytaknyga\/\" \/>\n<meta property=\"article:modified_time\" content=\"2025-05-19T11:43:28+00:00\" \/>\n<meta property=\"og:image\" content=\"https:\/\/skaitytaknyga.lt\/wp-content\/uploads\/2024\/05\/lisa-kleypas-viena-diena-surasiu-tave-1-knyga-1-e1716378370408.jpg\" \/>\n\t<meta property=\"og:image:width\" content=\"270\" \/>\n\t<meta property=\"og:image:height\" content=\"393\" \/>\n\t<meta property=\"og:image:type\" content=\"image\/jpeg\" \/>\n<meta name=\"twitter:card\" content=\"summary_large_image\" \/>\n<meta name=\"twitter:label1\" content=\"Estimated reading time\" \/>\n\t<meta name=\"twitter:data1\" content=\"1 minute\" \/>\n<script type=\"application\/ld+json\" class=\"yoast-schema-graph\">{\"@context\":\"https:\/\/schema.org\",\"@graph\":[{\"@type\":\"WebPage\",\"@id\":\"https:\/\/skaitytaknyga.lt\/produktas\/l-kleypas-viena-diena-surasiu-tave-didysis-teatras-1-knyga-apatinis-kamputis-su-defektu\/\",\"url\":\"https:\/\/skaitytaknyga.lt\/produktas\/l-kleypas-viena-diena-surasiu-tave-didysis-teatras-1-knyga-apatinis-kamputis-su-defektu\/\",\"name\":\"Vien\u0105 dien\u0105 surasiu tave. Didysis teatras\",\"isPartOf\":{\"@id\":\"https:\/\/skaitytaknyga.lt\/#website\"},\"primaryImageOfPage\":{\"@id\":\"https:\/\/skaitytaknyga.lt\/produktas\/l-kleypas-viena-diena-surasiu-tave-didysis-teatras-1-knyga-apatinis-kamputis-su-defektu\/#primaryimage\"},\"image\":{\"@id\":\"https:\/\/skaitytaknyga.lt\/produktas\/l-kleypas-viena-diena-surasiu-tave-didysis-teatras-1-knyga-apatinis-kamputis-su-defektu\/#primaryimage\"},\"thumbnailUrl\":\"https:\/\/skaitytaknyga.lt\/wp-content\/uploads\/2024\/05\/lisa-kleypas-viena-diena-surasiu-tave-1-knyga-1-e1716378370408.jpg\",\"datePublished\":\"2024-05-22T11:43:52+00:00\",\"dateModified\":\"2025-05-19T11:43:28+00:00\",\"description\":\"Miesto numyl\u0117tin\u0117... Visas Londonas guli po D\u017eesikos Ventvort kojomis... Ji gauna visk\u0105, tereikia papra\u0161yti. Ta\u010diau \u017eavinga moteris, talentinga Did\u017eiojo teatro aktor\u0117, slepia sukre\u010diant\u012f savo gyvenimo fakt\u0105: ji turi paslapting\u0105 sutuoktin\u012f, kurio nepa\u017e\u012fsta, apie kur\u012f nedr\u012fsta net u\u017esiminti... kurio negali myl\u0117ti. Ne vienus metus Deimonas Sevid\u017eas ie\u0161ko nepa\u017e\u012fstamosios, su kuria t\u0117vas j\u012f apvesdino dar vaikyst\u0117je, n\u0117 nepaklaus\u0119s sutikimo, ir tikisi teisin\u0117mis priemon\u0117mis i\u0161sivaduoti i\u0161 nematom\u0173 santuokos pan\u010di\u0173. Deimonas apstulbsta i\u0161siai\u0161kin\u0119s, kad jo \u017emona kaip tik ir yra ta rafinuota dama, kuri\u0105 jis ketino suvilioti! Ta\u010diau nors teisi\u0161kai \u0161i moteris jam ir priklauso, ji niekada i\u0161 tikr\u0173j\u0173 nebus jo... jeigu jis nenugal\u0117s jos baimi\u0173, ne\u012fveiks gr\u0117smingo prie\u0161ininko... jei neu\u017ekariaus jos i\u0161did\u017eios, nepriklausomos ir mylin\u010dios \u0161irdies.\",\"breadcrumb\":{\"@id\":\"https:\/\/skaitytaknyga.lt\/produktas\/l-kleypas-viena-diena-surasiu-tave-didysis-teatras-1-knyga-apatinis-kamputis-su-defektu\/#breadcrumb\"},\"inLanguage\":\"en-GB\",\"potentialAction\":[{\"@type\":\"ReadAction\",\"target\":[\"https:\/\/skaitytaknyga.lt\/produktas\/l-kleypas-viena-diena-surasiu-tave-didysis-teatras-1-knyga-apatinis-kamputis-su-defektu\/\"]}]},{\"@type\":\"ImageObject\",\"inLanguage\":\"en-GB\",\"@id\":\"https:\/\/skaitytaknyga.lt\/produktas\/l-kleypas-viena-diena-surasiu-tave-didysis-teatras-1-knyga-apatinis-kamputis-su-defektu\/#primaryimage\",\"url\":\"https:\/\/skaitytaknyga.lt\/wp-content\/uploads\/2024\/05\/lisa-kleypas-viena-diena-surasiu-tave-1-knyga-1-e1716378370408.jpg\",\"contentUrl\":\"https:\/\/skaitytaknyga.lt\/wp-content\/uploads\/2024\/05\/lisa-kleypas-viena-diena-surasiu-tave-1-knyga-1-e1716378370408.jpg\",\"width\":270,\"height\":393},{\"@type\":\"BreadcrumbList\",\"@id\":\"https:\/\/skaitytaknyga.lt\/produktas\/l-kleypas-viena-diena-surasiu-tave-didysis-teatras-1-knyga-apatinis-kamputis-su-defektu\/#breadcrumb\",\"itemListElement\":[{\"@type\":\"ListItem\",\"position\":1,\"name\":\"Home\",\"item\":\"https:\/\/skaitytaknyga.lt\/\"},{\"@type\":\"ListItem\",\"position\":2,\"name\":\"Parduotuv\u0117\",\"item\":\"https:\/\/skaitytaknyga.lt\/knygu-parduotuve\/\"},{\"@type\":\"ListItem\",\"position\":3,\"name\":\"Vien\u0105 dien\u0105 surasiu tave. Didysis teatras\"}]},{\"@type\":\"WebSite\",\"@id\":\"https:\/\/skaitytaknyga.lt\/#website\",\"url\":\"https:\/\/skaitytaknyga.lt\/\",\"name\":\"skaitytaknyga.lt\",\"description\":\"Skaitytaknyga.lt \u2013 tai ma\u017eas \u0161eimos verslas, kuris prasid\u0117jo nuo meil\u0117s knygoms ir siekio i\u0161gelb\u0117ti knygas nuo likimo prie konteinerio. Kas vienam nereikalingas daiktas \u2013 kitam lobis, o mes esame tarpininkai, kurie padeda abiems tapti laimingesniems ???? \u017dinome kaip nelengva i\u0161gyventi ma\u017eiems verslams, tad nuo \u0161iol, \u010dia rasite ir kit\u0173, ma\u017e\u0173 \u0161eim\u0173 versl\u0173, rank\u0173 darbo, dovan\u0173 sau ir artimiesiems.\",\"publisher\":{\"@id\":\"https:\/\/skaitytaknyga.lt\/#organization\"},\"potentialAction\":[{\"@type\":\"SearchAction\",\"target\":{\"@type\":\"EntryPoint\",\"urlTemplate\":\"https:\/\/skaitytaknyga.lt\/?s={search_term_string}\"},\"query-input\":{\"@type\":\"PropertyValueSpecification\",\"valueRequired\":true,\"valueName\":\"search_term_string\"}}],\"inLanguage\":\"en-GB\"},{\"@type\":\"Organization\",\"@id\":\"https:\/\/skaitytaknyga.lt\/#organization\",\"name\":\"skaitytaknyga.lt\",\"url\":\"https:\/\/skaitytaknyga.lt\/\",\"logo\":{\"@type\":\"ImageObject\",\"inLanguage\":\"en-GB\",\"@id\":\"https:\/\/skaitytaknyga.lt\/#\/schema\/logo\/image\/\",\"url\":\"https:\/\/skaitytaknyga.lt\/wp-content\/uploads\/2024\/05\/cropped-cropped-cropped-02_00843_jt3bggkj1j3HLc7SyY6rEUpg.jpeg\",\"contentUrl\":\"https:\/\/skaitytaknyga.lt\/wp-content\/uploads\/2024\/05\/cropped-cropped-cropped-02_00843_jt3bggkj1j3HLc7SyY6rEUpg.jpeg\",\"width\":1600,\"height\":1600,\"caption\":\"skaitytaknyga.lt\"},\"image\":{\"@id\":\"https:\/\/skaitytaknyga.lt\/#\/schema\/logo\/image\/\"},\"sameAs\":[\"https:\/\/www.facebook.com\/skaitytaknyga\/\"]}]}<\/script>\n<!-- \/ Yoast SEO plugin. -->","yoast_head_json":{"title":"Vien\u0105 dien\u0105 surasiu tave. Didysis teatras","description":"Miesto numyl\u0117tin\u0117...  Visas Londonas guli po D\u017eesikos Ventvort kojomis... Ji gauna visk\u0105, tereikia papra\u0161yti. Ta\u010diau \u017eavinga moteris, talentinga Did\u017eiojo teatro aktor\u0117, slepia sukre\u010diant\u012f savo gyvenimo fakt\u0105: ji turi paslapting\u0105 sutuoktin\u012f, kurio nepa\u017e\u012fsta, apie kur\u012f nedr\u012fsta net u\u017esiminti... kurio negali myl\u0117ti.  Ne vienus metus Deimonas Sevid\u017eas ie\u0161ko nepa\u017e\u012fstamosios, su kuria t\u0117vas j\u012f apvesdino dar vaikyst\u0117je, n\u0117 nepaklaus\u0119s sutikimo, ir tikisi teisin\u0117mis priemon\u0117mis i\u0161sivaduoti i\u0161 nematom\u0173 santuokos pan\u010di\u0173. Deimonas apstulbsta i\u0161siai\u0161kin\u0119s, kad jo \u017emona kaip tik ir yra ta rafinuota dama, kuri\u0105 jis ketino suvilioti! Ta\u010diau nors teisi\u0161kai \u0161i moteris jam ir priklauso, ji niekada i\u0161 tikr\u0173j\u0173 nebus jo... jeigu jis nenugal\u0117s jos baimi\u0173, ne\u012fveiks gr\u0117smingo prie\u0161ininko... jei neu\u017ekariaus jos i\u0161did\u017eios, nepriklausomos ir mylin\u010dios \u0161irdies.","robots":{"index":"index","follow":"follow","max-snippet":"max-snippet:-1","max-image-preview":"max-image-preview:large","max-video-preview":"max-video-preview:-1"},"canonical":"https:\/\/skaitytaknyga.lt\/en\/produktas\/l-kleypas-viena-diena-surasiu-tave-didysis-teatras-1-knyga-apatinis-kamputis-su-defektu\/","og_locale":"en_GB","og_type":"article","og_title":"[:lt]Vien\u0105 dien\u0105 surasiu tave. Didysis teatras[:] - Skaitytaknyga","og_description":"Miesto numyl\u0117tin\u0117...  Visas Londonas guli po D\u017eesikos Ventvort kojomis... Ji gauna visk\u0105, tereikia papra\u0161yti. Ta\u010diau \u017eavinga moteris, talentinga Did\u017eiojo teatro aktor\u0117, slepia sukre\u010diant\u012f savo gyvenimo fakt\u0105: ji turi paslapting\u0105 sutuoktin\u012f, kurio nepa\u017e\u012fsta, apie kur\u012f nedr\u012fsta net u\u017esiminti... kurio negali myl\u0117ti.  Ne vienus metus Deimonas Sevid\u017eas ie\u0161ko nepa\u017e\u012fstamosios, su kuria t\u0117vas j\u012f apvesdino dar vaikyst\u0117je, n\u0117 nepaklaus\u0119s sutikimo, ir tikisi teisin\u0117mis priemon\u0117mis i\u0161sivaduoti i\u0161 nematom\u0173 santuokos pan\u010di\u0173. Deimonas apstulbsta i\u0161siai\u0161kin\u0119s, kad jo \u017emona kaip tik ir yra ta rafinuota dama, kuri\u0105 jis ketino suvilioti! Ta\u010diau nors teisi\u0161kai \u0161i moteris jam ir priklauso, ji niekada i\u0161 tikr\u0173j\u0173 nebus jo... jeigu jis nenugal\u0117s jos baimi\u0173, ne\u012fveiks gr\u0117smingo prie\u0161ininko... jei neu\u017ekariaus jos i\u0161did\u017eios, nepriklausomos ir mylin\u010dios \u0161irdies.","og_url":"https:\/\/skaitytaknyga.lt\/en\/produktas\/l-kleypas-viena-diena-surasiu-tave-didysis-teatras-1-knyga-apatinis-kamputis-su-defektu\/","og_site_name":"Skaitytaknyga","article_publisher":"https:\/\/www.facebook.com\/skaitytaknyga\/","article_modified_time":"2025-05-19T11:43:28+00:00","og_image":[{"width":270,"height":393,"url":"https:\/\/skaitytaknyga.lt\/wp-content\/uploads\/2024\/05\/lisa-kleypas-viena-diena-surasiu-tave-1-knyga-1-e1716378370408.jpg","type":"image\/jpeg"}],"twitter_card":"summary_large_image","twitter_misc":{"Estimated reading time":"1 minute"},"schema":{"@context":"https:\/\/schema.org","@graph":[{"@type":"WebPage","@id":"https:\/\/skaitytaknyga.lt\/produktas\/l-kleypas-viena-diena-surasiu-tave-didysis-teatras-1-knyga-apatinis-kamputis-su-defektu\/","url":"https:\/\/skaitytaknyga.lt\/produktas\/l-kleypas-viena-diena-surasiu-tave-didysis-teatras-1-knyga-apatinis-kamputis-su-defektu\/","name":"Vien\u0105 dien\u0105 surasiu tave. Didysis teatras","isPartOf":{"@id":"https:\/\/skaitytaknyga.lt\/#website"},"primaryImageOfPage":{"@id":"https:\/\/skaitytaknyga.lt\/produktas\/l-kleypas-viena-diena-surasiu-tave-didysis-teatras-1-knyga-apatinis-kamputis-su-defektu\/#primaryimage"},"image":{"@id":"https:\/\/skaitytaknyga.lt\/produktas\/l-kleypas-viena-diena-surasiu-tave-didysis-teatras-1-knyga-apatinis-kamputis-su-defektu\/#primaryimage"},"thumbnailUrl":"https:\/\/skaitytaknyga.lt\/wp-content\/uploads\/2024\/05\/lisa-kleypas-viena-diena-surasiu-tave-1-knyga-1-e1716378370408.jpg","datePublished":"2024-05-22T11:43:52+00:00","dateModified":"2025-05-19T11:43:28+00:00","description":"Miesto numyl\u0117tin\u0117... Visas Londonas guli po D\u017eesikos Ventvort kojomis... Ji gauna visk\u0105, tereikia papra\u0161yti. Ta\u010diau \u017eavinga moteris, talentinga Did\u017eiojo teatro aktor\u0117, slepia sukre\u010diant\u012f savo gyvenimo fakt\u0105: ji turi paslapting\u0105 sutuoktin\u012f, kurio nepa\u017e\u012fsta, apie kur\u012f nedr\u012fsta net u\u017esiminti... kurio negali myl\u0117ti. Ne vienus metus Deimonas Sevid\u017eas ie\u0161ko nepa\u017e\u012fstamosios, su kuria t\u0117vas j\u012f apvesdino dar vaikyst\u0117je, n\u0117 nepaklaus\u0119s sutikimo, ir tikisi teisin\u0117mis priemon\u0117mis i\u0161sivaduoti i\u0161 nematom\u0173 santuokos pan\u010di\u0173. Deimonas apstulbsta i\u0161siai\u0161kin\u0119s, kad jo \u017emona kaip tik ir yra ta rafinuota dama, kuri\u0105 jis ketino suvilioti! Ta\u010diau nors teisi\u0161kai \u0161i moteris jam ir priklauso, ji niekada i\u0161 tikr\u0173j\u0173 nebus jo... jeigu jis nenugal\u0117s jos baimi\u0173, ne\u012fveiks gr\u0117smingo prie\u0161ininko... jei neu\u017ekariaus jos i\u0161did\u017eios, nepriklausomos ir mylin\u010dios \u0161irdies.","breadcrumb":{"@id":"https:\/\/skaitytaknyga.lt\/produktas\/l-kleypas-viena-diena-surasiu-tave-didysis-teatras-1-knyga-apatinis-kamputis-su-defektu\/#breadcrumb"},"inLanguage":"en-GB","potentialAction":[{"@type":"ReadAction","target":["https:\/\/skaitytaknyga.lt\/produktas\/l-kleypas-viena-diena-surasiu-tave-didysis-teatras-1-knyga-apatinis-kamputis-su-defektu\/"]}]},{"@type":"ImageObject","inLanguage":"en-GB","@id":"https:\/\/skaitytaknyga.lt\/produktas\/l-kleypas-viena-diena-surasiu-tave-didysis-teatras-1-knyga-apatinis-kamputis-su-defektu\/#primaryimage","url":"https:\/\/skaitytaknyga.lt\/wp-content\/uploads\/2024\/05\/lisa-kleypas-viena-diena-surasiu-tave-1-knyga-1-e1716378370408.jpg","contentUrl":"https:\/\/skaitytaknyga.lt\/wp-content\/uploads\/2024\/05\/lisa-kleypas-viena-diena-surasiu-tave-1-knyga-1-e1716378370408.jpg","width":270,"height":393},{"@type":"BreadcrumbList","@id":"https:\/\/skaitytaknyga.lt\/produktas\/l-kleypas-viena-diena-surasiu-tave-didysis-teatras-1-knyga-apatinis-kamputis-su-defektu\/#breadcrumb","itemListElement":[{"@type":"ListItem","position":1,"name":"Home","item":"https:\/\/skaitytaknyga.lt\/"},{"@type":"ListItem","position":2,"name":"Parduotuv\u0117","item":"https:\/\/skaitytaknyga.lt\/knygu-parduotuve\/"},{"@type":"ListItem","position":3,"name":"Vien\u0105 dien\u0105 surasiu tave. Didysis teatras"}]},{"@type":"WebSite","@id":"https:\/\/skaitytaknyga.lt\/#website","url":"https:\/\/skaitytaknyga.lt\/","name":"skaitytaknyga.lt","description":"Skaitytaknyga.lt \u2013 tai ma\u017eas \u0161eimos verslas, kuris prasid\u0117jo nuo meil\u0117s knygoms ir siekio i\u0161gelb\u0117ti knygas nuo likimo prie konteinerio. Kas vienam nereikalingas daiktas \u2013 kitam lobis, o mes esame tarpininkai, kurie padeda abiems tapti laimingesniems ???? \u017dinome kaip nelengva i\u0161gyventi ma\u017eiems verslams, tad nuo \u0161iol, \u010dia rasite ir kit\u0173, ma\u017e\u0173 \u0161eim\u0173 versl\u0173, rank\u0173 darbo, dovan\u0173 sau ir artimiesiems.","publisher":{"@id":"https:\/\/skaitytaknyga.lt\/#organization"},"potentialAction":[{"@type":"SearchAction","target":{"@type":"EntryPoint","urlTemplate":"https:\/\/skaitytaknyga.lt\/?s={search_term_string}"},"query-input":{"@type":"PropertyValueSpecification","valueRequired":true,"valueName":"search_term_string"}}],"inLanguage":"en-GB"},{"@type":"Organization","@id":"https:\/\/skaitytaknyga.lt\/#organization","name":"skaitytaknyga.lt","url":"https:\/\/skaitytaknyga.lt\/","logo":{"@type":"ImageObject","inLanguage":"en-GB","@id":"https:\/\/skaitytaknyga.lt\/#\/schema\/logo\/image\/","url":"https:\/\/skaitytaknyga.lt\/wp-content\/uploads\/2024\/05\/cropped-cropped-cropped-02_00843_jt3bggkj1j3HLc7SyY6rEUpg.jpeg","contentUrl":"https:\/\/skaitytaknyga.lt\/wp-content\/uploads\/2024\/05\/cropped-cropped-cropped-02_00843_jt3bggkj1j3HLc7SyY6rEUpg.jpeg","width":1600,"height":1600,"caption":"skaitytaknyga.lt"},"image":{"@id":"https:\/\/skaitytaknyga.lt\/#\/schema\/logo\/image\/"},"sameAs":["https:\/\/www.facebook.com\/skaitytaknyga\/"]}]}},"_links":{"self":[{"href":"https:\/\/skaitytaknyga.lt\/en\/wp-json\/wp\/v2\/product\/11745","targetHints":{"allow":["GET"]}}],"collection":[{"href":"https:\/\/skaitytaknyga.lt\/en\/wp-json\/wp\/v2\/product"}],"about":[{"href":"https:\/\/skaitytaknyga.lt\/en\/wp-json\/wp\/v2\/types\/product"}],"replies":[{"embeddable":true,"href":"https:\/\/skaitytaknyga.lt\/en\/wp-json\/wp\/v2\/comments?post=11745"}],"wp:featuredmedia":[{"embeddable":true,"href":"https:\/\/skaitytaknyga.lt\/en\/wp-json\/wp\/v2\/media\/11746"}],"wp:attachment":[{"href":"https:\/\/skaitytaknyga.lt\/en\/wp-json\/wp\/v2\/media?parent=11745"}],"wp:term":[{"taxonomy":"product_brand","embeddable":true,"href":"https:\/\/skaitytaknyga.lt\/en\/wp-json\/wp\/v2\/product_brand?post=11745"},{"taxonomy":"product_cat","embeddable":true,"href":"https:\/\/skaitytaknyga.lt\/en\/wp-json\/wp\/v2\/product_cat?post=11745"},{"taxonomy":"product_tag","embeddable":true,"href":"https:\/\/skaitytaknyga.lt\/en\/wp-json\/wp\/v2\/product_tag?post=11745"}],"curies":[{"name":"wp","href":"https:\/\/api.w.org\/{rel}","templated":true}]}}