{"id":11743,"date":"2024-05-22T11:41:01","date_gmt":"2024-05-22T11:41:01","guid":{"rendered":"https:\/\/skaitytaknyga.lt\/?post_type=product&#038;p=11743"},"modified":"2025-06-12T08:44:39","modified_gmt":"2025-06-12T05:44:39","slug":"tess-gerritsen-nakties-forma","status":"publish","type":"product","link":"https:\/\/skaitytaknyga.lt\/en\/produktas\/tess-gerritsen-nakties-forma\/","title":{"rendered":"Nakties forma (nedidel\u0117s skaitymo \u017eym\u0117s)"},"content":{"rendered":"","protected":false},"excerpt":{"rendered":"<div>Eiva Kolet baud\u017eia save u\u017e nutikusi\u0105 siaubing\u0105 tragedij\u0105. Tod\u0117l i\u0161 Bostono sprunka \u012f Meino paj\u016br\u012f, viename i\u0161 atoki\u0173 valstijos pusiasali\u0173 i\u0161sinuomoja \u201eBrod\u017eio bud\u0117jimu\u201c pramint\u0105 sen\u0105 nam\u0105 ir viliasi, kad jame gal\u0117s padirb\u0117ti prie rengiamos savo recept\u0173 knygos. Nuo\u0161aliame name i\u0161 karto pajunta dvasios ramyb\u0119, bet jau pirm\u0105j\u0105 nakt\u012f moters ausis pasiekia keisti garsai.<\/div>\n<div><\/div>\n<div>Anot legend\u0173, \u0161iame name i\u0161tisus de\u0161imtme\u010dius lankosi j\u016br\u0173 kapitono Brod\u017eio \u0161m\u0117kla. Vien\u0105 nakt\u012f Eiva atsibunda ir prie\u0161ais save pamato nepa\u017e\u012fstam\u0105 vyr\u0105. Tuo pat metu paai\u0161k\u0117ja, kad \u010dionyk\u0161t\u0117se apylink\u0117se pasitaik\u0117 kelios keistos mirtys. Prad\u0117jusi dom\u0117tis m\u012fslingu ankstesn\u0117s nuominink\u0117s dingimu, Eiva staiga suvokia, kad kai kurie miestelio gyventojai \u017e\u016btb\u016bt stengiasi i\u0161saugoti nerim\u0105 kelian\u010di\u0105 paslapt\u012f.<\/div>\n<div><\/div>\n<div>Netrukus visas Eivos dienas pasiglem\u017eia namo istorijos tyrin\u0117jimas, o naktis ima kaitinti vaiduokli\u0161ki kapitono Brod\u017eio apsilankymai. Nors ir suabejodama d\u0117l savo psichikos, Eiva \u017eino, kad privalo atskleisti ties\u0105 anks\u010diau, nei \u017eudikas v\u0117l imsis veiksm\u0173. Eiva supranta, kad kita auka bus ji.<\/div>\n","protected":false},"featured_media":11744,"comment_status":"closed","ping_status":"closed","template":"","meta":{"_acf_changed":false,"site-sidebar-layout":"default","site-content-layout":"","ast-site-content-layout":"default","site-content-style":"default","site-sidebar-style":"default","ast-global-header-display":"","ast-banner-title-visibility":"","ast-main-header-display":"","ast-hfb-above-header-display":"","ast-hfb-below-header-display":"","ast-hfb-mobile-header-display":"","site-post-title":"","ast-breadcrumbs-content":"","ast-featured-img":"","footer-sml-layout":"","ast-disable-related-posts":"","theme-transparent-header-meta":"","adv-header-id-meta":"","stick-header-meta":"","header-above-stick-meta":"","header-main-stick-meta":"","header-below-stick-meta":"","astra-migrate-meta-layouts":"default","ast-page-background-enabled":"default","ast-page-background-meta":{"desktop":{"background-color":"","background-image":"","background-repeat":"repeat","background-position":"center center","background-size":"auto","background-attachment":"scroll","background-type":"","background-media":"","overlay-type":"","overlay-color":"","overlay-opacity":"","overlay-gradient":""},"tablet":{"background-color":"","background-image":"","background-repeat":"repeat","background-position":"center center","background-size":"auto","background-attachment":"scroll","background-type":"","background-media":"","overlay-type":"","overlay-color":"","overlay-opacity":"","overlay-gradient":""},"mobile":{"background-color":"","background-image":"","background-repeat":"repeat","background-position":"center center","background-size":"auto","background-attachment":"scroll","background-type":"","background-media":"","overlay-type":"","overlay-color":"","overlay-opacity":"","overlay-gradient":""}},"ast-content-background-meta":{"desktop":{"background-color":"var(--ast-global-color-4)","background-image":"","background-repeat":"repeat","background-position":"center center","background-size":"auto","background-attachment":"scroll","background-type":"","background-media":"","overlay-type":"","overlay-color":"","overlay-opacity":"","overlay-gradient":""},"tablet":{"background-color":"var(--ast-global-color-4)","background-image":"","background-repeat":"repeat","background-position":"center center","background-size":"auto","background-attachment":"scroll","background-type":"","background-media":"","overlay-type":"","overlay-color":"","overlay-opacity":"","overlay-gradient":""},"mobile":{"background-color":"var(--ast-global-color-4)","background-image":"","background-repeat":"repeat","background-position":"center center","background-size":"auto","background-attachment":"scroll","background-type":"","background-media":"","overlay-type":"","overlay-color":"","overlay-opacity":"","overlay-gradient":""}}},"product_brand":[],"product_cat":[31],"product_tag":[],"class_list":{"0":"post-11743","1":"product","2":"type-product","3":"status-publish","4":"has-post-thumbnail","6":"product_cat-grozine-literatura","7":"desktop-align-left","8":"tablet-align-left","9":"mobile-align-left","11":"first","12":"instock","13":"shipping-taxable","14":"purchasable","15":"product-type-simple"},"acf":[],"yoast_head":"<!-- This site is optimized with the Yoast SEO plugin v27.0 - https:\/\/yoast.com\/product\/yoast-seo-wordpress\/ -->\n<title>Nakties forma (nedidel\u0117s skaitymo \u017eym\u0117s)<\/title>\n<meta name=\"description\" content=\"Eiva Kolet baud\u017eia save u\u017e nutikusi\u0105 siaubing\u0105 tragedij\u0105. Tod\u0117l i\u0161 Bostono sprunka \u012f Meino paj\u016br\u012f, viename i\u0161 atoki\u0173 valstijos pusiasali\u0173 i\u0161sinuomoja \u201eBrod\u017eio bud\u0117jimu\u201c pramint\u0105 sen\u0105 nam\u0105 ir viliasi, kad jame gal\u0117s padirb\u0117ti prie rengiamos savo recept\u0173 knygos. Nuo\u0161aliame name i\u0161 karto pajunta dvasios ramyb\u0119, bet jau pirm\u0105j\u0105 nakt\u012f moters ausis pasiekia keisti garsai.  Anot legend\u0173, \u0161iame name i\u0161tisus de\u0161imtme\u010dius lankosi j\u016br\u0173 kapitono Brod\u017eio \u0161m\u0117kla. Vien\u0105 nakt\u012f Eiva atsibunda ir prie\u0161ais save pamato nepa\u017e\u012fstam\u0105 vyr\u0105. Tuo pat metu paai\u0161k\u0117ja, kad \u010dionyk\u0161t\u0117se apylink\u0117se pasitaik\u0117 kelios keistos mirtys. Prad\u0117jusi dom\u0117tis m\u012fslingu ankstesn\u0117s nuominink\u0117s dingimu, Eiva staiga suvokia, kad kai kurie miestelio gyventojai \u017e\u016btb\u016bt stengiasi i\u0161saugoti nerim\u0105 kelian\u010di\u0105 paslapt\u012f.  Netrukus visas Eivos dienas pasiglem\u017eia namo istorijos tyrin\u0117jimas, o naktis ima kaitinti vaiduokli\u0161ki kapitono Brod\u017eio apsilankymai. Nors ir suabejodama d\u0117l savo psichikos, Eiva \u017eino, kad privalo atskleisti ties\u0105 anks\u010diau, nei \u017eudikas v\u0117l imsis veiksm\u0173. Eiva supranta, kad kita auka bus ji.\" \/>\n<meta name=\"robots\" content=\"index, follow, max-snippet:-1, max-image-preview:large, max-video-preview:-1\" \/>\n<link rel=\"canonical\" href=\"https:\/\/skaitytaknyga.lt\/en\/produktas\/tess-gerritsen-nakties-forma\/\" \/>\n<meta property=\"og:locale\" content=\"en_GB\" \/>\n<meta property=\"og:locale:alternate\" content=\"lt_LT\" \/>\n<meta property=\"og:type\" content=\"article\" \/>\n<meta property=\"og:title\" content=\"Nakties forma (nedidel\u0117s skaitymo \u017eym\u0117s)\" \/>\n<meta property=\"og:description\" content=\"Eiva Kolet baud\u017eia save u\u017e nutikusi\u0105 siaubing\u0105 tragedij\u0105. Tod\u0117l i\u0161 Bostono sprunka \u012f Meino paj\u016br\u012f, viename i\u0161 atoki\u0173 valstijos pusiasali\u0173 i\u0161sinuomoja \u201eBrod\u017eio bud\u0117jimu\u201c pramint\u0105 sen\u0105 nam\u0105 ir viliasi, kad jame gal\u0117s padirb\u0117ti prie rengiamos savo recept\u0173 knygos. Nuo\u0161aliame name i\u0161 karto pajunta dvasios ramyb\u0119, bet jau pirm\u0105j\u0105 nakt\u012f moters ausis pasiekia keisti garsai.  Anot legend\u0173, \u0161iame name i\u0161tisus de\u0161imtme\u010dius lankosi j\u016br\u0173 kapitono Brod\u017eio \u0161m\u0117kla. Vien\u0105 nakt\u012f Eiva atsibunda ir prie\u0161ais save pamato nepa\u017e\u012fstam\u0105 vyr\u0105. Tuo pat metu paai\u0161k\u0117ja, kad \u010dionyk\u0161t\u0117se apylink\u0117se pasitaik\u0117 kelios keistos mirtys. Prad\u0117jusi dom\u0117tis m\u012fslingu ankstesn\u0117s nuominink\u0117s dingimu, Eiva staiga suvokia, kad kai kurie miestelio gyventojai \u017e\u016btb\u016bt stengiasi i\u0161saugoti nerim\u0105 kelian\u010di\u0105 paslapt\u012f.  Netrukus visas Eivos dienas pasiglem\u017eia namo istorijos tyrin\u0117jimas, o naktis ima kaitinti vaiduokli\u0161ki kapitono Brod\u017eio apsilankymai. Nors ir suabejodama d\u0117l savo psichikos, Eiva \u017eino, kad privalo atskleisti ties\u0105 anks\u010diau, nei \u017eudikas v\u0117l imsis veiksm\u0173. Eiva supranta, kad kita auka bus ji.\" \/>\n<meta property=\"og:url\" content=\"https:\/\/skaitytaknyga.lt\/en\/produktas\/tess-gerritsen-nakties-forma\/\" \/>\n<meta property=\"og:site_name\" content=\"Skaitytaknyga\" \/>\n<meta property=\"article:publisher\" content=\"https:\/\/www.facebook.com\/skaitytaknyga\/\" \/>\n<meta property=\"article:modified_time\" content=\"2025-06-12T05:44:39+00:00\" \/>\n<meta property=\"og:image\" content=\"https:\/\/skaitytaknyga.lt\/wp-content\/uploads\/2024\/05\/000000000002181732-c-4-c-1-c4c172ae08679ab06cea5d9cbe2e8cfc82fe0f51_9789955138440.jpg\" \/>\n\t<meta property=\"og:image:width\" content=\"500\" \/>\n\t<meta property=\"og:image:height\" content=\"746\" \/>\n\t<meta property=\"og:image:type\" content=\"image\/jpeg\" \/>\n<meta name=\"twitter:card\" content=\"summary_large_image\" \/>\n<script type=\"application\/ld+json\" class=\"yoast-schema-graph\">{\"@context\":\"https:\/\/schema.org\",\"@graph\":[{\"@type\":\"WebPage\",\"@id\":\"https:\/\/skaitytaknyga.lt\/produktas\/tess-gerritsen-nakties-forma\/\",\"url\":\"https:\/\/skaitytaknyga.lt\/produktas\/tess-gerritsen-nakties-forma\/\",\"name\":\"Nakties forma (nedidel\u0117s skaitymo \u017eym\u0117s)\",\"isPartOf\":{\"@id\":\"https:\/\/skaitytaknyga.lt\/#website\"},\"primaryImageOfPage\":{\"@id\":\"https:\/\/skaitytaknyga.lt\/produktas\/tess-gerritsen-nakties-forma\/#primaryimage\"},\"image\":{\"@id\":\"https:\/\/skaitytaknyga.lt\/produktas\/tess-gerritsen-nakties-forma\/#primaryimage\"},\"thumbnailUrl\":\"https:\/\/skaitytaknyga.lt\/wp-content\/uploads\/2024\/05\/000000000002181732-c-4-c-1-c4c172ae08679ab06cea5d9cbe2e8cfc82fe0f51_9789955138440.jpg\",\"datePublished\":\"2024-05-22T11:41:01+00:00\",\"dateModified\":\"2025-06-12T05:44:39+00:00\",\"description\":\"Eiva Kolet baud\u017eia save u\u017e nutikusi\u0105 siaubing\u0105 tragedij\u0105. Tod\u0117l i\u0161 Bostono sprunka \u012f Meino paj\u016br\u012f, viename i\u0161 atoki\u0173 valstijos pusiasali\u0173 i\u0161sinuomoja \u201eBrod\u017eio bud\u0117jimu\u201c pramint\u0105 sen\u0105 nam\u0105 ir viliasi, kad jame gal\u0117s padirb\u0117ti prie rengiamos savo recept\u0173 knygos. Nuo\u0161aliame name i\u0161 karto pajunta dvasios ramyb\u0119, bet jau pirm\u0105j\u0105 nakt\u012f moters ausis pasiekia keisti garsai. Anot legend\u0173, \u0161iame name i\u0161tisus de\u0161imtme\u010dius lankosi j\u016br\u0173 kapitono Brod\u017eio \u0161m\u0117kla. Vien\u0105 nakt\u012f Eiva atsibunda ir prie\u0161ais save pamato nepa\u017e\u012fstam\u0105 vyr\u0105. Tuo pat metu paai\u0161k\u0117ja, kad \u010dionyk\u0161t\u0117se apylink\u0117se pasitaik\u0117 kelios keistos mirtys. Prad\u0117jusi dom\u0117tis m\u012fslingu ankstesn\u0117s nuominink\u0117s dingimu, Eiva staiga suvokia, kad kai kurie miestelio gyventojai \u017e\u016btb\u016bt stengiasi i\u0161saugoti nerim\u0105 kelian\u010di\u0105 paslapt\u012f. Netrukus visas Eivos dienas pasiglem\u017eia namo istorijos tyrin\u0117jimas, o naktis ima kaitinti vaiduokli\u0161ki kapitono Brod\u017eio apsilankymai. Nors ir suabejodama d\u0117l savo psichikos, Eiva \u017eino, kad privalo atskleisti ties\u0105 anks\u010diau, nei \u017eudikas v\u0117l imsis veiksm\u0173. Eiva supranta, kad kita auka bus ji.\",\"breadcrumb\":{\"@id\":\"https:\/\/skaitytaknyga.lt\/produktas\/tess-gerritsen-nakties-forma\/#breadcrumb\"},\"inLanguage\":\"en-GB\",\"potentialAction\":[{\"@type\":\"ReadAction\",\"target\":[\"https:\/\/skaitytaknyga.lt\/produktas\/tess-gerritsen-nakties-forma\/\"]}]},{\"@type\":\"ImageObject\",\"inLanguage\":\"en-GB\",\"@id\":\"https:\/\/skaitytaknyga.lt\/produktas\/tess-gerritsen-nakties-forma\/#primaryimage\",\"url\":\"https:\/\/skaitytaknyga.lt\/wp-content\/uploads\/2024\/05\/000000000002181732-c-4-c-1-c4c172ae08679ab06cea5d9cbe2e8cfc82fe0f51_9789955138440.jpg\",\"contentUrl\":\"https:\/\/skaitytaknyga.lt\/wp-content\/uploads\/2024\/05\/000000000002181732-c-4-c-1-c4c172ae08679ab06cea5d9cbe2e8cfc82fe0f51_9789955138440.jpg\",\"width\":500,\"height\":746},{\"@type\":\"BreadcrumbList\",\"@id\":\"https:\/\/skaitytaknyga.lt\/produktas\/tess-gerritsen-nakties-forma\/#breadcrumb\",\"itemListElement\":[{\"@type\":\"ListItem\",\"position\":1,\"name\":\"Home\",\"item\":\"https:\/\/skaitytaknyga.lt\/\"},{\"@type\":\"ListItem\",\"position\":2,\"name\":\"Parduotuv\u0117\",\"item\":\"https:\/\/skaitytaknyga.lt\/knygu-parduotuve\/\"},{\"@type\":\"ListItem\",\"position\":3,\"name\":\"Nakties forma (nedidel\u0117s skaitymo \u017eym\u0117s)\"}]},{\"@type\":\"WebSite\",\"@id\":\"https:\/\/skaitytaknyga.lt\/#website\",\"url\":\"https:\/\/skaitytaknyga.lt\/\",\"name\":\"skaitytaknyga.lt\",\"description\":\"Skaitytaknyga.lt \u2013 tai ma\u017eas \u0161eimos verslas, kuris prasid\u0117jo nuo meil\u0117s knygoms ir siekio i\u0161gelb\u0117ti knygas nuo likimo prie konteinerio. Kas vienam nereikalingas daiktas \u2013 kitam lobis, o mes esame tarpininkai, kurie padeda abiems tapti laimingesniems ???? \u017dinome kaip nelengva i\u0161gyventi ma\u017eiems verslams, tad nuo \u0161iol, \u010dia rasite ir kit\u0173, ma\u017e\u0173 \u0161eim\u0173 versl\u0173, rank\u0173 darbo, dovan\u0173 sau ir artimiesiems.\",\"publisher\":{\"@id\":\"https:\/\/skaitytaknyga.lt\/#organization\"},\"potentialAction\":[{\"@type\":\"SearchAction\",\"target\":{\"@type\":\"EntryPoint\",\"urlTemplate\":\"https:\/\/skaitytaknyga.lt\/?s={search_term_string}\"},\"query-input\":{\"@type\":\"PropertyValueSpecification\",\"valueRequired\":true,\"valueName\":\"search_term_string\"}}],\"inLanguage\":\"en-GB\"},{\"@type\":\"Organization\",\"@id\":\"https:\/\/skaitytaknyga.lt\/#organization\",\"name\":\"skaitytaknyga.lt\",\"url\":\"https:\/\/skaitytaknyga.lt\/\",\"logo\":{\"@type\":\"ImageObject\",\"inLanguage\":\"en-GB\",\"@id\":\"https:\/\/skaitytaknyga.lt\/#\/schema\/logo\/image\/\",\"url\":\"https:\/\/skaitytaknyga.lt\/wp-content\/uploads\/2024\/05\/cropped-cropped-cropped-02_00843_jt3bggkj1j3HLc7SyY6rEUpg.jpeg\",\"contentUrl\":\"https:\/\/skaitytaknyga.lt\/wp-content\/uploads\/2024\/05\/cropped-cropped-cropped-02_00843_jt3bggkj1j3HLc7SyY6rEUpg.jpeg\",\"width\":1600,\"height\":1600,\"caption\":\"skaitytaknyga.lt\"},\"image\":{\"@id\":\"https:\/\/skaitytaknyga.lt\/#\/schema\/logo\/image\/\"},\"sameAs\":[\"https:\/\/www.facebook.com\/skaitytaknyga\/\"]}]}<\/script>\n<!-- \/ Yoast SEO plugin. -->","yoast_head_json":{"title":"Nakties forma (nedidel\u0117s skaitymo \u017eym\u0117s)","description":"Eiva Kolet baud\u017eia save u\u017e nutikusi\u0105 siaubing\u0105 tragedij\u0105. Tod\u0117l i\u0161 Bostono sprunka \u012f Meino paj\u016br\u012f, viename i\u0161 atoki\u0173 valstijos pusiasali\u0173 i\u0161sinuomoja \u201eBrod\u017eio bud\u0117jimu\u201c pramint\u0105 sen\u0105 nam\u0105 ir viliasi, kad jame gal\u0117s padirb\u0117ti prie rengiamos savo recept\u0173 knygos. Nuo\u0161aliame name i\u0161 karto pajunta dvasios ramyb\u0119, bet jau pirm\u0105j\u0105 nakt\u012f moters ausis pasiekia keisti garsai.  Anot legend\u0173, \u0161iame name i\u0161tisus de\u0161imtme\u010dius lankosi j\u016br\u0173 kapitono Brod\u017eio \u0161m\u0117kla. Vien\u0105 nakt\u012f Eiva atsibunda ir prie\u0161ais save pamato nepa\u017e\u012fstam\u0105 vyr\u0105. Tuo pat metu paai\u0161k\u0117ja, kad \u010dionyk\u0161t\u0117se apylink\u0117se pasitaik\u0117 kelios keistos mirtys. Prad\u0117jusi dom\u0117tis m\u012fslingu ankstesn\u0117s nuominink\u0117s dingimu, Eiva staiga suvokia, kad kai kurie miestelio gyventojai \u017e\u016btb\u016bt stengiasi i\u0161saugoti nerim\u0105 kelian\u010di\u0105 paslapt\u012f.  Netrukus visas Eivos dienas pasiglem\u017eia namo istorijos tyrin\u0117jimas, o naktis ima kaitinti vaiduokli\u0161ki kapitono Brod\u017eio apsilankymai. Nors ir suabejodama d\u0117l savo psichikos, Eiva \u017eino, kad privalo atskleisti ties\u0105 anks\u010diau, nei \u017eudikas v\u0117l imsis veiksm\u0173. Eiva supranta, kad kita auka bus ji.","robots":{"index":"index","follow":"follow","max-snippet":"max-snippet:-1","max-image-preview":"max-image-preview:large","max-video-preview":"max-video-preview:-1"},"canonical":"https:\/\/skaitytaknyga.lt\/en\/produktas\/tess-gerritsen-nakties-forma\/","og_locale":"en_GB","og_type":"article","og_title":"[:lt]Nakties forma (nedidel\u0117s skaitymo \u017eym\u0117s)[:] - Skaitytaknyga","og_description":"Eiva Kolet baud\u017eia save u\u017e nutikusi\u0105 siaubing\u0105 tragedij\u0105. Tod\u0117l i\u0161 Bostono sprunka \u012f Meino paj\u016br\u012f, viename i\u0161 atoki\u0173 valstijos pusiasali\u0173 i\u0161sinuomoja \u201eBrod\u017eio bud\u0117jimu\u201c pramint\u0105 sen\u0105 nam\u0105 ir viliasi, kad jame gal\u0117s padirb\u0117ti prie rengiamos savo recept\u0173 knygos. Nuo\u0161aliame name i\u0161 karto pajunta dvasios ramyb\u0119, bet jau pirm\u0105j\u0105 nakt\u012f moters ausis pasiekia keisti garsai.  Anot legend\u0173, \u0161iame name i\u0161tisus de\u0161imtme\u010dius lankosi j\u016br\u0173 kapitono Brod\u017eio \u0161m\u0117kla. Vien\u0105 nakt\u012f Eiva atsibunda ir prie\u0161ais save pamato nepa\u017e\u012fstam\u0105 vyr\u0105. Tuo pat metu paai\u0161k\u0117ja, kad \u010dionyk\u0161t\u0117se apylink\u0117se pasitaik\u0117 kelios keistos mirtys. Prad\u0117jusi dom\u0117tis m\u012fslingu ankstesn\u0117s nuominink\u0117s dingimu, Eiva staiga suvokia, kad kai kurie miestelio gyventojai \u017e\u016btb\u016bt stengiasi i\u0161saugoti nerim\u0105 kelian\u010di\u0105 paslapt\u012f.  Netrukus visas Eivos dienas pasiglem\u017eia namo istorijos tyrin\u0117jimas, o naktis ima kaitinti vaiduokli\u0161ki kapitono Brod\u017eio apsilankymai. Nors ir suabejodama d\u0117l savo psichikos, Eiva \u017eino, kad privalo atskleisti ties\u0105 anks\u010diau, nei \u017eudikas v\u0117l imsis veiksm\u0173. Eiva supranta, kad kita auka bus ji.","og_url":"https:\/\/skaitytaknyga.lt\/en\/produktas\/tess-gerritsen-nakties-forma\/","og_site_name":"Skaitytaknyga","article_publisher":"https:\/\/www.facebook.com\/skaitytaknyga\/","article_modified_time":"2025-06-12T05:44:39+00:00","og_image":[{"width":500,"height":746,"url":"https:\/\/skaitytaknyga.lt\/wp-content\/uploads\/2024\/05\/000000000002181732-c-4-c-1-c4c172ae08679ab06cea5d9cbe2e8cfc82fe0f51_9789955138440.jpg","type":"image\/jpeg"}],"twitter_card":"summary_large_image","schema":{"@context":"https:\/\/schema.org","@graph":[{"@type":"WebPage","@id":"https:\/\/skaitytaknyga.lt\/produktas\/tess-gerritsen-nakties-forma\/","url":"https:\/\/skaitytaknyga.lt\/produktas\/tess-gerritsen-nakties-forma\/","name":"Nakties forma (nedidel\u0117s skaitymo \u017eym\u0117s)","isPartOf":{"@id":"https:\/\/skaitytaknyga.lt\/#website"},"primaryImageOfPage":{"@id":"https:\/\/skaitytaknyga.lt\/produktas\/tess-gerritsen-nakties-forma\/#primaryimage"},"image":{"@id":"https:\/\/skaitytaknyga.lt\/produktas\/tess-gerritsen-nakties-forma\/#primaryimage"},"thumbnailUrl":"https:\/\/skaitytaknyga.lt\/wp-content\/uploads\/2024\/05\/000000000002181732-c-4-c-1-c4c172ae08679ab06cea5d9cbe2e8cfc82fe0f51_9789955138440.jpg","datePublished":"2024-05-22T11:41:01+00:00","dateModified":"2025-06-12T05:44:39+00:00","description":"Eiva Kolet baud\u017eia save u\u017e nutikusi\u0105 siaubing\u0105 tragedij\u0105. Tod\u0117l i\u0161 Bostono sprunka \u012f Meino paj\u016br\u012f, viename i\u0161 atoki\u0173 valstijos pusiasali\u0173 i\u0161sinuomoja \u201eBrod\u017eio bud\u0117jimu\u201c pramint\u0105 sen\u0105 nam\u0105 ir viliasi, kad jame gal\u0117s padirb\u0117ti prie rengiamos savo recept\u0173 knygos. Nuo\u0161aliame name i\u0161 karto pajunta dvasios ramyb\u0119, bet jau pirm\u0105j\u0105 nakt\u012f moters ausis pasiekia keisti garsai. Anot legend\u0173, \u0161iame name i\u0161tisus de\u0161imtme\u010dius lankosi j\u016br\u0173 kapitono Brod\u017eio \u0161m\u0117kla. Vien\u0105 nakt\u012f Eiva atsibunda ir prie\u0161ais save pamato nepa\u017e\u012fstam\u0105 vyr\u0105. Tuo pat metu paai\u0161k\u0117ja, kad \u010dionyk\u0161t\u0117se apylink\u0117se pasitaik\u0117 kelios keistos mirtys. Prad\u0117jusi dom\u0117tis m\u012fslingu ankstesn\u0117s nuominink\u0117s dingimu, Eiva staiga suvokia, kad kai kurie miestelio gyventojai \u017e\u016btb\u016bt stengiasi i\u0161saugoti nerim\u0105 kelian\u010di\u0105 paslapt\u012f. Netrukus visas Eivos dienas pasiglem\u017eia namo istorijos tyrin\u0117jimas, o naktis ima kaitinti vaiduokli\u0161ki kapitono Brod\u017eio apsilankymai. Nors ir suabejodama d\u0117l savo psichikos, Eiva \u017eino, kad privalo atskleisti ties\u0105 anks\u010diau, nei \u017eudikas v\u0117l imsis veiksm\u0173. Eiva supranta, kad kita auka bus ji.","breadcrumb":{"@id":"https:\/\/skaitytaknyga.lt\/produktas\/tess-gerritsen-nakties-forma\/#breadcrumb"},"inLanguage":"en-GB","potentialAction":[{"@type":"ReadAction","target":["https:\/\/skaitytaknyga.lt\/produktas\/tess-gerritsen-nakties-forma\/"]}]},{"@type":"ImageObject","inLanguage":"en-GB","@id":"https:\/\/skaitytaknyga.lt\/produktas\/tess-gerritsen-nakties-forma\/#primaryimage","url":"https:\/\/skaitytaknyga.lt\/wp-content\/uploads\/2024\/05\/000000000002181732-c-4-c-1-c4c172ae08679ab06cea5d9cbe2e8cfc82fe0f51_9789955138440.jpg","contentUrl":"https:\/\/skaitytaknyga.lt\/wp-content\/uploads\/2024\/05\/000000000002181732-c-4-c-1-c4c172ae08679ab06cea5d9cbe2e8cfc82fe0f51_9789955138440.jpg","width":500,"height":746},{"@type":"BreadcrumbList","@id":"https:\/\/skaitytaknyga.lt\/produktas\/tess-gerritsen-nakties-forma\/#breadcrumb","itemListElement":[{"@type":"ListItem","position":1,"name":"Home","item":"https:\/\/skaitytaknyga.lt\/"},{"@type":"ListItem","position":2,"name":"Parduotuv\u0117","item":"https:\/\/skaitytaknyga.lt\/knygu-parduotuve\/"},{"@type":"ListItem","position":3,"name":"Nakties forma (nedidel\u0117s skaitymo \u017eym\u0117s)"}]},{"@type":"WebSite","@id":"https:\/\/skaitytaknyga.lt\/#website","url":"https:\/\/skaitytaknyga.lt\/","name":"skaitytaknyga.lt","description":"Skaitytaknyga.lt \u2013 tai ma\u017eas \u0161eimos verslas, kuris prasid\u0117jo nuo meil\u0117s knygoms ir siekio i\u0161gelb\u0117ti knygas nuo likimo prie konteinerio. Kas vienam nereikalingas daiktas \u2013 kitam lobis, o mes esame tarpininkai, kurie padeda abiems tapti laimingesniems ???? \u017dinome kaip nelengva i\u0161gyventi ma\u017eiems verslams, tad nuo \u0161iol, \u010dia rasite ir kit\u0173, ma\u017e\u0173 \u0161eim\u0173 versl\u0173, rank\u0173 darbo, dovan\u0173 sau ir artimiesiems.","publisher":{"@id":"https:\/\/skaitytaknyga.lt\/#organization"},"potentialAction":[{"@type":"SearchAction","target":{"@type":"EntryPoint","urlTemplate":"https:\/\/skaitytaknyga.lt\/?s={search_term_string}"},"query-input":{"@type":"PropertyValueSpecification","valueRequired":true,"valueName":"search_term_string"}}],"inLanguage":"en-GB"},{"@type":"Organization","@id":"https:\/\/skaitytaknyga.lt\/#organization","name":"skaitytaknyga.lt","url":"https:\/\/skaitytaknyga.lt\/","logo":{"@type":"ImageObject","inLanguage":"en-GB","@id":"https:\/\/skaitytaknyga.lt\/#\/schema\/logo\/image\/","url":"https:\/\/skaitytaknyga.lt\/wp-content\/uploads\/2024\/05\/cropped-cropped-cropped-02_00843_jt3bggkj1j3HLc7SyY6rEUpg.jpeg","contentUrl":"https:\/\/skaitytaknyga.lt\/wp-content\/uploads\/2024\/05\/cropped-cropped-cropped-02_00843_jt3bggkj1j3HLc7SyY6rEUpg.jpeg","width":1600,"height":1600,"caption":"skaitytaknyga.lt"},"image":{"@id":"https:\/\/skaitytaknyga.lt\/#\/schema\/logo\/image\/"},"sameAs":["https:\/\/www.facebook.com\/skaitytaknyga\/"]}]}},"_links":{"self":[{"href":"https:\/\/skaitytaknyga.lt\/en\/wp-json\/wp\/v2\/product\/11743","targetHints":{"allow":["GET"]}}],"collection":[{"href":"https:\/\/skaitytaknyga.lt\/en\/wp-json\/wp\/v2\/product"}],"about":[{"href":"https:\/\/skaitytaknyga.lt\/en\/wp-json\/wp\/v2\/types\/product"}],"replies":[{"embeddable":true,"href":"https:\/\/skaitytaknyga.lt\/en\/wp-json\/wp\/v2\/comments?post=11743"}],"wp:featuredmedia":[{"embeddable":true,"href":"https:\/\/skaitytaknyga.lt\/en\/wp-json\/wp\/v2\/media\/11744"}],"wp:attachment":[{"href":"https:\/\/skaitytaknyga.lt\/en\/wp-json\/wp\/v2\/media?parent=11743"}],"wp:term":[{"taxonomy":"product_brand","embeddable":true,"href":"https:\/\/skaitytaknyga.lt\/en\/wp-json\/wp\/v2\/product_brand?post=11743"},{"taxonomy":"product_cat","embeddable":true,"href":"https:\/\/skaitytaknyga.lt\/en\/wp-json\/wp\/v2\/product_cat?post=11743"},{"taxonomy":"product_tag","embeddable":true,"href":"https:\/\/skaitytaknyga.lt\/en\/wp-json\/wp\/v2\/product_tag?post=11743"}],"curies":[{"name":"wp","href":"https:\/\/api.w.org\/{rel}","templated":true}]}}