{"id":11741,"date":"2024-05-22T11:34:22","date_gmt":"2024-05-22T11:34:22","guid":{"rendered":"https:\/\/skaitytaknyga.lt\/?post_type=product&#038;p=11741"},"modified":"2024-05-22T11:35:57","modified_gmt":"2024-05-22T11:35:57","slug":"juozas-erlickas-pranasystes","status":"publish","type":"product","link":"https:\/\/skaitytaknyga.lt\/en\/produktas\/juozas-erlickas-pranasystes\/","title":{"rendered":"Juozas Erlickas \u201ePrana\u0161yst\u0117s\u201c"},"content":{"rendered":"","protected":false},"excerpt":{"rendered":"<p><b>&#8220;Prana\u0161yst\u0117s&#8221;\u00a0<\/b>&#8211; tai knyga, kuri pakeis J\u016bs\u0173 charakter\u012f, gyvenimo b\u016bd\u0105, o gal net gyvenam\u0105j\u0105 viet\u0105.<\/p>\n<p><i>K. Kaip sek\u0117si ra\u0161yti?<br \/>\nJ. E. Gerai. Bet, ai\u0161ku, stengiaus, kad neb\u016bt\u0173 pernelyg gerai. Mat jei perskait\u0119 knyg\u0105 visi tik sk\u0117s\u010dios rankom: \u201eGeriau jau nebegali b\u016bti!\u201c, tai kitos mano knygos nebeskaitys. A\u0161 noriu palikti vilt\u012f.<br \/>\nK. K\u0105 reik\u0117t\u0173 \u017einoti \u017emon\u0117ms, kurie J\u016bs\u0173 knyg\u0105 atsivers pirm\u0105syk?<br \/>\nJ. E. \u017dmon\u0117s gali nieko ne\u017einoti. Viskas jiems ten bus paai\u0161kinta.<br \/>\nK. K\u0105 daryti tiems, kurie knygos nesp\u0117s \u012fsigyti?<br \/>\nJ. E. Nieko nebepadarysi. Teks susitaikyti su mintimi, kad gyvenimas pra\u0117jo pro \u0161al\u012f.<\/i><\/p>\n","protected":false},"featured_media":11742,"comment_status":"closed","ping_status":"closed","template":"","meta":{"_acf_changed":false,"site-sidebar-layout":"default","site-content-layout":"","ast-site-content-layout":"default","site-content-style":"default","site-sidebar-style":"default","ast-global-header-display":"","ast-banner-title-visibility":"","ast-main-header-display":"","ast-hfb-above-header-display":"","ast-hfb-below-header-display":"","ast-hfb-mobile-header-display":"","site-post-title":"","ast-breadcrumbs-content":"","ast-featured-img":"","footer-sml-layout":"","ast-disable-related-posts":"","theme-transparent-header-meta":"","adv-header-id-meta":"","stick-header-meta":"","header-above-stick-meta":"","header-main-stick-meta":"","header-below-stick-meta":"","astra-migrate-meta-layouts":"default","ast-page-background-enabled":"default","ast-page-background-meta":{"desktop":{"background-color":"","background-image":"","background-repeat":"repeat","background-position":"center center","background-size":"auto","background-attachment":"scroll","background-type":"","background-media":"","overlay-type":"","overlay-color":"","overlay-opacity":"","overlay-gradient":""},"tablet":{"background-color":"","background-image":"","background-repeat":"repeat","background-position":"center center","background-size":"auto","background-attachment":"scroll","background-type":"","background-media":"","overlay-type":"","overlay-color":"","overlay-opacity":"","overlay-gradient":""},"mobile":{"background-color":"","background-image":"","background-repeat":"repeat","background-position":"center center","background-size":"auto","background-attachment":"scroll","background-type":"","background-media":"","overlay-type":"","overlay-color":"","overlay-opacity":"","overlay-gradient":""}},"ast-content-background-meta":{"desktop":{"background-color":"var(--ast-global-color-4)","background-image":"","background-repeat":"repeat","background-position":"center center","background-size":"auto","background-attachment":"scroll","background-type":"","background-media":"","overlay-type":"","overlay-color":"","overlay-opacity":"","overlay-gradient":""},"tablet":{"background-color":"var(--ast-global-color-4)","background-image":"","background-repeat":"repeat","background-position":"center center","background-size":"auto","background-attachment":"scroll","background-type":"","background-media":"","overlay-type":"","overlay-color":"","overlay-opacity":"","overlay-gradient":""},"mobile":{"background-color":"var(--ast-global-color-4)","background-image":"","background-repeat":"repeat","background-position":"center center","background-size":"auto","background-attachment":"scroll","background-type":"","background-media":"","overlay-type":"","overlay-color":"","overlay-opacity":"","overlay-gradient":""}}},"product_brand":[],"product_cat":[31],"product_tag":[],"class_list":{"0":"post-11741","1":"product","2":"type-product","3":"status-publish","4":"has-post-thumbnail","6":"product_cat-grozine-literatura","7":"pa_leidimo-metai-645","8":"desktop-align-left","9":"tablet-align-left","10":"mobile-align-left","12":"first","13":"instock","14":"shipping-taxable","15":"purchasable","16":"product-type-simple"},"acf":[],"yoast_head":"<!-- This site is optimized with the Yoast SEO plugin v27.4 - https:\/\/yoast.com\/product\/yoast-seo-wordpress\/ -->\n<title>Juozas Erlickas \u201ePrana\u0161yst\u0117s\u201c - Skaitytaknyga<\/title>\n<meta name=\"description\" content=\"&quot;Prana\u0161yst\u0117s&quot;\u00a0- tai knyga, kuri pakeis J\u016bs\u0173 charakter\u012f, gyvenimo b\u016bd\u0105, o gal net gyvenam\u0105j\u0105 viet\u0105.  K. Kaip sek\u0117si ra\u0161yti? J. E. Gerai. Bet, ai\u0161ku, stengiaus, kad neb\u016bt\u0173 pernelyg gerai. Mat jei perskait\u0119 knyg\u0105 visi tik sk\u0117s\u010dios rankom: \u201eGeriau jau nebegali b\u016bti!\u201c, tai kitos mano knygos nebeskaitys. A\u0161 noriu palikti vilt\u012f. K. K\u0105 reik\u0117t\u0173 \u017einoti \u017emon\u0117ms, kurie J\u016bs\u0173 knyg\u0105 atsivers pirm\u0105syk? J. E. \u017dmon\u0117s gali nieko ne\u017einoti. Viskas jiems ten bus paai\u0161kinta. K. K\u0105 daryti tiems, kurie knygos nesp\u0117s \u012fsigyti? J. E. Nieko nebepadarysi. Teks susitaikyti su mintimi, kad gyvenimas pra\u0117jo pro \u0161al\u012f.\" \/>\n<meta name=\"robots\" content=\"index, follow, max-snippet:-1, max-image-preview:large, max-video-preview:-1\" \/>\n<link rel=\"canonical\" href=\"https:\/\/skaitytaknyga.lt\/en\/produktas\/juozas-erlickas-pranasystes\/\" \/>\n<meta property=\"og:locale\" content=\"en_GB\" \/>\n<meta property=\"og:locale:alternate\" content=\"lt_LT\" \/>\n<meta property=\"og:type\" content=\"article\" \/>\n<meta property=\"og:title\" content=\"Juozas Erlickas \u201ePrana\u0161yst\u0117s\u201c - Skaitytaknyga\" \/>\n<meta property=\"og:description\" content=\"&quot;Prana\u0161yst\u0117s&quot;\u00a0- tai knyga, kuri pakeis J\u016bs\u0173 charakter\u012f, gyvenimo b\u016bd\u0105, o gal net gyvenam\u0105j\u0105 viet\u0105.  K. Kaip sek\u0117si ra\u0161yti? J. E. Gerai. Bet, ai\u0161ku, stengiaus, kad neb\u016bt\u0173 pernelyg gerai. Mat jei perskait\u0119 knyg\u0105 visi tik sk\u0117s\u010dios rankom: \u201eGeriau jau nebegali b\u016bti!\u201c, tai kitos mano knygos nebeskaitys. A\u0161 noriu palikti vilt\u012f. K. K\u0105 reik\u0117t\u0173 \u017einoti \u017emon\u0117ms, kurie J\u016bs\u0173 knyg\u0105 atsivers pirm\u0105syk? J. E. \u017dmon\u0117s gali nieko ne\u017einoti. Viskas jiems ten bus paai\u0161kinta. K. K\u0105 daryti tiems, kurie knygos nesp\u0117s \u012fsigyti? J. E. Nieko nebepadarysi. Teks susitaikyti su mintimi, kad gyvenimas pra\u0117jo pro \u0161al\u012f.\" \/>\n<meta property=\"og:url\" content=\"https:\/\/skaitytaknyga.lt\/en\/produktas\/juozas-erlickas-pranasystes\/\" \/>\n<meta property=\"og:site_name\" content=\"Skaitytaknyga\" \/>\n<meta property=\"article:publisher\" content=\"https:\/\/www.facebook.com\/skaitytaknyga\/\" \/>\n<meta property=\"article:modified_time\" content=\"2024-05-22T11:35:57+00:00\" \/>\n<meta property=\"og:image\" content=\"https:\/\/skaitytaknyga.lt\/wp-content\/uploads\/2024\/05\/image_1271.jpg\" \/>\n\t<meta property=\"og:image:width\" content=\"414\" \/>\n\t<meta property=\"og:image:height\" content=\"580\" \/>\n\t<meta property=\"og:image:type\" content=\"image\/jpeg\" \/>\n<meta name=\"twitter:card\" content=\"summary_large_image\" \/>\n<script type=\"application\/ld+json\" class=\"yoast-schema-graph\">{\"@context\":\"https:\\\/\\\/schema.org\",\"@graph\":[{\"@type\":\"WebPage\",\"@id\":\"https:\\\/\\\/skaitytaknyga.lt\\\/produktas\\\/juozas-erlickas-pranasystes\\\/\",\"url\":\"https:\\\/\\\/skaitytaknyga.lt\\\/produktas\\\/juozas-erlickas-pranasystes\\\/\",\"name\":\"Juozas Erlickas \u201ePrana\u0161yst\u0117s\u201c - Skaitytaknyga\",\"isPartOf\":{\"@id\":\"https:\\\/\\\/skaitytaknyga.lt\\\/#website\"},\"primaryImageOfPage\":{\"@id\":\"https:\\\/\\\/skaitytaknyga.lt\\\/produktas\\\/juozas-erlickas-pranasystes\\\/#primaryimage\"},\"image\":{\"@id\":\"https:\\\/\\\/skaitytaknyga.lt\\\/produktas\\\/juozas-erlickas-pranasystes\\\/#primaryimage\"},\"thumbnailUrl\":\"https:\\\/\\\/skaitytaknyga.lt\\\/wp-content\\\/uploads\\\/2024\\\/05\\\/image_1271.jpg\",\"datePublished\":\"2024-05-22T11:34:22+00:00\",\"dateModified\":\"2024-05-22T11:35:57+00:00\",\"description\":\"\\\"Prana\u0161yst\u0117s\\\"\u00a0- tai knyga, kuri pakeis J\u016bs\u0173 charakter\u012f, gyvenimo b\u016bd\u0105, o gal net gyvenam\u0105j\u0105 viet\u0105. K. Kaip sek\u0117si ra\u0161yti? J. E. Gerai. Bet, ai\u0161ku, stengiaus, kad neb\u016bt\u0173 pernelyg gerai. Mat jei perskait\u0119 knyg\u0105 visi tik sk\u0117s\u010dios rankom: \u201eGeriau jau nebegali b\u016bti!\u201c, tai kitos mano knygos nebeskaitys. A\u0161 noriu palikti vilt\u012f. K. K\u0105 reik\u0117t\u0173 \u017einoti \u017emon\u0117ms, kurie J\u016bs\u0173 knyg\u0105 atsivers pirm\u0105syk? J. E. \u017dmon\u0117s gali nieko ne\u017einoti. Viskas jiems ten bus paai\u0161kinta. K. K\u0105 daryti tiems, kurie knygos nesp\u0117s \u012fsigyti? J. E. Nieko nebepadarysi. Teks susitaikyti su mintimi, kad gyvenimas pra\u0117jo pro \u0161al\u012f.\",\"breadcrumb\":{\"@id\":\"https:\\\/\\\/skaitytaknyga.lt\\\/produktas\\\/juozas-erlickas-pranasystes\\\/#breadcrumb\"},\"inLanguage\":\"en-GB\",\"potentialAction\":[{\"@type\":\"ReadAction\",\"target\":[\"https:\\\/\\\/skaitytaknyga.lt\\\/produktas\\\/juozas-erlickas-pranasystes\\\/\"]}]},{\"@type\":\"ImageObject\",\"inLanguage\":\"en-GB\",\"@id\":\"https:\\\/\\\/skaitytaknyga.lt\\\/produktas\\\/juozas-erlickas-pranasystes\\\/#primaryimage\",\"url\":\"https:\\\/\\\/skaitytaknyga.lt\\\/wp-content\\\/uploads\\\/2024\\\/05\\\/image_1271.jpg\",\"contentUrl\":\"https:\\\/\\\/skaitytaknyga.lt\\\/wp-content\\\/uploads\\\/2024\\\/05\\\/image_1271.jpg\",\"width\":414,\"height\":580},{\"@type\":\"BreadcrumbList\",\"@id\":\"https:\\\/\\\/skaitytaknyga.lt\\\/produktas\\\/juozas-erlickas-pranasystes\\\/#breadcrumb\",\"itemListElement\":[{\"@type\":\"ListItem\",\"position\":1,\"name\":\"Home\",\"item\":\"https:\\\/\\\/skaitytaknyga.lt\\\/\"},{\"@type\":\"ListItem\",\"position\":2,\"name\":\"Parduotuv\u0117\",\"item\":\"https:\\\/\\\/skaitytaknyga.lt\\\/knygu-parduotuve\\\/\"},{\"@type\":\"ListItem\",\"position\":3,\"name\":\"Juozas Erlickas \u201ePrana\u0161yst\u0117s\u201c\"}]},{\"@type\":\"WebSite\",\"@id\":\"https:\\\/\\\/skaitytaknyga.lt\\\/#website\",\"url\":\"https:\\\/\\\/skaitytaknyga.lt\\\/\",\"name\":\"skaitytaknyga.lt\",\"description\":\"Skaitytaknyga.lt \u2013 tai ma\u017eas \u0161eimos verslas, kuris prasid\u0117jo nuo meil\u0117s knygoms ir siekio i\u0161gelb\u0117ti knygas nuo likimo prie konteinerio. Kas vienam nereikalingas daiktas \u2013 kitam lobis, o mes esame tarpininkai, kurie padeda abiems tapti laimingesniems ???? \u017dinome kaip nelengva i\u0161gyventi ma\u017eiems verslams, tad nuo \u0161iol, \u010dia rasite ir kit\u0173, ma\u017e\u0173 \u0161eim\u0173 versl\u0173, rank\u0173 darbo, dovan\u0173 sau ir artimiesiems.\",\"publisher\":{\"@id\":\"https:\\\/\\\/skaitytaknyga.lt\\\/#organization\"},\"potentialAction\":[{\"@type\":\"SearchAction\",\"target\":{\"@type\":\"EntryPoint\",\"urlTemplate\":\"https:\\\/\\\/skaitytaknyga.lt\\\/?s={search_term_string}\"},\"query-input\":{\"@type\":\"PropertyValueSpecification\",\"valueRequired\":true,\"valueName\":\"search_term_string\"}}],\"inLanguage\":\"en-GB\"},{\"@type\":\"Organization\",\"@id\":\"https:\\\/\\\/skaitytaknyga.lt\\\/#organization\",\"name\":\"skaitytaknyga.lt\",\"url\":\"https:\\\/\\\/skaitytaknyga.lt\\\/\",\"logo\":{\"@type\":\"ImageObject\",\"inLanguage\":\"en-GB\",\"@id\":\"https:\\\/\\\/skaitytaknyga.lt\\\/#\\\/schema\\\/logo\\\/image\\\/\",\"url\":\"https:\\\/\\\/skaitytaknyga.lt\\\/wp-content\\\/uploads\\\/2024\\\/05\\\/cropped-cropped-cropped-02_00843_jt3bggkj1j3HLc7SyY6rEUpg.jpeg\",\"contentUrl\":\"https:\\\/\\\/skaitytaknyga.lt\\\/wp-content\\\/uploads\\\/2024\\\/05\\\/cropped-cropped-cropped-02_00843_jt3bggkj1j3HLc7SyY6rEUpg.jpeg\",\"width\":1600,\"height\":1600,\"caption\":\"skaitytaknyga.lt\"},\"image\":{\"@id\":\"https:\\\/\\\/skaitytaknyga.lt\\\/#\\\/schema\\\/logo\\\/image\\\/\"},\"sameAs\":[\"https:\\\/\\\/www.facebook.com\\\/skaitytaknyga\\\/\"]}]}<\/script>\n<!-- \/ Yoast SEO plugin. -->","yoast_head_json":{"title":"Juozas Erlickas \u201ePrana\u0161yst\u0117s\u201c - Skaitytaknyga","description":"\"Prana\u0161yst\u0117s\"\u00a0- tai knyga, kuri pakeis J\u016bs\u0173 charakter\u012f, gyvenimo b\u016bd\u0105, o gal net gyvenam\u0105j\u0105 viet\u0105.  K. Kaip sek\u0117si ra\u0161yti? J. E. Gerai. Bet, ai\u0161ku, stengiaus, kad neb\u016bt\u0173 pernelyg gerai. Mat jei perskait\u0119 knyg\u0105 visi tik sk\u0117s\u010dios rankom: \u201eGeriau jau nebegali b\u016bti!\u201c, tai kitos mano knygos nebeskaitys. A\u0161 noriu palikti vilt\u012f. K. K\u0105 reik\u0117t\u0173 \u017einoti \u017emon\u0117ms, kurie J\u016bs\u0173 knyg\u0105 atsivers pirm\u0105syk? J. E. \u017dmon\u0117s gali nieko ne\u017einoti. Viskas jiems ten bus paai\u0161kinta. K. K\u0105 daryti tiems, kurie knygos nesp\u0117s \u012fsigyti? J. E. Nieko nebepadarysi. Teks susitaikyti su mintimi, kad gyvenimas pra\u0117jo pro \u0161al\u012f.","robots":{"index":"index","follow":"follow","max-snippet":"max-snippet:-1","max-image-preview":"max-image-preview:large","max-video-preview":"max-video-preview:-1"},"canonical":"https:\/\/skaitytaknyga.lt\/en\/produktas\/juozas-erlickas-pranasystes\/","og_locale":"en_GB","og_type":"article","og_title":"Juozas Erlickas \u201ePrana\u0161yst\u0117s\u201c - Skaitytaknyga","og_description":"\"Prana\u0161yst\u0117s\"\u00a0- tai knyga, kuri pakeis J\u016bs\u0173 charakter\u012f, gyvenimo b\u016bd\u0105, o gal net gyvenam\u0105j\u0105 viet\u0105.  K. Kaip sek\u0117si ra\u0161yti? J. E. Gerai. Bet, ai\u0161ku, stengiaus, kad neb\u016bt\u0173 pernelyg gerai. Mat jei perskait\u0119 knyg\u0105 visi tik sk\u0117s\u010dios rankom: \u201eGeriau jau nebegali b\u016bti!\u201c, tai kitos mano knygos nebeskaitys. A\u0161 noriu palikti vilt\u012f. K. K\u0105 reik\u0117t\u0173 \u017einoti \u017emon\u0117ms, kurie J\u016bs\u0173 knyg\u0105 atsivers pirm\u0105syk? J. E. \u017dmon\u0117s gali nieko ne\u017einoti. Viskas jiems ten bus paai\u0161kinta. K. K\u0105 daryti tiems, kurie knygos nesp\u0117s \u012fsigyti? J. E. Nieko nebepadarysi. Teks susitaikyti su mintimi, kad gyvenimas pra\u0117jo pro \u0161al\u012f.","og_url":"https:\/\/skaitytaknyga.lt\/en\/produktas\/juozas-erlickas-pranasystes\/","og_site_name":"Skaitytaknyga","article_publisher":"https:\/\/www.facebook.com\/skaitytaknyga\/","article_modified_time":"2024-05-22T11:35:57+00:00","og_image":[{"width":414,"height":580,"url":"https:\/\/skaitytaknyga.lt\/wp-content\/uploads\/2024\/05\/image_1271.jpg","type":"image\/jpeg"}],"twitter_card":"summary_large_image","schema":{"@context":"https:\/\/schema.org","@graph":[{"@type":"WebPage","@id":"https:\/\/skaitytaknyga.lt\/produktas\/juozas-erlickas-pranasystes\/","url":"https:\/\/skaitytaknyga.lt\/produktas\/juozas-erlickas-pranasystes\/","name":"Juozas Erlickas \u201ePrana\u0161yst\u0117s\u201c - Skaitytaknyga","isPartOf":{"@id":"https:\/\/skaitytaknyga.lt\/#website"},"primaryImageOfPage":{"@id":"https:\/\/skaitytaknyga.lt\/produktas\/juozas-erlickas-pranasystes\/#primaryimage"},"image":{"@id":"https:\/\/skaitytaknyga.lt\/produktas\/juozas-erlickas-pranasystes\/#primaryimage"},"thumbnailUrl":"https:\/\/skaitytaknyga.lt\/wp-content\/uploads\/2024\/05\/image_1271.jpg","datePublished":"2024-05-22T11:34:22+00:00","dateModified":"2024-05-22T11:35:57+00:00","description":"\"Prana\u0161yst\u0117s\"\u00a0- tai knyga, kuri pakeis J\u016bs\u0173 charakter\u012f, gyvenimo b\u016bd\u0105, o gal net gyvenam\u0105j\u0105 viet\u0105. K. Kaip sek\u0117si ra\u0161yti? J. E. Gerai. Bet, ai\u0161ku, stengiaus, kad neb\u016bt\u0173 pernelyg gerai. Mat jei perskait\u0119 knyg\u0105 visi tik sk\u0117s\u010dios rankom: \u201eGeriau jau nebegali b\u016bti!\u201c, tai kitos mano knygos nebeskaitys. A\u0161 noriu palikti vilt\u012f. K. K\u0105 reik\u0117t\u0173 \u017einoti \u017emon\u0117ms, kurie J\u016bs\u0173 knyg\u0105 atsivers pirm\u0105syk? J. E. \u017dmon\u0117s gali nieko ne\u017einoti. Viskas jiems ten bus paai\u0161kinta. K. K\u0105 daryti tiems, kurie knygos nesp\u0117s \u012fsigyti? J. E. Nieko nebepadarysi. Teks susitaikyti su mintimi, kad gyvenimas pra\u0117jo pro \u0161al\u012f.","breadcrumb":{"@id":"https:\/\/skaitytaknyga.lt\/produktas\/juozas-erlickas-pranasystes\/#breadcrumb"},"inLanguage":"en-GB","potentialAction":[{"@type":"ReadAction","target":["https:\/\/skaitytaknyga.lt\/produktas\/juozas-erlickas-pranasystes\/"]}]},{"@type":"ImageObject","inLanguage":"en-GB","@id":"https:\/\/skaitytaknyga.lt\/produktas\/juozas-erlickas-pranasystes\/#primaryimage","url":"https:\/\/skaitytaknyga.lt\/wp-content\/uploads\/2024\/05\/image_1271.jpg","contentUrl":"https:\/\/skaitytaknyga.lt\/wp-content\/uploads\/2024\/05\/image_1271.jpg","width":414,"height":580},{"@type":"BreadcrumbList","@id":"https:\/\/skaitytaknyga.lt\/produktas\/juozas-erlickas-pranasystes\/#breadcrumb","itemListElement":[{"@type":"ListItem","position":1,"name":"Home","item":"https:\/\/skaitytaknyga.lt\/"},{"@type":"ListItem","position":2,"name":"Parduotuv\u0117","item":"https:\/\/skaitytaknyga.lt\/knygu-parduotuve\/"},{"@type":"ListItem","position":3,"name":"Juozas Erlickas \u201ePrana\u0161yst\u0117s\u201c"}]},{"@type":"WebSite","@id":"https:\/\/skaitytaknyga.lt\/#website","url":"https:\/\/skaitytaknyga.lt\/","name":"skaitytaknyga.lt","description":"Skaitytaknyga.lt \u2013 tai ma\u017eas \u0161eimos verslas, kuris prasid\u0117jo nuo meil\u0117s knygoms ir siekio i\u0161gelb\u0117ti knygas nuo likimo prie konteinerio. Kas vienam nereikalingas daiktas \u2013 kitam lobis, o mes esame tarpininkai, kurie padeda abiems tapti laimingesniems ???? \u017dinome kaip nelengva i\u0161gyventi ma\u017eiems verslams, tad nuo \u0161iol, \u010dia rasite ir kit\u0173, ma\u017e\u0173 \u0161eim\u0173 versl\u0173, rank\u0173 darbo, dovan\u0173 sau ir artimiesiems.","publisher":{"@id":"https:\/\/skaitytaknyga.lt\/#organization"},"potentialAction":[{"@type":"SearchAction","target":{"@type":"EntryPoint","urlTemplate":"https:\/\/skaitytaknyga.lt\/?s={search_term_string}"},"query-input":{"@type":"PropertyValueSpecification","valueRequired":true,"valueName":"search_term_string"}}],"inLanguage":"en-GB"},{"@type":"Organization","@id":"https:\/\/skaitytaknyga.lt\/#organization","name":"skaitytaknyga.lt","url":"https:\/\/skaitytaknyga.lt\/","logo":{"@type":"ImageObject","inLanguage":"en-GB","@id":"https:\/\/skaitytaknyga.lt\/#\/schema\/logo\/image\/","url":"https:\/\/skaitytaknyga.lt\/wp-content\/uploads\/2024\/05\/cropped-cropped-cropped-02_00843_jt3bggkj1j3HLc7SyY6rEUpg.jpeg","contentUrl":"https:\/\/skaitytaknyga.lt\/wp-content\/uploads\/2024\/05\/cropped-cropped-cropped-02_00843_jt3bggkj1j3HLc7SyY6rEUpg.jpeg","width":1600,"height":1600,"caption":"skaitytaknyga.lt"},"image":{"@id":"https:\/\/skaitytaknyga.lt\/#\/schema\/logo\/image\/"},"sameAs":["https:\/\/www.facebook.com\/skaitytaknyga\/"]}]}},"_links":{"self":[{"href":"https:\/\/skaitytaknyga.lt\/en\/wp-json\/wp\/v2\/product\/11741","targetHints":{"allow":["GET"]}}],"collection":[{"href":"https:\/\/skaitytaknyga.lt\/en\/wp-json\/wp\/v2\/product"}],"about":[{"href":"https:\/\/skaitytaknyga.lt\/en\/wp-json\/wp\/v2\/types\/product"}],"replies":[{"embeddable":true,"href":"https:\/\/skaitytaknyga.lt\/en\/wp-json\/wp\/v2\/comments?post=11741"}],"wp:featuredmedia":[{"embeddable":true,"href":"https:\/\/skaitytaknyga.lt\/en\/wp-json\/wp\/v2\/media\/11742"}],"wp:attachment":[{"href":"https:\/\/skaitytaknyga.lt\/en\/wp-json\/wp\/v2\/media?parent=11741"}],"wp:term":[{"taxonomy":"product_brand","embeddable":true,"href":"https:\/\/skaitytaknyga.lt\/en\/wp-json\/wp\/v2\/product_brand?post=11741"},{"taxonomy":"product_cat","embeddable":true,"href":"https:\/\/skaitytaknyga.lt\/en\/wp-json\/wp\/v2\/product_cat?post=11741"},{"taxonomy":"product_tag","embeddable":true,"href":"https:\/\/skaitytaknyga.lt\/en\/wp-json\/wp\/v2\/product_tag?post=11741"}],"curies":[{"name":"wp","href":"https:\/\/api.w.org\/{rel}","templated":true}]}}