{"id":11739,"date":"2024-05-22T09:48:07","date_gmt":"2024-05-22T09:48:07","guid":{"rendered":"https:\/\/skaitytaknyga.lt\/?post_type=product&#038;p=11739"},"modified":"2024-05-22T09:49:23","modified_gmt":"2024-05-22T09:49:23","slug":"cafe-creme-2-methode-de-francais","status":"publish","type":"product","link":"https:\/\/skaitytaknyga.lt\/en\/produktas\/cafe-creme-2-methode-de-francais\/","title":{"rendered":"Caf\u00e9 cr\u00e8me 2 : M\u00e9thode de fran\u00e7ais"},"content":{"rendered":"","protected":false},"excerpt":{"rendered":"<p>Ce guide accompagne le niveau 2 de la m\u00e9thode. Il propose des suggestions d&#8217;exploitation pour les seize unit\u00e9s du livre de l&#8217;\u00e9l\u00e8ve ainsi que des compl\u00e9ments d&#8217;information pour la rubrique Civilisation. Il comporte les corrig\u00e9s des activit\u00e9s du livre et des quatre tests, ceux-ci \u00e9tant accompagn\u00e9s d&#8217;un bar\u00e8me de notation pour ceux qui souhaitent une \u00e9valuation sommative. En fin d&#8217;ouvrage on trouve les corrig\u00e9s des exercices du cahier. Il contient \u00e9galement une grille de correspondance avec les \u00e9preuves du DELF premier degr\u00e9.<\/p>\n","protected":false},"featured_media":11740,"comment_status":"closed","ping_status":"closed","template":"","meta":{"_acf_changed":false,"site-sidebar-layout":"default","site-content-layout":"","ast-site-content-layout":"default","site-content-style":"default","site-sidebar-style":"default","ast-global-header-display":"","ast-banner-title-visibility":"","ast-main-header-display":"","ast-hfb-above-header-display":"","ast-hfb-below-header-display":"","ast-hfb-mobile-header-display":"","site-post-title":"","ast-breadcrumbs-content":"","ast-featured-img":"","footer-sml-layout":"","ast-disable-related-posts":"","theme-transparent-header-meta":"","adv-header-id-meta":"","stick-header-meta":"","header-above-stick-meta":"","header-main-stick-meta":"","header-below-stick-meta":"","astra-migrate-meta-layouts":"default","ast-page-background-enabled":"default","ast-page-background-meta":{"desktop":{"background-color":"","background-image":"","background-repeat":"repeat","background-position":"center center","background-size":"auto","background-attachment":"scroll","background-type":"","background-media":"","overlay-type":"","overlay-color":"","overlay-opacity":"","overlay-gradient":""},"tablet":{"background-color":"","background-image":"","background-repeat":"repeat","background-position":"center center","background-size":"auto","background-attachment":"scroll","background-type":"","background-media":"","overlay-type":"","overlay-color":"","overlay-opacity":"","overlay-gradient":""},"mobile":{"background-color":"","background-image":"","background-repeat":"repeat","background-position":"center center","background-size":"auto","background-attachment":"scroll","background-type":"","background-media":"","overlay-type":"","overlay-color":"","overlay-opacity":"","overlay-gradient":""}},"ast-content-background-meta":{"desktop":{"background-color":"var(--ast-global-color-4)","background-image":"","background-repeat":"repeat","background-position":"center center","background-size":"auto","background-attachment":"scroll","background-type":"","background-media":"","overlay-type":"","overlay-color":"","overlay-opacity":"","overlay-gradient":""},"tablet":{"background-color":"var(--ast-global-color-4)","background-image":"","background-repeat":"repeat","background-position":"center center","background-size":"auto","background-attachment":"scroll","background-type":"","background-media":"","overlay-type":"","overlay-color":"","overlay-opacity":"","overlay-gradient":""},"mobile":{"background-color":"var(--ast-global-color-4)","background-image":"","background-repeat":"repeat","background-position":"center center","background-size":"auto","background-attachment":"scroll","background-type":"","background-media":"","overlay-type":"","overlay-color":"","overlay-opacity":"","overlay-gradient":""}}},"product_brand":[],"product_cat":[390,978],"product_tag":[],"class_list":{"0":"post-11739","1":"product","2":"type-product","3":"status-publish","4":"has-post-thumbnail","6":"product_cat-kalba-kalbotyra-zodynai","7":"product_cat-knygos-kitomis-kalbomis","8":"desktop-align-left","9":"tablet-align-left","10":"mobile-align-left","12":"first","13":"instock","14":"shipping-taxable","15":"purchasable","16":"product-type-simple"},"acf":[],"yoast_head":"<!-- This site is optimized with the Yoast SEO plugin v27.0 - https:\/\/yoast.com\/product\/yoast-seo-wordpress\/ -->\n<title>Caf\u00e9 cr\u00e8me 2 : M\u00e9thode de fran\u00e7ais - Skaitytaknyga<\/title>\n<meta name=\"description\" content=\"Ce guide accompagne le niveau 2 de la m\u00e9thode. Il propose des suggestions d&#039;exploitation pour les seize unit\u00e9s du livre de l&#039;\u00e9l\u00e8ve ainsi que des compl\u00e9ments d&#039;information pour la rubrique Civilisation. Il comporte les corrig\u00e9s des activit\u00e9s du livre et des quatre tests, ceux-ci \u00e9tant accompagn\u00e9s d&#039;un bar\u00e8me de notation pour ceux qui souhaitent une \u00e9valuation sommative. En fin d&#039;ouvrage on trouve les corrig\u00e9s des exercices du cahier. Il contient \u00e9galement une grille de correspondance avec les \u00e9preuves du DELF premier degr\u00e9.\" \/>\n<meta name=\"robots\" content=\"index, follow, max-snippet:-1, max-image-preview:large, max-video-preview:-1\" \/>\n<link rel=\"canonical\" href=\"https:\/\/skaitytaknyga.lt\/en\/produktas\/cafe-creme-2-methode-de-francais\/\" \/>\n<meta property=\"og:locale\" content=\"en_GB\" \/>\n<meta property=\"og:locale:alternate\" content=\"lt_LT\" \/>\n<meta property=\"og:type\" content=\"article\" \/>\n<meta property=\"og:title\" content=\"Caf\u00e9 cr\u00e8me 2 : M\u00e9thode de fran\u00e7ais - Skaitytaknyga\" \/>\n<meta property=\"og:description\" content=\"Ce guide accompagne le niveau 2 de la m\u00e9thode. Il propose des suggestions d&#039;exploitation pour les seize unit\u00e9s du livre de l&#039;\u00e9l\u00e8ve ainsi que des compl\u00e9ments d&#039;information pour la rubrique Civilisation. Il comporte les corrig\u00e9s des activit\u00e9s du livre et des quatre tests, ceux-ci \u00e9tant accompagn\u00e9s d&#039;un bar\u00e8me de notation pour ceux qui souhaitent une \u00e9valuation sommative. En fin d&#039;ouvrage on trouve les corrig\u00e9s des exercices du cahier. Il contient \u00e9galement une grille de correspondance avec les \u00e9preuves du DELF premier degr\u00e9.\" \/>\n<meta property=\"og:url\" content=\"https:\/\/skaitytaknyga.lt\/en\/produktas\/cafe-creme-2-methode-de-francais\/\" \/>\n<meta property=\"og:site_name\" content=\"Skaitytaknyga\" \/>\n<meta property=\"article:publisher\" content=\"https:\/\/www.facebook.com\/skaitytaknyga\/\" \/>\n<meta property=\"article:modified_time\" content=\"2024-05-22T09:49:23+00:00\" \/>\n<meta property=\"og:image\" content=\"https:\/\/skaitytaknyga.lt\/wp-content\/uploads\/2024\/05\/51VYZXQE94L._SX195_.jpg\" \/>\n\t<meta property=\"og:image:width\" content=\"195\" \/>\n\t<meta property=\"og:image:height\" content=\"274\" \/>\n\t<meta property=\"og:image:type\" content=\"image\/jpeg\" \/>\n<meta name=\"twitter:card\" content=\"summary_large_image\" \/>\n<script type=\"application\/ld+json\" class=\"yoast-schema-graph\">{\"@context\":\"https:\/\/schema.org\",\"@graph\":[{\"@type\":\"WebPage\",\"@id\":\"https:\/\/skaitytaknyga.lt\/produktas\/cafe-creme-2-methode-de-francais\/\",\"url\":\"https:\/\/skaitytaknyga.lt\/produktas\/cafe-creme-2-methode-de-francais\/\",\"name\":\"Caf\u00e9 cr\u00e8me 2 : M\u00e9thode de fran\u00e7ais - Skaitytaknyga\",\"isPartOf\":{\"@id\":\"https:\/\/skaitytaknyga.lt\/#website\"},\"primaryImageOfPage\":{\"@id\":\"https:\/\/skaitytaknyga.lt\/produktas\/cafe-creme-2-methode-de-francais\/#primaryimage\"},\"image\":{\"@id\":\"https:\/\/skaitytaknyga.lt\/produktas\/cafe-creme-2-methode-de-francais\/#primaryimage\"},\"thumbnailUrl\":\"https:\/\/skaitytaknyga.lt\/wp-content\/uploads\/2024\/05\/51VYZXQE94L._SX195_.jpg\",\"datePublished\":\"2024-05-22T09:48:07+00:00\",\"dateModified\":\"2024-05-22T09:49:23+00:00\",\"description\":\"Ce guide accompagne le niveau 2 de la m\u00e9thode. Il propose des suggestions d'exploitation pour les seize unit\u00e9s du livre de l'\u00e9l\u00e8ve ainsi que des compl\u00e9ments d'information pour la rubrique Civilisation. Il comporte les corrig\u00e9s des activit\u00e9s du livre et des quatre tests, ceux-ci \u00e9tant accompagn\u00e9s d'un bar\u00e8me de notation pour ceux qui souhaitent une \u00e9valuation sommative. En fin d'ouvrage on trouve les corrig\u00e9s des exercices du cahier. Il contient \u00e9galement une grille de correspondance avec les \u00e9preuves du DELF premier degr\u00e9.\",\"breadcrumb\":{\"@id\":\"https:\/\/skaitytaknyga.lt\/produktas\/cafe-creme-2-methode-de-francais\/#breadcrumb\"},\"inLanguage\":\"en-GB\",\"potentialAction\":[{\"@type\":\"ReadAction\",\"target\":[\"https:\/\/skaitytaknyga.lt\/produktas\/cafe-creme-2-methode-de-francais\/\"]}]},{\"@type\":\"ImageObject\",\"inLanguage\":\"en-GB\",\"@id\":\"https:\/\/skaitytaknyga.lt\/produktas\/cafe-creme-2-methode-de-francais\/#primaryimage\",\"url\":\"https:\/\/skaitytaknyga.lt\/wp-content\/uploads\/2024\/05\/51VYZXQE94L._SX195_.jpg\",\"contentUrl\":\"https:\/\/skaitytaknyga.lt\/wp-content\/uploads\/2024\/05\/51VYZXQE94L._SX195_.jpg\",\"width\":195,\"height\":274},{\"@type\":\"BreadcrumbList\",\"@id\":\"https:\/\/skaitytaknyga.lt\/produktas\/cafe-creme-2-methode-de-francais\/#breadcrumb\",\"itemListElement\":[{\"@type\":\"ListItem\",\"position\":1,\"name\":\"Home\",\"item\":\"https:\/\/skaitytaknyga.lt\/\"},{\"@type\":\"ListItem\",\"position\":2,\"name\":\"Parduotuv\u0117\",\"item\":\"https:\/\/skaitytaknyga.lt\/knygu-parduotuve\/\"},{\"@type\":\"ListItem\",\"position\":3,\"name\":\"Caf\u00e9 cr\u00e8me 2 : M\u00e9thode de fran\u00e7ais\"}]},{\"@type\":\"WebSite\",\"@id\":\"https:\/\/skaitytaknyga.lt\/#website\",\"url\":\"https:\/\/skaitytaknyga.lt\/\",\"name\":\"skaitytaknyga.lt\",\"description\":\"Skaitytaknyga.lt \u2013 tai ma\u017eas \u0161eimos verslas, kuris prasid\u0117jo nuo meil\u0117s knygoms ir siekio i\u0161gelb\u0117ti knygas nuo likimo prie konteinerio. Kas vienam nereikalingas daiktas \u2013 kitam lobis, o mes esame tarpininkai, kurie padeda abiems tapti laimingesniems ???? \u017dinome kaip nelengva i\u0161gyventi ma\u017eiems verslams, tad nuo \u0161iol, \u010dia rasite ir kit\u0173, ma\u017e\u0173 \u0161eim\u0173 versl\u0173, rank\u0173 darbo, dovan\u0173 sau ir artimiesiems.\",\"publisher\":{\"@id\":\"https:\/\/skaitytaknyga.lt\/#organization\"},\"potentialAction\":[{\"@type\":\"SearchAction\",\"target\":{\"@type\":\"EntryPoint\",\"urlTemplate\":\"https:\/\/skaitytaknyga.lt\/?s={search_term_string}\"},\"query-input\":{\"@type\":\"PropertyValueSpecification\",\"valueRequired\":true,\"valueName\":\"search_term_string\"}}],\"inLanguage\":\"en-GB\"},{\"@type\":\"Organization\",\"@id\":\"https:\/\/skaitytaknyga.lt\/#organization\",\"name\":\"skaitytaknyga.lt\",\"url\":\"https:\/\/skaitytaknyga.lt\/\",\"logo\":{\"@type\":\"ImageObject\",\"inLanguage\":\"en-GB\",\"@id\":\"https:\/\/skaitytaknyga.lt\/#\/schema\/logo\/image\/\",\"url\":\"https:\/\/skaitytaknyga.lt\/wp-content\/uploads\/2024\/05\/cropped-cropped-cropped-02_00843_jt3bggkj1j3HLc7SyY6rEUpg.jpeg\",\"contentUrl\":\"https:\/\/skaitytaknyga.lt\/wp-content\/uploads\/2024\/05\/cropped-cropped-cropped-02_00843_jt3bggkj1j3HLc7SyY6rEUpg.jpeg\",\"width\":1600,\"height\":1600,\"caption\":\"skaitytaknyga.lt\"},\"image\":{\"@id\":\"https:\/\/skaitytaknyga.lt\/#\/schema\/logo\/image\/\"},\"sameAs\":[\"https:\/\/www.facebook.com\/skaitytaknyga\/\"]}]}<\/script>\n<!-- \/ Yoast SEO plugin. -->","yoast_head_json":{"title":"Caf\u00e9 cr\u00e8me 2 : M\u00e9thode de fran\u00e7ais - Skaitytaknyga","description":"Ce guide accompagne le niveau 2 de la m\u00e9thode. Il propose des suggestions d'exploitation pour les seize unit\u00e9s du livre de l'\u00e9l\u00e8ve ainsi que des compl\u00e9ments d'information pour la rubrique Civilisation. Il comporte les corrig\u00e9s des activit\u00e9s du livre et des quatre tests, ceux-ci \u00e9tant accompagn\u00e9s d'un bar\u00e8me de notation pour ceux qui souhaitent une \u00e9valuation sommative. En fin d'ouvrage on trouve les corrig\u00e9s des exercices du cahier. Il contient \u00e9galement une grille de correspondance avec les \u00e9preuves du DELF premier degr\u00e9.","robots":{"index":"index","follow":"follow","max-snippet":"max-snippet:-1","max-image-preview":"max-image-preview:large","max-video-preview":"max-video-preview:-1"},"canonical":"https:\/\/skaitytaknyga.lt\/en\/produktas\/cafe-creme-2-methode-de-francais\/","og_locale":"en_GB","og_type":"article","og_title":"Caf\u00e9 cr\u00e8me 2 : M\u00e9thode de fran\u00e7ais - Skaitytaknyga","og_description":"Ce guide accompagne le niveau 2 de la m\u00e9thode. Il propose des suggestions d'exploitation pour les seize unit\u00e9s du livre de l'\u00e9l\u00e8ve ainsi que des compl\u00e9ments d'information pour la rubrique Civilisation. Il comporte les corrig\u00e9s des activit\u00e9s du livre et des quatre tests, ceux-ci \u00e9tant accompagn\u00e9s d'un bar\u00e8me de notation pour ceux qui souhaitent une \u00e9valuation sommative. En fin d'ouvrage on trouve les corrig\u00e9s des exercices du cahier. Il contient \u00e9galement une grille de correspondance avec les \u00e9preuves du DELF premier degr\u00e9.","og_url":"https:\/\/skaitytaknyga.lt\/en\/produktas\/cafe-creme-2-methode-de-francais\/","og_site_name":"Skaitytaknyga","article_publisher":"https:\/\/www.facebook.com\/skaitytaknyga\/","article_modified_time":"2024-05-22T09:49:23+00:00","og_image":[{"width":195,"height":274,"url":"https:\/\/skaitytaknyga.lt\/wp-content\/uploads\/2024\/05\/51VYZXQE94L._SX195_.jpg","type":"image\/jpeg"}],"twitter_card":"summary_large_image","schema":{"@context":"https:\/\/schema.org","@graph":[{"@type":"WebPage","@id":"https:\/\/skaitytaknyga.lt\/produktas\/cafe-creme-2-methode-de-francais\/","url":"https:\/\/skaitytaknyga.lt\/produktas\/cafe-creme-2-methode-de-francais\/","name":"Caf\u00e9 cr\u00e8me 2 : M\u00e9thode de fran\u00e7ais - Skaitytaknyga","isPartOf":{"@id":"https:\/\/skaitytaknyga.lt\/#website"},"primaryImageOfPage":{"@id":"https:\/\/skaitytaknyga.lt\/produktas\/cafe-creme-2-methode-de-francais\/#primaryimage"},"image":{"@id":"https:\/\/skaitytaknyga.lt\/produktas\/cafe-creme-2-methode-de-francais\/#primaryimage"},"thumbnailUrl":"https:\/\/skaitytaknyga.lt\/wp-content\/uploads\/2024\/05\/51VYZXQE94L._SX195_.jpg","datePublished":"2024-05-22T09:48:07+00:00","dateModified":"2024-05-22T09:49:23+00:00","description":"Ce guide accompagne le niveau 2 de la m\u00e9thode. Il propose des suggestions d'exploitation pour les seize unit\u00e9s du livre de l'\u00e9l\u00e8ve ainsi que des compl\u00e9ments d'information pour la rubrique Civilisation. Il comporte les corrig\u00e9s des activit\u00e9s du livre et des quatre tests, ceux-ci \u00e9tant accompagn\u00e9s d'un bar\u00e8me de notation pour ceux qui souhaitent une \u00e9valuation sommative. En fin d'ouvrage on trouve les corrig\u00e9s des exercices du cahier. Il contient \u00e9galement une grille de correspondance avec les \u00e9preuves du DELF premier degr\u00e9.","breadcrumb":{"@id":"https:\/\/skaitytaknyga.lt\/produktas\/cafe-creme-2-methode-de-francais\/#breadcrumb"},"inLanguage":"en-GB","potentialAction":[{"@type":"ReadAction","target":["https:\/\/skaitytaknyga.lt\/produktas\/cafe-creme-2-methode-de-francais\/"]}]},{"@type":"ImageObject","inLanguage":"en-GB","@id":"https:\/\/skaitytaknyga.lt\/produktas\/cafe-creme-2-methode-de-francais\/#primaryimage","url":"https:\/\/skaitytaknyga.lt\/wp-content\/uploads\/2024\/05\/51VYZXQE94L._SX195_.jpg","contentUrl":"https:\/\/skaitytaknyga.lt\/wp-content\/uploads\/2024\/05\/51VYZXQE94L._SX195_.jpg","width":195,"height":274},{"@type":"BreadcrumbList","@id":"https:\/\/skaitytaknyga.lt\/produktas\/cafe-creme-2-methode-de-francais\/#breadcrumb","itemListElement":[{"@type":"ListItem","position":1,"name":"Home","item":"https:\/\/skaitytaknyga.lt\/"},{"@type":"ListItem","position":2,"name":"Parduotuv\u0117","item":"https:\/\/skaitytaknyga.lt\/knygu-parduotuve\/"},{"@type":"ListItem","position":3,"name":"Caf\u00e9 cr\u00e8me 2 : M\u00e9thode de fran\u00e7ais"}]},{"@type":"WebSite","@id":"https:\/\/skaitytaknyga.lt\/#website","url":"https:\/\/skaitytaknyga.lt\/","name":"skaitytaknyga.lt","description":"Skaitytaknyga.lt \u2013 tai ma\u017eas \u0161eimos verslas, kuris prasid\u0117jo nuo meil\u0117s knygoms ir siekio i\u0161gelb\u0117ti knygas nuo likimo prie konteinerio. Kas vienam nereikalingas daiktas \u2013 kitam lobis, o mes esame tarpininkai, kurie padeda abiems tapti laimingesniems ???? \u017dinome kaip nelengva i\u0161gyventi ma\u017eiems verslams, tad nuo \u0161iol, \u010dia rasite ir kit\u0173, ma\u017e\u0173 \u0161eim\u0173 versl\u0173, rank\u0173 darbo, dovan\u0173 sau ir artimiesiems.","publisher":{"@id":"https:\/\/skaitytaknyga.lt\/#organization"},"potentialAction":[{"@type":"SearchAction","target":{"@type":"EntryPoint","urlTemplate":"https:\/\/skaitytaknyga.lt\/?s={search_term_string}"},"query-input":{"@type":"PropertyValueSpecification","valueRequired":true,"valueName":"search_term_string"}}],"inLanguage":"en-GB"},{"@type":"Organization","@id":"https:\/\/skaitytaknyga.lt\/#organization","name":"skaitytaknyga.lt","url":"https:\/\/skaitytaknyga.lt\/","logo":{"@type":"ImageObject","inLanguage":"en-GB","@id":"https:\/\/skaitytaknyga.lt\/#\/schema\/logo\/image\/","url":"https:\/\/skaitytaknyga.lt\/wp-content\/uploads\/2024\/05\/cropped-cropped-cropped-02_00843_jt3bggkj1j3HLc7SyY6rEUpg.jpeg","contentUrl":"https:\/\/skaitytaknyga.lt\/wp-content\/uploads\/2024\/05\/cropped-cropped-cropped-02_00843_jt3bggkj1j3HLc7SyY6rEUpg.jpeg","width":1600,"height":1600,"caption":"skaitytaknyga.lt"},"image":{"@id":"https:\/\/skaitytaknyga.lt\/#\/schema\/logo\/image\/"},"sameAs":["https:\/\/www.facebook.com\/skaitytaknyga\/"]}]}},"_links":{"self":[{"href":"https:\/\/skaitytaknyga.lt\/en\/wp-json\/wp\/v2\/product\/11739","targetHints":{"allow":["GET"]}}],"collection":[{"href":"https:\/\/skaitytaknyga.lt\/en\/wp-json\/wp\/v2\/product"}],"about":[{"href":"https:\/\/skaitytaknyga.lt\/en\/wp-json\/wp\/v2\/types\/product"}],"replies":[{"embeddable":true,"href":"https:\/\/skaitytaknyga.lt\/en\/wp-json\/wp\/v2\/comments?post=11739"}],"wp:featuredmedia":[{"embeddable":true,"href":"https:\/\/skaitytaknyga.lt\/en\/wp-json\/wp\/v2\/media\/11740"}],"wp:attachment":[{"href":"https:\/\/skaitytaknyga.lt\/en\/wp-json\/wp\/v2\/media?parent=11739"}],"wp:term":[{"taxonomy":"product_brand","embeddable":true,"href":"https:\/\/skaitytaknyga.lt\/en\/wp-json\/wp\/v2\/product_brand?post=11739"},{"taxonomy":"product_cat","embeddable":true,"href":"https:\/\/skaitytaknyga.lt\/en\/wp-json\/wp\/v2\/product_cat?post=11739"},{"taxonomy":"product_tag","embeddable":true,"href":"https:\/\/skaitytaknyga.lt\/en\/wp-json\/wp\/v2\/product_tag?post=11739"}],"curies":[{"name":"wp","href":"https:\/\/api.w.org\/{rel}","templated":true}]}}