{"id":11733,"date":"2024-05-22T09:31:40","date_gmt":"2024-05-22T09:31:40","guid":{"rendered":"https:\/\/skaitytaknyga.lt\/?post_type=product&#038;p=11733"},"modified":"2024-05-22T09:33:37","modified_gmt":"2024-05-22T09:33:37","slug":"bi-lexikon-hunde-rassen","status":"publish","type":"product","link":"https:\/\/skaitytaknyga.lt\/en\/produktas\/bi-lexikon-hunde-rassen\/","title":{"rendered":"Bi &#8211; lexikon. Hunde rassen"},"content":{"rendered":"","protected":false},"excerpt":{"rendered":"<p>Das Lexikon vermittelt einen ausf\u00fchrlichen Ueberblick \u00fcber die derzeit existierenden Hunderassen, Schilderung der geschichtlichen Entwicklung des Hundes, 500 alphabetisch geordnete Stichworte und Verweise, Eine Zusammenfassung der erl\u00e4uterten Rassen, unterteilt nach Gruppen, vervollst\u00e4ndigt den Textteil, Erg\u00e4nzung des Textteiles durch 103 Strichzeichnungen, 40 Farb und 8 Schwarzweisstafeln, Das Lexikon m\u00f6chte neben Hundehaltern und Z\u00fcchtern auch alle diejenigen Tierfreunde ansprechen, die mehr \u00fcber den Hund, den treuen Freund und Begleiter des Menschen erfahren wollen&#8230;<\/p>\n","protected":false},"featured_media":11734,"comment_status":"closed","ping_status":"closed","template":"","meta":{"_acf_changed":false,"site-sidebar-layout":"default","site-content-layout":"","ast-site-content-layout":"default","site-content-style":"default","site-sidebar-style":"default","ast-global-header-display":"","ast-banner-title-visibility":"","ast-main-header-display":"","ast-hfb-above-header-display":"","ast-hfb-below-header-display":"","ast-hfb-mobile-header-display":"","site-post-title":"","ast-breadcrumbs-content":"","ast-featured-img":"","footer-sml-layout":"","ast-disable-related-posts":"","theme-transparent-header-meta":"","adv-header-id-meta":"","stick-header-meta":"","header-above-stick-meta":"","header-main-stick-meta":"","header-below-stick-meta":"","astra-migrate-meta-layouts":"default","ast-page-background-enabled":"default","ast-page-background-meta":{"desktop":{"background-color":"","background-image":"","background-repeat":"repeat","background-position":"center center","background-size":"auto","background-attachment":"scroll","background-type":"","background-media":"","overlay-type":"","overlay-color":"","overlay-opacity":"","overlay-gradient":""},"tablet":{"background-color":"","background-image":"","background-repeat":"repeat","background-position":"center center","background-size":"auto","background-attachment":"scroll","background-type":"","background-media":"","overlay-type":"","overlay-color":"","overlay-opacity":"","overlay-gradient":""},"mobile":{"background-color":"","background-image":"","background-repeat":"repeat","background-position":"center center","background-size":"auto","background-attachment":"scroll","background-type":"","background-media":"","overlay-type":"","overlay-color":"","overlay-opacity":"","overlay-gradient":""}},"ast-content-background-meta":{"desktop":{"background-color":"var(--ast-global-color-4)","background-image":"","background-repeat":"repeat","background-position":"center center","background-size":"auto","background-attachment":"scroll","background-type":"","background-media":"","overlay-type":"","overlay-color":"","overlay-opacity":"","overlay-gradient":""},"tablet":{"background-color":"var(--ast-global-color-4)","background-image":"","background-repeat":"repeat","background-position":"center center","background-size":"auto","background-attachment":"scroll","background-type":"","background-media":"","overlay-type":"","overlay-color":"","overlay-opacity":"","overlay-gradient":""},"mobile":{"background-color":"var(--ast-global-color-4)","background-image":"","background-repeat":"repeat","background-position":"center center","background-size":"auto","background-attachment":"scroll","background-type":"","background-media":"","overlay-type":"","overlay-color":"","overlay-opacity":"","overlay-gradient":""}}},"product_brand":[],"product_cat":[269,978],"product_tag":[],"class_list":{"0":"post-11733","1":"product","2":"type-product","3":"status-publish","4":"has-post-thumbnail","6":"product_cat-gamtos-mokslai","7":"product_cat-knygos-kitomis-kalbomis","8":"desktop-align-left","9":"tablet-align-left","10":"mobile-align-left","12":"first","13":"instock","14":"shipping-taxable","15":"purchasable","16":"product-type-simple"},"acf":[],"yoast_head":"<!-- This site is optimized with the Yoast SEO plugin v27.0 - https:\/\/yoast.com\/product\/yoast-seo-wordpress\/ -->\n<title>Bi - lexikon. Hunde rassen - Skaitytaknyga<\/title>\n<meta name=\"description\" content=\"Das Lexikon vermittelt einen ausf\u00fchrlichen Ueberblick \u00fcber die derzeit existierenden Hunderassen, Schilderung der geschichtlichen Entwicklung des Hundes, 500 alphabetisch geordnete Stichworte und Verweise, Eine Zusammenfassung der erl\u00e4uterten Rassen, unterteilt nach Gruppen, vervollst\u00e4ndigt den Textteil, Erg\u00e4nzung des Textteiles durch 103 Strichzeichnungen, 40 Farb und 8 Schwarzweisstafeln, Das Lexikon m\u00f6chte neben Hundehaltern und Z\u00fcchtern auch alle diejenigen Tierfreunde ansprechen, die mehr \u00fcber den Hund, den treuen Freund und Begleiter des Menschen erfahren wollen...\" \/>\n<meta name=\"robots\" content=\"index, follow, max-snippet:-1, max-image-preview:large, max-video-preview:-1\" \/>\n<link rel=\"canonical\" href=\"https:\/\/skaitytaknyga.lt\/en\/produktas\/bi-lexikon-hunde-rassen\/\" \/>\n<meta property=\"og:locale\" content=\"en_GB\" \/>\n<meta property=\"og:locale:alternate\" content=\"lt_LT\" \/>\n<meta property=\"og:type\" content=\"article\" \/>\n<meta property=\"og:title\" content=\"Bi - lexikon. Hunde rassen - Skaitytaknyga\" \/>\n<meta property=\"og:description\" content=\"Das Lexikon vermittelt einen ausf\u00fchrlichen Ueberblick \u00fcber die derzeit existierenden Hunderassen, Schilderung der geschichtlichen Entwicklung des Hundes, 500 alphabetisch geordnete Stichworte und Verweise, Eine Zusammenfassung der erl\u00e4uterten Rassen, unterteilt nach Gruppen, vervollst\u00e4ndigt den Textteil, Erg\u00e4nzung des Textteiles durch 103 Strichzeichnungen, 40 Farb und 8 Schwarzweisstafeln, Das Lexikon m\u00f6chte neben Hundehaltern und Z\u00fcchtern auch alle diejenigen Tierfreunde ansprechen, die mehr \u00fcber den Hund, den treuen Freund und Begleiter des Menschen erfahren wollen...\" \/>\n<meta property=\"og:url\" content=\"https:\/\/skaitytaknyga.lt\/en\/produktas\/bi-lexikon-hunde-rassen\/\" \/>\n<meta property=\"og:site_name\" content=\"Skaitytaknyga\" \/>\n<meta property=\"article:publisher\" content=\"https:\/\/www.facebook.com\/skaitytaknyga\/\" \/>\n<meta property=\"article:modified_time\" content=\"2024-05-22T09:33:37+00:00\" \/>\n<meta property=\"og:image\" content=\"https:\/\/skaitytaknyga.lt\/wp-content\/uploads\/2024\/05\/Hans-Joachim-und-Ulrich-Kagler-SwarowskiBI-Lexikon-Hunderassen.jpg\" \/>\n\t<meta property=\"og:image:width\" content=\"300\" \/>\n\t<meta property=\"og:image:height\" content=\"438\" \/>\n\t<meta property=\"og:image:type\" content=\"image\/jpeg\" \/>\n<meta name=\"twitter:card\" content=\"summary_large_image\" \/>\n<script type=\"application\/ld+json\" class=\"yoast-schema-graph\">{\"@context\":\"https:\/\/schema.org\",\"@graph\":[{\"@type\":\"WebPage\",\"@id\":\"https:\/\/skaitytaknyga.lt\/produktas\/bi-lexikon-hunde-rassen\/\",\"url\":\"https:\/\/skaitytaknyga.lt\/produktas\/bi-lexikon-hunde-rassen\/\",\"name\":\"Bi - lexikon. Hunde rassen - Skaitytaknyga\",\"isPartOf\":{\"@id\":\"https:\/\/skaitytaknyga.lt\/#website\"},\"primaryImageOfPage\":{\"@id\":\"https:\/\/skaitytaknyga.lt\/produktas\/bi-lexikon-hunde-rassen\/#primaryimage\"},\"image\":{\"@id\":\"https:\/\/skaitytaknyga.lt\/produktas\/bi-lexikon-hunde-rassen\/#primaryimage\"},\"thumbnailUrl\":\"https:\/\/skaitytaknyga.lt\/wp-content\/uploads\/2024\/05\/Hans-Joachim-und-Ulrich-Kagler-SwarowskiBI-Lexikon-Hunderassen.jpg\",\"datePublished\":\"2024-05-22T09:31:40+00:00\",\"dateModified\":\"2024-05-22T09:33:37+00:00\",\"description\":\"Das Lexikon vermittelt einen ausf\u00fchrlichen Ueberblick \u00fcber die derzeit existierenden Hunderassen, Schilderung der geschichtlichen Entwicklung des Hundes, 500 alphabetisch geordnete Stichworte und Verweise, Eine Zusammenfassung der erl\u00e4uterten Rassen, unterteilt nach Gruppen, vervollst\u00e4ndigt den Textteil, Erg\u00e4nzung des Textteiles durch 103 Strichzeichnungen, 40 Farb und 8 Schwarzweisstafeln, Das Lexikon m\u00f6chte neben Hundehaltern und Z\u00fcchtern auch alle diejenigen Tierfreunde ansprechen, die mehr \u00fcber den Hund, den treuen Freund und Begleiter des Menschen erfahren wollen...\",\"breadcrumb\":{\"@id\":\"https:\/\/skaitytaknyga.lt\/produktas\/bi-lexikon-hunde-rassen\/#breadcrumb\"},\"inLanguage\":\"en-GB\",\"potentialAction\":[{\"@type\":\"ReadAction\",\"target\":[\"https:\/\/skaitytaknyga.lt\/produktas\/bi-lexikon-hunde-rassen\/\"]}]},{\"@type\":\"ImageObject\",\"inLanguage\":\"en-GB\",\"@id\":\"https:\/\/skaitytaknyga.lt\/produktas\/bi-lexikon-hunde-rassen\/#primaryimage\",\"url\":\"https:\/\/skaitytaknyga.lt\/wp-content\/uploads\/2024\/05\/Hans-Joachim-und-Ulrich-Kagler-SwarowskiBI-Lexikon-Hunderassen.jpg\",\"contentUrl\":\"https:\/\/skaitytaknyga.lt\/wp-content\/uploads\/2024\/05\/Hans-Joachim-und-Ulrich-Kagler-SwarowskiBI-Lexikon-Hunderassen.jpg\",\"width\":300,\"height\":438},{\"@type\":\"BreadcrumbList\",\"@id\":\"https:\/\/skaitytaknyga.lt\/produktas\/bi-lexikon-hunde-rassen\/#breadcrumb\",\"itemListElement\":[{\"@type\":\"ListItem\",\"position\":1,\"name\":\"Home\",\"item\":\"https:\/\/skaitytaknyga.lt\/\"},{\"@type\":\"ListItem\",\"position\":2,\"name\":\"Parduotuv\u0117\",\"item\":\"https:\/\/skaitytaknyga.lt\/knygu-parduotuve\/\"},{\"@type\":\"ListItem\",\"position\":3,\"name\":\"Bi &#8211; lexikon. Hunde rassen\"}]},{\"@type\":\"WebSite\",\"@id\":\"https:\/\/skaitytaknyga.lt\/#website\",\"url\":\"https:\/\/skaitytaknyga.lt\/\",\"name\":\"skaitytaknyga.lt\",\"description\":\"Skaitytaknyga.lt \u2013 tai ma\u017eas \u0161eimos verslas, kuris prasid\u0117jo nuo meil\u0117s knygoms ir siekio i\u0161gelb\u0117ti knygas nuo likimo prie konteinerio. Kas vienam nereikalingas daiktas \u2013 kitam lobis, o mes esame tarpininkai, kurie padeda abiems tapti laimingesniems ???? \u017dinome kaip nelengva i\u0161gyventi ma\u017eiems verslams, tad nuo \u0161iol, \u010dia rasite ir kit\u0173, ma\u017e\u0173 \u0161eim\u0173 versl\u0173, rank\u0173 darbo, dovan\u0173 sau ir artimiesiems.\",\"publisher\":{\"@id\":\"https:\/\/skaitytaknyga.lt\/#organization\"},\"potentialAction\":[{\"@type\":\"SearchAction\",\"target\":{\"@type\":\"EntryPoint\",\"urlTemplate\":\"https:\/\/skaitytaknyga.lt\/?s={search_term_string}\"},\"query-input\":{\"@type\":\"PropertyValueSpecification\",\"valueRequired\":true,\"valueName\":\"search_term_string\"}}],\"inLanguage\":\"en-GB\"},{\"@type\":\"Organization\",\"@id\":\"https:\/\/skaitytaknyga.lt\/#organization\",\"name\":\"skaitytaknyga.lt\",\"url\":\"https:\/\/skaitytaknyga.lt\/\",\"logo\":{\"@type\":\"ImageObject\",\"inLanguage\":\"en-GB\",\"@id\":\"https:\/\/skaitytaknyga.lt\/#\/schema\/logo\/image\/\",\"url\":\"https:\/\/skaitytaknyga.lt\/wp-content\/uploads\/2024\/05\/cropped-cropped-cropped-02_00843_jt3bggkj1j3HLc7SyY6rEUpg.jpeg\",\"contentUrl\":\"https:\/\/skaitytaknyga.lt\/wp-content\/uploads\/2024\/05\/cropped-cropped-cropped-02_00843_jt3bggkj1j3HLc7SyY6rEUpg.jpeg\",\"width\":1600,\"height\":1600,\"caption\":\"skaitytaknyga.lt\"},\"image\":{\"@id\":\"https:\/\/skaitytaknyga.lt\/#\/schema\/logo\/image\/\"},\"sameAs\":[\"https:\/\/www.facebook.com\/skaitytaknyga\/\"]}]}<\/script>\n<!-- \/ Yoast SEO plugin. -->","yoast_head_json":{"title":"Bi - lexikon. Hunde rassen - Skaitytaknyga","description":"Das Lexikon vermittelt einen ausf\u00fchrlichen Ueberblick \u00fcber die derzeit existierenden Hunderassen, Schilderung der geschichtlichen Entwicklung des Hundes, 500 alphabetisch geordnete Stichworte und Verweise, Eine Zusammenfassung der erl\u00e4uterten Rassen, unterteilt nach Gruppen, vervollst\u00e4ndigt den Textteil, Erg\u00e4nzung des Textteiles durch 103 Strichzeichnungen, 40 Farb und 8 Schwarzweisstafeln, Das Lexikon m\u00f6chte neben Hundehaltern und Z\u00fcchtern auch alle diejenigen Tierfreunde ansprechen, die mehr \u00fcber den Hund, den treuen Freund und Begleiter des Menschen erfahren wollen...","robots":{"index":"index","follow":"follow","max-snippet":"max-snippet:-1","max-image-preview":"max-image-preview:large","max-video-preview":"max-video-preview:-1"},"canonical":"https:\/\/skaitytaknyga.lt\/en\/produktas\/bi-lexikon-hunde-rassen\/","og_locale":"en_GB","og_type":"article","og_title":"Bi - lexikon. Hunde rassen - Skaitytaknyga","og_description":"Das Lexikon vermittelt einen ausf\u00fchrlichen Ueberblick \u00fcber die derzeit existierenden Hunderassen, Schilderung der geschichtlichen Entwicklung des Hundes, 500 alphabetisch geordnete Stichworte und Verweise, Eine Zusammenfassung der erl\u00e4uterten Rassen, unterteilt nach Gruppen, vervollst\u00e4ndigt den Textteil, Erg\u00e4nzung des Textteiles durch 103 Strichzeichnungen, 40 Farb und 8 Schwarzweisstafeln, Das Lexikon m\u00f6chte neben Hundehaltern und Z\u00fcchtern auch alle diejenigen Tierfreunde ansprechen, die mehr \u00fcber den Hund, den treuen Freund und Begleiter des Menschen erfahren wollen...","og_url":"https:\/\/skaitytaknyga.lt\/en\/produktas\/bi-lexikon-hunde-rassen\/","og_site_name":"Skaitytaknyga","article_publisher":"https:\/\/www.facebook.com\/skaitytaknyga\/","article_modified_time":"2024-05-22T09:33:37+00:00","og_image":[{"width":300,"height":438,"url":"https:\/\/skaitytaknyga.lt\/wp-content\/uploads\/2024\/05\/Hans-Joachim-und-Ulrich-Kagler-SwarowskiBI-Lexikon-Hunderassen.jpg","type":"image\/jpeg"}],"twitter_card":"summary_large_image","schema":{"@context":"https:\/\/schema.org","@graph":[{"@type":"WebPage","@id":"https:\/\/skaitytaknyga.lt\/produktas\/bi-lexikon-hunde-rassen\/","url":"https:\/\/skaitytaknyga.lt\/produktas\/bi-lexikon-hunde-rassen\/","name":"Bi - lexikon. Hunde rassen - Skaitytaknyga","isPartOf":{"@id":"https:\/\/skaitytaknyga.lt\/#website"},"primaryImageOfPage":{"@id":"https:\/\/skaitytaknyga.lt\/produktas\/bi-lexikon-hunde-rassen\/#primaryimage"},"image":{"@id":"https:\/\/skaitytaknyga.lt\/produktas\/bi-lexikon-hunde-rassen\/#primaryimage"},"thumbnailUrl":"https:\/\/skaitytaknyga.lt\/wp-content\/uploads\/2024\/05\/Hans-Joachim-und-Ulrich-Kagler-SwarowskiBI-Lexikon-Hunderassen.jpg","datePublished":"2024-05-22T09:31:40+00:00","dateModified":"2024-05-22T09:33:37+00:00","description":"Das Lexikon vermittelt einen ausf\u00fchrlichen Ueberblick \u00fcber die derzeit existierenden Hunderassen, Schilderung der geschichtlichen Entwicklung des Hundes, 500 alphabetisch geordnete Stichworte und Verweise, Eine Zusammenfassung der erl\u00e4uterten Rassen, unterteilt nach Gruppen, vervollst\u00e4ndigt den Textteil, Erg\u00e4nzung des Textteiles durch 103 Strichzeichnungen, 40 Farb und 8 Schwarzweisstafeln, Das Lexikon m\u00f6chte neben Hundehaltern und Z\u00fcchtern auch alle diejenigen Tierfreunde ansprechen, die mehr \u00fcber den Hund, den treuen Freund und Begleiter des Menschen erfahren wollen...","breadcrumb":{"@id":"https:\/\/skaitytaknyga.lt\/produktas\/bi-lexikon-hunde-rassen\/#breadcrumb"},"inLanguage":"en-GB","potentialAction":[{"@type":"ReadAction","target":["https:\/\/skaitytaknyga.lt\/produktas\/bi-lexikon-hunde-rassen\/"]}]},{"@type":"ImageObject","inLanguage":"en-GB","@id":"https:\/\/skaitytaknyga.lt\/produktas\/bi-lexikon-hunde-rassen\/#primaryimage","url":"https:\/\/skaitytaknyga.lt\/wp-content\/uploads\/2024\/05\/Hans-Joachim-und-Ulrich-Kagler-SwarowskiBI-Lexikon-Hunderassen.jpg","contentUrl":"https:\/\/skaitytaknyga.lt\/wp-content\/uploads\/2024\/05\/Hans-Joachim-und-Ulrich-Kagler-SwarowskiBI-Lexikon-Hunderassen.jpg","width":300,"height":438},{"@type":"BreadcrumbList","@id":"https:\/\/skaitytaknyga.lt\/produktas\/bi-lexikon-hunde-rassen\/#breadcrumb","itemListElement":[{"@type":"ListItem","position":1,"name":"Home","item":"https:\/\/skaitytaknyga.lt\/"},{"@type":"ListItem","position":2,"name":"Parduotuv\u0117","item":"https:\/\/skaitytaknyga.lt\/knygu-parduotuve\/"},{"@type":"ListItem","position":3,"name":"Bi &#8211; lexikon. Hunde rassen"}]},{"@type":"WebSite","@id":"https:\/\/skaitytaknyga.lt\/#website","url":"https:\/\/skaitytaknyga.lt\/","name":"skaitytaknyga.lt","description":"Skaitytaknyga.lt \u2013 tai ma\u017eas \u0161eimos verslas, kuris prasid\u0117jo nuo meil\u0117s knygoms ir siekio i\u0161gelb\u0117ti knygas nuo likimo prie konteinerio. Kas vienam nereikalingas daiktas \u2013 kitam lobis, o mes esame tarpininkai, kurie padeda abiems tapti laimingesniems ???? \u017dinome kaip nelengva i\u0161gyventi ma\u017eiems verslams, tad nuo \u0161iol, \u010dia rasite ir kit\u0173, ma\u017e\u0173 \u0161eim\u0173 versl\u0173, rank\u0173 darbo, dovan\u0173 sau ir artimiesiems.","publisher":{"@id":"https:\/\/skaitytaknyga.lt\/#organization"},"potentialAction":[{"@type":"SearchAction","target":{"@type":"EntryPoint","urlTemplate":"https:\/\/skaitytaknyga.lt\/?s={search_term_string}"},"query-input":{"@type":"PropertyValueSpecification","valueRequired":true,"valueName":"search_term_string"}}],"inLanguage":"en-GB"},{"@type":"Organization","@id":"https:\/\/skaitytaknyga.lt\/#organization","name":"skaitytaknyga.lt","url":"https:\/\/skaitytaknyga.lt\/","logo":{"@type":"ImageObject","inLanguage":"en-GB","@id":"https:\/\/skaitytaknyga.lt\/#\/schema\/logo\/image\/","url":"https:\/\/skaitytaknyga.lt\/wp-content\/uploads\/2024\/05\/cropped-cropped-cropped-02_00843_jt3bggkj1j3HLc7SyY6rEUpg.jpeg","contentUrl":"https:\/\/skaitytaknyga.lt\/wp-content\/uploads\/2024\/05\/cropped-cropped-cropped-02_00843_jt3bggkj1j3HLc7SyY6rEUpg.jpeg","width":1600,"height":1600,"caption":"skaitytaknyga.lt"},"image":{"@id":"https:\/\/skaitytaknyga.lt\/#\/schema\/logo\/image\/"},"sameAs":["https:\/\/www.facebook.com\/skaitytaknyga\/"]}]}},"_links":{"self":[{"href":"https:\/\/skaitytaknyga.lt\/en\/wp-json\/wp\/v2\/product\/11733","targetHints":{"allow":["GET"]}}],"collection":[{"href":"https:\/\/skaitytaknyga.lt\/en\/wp-json\/wp\/v2\/product"}],"about":[{"href":"https:\/\/skaitytaknyga.lt\/en\/wp-json\/wp\/v2\/types\/product"}],"replies":[{"embeddable":true,"href":"https:\/\/skaitytaknyga.lt\/en\/wp-json\/wp\/v2\/comments?post=11733"}],"wp:featuredmedia":[{"embeddable":true,"href":"https:\/\/skaitytaknyga.lt\/en\/wp-json\/wp\/v2\/media\/11734"}],"wp:attachment":[{"href":"https:\/\/skaitytaknyga.lt\/en\/wp-json\/wp\/v2\/media?parent=11733"}],"wp:term":[{"taxonomy":"product_brand","embeddable":true,"href":"https:\/\/skaitytaknyga.lt\/en\/wp-json\/wp\/v2\/product_brand?post=11733"},{"taxonomy":"product_cat","embeddable":true,"href":"https:\/\/skaitytaknyga.lt\/en\/wp-json\/wp\/v2\/product_cat?post=11733"},{"taxonomy":"product_tag","embeddable":true,"href":"https:\/\/skaitytaknyga.lt\/en\/wp-json\/wp\/v2\/product_tag?post=11733"}],"curies":[{"name":"wp","href":"https:\/\/api.w.org\/{rel}","templated":true}]}}