{"id":11717,"date":"2024-05-22T08:45:43","date_gmt":"2024-05-22T08:45:43","guid":{"rendered":"https:\/\/skaitytaknyga.lt\/?post_type=product&#038;p=11717"},"modified":"2025-07-22T10:04:33","modified_gmt":"2025-07-22T07:04:33","slug":"margaret-briggs-actas-1001-jo-vartojimo-budas","status":"publish","type":"product","link":"https:\/\/skaitytaknyga.lt\/en\/produktas\/margaret-briggs-actas-1001-jo-vartojimo-budas\/","title":{"rendered":"Actas. 1001 jo vartojimo b\u016bdas"},"content":{"rendered":"","protected":false},"excerpt":{"rendered":"<p>\u0160ioje knygoje trumpai pateikiama acto istorija. Jis atsitiktinai buvo atrastas prie\u0161 daugiau kaip 10000 met\u0173, o per Pirm\u0105j\u012f pasaulin\u012f kar\u0105 juo gyd\u0117 kareivi\u0173 \u017eaizdas.<\/p>\n<p>Actas yra gamtos produktas, pasi\u017eymintis \u012fvairiomis nuostabiomis savyb\u0117mis, tod\u0117l jis gali b\u016bti vartojamas \u0161imtams nam\u0173 \u016bkio darb\u0173.<\/p>\n","protected":false},"featured_media":11718,"comment_status":"closed","ping_status":"closed","template":"","meta":{"_acf_changed":false,"site-sidebar-layout":"default","site-content-layout":"","ast-site-content-layout":"default","site-content-style":"default","site-sidebar-style":"default","ast-global-header-display":"","ast-banner-title-visibility":"","ast-main-header-display":"","ast-hfb-above-header-display":"","ast-hfb-below-header-display":"","ast-hfb-mobile-header-display":"","site-post-title":"","ast-breadcrumbs-content":"","ast-featured-img":"","footer-sml-layout":"","ast-disable-related-posts":"","theme-transparent-header-meta":"","adv-header-id-meta":"","stick-header-meta":"","header-above-stick-meta":"","header-main-stick-meta":"","header-below-stick-meta":"","astra-migrate-meta-layouts":"default","ast-page-background-enabled":"default","ast-page-background-meta":{"desktop":{"background-color":"","background-image":"","background-repeat":"repeat","background-position":"center center","background-size":"auto","background-attachment":"scroll","background-type":"","background-media":"","overlay-type":"","overlay-color":"","overlay-opacity":"","overlay-gradient":""},"tablet":{"background-color":"","background-image":"","background-repeat":"repeat","background-position":"center center","background-size":"auto","background-attachment":"scroll","background-type":"","background-media":"","overlay-type":"","overlay-color":"","overlay-opacity":"","overlay-gradient":""},"mobile":{"background-color":"","background-image":"","background-repeat":"repeat","background-position":"center center","background-size":"auto","background-attachment":"scroll","background-type":"","background-media":"","overlay-type":"","overlay-color":"","overlay-opacity":"","overlay-gradient":""}},"ast-content-background-meta":{"desktop":{"background-color":"var(--ast-global-color-4)","background-image":"","background-repeat":"repeat","background-position":"center center","background-size":"auto","background-attachment":"scroll","background-type":"","background-media":"","overlay-type":"","overlay-color":"","overlay-opacity":"","overlay-gradient":""},"tablet":{"background-color":"var(--ast-global-color-4)","background-image":"","background-repeat":"repeat","background-position":"center center","background-size":"auto","background-attachment":"scroll","background-type":"","background-media":"","overlay-type":"","overlay-color":"","overlay-opacity":"","overlay-gradient":""},"mobile":{"background-color":"var(--ast-global-color-4)","background-image":"","background-repeat":"repeat","background-position":"center center","background-size":"auto","background-attachment":"scroll","background-type":"","background-media":"","overlay-type":"","overlay-color":"","overlay-opacity":"","overlay-gradient":""}}},"product_brand":[],"product_cat":[58],"product_tag":[4215,4216,3368,4214,4217,1680,4218],"class_list":{"0":"post-11717","1":"product","2":"type-product","3":"status-publish","4":"has-post-thumbnail","6":"product_cat-receptai","7":"product_tag-actas","8":"product_tag-buitis","9":"product_tag-maistas","10":"product_tag-margaret-briggs","11":"product_tag-naturalios-priemones","12":"product_tag-sveikata","13":"product_tag-valymas","14":"desktop-align-left","15":"tablet-align-left","16":"mobile-align-left","18":"first","19":"outofstock","20":"shipping-taxable","21":"purchasable","22":"product-type-simple"},"acf":[],"yoast_head":"<!-- This site is optimized with the Yoast SEO plugin v27.0 - https:\/\/yoast.com\/product\/yoast-seo-wordpress\/ -->\n<title>Actas. 1001 jo vartojimo b\u016bdas<\/title>\n<meta name=\"description\" content=\"\u0160ioje knygoje trumpai pateikiama acto istorija. Jis atsitiktinai buvo atrastas prie\u0161 daugiau kaip 10000 met\u0173, o per Pirm\u0105j\u012f pasaulin\u012f kar\u0105 juo gyd\u0117 kareivi\u0173 \u017eaizdas.  Actas yra gamtos produktas, pasi\u017eymintis \u012fvairiomis nuostabiomis savyb\u0117mis, tod\u0117l jis gali b\u016bti vartojamas \u0161imtams nam\u0173 \u016bkio darb\u0173.\" \/>\n<meta name=\"robots\" content=\"index, follow, max-snippet:-1, max-image-preview:large, max-video-preview:-1\" \/>\n<link rel=\"canonical\" href=\"https:\/\/skaitytaknyga.lt\/en\/produktas\/margaret-briggs-actas-1001-jo-vartojimo-budas\/\" \/>\n<meta property=\"og:locale\" content=\"en_GB\" \/>\n<meta property=\"og:locale:alternate\" content=\"lt_LT\" \/>\n<meta property=\"og:type\" content=\"article\" \/>\n<meta property=\"og:title\" content=\"Actas. 1001 jo vartojimo b\u016bdas\" \/>\n<meta property=\"og:description\" content=\"\u0160ioje knygoje trumpai pateikiama acto istorija. Jis atsitiktinai buvo atrastas prie\u0161 daugiau kaip 10000 met\u0173, o per Pirm\u0105j\u012f pasaulin\u012f kar\u0105 juo gyd\u0117 kareivi\u0173 \u017eaizdas.  Actas yra gamtos produktas, pasi\u017eymintis \u012fvairiomis nuostabiomis savyb\u0117mis, tod\u0117l jis gali b\u016bti vartojamas \u0161imtams nam\u0173 \u016bkio darb\u0173.\" \/>\n<meta property=\"og:url\" content=\"https:\/\/skaitytaknyga.lt\/en\/produktas\/margaret-briggs-actas-1001-jo-vartojimo-budas\/\" \/>\n<meta property=\"og:site_name\" content=\"Skaitytaknyga\" \/>\n<meta property=\"article:publisher\" content=\"https:\/\/www.facebook.com\/skaitytaknyga\/\" \/>\n<meta property=\"article:modified_time\" content=\"2025-07-22T07:04:33+00:00\" \/>\n<meta property=\"og:image\" content=\"https:\/\/skaitytaknyga.lt\/wp-content\/uploads\/2024\/05\/Be-pavadinimo-26.png\" \/>\n\t<meta property=\"og:image:width\" content=\"275\" \/>\n\t<meta property=\"og:image:height\" content=\"542\" \/>\n\t<meta property=\"og:image:type\" content=\"image\/png\" \/>\n<meta name=\"twitter:card\" content=\"summary_large_image\" \/>\n<meta name=\"twitter:label1\" content=\"Estimated reading time\" \/>\n\t<meta name=\"twitter:data1\" content=\"1 minute\" \/>\n<script type=\"application\/ld+json\" class=\"yoast-schema-graph\">{\"@context\":\"https:\/\/schema.org\",\"@graph\":[{\"@type\":\"WebPage\",\"@id\":\"https:\/\/skaitytaknyga.lt\/produktas\/margaret-briggs-actas-1001-jo-vartojimo-budas\/\",\"url\":\"https:\/\/skaitytaknyga.lt\/produktas\/margaret-briggs-actas-1001-jo-vartojimo-budas\/\",\"name\":\"Actas. 1001 jo vartojimo b\u016bdas\",\"isPartOf\":{\"@id\":\"https:\/\/skaitytaknyga.lt\/#website\"},\"primaryImageOfPage\":{\"@id\":\"https:\/\/skaitytaknyga.lt\/produktas\/margaret-briggs-actas-1001-jo-vartojimo-budas\/#primaryimage\"},\"image\":{\"@id\":\"https:\/\/skaitytaknyga.lt\/produktas\/margaret-briggs-actas-1001-jo-vartojimo-budas\/#primaryimage\"},\"thumbnailUrl\":\"https:\/\/skaitytaknyga.lt\/wp-content\/uploads\/2024\/05\/Be-pavadinimo-26.png\",\"datePublished\":\"2024-05-22T08:45:43+00:00\",\"dateModified\":\"2025-07-22T07:04:33+00:00\",\"description\":\"\u0160ioje knygoje trumpai pateikiama acto istorija. Jis atsitiktinai buvo atrastas prie\u0161 daugiau kaip 10000 met\u0173, o per Pirm\u0105j\u012f pasaulin\u012f kar\u0105 juo gyd\u0117 kareivi\u0173 \u017eaizdas. Actas yra gamtos produktas, pasi\u017eymintis \u012fvairiomis nuostabiomis savyb\u0117mis, tod\u0117l jis gali b\u016bti vartojamas \u0161imtams nam\u0173 \u016bkio darb\u0173.\",\"breadcrumb\":{\"@id\":\"https:\/\/skaitytaknyga.lt\/produktas\/margaret-briggs-actas-1001-jo-vartojimo-budas\/#breadcrumb\"},\"inLanguage\":\"en-GB\",\"potentialAction\":[{\"@type\":\"ReadAction\",\"target\":[\"https:\/\/skaitytaknyga.lt\/produktas\/margaret-briggs-actas-1001-jo-vartojimo-budas\/\"]}]},{\"@type\":\"ImageObject\",\"inLanguage\":\"en-GB\",\"@id\":\"https:\/\/skaitytaknyga.lt\/produktas\/margaret-briggs-actas-1001-jo-vartojimo-budas\/#primaryimage\",\"url\":\"https:\/\/skaitytaknyga.lt\/wp-content\/uploads\/2024\/05\/Be-pavadinimo-26.png\",\"contentUrl\":\"https:\/\/skaitytaknyga.lt\/wp-content\/uploads\/2024\/05\/Be-pavadinimo-26.png\",\"width\":275,\"height\":542},{\"@type\":\"BreadcrumbList\",\"@id\":\"https:\/\/skaitytaknyga.lt\/produktas\/margaret-briggs-actas-1001-jo-vartojimo-budas\/#breadcrumb\",\"itemListElement\":[{\"@type\":\"ListItem\",\"position\":1,\"name\":\"Home\",\"item\":\"https:\/\/skaitytaknyga.lt\/\"},{\"@type\":\"ListItem\",\"position\":2,\"name\":\"Parduotuv\u0117\",\"item\":\"https:\/\/skaitytaknyga.lt\/knygu-parduotuve\/\"},{\"@type\":\"ListItem\",\"position\":3,\"name\":\"Actas. 1001 jo vartojimo b\u016bdas\"}]},{\"@type\":\"WebSite\",\"@id\":\"https:\/\/skaitytaknyga.lt\/#website\",\"url\":\"https:\/\/skaitytaknyga.lt\/\",\"name\":\"skaitytaknyga.lt\",\"description\":\"Skaitytaknyga.lt \u2013 tai ma\u017eas \u0161eimos verslas, kuris prasid\u0117jo nuo meil\u0117s knygoms ir siekio i\u0161gelb\u0117ti knygas nuo likimo prie konteinerio. Kas vienam nereikalingas daiktas \u2013 kitam lobis, o mes esame tarpininkai, kurie padeda abiems tapti laimingesniems ???? \u017dinome kaip nelengva i\u0161gyventi ma\u017eiems verslams, tad nuo \u0161iol, \u010dia rasite ir kit\u0173, ma\u017e\u0173 \u0161eim\u0173 versl\u0173, rank\u0173 darbo, dovan\u0173 sau ir artimiesiems.\",\"publisher\":{\"@id\":\"https:\/\/skaitytaknyga.lt\/#organization\"},\"potentialAction\":[{\"@type\":\"SearchAction\",\"target\":{\"@type\":\"EntryPoint\",\"urlTemplate\":\"https:\/\/skaitytaknyga.lt\/?s={search_term_string}\"},\"query-input\":{\"@type\":\"PropertyValueSpecification\",\"valueRequired\":true,\"valueName\":\"search_term_string\"}}],\"inLanguage\":\"en-GB\"},{\"@type\":\"Organization\",\"@id\":\"https:\/\/skaitytaknyga.lt\/#organization\",\"name\":\"skaitytaknyga.lt\",\"url\":\"https:\/\/skaitytaknyga.lt\/\",\"logo\":{\"@type\":\"ImageObject\",\"inLanguage\":\"en-GB\",\"@id\":\"https:\/\/skaitytaknyga.lt\/#\/schema\/logo\/image\/\",\"url\":\"https:\/\/skaitytaknyga.lt\/wp-content\/uploads\/2024\/05\/cropped-cropped-cropped-02_00843_jt3bggkj1j3HLc7SyY6rEUpg.jpeg\",\"contentUrl\":\"https:\/\/skaitytaknyga.lt\/wp-content\/uploads\/2024\/05\/cropped-cropped-cropped-02_00843_jt3bggkj1j3HLc7SyY6rEUpg.jpeg\",\"width\":1600,\"height\":1600,\"caption\":\"skaitytaknyga.lt\"},\"image\":{\"@id\":\"https:\/\/skaitytaknyga.lt\/#\/schema\/logo\/image\/\"},\"sameAs\":[\"https:\/\/www.facebook.com\/skaitytaknyga\/\"]}]}<\/script>\n<!-- \/ Yoast SEO plugin. -->","yoast_head_json":{"title":"Actas. 1001 jo vartojimo b\u016bdas","description":"\u0160ioje knygoje trumpai pateikiama acto istorija. Jis atsitiktinai buvo atrastas prie\u0161 daugiau kaip 10000 met\u0173, o per Pirm\u0105j\u012f pasaulin\u012f kar\u0105 juo gyd\u0117 kareivi\u0173 \u017eaizdas.  Actas yra gamtos produktas, pasi\u017eymintis \u012fvairiomis nuostabiomis savyb\u0117mis, tod\u0117l jis gali b\u016bti vartojamas \u0161imtams nam\u0173 \u016bkio darb\u0173.","robots":{"index":"index","follow":"follow","max-snippet":"max-snippet:-1","max-image-preview":"max-image-preview:large","max-video-preview":"max-video-preview:-1"},"canonical":"https:\/\/skaitytaknyga.lt\/en\/produktas\/margaret-briggs-actas-1001-jo-vartojimo-budas\/","og_locale":"en_GB","og_type":"article","og_title":"[:lt]Actas. 1001 jo vartojimo b\u016bdas[:] - Skaitytaknyga","og_description":"\u0160ioje knygoje trumpai pateikiama acto istorija. Jis atsitiktinai buvo atrastas prie\u0161 daugiau kaip 10000 met\u0173, o per Pirm\u0105j\u012f pasaulin\u012f kar\u0105 juo gyd\u0117 kareivi\u0173 \u017eaizdas.  Actas yra gamtos produktas, pasi\u017eymintis \u012fvairiomis nuostabiomis savyb\u0117mis, tod\u0117l jis gali b\u016bti vartojamas \u0161imtams nam\u0173 \u016bkio darb\u0173.","og_url":"https:\/\/skaitytaknyga.lt\/en\/produktas\/margaret-briggs-actas-1001-jo-vartojimo-budas\/","og_site_name":"Skaitytaknyga","article_publisher":"https:\/\/www.facebook.com\/skaitytaknyga\/","article_modified_time":"2025-07-22T07:04:33+00:00","og_image":[{"width":275,"height":542,"url":"https:\/\/skaitytaknyga.lt\/wp-content\/uploads\/2024\/05\/Be-pavadinimo-26.png","type":"image\/png"}],"twitter_card":"summary_large_image","twitter_misc":{"Estimated reading time":"1 minute"},"schema":{"@context":"https:\/\/schema.org","@graph":[{"@type":"WebPage","@id":"https:\/\/skaitytaknyga.lt\/produktas\/margaret-briggs-actas-1001-jo-vartojimo-budas\/","url":"https:\/\/skaitytaknyga.lt\/produktas\/margaret-briggs-actas-1001-jo-vartojimo-budas\/","name":"Actas. 1001 jo vartojimo b\u016bdas","isPartOf":{"@id":"https:\/\/skaitytaknyga.lt\/#website"},"primaryImageOfPage":{"@id":"https:\/\/skaitytaknyga.lt\/produktas\/margaret-briggs-actas-1001-jo-vartojimo-budas\/#primaryimage"},"image":{"@id":"https:\/\/skaitytaknyga.lt\/produktas\/margaret-briggs-actas-1001-jo-vartojimo-budas\/#primaryimage"},"thumbnailUrl":"https:\/\/skaitytaknyga.lt\/wp-content\/uploads\/2024\/05\/Be-pavadinimo-26.png","datePublished":"2024-05-22T08:45:43+00:00","dateModified":"2025-07-22T07:04:33+00:00","description":"\u0160ioje knygoje trumpai pateikiama acto istorija. Jis atsitiktinai buvo atrastas prie\u0161 daugiau kaip 10000 met\u0173, o per Pirm\u0105j\u012f pasaulin\u012f kar\u0105 juo gyd\u0117 kareivi\u0173 \u017eaizdas. Actas yra gamtos produktas, pasi\u017eymintis \u012fvairiomis nuostabiomis savyb\u0117mis, tod\u0117l jis gali b\u016bti vartojamas \u0161imtams nam\u0173 \u016bkio darb\u0173.","breadcrumb":{"@id":"https:\/\/skaitytaknyga.lt\/produktas\/margaret-briggs-actas-1001-jo-vartojimo-budas\/#breadcrumb"},"inLanguage":"en-GB","potentialAction":[{"@type":"ReadAction","target":["https:\/\/skaitytaknyga.lt\/produktas\/margaret-briggs-actas-1001-jo-vartojimo-budas\/"]}]},{"@type":"ImageObject","inLanguage":"en-GB","@id":"https:\/\/skaitytaknyga.lt\/produktas\/margaret-briggs-actas-1001-jo-vartojimo-budas\/#primaryimage","url":"https:\/\/skaitytaknyga.lt\/wp-content\/uploads\/2024\/05\/Be-pavadinimo-26.png","contentUrl":"https:\/\/skaitytaknyga.lt\/wp-content\/uploads\/2024\/05\/Be-pavadinimo-26.png","width":275,"height":542},{"@type":"BreadcrumbList","@id":"https:\/\/skaitytaknyga.lt\/produktas\/margaret-briggs-actas-1001-jo-vartojimo-budas\/#breadcrumb","itemListElement":[{"@type":"ListItem","position":1,"name":"Home","item":"https:\/\/skaitytaknyga.lt\/"},{"@type":"ListItem","position":2,"name":"Parduotuv\u0117","item":"https:\/\/skaitytaknyga.lt\/knygu-parduotuve\/"},{"@type":"ListItem","position":3,"name":"Actas. 1001 jo vartojimo b\u016bdas"}]},{"@type":"WebSite","@id":"https:\/\/skaitytaknyga.lt\/#website","url":"https:\/\/skaitytaknyga.lt\/","name":"skaitytaknyga.lt","description":"Skaitytaknyga.lt \u2013 tai ma\u017eas \u0161eimos verslas, kuris prasid\u0117jo nuo meil\u0117s knygoms ir siekio i\u0161gelb\u0117ti knygas nuo likimo prie konteinerio. Kas vienam nereikalingas daiktas \u2013 kitam lobis, o mes esame tarpininkai, kurie padeda abiems tapti laimingesniems ???? \u017dinome kaip nelengva i\u0161gyventi ma\u017eiems verslams, tad nuo \u0161iol, \u010dia rasite ir kit\u0173, ma\u017e\u0173 \u0161eim\u0173 versl\u0173, rank\u0173 darbo, dovan\u0173 sau ir artimiesiems.","publisher":{"@id":"https:\/\/skaitytaknyga.lt\/#organization"},"potentialAction":[{"@type":"SearchAction","target":{"@type":"EntryPoint","urlTemplate":"https:\/\/skaitytaknyga.lt\/?s={search_term_string}"},"query-input":{"@type":"PropertyValueSpecification","valueRequired":true,"valueName":"search_term_string"}}],"inLanguage":"en-GB"},{"@type":"Organization","@id":"https:\/\/skaitytaknyga.lt\/#organization","name":"skaitytaknyga.lt","url":"https:\/\/skaitytaknyga.lt\/","logo":{"@type":"ImageObject","inLanguage":"en-GB","@id":"https:\/\/skaitytaknyga.lt\/#\/schema\/logo\/image\/","url":"https:\/\/skaitytaknyga.lt\/wp-content\/uploads\/2024\/05\/cropped-cropped-cropped-02_00843_jt3bggkj1j3HLc7SyY6rEUpg.jpeg","contentUrl":"https:\/\/skaitytaknyga.lt\/wp-content\/uploads\/2024\/05\/cropped-cropped-cropped-02_00843_jt3bggkj1j3HLc7SyY6rEUpg.jpeg","width":1600,"height":1600,"caption":"skaitytaknyga.lt"},"image":{"@id":"https:\/\/skaitytaknyga.lt\/#\/schema\/logo\/image\/"},"sameAs":["https:\/\/www.facebook.com\/skaitytaknyga\/"]}]}},"_links":{"self":[{"href":"https:\/\/skaitytaknyga.lt\/en\/wp-json\/wp\/v2\/product\/11717","targetHints":{"allow":["GET"]}}],"collection":[{"href":"https:\/\/skaitytaknyga.lt\/en\/wp-json\/wp\/v2\/product"}],"about":[{"href":"https:\/\/skaitytaknyga.lt\/en\/wp-json\/wp\/v2\/types\/product"}],"replies":[{"embeddable":true,"href":"https:\/\/skaitytaknyga.lt\/en\/wp-json\/wp\/v2\/comments?post=11717"}],"wp:featuredmedia":[{"embeddable":true,"href":"https:\/\/skaitytaknyga.lt\/en\/wp-json\/wp\/v2\/media\/11718"}],"wp:attachment":[{"href":"https:\/\/skaitytaknyga.lt\/en\/wp-json\/wp\/v2\/media?parent=11717"}],"wp:term":[{"taxonomy":"product_brand","embeddable":true,"href":"https:\/\/skaitytaknyga.lt\/en\/wp-json\/wp\/v2\/product_brand?post=11717"},{"taxonomy":"product_cat","embeddable":true,"href":"https:\/\/skaitytaknyga.lt\/en\/wp-json\/wp\/v2\/product_cat?post=11717"},{"taxonomy":"product_tag","embeddable":true,"href":"https:\/\/skaitytaknyga.lt\/en\/wp-json\/wp\/v2\/product_tag?post=11717"}],"curies":[{"name":"wp","href":"https:\/\/api.w.org\/{rel}","templated":true}]}}