{"id":11709,"date":"2024-05-22T07:52:56","date_gmt":"2024-05-22T07:52:56","guid":{"rendered":"https:\/\/skaitytaknyga.lt\/?post_type=product&#038;p=11709"},"modified":"2025-02-13T18:12:28","modified_gmt":"2025-02-13T16:12:28","slug":"danas-augutis-remigijus-karpuska-atsakinga-miskininkyste","status":"publish","type":"product","link":"https:\/\/skaitytaknyga.lt\/en\/produktas\/danas-augutis-remigijus-karpuska-atsakinga-miskininkyste\/","title":{"rendered":"Danas Augutis, Remigijus Karpu\u0161ka  \u201eAtsakinga Mi\u0161kininkyst\u0117\u201c"},"content":{"rendered":"","protected":false},"excerpt":{"rendered":"<p>\u0160ia knyga siekiama suteikti daugiau \u017eini\u0173 apie mi\u0161k\u0105 kaip \u012fvairiar\u016b\u0161\u0119 ir nepaprastai turting\u0105 ekosistem\u0105, kuri\u0105\u00a0 reikia vertinti ne tik kaip medyn\u0105 ir jame egzistuojan\u010dias kitas, ma\u017eiau svarbias r\u016b\u0161is, o kaip atskir\u0105 organizm\u0105, kur kiekvienas komponentas turi paskirt\u012f ir yra svarbus.<\/p>\n","protected":false},"featured_media":11710,"comment_status":"closed","ping_status":"closed","template":"","meta":{"_acf_changed":false,"site-sidebar-layout":"default","site-content-layout":"","ast-site-content-layout":"default","site-content-style":"default","site-sidebar-style":"default","ast-global-header-display":"","ast-banner-title-visibility":"","ast-main-header-display":"","ast-hfb-above-header-display":"","ast-hfb-below-header-display":"","ast-hfb-mobile-header-display":"","site-post-title":"","ast-breadcrumbs-content":"","ast-featured-img":"","footer-sml-layout":"","ast-disable-related-posts":"","theme-transparent-header-meta":"","adv-header-id-meta":"","stick-header-meta":"","header-above-stick-meta":"","header-main-stick-meta":"","header-below-stick-meta":"","astra-migrate-meta-layouts":"default","ast-page-background-enabled":"default","ast-page-background-meta":{"desktop":{"background-color":"","background-image":"","background-repeat":"repeat","background-position":"center center","background-size":"auto","background-attachment":"scroll","background-type":"","background-media":"","overlay-type":"","overlay-color":"","overlay-opacity":"","overlay-gradient":""},"tablet":{"background-color":"","background-image":"","background-repeat":"repeat","background-position":"center center","background-size":"auto","background-attachment":"scroll","background-type":"","background-media":"","overlay-type":"","overlay-color":"","overlay-opacity":"","overlay-gradient":""},"mobile":{"background-color":"","background-image":"","background-repeat":"repeat","background-position":"center center","background-size":"auto","background-attachment":"scroll","background-type":"","background-media":"","overlay-type":"","overlay-color":"","overlay-opacity":"","overlay-gradient":""}},"ast-content-background-meta":{"desktop":{"background-color":"var(--ast-global-color-4)","background-image":"","background-repeat":"repeat","background-position":"center center","background-size":"auto","background-attachment":"scroll","background-type":"","background-media":"","overlay-type":"","overlay-color":"","overlay-opacity":"","overlay-gradient":""},"tablet":{"background-color":"var(--ast-global-color-4)","background-image":"","background-repeat":"repeat","background-position":"center center","background-size":"auto","background-attachment":"scroll","background-type":"","background-media":"","overlay-type":"","overlay-color":"","overlay-opacity":"","overlay-gradient":""},"mobile":{"background-color":"var(--ast-global-color-4)","background-image":"","background-repeat":"repeat","background-position":"center center","background-size":"auto","background-attachment":"scroll","background-type":"","background-media":"","overlay-type":"","overlay-color":"","overlay-opacity":"","overlay-gradient":""}}},"product_brand":[],"product_cat":[269],"product_tag":[],"class_list":{"0":"post-11709","1":"product","2":"type-product","3":"status-publish","4":"has-post-thumbnail","6":"product_cat-gamtos-mokslai","7":"desktop-align-left","8":"tablet-align-left","9":"mobile-align-left","11":"first","12":"outofstock","13":"shipping-taxable","14":"purchasable","15":"product-type-simple"},"acf":[],"yoast_head":"<!-- This site is optimized with the Yoast SEO plugin v27.0 - https:\/\/yoast.com\/product\/yoast-seo-wordpress\/ -->\n<title>Danas Augutis, Remigijus Karpu\u0161ka \u201eAtsakinga Mi\u0161kininkyst\u0117\u201c - Skaitytaknyga<\/title>\n<meta name=\"description\" content=\"\u0160ia knyga siekiama suteikti daugiau \u017eini\u0173 apie mi\u0161k\u0105 kaip \u012fvairiar\u016b\u0161\u0119 ir nepaprastai turting\u0105 ekosistem\u0105, kuri\u0105\u00a0 reikia vertinti ne tik kaip medyn\u0105 ir jame egzistuojan\u010dias kitas, ma\u017eiau svarbias r\u016b\u0161is, o kaip atskir\u0105 organizm\u0105, kur kiekvienas komponentas turi paskirt\u012f ir yra svarbus.\" \/>\n<meta name=\"robots\" content=\"index, follow, max-snippet:-1, max-image-preview:large, max-video-preview:-1\" \/>\n<link rel=\"canonical\" href=\"https:\/\/skaitytaknyga.lt\/en\/produktas\/danas-augutis-remigijus-karpuska-atsakinga-miskininkyste\/\" \/>\n<meta property=\"og:locale\" content=\"en_GB\" \/>\n<meta property=\"og:locale:alternate\" content=\"lt_LT\" \/>\n<meta property=\"og:type\" content=\"article\" \/>\n<meta property=\"og:title\" content=\"Danas Augutis, Remigijus Karpu\u0161ka \u201eAtsakinga Mi\u0161kininkyst\u0117\u201c - Skaitytaknyga\" \/>\n<meta property=\"og:description\" content=\"\u0160ia knyga siekiama suteikti daugiau \u017eini\u0173 apie mi\u0161k\u0105 kaip \u012fvairiar\u016b\u0161\u0119 ir nepaprastai turting\u0105 ekosistem\u0105, kuri\u0105\u00a0 reikia vertinti ne tik kaip medyn\u0105 ir jame egzistuojan\u010dias kitas, ma\u017eiau svarbias r\u016b\u0161is, o kaip atskir\u0105 organizm\u0105, kur kiekvienas komponentas turi paskirt\u012f ir yra svarbus.\" \/>\n<meta property=\"og:url\" content=\"https:\/\/skaitytaknyga.lt\/en\/produktas\/danas-augutis-remigijus-karpuska-atsakinga-miskininkyste\/\" \/>\n<meta property=\"og:site_name\" content=\"Skaitytaknyga\" \/>\n<meta property=\"article:publisher\" content=\"https:\/\/www.facebook.com\/skaitytaknyga\/\" \/>\n<meta property=\"article:modified_time\" content=\"2025-02-13T16:12:28+00:00\" \/>\n<meta property=\"og:image\" content=\"https:\/\/skaitytaknyga.lt\/wp-content\/uploads\/2024\/05\/Ats_mis.jpg\" \/>\n\t<meta property=\"og:image:width\" content=\"393\" \/>\n\t<meta property=\"og:image:height\" content=\"532\" \/>\n\t<meta property=\"og:image:type\" content=\"image\/jpeg\" \/>\n<meta name=\"twitter:card\" content=\"summary_large_image\" \/>\n<script type=\"application\/ld+json\" class=\"yoast-schema-graph\">{\"@context\":\"https:\/\/schema.org\",\"@graph\":[{\"@type\":\"WebPage\",\"@id\":\"https:\/\/skaitytaknyga.lt\/produktas\/danas-augutis-remigijus-karpuska-atsakinga-miskininkyste\/\",\"url\":\"https:\/\/skaitytaknyga.lt\/produktas\/danas-augutis-remigijus-karpuska-atsakinga-miskininkyste\/\",\"name\":\"Danas Augutis, Remigijus Karpu\u0161ka \u201eAtsakinga Mi\u0161kininkyst\u0117\u201c - Skaitytaknyga\",\"isPartOf\":{\"@id\":\"https:\/\/skaitytaknyga.lt\/#website\"},\"primaryImageOfPage\":{\"@id\":\"https:\/\/skaitytaknyga.lt\/produktas\/danas-augutis-remigijus-karpuska-atsakinga-miskininkyste\/#primaryimage\"},\"image\":{\"@id\":\"https:\/\/skaitytaknyga.lt\/produktas\/danas-augutis-remigijus-karpuska-atsakinga-miskininkyste\/#primaryimage\"},\"thumbnailUrl\":\"https:\/\/skaitytaknyga.lt\/wp-content\/uploads\/2024\/05\/Ats_mis.jpg\",\"datePublished\":\"2024-05-22T07:52:56+00:00\",\"dateModified\":\"2025-02-13T16:12:28+00:00\",\"description\":\"\u0160ia knyga siekiama suteikti daugiau \u017eini\u0173 apie mi\u0161k\u0105 kaip \u012fvairiar\u016b\u0161\u0119 ir nepaprastai turting\u0105 ekosistem\u0105, kuri\u0105\u00a0 reikia vertinti ne tik kaip medyn\u0105 ir jame egzistuojan\u010dias kitas, ma\u017eiau svarbias r\u016b\u0161is, o kaip atskir\u0105 organizm\u0105, kur kiekvienas komponentas turi paskirt\u012f ir yra svarbus.\",\"breadcrumb\":{\"@id\":\"https:\/\/skaitytaknyga.lt\/produktas\/danas-augutis-remigijus-karpuska-atsakinga-miskininkyste\/#breadcrumb\"},\"inLanguage\":\"en-GB\",\"potentialAction\":[{\"@type\":\"ReadAction\",\"target\":[\"https:\/\/skaitytaknyga.lt\/produktas\/danas-augutis-remigijus-karpuska-atsakinga-miskininkyste\/\"]}]},{\"@type\":\"ImageObject\",\"inLanguage\":\"en-GB\",\"@id\":\"https:\/\/skaitytaknyga.lt\/produktas\/danas-augutis-remigijus-karpuska-atsakinga-miskininkyste\/#primaryimage\",\"url\":\"https:\/\/skaitytaknyga.lt\/wp-content\/uploads\/2024\/05\/Ats_mis.jpg\",\"contentUrl\":\"https:\/\/skaitytaknyga.lt\/wp-content\/uploads\/2024\/05\/Ats_mis.jpg\",\"width\":393,\"height\":532},{\"@type\":\"BreadcrumbList\",\"@id\":\"https:\/\/skaitytaknyga.lt\/produktas\/danas-augutis-remigijus-karpuska-atsakinga-miskininkyste\/#breadcrumb\",\"itemListElement\":[{\"@type\":\"ListItem\",\"position\":1,\"name\":\"Home\",\"item\":\"https:\/\/skaitytaknyga.lt\/\"},{\"@type\":\"ListItem\",\"position\":2,\"name\":\"Parduotuv\u0117\",\"item\":\"https:\/\/skaitytaknyga.lt\/knygu-parduotuve\/\"},{\"@type\":\"ListItem\",\"position\":3,\"name\":\"Danas Augutis, Remigijus Karpu\u0161ka \u201eAtsakinga Mi\u0161kininkyst\u0117\u201c\"}]},{\"@type\":\"WebSite\",\"@id\":\"https:\/\/skaitytaknyga.lt\/#website\",\"url\":\"https:\/\/skaitytaknyga.lt\/\",\"name\":\"skaitytaknyga.lt\",\"description\":\"Skaitytaknyga.lt \u2013 tai ma\u017eas \u0161eimos verslas, kuris prasid\u0117jo nuo meil\u0117s knygoms ir siekio i\u0161gelb\u0117ti knygas nuo likimo prie konteinerio. Kas vienam nereikalingas daiktas \u2013 kitam lobis, o mes esame tarpininkai, kurie padeda abiems tapti laimingesniems ???? \u017dinome kaip nelengva i\u0161gyventi ma\u017eiems verslams, tad nuo \u0161iol, \u010dia rasite ir kit\u0173, ma\u017e\u0173 \u0161eim\u0173 versl\u0173, rank\u0173 darbo, dovan\u0173 sau ir artimiesiems.\",\"publisher\":{\"@id\":\"https:\/\/skaitytaknyga.lt\/#organization\"},\"potentialAction\":[{\"@type\":\"SearchAction\",\"target\":{\"@type\":\"EntryPoint\",\"urlTemplate\":\"https:\/\/skaitytaknyga.lt\/?s={search_term_string}\"},\"query-input\":{\"@type\":\"PropertyValueSpecification\",\"valueRequired\":true,\"valueName\":\"search_term_string\"}}],\"inLanguage\":\"en-GB\"},{\"@type\":\"Organization\",\"@id\":\"https:\/\/skaitytaknyga.lt\/#organization\",\"name\":\"skaitytaknyga.lt\",\"url\":\"https:\/\/skaitytaknyga.lt\/\",\"logo\":{\"@type\":\"ImageObject\",\"inLanguage\":\"en-GB\",\"@id\":\"https:\/\/skaitytaknyga.lt\/#\/schema\/logo\/image\/\",\"url\":\"https:\/\/skaitytaknyga.lt\/wp-content\/uploads\/2024\/05\/cropped-cropped-cropped-02_00843_jt3bggkj1j3HLc7SyY6rEUpg.jpeg\",\"contentUrl\":\"https:\/\/skaitytaknyga.lt\/wp-content\/uploads\/2024\/05\/cropped-cropped-cropped-02_00843_jt3bggkj1j3HLc7SyY6rEUpg.jpeg\",\"width\":1600,\"height\":1600,\"caption\":\"skaitytaknyga.lt\"},\"image\":{\"@id\":\"https:\/\/skaitytaknyga.lt\/#\/schema\/logo\/image\/\"},\"sameAs\":[\"https:\/\/www.facebook.com\/skaitytaknyga\/\"]}]}<\/script>\n<!-- \/ Yoast SEO plugin. -->","yoast_head_json":{"title":"Danas Augutis, Remigijus Karpu\u0161ka \u201eAtsakinga Mi\u0161kininkyst\u0117\u201c - Skaitytaknyga","description":"\u0160ia knyga siekiama suteikti daugiau \u017eini\u0173 apie mi\u0161k\u0105 kaip \u012fvairiar\u016b\u0161\u0119 ir nepaprastai turting\u0105 ekosistem\u0105, kuri\u0105\u00a0 reikia vertinti ne tik kaip medyn\u0105 ir jame egzistuojan\u010dias kitas, ma\u017eiau svarbias r\u016b\u0161is, o kaip atskir\u0105 organizm\u0105, kur kiekvienas komponentas turi paskirt\u012f ir yra svarbus.","robots":{"index":"index","follow":"follow","max-snippet":"max-snippet:-1","max-image-preview":"max-image-preview:large","max-video-preview":"max-video-preview:-1"},"canonical":"https:\/\/skaitytaknyga.lt\/en\/produktas\/danas-augutis-remigijus-karpuska-atsakinga-miskininkyste\/","og_locale":"en_GB","og_type":"article","og_title":"Danas Augutis, Remigijus Karpu\u0161ka \u201eAtsakinga Mi\u0161kininkyst\u0117\u201c - Skaitytaknyga","og_description":"\u0160ia knyga siekiama suteikti daugiau \u017eini\u0173 apie mi\u0161k\u0105 kaip \u012fvairiar\u016b\u0161\u0119 ir nepaprastai turting\u0105 ekosistem\u0105, kuri\u0105\u00a0 reikia vertinti ne tik kaip medyn\u0105 ir jame egzistuojan\u010dias kitas, ma\u017eiau svarbias r\u016b\u0161is, o kaip atskir\u0105 organizm\u0105, kur kiekvienas komponentas turi paskirt\u012f ir yra svarbus.","og_url":"https:\/\/skaitytaknyga.lt\/en\/produktas\/danas-augutis-remigijus-karpuska-atsakinga-miskininkyste\/","og_site_name":"Skaitytaknyga","article_publisher":"https:\/\/www.facebook.com\/skaitytaknyga\/","article_modified_time":"2025-02-13T16:12:28+00:00","og_image":[{"width":393,"height":532,"url":"https:\/\/skaitytaknyga.lt\/wp-content\/uploads\/2024\/05\/Ats_mis.jpg","type":"image\/jpeg"}],"twitter_card":"summary_large_image","schema":{"@context":"https:\/\/schema.org","@graph":[{"@type":"WebPage","@id":"https:\/\/skaitytaknyga.lt\/produktas\/danas-augutis-remigijus-karpuska-atsakinga-miskininkyste\/","url":"https:\/\/skaitytaknyga.lt\/produktas\/danas-augutis-remigijus-karpuska-atsakinga-miskininkyste\/","name":"Danas Augutis, Remigijus Karpu\u0161ka \u201eAtsakinga Mi\u0161kininkyst\u0117\u201c - Skaitytaknyga","isPartOf":{"@id":"https:\/\/skaitytaknyga.lt\/#website"},"primaryImageOfPage":{"@id":"https:\/\/skaitytaknyga.lt\/produktas\/danas-augutis-remigijus-karpuska-atsakinga-miskininkyste\/#primaryimage"},"image":{"@id":"https:\/\/skaitytaknyga.lt\/produktas\/danas-augutis-remigijus-karpuska-atsakinga-miskininkyste\/#primaryimage"},"thumbnailUrl":"https:\/\/skaitytaknyga.lt\/wp-content\/uploads\/2024\/05\/Ats_mis.jpg","datePublished":"2024-05-22T07:52:56+00:00","dateModified":"2025-02-13T16:12:28+00:00","description":"\u0160ia knyga siekiama suteikti daugiau \u017eini\u0173 apie mi\u0161k\u0105 kaip \u012fvairiar\u016b\u0161\u0119 ir nepaprastai turting\u0105 ekosistem\u0105, kuri\u0105\u00a0 reikia vertinti ne tik kaip medyn\u0105 ir jame egzistuojan\u010dias kitas, ma\u017eiau svarbias r\u016b\u0161is, o kaip atskir\u0105 organizm\u0105, kur kiekvienas komponentas turi paskirt\u012f ir yra svarbus.","breadcrumb":{"@id":"https:\/\/skaitytaknyga.lt\/produktas\/danas-augutis-remigijus-karpuska-atsakinga-miskininkyste\/#breadcrumb"},"inLanguage":"en-GB","potentialAction":[{"@type":"ReadAction","target":["https:\/\/skaitytaknyga.lt\/produktas\/danas-augutis-remigijus-karpuska-atsakinga-miskininkyste\/"]}]},{"@type":"ImageObject","inLanguage":"en-GB","@id":"https:\/\/skaitytaknyga.lt\/produktas\/danas-augutis-remigijus-karpuska-atsakinga-miskininkyste\/#primaryimage","url":"https:\/\/skaitytaknyga.lt\/wp-content\/uploads\/2024\/05\/Ats_mis.jpg","contentUrl":"https:\/\/skaitytaknyga.lt\/wp-content\/uploads\/2024\/05\/Ats_mis.jpg","width":393,"height":532},{"@type":"BreadcrumbList","@id":"https:\/\/skaitytaknyga.lt\/produktas\/danas-augutis-remigijus-karpuska-atsakinga-miskininkyste\/#breadcrumb","itemListElement":[{"@type":"ListItem","position":1,"name":"Home","item":"https:\/\/skaitytaknyga.lt\/"},{"@type":"ListItem","position":2,"name":"Parduotuv\u0117","item":"https:\/\/skaitytaknyga.lt\/knygu-parduotuve\/"},{"@type":"ListItem","position":3,"name":"Danas Augutis, Remigijus Karpu\u0161ka \u201eAtsakinga Mi\u0161kininkyst\u0117\u201c"}]},{"@type":"WebSite","@id":"https:\/\/skaitytaknyga.lt\/#website","url":"https:\/\/skaitytaknyga.lt\/","name":"skaitytaknyga.lt","description":"Skaitytaknyga.lt \u2013 tai ma\u017eas \u0161eimos verslas, kuris prasid\u0117jo nuo meil\u0117s knygoms ir siekio i\u0161gelb\u0117ti knygas nuo likimo prie konteinerio. Kas vienam nereikalingas daiktas \u2013 kitam lobis, o mes esame tarpininkai, kurie padeda abiems tapti laimingesniems ???? \u017dinome kaip nelengva i\u0161gyventi ma\u017eiems verslams, tad nuo \u0161iol, \u010dia rasite ir kit\u0173, ma\u017e\u0173 \u0161eim\u0173 versl\u0173, rank\u0173 darbo, dovan\u0173 sau ir artimiesiems.","publisher":{"@id":"https:\/\/skaitytaknyga.lt\/#organization"},"potentialAction":[{"@type":"SearchAction","target":{"@type":"EntryPoint","urlTemplate":"https:\/\/skaitytaknyga.lt\/?s={search_term_string}"},"query-input":{"@type":"PropertyValueSpecification","valueRequired":true,"valueName":"search_term_string"}}],"inLanguage":"en-GB"},{"@type":"Organization","@id":"https:\/\/skaitytaknyga.lt\/#organization","name":"skaitytaknyga.lt","url":"https:\/\/skaitytaknyga.lt\/","logo":{"@type":"ImageObject","inLanguage":"en-GB","@id":"https:\/\/skaitytaknyga.lt\/#\/schema\/logo\/image\/","url":"https:\/\/skaitytaknyga.lt\/wp-content\/uploads\/2024\/05\/cropped-cropped-cropped-02_00843_jt3bggkj1j3HLc7SyY6rEUpg.jpeg","contentUrl":"https:\/\/skaitytaknyga.lt\/wp-content\/uploads\/2024\/05\/cropped-cropped-cropped-02_00843_jt3bggkj1j3HLc7SyY6rEUpg.jpeg","width":1600,"height":1600,"caption":"skaitytaknyga.lt"},"image":{"@id":"https:\/\/skaitytaknyga.lt\/#\/schema\/logo\/image\/"},"sameAs":["https:\/\/www.facebook.com\/skaitytaknyga\/"]}]}},"_links":{"self":[{"href":"https:\/\/skaitytaknyga.lt\/en\/wp-json\/wp\/v2\/product\/11709","targetHints":{"allow":["GET"]}}],"collection":[{"href":"https:\/\/skaitytaknyga.lt\/en\/wp-json\/wp\/v2\/product"}],"about":[{"href":"https:\/\/skaitytaknyga.lt\/en\/wp-json\/wp\/v2\/types\/product"}],"replies":[{"embeddable":true,"href":"https:\/\/skaitytaknyga.lt\/en\/wp-json\/wp\/v2\/comments?post=11709"}],"wp:featuredmedia":[{"embeddable":true,"href":"https:\/\/skaitytaknyga.lt\/en\/wp-json\/wp\/v2\/media\/11710"}],"wp:attachment":[{"href":"https:\/\/skaitytaknyga.lt\/en\/wp-json\/wp\/v2\/media?parent=11709"}],"wp:term":[{"taxonomy":"product_brand","embeddable":true,"href":"https:\/\/skaitytaknyga.lt\/en\/wp-json\/wp\/v2\/product_brand?post=11709"},{"taxonomy":"product_cat","embeddable":true,"href":"https:\/\/skaitytaknyga.lt\/en\/wp-json\/wp\/v2\/product_cat?post=11709"},{"taxonomy":"product_tag","embeddable":true,"href":"https:\/\/skaitytaknyga.lt\/en\/wp-json\/wp\/v2\/product_tag?post=11709"}],"curies":[{"name":"wp","href":"https:\/\/api.w.org\/{rel}","templated":true}]}}