{"id":11698,"date":"2024-05-22T10:21:22","date_gmt":"2024-05-22T07:21:22","guid":{"rendered":"https:\/\/skaitytaknyga.lt\/?post_type=product&#038;p=11698"},"modified":"2026-03-05T15:20:52","modified_gmt":"2026-03-05T13:20:52","slug":"rick-riordan-persis-dzeksonas-ir-olimpo-dievai-titano-prakeiksmas-3-oji-knyga","status":"publish","type":"product","link":"https:\/\/skaitytaknyga.lt\/en\/produktas\/rick-riordan-persis-dzeksonas-ir-olimpo-dievai-titano-prakeiksmas-3-oji-knyga\/","title":{"rendered":"Persis D\u017eeksonas ir Olimpo dievai. Titano prakeiksmas"},"content":{"rendered":"<p>\u0160i knyga \u2013 tai tre\u010dioji rekordinio populiarumo sulaukusios sagos dalis. Jos herojus vos prie\u0161 dvejus metus tebuvo paprastas Niujorko vaikinas, kol su\u017einojo ne\u012ftik\u0117tin\u0105 dalyk\u0105: jis yra Olimpo dievo ir mirtingosios s\u016bnus! Olimpo dievai?.. XXI am\u017eiuje?! Jei man\u0117te, kad tai \u2013 tik senas mitas, labai klydote&#8230; U\u017ekariav\u0119s visas \u012fmanomas knyg\u0173 populiarumo vir\u0161\u016bnes, Persis D\u017eeksonas stoja \u012f nauj\u0105 kov\u0105, nes dabar \u0161io vaikino rankose \u2013 pa\u010di\u0173 diev\u0173 likimas.<\/p>\n<p>Pusdievi\u0173 paie\u0161ka darosi vis sud\u0117tingesn\u0117, tod\u0117l su\u017einoj\u0119s, kad aptikti du galingi naujokai \u2212 Nikas ir Bjanka \u2212 Persis D\u017eeksonas su bendra\u017eygiais nieko nelauk\u0119s leid\u017eiasi j\u0173 vaduoti. Ta\u010diau ne viskas taip paprasta \u2013 jie pakli\u016bva \u012f sp\u0105stus, i\u0161 kuri\u0173 juos i\u0161traukia&#8230; pati deiv\u0117 Artemid\u0117 su savo med\u017eiotojomis.<br \/>\nPasirodo, jie ne vieninteliai, kuriems gresia pavojus \u2013 pabudo per am\u017eius miegoj\u0119s monstras, turintis gali\u0105 sunaikinti pat\u012f Olimp\u0105. Artemid\u0117, vienintel\u0117 galinti \u0161i\u0105 b\u016btyb\u0119 susekti, dingsta, tad j\u0105 surasti turi Persis su draugais ir deiv\u0117s med\u017eiotojomis. Kelyje j\u0173 laukia iki \u0161iol sunkiausia kli\u016btis, kelianti nerim\u0105 net nemirtingiesiems dievams, \u2013 Titano prakeiksmas&#8230;<\/p>\n","protected":false},"excerpt":{"rendered":"<div>\n<p>\u0160i knyga \u2013 tai tre\u010dioji rekordinio populiarumo sulaukusios sagos dalis. Jos herojus vos prie\u0161 dvejus metus tebuvo paprastas Niujorko vaikinas, kol su\u017einojo ne\u012ftik\u0117tin\u0105 dalyk\u0105: jis yra Olimpo dievo ir mirtingosios s\u016bnus! Olimpo dievai?.. XXI am\u017eiuje?! Jei man\u0117te, kad tai \u2013 tik senas mitas, labai klydote&#8230; U\u017ekariav\u0119s visas \u012fmanomas knyg\u0173 populiarumo vir\u0161\u016bnes, Persis D\u017eeksonas stoja \u012f nauj\u0105 kov\u0105, nes dabar \u0161io vaikino rankose \u2013 pa\u010di\u0173 diev\u0173 likimas.<\/p>\n<p>Pusdievi\u0173 paie\u0161ka darosi vis sud\u0117tingesn\u0117, tod\u0117l su\u017einoj\u0119s, kad aptikti du galingi naujokai \u2212 Nikas ir Bjanka \u2212 Persis D\u017eeksonas su bendra\u017eygiais nieko nelauk\u0119s leid\u017eiasi j\u0173 vaduoti. Ta\u010diau ne viskas taip paprasta \u2013 jie pakli\u016bva \u012f sp\u0105stus, i\u0161 kuri\u0173 juos i\u0161traukia&#8230; pati deiv\u0117 Artemid\u0117 su savo med\u017eiotojomis.<br \/>\nPasirodo, jie ne vieninteliai, kuriems gresia pavojus \u2013 pabudo per am\u017eius miegoj\u0119s monstras, turintis gali\u0105 sunaikinti pat\u012f Olimp\u0105. Artemid\u0117, vienintel\u0117 galinti \u0161i\u0105 b\u016btyb\u0119 susekti, dingsta, tad j\u0105 surasti turi Persis su draugais ir deiv\u0117s med\u017eiotojomis. Kelyje j\u0173 laukia iki \u0161iol sunkiausia kli\u016btis, kelianti nerim\u0105 net nemirtingiesiems dievams, \u2013 Titano prakeiksmas&#8230;<\/p>\n<\/div>\n","protected":false},"featured_media":11701,"comment_status":"closed","ping_status":"closed","template":"","meta":{"_acf_changed":false,"site-sidebar-layout":"default","site-content-layout":"","ast-site-content-layout":"default","site-content-style":"default","site-sidebar-style":"default","ast-global-header-display":"","ast-banner-title-visibility":"","ast-main-header-display":"","ast-hfb-above-header-display":"","ast-hfb-below-header-display":"","ast-hfb-mobile-header-display":"","site-post-title":"","ast-breadcrumbs-content":"","ast-featured-img":"","footer-sml-layout":"","ast-disable-related-posts":"","theme-transparent-header-meta":"default","adv-header-id-meta":"","stick-header-meta":"","header-above-stick-meta":"","header-main-stick-meta":"","header-below-stick-meta":"","astra-migrate-meta-layouts":"set","ast-page-background-enabled":"default","ast-page-background-meta":{"desktop":{"background-color":"","background-image":"","background-repeat":"repeat","background-position":"center center","background-size":"auto","background-attachment":"scroll","background-type":"","background-media":"","overlay-type":"","overlay-color":"","overlay-opacity":"","overlay-gradient":""},"tablet":{"background-color":"","background-image":"","background-repeat":"repeat","background-position":"center center","background-size":"auto","background-attachment":"scroll","background-type":"","background-media":"","overlay-type":"","overlay-color":"","overlay-opacity":"","overlay-gradient":""},"mobile":{"background-color":"","background-image":"","background-repeat":"repeat","background-position":"center center","background-size":"auto","background-attachment":"scroll","background-type":"","background-media":"","overlay-type":"","overlay-color":"","overlay-opacity":"","overlay-gradient":""}},"ast-content-background-meta":{"desktop":{"background-color":"var(--ast-global-color-4)","background-image":"","background-repeat":"repeat","background-position":"center center","background-size":"auto","background-attachment":"scroll","background-type":"","background-media":"","overlay-type":"","overlay-color":"","overlay-opacity":"","overlay-gradient":""},"tablet":{"background-color":"var(--ast-global-color-4)","background-image":"","background-repeat":"repeat","background-position":"center center","background-size":"auto","background-attachment":"scroll","background-type":"","background-media":"","overlay-type":"","overlay-color":"","overlay-opacity":"","overlay-gradient":""},"mobile":{"background-color":"var(--ast-global-color-4)","background-image":"","background-repeat":"repeat","background-position":"center center","background-size":"auto","background-attachment":"scroll","background-type":"","background-media":"","overlay-type":"","overlay-color":"","overlay-opacity":"","overlay-gradient":""}}},"product_brand":[],"product_cat":[15],"product_tag":[],"class_list":{"0":"post-11698","1":"product","2":"type-product","3":"status-publish","4":"has-post-thumbnail","6":"product_cat-uncategorized","7":"desktop-align-left","8":"tablet-align-left","9":"mobile-align-left","11":"first","12":"outofstock","13":"shipping-taxable","14":"purchasable","15":"product-type-simple"},"acf":[],"yoast_head":"<!-- This site is optimized with the Yoast SEO plugin v27.0 - https:\/\/yoast.com\/product\/yoast-seo-wordpress\/ -->\n<title>Persis D\u017eeksonas ir Olimpo dievai. Titano prakeiksmas<\/title>\n<meta name=\"description\" content=\"\u0160i knyga \u2013 tai tre\u010dioji rekordinio populiarumo sulaukusios sagos dalis. Jos herojus vos prie\u0161 dvejus metus tebuvo paprastas Niujorko vaikinas, kol su\u017einojo ne\u012ftik\u0117tin\u0105 dalyk\u0105: jis yra Olimpo dievo ir mirtingosios s\u016bnus! Olimpo dievai?.. XXI am\u017eiuje?! Jei man\u0117te, kad tai \u2013 tik senas mitas, labai klydote... U\u017ekariav\u0119s visas \u012fmanomas knyg\u0173 populiarumo vir\u0161\u016bnes, Persis D\u017eeksonas stoja \u012f nauj\u0105 kov\u0105, nes dabar \u0161io vaikino rankose \u2013 pa\u010di\u0173 diev\u0173 likimas.  Pusdievi\u0173 paie\u0161ka darosi vis sud\u0117tingesn\u0117, tod\u0117l su\u017einoj\u0119s, kad aptikti du galingi naujokai \u2212 Nikas ir Bjanka \u2212 Persis D\u017eeksonas su bendra\u017eygiais nieko nelauk\u0119s leid\u017eiasi j\u0173 vaduoti. Ta\u010diau ne viskas taip paprasta \u2013 jie pakli\u016bva \u012f sp\u0105stus, i\u0161 kuri\u0173 juos i\u0161traukia... pati deiv\u0117 Artemid\u0117 su savo med\u017eiotojomis. Pasirodo, jie ne vieninteliai, kuriems gresia pavojus \u2013 pabudo per am\u017eius miegoj\u0119s monstras, turintis gali\u0105 sunaikinti pat\u012f Olimp\u0105. Artemid\u0117, vienintel\u0117 galinti \u0161i\u0105 b\u016btyb\u0119 susekti, dingsta, tad j\u0105 surasti turi Persis su draugais ir deiv\u0117s med\u017eiotojomis. Kelyje j\u0173 laukia iki \u0161iol sunkiausia kli\u016btis, kelianti nerim\u0105 net nemirtingiesiems dievams, \u2013 Titano prakeiksmas...\" \/>\n<meta name=\"robots\" content=\"index, follow, max-snippet:-1, max-image-preview:large, max-video-preview:-1\" \/>\n<link rel=\"canonical\" href=\"https:\/\/skaitytaknyga.lt\/en\/produktas\/rick-riordan-persis-dzeksonas-ir-olimpo-dievai-titano-prakeiksmas-3-oji-knyga\/\" \/>\n<meta property=\"og:locale\" content=\"en_GB\" \/>\n<meta property=\"og:locale:alternate\" content=\"lt_LT\" \/>\n<meta property=\"og:type\" content=\"article\" \/>\n<meta property=\"og:title\" content=\"Persis D\u017eeksonas ir Olimpo dievai. Titano prakeiksmas\" \/>\n<meta property=\"og:description\" content=\"\u0160i knyga \u2013 tai tre\u010dioji rekordinio populiarumo sulaukusios sagos dalis. Jos herojus vos prie\u0161 dvejus metus tebuvo paprastas Niujorko vaikinas, kol su\u017einojo ne\u012ftik\u0117tin\u0105 dalyk\u0105: jis yra Olimpo dievo ir mirtingosios s\u016bnus! Olimpo dievai?.. XXI am\u017eiuje?! Jei man\u0117te, kad tai \u2013 tik senas mitas, labai klydote... U\u017ekariav\u0119s visas \u012fmanomas knyg\u0173 populiarumo vir\u0161\u016bnes, Persis D\u017eeksonas stoja \u012f nauj\u0105 kov\u0105, nes dabar \u0161io vaikino rankose \u2013 pa\u010di\u0173 diev\u0173 likimas.  Pusdievi\u0173 paie\u0161ka darosi vis sud\u0117tingesn\u0117, tod\u0117l su\u017einoj\u0119s, kad aptikti du galingi naujokai \u2212 Nikas ir Bjanka \u2212 Persis D\u017eeksonas su bendra\u017eygiais nieko nelauk\u0119s leid\u017eiasi j\u0173 vaduoti. Ta\u010diau ne viskas taip paprasta \u2013 jie pakli\u016bva \u012f sp\u0105stus, i\u0161 kuri\u0173 juos i\u0161traukia... pati deiv\u0117 Artemid\u0117 su savo med\u017eiotojomis. Pasirodo, jie ne vieninteliai, kuriems gresia pavojus \u2013 pabudo per am\u017eius miegoj\u0119s monstras, turintis gali\u0105 sunaikinti pat\u012f Olimp\u0105. Artemid\u0117, vienintel\u0117 galinti \u0161i\u0105 b\u016btyb\u0119 susekti, dingsta, tad j\u0105 surasti turi Persis su draugais ir deiv\u0117s med\u017eiotojomis. Kelyje j\u0173 laukia iki \u0161iol sunkiausia kli\u016btis, kelianti nerim\u0105 net nemirtingiesiems dievams, \u2013 Titano prakeiksmas...\" \/>\n<meta property=\"og:url\" content=\"https:\/\/skaitytaknyga.lt\/en\/produktas\/rick-riordan-persis-dzeksonas-ir-olimpo-dievai-titano-prakeiksmas-3-oji-knyga\/\" \/>\n<meta property=\"og:site_name\" content=\"Skaitytaknyga\" \/>\n<meta property=\"article:publisher\" content=\"https:\/\/www.facebook.com\/skaitytaknyga\/\" \/>\n<meta property=\"article:modified_time\" content=\"2026-03-05T13:20:52+00:00\" \/>\n<meta property=\"og:image\" content=\"https:\/\/skaitytaknyga.lt\/wp-content\/uploads\/2024\/07\/skaitytaknyga.png\" \/>\n\t<meta property=\"og:image:width\" content=\"747\" \/>\n\t<meta property=\"og:image:height\" content=\"496\" \/>\n\t<meta property=\"og:image:type\" content=\"image\/png\" \/>\n<meta name=\"twitter:card\" content=\"summary_large_image\" \/>\n<meta name=\"twitter:label1\" content=\"Estimated reading time\" \/>\n\t<meta name=\"twitter:data1\" content=\"1 minute\" \/>\n<script type=\"application\/ld+json\" class=\"yoast-schema-graph\">{\"@context\":\"https:\/\/schema.org\",\"@graph\":[{\"@type\":\"WebPage\",\"@id\":\"https:\/\/skaitytaknyga.lt\/produktas\/rick-riordan-persis-dzeksonas-ir-olimpo-dievai-titano-prakeiksmas-3-oji-knyga\/\",\"url\":\"https:\/\/skaitytaknyga.lt\/produktas\/rick-riordan-persis-dzeksonas-ir-olimpo-dievai-titano-prakeiksmas-3-oji-knyga\/\",\"name\":\"Persis D\u017eeksonas ir Olimpo dievai. Titano prakeiksmas\",\"isPartOf\":{\"@id\":\"https:\/\/skaitytaknyga.lt\/#website\"},\"primaryImageOfPage\":{\"@id\":\"https:\/\/skaitytaknyga.lt\/produktas\/rick-riordan-persis-dzeksonas-ir-olimpo-dievai-titano-prakeiksmas-3-oji-knyga\/#primaryimage\"},\"image\":{\"@id\":\"https:\/\/skaitytaknyga.lt\/produktas\/rick-riordan-persis-dzeksonas-ir-olimpo-dievai-titano-prakeiksmas-3-oji-knyga\/#primaryimage\"},\"thumbnailUrl\":\"\",\"datePublished\":\"2024-05-22T07:21:22+00:00\",\"dateModified\":\"2026-03-05T13:20:52+00:00\",\"description\":\"\u0160i knyga \u2013 tai tre\u010dioji rekordinio populiarumo sulaukusios sagos dalis. Jos herojus vos prie\u0161 dvejus metus tebuvo paprastas Niujorko vaikinas, kol su\u017einojo ne\u012ftik\u0117tin\u0105 dalyk\u0105: jis yra Olimpo dievo ir mirtingosios s\u016bnus! Olimpo dievai?.. XXI am\u017eiuje?! Jei man\u0117te, kad tai \u2013 tik senas mitas, labai klydote... U\u017ekariav\u0119s visas \u012fmanomas knyg\u0173 populiarumo vir\u0161\u016bnes, Persis D\u017eeksonas stoja \u012f nauj\u0105 kov\u0105, nes dabar \u0161io vaikino rankose \u2013 pa\u010di\u0173 diev\u0173 likimas. Pusdievi\u0173 paie\u0161ka darosi vis sud\u0117tingesn\u0117, tod\u0117l su\u017einoj\u0119s, kad aptikti du galingi naujokai \u2212 Nikas ir Bjanka \u2212 Persis D\u017eeksonas su bendra\u017eygiais nieko nelauk\u0119s leid\u017eiasi j\u0173 vaduoti. Ta\u010diau ne viskas taip paprasta \u2013 jie pakli\u016bva \u012f sp\u0105stus, i\u0161 kuri\u0173 juos i\u0161traukia... pati deiv\u0117 Artemid\u0117 su savo med\u017eiotojomis. Pasirodo, jie ne vieninteliai, kuriems gresia pavojus \u2013 pabudo per am\u017eius miegoj\u0119s monstras, turintis gali\u0105 sunaikinti pat\u012f Olimp\u0105. Artemid\u0117, vienintel\u0117 galinti \u0161i\u0105 b\u016btyb\u0119 susekti, dingsta, tad j\u0105 surasti turi Persis su draugais ir deiv\u0117s med\u017eiotojomis. Kelyje j\u0173 laukia iki \u0161iol sunkiausia kli\u016btis, kelianti nerim\u0105 net nemirtingiesiems dievams, \u2013 Titano prakeiksmas...\",\"breadcrumb\":{\"@id\":\"https:\/\/skaitytaknyga.lt\/produktas\/rick-riordan-persis-dzeksonas-ir-olimpo-dievai-titano-prakeiksmas-3-oji-knyga\/#breadcrumb\"},\"inLanguage\":\"en-GB\",\"potentialAction\":[{\"@type\":\"ReadAction\",\"target\":[\"https:\/\/skaitytaknyga.lt\/produktas\/rick-riordan-persis-dzeksonas-ir-olimpo-dievai-titano-prakeiksmas-3-oji-knyga\/\"]}]},{\"@type\":\"ImageObject\",\"inLanguage\":\"en-GB\",\"@id\":\"https:\/\/skaitytaknyga.lt\/produktas\/rick-riordan-persis-dzeksonas-ir-olimpo-dievai-titano-prakeiksmas-3-oji-knyga\/#primaryimage\",\"url\":\"\",\"contentUrl\":\"\"},{\"@type\":\"BreadcrumbList\",\"@id\":\"https:\/\/skaitytaknyga.lt\/produktas\/rick-riordan-persis-dzeksonas-ir-olimpo-dievai-titano-prakeiksmas-3-oji-knyga\/#breadcrumb\",\"itemListElement\":[{\"@type\":\"ListItem\",\"position\":1,\"name\":\"Home\",\"item\":\"https:\/\/skaitytaknyga.lt\/\"},{\"@type\":\"ListItem\",\"position\":2,\"name\":\"Parduotuv\u0117\",\"item\":\"https:\/\/skaitytaknyga.lt\/knygu-parduotuve\/\"},{\"@type\":\"ListItem\",\"position\":3,\"name\":\"Persis D\u017eeksonas ir Olimpo dievai. Titano prakeiksmas\"}]},{\"@type\":\"WebSite\",\"@id\":\"https:\/\/skaitytaknyga.lt\/#website\",\"url\":\"https:\/\/skaitytaknyga.lt\/\",\"name\":\"skaitytaknyga.lt\",\"description\":\"Skaitytaknyga.lt \u2013 tai ma\u017eas \u0161eimos verslas, kuris prasid\u0117jo nuo meil\u0117s knygoms ir siekio i\u0161gelb\u0117ti knygas nuo likimo prie konteinerio. Kas vienam nereikalingas daiktas \u2013 kitam lobis, o mes esame tarpininkai, kurie padeda abiems tapti laimingesniems ???? \u017dinome kaip nelengva i\u0161gyventi ma\u017eiems verslams, tad nuo \u0161iol, \u010dia rasite ir kit\u0173, ma\u017e\u0173 \u0161eim\u0173 versl\u0173, rank\u0173 darbo, dovan\u0173 sau ir artimiesiems.\",\"publisher\":{\"@id\":\"https:\/\/skaitytaknyga.lt\/#organization\"},\"potentialAction\":[{\"@type\":\"SearchAction\",\"target\":{\"@type\":\"EntryPoint\",\"urlTemplate\":\"https:\/\/skaitytaknyga.lt\/?s={search_term_string}\"},\"query-input\":{\"@type\":\"PropertyValueSpecification\",\"valueRequired\":true,\"valueName\":\"search_term_string\"}}],\"inLanguage\":\"en-GB\"},{\"@type\":\"Organization\",\"@id\":\"https:\/\/skaitytaknyga.lt\/#organization\",\"name\":\"skaitytaknyga.lt\",\"url\":\"https:\/\/skaitytaknyga.lt\/\",\"logo\":{\"@type\":\"ImageObject\",\"inLanguage\":\"en-GB\",\"@id\":\"https:\/\/skaitytaknyga.lt\/#\/schema\/logo\/image\/\",\"url\":\"https:\/\/skaitytaknyga.lt\/wp-content\/uploads\/2024\/05\/cropped-cropped-cropped-02_00843_jt3bggkj1j3HLc7SyY6rEUpg.jpeg\",\"contentUrl\":\"https:\/\/skaitytaknyga.lt\/wp-content\/uploads\/2024\/05\/cropped-cropped-cropped-02_00843_jt3bggkj1j3HLc7SyY6rEUpg.jpeg\",\"width\":1600,\"height\":1600,\"caption\":\"skaitytaknyga.lt\"},\"image\":{\"@id\":\"https:\/\/skaitytaknyga.lt\/#\/schema\/logo\/image\/\"},\"sameAs\":[\"https:\/\/www.facebook.com\/skaitytaknyga\/\"]}]}<\/script>\n<!-- \/ Yoast SEO plugin. -->","yoast_head_json":{"title":"Persis D\u017eeksonas ir Olimpo dievai. Titano prakeiksmas","description":"\u0160i knyga \u2013 tai tre\u010dioji rekordinio populiarumo sulaukusios sagos dalis. Jos herojus vos prie\u0161 dvejus metus tebuvo paprastas Niujorko vaikinas, kol su\u017einojo ne\u012ftik\u0117tin\u0105 dalyk\u0105: jis yra Olimpo dievo ir mirtingosios s\u016bnus! Olimpo dievai?.. XXI am\u017eiuje?! Jei man\u0117te, kad tai \u2013 tik senas mitas, labai klydote... U\u017ekariav\u0119s visas \u012fmanomas knyg\u0173 populiarumo vir\u0161\u016bnes, Persis D\u017eeksonas stoja \u012f nauj\u0105 kov\u0105, nes dabar \u0161io vaikino rankose \u2013 pa\u010di\u0173 diev\u0173 likimas.  Pusdievi\u0173 paie\u0161ka darosi vis sud\u0117tingesn\u0117, tod\u0117l su\u017einoj\u0119s, kad aptikti du galingi naujokai \u2212 Nikas ir Bjanka \u2212 Persis D\u017eeksonas su bendra\u017eygiais nieko nelauk\u0119s leid\u017eiasi j\u0173 vaduoti. Ta\u010diau ne viskas taip paprasta \u2013 jie pakli\u016bva \u012f sp\u0105stus, i\u0161 kuri\u0173 juos i\u0161traukia... pati deiv\u0117 Artemid\u0117 su savo med\u017eiotojomis. Pasirodo, jie ne vieninteliai, kuriems gresia pavojus \u2013 pabudo per am\u017eius miegoj\u0119s monstras, turintis gali\u0105 sunaikinti pat\u012f Olimp\u0105. Artemid\u0117, vienintel\u0117 galinti \u0161i\u0105 b\u016btyb\u0119 susekti, dingsta, tad j\u0105 surasti turi Persis su draugais ir deiv\u0117s med\u017eiotojomis. Kelyje j\u0173 laukia iki \u0161iol sunkiausia kli\u016btis, kelianti nerim\u0105 net nemirtingiesiems dievams, \u2013 Titano prakeiksmas...","robots":{"index":"index","follow":"follow","max-snippet":"max-snippet:-1","max-image-preview":"max-image-preview:large","max-video-preview":"max-video-preview:-1"},"canonical":"https:\/\/skaitytaknyga.lt\/en\/produktas\/rick-riordan-persis-dzeksonas-ir-olimpo-dievai-titano-prakeiksmas-3-oji-knyga\/","og_locale":"en_GB","og_type":"article","og_title":"[:lt]Persis D\u017eeksonas ir Olimpo dievai. Titano prakeiksmas[:] - Skaitytaknyga","og_description":"\u0160i knyga \u2013 tai tre\u010dioji rekordinio populiarumo sulaukusios sagos dalis. Jos herojus vos prie\u0161 dvejus metus tebuvo paprastas Niujorko vaikinas, kol su\u017einojo ne\u012ftik\u0117tin\u0105 dalyk\u0105: jis yra Olimpo dievo ir mirtingosios s\u016bnus! Olimpo dievai?.. XXI am\u017eiuje?! Jei man\u0117te, kad tai \u2013 tik senas mitas, labai klydote... U\u017ekariav\u0119s visas \u012fmanomas knyg\u0173 populiarumo vir\u0161\u016bnes, Persis D\u017eeksonas stoja \u012f nauj\u0105 kov\u0105, nes dabar \u0161io vaikino rankose \u2013 pa\u010di\u0173 diev\u0173 likimas.  Pusdievi\u0173 paie\u0161ka darosi vis sud\u0117tingesn\u0117, tod\u0117l su\u017einoj\u0119s, kad aptikti du galingi naujokai \u2212 Nikas ir Bjanka \u2212 Persis D\u017eeksonas su bendra\u017eygiais nieko nelauk\u0119s leid\u017eiasi j\u0173 vaduoti. Ta\u010diau ne viskas taip paprasta \u2013 jie pakli\u016bva \u012f sp\u0105stus, i\u0161 kuri\u0173 juos i\u0161traukia... pati deiv\u0117 Artemid\u0117 su savo med\u017eiotojomis. Pasirodo, jie ne vieninteliai, kuriems gresia pavojus \u2013 pabudo per am\u017eius miegoj\u0119s monstras, turintis gali\u0105 sunaikinti pat\u012f Olimp\u0105. Artemid\u0117, vienintel\u0117 galinti \u0161i\u0105 b\u016btyb\u0119 susekti, dingsta, tad j\u0105 surasti turi Persis su draugais ir deiv\u0117s med\u017eiotojomis. Kelyje j\u0173 laukia iki \u0161iol sunkiausia kli\u016btis, kelianti nerim\u0105 net nemirtingiesiems dievams, \u2013 Titano prakeiksmas...","og_url":"https:\/\/skaitytaknyga.lt\/en\/produktas\/rick-riordan-persis-dzeksonas-ir-olimpo-dievai-titano-prakeiksmas-3-oji-knyga\/","og_site_name":"Skaitytaknyga","article_publisher":"https:\/\/www.facebook.com\/skaitytaknyga\/","article_modified_time":"2026-03-05T13:20:52+00:00","og_image":[{"width":747,"height":496,"url":"https:\/\/skaitytaknyga.lt\/wp-content\/uploads\/2024\/07\/skaitytaknyga.png","type":"image\/png"}],"twitter_card":"summary_large_image","twitter_misc":{"Estimated reading time":"1 minute"},"schema":{"@context":"https:\/\/schema.org","@graph":[{"@type":"WebPage","@id":"https:\/\/skaitytaknyga.lt\/produktas\/rick-riordan-persis-dzeksonas-ir-olimpo-dievai-titano-prakeiksmas-3-oji-knyga\/","url":"https:\/\/skaitytaknyga.lt\/produktas\/rick-riordan-persis-dzeksonas-ir-olimpo-dievai-titano-prakeiksmas-3-oji-knyga\/","name":"Persis D\u017eeksonas ir Olimpo dievai. Titano prakeiksmas","isPartOf":{"@id":"https:\/\/skaitytaknyga.lt\/#website"},"primaryImageOfPage":{"@id":"https:\/\/skaitytaknyga.lt\/produktas\/rick-riordan-persis-dzeksonas-ir-olimpo-dievai-titano-prakeiksmas-3-oji-knyga\/#primaryimage"},"image":{"@id":"https:\/\/skaitytaknyga.lt\/produktas\/rick-riordan-persis-dzeksonas-ir-olimpo-dievai-titano-prakeiksmas-3-oji-knyga\/#primaryimage"},"thumbnailUrl":"","datePublished":"2024-05-22T07:21:22+00:00","dateModified":"2026-03-05T13:20:52+00:00","description":"\u0160i knyga \u2013 tai tre\u010dioji rekordinio populiarumo sulaukusios sagos dalis. Jos herojus vos prie\u0161 dvejus metus tebuvo paprastas Niujorko vaikinas, kol su\u017einojo ne\u012ftik\u0117tin\u0105 dalyk\u0105: jis yra Olimpo dievo ir mirtingosios s\u016bnus! Olimpo dievai?.. XXI am\u017eiuje?! Jei man\u0117te, kad tai \u2013 tik senas mitas, labai klydote... U\u017ekariav\u0119s visas \u012fmanomas knyg\u0173 populiarumo vir\u0161\u016bnes, Persis D\u017eeksonas stoja \u012f nauj\u0105 kov\u0105, nes dabar \u0161io vaikino rankose \u2013 pa\u010di\u0173 diev\u0173 likimas. Pusdievi\u0173 paie\u0161ka darosi vis sud\u0117tingesn\u0117, tod\u0117l su\u017einoj\u0119s, kad aptikti du galingi naujokai \u2212 Nikas ir Bjanka \u2212 Persis D\u017eeksonas su bendra\u017eygiais nieko nelauk\u0119s leid\u017eiasi j\u0173 vaduoti. Ta\u010diau ne viskas taip paprasta \u2013 jie pakli\u016bva \u012f sp\u0105stus, i\u0161 kuri\u0173 juos i\u0161traukia... pati deiv\u0117 Artemid\u0117 su savo med\u017eiotojomis. Pasirodo, jie ne vieninteliai, kuriems gresia pavojus \u2013 pabudo per am\u017eius miegoj\u0119s monstras, turintis gali\u0105 sunaikinti pat\u012f Olimp\u0105. Artemid\u0117, vienintel\u0117 galinti \u0161i\u0105 b\u016btyb\u0119 susekti, dingsta, tad j\u0105 surasti turi Persis su draugais ir deiv\u0117s med\u017eiotojomis. Kelyje j\u0173 laukia iki \u0161iol sunkiausia kli\u016btis, kelianti nerim\u0105 net nemirtingiesiems dievams, \u2013 Titano prakeiksmas...","breadcrumb":{"@id":"https:\/\/skaitytaknyga.lt\/produktas\/rick-riordan-persis-dzeksonas-ir-olimpo-dievai-titano-prakeiksmas-3-oji-knyga\/#breadcrumb"},"inLanguage":"en-GB","potentialAction":[{"@type":"ReadAction","target":["https:\/\/skaitytaknyga.lt\/produktas\/rick-riordan-persis-dzeksonas-ir-olimpo-dievai-titano-prakeiksmas-3-oji-knyga\/"]}]},{"@type":"ImageObject","inLanguage":"en-GB","@id":"https:\/\/skaitytaknyga.lt\/produktas\/rick-riordan-persis-dzeksonas-ir-olimpo-dievai-titano-prakeiksmas-3-oji-knyga\/#primaryimage","url":"","contentUrl":""},{"@type":"BreadcrumbList","@id":"https:\/\/skaitytaknyga.lt\/produktas\/rick-riordan-persis-dzeksonas-ir-olimpo-dievai-titano-prakeiksmas-3-oji-knyga\/#breadcrumb","itemListElement":[{"@type":"ListItem","position":1,"name":"Home","item":"https:\/\/skaitytaknyga.lt\/"},{"@type":"ListItem","position":2,"name":"Parduotuv\u0117","item":"https:\/\/skaitytaknyga.lt\/knygu-parduotuve\/"},{"@type":"ListItem","position":3,"name":"Persis D\u017eeksonas ir Olimpo dievai. Titano prakeiksmas"}]},{"@type":"WebSite","@id":"https:\/\/skaitytaknyga.lt\/#website","url":"https:\/\/skaitytaknyga.lt\/","name":"skaitytaknyga.lt","description":"Skaitytaknyga.lt \u2013 tai ma\u017eas \u0161eimos verslas, kuris prasid\u0117jo nuo meil\u0117s knygoms ir siekio i\u0161gelb\u0117ti knygas nuo likimo prie konteinerio. Kas vienam nereikalingas daiktas \u2013 kitam lobis, o mes esame tarpininkai, kurie padeda abiems tapti laimingesniems ???? \u017dinome kaip nelengva i\u0161gyventi ma\u017eiems verslams, tad nuo \u0161iol, \u010dia rasite ir kit\u0173, ma\u017e\u0173 \u0161eim\u0173 versl\u0173, rank\u0173 darbo, dovan\u0173 sau ir artimiesiems.","publisher":{"@id":"https:\/\/skaitytaknyga.lt\/#organization"},"potentialAction":[{"@type":"SearchAction","target":{"@type":"EntryPoint","urlTemplate":"https:\/\/skaitytaknyga.lt\/?s={search_term_string}"},"query-input":{"@type":"PropertyValueSpecification","valueRequired":true,"valueName":"search_term_string"}}],"inLanguage":"en-GB"},{"@type":"Organization","@id":"https:\/\/skaitytaknyga.lt\/#organization","name":"skaitytaknyga.lt","url":"https:\/\/skaitytaknyga.lt\/","logo":{"@type":"ImageObject","inLanguage":"en-GB","@id":"https:\/\/skaitytaknyga.lt\/#\/schema\/logo\/image\/","url":"https:\/\/skaitytaknyga.lt\/wp-content\/uploads\/2024\/05\/cropped-cropped-cropped-02_00843_jt3bggkj1j3HLc7SyY6rEUpg.jpeg","contentUrl":"https:\/\/skaitytaknyga.lt\/wp-content\/uploads\/2024\/05\/cropped-cropped-cropped-02_00843_jt3bggkj1j3HLc7SyY6rEUpg.jpeg","width":1600,"height":1600,"caption":"skaitytaknyga.lt"},"image":{"@id":"https:\/\/skaitytaknyga.lt\/#\/schema\/logo\/image\/"},"sameAs":["https:\/\/www.facebook.com\/skaitytaknyga\/"]}]}},"_links":{"self":[{"href":"https:\/\/skaitytaknyga.lt\/en\/wp-json\/wp\/v2\/product\/11698","targetHints":{"allow":["GET"]}}],"collection":[{"href":"https:\/\/skaitytaknyga.lt\/en\/wp-json\/wp\/v2\/product"}],"about":[{"href":"https:\/\/skaitytaknyga.lt\/en\/wp-json\/wp\/v2\/types\/product"}],"replies":[{"embeddable":true,"href":"https:\/\/skaitytaknyga.lt\/en\/wp-json\/wp\/v2\/comments?post=11698"}],"wp:featuredmedia":[{"embeddable":true,"href":"https:\/\/skaitytaknyga.lt\/en\/wp-json\/"}],"wp:attachment":[{"href":"https:\/\/skaitytaknyga.lt\/en\/wp-json\/wp\/v2\/media?parent=11698"}],"wp:term":[{"taxonomy":"product_brand","embeddable":true,"href":"https:\/\/skaitytaknyga.lt\/en\/wp-json\/wp\/v2\/product_brand?post=11698"},{"taxonomy":"product_cat","embeddable":true,"href":"https:\/\/skaitytaknyga.lt\/en\/wp-json\/wp\/v2\/product_cat?post=11698"},{"taxonomy":"product_tag","embeddable":true,"href":"https:\/\/skaitytaknyga.lt\/en\/wp-json\/wp\/v2\/product_tag?post=11698"}],"curies":[{"name":"wp","href":"https:\/\/api.w.org\/{rel}","templated":true}]}}