{"id":11679,"date":"2024-05-09T21:01:16","date_gmt":"2024-05-09T18:01:16","guid":{"rendered":"https:\/\/skaitytaknyga.lt\/?post_type=product&#038;p=11679"},"modified":"2026-03-16T09:07:44","modified_gmt":"2026-03-16T07:07:44","slug":"norman-doidge-save-keiciancios-smegenys","status":"publish","type":"product","link":"https:\/\/skaitytaknyga.lt\/en\/produktas\/norman-doidge-save-keiciancios-smegenys\/","title":{"rendered":"Save kei\u010dian\u010dios smegenys"},"content":{"rendered":"<p><em>Kei\u010diantys m\u0105stym\u0105, paai\u0161kinantys stebuklus ir realyb\u0119 sukre\u010diantys dalykai, kurie tur\u0117s \u012ftakos visai \u017emonijai.<\/em><br \/>\n\u201eThe New York Times\u201c<\/p>\n<p><em>\u012esp\u016bd\u017eiai perskai\u010dius knyg\u0105 kelia tok\u012f entuziazm\u0105, kad norisi j\u0105 rekomenduoti visiems gebantiems skaityti.<\/em><br \/>\nprof. A. Bagdonas, Vilniaus universitetas<\/p>\n<p>Susipa\u017einkite su devyniasde\u0161imtme\u010diu daktaru, kuris vis dar praktikuoja medicin\u0105, ir su insulto auka, kuri v\u0117l i\u0161moko jud\u0117ti ir kalb\u0117ti, su moterimi, turin\u010dia tik pus\u0119 smegen\u0173, bet sugeb\u0117jusia \u201epersiprogramuoti\u201c ir jaustis visaverte. \u0160i\u0173 \u017emoni\u0173 gyvenimus visi\u0161kai pakeit\u0117 nuostabus atradimas, kad pozityviai m\u0105stant smegenys gali pa\u010dios \u201epasitaisyti\u201c.<\/p>\n<p>Kanados mokslininkas, psichiatras, psichoanalitikas, Toronto ir Niujorko universitet\u0173 bendradarbis\u00a0<strong>Normanas Doidge\u2019as<\/strong>\u00a0bestseleriu tapusioje knygoje<strong>\u00a0\u201eSave kei\u010dian\u010dios smegenys\u201c<\/strong>\u00a0(The Brain That Changes Itself, 2007) i\u0161samiai apra\u0161o revoliucin\u012f atradim\u0105, teigiant\u012f, kad \u017emogaus smegenys pasi\u017eymi geb\u0117jimu keistis. \u0160ios fundamentalios smegen\u0173 savyb\u0117s, kuri\u0105 imta vadinti neuroplasti\u0161kumu, atradimas radikaliai pakeit\u0117 ne tik medicinos moksl\u0105, bet ir po\u017ei\u016br\u012f \u012f \u017emogaus smegenis kaip \u012f nuolat kintant\u012f ir galint\u012f atsinaujinti neuron\u0173 tinkl\u0105.<\/p>\n<p>Meil\u0117, seksas, sielvartas, santykiai, mokymasis, priklausomyb\u0117s, kult\u016bra, technologijos ir psichoterapija gali keisti m\u016bs\u0173 smegenis. Tur\u0117dami tokias plasti\u0161kas ir vis\u0105 gyvenim\u0105 besimokan\u010dias smegenis esame savitos, unikalios asmenyb\u0117s.<\/p>\n<p>Knygos pratarm\u0119 ir paai\u0161kinimus para\u0161\u0117 Vilniaus universiteto profesorius<strong>\u00a0Albinas Bagdonas<\/strong>.<\/p>\n","protected":false},"excerpt":{"rendered":"<p>Susipa\u017einkite su devyniasde\u0161imtme\u010diu daktaru, kuris vis dar praktikuoja medicin\u0105, ir su insulto auka, kuri v\u0117l i\u0161moko jud\u0117ti ir kalb\u0117ti, su moterimi, turin\u010dia tik pus\u0119 smegen\u0173, bet sugeb\u0117jusia \u201epersiprogramuoti\u201c ir jaustis visaverte. \u0160i\u0173 \u017emoni\u0173 gyvenimus visi\u0161kai pakeit\u0117 nuostabus atradimas, kad pozityviai m\u0105stant smegenys gali pa\u010dios \u201epasitaisyti\u201c.<\/p>\n<p>Kanados mokslininkas, psichiatras, psichoanalitikas, Toronto ir Niujorko universitet\u0173 bendradarbis\u00a0<strong>Normanas Doidge\u2019as<\/strong>\u00a0bestseleriu tapusioje knygoje<strong>\u00a0\u201eSave kei\u010dian\u010dios smegenys\u201c<\/strong>\u00a0(The Brain That Changes Itself, 2007) i\u0161samiai apra\u0161o revoliucin\u012f atradim\u0105, teigiant\u012f, kad \u017emogaus smegenys pasi\u017eymi geb\u0117jimu keistis. \u0160ios fundamentalios smegen\u0173 savyb\u0117s, kuri\u0105 imta vadinti neuroplasti\u0161kumu, atradimas radikaliai pakeit\u0117 ne tik medicinos moksl\u0105, bet ir po\u017ei\u016br\u012f \u012f \u017emogaus smegenis kaip \u012f nuolat kintant\u012f ir galint\u012f atsinaujinti neuron\u0173 tinkl\u0105.<\/p>\n<p>Meil\u0117, seksas, sielvartas, santykiai, mokymasis, priklausomyb\u0117s, kult\u016bra, technologijos ir psichoterapija gali keisti m\u016bs\u0173 smegenis. Tur\u0117dami tokias plasti\u0161kas ir vis\u0105 gyvenim\u0105 besimokan\u010dias smegenis esame savitos, unikalios asmenyb\u0117s.<\/p>\n","protected":false},"featured_media":11680,"comment_status":"closed","ping_status":"closed","template":"","meta":{"_acf_changed":false,"site-sidebar-layout":"default","site-content-layout":"","ast-site-content-layout":"default","site-content-style":"default","site-sidebar-style":"default","ast-global-header-display":"","ast-banner-title-visibility":"","ast-main-header-display":"","ast-hfb-above-header-display":"","ast-hfb-below-header-display":"","ast-hfb-mobile-header-display":"","site-post-title":"","ast-breadcrumbs-content":"","ast-featured-img":"","footer-sml-layout":"","ast-disable-related-posts":"","theme-transparent-header-meta":"","adv-header-id-meta":"","stick-header-meta":"","header-above-stick-meta":"","header-main-stick-meta":"","header-below-stick-meta":"","astra-migrate-meta-layouts":"default","ast-page-background-enabled":"default","ast-page-background-meta":{"desktop":{"background-color":"","background-image":"","background-repeat":"repeat","background-position":"center center","background-size":"auto","background-attachment":"scroll","background-type":"","background-media":"","overlay-type":"","overlay-color":"","overlay-opacity":"","overlay-gradient":""},"tablet":{"background-color":"","background-image":"","background-repeat":"repeat","background-position":"center center","background-size":"auto","background-attachment":"scroll","background-type":"","background-media":"","overlay-type":"","overlay-color":"","overlay-opacity":"","overlay-gradient":""},"mobile":{"background-color":"","background-image":"","background-repeat":"repeat","background-position":"center center","background-size":"auto","background-attachment":"scroll","background-type":"","background-media":"","overlay-type":"","overlay-color":"","overlay-opacity":"","overlay-gradient":""}},"ast-content-background-meta":{"desktop":{"background-color":"var(--ast-global-color-4)","background-image":"","background-repeat":"repeat","background-position":"center center","background-size":"auto","background-attachment":"scroll","background-type":"","background-media":"","overlay-type":"","overlay-color":"","overlay-opacity":"","overlay-gradient":""},"tablet":{"background-color":"var(--ast-global-color-4)","background-image":"","background-repeat":"repeat","background-position":"center center","background-size":"auto","background-attachment":"scroll","background-type":"","background-media":"","overlay-type":"","overlay-color":"","overlay-opacity":"","overlay-gradient":""},"mobile":{"background-color":"var(--ast-global-color-4)","background-image":"","background-repeat":"repeat","background-position":"center center","background-size":"auto","background-attachment":"scroll","background-type":"","background-media":"","overlay-type":"","overlay-color":"","overlay-opacity":"","overlay-gradient":""}}},"product_brand":[],"product_cat":[30],"product_tag":[4003,2095,4002,3999,3492,3937,4000,4001],"class_list":{"0":"post-11679","1":"product","2":"type-product","3":"status-publish","4":"has-post-thumbnail","6":"product_cat-psichologija-ir-saviugda","7":"product_tag-albinas-bagdonas","8":"product_tag-medicina","9":"product_tag-neurobiologija","10":"product_tag-neuroplastiskumas","11":"product_tag-psichiatrija","12":"product_tag-psichoanalize","13":"product_tag-smegenu-keitimasis","14":"product_tag-smegenu-plastiskumas","15":"desktop-align-left","16":"tablet-align-left","17":"mobile-align-left","19":"first","20":"outofstock","21":"shipping-taxable","22":"purchasable","23":"product-type-simple"},"acf":[],"yoast_head":"<!-- This site is optimized with the Yoast SEO plugin v27.0 - https:\/\/yoast.com\/product\/yoast-seo-wordpress\/ -->\n<title>Save kei\u010dian\u010dios smegenys<\/title>\n<meta name=\"description\" content=\"Susipa\u017einkite su devyniasde\u0161imtme\u010diu daktaru, kuris vis dar praktikuoja medicin\u0105, ir su insulto auka, kuri v\u0117l i\u0161moko jud\u0117ti ir kalb\u0117ti, su moterimi, turin\u010dia tik pus\u0119 smegen\u0173, bet sugeb\u0117jusia \u201epersiprogramuoti\u201c ir jaustis visaverte. \u0160i\u0173 \u017emoni\u0173 gyvenimus visi\u0161kai pakeit\u0117 nuostabus atradimas, kad pozityviai m\u0105stant smegenys gali pa\u010dios \u201epasitaisyti\u201c.  Kanados mokslininkas, psichiatras, psichoanalitikas, Toronto ir Niujorko universitet\u0173 bendradarbis\u00a0Normanas Doidge\u2019as\u00a0bestseleriu tapusioje knygoje\u00a0\u201eSave kei\u010dian\u010dios smegenys\u201c\u00a0(The Brain That Changes Itself, 2007) i\u0161samiai apra\u0161o revoliucin\u012f atradim\u0105, teigiant\u012f, kad \u017emogaus smegenys pasi\u017eymi geb\u0117jimu keistis. \u0160ios fundamentalios smegen\u0173 savyb\u0117s, kuri\u0105 imta vadinti neuroplasti\u0161kumu, atradimas radikaliai pakeit\u0117 ne tik medicinos moksl\u0105, bet ir po\u017ei\u016br\u012f \u012f \u017emogaus smegenis kaip \u012f nuolat kintant\u012f ir galint\u012f atsinaujinti neuron\u0173 tinkl\u0105.  Meil\u0117, seksas, sielvartas, santykiai, mokymasis, priklausomyb\u0117s, kult\u016bra, technologijos ir psichoterapija gali keisti m\u016bs\u0173 smegenis. Tur\u0117dami tokias plasti\u0161kas ir vis\u0105 gyvenim\u0105 besimokan\u010dias smegenis esame savitos, unikalios asmenyb\u0117s.\" \/>\n<meta name=\"robots\" content=\"index, follow, max-snippet:-1, max-image-preview:large, max-video-preview:-1\" \/>\n<link rel=\"canonical\" href=\"https:\/\/skaitytaknyga.lt\/en\/produktas\/norman-doidge-save-keiciancios-smegenys\/\" \/>\n<meta property=\"og:locale\" content=\"en_GB\" \/>\n<meta property=\"og:locale:alternate\" content=\"lt_LT\" \/>\n<meta property=\"og:type\" content=\"article\" \/>\n<meta property=\"og:title\" content=\"Save kei\u010dian\u010dios smegenys\" \/>\n<meta property=\"og:description\" content=\"Susipa\u017einkite su devyniasde\u0161imtme\u010diu daktaru, kuris vis dar praktikuoja medicin\u0105, ir su insulto auka, kuri v\u0117l i\u0161moko jud\u0117ti ir kalb\u0117ti, su moterimi, turin\u010dia tik pus\u0119 smegen\u0173, bet sugeb\u0117jusia \u201epersiprogramuoti\u201c ir jaustis visaverte. \u0160i\u0173 \u017emoni\u0173 gyvenimus visi\u0161kai pakeit\u0117 nuostabus atradimas, kad pozityviai m\u0105stant smegenys gali pa\u010dios \u201epasitaisyti\u201c.  Kanados mokslininkas, psichiatras, psichoanalitikas, Toronto ir Niujorko universitet\u0173 bendradarbis\u00a0Normanas Doidge\u2019as\u00a0bestseleriu tapusioje knygoje\u00a0\u201eSave kei\u010dian\u010dios smegenys\u201c\u00a0(The Brain That Changes Itself, 2007) i\u0161samiai apra\u0161o revoliucin\u012f atradim\u0105, teigiant\u012f, kad \u017emogaus smegenys pasi\u017eymi geb\u0117jimu keistis. \u0160ios fundamentalios smegen\u0173 savyb\u0117s, kuri\u0105 imta vadinti neuroplasti\u0161kumu, atradimas radikaliai pakeit\u0117 ne tik medicinos moksl\u0105, bet ir po\u017ei\u016br\u012f \u012f \u017emogaus smegenis kaip \u012f nuolat kintant\u012f ir galint\u012f atsinaujinti neuron\u0173 tinkl\u0105.  Meil\u0117, seksas, sielvartas, santykiai, mokymasis, priklausomyb\u0117s, kult\u016bra, technologijos ir psichoterapija gali keisti m\u016bs\u0173 smegenis. Tur\u0117dami tokias plasti\u0161kas ir vis\u0105 gyvenim\u0105 besimokan\u010dias smegenis esame savitos, unikalios asmenyb\u0117s.\" \/>\n<meta property=\"og:url\" content=\"https:\/\/skaitytaknyga.lt\/en\/produktas\/norman-doidge-save-keiciancios-smegenys\/\" \/>\n<meta property=\"og:site_name\" content=\"Skaitytaknyga\" \/>\n<meta property=\"article:publisher\" content=\"https:\/\/www.facebook.com\/skaitytaknyga\/\" \/>\n<meta property=\"article:modified_time\" content=\"2026-03-16T07:07:44+00:00\" \/>\n<meta property=\"og:image\" content=\"https:\/\/skaitytaknyga.lt\/wp-content\/uploads\/2024\/05\/Dizainas-be-pavadinimo-2.jpg\" \/>\n\t<meta property=\"og:image:width\" content=\"1410\" \/>\n\t<meta property=\"og:image:height\" content=\"2250\" \/>\n\t<meta property=\"og:image:type\" content=\"image\/jpeg\" \/>\n<meta name=\"twitter:card\" content=\"summary_large_image\" \/>\n<meta name=\"twitter:label1\" content=\"Estimated reading time\" \/>\n\t<meta name=\"twitter:data1\" content=\"1 minute\" \/>\n<script type=\"application\/ld+json\" class=\"yoast-schema-graph\">{\"@context\":\"https:\/\/schema.org\",\"@graph\":[{\"@type\":\"WebPage\",\"@id\":\"https:\/\/skaitytaknyga.lt\/produktas\/norman-doidge-save-keiciancios-smegenys\/\",\"url\":\"https:\/\/skaitytaknyga.lt\/produktas\/norman-doidge-save-keiciancios-smegenys\/\",\"name\":\"Save kei\u010dian\u010dios smegenys\",\"isPartOf\":{\"@id\":\"https:\/\/skaitytaknyga.lt\/#website\"},\"primaryImageOfPage\":{\"@id\":\"https:\/\/skaitytaknyga.lt\/produktas\/norman-doidge-save-keiciancios-smegenys\/#primaryimage\"},\"image\":{\"@id\":\"https:\/\/skaitytaknyga.lt\/produktas\/norman-doidge-save-keiciancios-smegenys\/#primaryimage\"},\"thumbnailUrl\":\"https:\/\/skaitytaknyga.lt\/wp-content\/uploads\/2024\/05\/Dizainas-be-pavadinimo-2.jpg\",\"datePublished\":\"2024-05-09T18:01:16+00:00\",\"dateModified\":\"2026-03-16T07:07:44+00:00\",\"description\":\"Susipa\u017einkite su devyniasde\u0161imtme\u010diu daktaru, kuris vis dar praktikuoja medicin\u0105, ir su insulto auka, kuri v\u0117l i\u0161moko jud\u0117ti ir kalb\u0117ti, su moterimi, turin\u010dia tik pus\u0119 smegen\u0173, bet sugeb\u0117jusia \u201epersiprogramuoti\u201c ir jaustis visaverte. \u0160i\u0173 \u017emoni\u0173 gyvenimus visi\u0161kai pakeit\u0117 nuostabus atradimas, kad pozityviai m\u0105stant smegenys gali pa\u010dios \u201epasitaisyti\u201c. Kanados mokslininkas, psichiatras, psichoanalitikas, Toronto ir Niujorko universitet\u0173 bendradarbis\u00a0Normanas Doidge\u2019as\u00a0bestseleriu tapusioje knygoje\u00a0\u201eSave kei\u010dian\u010dios smegenys\u201c\u00a0(The Brain That Changes Itself, 2007) i\u0161samiai apra\u0161o revoliucin\u012f atradim\u0105, teigiant\u012f, kad \u017emogaus smegenys pasi\u017eymi geb\u0117jimu keistis. \u0160ios fundamentalios smegen\u0173 savyb\u0117s, kuri\u0105 imta vadinti neuroplasti\u0161kumu, atradimas radikaliai pakeit\u0117 ne tik medicinos moksl\u0105, bet ir po\u017ei\u016br\u012f \u012f \u017emogaus smegenis kaip \u012f nuolat kintant\u012f ir galint\u012f atsinaujinti neuron\u0173 tinkl\u0105. Meil\u0117, seksas, sielvartas, santykiai, mokymasis, priklausomyb\u0117s, kult\u016bra, technologijos ir psichoterapija gali keisti m\u016bs\u0173 smegenis. Tur\u0117dami tokias plasti\u0161kas ir vis\u0105 gyvenim\u0105 besimokan\u010dias smegenis esame savitos, unikalios asmenyb\u0117s.\",\"breadcrumb\":{\"@id\":\"https:\/\/skaitytaknyga.lt\/produktas\/norman-doidge-save-keiciancios-smegenys\/#breadcrumb\"},\"inLanguage\":\"en-GB\",\"potentialAction\":[{\"@type\":\"ReadAction\",\"target\":[\"https:\/\/skaitytaknyga.lt\/produktas\/norman-doidge-save-keiciancios-smegenys\/\"]}]},{\"@type\":\"ImageObject\",\"inLanguage\":\"en-GB\",\"@id\":\"https:\/\/skaitytaknyga.lt\/produktas\/norman-doidge-save-keiciancios-smegenys\/#primaryimage\",\"url\":\"https:\/\/skaitytaknyga.lt\/wp-content\/uploads\/2024\/05\/Dizainas-be-pavadinimo-2.jpg\",\"contentUrl\":\"https:\/\/skaitytaknyga.lt\/wp-content\/uploads\/2024\/05\/Dizainas-be-pavadinimo-2.jpg\",\"width\":1410,\"height\":2250},{\"@type\":\"BreadcrumbList\",\"@id\":\"https:\/\/skaitytaknyga.lt\/produktas\/norman-doidge-save-keiciancios-smegenys\/#breadcrumb\",\"itemListElement\":[{\"@type\":\"ListItem\",\"position\":1,\"name\":\"Home\",\"item\":\"https:\/\/skaitytaknyga.lt\/\"},{\"@type\":\"ListItem\",\"position\":2,\"name\":\"Parduotuv\u0117\",\"item\":\"https:\/\/skaitytaknyga.lt\/knygu-parduotuve\/\"},{\"@type\":\"ListItem\",\"position\":3,\"name\":\"Save kei\u010dian\u010dios smegenys\"}]},{\"@type\":\"WebSite\",\"@id\":\"https:\/\/skaitytaknyga.lt\/#website\",\"url\":\"https:\/\/skaitytaknyga.lt\/\",\"name\":\"skaitytaknyga.lt\",\"description\":\"Skaitytaknyga.lt \u2013 tai ma\u017eas \u0161eimos verslas, kuris prasid\u0117jo nuo meil\u0117s knygoms ir siekio i\u0161gelb\u0117ti knygas nuo likimo prie konteinerio. Kas vienam nereikalingas daiktas \u2013 kitam lobis, o mes esame tarpininkai, kurie padeda abiems tapti laimingesniems ???? \u017dinome kaip nelengva i\u0161gyventi ma\u017eiems verslams, tad nuo \u0161iol, \u010dia rasite ir kit\u0173, ma\u017e\u0173 \u0161eim\u0173 versl\u0173, rank\u0173 darbo, dovan\u0173 sau ir artimiesiems.\",\"publisher\":{\"@id\":\"https:\/\/skaitytaknyga.lt\/#organization\"},\"potentialAction\":[{\"@type\":\"SearchAction\",\"target\":{\"@type\":\"EntryPoint\",\"urlTemplate\":\"https:\/\/skaitytaknyga.lt\/?s={search_term_string}\"},\"query-input\":{\"@type\":\"PropertyValueSpecification\",\"valueRequired\":true,\"valueName\":\"search_term_string\"}}],\"inLanguage\":\"en-GB\"},{\"@type\":\"Organization\",\"@id\":\"https:\/\/skaitytaknyga.lt\/#organization\",\"name\":\"skaitytaknyga.lt\",\"url\":\"https:\/\/skaitytaknyga.lt\/\",\"logo\":{\"@type\":\"ImageObject\",\"inLanguage\":\"en-GB\",\"@id\":\"https:\/\/skaitytaknyga.lt\/#\/schema\/logo\/image\/\",\"url\":\"https:\/\/skaitytaknyga.lt\/wp-content\/uploads\/2024\/05\/cropped-cropped-cropped-02_00843_jt3bggkj1j3HLc7SyY6rEUpg.jpeg\",\"contentUrl\":\"https:\/\/skaitytaknyga.lt\/wp-content\/uploads\/2024\/05\/cropped-cropped-cropped-02_00843_jt3bggkj1j3HLc7SyY6rEUpg.jpeg\",\"width\":1600,\"height\":1600,\"caption\":\"skaitytaknyga.lt\"},\"image\":{\"@id\":\"https:\/\/skaitytaknyga.lt\/#\/schema\/logo\/image\/\"},\"sameAs\":[\"https:\/\/www.facebook.com\/skaitytaknyga\/\"]}]}<\/script>\n<!-- \/ Yoast SEO plugin. -->","yoast_head_json":{"title":"Save kei\u010dian\u010dios smegenys","description":"Susipa\u017einkite su devyniasde\u0161imtme\u010diu daktaru, kuris vis dar praktikuoja medicin\u0105, ir su insulto auka, kuri v\u0117l i\u0161moko jud\u0117ti ir kalb\u0117ti, su moterimi, turin\u010dia tik pus\u0119 smegen\u0173, bet sugeb\u0117jusia \u201epersiprogramuoti\u201c ir jaustis visaverte. \u0160i\u0173 \u017emoni\u0173 gyvenimus visi\u0161kai pakeit\u0117 nuostabus atradimas, kad pozityviai m\u0105stant smegenys gali pa\u010dios \u201epasitaisyti\u201c.  Kanados mokslininkas, psichiatras, psichoanalitikas, Toronto ir Niujorko universitet\u0173 bendradarbis\u00a0Normanas Doidge\u2019as\u00a0bestseleriu tapusioje knygoje\u00a0\u201eSave kei\u010dian\u010dios smegenys\u201c\u00a0(The Brain That Changes Itself, 2007) i\u0161samiai apra\u0161o revoliucin\u012f atradim\u0105, teigiant\u012f, kad \u017emogaus smegenys pasi\u017eymi geb\u0117jimu keistis. \u0160ios fundamentalios smegen\u0173 savyb\u0117s, kuri\u0105 imta vadinti neuroplasti\u0161kumu, atradimas radikaliai pakeit\u0117 ne tik medicinos moksl\u0105, bet ir po\u017ei\u016br\u012f \u012f \u017emogaus smegenis kaip \u012f nuolat kintant\u012f ir galint\u012f atsinaujinti neuron\u0173 tinkl\u0105.  Meil\u0117, seksas, sielvartas, santykiai, mokymasis, priklausomyb\u0117s, kult\u016bra, technologijos ir psichoterapija gali keisti m\u016bs\u0173 smegenis. Tur\u0117dami tokias plasti\u0161kas ir vis\u0105 gyvenim\u0105 besimokan\u010dias smegenis esame savitos, unikalios asmenyb\u0117s.","robots":{"index":"index","follow":"follow","max-snippet":"max-snippet:-1","max-image-preview":"max-image-preview:large","max-video-preview":"max-video-preview:-1"},"canonical":"https:\/\/skaitytaknyga.lt\/en\/produktas\/norman-doidge-save-keiciancios-smegenys\/","og_locale":"en_GB","og_type":"article","og_title":"[:lt]Save kei\u010dian\u010dios smegenys[:] - Skaitytaknyga","og_description":"Susipa\u017einkite su devyniasde\u0161imtme\u010diu daktaru, kuris vis dar praktikuoja medicin\u0105, ir su insulto auka, kuri v\u0117l i\u0161moko jud\u0117ti ir kalb\u0117ti, su moterimi, turin\u010dia tik pus\u0119 smegen\u0173, bet sugeb\u0117jusia \u201epersiprogramuoti\u201c ir jaustis visaverte. \u0160i\u0173 \u017emoni\u0173 gyvenimus visi\u0161kai pakeit\u0117 nuostabus atradimas, kad pozityviai m\u0105stant smegenys gali pa\u010dios \u201epasitaisyti\u201c.  Kanados mokslininkas, psichiatras, psichoanalitikas, Toronto ir Niujorko universitet\u0173 bendradarbis\u00a0Normanas Doidge\u2019as\u00a0bestseleriu tapusioje knygoje\u00a0\u201eSave kei\u010dian\u010dios smegenys\u201c\u00a0(The Brain That Changes Itself, 2007) i\u0161samiai apra\u0161o revoliucin\u012f atradim\u0105, teigiant\u012f, kad \u017emogaus smegenys pasi\u017eymi geb\u0117jimu keistis. \u0160ios fundamentalios smegen\u0173 savyb\u0117s, kuri\u0105 imta vadinti neuroplasti\u0161kumu, atradimas radikaliai pakeit\u0117 ne tik medicinos moksl\u0105, bet ir po\u017ei\u016br\u012f \u012f \u017emogaus smegenis kaip \u012f nuolat kintant\u012f ir galint\u012f atsinaujinti neuron\u0173 tinkl\u0105.  Meil\u0117, seksas, sielvartas, santykiai, mokymasis, priklausomyb\u0117s, kult\u016bra, technologijos ir psichoterapija gali keisti m\u016bs\u0173 smegenis. Tur\u0117dami tokias plasti\u0161kas ir vis\u0105 gyvenim\u0105 besimokan\u010dias smegenis esame savitos, unikalios asmenyb\u0117s.","og_url":"https:\/\/skaitytaknyga.lt\/en\/produktas\/norman-doidge-save-keiciancios-smegenys\/","og_site_name":"Skaitytaknyga","article_publisher":"https:\/\/www.facebook.com\/skaitytaknyga\/","article_modified_time":"2026-03-16T07:07:44+00:00","og_image":[{"width":1410,"height":2250,"url":"https:\/\/skaitytaknyga.lt\/wp-content\/uploads\/2024\/05\/Dizainas-be-pavadinimo-2.jpg","type":"image\/jpeg"}],"twitter_card":"summary_large_image","twitter_misc":{"Estimated reading time":"1 minute"},"schema":{"@context":"https:\/\/schema.org","@graph":[{"@type":"WebPage","@id":"https:\/\/skaitytaknyga.lt\/produktas\/norman-doidge-save-keiciancios-smegenys\/","url":"https:\/\/skaitytaknyga.lt\/produktas\/norman-doidge-save-keiciancios-smegenys\/","name":"Save kei\u010dian\u010dios smegenys","isPartOf":{"@id":"https:\/\/skaitytaknyga.lt\/#website"},"primaryImageOfPage":{"@id":"https:\/\/skaitytaknyga.lt\/produktas\/norman-doidge-save-keiciancios-smegenys\/#primaryimage"},"image":{"@id":"https:\/\/skaitytaknyga.lt\/produktas\/norman-doidge-save-keiciancios-smegenys\/#primaryimage"},"thumbnailUrl":"https:\/\/skaitytaknyga.lt\/wp-content\/uploads\/2024\/05\/Dizainas-be-pavadinimo-2.jpg","datePublished":"2024-05-09T18:01:16+00:00","dateModified":"2026-03-16T07:07:44+00:00","description":"Susipa\u017einkite su devyniasde\u0161imtme\u010diu daktaru, kuris vis dar praktikuoja medicin\u0105, ir su insulto auka, kuri v\u0117l i\u0161moko jud\u0117ti ir kalb\u0117ti, su moterimi, turin\u010dia tik pus\u0119 smegen\u0173, bet sugeb\u0117jusia \u201epersiprogramuoti\u201c ir jaustis visaverte. \u0160i\u0173 \u017emoni\u0173 gyvenimus visi\u0161kai pakeit\u0117 nuostabus atradimas, kad pozityviai m\u0105stant smegenys gali pa\u010dios \u201epasitaisyti\u201c. Kanados mokslininkas, psichiatras, psichoanalitikas, Toronto ir Niujorko universitet\u0173 bendradarbis\u00a0Normanas Doidge\u2019as\u00a0bestseleriu tapusioje knygoje\u00a0\u201eSave kei\u010dian\u010dios smegenys\u201c\u00a0(The Brain That Changes Itself, 2007) i\u0161samiai apra\u0161o revoliucin\u012f atradim\u0105, teigiant\u012f, kad \u017emogaus smegenys pasi\u017eymi geb\u0117jimu keistis. \u0160ios fundamentalios smegen\u0173 savyb\u0117s, kuri\u0105 imta vadinti neuroplasti\u0161kumu, atradimas radikaliai pakeit\u0117 ne tik medicinos moksl\u0105, bet ir po\u017ei\u016br\u012f \u012f \u017emogaus smegenis kaip \u012f nuolat kintant\u012f ir galint\u012f atsinaujinti neuron\u0173 tinkl\u0105. Meil\u0117, seksas, sielvartas, santykiai, mokymasis, priklausomyb\u0117s, kult\u016bra, technologijos ir psichoterapija gali keisti m\u016bs\u0173 smegenis. Tur\u0117dami tokias plasti\u0161kas ir vis\u0105 gyvenim\u0105 besimokan\u010dias smegenis esame savitos, unikalios asmenyb\u0117s.","breadcrumb":{"@id":"https:\/\/skaitytaknyga.lt\/produktas\/norman-doidge-save-keiciancios-smegenys\/#breadcrumb"},"inLanguage":"en-GB","potentialAction":[{"@type":"ReadAction","target":["https:\/\/skaitytaknyga.lt\/produktas\/norman-doidge-save-keiciancios-smegenys\/"]}]},{"@type":"ImageObject","inLanguage":"en-GB","@id":"https:\/\/skaitytaknyga.lt\/produktas\/norman-doidge-save-keiciancios-smegenys\/#primaryimage","url":"https:\/\/skaitytaknyga.lt\/wp-content\/uploads\/2024\/05\/Dizainas-be-pavadinimo-2.jpg","contentUrl":"https:\/\/skaitytaknyga.lt\/wp-content\/uploads\/2024\/05\/Dizainas-be-pavadinimo-2.jpg","width":1410,"height":2250},{"@type":"BreadcrumbList","@id":"https:\/\/skaitytaknyga.lt\/produktas\/norman-doidge-save-keiciancios-smegenys\/#breadcrumb","itemListElement":[{"@type":"ListItem","position":1,"name":"Home","item":"https:\/\/skaitytaknyga.lt\/"},{"@type":"ListItem","position":2,"name":"Parduotuv\u0117","item":"https:\/\/skaitytaknyga.lt\/knygu-parduotuve\/"},{"@type":"ListItem","position":3,"name":"Save kei\u010dian\u010dios smegenys"}]},{"@type":"WebSite","@id":"https:\/\/skaitytaknyga.lt\/#website","url":"https:\/\/skaitytaknyga.lt\/","name":"skaitytaknyga.lt","description":"Skaitytaknyga.lt \u2013 tai ma\u017eas \u0161eimos verslas, kuris prasid\u0117jo nuo meil\u0117s knygoms ir siekio i\u0161gelb\u0117ti knygas nuo likimo prie konteinerio. Kas vienam nereikalingas daiktas \u2013 kitam lobis, o mes esame tarpininkai, kurie padeda abiems tapti laimingesniems ???? \u017dinome kaip nelengva i\u0161gyventi ma\u017eiems verslams, tad nuo \u0161iol, \u010dia rasite ir kit\u0173, ma\u017e\u0173 \u0161eim\u0173 versl\u0173, rank\u0173 darbo, dovan\u0173 sau ir artimiesiems.","publisher":{"@id":"https:\/\/skaitytaknyga.lt\/#organization"},"potentialAction":[{"@type":"SearchAction","target":{"@type":"EntryPoint","urlTemplate":"https:\/\/skaitytaknyga.lt\/?s={search_term_string}"},"query-input":{"@type":"PropertyValueSpecification","valueRequired":true,"valueName":"search_term_string"}}],"inLanguage":"en-GB"},{"@type":"Organization","@id":"https:\/\/skaitytaknyga.lt\/#organization","name":"skaitytaknyga.lt","url":"https:\/\/skaitytaknyga.lt\/","logo":{"@type":"ImageObject","inLanguage":"en-GB","@id":"https:\/\/skaitytaknyga.lt\/#\/schema\/logo\/image\/","url":"https:\/\/skaitytaknyga.lt\/wp-content\/uploads\/2024\/05\/cropped-cropped-cropped-02_00843_jt3bggkj1j3HLc7SyY6rEUpg.jpeg","contentUrl":"https:\/\/skaitytaknyga.lt\/wp-content\/uploads\/2024\/05\/cropped-cropped-cropped-02_00843_jt3bggkj1j3HLc7SyY6rEUpg.jpeg","width":1600,"height":1600,"caption":"skaitytaknyga.lt"},"image":{"@id":"https:\/\/skaitytaknyga.lt\/#\/schema\/logo\/image\/"},"sameAs":["https:\/\/www.facebook.com\/skaitytaknyga\/"]}]}},"_links":{"self":[{"href":"https:\/\/skaitytaknyga.lt\/en\/wp-json\/wp\/v2\/product\/11679","targetHints":{"allow":["GET"]}}],"collection":[{"href":"https:\/\/skaitytaknyga.lt\/en\/wp-json\/wp\/v2\/product"}],"about":[{"href":"https:\/\/skaitytaknyga.lt\/en\/wp-json\/wp\/v2\/types\/product"}],"replies":[{"embeddable":true,"href":"https:\/\/skaitytaknyga.lt\/en\/wp-json\/wp\/v2\/comments?post=11679"}],"wp:featuredmedia":[{"embeddable":true,"href":"https:\/\/skaitytaknyga.lt\/en\/wp-json\/wp\/v2\/media\/11680"}],"wp:attachment":[{"href":"https:\/\/skaitytaknyga.lt\/en\/wp-json\/wp\/v2\/media?parent=11679"}],"wp:term":[{"taxonomy":"product_brand","embeddable":true,"href":"https:\/\/skaitytaknyga.lt\/en\/wp-json\/wp\/v2\/product_brand?post=11679"},{"taxonomy":"product_cat","embeddable":true,"href":"https:\/\/skaitytaknyga.lt\/en\/wp-json\/wp\/v2\/product_cat?post=11679"},{"taxonomy":"product_tag","embeddable":true,"href":"https:\/\/skaitytaknyga.lt\/en\/wp-json\/wp\/v2\/product_tag?post=11679"}],"curies":[{"name":"wp","href":"https:\/\/api.w.org\/{rel}","templated":true}]}}