{"id":11628,"date":"2021-05-07T10:20:11","date_gmt":"2021-05-07T10:20:11","guid":{"rendered":"https:\/\/skaitytaknyga.lt\/?post_type=product&#038;p=11628"},"modified":"2024-05-10T11:36:12","modified_gmt":"2024-05-10T11:36:12","slug":"porcelianinis-puodelis","status":"publish","type":"product","link":"https:\/\/skaitytaknyga.lt\/en\/produktas\/porcelianinis-puodelis\/","title":{"rendered":"Porcelianinis puodelis"},"content":{"rendered":"<p>Pagaminta i\u0161 keramikos<\/p>\n<p>Skersmuo:\u00a09 cm, dugno\u00a05,5 cm<\/p>\n<p>Auk\u0161tis: 11 cm<\/p>\n<p>Talpa: 350 ml<\/p>\n<p>Spalva: sm\u0117lin\u0117<\/p>\n<p>Tinkama plauti indaplov\u0117je<\/p>\n<p>&nbsp;<\/p>\n<ul>\n<li>Puodelio individualizavimas gali u\u017etrukti iki 5d.d.<\/li>\n<\/ul>\n","protected":false},"excerpt":{"rendered":"<p>Puodelis STONE &amp; SAND yra\u00a0350 ml talpos ir pagamintas i\u0161 keramikos.<\/p>\n<p>Savo ne\u012fprasta tekst\u016bra ir dizainu puodelis gali b\u016bti unikalus akcentas ant J\u016bs\u0173 stalo.<\/p>\n<p>M\u0117gstantiems neutralias, bet ak\u012f traukian\u010dias spalvas, rekomenduojame rinktis b\u016btent \u0161iuos puodelius.<\/p>\n<p>\u0160ios serijos indai pasi\u017eymi \u017eavingais spalv\u0173 per\u0117jimais, nelygiomis briaunomis ir \u012fdubimais, atsirandan\u010diais d\u0117l akmenuk\u0173 ir sm\u0117lio braukimo apdirbimo metodo.<\/p>\n<p><strong>NORITE INDIVIDUALIZUOTI U\u017dSAKYM\u0104?*<\/strong><\/p>\n","protected":false},"featured_media":0,"comment_status":"open","ping_status":"closed","template":"","meta":{"_acf_changed":false,"site-sidebar-layout":"default","site-content-layout":"","ast-site-content-layout":"default","site-content-style":"default","site-sidebar-style":"default","ast-global-header-display":"","ast-banner-title-visibility":"","ast-main-header-display":"","ast-hfb-above-header-display":"","ast-hfb-below-header-display":"","ast-hfb-mobile-header-display":"","site-post-title":"","ast-breadcrumbs-content":"","ast-featured-img":"","footer-sml-layout":"","ast-disable-related-posts":"","theme-transparent-header-meta":"","adv-header-id-meta":"","stick-header-meta":"","header-above-stick-meta":"","header-main-stick-meta":"","header-below-stick-meta":"","astra-migrate-meta-layouts":"default","ast-page-background-enabled":"default","ast-page-background-meta":{"desktop":{"background-color":"","background-image":"","background-repeat":"repeat","background-position":"center center","background-size":"auto","background-attachment":"scroll","background-type":"","background-media":"","overlay-type":"","overlay-color":"","overlay-opacity":"","overlay-gradient":""},"tablet":{"background-color":"","background-image":"","background-repeat":"repeat","background-position":"center center","background-size":"auto","background-attachment":"scroll","background-type":"","background-media":"","overlay-type":"","overlay-color":"","overlay-opacity":"","overlay-gradient":""},"mobile":{"background-color":"","background-image":"","background-repeat":"repeat","background-position":"center center","background-size":"auto","background-attachment":"scroll","background-type":"","background-media":"","overlay-type":"","overlay-color":"","overlay-opacity":"","overlay-gradient":""}},"ast-content-background-meta":{"desktop":{"background-color":"var(--ast-global-color-4)","background-image":"","background-repeat":"repeat","background-position":"center center","background-size":"auto","background-attachment":"scroll","background-type":"","background-media":"","overlay-type":"","overlay-color":"","overlay-opacity":"","overlay-gradient":""},"tablet":{"background-color":"var(--ast-global-color-4)","background-image":"","background-repeat":"repeat","background-position":"center center","background-size":"auto","background-attachment":"scroll","background-type":"","background-media":"","overlay-type":"","overlay-color":"","overlay-opacity":"","overlay-gradient":""},"mobile":{"background-color":"var(--ast-global-color-4)","background-image":"","background-repeat":"repeat","background-position":"center center","background-size":"auto","background-attachment":"scroll","background-type":"","background-media":"","overlay-type":"","overlay-color":"","overlay-opacity":"","overlay-gradient":""}}},"product_brand":[],"product_cat":[15],"product_tag":[],"class_list":{"0":"post-11628","1":"product","2":"type-product","3":"status-publish","5":"product_cat-uncategorized","6":"desktop-align-left","7":"tablet-align-left","8":"mobile-align-left","10":"first","11":"outofstock","12":"shipping-taxable","13":"purchasable","14":"product-type-simple"},"acf":[],"yoast_head":"<!-- This site is optimized with the Yoast SEO plugin v27.4 - https:\/\/yoast.com\/product\/yoast-seo-wordpress\/ -->\n<title>Porcelianinis puodelis - Skaitytaknyga<\/title>\n<meta name=\"description\" content=\"Puodelis STONE &amp; SAND yra\u00a0350 ml talpos ir pagamintas i\u0161 keramikos.  Savo ne\u012fprasta tekst\u016bra ir dizainu puodelis gali b\u016bti unikalus akcentas ant J\u016bs\u0173 stalo.  M\u0117gstantiems neutralias, bet ak\u012f traukian\u010dias spalvas, rekomenduojame rinktis b\u016btent \u0161iuos puodelius.  \u0160ios serijos indai pasi\u017eymi \u017eavingais spalv\u0173 per\u0117jimais, nelygiomis briaunomis ir \u012fdubimais, atsirandan\u010diais d\u0117l akmenuk\u0173 ir sm\u0117lio braukimo apdirbimo metodo.  NORITE INDIVIDUALIZUOTI U\u017dSAKYM\u0104?*\" \/>\n<meta name=\"robots\" content=\"index, follow, max-snippet:-1, max-image-preview:large, max-video-preview:-1\" \/>\n<link rel=\"canonical\" href=\"https:\/\/skaitytaknyga.lt\/en\/produktas\/porcelianinis-puodelis\/\" \/>\n<meta property=\"og:locale\" content=\"en_GB\" \/>\n<meta property=\"og:locale:alternate\" content=\"lt_LT\" \/>\n<meta property=\"og:type\" content=\"article\" \/>\n<meta property=\"og:title\" content=\"Porcelianinis puodelis - Skaitytaknyga\" \/>\n<meta property=\"og:description\" content=\"Puodelis STONE &amp; SAND yra\u00a0350 ml talpos ir pagamintas i\u0161 keramikos.  Savo ne\u012fprasta tekst\u016bra ir dizainu puodelis gali b\u016bti unikalus akcentas ant J\u016bs\u0173 stalo.  M\u0117gstantiems neutralias, bet ak\u012f traukian\u010dias spalvas, rekomenduojame rinktis b\u016btent \u0161iuos puodelius.  \u0160ios serijos indai pasi\u017eymi \u017eavingais spalv\u0173 per\u0117jimais, nelygiomis briaunomis ir \u012fdubimais, atsirandan\u010diais d\u0117l akmenuk\u0173 ir sm\u0117lio braukimo apdirbimo metodo.  NORITE INDIVIDUALIZUOTI U\u017dSAKYM\u0104?*\" \/>\n<meta property=\"og:url\" content=\"https:\/\/skaitytaknyga.lt\/en\/produktas\/porcelianinis-puodelis\/\" \/>\n<meta property=\"og:site_name\" content=\"Skaitytaknyga\" \/>\n<meta property=\"article:publisher\" content=\"https:\/\/www.facebook.com\/skaitytaknyga\/\" \/>\n<meta property=\"article:modified_time\" content=\"2024-05-10T11:36:12+00:00\" \/>\n<meta property=\"og:image\" content=\"https:\/\/skaitytaknyga.lt\/wp-content\/uploads\/2024\/05\/Dizainas-be-pavadinimo-1.jpg\" \/>\n\t<meta property=\"og:image:width\" content=\"1410\" \/>\n\t<meta property=\"og:image:height\" content=\"2250\" \/>\n\t<meta property=\"og:image:type\" content=\"image\/jpeg\" \/>\n<meta name=\"twitter:card\" content=\"summary_large_image\" \/>\n<script type=\"application\/ld+json\" class=\"yoast-schema-graph\">{\"@context\":\"https:\\\/\\\/schema.org\",\"@graph\":[{\"@type\":\"WebPage\",\"@id\":\"https:\\\/\\\/skaitytaknyga.lt\\\/produktas\\\/porcelianinis-puodelis\\\/\",\"url\":\"https:\\\/\\\/skaitytaknyga.lt\\\/produktas\\\/porcelianinis-puodelis\\\/\",\"name\":\"Porcelianinis puodelis - Skaitytaknyga\",\"isPartOf\":{\"@id\":\"https:\\\/\\\/skaitytaknyga.lt\\\/#website\"},\"datePublished\":\"2021-05-07T10:20:11+00:00\",\"dateModified\":\"2024-05-10T11:36:12+00:00\",\"description\":\"Puodelis STONE &amp; SAND yra\u00a0350 ml talpos ir pagamintas i\u0161 keramikos. Savo ne\u012fprasta tekst\u016bra ir dizainu puodelis gali b\u016bti unikalus akcentas ant J\u016bs\u0173 stalo. M\u0117gstantiems neutralias, bet ak\u012f traukian\u010dias spalvas, rekomenduojame rinktis b\u016btent \u0161iuos puodelius. \u0160ios serijos indai pasi\u017eymi \u017eavingais spalv\u0173 per\u0117jimais, nelygiomis briaunomis ir \u012fdubimais, atsirandan\u010diais d\u0117l akmenuk\u0173 ir sm\u0117lio braukimo apdirbimo metodo. NORITE INDIVIDUALIZUOTI U\u017dSAKYM\u0104?*\",\"breadcrumb\":{\"@id\":\"https:\\\/\\\/skaitytaknyga.lt\\\/produktas\\\/porcelianinis-puodelis\\\/#breadcrumb\"},\"inLanguage\":\"en-GB\",\"potentialAction\":[{\"@type\":\"ReadAction\",\"target\":[\"https:\\\/\\\/skaitytaknyga.lt\\\/produktas\\\/porcelianinis-puodelis\\\/\"]}]},{\"@type\":\"BreadcrumbList\",\"@id\":\"https:\\\/\\\/skaitytaknyga.lt\\\/produktas\\\/porcelianinis-puodelis\\\/#breadcrumb\",\"itemListElement\":[{\"@type\":\"ListItem\",\"position\":1,\"name\":\"Home\",\"item\":\"https:\\\/\\\/skaitytaknyga.lt\\\/\"},{\"@type\":\"ListItem\",\"position\":2,\"name\":\"Parduotuv\u0117\",\"item\":\"https:\\\/\\\/skaitytaknyga.lt\\\/knygu-parduotuve\\\/\"},{\"@type\":\"ListItem\",\"position\":3,\"name\":\"Porcelianinis puodelis\"}]},{\"@type\":\"WebSite\",\"@id\":\"https:\\\/\\\/skaitytaknyga.lt\\\/#website\",\"url\":\"https:\\\/\\\/skaitytaknyga.lt\\\/\",\"name\":\"skaitytaknyga.lt\",\"description\":\"Skaitytaknyga.lt \u2013 tai ma\u017eas \u0161eimos verslas, kuris prasid\u0117jo nuo meil\u0117s knygoms ir siekio i\u0161gelb\u0117ti knygas nuo likimo prie konteinerio. Kas vienam nereikalingas daiktas \u2013 kitam lobis, o mes esame tarpininkai, kurie padeda abiems tapti laimingesniems ???? \u017dinome kaip nelengva i\u0161gyventi ma\u017eiems verslams, tad nuo \u0161iol, \u010dia rasite ir kit\u0173, ma\u017e\u0173 \u0161eim\u0173 versl\u0173, rank\u0173 darbo, dovan\u0173 sau ir artimiesiems.\",\"publisher\":{\"@id\":\"https:\\\/\\\/skaitytaknyga.lt\\\/#organization\"},\"potentialAction\":[{\"@type\":\"SearchAction\",\"target\":{\"@type\":\"EntryPoint\",\"urlTemplate\":\"https:\\\/\\\/skaitytaknyga.lt\\\/?s={search_term_string}\"},\"query-input\":{\"@type\":\"PropertyValueSpecification\",\"valueRequired\":true,\"valueName\":\"search_term_string\"}}],\"inLanguage\":\"en-GB\"},{\"@type\":\"Organization\",\"@id\":\"https:\\\/\\\/skaitytaknyga.lt\\\/#organization\",\"name\":\"skaitytaknyga.lt\",\"url\":\"https:\\\/\\\/skaitytaknyga.lt\\\/\",\"logo\":{\"@type\":\"ImageObject\",\"inLanguage\":\"en-GB\",\"@id\":\"https:\\\/\\\/skaitytaknyga.lt\\\/#\\\/schema\\\/logo\\\/image\\\/\",\"url\":\"https:\\\/\\\/skaitytaknyga.lt\\\/wp-content\\\/uploads\\\/2024\\\/05\\\/cropped-cropped-cropped-02_00843_jt3bggkj1j3HLc7SyY6rEUpg.jpeg\",\"contentUrl\":\"https:\\\/\\\/skaitytaknyga.lt\\\/wp-content\\\/uploads\\\/2024\\\/05\\\/cropped-cropped-cropped-02_00843_jt3bggkj1j3HLc7SyY6rEUpg.jpeg\",\"width\":1600,\"height\":1600,\"caption\":\"skaitytaknyga.lt\"},\"image\":{\"@id\":\"https:\\\/\\\/skaitytaknyga.lt\\\/#\\\/schema\\\/logo\\\/image\\\/\"},\"sameAs\":[\"https:\\\/\\\/www.facebook.com\\\/skaitytaknyga\\\/\"]}]}<\/script>\n<!-- \/ Yoast SEO plugin. -->","yoast_head_json":{"title":"Porcelianinis puodelis - Skaitytaknyga","description":"Puodelis STONE &amp; SAND yra\u00a0350 ml talpos ir pagamintas i\u0161 keramikos.  Savo ne\u012fprasta tekst\u016bra ir dizainu puodelis gali b\u016bti unikalus akcentas ant J\u016bs\u0173 stalo.  M\u0117gstantiems neutralias, bet ak\u012f traukian\u010dias spalvas, rekomenduojame rinktis b\u016btent \u0161iuos puodelius.  \u0160ios serijos indai pasi\u017eymi \u017eavingais spalv\u0173 per\u0117jimais, nelygiomis briaunomis ir \u012fdubimais, atsirandan\u010diais d\u0117l akmenuk\u0173 ir sm\u0117lio braukimo apdirbimo metodo.  NORITE INDIVIDUALIZUOTI U\u017dSAKYM\u0104?*","robots":{"index":"index","follow":"follow","max-snippet":"max-snippet:-1","max-image-preview":"max-image-preview:large","max-video-preview":"max-video-preview:-1"},"canonical":"https:\/\/skaitytaknyga.lt\/en\/produktas\/porcelianinis-puodelis\/","og_locale":"en_GB","og_type":"article","og_title":"Porcelianinis puodelis - Skaitytaknyga","og_description":"Puodelis STONE &amp; SAND yra\u00a0350 ml talpos ir pagamintas i\u0161 keramikos.  Savo ne\u012fprasta tekst\u016bra ir dizainu puodelis gali b\u016bti unikalus akcentas ant J\u016bs\u0173 stalo.  M\u0117gstantiems neutralias, bet ak\u012f traukian\u010dias spalvas, rekomenduojame rinktis b\u016btent \u0161iuos puodelius.  \u0160ios serijos indai pasi\u017eymi \u017eavingais spalv\u0173 per\u0117jimais, nelygiomis briaunomis ir \u012fdubimais, atsirandan\u010diais d\u0117l akmenuk\u0173 ir sm\u0117lio braukimo apdirbimo metodo.  NORITE INDIVIDUALIZUOTI U\u017dSAKYM\u0104?*","og_url":"https:\/\/skaitytaknyga.lt\/en\/produktas\/porcelianinis-puodelis\/","og_site_name":"Skaitytaknyga","article_publisher":"https:\/\/www.facebook.com\/skaitytaknyga\/","article_modified_time":"2024-05-10T11:36:12+00:00","og_image":[{"width":1410,"height":2250,"url":"https:\/\/skaitytaknyga.lt\/wp-content\/uploads\/2024\/05\/Dizainas-be-pavadinimo-1.jpg","type":"image\/jpeg"}],"twitter_card":"summary_large_image","schema":{"@context":"https:\/\/schema.org","@graph":[{"@type":"WebPage","@id":"https:\/\/skaitytaknyga.lt\/produktas\/porcelianinis-puodelis\/","url":"https:\/\/skaitytaknyga.lt\/produktas\/porcelianinis-puodelis\/","name":"Porcelianinis puodelis - Skaitytaknyga","isPartOf":{"@id":"https:\/\/skaitytaknyga.lt\/#website"},"datePublished":"2021-05-07T10:20:11+00:00","dateModified":"2024-05-10T11:36:12+00:00","description":"Puodelis STONE &amp; SAND yra\u00a0350 ml talpos ir pagamintas i\u0161 keramikos. Savo ne\u012fprasta tekst\u016bra ir dizainu puodelis gali b\u016bti unikalus akcentas ant J\u016bs\u0173 stalo. M\u0117gstantiems neutralias, bet ak\u012f traukian\u010dias spalvas, rekomenduojame rinktis b\u016btent \u0161iuos puodelius. \u0160ios serijos indai pasi\u017eymi \u017eavingais spalv\u0173 per\u0117jimais, nelygiomis briaunomis ir \u012fdubimais, atsirandan\u010diais d\u0117l akmenuk\u0173 ir sm\u0117lio braukimo apdirbimo metodo. NORITE INDIVIDUALIZUOTI U\u017dSAKYM\u0104?*","breadcrumb":{"@id":"https:\/\/skaitytaknyga.lt\/produktas\/porcelianinis-puodelis\/#breadcrumb"},"inLanguage":"en-GB","potentialAction":[{"@type":"ReadAction","target":["https:\/\/skaitytaknyga.lt\/produktas\/porcelianinis-puodelis\/"]}]},{"@type":"BreadcrumbList","@id":"https:\/\/skaitytaknyga.lt\/produktas\/porcelianinis-puodelis\/#breadcrumb","itemListElement":[{"@type":"ListItem","position":1,"name":"Home","item":"https:\/\/skaitytaknyga.lt\/"},{"@type":"ListItem","position":2,"name":"Parduotuv\u0117","item":"https:\/\/skaitytaknyga.lt\/knygu-parduotuve\/"},{"@type":"ListItem","position":3,"name":"Porcelianinis puodelis"}]},{"@type":"WebSite","@id":"https:\/\/skaitytaknyga.lt\/#website","url":"https:\/\/skaitytaknyga.lt\/","name":"skaitytaknyga.lt","description":"Skaitytaknyga.lt \u2013 tai ma\u017eas \u0161eimos verslas, kuris prasid\u0117jo nuo meil\u0117s knygoms ir siekio i\u0161gelb\u0117ti knygas nuo likimo prie konteinerio. Kas vienam nereikalingas daiktas \u2013 kitam lobis, o mes esame tarpininkai, kurie padeda abiems tapti laimingesniems ???? \u017dinome kaip nelengva i\u0161gyventi ma\u017eiems verslams, tad nuo \u0161iol, \u010dia rasite ir kit\u0173, ma\u017e\u0173 \u0161eim\u0173 versl\u0173, rank\u0173 darbo, dovan\u0173 sau ir artimiesiems.","publisher":{"@id":"https:\/\/skaitytaknyga.lt\/#organization"},"potentialAction":[{"@type":"SearchAction","target":{"@type":"EntryPoint","urlTemplate":"https:\/\/skaitytaknyga.lt\/?s={search_term_string}"},"query-input":{"@type":"PropertyValueSpecification","valueRequired":true,"valueName":"search_term_string"}}],"inLanguage":"en-GB"},{"@type":"Organization","@id":"https:\/\/skaitytaknyga.lt\/#organization","name":"skaitytaknyga.lt","url":"https:\/\/skaitytaknyga.lt\/","logo":{"@type":"ImageObject","inLanguage":"en-GB","@id":"https:\/\/skaitytaknyga.lt\/#\/schema\/logo\/image\/","url":"https:\/\/skaitytaknyga.lt\/wp-content\/uploads\/2024\/05\/cropped-cropped-cropped-02_00843_jt3bggkj1j3HLc7SyY6rEUpg.jpeg","contentUrl":"https:\/\/skaitytaknyga.lt\/wp-content\/uploads\/2024\/05\/cropped-cropped-cropped-02_00843_jt3bggkj1j3HLc7SyY6rEUpg.jpeg","width":1600,"height":1600,"caption":"skaitytaknyga.lt"},"image":{"@id":"https:\/\/skaitytaknyga.lt\/#\/schema\/logo\/image\/"},"sameAs":["https:\/\/www.facebook.com\/skaitytaknyga\/"]}]}},"_links":{"self":[{"href":"https:\/\/skaitytaknyga.lt\/en\/wp-json\/wp\/v2\/product\/11628","targetHints":{"allow":["GET"]}}],"collection":[{"href":"https:\/\/skaitytaknyga.lt\/en\/wp-json\/wp\/v2\/product"}],"about":[{"href":"https:\/\/skaitytaknyga.lt\/en\/wp-json\/wp\/v2\/types\/product"}],"replies":[{"embeddable":true,"href":"https:\/\/skaitytaknyga.lt\/en\/wp-json\/wp\/v2\/comments?post=11628"}],"wp:attachment":[{"href":"https:\/\/skaitytaknyga.lt\/en\/wp-json\/wp\/v2\/media?parent=11628"}],"wp:term":[{"taxonomy":"product_brand","embeddable":true,"href":"https:\/\/skaitytaknyga.lt\/en\/wp-json\/wp\/v2\/product_brand?post=11628"},{"taxonomy":"product_cat","embeddable":true,"href":"https:\/\/skaitytaknyga.lt\/en\/wp-json\/wp\/v2\/product_cat?post=11628"},{"taxonomy":"product_tag","embeddable":true,"href":"https:\/\/skaitytaknyga.lt\/en\/wp-json\/wp\/v2\/product_tag?post=11628"}],"curies":[{"name":"wp","href":"https:\/\/api.w.org\/{rel}","templated":true}]}}