{"id":11524,"date":"2024-05-04T22:47:33","date_gmt":"2024-05-04T19:47:33","guid":{"rendered":"https:\/\/skaitytaknyga.lt\/?post_type=product&#038;p=11524"},"modified":"2025-08-28T21:09:46","modified_gmt":"2025-08-28T18:09:46","slug":"mark-gungor-per-juokus-i-geresne-santuoka-gyvenimo-meiles-ir-santuokos-paslaptys","status":"publish","type":"product","link":"https:\/\/skaitytaknyga.lt\/en\/produktas\/mark-gungor-per-juokus-i-geresne-santuoka-gyvenimo-meiles-ir-santuokos-paslaptys\/","title":{"rendered":"Per juokus \u012f geresn\u0119 santuok\u0105. Gyvenimo, meil\u0117s ir santuokos paslaptys"},"content":{"rendered":"<p>Charizmati\u0161kas amerikie\u010di\u0173 pastorius, vienas \u017eymiausi\u0173 santyki\u0173 konsultant\u0173 pasaulyje<strong>\u00a0Markas Gungoras<\/strong>\u00a0dalijasi s\u0117kmingo darbo su de\u0161imtimis t\u016bkstan\u010di\u0173 por\u0173 patirtimi. Nuo\u0161ird\u017eiai ir atvirai, su humoru ir nestokodamas patirties, jis pasakoja apie j\u0173 kasdienio gyvenimo situacijas ir jiems kylan\u010dias b\u0117das. Markas kvie\u010dia d\u017eiaugtis buvimu kartu ir padeda poroms \u012fveikti tarpusavio nesusipratimus.<\/p>\n<p>\u2022 Susipa\u017einsite su skirtingu vyr\u0173 ir moter\u0173 m\u0105stymu ir elgesiu, su\u017einosite, ko tikisi vyrai ir ko moterys.<br \/>\n\u2022 Kartu paneigsime mit\u0105 apie \u201etobul\u0105 sielos draug\u0105&#8221;.<br \/>\n\u2022 Aptarsime skirting\u0105 seksualumo lyg\u012f ir kaip rasti pusiausvyr\u0105 poroje.<br \/>\n\u2022 Su\u017einosite, kad raktas \u012f santuokin\u0119 laim\u0119 yra ne romantika ar likimas, o darbas ir \u012fg\u016bd\u017eiai.<br \/>\n\u2022 Norite i\u0161laikyti savo santykius \u2013 stenkit\u0117s ir skirkite laiko, kad suprastum\u0117te vienas kit\u0105.<br \/>\n\u2022 O svarbiausia \u2013 nebijokite pasijuokti i\u0161 savo tr\u016bkum\u0173, vertinkite ir d\u017eiaukit\u0117s savo skirtumais bei stipryb\u0117mis.<\/p>\n<p>Albertas Einsteinas pasak\u0117: \u201eRimt\u0173 problem\u0173 nei\u0161spr\u0119sime, jei m\u0105stysime taip, kaip m\u0105st\u0117me tada, kada jos atsirado.&#8221; Esm\u0117 ta, kad jeigu norite \u012fveikti vedybiniame gyvenime i\u0161kilusius sunkumus, turite daug k\u0105 perm\u0105styti. Pad\u0117siu jums tai padaryti. Kai kurios mano mintys jus sujaudins, o kai kurios gal pasirodys beproti\u0161kos. Ta\u010diau neatmeskite j\u0173 i\u0161 karto. \u012esiklausykite. Pam\u0105stykite. Apsvarstykite.<br \/>\nMarkas Gungoras<\/p>\n","protected":false},"excerpt":{"rendered":"<p>Kiekvienas i\u0161 m\u016bs\u0173 meil\u0119 i\u0161rei\u0161kiame ar j\u0105 priimame savo meil\u0117s kalba. Vieniems svarbu i\u0161girsti palaikymo \u017eod\u017eius ar kuo daugiau laiko praleisti kartu su mylimu \u017emogumi, kitiems u\u017etenka dovan\u0173, rodomo paslaugumo ar \u0161velnaus prisilietimo. Visa tai \u2013 penkios meil\u0117s kalbos.<\/p>\n<p>Remdamasis ilgamete \u0161eim\u0173 konsultavimo patirtimi ir iliustruodamas j\u0105 konkre\u010diais savo klient\u0173 pasakojimais, dr. Garis \u010capmanas i\u0161mokins jus ne tik patars, kaip jaustis mylimiems, bet ir i\u0161mokys myl\u0117ti.<\/p>\n<p>\u201ePenkios meil\u0117s kalbos\u201c \u2013 neabejotinai pakeis j\u016bs\u0173 santykius su mylimu \u017emogumi.<\/p>\n","protected":false},"featured_media":11567,"comment_status":"closed","ping_status":"closed","template":"","meta":{"_acf_changed":false,"site-sidebar-layout":"default","site-content-layout":"","ast-site-content-layout":"default","site-content-style":"default","site-sidebar-style":"default","ast-global-header-display":"","ast-banner-title-visibility":"","ast-main-header-display":"","ast-hfb-above-header-display":"","ast-hfb-below-header-display":"","ast-hfb-mobile-header-display":"","site-post-title":"","ast-breadcrumbs-content":"","ast-featured-img":"","footer-sml-layout":"","ast-disable-related-posts":"","theme-transparent-header-meta":"","adv-header-id-meta":"","stick-header-meta":"","header-above-stick-meta":"","header-main-stick-meta":"","header-below-stick-meta":"","astra-migrate-meta-layouts":"default","ast-page-background-enabled":"default","ast-page-background-meta":{"desktop":{"background-color":"","background-image":"","background-repeat":"repeat","background-position":"center center","background-size":"auto","background-attachment":"scroll","background-type":"","background-media":"","overlay-type":"","overlay-color":"","overlay-opacity":"","overlay-gradient":""},"tablet":{"background-color":"","background-image":"","background-repeat":"repeat","background-position":"center center","background-size":"auto","background-attachment":"scroll","background-type":"","background-media":"","overlay-type":"","overlay-color":"","overlay-opacity":"","overlay-gradient":""},"mobile":{"background-color":"","background-image":"","background-repeat":"repeat","background-position":"center center","background-size":"auto","background-attachment":"scroll","background-type":"","background-media":"","overlay-type":"","overlay-color":"","overlay-opacity":"","overlay-gradient":""}},"ast-content-background-meta":{"desktop":{"background-color":"var(--ast-global-color-4)","background-image":"","background-repeat":"repeat","background-position":"center center","background-size":"auto","background-attachment":"scroll","background-type":"","background-media":"","overlay-type":"","overlay-color":"","overlay-opacity":"","overlay-gradient":""},"tablet":{"background-color":"var(--ast-global-color-4)","background-image":"","background-repeat":"repeat","background-position":"center center","background-size":"auto","background-attachment":"scroll","background-type":"","background-media":"","overlay-type":"","overlay-color":"","overlay-opacity":"","overlay-gradient":""},"mobile":{"background-color":"var(--ast-global-color-4)","background-image":"","background-repeat":"repeat","background-position":"center center","background-size":"auto","background-attachment":"scroll","background-type":"","background-media":"","overlay-type":"","overlay-color":"","overlay-opacity":"","overlay-gradient":""}}},"product_brand":[],"product_cat":[30],"product_tag":[2003,2746,2744,2745,2747,2748],"class_list":{"0":"post-11524","1":"product","2":"type-product","3":"status-publish","4":"has-post-thumbnail","6":"product_cat-psichologija-ir-saviugda","7":"product_tag-gyvenimo-dziaugsmas","8":"product_tag-humoro-psichologija","9":"product_tag-mark-gungor","10":"product_tag-santuoka","11":"product_tag-santykiu-ugdymas","12":"product_tag-vyro-ir-moters-skirtumai","13":"desktop-align-left","14":"tablet-align-left","15":"mobile-align-left","17":"first","18":"instock","19":"shipping-taxable","20":"purchasable","21":"product-type-simple"},"acf":[],"yoast_head":"<!-- This site is optimized with the Yoast SEO plugin v27.0 - https:\/\/yoast.com\/product\/yoast-seo-wordpress\/ -->\n<title>Per juokus \u012f geresn\u0119 santuok\u0105. Gyvenimo, meil\u0117s ir santuokos paslaptys<\/title>\n<meta name=\"description\" content=\"Kiekvienas i\u0161 m\u016bs\u0173 meil\u0119 i\u0161rei\u0161kiame ar j\u0105 priimame savo meil\u0117s kalba. Vieniems svarbu i\u0161girsti palaikymo \u017eod\u017eius ar kuo daugiau laiko praleisti kartu su mylimu \u017emogumi, kitiems u\u017etenka dovan\u0173, rodomo paslaugumo ar \u0161velnaus prisilietimo. Visa tai \u2013 penkios meil\u0117s kalbos.  Remdamasis ilgamete \u0161eim\u0173 konsultavimo patirtimi ir iliustruodamas j\u0105 konkre\u010diais savo klient\u0173 pasakojimais, dr. Garis \u010capmanas i\u0161mokins jus ne tik patars, kaip jaustis mylimiems, bet ir i\u0161mokys myl\u0117ti.  \u201ePenkios meil\u0117s kalbos\u201c \u2013 neabejotinai pakeis j\u016bs\u0173 santykius su mylimu \u017emogumi.\" \/>\n<meta name=\"robots\" content=\"index, follow, max-snippet:-1, max-image-preview:large, max-video-preview:-1\" \/>\n<link rel=\"canonical\" href=\"https:\/\/skaitytaknyga.lt\/en\/produktas\/mark-gungor-per-juokus-i-geresne-santuoka-gyvenimo-meiles-ir-santuokos-paslaptys\/\" \/>\n<meta property=\"og:locale\" content=\"en_GB\" \/>\n<meta property=\"og:locale:alternate\" content=\"lt_LT\" \/>\n<meta property=\"og:type\" content=\"article\" \/>\n<meta property=\"og:title\" content=\"Per juokus \u012f geresn\u0119 santuok\u0105. Gyvenimo, meil\u0117s ir santuokos paslaptys\" \/>\n<meta property=\"og:description\" content=\"Kiekvienas i\u0161 m\u016bs\u0173 meil\u0119 i\u0161rei\u0161kiame ar j\u0105 priimame savo meil\u0117s kalba. Vieniems svarbu i\u0161girsti palaikymo \u017eod\u017eius ar kuo daugiau laiko praleisti kartu su mylimu \u017emogumi, kitiems u\u017etenka dovan\u0173, rodomo paslaugumo ar \u0161velnaus prisilietimo. Visa tai \u2013 penkios meil\u0117s kalbos.  Remdamasis ilgamete \u0161eim\u0173 konsultavimo patirtimi ir iliustruodamas j\u0105 konkre\u010diais savo klient\u0173 pasakojimais, dr. Garis \u010capmanas i\u0161mokins jus ne tik patars, kaip jaustis mylimiems, bet ir i\u0161mokys myl\u0117ti.  \u201ePenkios meil\u0117s kalbos\u201c \u2013 neabejotinai pakeis j\u016bs\u0173 santykius su mylimu \u017emogumi.\" \/>\n<meta property=\"og:url\" content=\"https:\/\/skaitytaknyga.lt\/en\/produktas\/mark-gungor-per-juokus-i-geresne-santuoka-gyvenimo-meiles-ir-santuokos-paslaptys\/\" \/>\n<meta property=\"og:site_name\" content=\"Skaitytaknyga\" \/>\n<meta property=\"article:publisher\" content=\"https:\/\/www.facebook.com\/skaitytaknyga\/\" \/>\n<meta property=\"article:modified_time\" content=\"2025-08-28T18:09:46+00:00\" \/>\n<meta property=\"og:image\" content=\"https:\/\/skaitytaknyga.lt\/wp-content\/uploads\/2024\/05\/per-juokus-i-geresne-santuoka.png\" \/>\n\t<meta property=\"og:image:width\" content=\"409\" \/>\n\t<meta property=\"og:image:height\" content=\"600\" \/>\n\t<meta property=\"og:image:type\" content=\"image\/png\" \/>\n<meta name=\"twitter:card\" content=\"summary_large_image\" \/>\n<meta name=\"twitter:label1\" content=\"Estimated reading time\" \/>\n\t<meta name=\"twitter:data1\" content=\"2 minutes\" \/>\n<script type=\"application\/ld+json\" class=\"yoast-schema-graph\">{\"@context\":\"https:\/\/schema.org\",\"@graph\":[{\"@type\":\"WebPage\",\"@id\":\"https:\/\/skaitytaknyga.lt\/produktas\/mark-gungor-per-juokus-i-geresne-santuoka-gyvenimo-meiles-ir-santuokos-paslaptys\/\",\"url\":\"https:\/\/skaitytaknyga.lt\/produktas\/mark-gungor-per-juokus-i-geresne-santuoka-gyvenimo-meiles-ir-santuokos-paslaptys\/\",\"name\":\"Per juokus \u012f geresn\u0119 santuok\u0105. Gyvenimo, meil\u0117s ir santuokos paslaptys\",\"isPartOf\":{\"@id\":\"https:\/\/skaitytaknyga.lt\/#website\"},\"primaryImageOfPage\":{\"@id\":\"https:\/\/skaitytaknyga.lt\/produktas\/mark-gungor-per-juokus-i-geresne-santuoka-gyvenimo-meiles-ir-santuokos-paslaptys\/#primaryimage\"},\"image\":{\"@id\":\"https:\/\/skaitytaknyga.lt\/produktas\/mark-gungor-per-juokus-i-geresne-santuoka-gyvenimo-meiles-ir-santuokos-paslaptys\/#primaryimage\"},\"thumbnailUrl\":\"https:\/\/skaitytaknyga.lt\/wp-content\/uploads\/2024\/05\/per-juokus-i-geresne-santuoka.png\",\"datePublished\":\"2024-05-04T19:47:33+00:00\",\"dateModified\":\"2025-08-28T18:09:46+00:00\",\"description\":\"Kiekvienas i\u0161 m\u016bs\u0173 meil\u0119 i\u0161rei\u0161kiame ar j\u0105 priimame savo meil\u0117s kalba. Vieniems svarbu i\u0161girsti palaikymo \u017eod\u017eius ar kuo daugiau laiko praleisti kartu su mylimu \u017emogumi, kitiems u\u017etenka dovan\u0173, rodomo paslaugumo ar \u0161velnaus prisilietimo. Visa tai \u2013 penkios meil\u0117s kalbos. Remdamasis ilgamete \u0161eim\u0173 konsultavimo patirtimi ir iliustruodamas j\u0105 konkre\u010diais savo klient\u0173 pasakojimais, dr. Garis \u010capmanas i\u0161mokins jus ne tik patars, kaip jaustis mylimiems, bet ir i\u0161mokys myl\u0117ti. \u201ePenkios meil\u0117s kalbos\u201c \u2013 neabejotinai pakeis j\u016bs\u0173 santykius su mylimu \u017emogumi.\",\"breadcrumb\":{\"@id\":\"https:\/\/skaitytaknyga.lt\/produktas\/mark-gungor-per-juokus-i-geresne-santuoka-gyvenimo-meiles-ir-santuokos-paslaptys\/#breadcrumb\"},\"inLanguage\":\"en-GB\",\"potentialAction\":[{\"@type\":\"ReadAction\",\"target\":[\"https:\/\/skaitytaknyga.lt\/produktas\/mark-gungor-per-juokus-i-geresne-santuoka-gyvenimo-meiles-ir-santuokos-paslaptys\/\"]}]},{\"@type\":\"ImageObject\",\"inLanguage\":\"en-GB\",\"@id\":\"https:\/\/skaitytaknyga.lt\/produktas\/mark-gungor-per-juokus-i-geresne-santuoka-gyvenimo-meiles-ir-santuokos-paslaptys\/#primaryimage\",\"url\":\"https:\/\/skaitytaknyga.lt\/wp-content\/uploads\/2024\/05\/per-juokus-i-geresne-santuoka.png\",\"contentUrl\":\"https:\/\/skaitytaknyga.lt\/wp-content\/uploads\/2024\/05\/per-juokus-i-geresne-santuoka.png\",\"width\":409,\"height\":600},{\"@type\":\"BreadcrumbList\",\"@id\":\"https:\/\/skaitytaknyga.lt\/produktas\/mark-gungor-per-juokus-i-geresne-santuoka-gyvenimo-meiles-ir-santuokos-paslaptys\/#breadcrumb\",\"itemListElement\":[{\"@type\":\"ListItem\",\"position\":1,\"name\":\"Home\",\"item\":\"https:\/\/skaitytaknyga.lt\/\"},{\"@type\":\"ListItem\",\"position\":2,\"name\":\"Parduotuv\u0117\",\"item\":\"https:\/\/skaitytaknyga.lt\/knygu-parduotuve\/\"},{\"@type\":\"ListItem\",\"position\":3,\"name\":\"Per juokus \u012f geresn\u0119 santuok\u0105. Gyvenimo, meil\u0117s ir santuokos paslaptys\"}]},{\"@type\":\"WebSite\",\"@id\":\"https:\/\/skaitytaknyga.lt\/#website\",\"url\":\"https:\/\/skaitytaknyga.lt\/\",\"name\":\"skaitytaknyga.lt\",\"description\":\"Skaitytaknyga.lt \u2013 tai ma\u017eas \u0161eimos verslas, kuris prasid\u0117jo nuo meil\u0117s knygoms ir siekio i\u0161gelb\u0117ti knygas nuo likimo prie konteinerio. Kas vienam nereikalingas daiktas \u2013 kitam lobis, o mes esame tarpininkai, kurie padeda abiems tapti laimingesniems ???? \u017dinome kaip nelengva i\u0161gyventi ma\u017eiems verslams, tad nuo \u0161iol, \u010dia rasite ir kit\u0173, ma\u017e\u0173 \u0161eim\u0173 versl\u0173, rank\u0173 darbo, dovan\u0173 sau ir artimiesiems.\",\"publisher\":{\"@id\":\"https:\/\/skaitytaknyga.lt\/#organization\"},\"potentialAction\":[{\"@type\":\"SearchAction\",\"target\":{\"@type\":\"EntryPoint\",\"urlTemplate\":\"https:\/\/skaitytaknyga.lt\/?s={search_term_string}\"},\"query-input\":{\"@type\":\"PropertyValueSpecification\",\"valueRequired\":true,\"valueName\":\"search_term_string\"}}],\"inLanguage\":\"en-GB\"},{\"@type\":\"Organization\",\"@id\":\"https:\/\/skaitytaknyga.lt\/#organization\",\"name\":\"skaitytaknyga.lt\",\"url\":\"https:\/\/skaitytaknyga.lt\/\",\"logo\":{\"@type\":\"ImageObject\",\"inLanguage\":\"en-GB\",\"@id\":\"https:\/\/skaitytaknyga.lt\/#\/schema\/logo\/image\/\",\"url\":\"https:\/\/skaitytaknyga.lt\/wp-content\/uploads\/2024\/05\/cropped-cropped-cropped-02_00843_jt3bggkj1j3HLc7SyY6rEUpg.jpeg\",\"contentUrl\":\"https:\/\/skaitytaknyga.lt\/wp-content\/uploads\/2024\/05\/cropped-cropped-cropped-02_00843_jt3bggkj1j3HLc7SyY6rEUpg.jpeg\",\"width\":1600,\"height\":1600,\"caption\":\"skaitytaknyga.lt\"},\"image\":{\"@id\":\"https:\/\/skaitytaknyga.lt\/#\/schema\/logo\/image\/\"},\"sameAs\":[\"https:\/\/www.facebook.com\/skaitytaknyga\/\"]}]}<\/script>\n<!-- \/ Yoast SEO plugin. -->","yoast_head_json":{"title":"Per juokus \u012f geresn\u0119 santuok\u0105. Gyvenimo, meil\u0117s ir santuokos paslaptys","description":"Kiekvienas i\u0161 m\u016bs\u0173 meil\u0119 i\u0161rei\u0161kiame ar j\u0105 priimame savo meil\u0117s kalba. Vieniems svarbu i\u0161girsti palaikymo \u017eod\u017eius ar kuo daugiau laiko praleisti kartu su mylimu \u017emogumi, kitiems u\u017etenka dovan\u0173, rodomo paslaugumo ar \u0161velnaus prisilietimo. Visa tai \u2013 penkios meil\u0117s kalbos.  Remdamasis ilgamete \u0161eim\u0173 konsultavimo patirtimi ir iliustruodamas j\u0105 konkre\u010diais savo klient\u0173 pasakojimais, dr. Garis \u010capmanas i\u0161mokins jus ne tik patars, kaip jaustis mylimiems, bet ir i\u0161mokys myl\u0117ti.  \u201ePenkios meil\u0117s kalbos\u201c \u2013 neabejotinai pakeis j\u016bs\u0173 santykius su mylimu \u017emogumi.","robots":{"index":"index","follow":"follow","max-snippet":"max-snippet:-1","max-image-preview":"max-image-preview:large","max-video-preview":"max-video-preview:-1"},"canonical":"https:\/\/skaitytaknyga.lt\/en\/produktas\/mark-gungor-per-juokus-i-geresne-santuoka-gyvenimo-meiles-ir-santuokos-paslaptys\/","og_locale":"en_GB","og_type":"article","og_title":"[:lt]Per juokus \u012f geresn\u0119 santuok\u0105. Gyvenimo, meil\u0117s ir santuokos paslaptys[:] - Skaitytaknyga","og_description":"Kiekvienas i\u0161 m\u016bs\u0173 meil\u0119 i\u0161rei\u0161kiame ar j\u0105 priimame savo meil\u0117s kalba. Vieniems svarbu i\u0161girsti palaikymo \u017eod\u017eius ar kuo daugiau laiko praleisti kartu su mylimu \u017emogumi, kitiems u\u017etenka dovan\u0173, rodomo paslaugumo ar \u0161velnaus prisilietimo. Visa tai \u2013 penkios meil\u0117s kalbos.  Remdamasis ilgamete \u0161eim\u0173 konsultavimo patirtimi ir iliustruodamas j\u0105 konkre\u010diais savo klient\u0173 pasakojimais, dr. Garis \u010capmanas i\u0161mokins jus ne tik patars, kaip jaustis mylimiems, bet ir i\u0161mokys myl\u0117ti.  \u201ePenkios meil\u0117s kalbos\u201c \u2013 neabejotinai pakeis j\u016bs\u0173 santykius su mylimu \u017emogumi.","og_url":"https:\/\/skaitytaknyga.lt\/en\/produktas\/mark-gungor-per-juokus-i-geresne-santuoka-gyvenimo-meiles-ir-santuokos-paslaptys\/","og_site_name":"Skaitytaknyga","article_publisher":"https:\/\/www.facebook.com\/skaitytaknyga\/","article_modified_time":"2025-08-28T18:09:46+00:00","og_image":[{"width":409,"height":600,"url":"https:\/\/skaitytaknyga.lt\/wp-content\/uploads\/2024\/05\/per-juokus-i-geresne-santuoka.png","type":"image\/png"}],"twitter_card":"summary_large_image","twitter_misc":{"Estimated reading time":"2 minutes"},"schema":{"@context":"https:\/\/schema.org","@graph":[{"@type":"WebPage","@id":"https:\/\/skaitytaknyga.lt\/produktas\/mark-gungor-per-juokus-i-geresne-santuoka-gyvenimo-meiles-ir-santuokos-paslaptys\/","url":"https:\/\/skaitytaknyga.lt\/produktas\/mark-gungor-per-juokus-i-geresne-santuoka-gyvenimo-meiles-ir-santuokos-paslaptys\/","name":"Per juokus \u012f geresn\u0119 santuok\u0105. Gyvenimo, meil\u0117s ir santuokos paslaptys","isPartOf":{"@id":"https:\/\/skaitytaknyga.lt\/#website"},"primaryImageOfPage":{"@id":"https:\/\/skaitytaknyga.lt\/produktas\/mark-gungor-per-juokus-i-geresne-santuoka-gyvenimo-meiles-ir-santuokos-paslaptys\/#primaryimage"},"image":{"@id":"https:\/\/skaitytaknyga.lt\/produktas\/mark-gungor-per-juokus-i-geresne-santuoka-gyvenimo-meiles-ir-santuokos-paslaptys\/#primaryimage"},"thumbnailUrl":"https:\/\/skaitytaknyga.lt\/wp-content\/uploads\/2024\/05\/per-juokus-i-geresne-santuoka.png","datePublished":"2024-05-04T19:47:33+00:00","dateModified":"2025-08-28T18:09:46+00:00","description":"Kiekvienas i\u0161 m\u016bs\u0173 meil\u0119 i\u0161rei\u0161kiame ar j\u0105 priimame savo meil\u0117s kalba. Vieniems svarbu i\u0161girsti palaikymo \u017eod\u017eius ar kuo daugiau laiko praleisti kartu su mylimu \u017emogumi, kitiems u\u017etenka dovan\u0173, rodomo paslaugumo ar \u0161velnaus prisilietimo. Visa tai \u2013 penkios meil\u0117s kalbos. Remdamasis ilgamete \u0161eim\u0173 konsultavimo patirtimi ir iliustruodamas j\u0105 konkre\u010diais savo klient\u0173 pasakojimais, dr. Garis \u010capmanas i\u0161mokins jus ne tik patars, kaip jaustis mylimiems, bet ir i\u0161mokys myl\u0117ti. \u201ePenkios meil\u0117s kalbos\u201c \u2013 neabejotinai pakeis j\u016bs\u0173 santykius su mylimu \u017emogumi.","breadcrumb":{"@id":"https:\/\/skaitytaknyga.lt\/produktas\/mark-gungor-per-juokus-i-geresne-santuoka-gyvenimo-meiles-ir-santuokos-paslaptys\/#breadcrumb"},"inLanguage":"en-GB","potentialAction":[{"@type":"ReadAction","target":["https:\/\/skaitytaknyga.lt\/produktas\/mark-gungor-per-juokus-i-geresne-santuoka-gyvenimo-meiles-ir-santuokos-paslaptys\/"]}]},{"@type":"ImageObject","inLanguage":"en-GB","@id":"https:\/\/skaitytaknyga.lt\/produktas\/mark-gungor-per-juokus-i-geresne-santuoka-gyvenimo-meiles-ir-santuokos-paslaptys\/#primaryimage","url":"https:\/\/skaitytaknyga.lt\/wp-content\/uploads\/2024\/05\/per-juokus-i-geresne-santuoka.png","contentUrl":"https:\/\/skaitytaknyga.lt\/wp-content\/uploads\/2024\/05\/per-juokus-i-geresne-santuoka.png","width":409,"height":600},{"@type":"BreadcrumbList","@id":"https:\/\/skaitytaknyga.lt\/produktas\/mark-gungor-per-juokus-i-geresne-santuoka-gyvenimo-meiles-ir-santuokos-paslaptys\/#breadcrumb","itemListElement":[{"@type":"ListItem","position":1,"name":"Home","item":"https:\/\/skaitytaknyga.lt\/"},{"@type":"ListItem","position":2,"name":"Parduotuv\u0117","item":"https:\/\/skaitytaknyga.lt\/knygu-parduotuve\/"},{"@type":"ListItem","position":3,"name":"Per juokus \u012f geresn\u0119 santuok\u0105. Gyvenimo, meil\u0117s ir santuokos paslaptys"}]},{"@type":"WebSite","@id":"https:\/\/skaitytaknyga.lt\/#website","url":"https:\/\/skaitytaknyga.lt\/","name":"skaitytaknyga.lt","description":"Skaitytaknyga.lt \u2013 tai ma\u017eas \u0161eimos verslas, kuris prasid\u0117jo nuo meil\u0117s knygoms ir siekio i\u0161gelb\u0117ti knygas nuo likimo prie konteinerio. Kas vienam nereikalingas daiktas \u2013 kitam lobis, o mes esame tarpininkai, kurie padeda abiems tapti laimingesniems ???? \u017dinome kaip nelengva i\u0161gyventi ma\u017eiems verslams, tad nuo \u0161iol, \u010dia rasite ir kit\u0173, ma\u017e\u0173 \u0161eim\u0173 versl\u0173, rank\u0173 darbo, dovan\u0173 sau ir artimiesiems.","publisher":{"@id":"https:\/\/skaitytaknyga.lt\/#organization"},"potentialAction":[{"@type":"SearchAction","target":{"@type":"EntryPoint","urlTemplate":"https:\/\/skaitytaknyga.lt\/?s={search_term_string}"},"query-input":{"@type":"PropertyValueSpecification","valueRequired":true,"valueName":"search_term_string"}}],"inLanguage":"en-GB"},{"@type":"Organization","@id":"https:\/\/skaitytaknyga.lt\/#organization","name":"skaitytaknyga.lt","url":"https:\/\/skaitytaknyga.lt\/","logo":{"@type":"ImageObject","inLanguage":"en-GB","@id":"https:\/\/skaitytaknyga.lt\/#\/schema\/logo\/image\/","url":"https:\/\/skaitytaknyga.lt\/wp-content\/uploads\/2024\/05\/cropped-cropped-cropped-02_00843_jt3bggkj1j3HLc7SyY6rEUpg.jpeg","contentUrl":"https:\/\/skaitytaknyga.lt\/wp-content\/uploads\/2024\/05\/cropped-cropped-cropped-02_00843_jt3bggkj1j3HLc7SyY6rEUpg.jpeg","width":1600,"height":1600,"caption":"skaitytaknyga.lt"},"image":{"@id":"https:\/\/skaitytaknyga.lt\/#\/schema\/logo\/image\/"},"sameAs":["https:\/\/www.facebook.com\/skaitytaknyga\/"]}]}},"_links":{"self":[{"href":"https:\/\/skaitytaknyga.lt\/en\/wp-json\/wp\/v2\/product\/11524","targetHints":{"allow":["GET"]}}],"collection":[{"href":"https:\/\/skaitytaknyga.lt\/en\/wp-json\/wp\/v2\/product"}],"about":[{"href":"https:\/\/skaitytaknyga.lt\/en\/wp-json\/wp\/v2\/types\/product"}],"replies":[{"embeddable":true,"href":"https:\/\/skaitytaknyga.lt\/en\/wp-json\/wp\/v2\/comments?post=11524"}],"wp:featuredmedia":[{"embeddable":true,"href":"https:\/\/skaitytaknyga.lt\/en\/wp-json\/wp\/v2\/media\/11567"}],"wp:attachment":[{"href":"https:\/\/skaitytaknyga.lt\/en\/wp-json\/wp\/v2\/media?parent=11524"}],"wp:term":[{"taxonomy":"product_brand","embeddable":true,"href":"https:\/\/skaitytaknyga.lt\/en\/wp-json\/wp\/v2\/product_brand?post=11524"},{"taxonomy":"product_cat","embeddable":true,"href":"https:\/\/skaitytaknyga.lt\/en\/wp-json\/wp\/v2\/product_cat?post=11524"},{"taxonomy":"product_tag","embeddable":true,"href":"https:\/\/skaitytaknyga.lt\/en\/wp-json\/wp\/v2\/product_tag?post=11524"}],"curies":[{"name":"wp","href":"https:\/\/api.w.org\/{rel}","templated":true}]}}