{"id":11523,"date":"2024-05-04T19:47:33","date_gmt":"2024-05-04T19:47:33","guid":{"rendered":"https:\/\/skaitytaknyga.lt\/?post_type=product&#038;p=11523"},"modified":"2025-11-30T10:50:33","modified_gmt":"2025-11-30T08:50:33","slug":"robert-betz-nori-buti-normalus-ar-laimingas-naujai-suvokime-gyvenima-ir-meile","status":"publish","type":"product","link":"https:\/\/skaitytaknyga.lt\/en\/produktas\/robert-betz-nori-buti-normalus-ar-laimingas-naujai-suvokime-gyvenima-ir-meile\/","title":{"rendered":"Robert Betz \u201eNori b\u016bti normalus ar laimingas? Naujai suvokime gyvenim\u0105 ir meil\u0119\u201c"},"content":{"rendered":"<p><em>Nori b\u016bti normalus ar laimingas?\u00a0<\/em>para\u0161yta paprastai ir suprantamai \u2013 kiekvienam vyrui ir\u00a0kiekvienai moteriai. Galb\u016bt vis dar manai, kad gyvenimas\u00a0sud\u0117tingas ir kitoks negali b\u016bti. A\u0161 tave patikinu: j\u012f lengva\u00a0suprasti ir lengva pakeisti. Tik mes j\u012f padarome komplikuot\u0105\u00a0ir save apsunkiname. Jei ir toliau nori priklausyti tiems,\u00a0kurie rauko kakt\u0105 ir abejoja, teb\u016bnie. Tai tavo sprendimas.\u00a0Bet \u017einok, kad tokiu elgesiu sau kenki. Kiekvienas ilgisi\u00a0meil\u0117s sau, visiems \u017emon\u0117ms ir gyvenimui. Ir kiekvienas\u00a0nesunkiai gali apsispr\u0119sti ir rinktis nauj\u0105 gyvenim\u0105.<\/p>\n<p>Skaityk \u0161i\u0105 knyg\u0105 \u0161irdimi ir galva. Knygos gali pakeisti\u00a0gyvenimo keli\u0105. Skaitydamas \u017emogus \u012fsitraukia \u012f sakini\u0173\u00a0energij\u0105 ir \u012f tai, kas slypi tarp eilu\u010di\u0173. Ra\u0161iau su didele\u00a0meile. Jei atversi\u00a0\u0161ird\u012f, tu j\u0105 pajusi ir priimsi. Ji gali padaryti\u00a0stebukl\u0105 tavo gyvenime, jei leisi.<br \/>\n<em>Robert Betz<\/em><\/p>\n<p><strong>Apie autori\u0173<\/strong><\/p>\n<p>Vokie\u010di\u0173 psichologas ir bestseleri\u0173 autorius\u00a0Robert Betz \u2013 populiarus gyvenimo\u00a0mokytojas. Jo seminar\u0173 kasmet i\u0161klauso\u00a0daugiau kaip 30 000 \u017emoni\u0173, o knygos\u00a0ver\u010diamos \u012f u\u017esienio kalbas, leid\u017eiamos\u00a0dideliais tira\u017eais ir skaitytoj\u0173 vadinamos\u00a0geriausiomis patarim\u0173 knygomis.<\/p>\n","protected":false},"excerpt":{"rendered":"<p>Nori b\u016bti normalus ar laimingas?\u00a0para\u0161yta paprastai ir suprantamai \u2013 kiekvienam vyrui ir\u00a0kiekvienai moteriai. Galb\u016bt vis dar manai, kad gyvenimas\u00a0sud\u0117tingas ir kitoks negali b\u016bti. A\u0161 tave patikinu: j\u012f lengva\u00a0suprasti ir lengva pakeisti. Tik mes j\u012f padarome komplikuot\u0105\u00a0ir save apsunkiname. Jei ir toliau nori priklausyti tiems,\u00a0kurie rauko kakt\u0105 ir abejoja, teb\u016bnie. Tai tavo sprendimas.\u00a0Bet \u017einok, kad tokiu elgesiu sau kenki. Kiekvienas ilgisi\u00a0meil\u0117s sau, visiems \u017emon\u0117ms ir gyvenimui. Ir kiekvienas\u00a0nesunkiai gali apsispr\u0119sti ir rinktis nauj\u0105 gyvenim\u0105. Skaityk \u0161i\u0105 knyg\u0105 \u0161irdimi ir galva. Knygos gali pakeisti\u00a0gyvenimo keli\u0105. Skaitydamas \u017emogus \u012fsitraukia \u012f sakini\u0173\u00a0energij\u0105 ir \u012f tai, kas slypi tarp eilu\u010di\u0173. Ra\u0161iau su didele\u00a0meile. Jei atversi\u00a0\u0161ird\u012f, tu j\u0105 pajusi ir priimsi. Ji gali padaryti\u00a0stebukl\u0105 tavo gyvenime, jei leisi. Robert Betz Apie autori\u0173 Vokie\u010di\u0173 psichologas ir bestseleri\u0173 autorius\u00a0Robert Betz \u2013 populiarus gyvenimo\u00a0mokytojas. Jo seminar\u0173 kasmet i\u0161klauso\u00a0daugiau kaip 30 000 \u017emoni\u0173, o knygos\u00a0ver\u010diamos \u012f u\u017esienio kalbas, leid\u017eiamos\u00a0dideliais tira\u017eais ir skaitytoj\u0173 vadinamos\u00a0geriausiomis patarim\u0173 knygomis.<\/p>\n","protected":false},"featured_media":11566,"comment_status":"closed","ping_status":"closed","template":"","meta":{"_acf_changed":false,"site-sidebar-layout":"default","site-content-layout":"","ast-site-content-layout":"default","site-content-style":"default","site-sidebar-style":"default","ast-global-header-display":"","ast-banner-title-visibility":"","ast-main-header-display":"","ast-hfb-above-header-display":"","ast-hfb-below-header-display":"","ast-hfb-mobile-header-display":"","site-post-title":"","ast-breadcrumbs-content":"","ast-featured-img":"","footer-sml-layout":"","ast-disable-related-posts":"","theme-transparent-header-meta":"","adv-header-id-meta":"","stick-header-meta":"","header-above-stick-meta":"","header-main-stick-meta":"","header-below-stick-meta":"","astra-migrate-meta-layouts":"default","ast-page-background-enabled":"default","ast-page-background-meta":{"desktop":{"background-color":"","background-image":"","background-repeat":"repeat","background-position":"center center","background-size":"auto","background-attachment":"scroll","background-type":"","background-media":"","overlay-type":"","overlay-color":"","overlay-opacity":"","overlay-gradient":""},"tablet":{"background-color":"","background-image":"","background-repeat":"repeat","background-position":"center center","background-size":"auto","background-attachment":"scroll","background-type":"","background-media":"","overlay-type":"","overlay-color":"","overlay-opacity":"","overlay-gradient":""},"mobile":{"background-color":"","background-image":"","background-repeat":"repeat","background-position":"center center","background-size":"auto","background-attachment":"scroll","background-type":"","background-media":"","overlay-type":"","overlay-color":"","overlay-opacity":"","overlay-gradient":""}},"ast-content-background-meta":{"desktop":{"background-color":"var(--ast-global-color-4)","background-image":"","background-repeat":"repeat","background-position":"center center","background-size":"auto","background-attachment":"scroll","background-type":"","background-media":"","overlay-type":"","overlay-color":"","overlay-opacity":"","overlay-gradient":""},"tablet":{"background-color":"var(--ast-global-color-4)","background-image":"","background-repeat":"repeat","background-position":"center center","background-size":"auto","background-attachment":"scroll","background-type":"","background-media":"","overlay-type":"","overlay-color":"","overlay-opacity":"","overlay-gradient":""},"mobile":{"background-color":"var(--ast-global-color-4)","background-image":"","background-repeat":"repeat","background-position":"center center","background-size":"auto","background-attachment":"scroll","background-type":"","background-media":"","overlay-type":"","overlay-color":"","overlay-opacity":"","overlay-gradient":""}}},"product_brand":[],"product_cat":[30],"product_tag":[],"class_list":{"0":"post-11523","1":"product","2":"type-product","3":"status-publish","4":"has-post-thumbnail","6":"product_cat-psichologija-ir-saviugda","7":"desktop-align-left","8":"tablet-align-left","9":"mobile-align-left","11":"first","12":"outofstock","13":"shipping-taxable","14":"purchasable","15":"product-type-simple"},"acf":[],"yoast_head":"<!-- This site is optimized with the Yoast SEO plugin v27.0 - https:\/\/yoast.com\/product\/yoast-seo-wordpress\/ -->\n<title>Robert Betz \u201eNori b\u016bti normalus ar laimingas? Naujai suvokime gyvenim\u0105 ir meil\u0119\u201c - Skaitytaknyga<\/title>\n<meta name=\"description\" content=\"Nori b\u016bti normalus ar laimingas?\u00a0para\u0161yta paprastai ir suprantamai \u2013 kiekvienam vyrui ir\u00a0kiekvienai moteriai. Galb\u016bt vis dar manai, kad\" \/>\n<meta name=\"robots\" content=\"index, follow, max-snippet:-1, max-image-preview:large, max-video-preview:-1\" \/>\n<link rel=\"canonical\" href=\"https:\/\/skaitytaknyga.lt\/en\/produktas\/robert-betz-nori-buti-normalus-ar-laimingas-naujai-suvokime-gyvenima-ir-meile\/\" \/>\n<meta property=\"og:locale\" content=\"en_GB\" \/>\n<meta property=\"og:locale:alternate\" content=\"lt_LT\" \/>\n<meta property=\"og:type\" content=\"article\" \/>\n<meta property=\"og:title\" content=\"Robert Betz \u201eNori b\u016bti normalus ar laimingas? Naujai suvokime gyvenim\u0105 ir meil\u0119\u201c - Skaitytaknyga\" \/>\n<meta property=\"og:description\" content=\"Nori b\u016bti normalus ar laimingas?\u00a0para\u0161yta paprastai ir suprantamai \u2013 kiekvienam vyrui ir\u00a0kiekvienai moteriai. Galb\u016bt vis dar manai, kad\" \/>\n<meta property=\"og:url\" content=\"https:\/\/skaitytaknyga.lt\/en\/produktas\/robert-betz-nori-buti-normalus-ar-laimingas-naujai-suvokime-gyvenima-ir-meile\/\" \/>\n<meta property=\"og:site_name\" content=\"Skaitytaknyga\" \/>\n<meta property=\"article:publisher\" content=\"https:\/\/www.facebook.com\/skaitytaknyga\/\" \/>\n<meta property=\"article:modified_time\" content=\"2025-11-30T08:50:33+00:00\" \/>\n<meta property=\"og:image\" content=\"https:\/\/skaitytaknyga.lt\/wp-content\/uploads\/2024\/05\/Ekrano-nuotrauka-2023-11-23-140834.png\" \/>\n\t<meta property=\"og:image:width\" content=\"311\" \/>\n\t<meta property=\"og:image:height\" content=\"446\" \/>\n\t<meta property=\"og:image:type\" content=\"image\/png\" \/>\n<meta name=\"twitter:card\" content=\"summary_large_image\" \/>\n<meta name=\"twitter:label1\" content=\"Estimated reading time\" \/>\n\t<meta name=\"twitter:data1\" content=\"1 minute\" \/>\n<script type=\"application\/ld+json\" class=\"yoast-schema-graph\">{\"@context\":\"https:\/\/schema.org\",\"@graph\":[{\"@type\":\"WebPage\",\"@id\":\"https:\/\/skaitytaknyga.lt\/produktas\/robert-betz-nori-buti-normalus-ar-laimingas-naujai-suvokime-gyvenima-ir-meile\/\",\"url\":\"https:\/\/skaitytaknyga.lt\/produktas\/robert-betz-nori-buti-normalus-ar-laimingas-naujai-suvokime-gyvenima-ir-meile\/\",\"name\":\"Robert Betz \u201eNori b\u016bti normalus ar laimingas? Naujai suvokime gyvenim\u0105 ir meil\u0119\u201c - Skaitytaknyga\",\"isPartOf\":{\"@id\":\"https:\/\/skaitytaknyga.lt\/#website\"},\"primaryImageOfPage\":{\"@id\":\"https:\/\/skaitytaknyga.lt\/produktas\/robert-betz-nori-buti-normalus-ar-laimingas-naujai-suvokime-gyvenima-ir-meile\/#primaryimage\"},\"image\":{\"@id\":\"https:\/\/skaitytaknyga.lt\/produktas\/robert-betz-nori-buti-normalus-ar-laimingas-naujai-suvokime-gyvenima-ir-meile\/#primaryimage\"},\"thumbnailUrl\":\"https:\/\/skaitytaknyga.lt\/wp-content\/uploads\/2024\/05\/Ekrano-nuotrauka-2023-11-23-140834.png\",\"datePublished\":\"2024-05-04T19:47:33+00:00\",\"dateModified\":\"2025-11-30T08:50:33+00:00\",\"description\":\"Nori b\u016bti normalus ar laimingas?\u00a0para\u0161yta paprastai ir suprantamai \u2013 kiekvienam vyrui ir\u00a0kiekvienai moteriai. Galb\u016bt vis dar manai, kad\",\"breadcrumb\":{\"@id\":\"https:\/\/skaitytaknyga.lt\/produktas\/robert-betz-nori-buti-normalus-ar-laimingas-naujai-suvokime-gyvenima-ir-meile\/#breadcrumb\"},\"inLanguage\":\"en-GB\",\"potentialAction\":[{\"@type\":\"ReadAction\",\"target\":[\"https:\/\/skaitytaknyga.lt\/produktas\/robert-betz-nori-buti-normalus-ar-laimingas-naujai-suvokime-gyvenima-ir-meile\/\"]}]},{\"@type\":\"ImageObject\",\"inLanguage\":\"en-GB\",\"@id\":\"https:\/\/skaitytaknyga.lt\/produktas\/robert-betz-nori-buti-normalus-ar-laimingas-naujai-suvokime-gyvenima-ir-meile\/#primaryimage\",\"url\":\"https:\/\/skaitytaknyga.lt\/wp-content\/uploads\/2024\/05\/Ekrano-nuotrauka-2023-11-23-140834.png\",\"contentUrl\":\"https:\/\/skaitytaknyga.lt\/wp-content\/uploads\/2024\/05\/Ekrano-nuotrauka-2023-11-23-140834.png\",\"width\":311,\"height\":446},{\"@type\":\"BreadcrumbList\",\"@id\":\"https:\/\/skaitytaknyga.lt\/produktas\/robert-betz-nori-buti-normalus-ar-laimingas-naujai-suvokime-gyvenima-ir-meile\/#breadcrumb\",\"itemListElement\":[{\"@type\":\"ListItem\",\"position\":1,\"name\":\"Home\",\"item\":\"https:\/\/skaitytaknyga.lt\/\"},{\"@type\":\"ListItem\",\"position\":2,\"name\":\"Parduotuv\u0117\",\"item\":\"https:\/\/skaitytaknyga.lt\/knygu-parduotuve\/\"},{\"@type\":\"ListItem\",\"position\":3,\"name\":\"Robert Betz \u201eNori b\u016bti normalus ar laimingas? Naujai suvokime gyvenim\u0105 ir meil\u0119\u201c\"}]},{\"@type\":\"WebSite\",\"@id\":\"https:\/\/skaitytaknyga.lt\/#website\",\"url\":\"https:\/\/skaitytaknyga.lt\/\",\"name\":\"skaitytaknyga.lt\",\"description\":\"Skaitytaknyga.lt \u2013 tai ma\u017eas \u0161eimos verslas, kuris prasid\u0117jo nuo meil\u0117s knygoms ir siekio i\u0161gelb\u0117ti knygas nuo likimo prie konteinerio. Kas vienam nereikalingas daiktas \u2013 kitam lobis, o mes esame tarpininkai, kurie padeda abiems tapti laimingesniems ???? \u017dinome kaip nelengva i\u0161gyventi ma\u017eiems verslams, tad nuo \u0161iol, \u010dia rasite ir kit\u0173, ma\u017e\u0173 \u0161eim\u0173 versl\u0173, rank\u0173 darbo, dovan\u0173 sau ir artimiesiems.\",\"publisher\":{\"@id\":\"https:\/\/skaitytaknyga.lt\/#organization\"},\"potentialAction\":[{\"@type\":\"SearchAction\",\"target\":{\"@type\":\"EntryPoint\",\"urlTemplate\":\"https:\/\/skaitytaknyga.lt\/?s={search_term_string}\"},\"query-input\":{\"@type\":\"PropertyValueSpecification\",\"valueRequired\":true,\"valueName\":\"search_term_string\"}}],\"inLanguage\":\"en-GB\"},{\"@type\":\"Organization\",\"@id\":\"https:\/\/skaitytaknyga.lt\/#organization\",\"name\":\"skaitytaknyga.lt\",\"url\":\"https:\/\/skaitytaknyga.lt\/\",\"logo\":{\"@type\":\"ImageObject\",\"inLanguage\":\"en-GB\",\"@id\":\"https:\/\/skaitytaknyga.lt\/#\/schema\/logo\/image\/\",\"url\":\"https:\/\/skaitytaknyga.lt\/wp-content\/uploads\/2024\/05\/cropped-cropped-cropped-02_00843_jt3bggkj1j3HLc7SyY6rEUpg.jpeg\",\"contentUrl\":\"https:\/\/skaitytaknyga.lt\/wp-content\/uploads\/2024\/05\/cropped-cropped-cropped-02_00843_jt3bggkj1j3HLc7SyY6rEUpg.jpeg\",\"width\":1600,\"height\":1600,\"caption\":\"skaitytaknyga.lt\"},\"image\":{\"@id\":\"https:\/\/skaitytaknyga.lt\/#\/schema\/logo\/image\/\"},\"sameAs\":[\"https:\/\/www.facebook.com\/skaitytaknyga\/\"]}]}<\/script>\n<!-- \/ Yoast SEO plugin. -->","yoast_head_json":{"title":"Robert Betz \u201eNori b\u016bti normalus ar laimingas? Naujai suvokime gyvenim\u0105 ir meil\u0119\u201c - Skaitytaknyga","description":"Nori b\u016bti normalus ar laimingas?\u00a0para\u0161yta paprastai ir suprantamai \u2013 kiekvienam vyrui ir\u00a0kiekvienai moteriai. Galb\u016bt vis dar manai, kad","robots":{"index":"index","follow":"follow","max-snippet":"max-snippet:-1","max-image-preview":"max-image-preview:large","max-video-preview":"max-video-preview:-1"},"canonical":"https:\/\/skaitytaknyga.lt\/en\/produktas\/robert-betz-nori-buti-normalus-ar-laimingas-naujai-suvokime-gyvenima-ir-meile\/","og_locale":"en_GB","og_type":"article","og_title":"Robert Betz \u201eNori b\u016bti normalus ar laimingas? Naujai suvokime gyvenim\u0105 ir meil\u0119\u201c - Skaitytaknyga","og_description":"Nori b\u016bti normalus ar laimingas?\u00a0para\u0161yta paprastai ir suprantamai \u2013 kiekvienam vyrui ir\u00a0kiekvienai moteriai. Galb\u016bt vis dar manai, kad","og_url":"https:\/\/skaitytaknyga.lt\/en\/produktas\/robert-betz-nori-buti-normalus-ar-laimingas-naujai-suvokime-gyvenima-ir-meile\/","og_site_name":"Skaitytaknyga","article_publisher":"https:\/\/www.facebook.com\/skaitytaknyga\/","article_modified_time":"2025-11-30T08:50:33+00:00","og_image":[{"width":311,"height":446,"url":"https:\/\/skaitytaknyga.lt\/wp-content\/uploads\/2024\/05\/Ekrano-nuotrauka-2023-11-23-140834.png","type":"image\/png"}],"twitter_card":"summary_large_image","twitter_misc":{"Estimated reading time":"1 minute"},"schema":{"@context":"https:\/\/schema.org","@graph":[{"@type":"WebPage","@id":"https:\/\/skaitytaknyga.lt\/produktas\/robert-betz-nori-buti-normalus-ar-laimingas-naujai-suvokime-gyvenima-ir-meile\/","url":"https:\/\/skaitytaknyga.lt\/produktas\/robert-betz-nori-buti-normalus-ar-laimingas-naujai-suvokime-gyvenima-ir-meile\/","name":"Robert Betz \u201eNori b\u016bti normalus ar laimingas? Naujai suvokime gyvenim\u0105 ir meil\u0119\u201c - Skaitytaknyga","isPartOf":{"@id":"https:\/\/skaitytaknyga.lt\/#website"},"primaryImageOfPage":{"@id":"https:\/\/skaitytaknyga.lt\/produktas\/robert-betz-nori-buti-normalus-ar-laimingas-naujai-suvokime-gyvenima-ir-meile\/#primaryimage"},"image":{"@id":"https:\/\/skaitytaknyga.lt\/produktas\/robert-betz-nori-buti-normalus-ar-laimingas-naujai-suvokime-gyvenima-ir-meile\/#primaryimage"},"thumbnailUrl":"https:\/\/skaitytaknyga.lt\/wp-content\/uploads\/2024\/05\/Ekrano-nuotrauka-2023-11-23-140834.png","datePublished":"2024-05-04T19:47:33+00:00","dateModified":"2025-11-30T08:50:33+00:00","description":"Nori b\u016bti normalus ar laimingas?\u00a0para\u0161yta paprastai ir suprantamai \u2013 kiekvienam vyrui ir\u00a0kiekvienai moteriai. Galb\u016bt vis dar manai, kad","breadcrumb":{"@id":"https:\/\/skaitytaknyga.lt\/produktas\/robert-betz-nori-buti-normalus-ar-laimingas-naujai-suvokime-gyvenima-ir-meile\/#breadcrumb"},"inLanguage":"en-GB","potentialAction":[{"@type":"ReadAction","target":["https:\/\/skaitytaknyga.lt\/produktas\/robert-betz-nori-buti-normalus-ar-laimingas-naujai-suvokime-gyvenima-ir-meile\/"]}]},{"@type":"ImageObject","inLanguage":"en-GB","@id":"https:\/\/skaitytaknyga.lt\/produktas\/robert-betz-nori-buti-normalus-ar-laimingas-naujai-suvokime-gyvenima-ir-meile\/#primaryimage","url":"https:\/\/skaitytaknyga.lt\/wp-content\/uploads\/2024\/05\/Ekrano-nuotrauka-2023-11-23-140834.png","contentUrl":"https:\/\/skaitytaknyga.lt\/wp-content\/uploads\/2024\/05\/Ekrano-nuotrauka-2023-11-23-140834.png","width":311,"height":446},{"@type":"BreadcrumbList","@id":"https:\/\/skaitytaknyga.lt\/produktas\/robert-betz-nori-buti-normalus-ar-laimingas-naujai-suvokime-gyvenima-ir-meile\/#breadcrumb","itemListElement":[{"@type":"ListItem","position":1,"name":"Home","item":"https:\/\/skaitytaknyga.lt\/"},{"@type":"ListItem","position":2,"name":"Parduotuv\u0117","item":"https:\/\/skaitytaknyga.lt\/knygu-parduotuve\/"},{"@type":"ListItem","position":3,"name":"Robert Betz \u201eNori b\u016bti normalus ar laimingas? Naujai suvokime gyvenim\u0105 ir meil\u0119\u201c"}]},{"@type":"WebSite","@id":"https:\/\/skaitytaknyga.lt\/#website","url":"https:\/\/skaitytaknyga.lt\/","name":"skaitytaknyga.lt","description":"Skaitytaknyga.lt \u2013 tai ma\u017eas \u0161eimos verslas, kuris prasid\u0117jo nuo meil\u0117s knygoms ir siekio i\u0161gelb\u0117ti knygas nuo likimo prie konteinerio. Kas vienam nereikalingas daiktas \u2013 kitam lobis, o mes esame tarpininkai, kurie padeda abiems tapti laimingesniems ???? \u017dinome kaip nelengva i\u0161gyventi ma\u017eiems verslams, tad nuo \u0161iol, \u010dia rasite ir kit\u0173, ma\u017e\u0173 \u0161eim\u0173 versl\u0173, rank\u0173 darbo, dovan\u0173 sau ir artimiesiems.","publisher":{"@id":"https:\/\/skaitytaknyga.lt\/#organization"},"potentialAction":[{"@type":"SearchAction","target":{"@type":"EntryPoint","urlTemplate":"https:\/\/skaitytaknyga.lt\/?s={search_term_string}"},"query-input":{"@type":"PropertyValueSpecification","valueRequired":true,"valueName":"search_term_string"}}],"inLanguage":"en-GB"},{"@type":"Organization","@id":"https:\/\/skaitytaknyga.lt\/#organization","name":"skaitytaknyga.lt","url":"https:\/\/skaitytaknyga.lt\/","logo":{"@type":"ImageObject","inLanguage":"en-GB","@id":"https:\/\/skaitytaknyga.lt\/#\/schema\/logo\/image\/","url":"https:\/\/skaitytaknyga.lt\/wp-content\/uploads\/2024\/05\/cropped-cropped-cropped-02_00843_jt3bggkj1j3HLc7SyY6rEUpg.jpeg","contentUrl":"https:\/\/skaitytaknyga.lt\/wp-content\/uploads\/2024\/05\/cropped-cropped-cropped-02_00843_jt3bggkj1j3HLc7SyY6rEUpg.jpeg","width":1600,"height":1600,"caption":"skaitytaknyga.lt"},"image":{"@id":"https:\/\/skaitytaknyga.lt\/#\/schema\/logo\/image\/"},"sameAs":["https:\/\/www.facebook.com\/skaitytaknyga\/"]}]}},"_links":{"self":[{"href":"https:\/\/skaitytaknyga.lt\/en\/wp-json\/wp\/v2\/product\/11523","targetHints":{"allow":["GET"]}}],"collection":[{"href":"https:\/\/skaitytaknyga.lt\/en\/wp-json\/wp\/v2\/product"}],"about":[{"href":"https:\/\/skaitytaknyga.lt\/en\/wp-json\/wp\/v2\/types\/product"}],"replies":[{"embeddable":true,"href":"https:\/\/skaitytaknyga.lt\/en\/wp-json\/wp\/v2\/comments?post=11523"}],"wp:featuredmedia":[{"embeddable":true,"href":"https:\/\/skaitytaknyga.lt\/en\/wp-json\/wp\/v2\/media\/11566"}],"wp:attachment":[{"href":"https:\/\/skaitytaknyga.lt\/en\/wp-json\/wp\/v2\/media?parent=11523"}],"wp:term":[{"taxonomy":"product_brand","embeddable":true,"href":"https:\/\/skaitytaknyga.lt\/en\/wp-json\/wp\/v2\/product_brand?post=11523"},{"taxonomy":"product_cat","embeddable":true,"href":"https:\/\/skaitytaknyga.lt\/en\/wp-json\/wp\/v2\/product_cat?post=11523"},{"taxonomy":"product_tag","embeddable":true,"href":"https:\/\/skaitytaknyga.lt\/en\/wp-json\/wp\/v2\/product_tag?post=11523"}],"curies":[{"name":"wp","href":"https:\/\/api.w.org\/{rel}","templated":true}]}}