{"id":11522,"date":"2024-05-04T19:47:33","date_gmt":"2024-05-04T19:47:33","guid":{"rendered":"https:\/\/skaitytaknyga.lt\/?post_type=product&#038;p=11522"},"modified":"2026-03-18T14:59:54","modified_gmt":"2026-03-18T12:59:54","slug":"paaukota-lietuva-nuo-vytauto-didziojo-iki-dalios-grybauskaites","status":"publish","type":"product","link":"https:\/\/skaitytaknyga.lt\/en\/produktas\/paaukota-lietuva-nuo-vytauto-didziojo-iki-dalios-grybauskaites\/","title":{"rendered":"Paaukota Lietuva. Nuo Vytauto Did\u017eiojo iki Dalios Grybauskait\u0117s"},"content":{"rendered":"<p>Tre\u010diojoje knygoje \u010ceslovas I\u0161kauskas tarsi b\u0117ga vis\u0105 Lietuvos istorijos maraton\u0105 \u2013 nuo \u0161v. Brunono ir Vytauto Did\u017eiojo iki profesoriaus<br \/>\nV. Landsbergio ir dar toliau, iki pat \u0161i\u0173 dien\u0173.<\/p>\n<p>Akcentuojami tie Lietuvos istorijos tarpsniai, kurie buvo jai lemtingi: arba \u012fklampino \u0161al\u012f ir taut\u0105 \u012f nesibaigian\u010dius karus, konfliktus, susiprie\u0161inim\u0105 su kaimynais, arba ved\u0117 \u012f klest\u0117jim\u0105, valstybingumo, demokratijos ir pa\u017eangos vir\u0161\u016bnes.<\/p>\n<p>Suprantama, kad kuo senesn\u0117 Lietuvos istorija, tuo joje daugiau balt\u0173 d\u0117mi\u0173. Lietuv\u0105 apkrik\u0161tyti buvo m\u0117ginama kelis \u0161imtme\u010dius, liaupsinamos LDK egzistavimas nebuvo toks vientisas ir heroji\u0161kas, draugyst\u0117s s\u0105junga su Lenkija v\u0117lgi buvo nelygiavert\u0117, o jos tamsus \u0161leifas nusit\u0119sia iki \u0161i\u0173 dien\u0173. Karai, sukilimai, konfliktai, okupacijos, teroras, totalitarinis valdymas \u2013 visa tai paliko matomus randus ant m\u016bs\u0173 tautos k\u016bno. Jie nepuo\u0161ia, tik moko saugoti ir ginti savo tapatum\u0105, savo kra\u0161t\u0105, kalb\u0105, kult\u016br\u0105. Knygoje bandoma atskirus istorijos etapus bei \u012fvykius sujungti \u012f vientis\u0105 gij\u0105 ir parodyti, koks buvo pra\u0117j\u0119s Lietuvos t\u016bkstantmetis.<\/p>\n","protected":false},"excerpt":{"rendered":"<p>ai unikalus LDK mar\u0161alkos M. K. Radvilos (1549-1616) 1582-1584 m. kelion\u0117s po Palestin\u0105, Sirij\u0105, Egipt\u0105, Kret\u0105, Apenin\u0173 pusiasal\u012f dienora\u0161tis. Jame vaizdingai apra\u0161yta Artim\u0173j\u0173 Ryt\u0173 taut\u0173 praeitis, papro\u010diai, tikin\u010di\u0173j\u0173 santykiai, architekt\u016bra, k\u016bryba, prekyba, klimatas, derlius, diplomatin\u0117s tarnybos ir daugyb\u0117 kit\u0173 to meto kasdienyb\u0117s realij\u0173.<\/p>\n","protected":false},"featured_media":11565,"comment_status":"closed","ping_status":"closed","template":"","meta":{"_acf_changed":false,"site-sidebar-layout":"default","site-content-layout":"","ast-site-content-layout":"default","site-content-style":"default","site-sidebar-style":"default","ast-global-header-display":"","ast-banner-title-visibility":"","ast-main-header-display":"","ast-hfb-above-header-display":"","ast-hfb-below-header-display":"","ast-hfb-mobile-header-display":"","site-post-title":"","ast-breadcrumbs-content":"","ast-featured-img":"","footer-sml-layout":"","ast-disable-related-posts":"","theme-transparent-header-meta":"","adv-header-id-meta":"","stick-header-meta":"","header-above-stick-meta":"","header-main-stick-meta":"","header-below-stick-meta":"","astra-migrate-meta-layouts":"default","ast-page-background-enabled":"default","ast-page-background-meta":{"desktop":{"background-color":"","background-image":"","background-repeat":"repeat","background-position":"center center","background-size":"auto","background-attachment":"scroll","background-type":"","background-media":"","overlay-type":"","overlay-color":"","overlay-opacity":"","overlay-gradient":""},"tablet":{"background-color":"","background-image":"","background-repeat":"repeat","background-position":"center center","background-size":"auto","background-attachment":"scroll","background-type":"","background-media":"","overlay-type":"","overlay-color":"","overlay-opacity":"","overlay-gradient":""},"mobile":{"background-color":"","background-image":"","background-repeat":"repeat","background-position":"center center","background-size":"auto","background-attachment":"scroll","background-type":"","background-media":"","overlay-type":"","overlay-color":"","overlay-opacity":"","overlay-gradient":""}},"ast-content-background-meta":{"desktop":{"background-color":"var(--ast-global-color-4)","background-image":"","background-repeat":"repeat","background-position":"center center","background-size":"auto","background-attachment":"scroll","background-type":"","background-media":"","overlay-type":"","overlay-color":"","overlay-opacity":"","overlay-gradient":""},"tablet":{"background-color":"var(--ast-global-color-4)","background-image":"","background-repeat":"repeat","background-position":"center center","background-size":"auto","background-attachment":"scroll","background-type":"","background-media":"","overlay-type":"","overlay-color":"","overlay-opacity":"","overlay-gradient":""},"mobile":{"background-color":"var(--ast-global-color-4)","background-image":"","background-repeat":"repeat","background-position":"center center","background-size":"auto","background-attachment":"scroll","background-type":"","background-media":"","overlay-type":"","overlay-color":"","overlay-opacity":"","overlay-gradient":""}}},"product_brand":[],"product_cat":[9862,174,448],"product_tag":[],"class_list":{"0":"post-11522","1":"product","2":"type-product","3":"status-publish","4":"has-post-thumbnail","6":"product_cat-lietuvos-istorija","7":"product_cat-istorija-ir-politologija","8":"product_cat-keliones","9":"desktop-align-left","10":"tablet-align-left","11":"mobile-align-left","13":"first","14":"instock","15":"shipping-taxable","16":"purchasable","17":"product-type-simple"},"acf":[],"yoast_head":"<!-- This site is optimized with the Yoast SEO plugin v27.0 - https:\/\/yoast.com\/product\/yoast-seo-wordpress\/ -->\n<title>Paaukota Lietuva. Nuo Vytauto Did\u017eiojo iki Dalios Grybauskait\u0117s<\/title>\n<meta name=\"description\" content=\"ai unikalus LDK mar\u0161alkos M. K. Radvilos (1549-1616) 1582-1584 m. kelion\u0117s po Palestin\u0105, Sirij\u0105, Egipt\u0105, Kret\u0105, Apenin\u0173 pusiasal\u012f dienora\u0161tis. Jame vaizdingai apra\u0161yta Artim\u0173j\u0173 Ryt\u0173 taut\u0173 praeitis, papro\u010diai, tikin\u010di\u0173j\u0173 santykiai, architekt\u016bra, k\u016bryba, prekyba, klimatas, derlius, diplomatin\u0117s tarnybos ir daugyb\u0117 kit\u0173 to meto kasdienyb\u0117s realij\u0173.\" \/>\n<meta name=\"robots\" content=\"index, follow, max-snippet:-1, max-image-preview:large, max-video-preview:-1\" \/>\n<link rel=\"canonical\" href=\"https:\/\/skaitytaknyga.lt\/en\/produktas\/paaukota-lietuva-nuo-vytauto-didziojo-iki-dalios-grybauskaites\/\" \/>\n<meta property=\"og:locale\" content=\"en_GB\" \/>\n<meta property=\"og:locale:alternate\" content=\"lt_LT\" \/>\n<meta property=\"og:type\" content=\"article\" \/>\n<meta property=\"og:title\" content=\"Paaukota Lietuva. Nuo Vytauto Did\u017eiojo iki Dalios Grybauskait\u0117s\" \/>\n<meta property=\"og:description\" content=\"ai unikalus LDK mar\u0161alkos M. K. Radvilos (1549-1616) 1582-1584 m. kelion\u0117s po Palestin\u0105, Sirij\u0105, Egipt\u0105, Kret\u0105, Apenin\u0173 pusiasal\u012f dienora\u0161tis. Jame vaizdingai apra\u0161yta Artim\u0173j\u0173 Ryt\u0173 taut\u0173 praeitis, papro\u010diai, tikin\u010di\u0173j\u0173 santykiai, architekt\u016bra, k\u016bryba, prekyba, klimatas, derlius, diplomatin\u0117s tarnybos ir daugyb\u0117 kit\u0173 to meto kasdienyb\u0117s realij\u0173.\" \/>\n<meta property=\"og:url\" content=\"https:\/\/skaitytaknyga.lt\/en\/produktas\/paaukota-lietuva-nuo-vytauto-didziojo-iki-dalios-grybauskaites\/\" \/>\n<meta property=\"og:site_name\" content=\"Skaitytaknyga\" \/>\n<meta property=\"article:publisher\" content=\"https:\/\/www.facebook.com\/skaitytaknyga\/\" \/>\n<meta property=\"article:modified_time\" content=\"2026-03-18T12:59:54+00:00\" \/>\n<meta property=\"og:image\" content=\"https:\/\/skaitytaknyga.lt\/wp-content\/uploads\/2024\/05\/Ekrano-nuotrauka-2023-11-23-135540.png\" \/>\n\t<meta property=\"og:image:width\" content=\"302\" \/>\n\t<meta property=\"og:image:height\" content=\"457\" \/>\n\t<meta property=\"og:image:type\" content=\"image\/png\" \/>\n<meta name=\"twitter:card\" content=\"summary_large_image\" \/>\n<meta name=\"twitter:label1\" content=\"Estimated reading time\" \/>\n\t<meta name=\"twitter:data1\" content=\"1 minute\" \/>\n<script type=\"application\/ld+json\" class=\"yoast-schema-graph\">{\"@context\":\"https:\/\/schema.org\",\"@graph\":[{\"@type\":\"WebPage\",\"@id\":\"https:\/\/skaitytaknyga.lt\/produktas\/paaukota-lietuva-nuo-vytauto-didziojo-iki-dalios-grybauskaites\/\",\"url\":\"https:\/\/skaitytaknyga.lt\/produktas\/paaukota-lietuva-nuo-vytauto-didziojo-iki-dalios-grybauskaites\/\",\"name\":\"Paaukota Lietuva. Nuo Vytauto Did\u017eiojo iki Dalios Grybauskait\u0117s\",\"isPartOf\":{\"@id\":\"https:\/\/skaitytaknyga.lt\/#website\"},\"primaryImageOfPage\":{\"@id\":\"https:\/\/skaitytaknyga.lt\/produktas\/paaukota-lietuva-nuo-vytauto-didziojo-iki-dalios-grybauskaites\/#primaryimage\"},\"image\":{\"@id\":\"https:\/\/skaitytaknyga.lt\/produktas\/paaukota-lietuva-nuo-vytauto-didziojo-iki-dalios-grybauskaites\/#primaryimage\"},\"thumbnailUrl\":\"https:\/\/skaitytaknyga.lt\/wp-content\/uploads\/2024\/05\/Ekrano-nuotrauka-2023-11-23-135540.png\",\"datePublished\":\"2024-05-04T19:47:33+00:00\",\"dateModified\":\"2026-03-18T12:59:54+00:00\",\"description\":\"ai unikalus LDK mar\u0161alkos M. K. Radvilos (1549-1616) 1582-1584 m. kelion\u0117s po Palestin\u0105, Sirij\u0105, Egipt\u0105, Kret\u0105, Apenin\u0173 pusiasal\u012f dienora\u0161tis. Jame vaizdingai apra\u0161yta Artim\u0173j\u0173 Ryt\u0173 taut\u0173 praeitis, papro\u010diai, tikin\u010di\u0173j\u0173 santykiai, architekt\u016bra, k\u016bryba, prekyba, klimatas, derlius, diplomatin\u0117s tarnybos ir daugyb\u0117 kit\u0173 to meto kasdienyb\u0117s realij\u0173.\",\"breadcrumb\":{\"@id\":\"https:\/\/skaitytaknyga.lt\/produktas\/paaukota-lietuva-nuo-vytauto-didziojo-iki-dalios-grybauskaites\/#breadcrumb\"},\"inLanguage\":\"en-GB\",\"potentialAction\":[{\"@type\":\"ReadAction\",\"target\":[\"https:\/\/skaitytaknyga.lt\/produktas\/paaukota-lietuva-nuo-vytauto-didziojo-iki-dalios-grybauskaites\/\"]}]},{\"@type\":\"ImageObject\",\"inLanguage\":\"en-GB\",\"@id\":\"https:\/\/skaitytaknyga.lt\/produktas\/paaukota-lietuva-nuo-vytauto-didziojo-iki-dalios-grybauskaites\/#primaryimage\",\"url\":\"https:\/\/skaitytaknyga.lt\/wp-content\/uploads\/2024\/05\/Ekrano-nuotrauka-2023-11-23-135540.png\",\"contentUrl\":\"https:\/\/skaitytaknyga.lt\/wp-content\/uploads\/2024\/05\/Ekrano-nuotrauka-2023-11-23-135540.png\",\"width\":302,\"height\":457},{\"@type\":\"BreadcrumbList\",\"@id\":\"https:\/\/skaitytaknyga.lt\/produktas\/paaukota-lietuva-nuo-vytauto-didziojo-iki-dalios-grybauskaites\/#breadcrumb\",\"itemListElement\":[{\"@type\":\"ListItem\",\"position\":1,\"name\":\"Home\",\"item\":\"https:\/\/skaitytaknyga.lt\/\"},{\"@type\":\"ListItem\",\"position\":2,\"name\":\"Parduotuv\u0117\",\"item\":\"https:\/\/skaitytaknyga.lt\/knygu-parduotuve\/\"},{\"@type\":\"ListItem\",\"position\":3,\"name\":\"Paaukota Lietuva. Nuo Vytauto Did\u017eiojo iki Dalios Grybauskait\u0117s\"}]},{\"@type\":\"WebSite\",\"@id\":\"https:\/\/skaitytaknyga.lt\/#website\",\"url\":\"https:\/\/skaitytaknyga.lt\/\",\"name\":\"skaitytaknyga.lt\",\"description\":\"Skaitytaknyga.lt \u2013 tai ma\u017eas \u0161eimos verslas, kuris prasid\u0117jo nuo meil\u0117s knygoms ir siekio i\u0161gelb\u0117ti knygas nuo likimo prie konteinerio. Kas vienam nereikalingas daiktas \u2013 kitam lobis, o mes esame tarpininkai, kurie padeda abiems tapti laimingesniems ???? \u017dinome kaip nelengva i\u0161gyventi ma\u017eiems verslams, tad nuo \u0161iol, \u010dia rasite ir kit\u0173, ma\u017e\u0173 \u0161eim\u0173 versl\u0173, rank\u0173 darbo, dovan\u0173 sau ir artimiesiems.\",\"publisher\":{\"@id\":\"https:\/\/skaitytaknyga.lt\/#organization\"},\"potentialAction\":[{\"@type\":\"SearchAction\",\"target\":{\"@type\":\"EntryPoint\",\"urlTemplate\":\"https:\/\/skaitytaknyga.lt\/?s={search_term_string}\"},\"query-input\":{\"@type\":\"PropertyValueSpecification\",\"valueRequired\":true,\"valueName\":\"search_term_string\"}}],\"inLanguage\":\"en-GB\"},{\"@type\":\"Organization\",\"@id\":\"https:\/\/skaitytaknyga.lt\/#organization\",\"name\":\"skaitytaknyga.lt\",\"url\":\"https:\/\/skaitytaknyga.lt\/\",\"logo\":{\"@type\":\"ImageObject\",\"inLanguage\":\"en-GB\",\"@id\":\"https:\/\/skaitytaknyga.lt\/#\/schema\/logo\/image\/\",\"url\":\"https:\/\/skaitytaknyga.lt\/wp-content\/uploads\/2024\/05\/cropped-cropped-cropped-02_00843_jt3bggkj1j3HLc7SyY6rEUpg.jpeg\",\"contentUrl\":\"https:\/\/skaitytaknyga.lt\/wp-content\/uploads\/2024\/05\/cropped-cropped-cropped-02_00843_jt3bggkj1j3HLc7SyY6rEUpg.jpeg\",\"width\":1600,\"height\":1600,\"caption\":\"skaitytaknyga.lt\"},\"image\":{\"@id\":\"https:\/\/skaitytaknyga.lt\/#\/schema\/logo\/image\/\"},\"sameAs\":[\"https:\/\/www.facebook.com\/skaitytaknyga\/\"]}]}<\/script>\n<!-- \/ Yoast SEO plugin. -->","yoast_head_json":{"title":"Paaukota Lietuva. Nuo Vytauto Did\u017eiojo iki Dalios Grybauskait\u0117s","description":"ai unikalus LDK mar\u0161alkos M. K. Radvilos (1549-1616) 1582-1584 m. kelion\u0117s po Palestin\u0105, Sirij\u0105, Egipt\u0105, Kret\u0105, Apenin\u0173 pusiasal\u012f dienora\u0161tis. Jame vaizdingai apra\u0161yta Artim\u0173j\u0173 Ryt\u0173 taut\u0173 praeitis, papro\u010diai, tikin\u010di\u0173j\u0173 santykiai, architekt\u016bra, k\u016bryba, prekyba, klimatas, derlius, diplomatin\u0117s tarnybos ir daugyb\u0117 kit\u0173 to meto kasdienyb\u0117s realij\u0173.","robots":{"index":"index","follow":"follow","max-snippet":"max-snippet:-1","max-image-preview":"max-image-preview:large","max-video-preview":"max-video-preview:-1"},"canonical":"https:\/\/skaitytaknyga.lt\/en\/produktas\/paaukota-lietuva-nuo-vytauto-didziojo-iki-dalios-grybauskaites\/","og_locale":"en_GB","og_type":"article","og_title":"[:lt]Paaukota Lietuva. Nuo Vytauto Did\u017eiojo iki Dalios Grybauskait\u0117s[:] - Skaitytaknyga","og_description":"ai unikalus LDK mar\u0161alkos M. K. Radvilos (1549-1616) 1582-1584 m. kelion\u0117s po Palestin\u0105, Sirij\u0105, Egipt\u0105, Kret\u0105, Apenin\u0173 pusiasal\u012f dienora\u0161tis. Jame vaizdingai apra\u0161yta Artim\u0173j\u0173 Ryt\u0173 taut\u0173 praeitis, papro\u010diai, tikin\u010di\u0173j\u0173 santykiai, architekt\u016bra, k\u016bryba, prekyba, klimatas, derlius, diplomatin\u0117s tarnybos ir daugyb\u0117 kit\u0173 to meto kasdienyb\u0117s realij\u0173.","og_url":"https:\/\/skaitytaknyga.lt\/en\/produktas\/paaukota-lietuva-nuo-vytauto-didziojo-iki-dalios-grybauskaites\/","og_site_name":"Skaitytaknyga","article_publisher":"https:\/\/www.facebook.com\/skaitytaknyga\/","article_modified_time":"2026-03-18T12:59:54+00:00","og_image":[{"width":302,"height":457,"url":"https:\/\/skaitytaknyga.lt\/wp-content\/uploads\/2024\/05\/Ekrano-nuotrauka-2023-11-23-135540.png","type":"image\/png"}],"twitter_card":"summary_large_image","twitter_misc":{"Estimated reading time":"1 minute"},"schema":{"@context":"https:\/\/schema.org","@graph":[{"@type":"WebPage","@id":"https:\/\/skaitytaknyga.lt\/produktas\/paaukota-lietuva-nuo-vytauto-didziojo-iki-dalios-grybauskaites\/","url":"https:\/\/skaitytaknyga.lt\/produktas\/paaukota-lietuva-nuo-vytauto-didziojo-iki-dalios-grybauskaites\/","name":"Paaukota Lietuva. Nuo Vytauto Did\u017eiojo iki Dalios Grybauskait\u0117s","isPartOf":{"@id":"https:\/\/skaitytaknyga.lt\/#website"},"primaryImageOfPage":{"@id":"https:\/\/skaitytaknyga.lt\/produktas\/paaukota-lietuva-nuo-vytauto-didziojo-iki-dalios-grybauskaites\/#primaryimage"},"image":{"@id":"https:\/\/skaitytaknyga.lt\/produktas\/paaukota-lietuva-nuo-vytauto-didziojo-iki-dalios-grybauskaites\/#primaryimage"},"thumbnailUrl":"https:\/\/skaitytaknyga.lt\/wp-content\/uploads\/2024\/05\/Ekrano-nuotrauka-2023-11-23-135540.png","datePublished":"2024-05-04T19:47:33+00:00","dateModified":"2026-03-18T12:59:54+00:00","description":"ai unikalus LDK mar\u0161alkos M. K. Radvilos (1549-1616) 1582-1584 m. kelion\u0117s po Palestin\u0105, Sirij\u0105, Egipt\u0105, Kret\u0105, Apenin\u0173 pusiasal\u012f dienora\u0161tis. Jame vaizdingai apra\u0161yta Artim\u0173j\u0173 Ryt\u0173 taut\u0173 praeitis, papro\u010diai, tikin\u010di\u0173j\u0173 santykiai, architekt\u016bra, k\u016bryba, prekyba, klimatas, derlius, diplomatin\u0117s tarnybos ir daugyb\u0117 kit\u0173 to meto kasdienyb\u0117s realij\u0173.","breadcrumb":{"@id":"https:\/\/skaitytaknyga.lt\/produktas\/paaukota-lietuva-nuo-vytauto-didziojo-iki-dalios-grybauskaites\/#breadcrumb"},"inLanguage":"en-GB","potentialAction":[{"@type":"ReadAction","target":["https:\/\/skaitytaknyga.lt\/produktas\/paaukota-lietuva-nuo-vytauto-didziojo-iki-dalios-grybauskaites\/"]}]},{"@type":"ImageObject","inLanguage":"en-GB","@id":"https:\/\/skaitytaknyga.lt\/produktas\/paaukota-lietuva-nuo-vytauto-didziojo-iki-dalios-grybauskaites\/#primaryimage","url":"https:\/\/skaitytaknyga.lt\/wp-content\/uploads\/2024\/05\/Ekrano-nuotrauka-2023-11-23-135540.png","contentUrl":"https:\/\/skaitytaknyga.lt\/wp-content\/uploads\/2024\/05\/Ekrano-nuotrauka-2023-11-23-135540.png","width":302,"height":457},{"@type":"BreadcrumbList","@id":"https:\/\/skaitytaknyga.lt\/produktas\/paaukota-lietuva-nuo-vytauto-didziojo-iki-dalios-grybauskaites\/#breadcrumb","itemListElement":[{"@type":"ListItem","position":1,"name":"Home","item":"https:\/\/skaitytaknyga.lt\/"},{"@type":"ListItem","position":2,"name":"Parduotuv\u0117","item":"https:\/\/skaitytaknyga.lt\/knygu-parduotuve\/"},{"@type":"ListItem","position":3,"name":"Paaukota Lietuva. Nuo Vytauto Did\u017eiojo iki Dalios Grybauskait\u0117s"}]},{"@type":"WebSite","@id":"https:\/\/skaitytaknyga.lt\/#website","url":"https:\/\/skaitytaknyga.lt\/","name":"skaitytaknyga.lt","description":"Skaitytaknyga.lt \u2013 tai ma\u017eas \u0161eimos verslas, kuris prasid\u0117jo nuo meil\u0117s knygoms ir siekio i\u0161gelb\u0117ti knygas nuo likimo prie konteinerio. Kas vienam nereikalingas daiktas \u2013 kitam lobis, o mes esame tarpininkai, kurie padeda abiems tapti laimingesniems ???? \u017dinome kaip nelengva i\u0161gyventi ma\u017eiems verslams, tad nuo \u0161iol, \u010dia rasite ir kit\u0173, ma\u017e\u0173 \u0161eim\u0173 versl\u0173, rank\u0173 darbo, dovan\u0173 sau ir artimiesiems.","publisher":{"@id":"https:\/\/skaitytaknyga.lt\/#organization"},"potentialAction":[{"@type":"SearchAction","target":{"@type":"EntryPoint","urlTemplate":"https:\/\/skaitytaknyga.lt\/?s={search_term_string}"},"query-input":{"@type":"PropertyValueSpecification","valueRequired":true,"valueName":"search_term_string"}}],"inLanguage":"en-GB"},{"@type":"Organization","@id":"https:\/\/skaitytaknyga.lt\/#organization","name":"skaitytaknyga.lt","url":"https:\/\/skaitytaknyga.lt\/","logo":{"@type":"ImageObject","inLanguage":"en-GB","@id":"https:\/\/skaitytaknyga.lt\/#\/schema\/logo\/image\/","url":"https:\/\/skaitytaknyga.lt\/wp-content\/uploads\/2024\/05\/cropped-cropped-cropped-02_00843_jt3bggkj1j3HLc7SyY6rEUpg.jpeg","contentUrl":"https:\/\/skaitytaknyga.lt\/wp-content\/uploads\/2024\/05\/cropped-cropped-cropped-02_00843_jt3bggkj1j3HLc7SyY6rEUpg.jpeg","width":1600,"height":1600,"caption":"skaitytaknyga.lt"},"image":{"@id":"https:\/\/skaitytaknyga.lt\/#\/schema\/logo\/image\/"},"sameAs":["https:\/\/www.facebook.com\/skaitytaknyga\/"]}]}},"_links":{"self":[{"href":"https:\/\/skaitytaknyga.lt\/en\/wp-json\/wp\/v2\/product\/11522","targetHints":{"allow":["GET"]}}],"collection":[{"href":"https:\/\/skaitytaknyga.lt\/en\/wp-json\/wp\/v2\/product"}],"about":[{"href":"https:\/\/skaitytaknyga.lt\/en\/wp-json\/wp\/v2\/types\/product"}],"replies":[{"embeddable":true,"href":"https:\/\/skaitytaknyga.lt\/en\/wp-json\/wp\/v2\/comments?post=11522"}],"wp:featuredmedia":[{"embeddable":true,"href":"https:\/\/skaitytaknyga.lt\/en\/wp-json\/wp\/v2\/media\/11565"}],"wp:attachment":[{"href":"https:\/\/skaitytaknyga.lt\/en\/wp-json\/wp\/v2\/media?parent=11522"}],"wp:term":[{"taxonomy":"product_brand","embeddable":true,"href":"https:\/\/skaitytaknyga.lt\/en\/wp-json\/wp\/v2\/product_brand?post=11522"},{"taxonomy":"product_cat","embeddable":true,"href":"https:\/\/skaitytaknyga.lt\/en\/wp-json\/wp\/v2\/product_cat?post=11522"},{"taxonomy":"product_tag","embeddable":true,"href":"https:\/\/skaitytaknyga.lt\/en\/wp-json\/wp\/v2\/product_tag?post=11522"}],"curies":[{"name":"wp","href":"https:\/\/api.w.org\/{rel}","templated":true}]}}