{"id":11520,"date":"2024-05-04T19:47:33","date_gmt":"2024-05-04T19:47:33","guid":{"rendered":"https:\/\/skaitytaknyga.lt\/?post_type=product&#038;p=11520"},"modified":"2024-05-04T19:51:45","modified_gmt":"2024-05-04T19:51:45","slug":"anna-guglielmi-kuno-kalba-pagelte-lapai","status":"publish","type":"product","link":"https:\/\/skaitytaknyga.lt\/en\/produktas\/anna-guglielmi-kuno-kalba-pagelte-lapai\/","title":{"rendered":"Anna Guglielmi \u201cK\u016bno kalba\u201d (pagelt\u0119 lapai)"},"content":{"rendered":"<p>Knyga<span class=\"Apple-converted-space\">&nbsp;<\/span><strong style=\"font-weight: 700\">\u201eK\u016bno kalba. Kaip suprasti be \u017eod\u017ei\u0173\u201c<\/strong><span class=\"Apple-converted-space\">&nbsp;<\/span>tapusi tikru \u201ehitu\u201c Italijoje.<\/p>\n<p>Para\u0161yta skland\u017eiu, paprastu ir pagauliu stiliumi ji supa\u017eindina su k\u016bno kalba, o smagios iliustracijos tekstui suteikia \u012ftaigos ir ai\u0161kumo. Knygoje pateiktos klasikin\u0117s psichologin\u0117s \u017einios apie \u017emogaus k\u016bno kalb\u0105.<\/p>\n<p>Pasteb\u0117kite, kai kas nors ilg\u0105 laik\u0105 sukin\u0117ja \u017eied\u0105 ant pir\u0161to, nubraukia nuo \u0161varko nematomas dulkes prie\u0161 atsakydamas \u012f klausim\u0105, ar nenuleid\u017eia pir\u0161t\u0173 nuo grandin\u0117l\u0117s.. \u017dod\u017eiai gali meluoti, bet k\u016bnas kalba gryn\u0105 ties\u0105&#8230;<\/p>\n","protected":false},"excerpt":{"rendered":"<p>Knyga&nbsp;\u201eK\u016bno kalba. Kaip suprasti be \u017eod\u017ei\u0173\u201c&nbsp;tapusi tikru \u201ehitu\u201c Italijoje. Para\u0161yta skland\u017eiu, paprastu ir pagauliu stiliumi ji supa\u017eindina su k\u016bno kalba, o smagios iliustracijos tekstui suteikia \u012ftaigos ir ai\u0161kumo. Knygoje pateiktos klasikin\u0117s psichologin\u0117s \u017einios apie \u017emogaus k\u016bno kalb\u0105. Pasteb\u0117kite, kai kas nors ilg\u0105 laik\u0105 sukin\u0117ja \u017eied\u0105 ant pir\u0161to, nubraukia nuo \u0161varko nematomas dulkes prie\u0161 atsakydamas \u012f klausim\u0105, ar nenuleid\u017eia pir\u0161t\u0173 nuo grandin\u0117l\u0117s.. \u017dod\u017eiai gali meluoti, bet k\u016bnas kalba gryn\u0105 ties\u0105&#8230;<\/p>\n","protected":false},"featured_media":11561,"comment_status":"open","ping_status":"closed","template":"","meta":{"_acf_changed":false,"site-sidebar-layout":"default","site-content-layout":"","ast-site-content-layout":"default","site-content-style":"default","site-sidebar-style":"default","ast-global-header-display":"","ast-banner-title-visibility":"","ast-main-header-display":"","ast-hfb-above-header-display":"","ast-hfb-below-header-display":"","ast-hfb-mobile-header-display":"","site-post-title":"","ast-breadcrumbs-content":"","ast-featured-img":"","footer-sml-layout":"","ast-disable-related-posts":"","theme-transparent-header-meta":"","adv-header-id-meta":"","stick-header-meta":"","header-above-stick-meta":"","header-main-stick-meta":"","header-below-stick-meta":"","astra-migrate-meta-layouts":"default","ast-page-background-enabled":"default","ast-page-background-meta":{"desktop":{"background-color":"","background-image":"","background-repeat":"repeat","background-position":"center center","background-size":"auto","background-attachment":"scroll","background-type":"","background-media":"","overlay-type":"","overlay-color":"","overlay-opacity":"","overlay-gradient":""},"tablet":{"background-color":"","background-image":"","background-repeat":"repeat","background-position":"center center","background-size":"auto","background-attachment":"scroll","background-type":"","background-media":"","overlay-type":"","overlay-color":"","overlay-opacity":"","overlay-gradient":""},"mobile":{"background-color":"","background-image":"","background-repeat":"repeat","background-position":"center center","background-size":"auto","background-attachment":"scroll","background-type":"","background-media":"","overlay-type":"","overlay-color":"","overlay-opacity":"","overlay-gradient":""}},"ast-content-background-meta":{"desktop":{"background-color":"var(--ast-global-color-4)","background-image":"","background-repeat":"repeat","background-position":"center center","background-size":"auto","background-attachment":"scroll","background-type":"","background-media":"","overlay-type":"","overlay-color":"","overlay-opacity":"","overlay-gradient":""},"tablet":{"background-color":"var(--ast-global-color-4)","background-image":"","background-repeat":"repeat","background-position":"center center","background-size":"auto","background-attachment":"scroll","background-type":"","background-media":"","overlay-type":"","overlay-color":"","overlay-opacity":"","overlay-gradient":""},"mobile":{"background-color":"var(--ast-global-color-4)","background-image":"","background-repeat":"repeat","background-position":"center center","background-size":"auto","background-attachment":"scroll","background-type":"","background-media":"","overlay-type":"","overlay-color":"","overlay-opacity":"","overlay-gradient":""}}},"product_brand":[],"product_cat":[30],"product_tag":[],"class_list":{"0":"post-11520","1":"product","2":"type-product","3":"status-publish","4":"has-post-thumbnail","6":"product_cat-psichologija-ir-saviugda","7":"desktop-align-left","8":"tablet-align-left","9":"mobile-align-left","11":"first","12":"outofstock","13":"shipping-taxable","14":"purchasable","15":"product-type-simple"},"acf":[],"yoast_head":"<!-- This site is optimized with the Yoast SEO plugin v27.0 - https:\/\/yoast.com\/product\/yoast-seo-wordpress\/ -->\n<title>Anna Guglielmi \u201cK\u016bno kalba\u201d (pagelt\u0119 lapai) - Skaitytaknyga<\/title>\n<meta name=\"description\" content=\"Knyga&nbsp;\u201eK\u016bno kalba. Kaip suprasti be \u017eod\u017ei\u0173\u201c&nbsp;tapusi tikru \u201ehitu\u201c Italijoje. Para\u0161yta skland\u017eiu, paprastu ir pagauliu stiliumi ji supa\u017eindina su\" \/>\n<meta name=\"robots\" content=\"index, follow, max-snippet:-1, max-image-preview:large, max-video-preview:-1\" \/>\n<link rel=\"canonical\" href=\"https:\/\/skaitytaknyga.lt\/en\/produktas\/anna-guglielmi-kuno-kalba-pagelte-lapai\/\" \/>\n<meta property=\"og:locale\" content=\"en_GB\" \/>\n<meta property=\"og:locale:alternate\" content=\"lt_LT\" \/>\n<meta property=\"og:type\" content=\"article\" \/>\n<meta property=\"og:title\" content=\"Anna Guglielmi \u201cK\u016bno kalba\u201d (pagelt\u0119 lapai) - Skaitytaknyga\" \/>\n<meta property=\"og:description\" content=\"Knyga&nbsp;\u201eK\u016bno kalba. Kaip suprasti be \u017eod\u017ei\u0173\u201c&nbsp;tapusi tikru \u201ehitu\u201c Italijoje. Para\u0161yta skland\u017eiu, paprastu ir pagauliu stiliumi ji supa\u017eindina su\" \/>\n<meta property=\"og:url\" content=\"https:\/\/skaitytaknyga.lt\/en\/produktas\/anna-guglielmi-kuno-kalba-pagelte-lapai\/\" \/>\n<meta property=\"og:site_name\" content=\"Skaitytaknyga\" \/>\n<meta property=\"article:publisher\" content=\"https:\/\/www.facebook.com\/skaitytaknyga\/\" \/>\n<meta property=\"article:modified_time\" content=\"2024-05-04T19:51:45+00:00\" \/>\n<meta property=\"og:image\" content=\"https:\/\/skaitytaknyga.lt\/wp-content\/uploads\/2024\/05\/0e067854-38b0-41fc-ac9b-92047294e299-38907-0000139ad40c3f69_file-scaled-1.jpeg\" \/>\n\t<meta property=\"og:image:width\" content=\"1920\" \/>\n\t<meta property=\"og:image:height\" content=\"2560\" \/>\n\t<meta property=\"og:image:type\" content=\"image\/jpeg\" \/>\n<meta name=\"twitter:card\" content=\"summary_large_image\" \/>\n<script type=\"application\/ld+json\" class=\"yoast-schema-graph\">{\"@context\":\"https:\/\/schema.org\",\"@graph\":[{\"@type\":\"WebPage\",\"@id\":\"https:\/\/skaitytaknyga.lt\/produktas\/anna-guglielmi-kuno-kalba-pagelte-lapai\/\",\"url\":\"https:\/\/skaitytaknyga.lt\/produktas\/anna-guglielmi-kuno-kalba-pagelte-lapai\/\",\"name\":\"Anna Guglielmi \u201cK\u016bno kalba\u201d (pagelt\u0119 lapai) - Skaitytaknyga\",\"isPartOf\":{\"@id\":\"https:\/\/skaitytaknyga.lt\/#website\"},\"primaryImageOfPage\":{\"@id\":\"https:\/\/skaitytaknyga.lt\/produktas\/anna-guglielmi-kuno-kalba-pagelte-lapai\/#primaryimage\"},\"image\":{\"@id\":\"https:\/\/skaitytaknyga.lt\/produktas\/anna-guglielmi-kuno-kalba-pagelte-lapai\/#primaryimage\"},\"thumbnailUrl\":\"https:\/\/skaitytaknyga.lt\/wp-content\/uploads\/2024\/05\/0e067854-38b0-41fc-ac9b-92047294e299-38907-0000139ad40c3f69_file-scaled-1.jpeg\",\"datePublished\":\"2024-05-04T19:47:33+00:00\",\"dateModified\":\"2024-05-04T19:51:45+00:00\",\"description\":\"Knyga&nbsp;\u201eK\u016bno kalba. Kaip suprasti be \u017eod\u017ei\u0173\u201c&nbsp;tapusi tikru \u201ehitu\u201c Italijoje. Para\u0161yta skland\u017eiu, paprastu ir pagauliu stiliumi ji supa\u017eindina su\",\"breadcrumb\":{\"@id\":\"https:\/\/skaitytaknyga.lt\/produktas\/anna-guglielmi-kuno-kalba-pagelte-lapai\/#breadcrumb\"},\"inLanguage\":\"en-GB\",\"potentialAction\":[{\"@type\":\"ReadAction\",\"target\":[\"https:\/\/skaitytaknyga.lt\/produktas\/anna-guglielmi-kuno-kalba-pagelte-lapai\/\"]}]},{\"@type\":\"ImageObject\",\"inLanguage\":\"en-GB\",\"@id\":\"https:\/\/skaitytaknyga.lt\/produktas\/anna-guglielmi-kuno-kalba-pagelte-lapai\/#primaryimage\",\"url\":\"https:\/\/skaitytaknyga.lt\/wp-content\/uploads\/2024\/05\/0e067854-38b0-41fc-ac9b-92047294e299-38907-0000139ad40c3f69_file-scaled-1.jpeg\",\"contentUrl\":\"https:\/\/skaitytaknyga.lt\/wp-content\/uploads\/2024\/05\/0e067854-38b0-41fc-ac9b-92047294e299-38907-0000139ad40c3f69_file-scaled-1.jpeg\",\"width\":1920,\"height\":2560},{\"@type\":\"BreadcrumbList\",\"@id\":\"https:\/\/skaitytaknyga.lt\/produktas\/anna-guglielmi-kuno-kalba-pagelte-lapai\/#breadcrumb\",\"itemListElement\":[{\"@type\":\"ListItem\",\"position\":1,\"name\":\"Home\",\"item\":\"https:\/\/skaitytaknyga.lt\/\"},{\"@type\":\"ListItem\",\"position\":2,\"name\":\"Parduotuv\u0117\",\"item\":\"https:\/\/skaitytaknyga.lt\/knygu-parduotuve\/\"},{\"@type\":\"ListItem\",\"position\":3,\"name\":\"Anna Guglielmi \u201cK\u016bno kalba\u201d (pagelt\u0119 lapai)\"}]},{\"@type\":\"WebSite\",\"@id\":\"https:\/\/skaitytaknyga.lt\/#website\",\"url\":\"https:\/\/skaitytaknyga.lt\/\",\"name\":\"skaitytaknyga.lt\",\"description\":\"Skaitytaknyga.lt \u2013 tai ma\u017eas \u0161eimos verslas, kuris prasid\u0117jo nuo meil\u0117s knygoms ir siekio i\u0161gelb\u0117ti knygas nuo likimo prie konteinerio. Kas vienam nereikalingas daiktas \u2013 kitam lobis, o mes esame tarpininkai, kurie padeda abiems tapti laimingesniems ???? \u017dinome kaip nelengva i\u0161gyventi ma\u017eiems verslams, tad nuo \u0161iol, \u010dia rasite ir kit\u0173, ma\u017e\u0173 \u0161eim\u0173 versl\u0173, rank\u0173 darbo, dovan\u0173 sau ir artimiesiems.\",\"publisher\":{\"@id\":\"https:\/\/skaitytaknyga.lt\/#organization\"},\"potentialAction\":[{\"@type\":\"SearchAction\",\"target\":{\"@type\":\"EntryPoint\",\"urlTemplate\":\"https:\/\/skaitytaknyga.lt\/?s={search_term_string}\"},\"query-input\":{\"@type\":\"PropertyValueSpecification\",\"valueRequired\":true,\"valueName\":\"search_term_string\"}}],\"inLanguage\":\"en-GB\"},{\"@type\":\"Organization\",\"@id\":\"https:\/\/skaitytaknyga.lt\/#organization\",\"name\":\"skaitytaknyga.lt\",\"url\":\"https:\/\/skaitytaknyga.lt\/\",\"logo\":{\"@type\":\"ImageObject\",\"inLanguage\":\"en-GB\",\"@id\":\"https:\/\/skaitytaknyga.lt\/#\/schema\/logo\/image\/\",\"url\":\"https:\/\/skaitytaknyga.lt\/wp-content\/uploads\/2024\/05\/cropped-cropped-cropped-02_00843_jt3bggkj1j3HLc7SyY6rEUpg.jpeg\",\"contentUrl\":\"https:\/\/skaitytaknyga.lt\/wp-content\/uploads\/2024\/05\/cropped-cropped-cropped-02_00843_jt3bggkj1j3HLc7SyY6rEUpg.jpeg\",\"width\":1600,\"height\":1600,\"caption\":\"skaitytaknyga.lt\"},\"image\":{\"@id\":\"https:\/\/skaitytaknyga.lt\/#\/schema\/logo\/image\/\"},\"sameAs\":[\"https:\/\/www.facebook.com\/skaitytaknyga\/\"]}]}<\/script>\n<!-- \/ Yoast SEO plugin. -->","yoast_head_json":{"title":"Anna Guglielmi \u201cK\u016bno kalba\u201d (pagelt\u0119 lapai) - Skaitytaknyga","description":"Knyga&nbsp;\u201eK\u016bno kalba. Kaip suprasti be \u017eod\u017ei\u0173\u201c&nbsp;tapusi tikru \u201ehitu\u201c Italijoje. Para\u0161yta skland\u017eiu, paprastu ir pagauliu stiliumi ji supa\u017eindina su","robots":{"index":"index","follow":"follow","max-snippet":"max-snippet:-1","max-image-preview":"max-image-preview:large","max-video-preview":"max-video-preview:-1"},"canonical":"https:\/\/skaitytaknyga.lt\/en\/produktas\/anna-guglielmi-kuno-kalba-pagelte-lapai\/","og_locale":"en_GB","og_type":"article","og_title":"Anna Guglielmi \u201cK\u016bno kalba\u201d (pagelt\u0119 lapai) - Skaitytaknyga","og_description":"Knyga&nbsp;\u201eK\u016bno kalba. Kaip suprasti be \u017eod\u017ei\u0173\u201c&nbsp;tapusi tikru \u201ehitu\u201c Italijoje. Para\u0161yta skland\u017eiu, paprastu ir pagauliu stiliumi ji supa\u017eindina su","og_url":"https:\/\/skaitytaknyga.lt\/en\/produktas\/anna-guglielmi-kuno-kalba-pagelte-lapai\/","og_site_name":"Skaitytaknyga","article_publisher":"https:\/\/www.facebook.com\/skaitytaknyga\/","article_modified_time":"2024-05-04T19:51:45+00:00","og_image":[{"width":1920,"height":2560,"url":"https:\/\/skaitytaknyga.lt\/wp-content\/uploads\/2024\/05\/0e067854-38b0-41fc-ac9b-92047294e299-38907-0000139ad40c3f69_file-scaled-1.jpeg","type":"image\/jpeg"}],"twitter_card":"summary_large_image","schema":{"@context":"https:\/\/schema.org","@graph":[{"@type":"WebPage","@id":"https:\/\/skaitytaknyga.lt\/produktas\/anna-guglielmi-kuno-kalba-pagelte-lapai\/","url":"https:\/\/skaitytaknyga.lt\/produktas\/anna-guglielmi-kuno-kalba-pagelte-lapai\/","name":"Anna Guglielmi \u201cK\u016bno kalba\u201d (pagelt\u0119 lapai) - Skaitytaknyga","isPartOf":{"@id":"https:\/\/skaitytaknyga.lt\/#website"},"primaryImageOfPage":{"@id":"https:\/\/skaitytaknyga.lt\/produktas\/anna-guglielmi-kuno-kalba-pagelte-lapai\/#primaryimage"},"image":{"@id":"https:\/\/skaitytaknyga.lt\/produktas\/anna-guglielmi-kuno-kalba-pagelte-lapai\/#primaryimage"},"thumbnailUrl":"https:\/\/skaitytaknyga.lt\/wp-content\/uploads\/2024\/05\/0e067854-38b0-41fc-ac9b-92047294e299-38907-0000139ad40c3f69_file-scaled-1.jpeg","datePublished":"2024-05-04T19:47:33+00:00","dateModified":"2024-05-04T19:51:45+00:00","description":"Knyga&nbsp;\u201eK\u016bno kalba. Kaip suprasti be \u017eod\u017ei\u0173\u201c&nbsp;tapusi tikru \u201ehitu\u201c Italijoje. Para\u0161yta skland\u017eiu, paprastu ir pagauliu stiliumi ji supa\u017eindina su","breadcrumb":{"@id":"https:\/\/skaitytaknyga.lt\/produktas\/anna-guglielmi-kuno-kalba-pagelte-lapai\/#breadcrumb"},"inLanguage":"en-GB","potentialAction":[{"@type":"ReadAction","target":["https:\/\/skaitytaknyga.lt\/produktas\/anna-guglielmi-kuno-kalba-pagelte-lapai\/"]}]},{"@type":"ImageObject","inLanguage":"en-GB","@id":"https:\/\/skaitytaknyga.lt\/produktas\/anna-guglielmi-kuno-kalba-pagelte-lapai\/#primaryimage","url":"https:\/\/skaitytaknyga.lt\/wp-content\/uploads\/2024\/05\/0e067854-38b0-41fc-ac9b-92047294e299-38907-0000139ad40c3f69_file-scaled-1.jpeg","contentUrl":"https:\/\/skaitytaknyga.lt\/wp-content\/uploads\/2024\/05\/0e067854-38b0-41fc-ac9b-92047294e299-38907-0000139ad40c3f69_file-scaled-1.jpeg","width":1920,"height":2560},{"@type":"BreadcrumbList","@id":"https:\/\/skaitytaknyga.lt\/produktas\/anna-guglielmi-kuno-kalba-pagelte-lapai\/#breadcrumb","itemListElement":[{"@type":"ListItem","position":1,"name":"Home","item":"https:\/\/skaitytaknyga.lt\/"},{"@type":"ListItem","position":2,"name":"Parduotuv\u0117","item":"https:\/\/skaitytaknyga.lt\/knygu-parduotuve\/"},{"@type":"ListItem","position":3,"name":"Anna Guglielmi \u201cK\u016bno kalba\u201d (pagelt\u0119 lapai)"}]},{"@type":"WebSite","@id":"https:\/\/skaitytaknyga.lt\/#website","url":"https:\/\/skaitytaknyga.lt\/","name":"skaitytaknyga.lt","description":"Skaitytaknyga.lt \u2013 tai ma\u017eas \u0161eimos verslas, kuris prasid\u0117jo nuo meil\u0117s knygoms ir siekio i\u0161gelb\u0117ti knygas nuo likimo prie konteinerio. Kas vienam nereikalingas daiktas \u2013 kitam lobis, o mes esame tarpininkai, kurie padeda abiems tapti laimingesniems ???? \u017dinome kaip nelengva i\u0161gyventi ma\u017eiems verslams, tad nuo \u0161iol, \u010dia rasite ir kit\u0173, ma\u017e\u0173 \u0161eim\u0173 versl\u0173, rank\u0173 darbo, dovan\u0173 sau ir artimiesiems.","publisher":{"@id":"https:\/\/skaitytaknyga.lt\/#organization"},"potentialAction":[{"@type":"SearchAction","target":{"@type":"EntryPoint","urlTemplate":"https:\/\/skaitytaknyga.lt\/?s={search_term_string}"},"query-input":{"@type":"PropertyValueSpecification","valueRequired":true,"valueName":"search_term_string"}}],"inLanguage":"en-GB"},{"@type":"Organization","@id":"https:\/\/skaitytaknyga.lt\/#organization","name":"skaitytaknyga.lt","url":"https:\/\/skaitytaknyga.lt\/","logo":{"@type":"ImageObject","inLanguage":"en-GB","@id":"https:\/\/skaitytaknyga.lt\/#\/schema\/logo\/image\/","url":"https:\/\/skaitytaknyga.lt\/wp-content\/uploads\/2024\/05\/cropped-cropped-cropped-02_00843_jt3bggkj1j3HLc7SyY6rEUpg.jpeg","contentUrl":"https:\/\/skaitytaknyga.lt\/wp-content\/uploads\/2024\/05\/cropped-cropped-cropped-02_00843_jt3bggkj1j3HLc7SyY6rEUpg.jpeg","width":1600,"height":1600,"caption":"skaitytaknyga.lt"},"image":{"@id":"https:\/\/skaitytaknyga.lt\/#\/schema\/logo\/image\/"},"sameAs":["https:\/\/www.facebook.com\/skaitytaknyga\/"]}]}},"_links":{"self":[{"href":"https:\/\/skaitytaknyga.lt\/en\/wp-json\/wp\/v2\/product\/11520","targetHints":{"allow":["GET"]}}],"collection":[{"href":"https:\/\/skaitytaknyga.lt\/en\/wp-json\/wp\/v2\/product"}],"about":[{"href":"https:\/\/skaitytaknyga.lt\/en\/wp-json\/wp\/v2\/types\/product"}],"replies":[{"embeddable":true,"href":"https:\/\/skaitytaknyga.lt\/en\/wp-json\/wp\/v2\/comments?post=11520"}],"wp:featuredmedia":[{"embeddable":true,"href":"https:\/\/skaitytaknyga.lt\/en\/wp-json\/wp\/v2\/media\/11561"}],"wp:attachment":[{"href":"https:\/\/skaitytaknyga.lt\/en\/wp-json\/wp\/v2\/media?parent=11520"}],"wp:term":[{"taxonomy":"product_brand","embeddable":true,"href":"https:\/\/skaitytaknyga.lt\/en\/wp-json\/wp\/v2\/product_brand?post=11520"},{"taxonomy":"product_cat","embeddable":true,"href":"https:\/\/skaitytaknyga.lt\/en\/wp-json\/wp\/v2\/product_cat?post=11520"},{"taxonomy":"product_tag","embeddable":true,"href":"https:\/\/skaitytaknyga.lt\/en\/wp-json\/wp\/v2\/product_tag?post=11520"}],"curies":[{"name":"wp","href":"https:\/\/api.w.org\/{rel}","templated":true}]}}