{"id":11513,"date":"2024-05-04T19:47:09","date_gmt":"2024-05-04T19:47:09","guid":{"rendered":"https:\/\/skaitytaknyga.lt\/?post_type=product&#038;p=11513"},"modified":"2025-05-24T21:16:14","modified_gmt":"2025-05-24T18:16:14","slug":"kaip-kiskis-drasos-mokesi","status":"publish","type":"product","link":"https:\/\/skaitytaknyga.lt\/en\/produktas\/kaip-kiskis-drasos-mokesi\/","title":{"rendered":"Kaip ki\u0161kis dr\u0105sos mok\u0117si"},"content":{"rendered":"<p>3\u20138 m. vaikams.<\/p>\n<p>Niekas taip nepadeda \u012fveikti baimi\u0173, kaip noras i\u0161gelb\u0117ti draug\u0105!<\/p>\n<p>Ki\u0161kiui Leonui tr\u016bksta dr\u0105sos, o jo draug\u0117 Luna tiesiog dievina nuotykius. Luna kvie\u010dia Leon\u0105 eiti kartu \u012f mi\u0161k\u0105, ta\u010diau Leonas ir v\u0117l mieliau lieka namuose. Luna supyksta ir su\u0161ukusi, kad jam reikia b\u016bti bent \u0161iek tiek dr\u0105sesniam, i\u0161eina. Nusimin\u0119s ki\u0161kis pasiry\u017eta i\u0161l\u012fsti i\u0161 urvo ir susirasti draug\u0119.<\/p>\n<p>Ar jis i\u0161dr\u012fs apginti Lun\u0105 nuo didelio ir baisaus vilko?<\/p>\n<p>Smagi ir \u012ftaigi paveiksl\u0117li\u0173 knyga, parodanti, kad i\u0161 ties\u0173 esame kur kas dr\u0105sesni, nei galvojame.<\/p>\n<p>\u201eKaip ki\u0161kis mok\u0117si dr\u0105sos\u201c:<\/p>\n<p>\u2022    Skatina vaikus b\u016bti dr\u0105sesnius<\/p>\n<p>\u2022    Moko vertinti draugus<\/p>\n<p>\u2022    Meni\u0161kai vertingos iliustracijos ugdo estetikos poj\u016bt\u012f<\/p>\n<p>Nicola Kinnear \u2013 jaunosios kartos brit\u0173 vaik\u0173 knyg\u0173 ra\u0161ytoja ir iliustruotoja. Lietuvi\u0161kai galite rasti dar vien\u0105 autor\u0117s \u012fdomi\u0105 ir pamokom\u0105 knyg\u0105 \u201e\u0160\u0161\u0161&#8230; Tyliau!\u201c.<\/p>\n","protected":false},"excerpt":{"rendered":"<p>3\u20138 m. vaikams. Niekas taip nepadeda \u012fveikti baimi\u0173, kaip noras i\u0161gelb\u0117ti draug\u0105! Ki\u0161kiui Leonui tr\u016bksta dr\u0105sos, o jo draug\u0117 Luna tiesiog dievina nuotykius. Luna kvie\u010dia Leon\u0105 eiti kartu \u012f mi\u0161k\u0105, ta\u010diau Leonas ir v\u0117l mieliau lieka namuose. Luna supyksta ir su\u0161ukusi, kad jam reikia b\u016bti bent \u0161iek tiek dr\u0105sesniam, i\u0161eina. Nusimin\u0119s ki\u0161kis pasiry\u017eta i\u0161l\u012fsti i\u0161 urvo ir susirasti draug\u0119. Ar jis i\u0161dr\u012fs apginti Lun\u0105 nuo didelio ir baisaus vilko? Smagi ir \u012ftaigi paveiksl\u0117li\u0173 knyga, parodanti, kad i\u0161 ties\u0173 esame kur kas dr\u0105sesni, nei galvojame. \u201eKaip ki\u0161kis mok\u0117si dr\u0105sos\u201c: \u2022 Skatina vaikus b\u016bti dr\u0105sesnius \u2022 Moko vertinti draugus \u2022 Meni\u0161kai vertingos iliustracijos ugdo estetikos poj\u016bt\u012f Nicola Kinnear \u2013 jaunosios kartos brit\u0173 vaik\u0173 knyg\u0173 ra\u0161ytoja ir iliustruotoja. Lietuvi\u0161kai galite rasti dar vien\u0105 autor\u0117s \u012fdomi\u0105 ir pamokom\u0105 knyg\u0105 \u201e\u0160\u0161\u0161&#8230; Tyliau!\u201c.<\/p>\n","protected":false},"featured_media":11557,"comment_status":"open","ping_status":"closed","template":"","meta":{"_acf_changed":false,"site-sidebar-layout":"default","site-content-layout":"","ast-site-content-layout":"default","site-content-style":"default","site-sidebar-style":"default","ast-global-header-display":"","ast-banner-title-visibility":"","ast-main-header-display":"","ast-hfb-above-header-display":"","ast-hfb-below-header-display":"","ast-hfb-mobile-header-display":"","site-post-title":"","ast-breadcrumbs-content":"","ast-featured-img":"","footer-sml-layout":"","ast-disable-related-posts":"","theme-transparent-header-meta":"","adv-header-id-meta":"","stick-header-meta":"","header-above-stick-meta":"","header-main-stick-meta":"","header-below-stick-meta":"","astra-migrate-meta-layouts":"default","ast-page-background-enabled":"default","ast-page-background-meta":{"desktop":{"background-color":"","background-image":"","background-repeat":"repeat","background-position":"center center","background-size":"auto","background-attachment":"scroll","background-type":"","background-media":"","overlay-type":"","overlay-color":"","overlay-opacity":"","overlay-gradient":""},"tablet":{"background-color":"","background-image":"","background-repeat":"repeat","background-position":"center center","background-size":"auto","background-attachment":"scroll","background-type":"","background-media":"","overlay-type":"","overlay-color":"","overlay-opacity":"","overlay-gradient":""},"mobile":{"background-color":"","background-image":"","background-repeat":"repeat","background-position":"center center","background-size":"auto","background-attachment":"scroll","background-type":"","background-media":"","overlay-type":"","overlay-color":"","overlay-opacity":"","overlay-gradient":""}},"ast-content-background-meta":{"desktop":{"background-color":"var(--ast-global-color-4)","background-image":"","background-repeat":"repeat","background-position":"center center","background-size":"auto","background-attachment":"scroll","background-type":"","background-media":"","overlay-type":"","overlay-color":"","overlay-opacity":"","overlay-gradient":""},"tablet":{"background-color":"var(--ast-global-color-4)","background-image":"","background-repeat":"repeat","background-position":"center center","background-size":"auto","background-attachment":"scroll","background-type":"","background-media":"","overlay-type":"","overlay-color":"","overlay-opacity":"","overlay-gradient":""},"mobile":{"background-color":"var(--ast-global-color-4)","background-image":"","background-repeat":"repeat","background-position":"center center","background-size":"auto","background-attachment":"scroll","background-type":"","background-media":"","overlay-type":"","overlay-color":"","overlay-opacity":"","overlay-gradient":""}}},"product_brand":[],"product_cat":[35],"product_tag":[2056,1647,4392,4367,1785],"class_list":{"0":"post-11513","1":"product","2":"type-product","3":"status-publish","4":"has-post-thumbnail","6":"product_cat-vaikams-ir-paaugliams","7":"product_tag-drasa","8":"product_tag-draugyste","9":"product_tag-nicola-kinnear","10":"product_tag-paveiksleliu-knygos","11":"product_tag-vaikams","12":"desktop-align-left","13":"tablet-align-left","14":"mobile-align-left","16":"first","17":"outofstock","18":"shipping-taxable","19":"purchasable","20":"product-type-simple"},"acf":[],"yoast_head":"<!-- This site is optimized with the Yoast SEO plugin v27.0 - https:\/\/yoast.com\/product\/yoast-seo-wordpress\/ -->\n<title>Kaip ki\u0161kis dr\u0105sos mok\u0117si - Skaitytaknyga<\/title>\n<meta name=\"description\" content=\"3\u20138 m. vaikams. Niekas taip nepadeda \u012fveikti baimi\u0173, kaip noras i\u0161gelb\u0117ti draug\u0105! Ki\u0161kiui Leonui tr\u016bksta dr\u0105sos, o jo draug\u0117 Luna tiesiog dievina\" \/>\n<meta name=\"robots\" content=\"index, follow, max-snippet:-1, max-image-preview:large, max-video-preview:-1\" \/>\n<link rel=\"canonical\" href=\"https:\/\/skaitytaknyga.lt\/en\/produktas\/kaip-kiskis-drasos-mokesi\/\" \/>\n<meta property=\"og:locale\" content=\"en_GB\" \/>\n<meta property=\"og:locale:alternate\" content=\"lt_LT\" \/>\n<meta property=\"og:type\" content=\"article\" \/>\n<meta property=\"og:title\" content=\"Kaip ki\u0161kis dr\u0105sos mok\u0117si - Skaitytaknyga\" \/>\n<meta property=\"og:description\" content=\"3\u20138 m. vaikams. Niekas taip nepadeda \u012fveikti baimi\u0173, kaip noras i\u0161gelb\u0117ti draug\u0105! Ki\u0161kiui Leonui tr\u016bksta dr\u0105sos, o jo draug\u0117 Luna tiesiog dievina\" \/>\n<meta property=\"og:url\" content=\"https:\/\/skaitytaknyga.lt\/en\/produktas\/kaip-kiskis-drasos-mokesi\/\" \/>\n<meta property=\"og:site_name\" content=\"Skaitytaknyga\" \/>\n<meta property=\"article:publisher\" content=\"https:\/\/www.facebook.com\/skaitytaknyga\/\" \/>\n<meta property=\"article:modified_time\" content=\"2025-05-24T18:16:14+00:00\" \/>\n<meta property=\"og:image\" content=\"https:\/\/skaitytaknyga.lt\/wp-content\/uploads\/2024\/05\/20658378-1df1-483e-af77-d155e8351907-38907-00001372aefe7a88_file-scaled-1.jpeg\" \/>\n\t<meta property=\"og:image:width\" content=\"1920\" \/>\n\t<meta property=\"og:image:height\" content=\"2560\" \/>\n\t<meta property=\"og:image:type\" content=\"image\/jpeg\" \/>\n<meta name=\"twitter:card\" content=\"summary_large_image\" \/>\n<meta name=\"twitter:label1\" content=\"Estimated reading time\" \/>\n\t<meta name=\"twitter:data1\" content=\"1 minute\" \/>\n<script type=\"application\/ld+json\" class=\"yoast-schema-graph\">{\"@context\":\"https:\/\/schema.org\",\"@graph\":[{\"@type\":\"WebPage\",\"@id\":\"https:\/\/skaitytaknyga.lt\/produktas\/kaip-kiskis-drasos-mokesi\/\",\"url\":\"https:\/\/skaitytaknyga.lt\/produktas\/kaip-kiskis-drasos-mokesi\/\",\"name\":\"Kaip ki\u0161kis dr\u0105sos mok\u0117si - Skaitytaknyga\",\"isPartOf\":{\"@id\":\"https:\/\/skaitytaknyga.lt\/#website\"},\"primaryImageOfPage\":{\"@id\":\"https:\/\/skaitytaknyga.lt\/produktas\/kaip-kiskis-drasos-mokesi\/#primaryimage\"},\"image\":{\"@id\":\"https:\/\/skaitytaknyga.lt\/produktas\/kaip-kiskis-drasos-mokesi\/#primaryimage\"},\"thumbnailUrl\":\"https:\/\/skaitytaknyga.lt\/wp-content\/uploads\/2024\/05\/20658378-1df1-483e-af77-d155e8351907-38907-00001372aefe7a88_file-scaled-1.jpeg\",\"datePublished\":\"2024-05-04T19:47:09+00:00\",\"dateModified\":\"2025-05-24T18:16:14+00:00\",\"description\":\"3\u20138 m. vaikams. Niekas taip nepadeda \u012fveikti baimi\u0173, kaip noras i\u0161gelb\u0117ti draug\u0105! Ki\u0161kiui Leonui tr\u016bksta dr\u0105sos, o jo draug\u0117 Luna tiesiog dievina\",\"breadcrumb\":{\"@id\":\"https:\/\/skaitytaknyga.lt\/produktas\/kaip-kiskis-drasos-mokesi\/#breadcrumb\"},\"inLanguage\":\"en-GB\",\"potentialAction\":[{\"@type\":\"ReadAction\",\"target\":[\"https:\/\/skaitytaknyga.lt\/produktas\/kaip-kiskis-drasos-mokesi\/\"]}]},{\"@type\":\"ImageObject\",\"inLanguage\":\"en-GB\",\"@id\":\"https:\/\/skaitytaknyga.lt\/produktas\/kaip-kiskis-drasos-mokesi\/#primaryimage\",\"url\":\"https:\/\/skaitytaknyga.lt\/wp-content\/uploads\/2024\/05\/20658378-1df1-483e-af77-d155e8351907-38907-00001372aefe7a88_file-scaled-1.jpeg\",\"contentUrl\":\"https:\/\/skaitytaknyga.lt\/wp-content\/uploads\/2024\/05\/20658378-1df1-483e-af77-d155e8351907-38907-00001372aefe7a88_file-scaled-1.jpeg\",\"width\":1920,\"height\":2560},{\"@type\":\"BreadcrumbList\",\"@id\":\"https:\/\/skaitytaknyga.lt\/produktas\/kaip-kiskis-drasos-mokesi\/#breadcrumb\",\"itemListElement\":[{\"@type\":\"ListItem\",\"position\":1,\"name\":\"Home\",\"item\":\"https:\/\/skaitytaknyga.lt\/\"},{\"@type\":\"ListItem\",\"position\":2,\"name\":\"Parduotuv\u0117\",\"item\":\"https:\/\/skaitytaknyga.lt\/knygu-parduotuve\/\"},{\"@type\":\"ListItem\",\"position\":3,\"name\":\"Kaip ki\u0161kis dr\u0105sos mok\u0117si\"}]},{\"@type\":\"WebSite\",\"@id\":\"https:\/\/skaitytaknyga.lt\/#website\",\"url\":\"https:\/\/skaitytaknyga.lt\/\",\"name\":\"skaitytaknyga.lt\",\"description\":\"Skaitytaknyga.lt \u2013 tai ma\u017eas \u0161eimos verslas, kuris prasid\u0117jo nuo meil\u0117s knygoms ir siekio i\u0161gelb\u0117ti knygas nuo likimo prie konteinerio. Kas vienam nereikalingas daiktas \u2013 kitam lobis, o mes esame tarpininkai, kurie padeda abiems tapti laimingesniems ???? \u017dinome kaip nelengva i\u0161gyventi ma\u017eiems verslams, tad nuo \u0161iol, \u010dia rasite ir kit\u0173, ma\u017e\u0173 \u0161eim\u0173 versl\u0173, rank\u0173 darbo, dovan\u0173 sau ir artimiesiems.\",\"publisher\":{\"@id\":\"https:\/\/skaitytaknyga.lt\/#organization\"},\"potentialAction\":[{\"@type\":\"SearchAction\",\"target\":{\"@type\":\"EntryPoint\",\"urlTemplate\":\"https:\/\/skaitytaknyga.lt\/?s={search_term_string}\"},\"query-input\":{\"@type\":\"PropertyValueSpecification\",\"valueRequired\":true,\"valueName\":\"search_term_string\"}}],\"inLanguage\":\"en-GB\"},{\"@type\":\"Organization\",\"@id\":\"https:\/\/skaitytaknyga.lt\/#organization\",\"name\":\"skaitytaknyga.lt\",\"url\":\"https:\/\/skaitytaknyga.lt\/\",\"logo\":{\"@type\":\"ImageObject\",\"inLanguage\":\"en-GB\",\"@id\":\"https:\/\/skaitytaknyga.lt\/#\/schema\/logo\/image\/\",\"url\":\"https:\/\/skaitytaknyga.lt\/wp-content\/uploads\/2024\/05\/cropped-cropped-cropped-02_00843_jt3bggkj1j3HLc7SyY6rEUpg.jpeg\",\"contentUrl\":\"https:\/\/skaitytaknyga.lt\/wp-content\/uploads\/2024\/05\/cropped-cropped-cropped-02_00843_jt3bggkj1j3HLc7SyY6rEUpg.jpeg\",\"width\":1600,\"height\":1600,\"caption\":\"skaitytaknyga.lt\"},\"image\":{\"@id\":\"https:\/\/skaitytaknyga.lt\/#\/schema\/logo\/image\/\"},\"sameAs\":[\"https:\/\/www.facebook.com\/skaitytaknyga\/\"]}]}<\/script>\n<!-- \/ Yoast SEO plugin. -->","yoast_head_json":{"title":"Kaip ki\u0161kis dr\u0105sos mok\u0117si - Skaitytaknyga","description":"3\u20138 m. vaikams. Niekas taip nepadeda \u012fveikti baimi\u0173, kaip noras i\u0161gelb\u0117ti draug\u0105! Ki\u0161kiui Leonui tr\u016bksta dr\u0105sos, o jo draug\u0117 Luna tiesiog dievina","robots":{"index":"index","follow":"follow","max-snippet":"max-snippet:-1","max-image-preview":"max-image-preview:large","max-video-preview":"max-video-preview:-1"},"canonical":"https:\/\/skaitytaknyga.lt\/en\/produktas\/kaip-kiskis-drasos-mokesi\/","og_locale":"en_GB","og_type":"article","og_title":"Kaip ki\u0161kis dr\u0105sos mok\u0117si - Skaitytaknyga","og_description":"3\u20138 m. vaikams. Niekas taip nepadeda \u012fveikti baimi\u0173, kaip noras i\u0161gelb\u0117ti draug\u0105! Ki\u0161kiui Leonui tr\u016bksta dr\u0105sos, o jo draug\u0117 Luna tiesiog dievina","og_url":"https:\/\/skaitytaknyga.lt\/en\/produktas\/kaip-kiskis-drasos-mokesi\/","og_site_name":"Skaitytaknyga","article_publisher":"https:\/\/www.facebook.com\/skaitytaknyga\/","article_modified_time":"2025-05-24T18:16:14+00:00","og_image":[{"width":1920,"height":2560,"url":"https:\/\/skaitytaknyga.lt\/wp-content\/uploads\/2024\/05\/20658378-1df1-483e-af77-d155e8351907-38907-00001372aefe7a88_file-scaled-1.jpeg","type":"image\/jpeg"}],"twitter_card":"summary_large_image","twitter_misc":{"Estimated reading time":"1 minute"},"schema":{"@context":"https:\/\/schema.org","@graph":[{"@type":"WebPage","@id":"https:\/\/skaitytaknyga.lt\/produktas\/kaip-kiskis-drasos-mokesi\/","url":"https:\/\/skaitytaknyga.lt\/produktas\/kaip-kiskis-drasos-mokesi\/","name":"Kaip ki\u0161kis dr\u0105sos mok\u0117si - Skaitytaknyga","isPartOf":{"@id":"https:\/\/skaitytaknyga.lt\/#website"},"primaryImageOfPage":{"@id":"https:\/\/skaitytaknyga.lt\/produktas\/kaip-kiskis-drasos-mokesi\/#primaryimage"},"image":{"@id":"https:\/\/skaitytaknyga.lt\/produktas\/kaip-kiskis-drasos-mokesi\/#primaryimage"},"thumbnailUrl":"https:\/\/skaitytaknyga.lt\/wp-content\/uploads\/2024\/05\/20658378-1df1-483e-af77-d155e8351907-38907-00001372aefe7a88_file-scaled-1.jpeg","datePublished":"2024-05-04T19:47:09+00:00","dateModified":"2025-05-24T18:16:14+00:00","description":"3\u20138 m. vaikams. Niekas taip nepadeda \u012fveikti baimi\u0173, kaip noras i\u0161gelb\u0117ti draug\u0105! Ki\u0161kiui Leonui tr\u016bksta dr\u0105sos, o jo draug\u0117 Luna tiesiog dievina","breadcrumb":{"@id":"https:\/\/skaitytaknyga.lt\/produktas\/kaip-kiskis-drasos-mokesi\/#breadcrumb"},"inLanguage":"en-GB","potentialAction":[{"@type":"ReadAction","target":["https:\/\/skaitytaknyga.lt\/produktas\/kaip-kiskis-drasos-mokesi\/"]}]},{"@type":"ImageObject","inLanguage":"en-GB","@id":"https:\/\/skaitytaknyga.lt\/produktas\/kaip-kiskis-drasos-mokesi\/#primaryimage","url":"https:\/\/skaitytaknyga.lt\/wp-content\/uploads\/2024\/05\/20658378-1df1-483e-af77-d155e8351907-38907-00001372aefe7a88_file-scaled-1.jpeg","contentUrl":"https:\/\/skaitytaknyga.lt\/wp-content\/uploads\/2024\/05\/20658378-1df1-483e-af77-d155e8351907-38907-00001372aefe7a88_file-scaled-1.jpeg","width":1920,"height":2560},{"@type":"BreadcrumbList","@id":"https:\/\/skaitytaknyga.lt\/produktas\/kaip-kiskis-drasos-mokesi\/#breadcrumb","itemListElement":[{"@type":"ListItem","position":1,"name":"Home","item":"https:\/\/skaitytaknyga.lt\/"},{"@type":"ListItem","position":2,"name":"Parduotuv\u0117","item":"https:\/\/skaitytaknyga.lt\/knygu-parduotuve\/"},{"@type":"ListItem","position":3,"name":"Kaip ki\u0161kis dr\u0105sos mok\u0117si"}]},{"@type":"WebSite","@id":"https:\/\/skaitytaknyga.lt\/#website","url":"https:\/\/skaitytaknyga.lt\/","name":"skaitytaknyga.lt","description":"Skaitytaknyga.lt \u2013 tai ma\u017eas \u0161eimos verslas, kuris prasid\u0117jo nuo meil\u0117s knygoms ir siekio i\u0161gelb\u0117ti knygas nuo likimo prie konteinerio. Kas vienam nereikalingas daiktas \u2013 kitam lobis, o mes esame tarpininkai, kurie padeda abiems tapti laimingesniems ???? \u017dinome kaip nelengva i\u0161gyventi ma\u017eiems verslams, tad nuo \u0161iol, \u010dia rasite ir kit\u0173, ma\u017e\u0173 \u0161eim\u0173 versl\u0173, rank\u0173 darbo, dovan\u0173 sau ir artimiesiems.","publisher":{"@id":"https:\/\/skaitytaknyga.lt\/#organization"},"potentialAction":[{"@type":"SearchAction","target":{"@type":"EntryPoint","urlTemplate":"https:\/\/skaitytaknyga.lt\/?s={search_term_string}"},"query-input":{"@type":"PropertyValueSpecification","valueRequired":true,"valueName":"search_term_string"}}],"inLanguage":"en-GB"},{"@type":"Organization","@id":"https:\/\/skaitytaknyga.lt\/#organization","name":"skaitytaknyga.lt","url":"https:\/\/skaitytaknyga.lt\/","logo":{"@type":"ImageObject","inLanguage":"en-GB","@id":"https:\/\/skaitytaknyga.lt\/#\/schema\/logo\/image\/","url":"https:\/\/skaitytaknyga.lt\/wp-content\/uploads\/2024\/05\/cropped-cropped-cropped-02_00843_jt3bggkj1j3HLc7SyY6rEUpg.jpeg","contentUrl":"https:\/\/skaitytaknyga.lt\/wp-content\/uploads\/2024\/05\/cropped-cropped-cropped-02_00843_jt3bggkj1j3HLc7SyY6rEUpg.jpeg","width":1600,"height":1600,"caption":"skaitytaknyga.lt"},"image":{"@id":"https:\/\/skaitytaknyga.lt\/#\/schema\/logo\/image\/"},"sameAs":["https:\/\/www.facebook.com\/skaitytaknyga\/"]}]}},"_links":{"self":[{"href":"https:\/\/skaitytaknyga.lt\/en\/wp-json\/wp\/v2\/product\/11513","targetHints":{"allow":["GET"]}}],"collection":[{"href":"https:\/\/skaitytaknyga.lt\/en\/wp-json\/wp\/v2\/product"}],"about":[{"href":"https:\/\/skaitytaknyga.lt\/en\/wp-json\/wp\/v2\/types\/product"}],"replies":[{"embeddable":true,"href":"https:\/\/skaitytaknyga.lt\/en\/wp-json\/wp\/v2\/comments?post=11513"}],"wp:featuredmedia":[{"embeddable":true,"href":"https:\/\/skaitytaknyga.lt\/en\/wp-json\/wp\/v2\/media\/11557"}],"wp:attachment":[{"href":"https:\/\/skaitytaknyga.lt\/en\/wp-json\/wp\/v2\/media?parent=11513"}],"wp:term":[{"taxonomy":"product_brand","embeddable":true,"href":"https:\/\/skaitytaknyga.lt\/en\/wp-json\/wp\/v2\/product_brand?post=11513"},{"taxonomy":"product_cat","embeddable":true,"href":"https:\/\/skaitytaknyga.lt\/en\/wp-json\/wp\/v2\/product_cat?post=11513"},{"taxonomy":"product_tag","embeddable":true,"href":"https:\/\/skaitytaknyga.lt\/en\/wp-json\/wp\/v2\/product_tag?post=11513"}],"curies":[{"name":"wp","href":"https:\/\/api.w.org\/{rel}","templated":true}]}}