{"id":11512,"date":"2024-05-04T19:47:09","date_gmt":"2024-05-04T19:47:09","guid":{"rendered":"https:\/\/skaitytaknyga.lt\/?post_type=product&#038;p=11512"},"modified":"2026-02-23T12:28:28","modified_gmt":"2026-02-23T10:28:28","slug":"j-clarkson-irzlus-is-prigimties","status":"publish","type":"product","link":"https:\/\/skaitytaknyga.lt\/en\/produktas\/j-clarkson-irzlus-is-prigimties\/","title":{"rendered":"\u201cIrzlus i\u0161 prigimties\u201d"},"content":{"rendered":"<p>Populiarios laidos \u201eTop Gear\u201c (Auk\u0161\u010diausia pavara) ved\u0117jo Jeremy\u2019o Clarksono antroji knyga lietuvi\u0161kai.<\/p>\n<p>Auk\u0161tasis automobilin\u0117s \u017eurnalistikos pilota\u017eas. \u201ePalyginim\u0173 dievas\u201c Jeremy prie sienos \u201ekala\u201c visus \u201edvejetukininkus\u201c. Automobili\u0173 k\u016br\u0117jai, gamintojai, \u012fstatym\u0173 pri\u0117m\u0117jai, politikai ir visokie kitokie veik\u0117jai gauna toki\u0105 taiklios, tiesmuki\u0161kos kritikos doz\u0119, kad prival\u0117t\u0173 apsiverkti ir stov\u0117ti kampe&#8230; Dr\u0105sus, labai k\u016brybingas, truput\u012f i\u0161prot\u0117j\u0119s, turintis savit\u0105 pasaul\u0117\u017ei\u016br\u0105 \u017eurnalistas. Net jei jis visai nieko nei\u0161manyt\u0173 apie automobilius (o taip n\u0117ra), u\u017etekt\u0173 to, kad jis puikiai ra\u0161o&#8230;<\/p>\n<p>Vitoldas Milius, \u201eAutobild Lietuva\u201c vyriausiasis redaktorius<\/p>\n<p>Sakoma, kad visa, kas para\u0161yta be pastang\u0173, \u2013 skaitoma be pasitenkinimo. Pasinerti \u012f Jeremy\u2019o Clarksono \u201eIrzlus i\u0161 prigimties\u201c beveik taip pat smagu, kaip su 500 AG varikl\u012f turin\u010dia adrenalino ma\u0161ina skrudinti \u017eiedini\u0173 lenktyni\u0173 trasos asfalt\u0105. Vis d\u0117lto gal\u0117\u010diau prisiekti savo t\u0117vo barzda, kad benzingalvis \u201eTop Gear\u201c dievas iki a\u0161ar\u0173 juoktis ver\u010diant\u012f tekst\u0173 rinkin\u012f para\u0161\u0117 nei\u0161liej\u0119s n\u0117 la\u0161elio prakaito. Tiesiog jis yra toks \u2013 tryk\u0161tantis ironija ir netik\u0117\u010diausiais palyginimais, da\u017enai \u012f\u017e\u016bliai tendencingas, bet neabejotinai talentingas. To ne\u012fmanoma suvaidinti. Tam reikia, kad venomis sruvent\u0173 ne eritrocitai su leukocitais, o 98 oktano degalai.<\/p>\n<p>Renaldas Gabartas, Lietuvos \u017eurnalist\u0173 autoklubas<\/p>\n<p>P. S. \u0160vietimo ir mokslo ministerijos klerkai tur\u0117t\u0173 daryti \u0161pagatus, kad \u201eIrzlus i\u0161 prigimties\u201c atsirast\u0173 \u017eurnalistikos student\u0173 privalomosios literat\u016bros s\u0105ra\u0161e.<\/p>\n","protected":false},"excerpt":{"rendered":"<p>Populiarios laidos \u201eTop Gear\u201c (Auk\u0161\u010diausia pavara) ved\u0117jo Jeremy\u2019o Clarksono antroji knyga lietuvi\u0161kai. Auk\u0161tasis automobilin\u0117s \u017eurnalistikos pilota\u017eas. \u201ePalyginim\u0173 dievas\u201c Jeremy prie sienos \u201ekala\u201c visus \u201edvejetukininkus\u201c. Automobili\u0173 k\u016br\u0117jai, gamintojai, \u012fstatym\u0173 pri\u0117m\u0117jai, politikai ir visokie kitokie veik\u0117jai gauna toki\u0105 taiklios, tiesmuki\u0161kos kritikos doz\u0119, kad prival\u0117t\u0173 apsiverkti ir stov\u0117ti kampe&#8230; Dr\u0105sus, labai k\u016brybingas, truput\u012f i\u0161prot\u0117j\u0119s, turintis savit\u0105 pasaul\u0117\u017ei\u016br\u0105 \u017eurnalistas. Net jei jis visai nieko nei\u0161manyt\u0173 apie automobilius (o taip n\u0117ra), u\u017etekt\u0173 to, kad jis puikiai ra\u0161o&#8230; Vitoldas Milius, \u201eAutobild Lietuva\u201c vyriausiasis redaktorius Sakoma, kad visa, kas para\u0161yta be pastang\u0173, \u2013 skaitoma be pasitenkinimo. Pasinerti \u012f Jeremy\u2019o Clarksono \u201eIrzlus i\u0161 prigimties\u201c beveik taip pat smagu, kaip su 500 AG varikl\u012f turin\u010dia adrenalino ma\u0161ina skrudinti \u017eiedini\u0173 lenktyni\u0173 trasos asfalt\u0105. Vis d\u0117lto gal\u0117\u010diau prisiekti savo t\u0117vo barzda, kad benzingalvis \u201eTop Gear\u201c dievas iki a\u0161ar\u0173 juoktis ver\u010diant\u012f tekst\u0173 rinkin\u012f para\u0161\u0117 nei\u0161liej\u0119s n\u0117 la\u0161elio prakaito. Tiesiog jis yra toks \u2013 tryk\u0161tantis ironija ir netik\u0117\u010diausiais palyginimais, da\u017enai \u012f\u017e\u016bliai tendencingas, bet neabejotinai talentingas. To ne\u012fmanoma suvaidinti. Tam reikia, kad venomis sruvent\u0173 ne eritrocitai su leukocitais, o 98 oktano degalai. Renaldas Gabartas, Lietuvos \u017eurnalist\u0173 autoklubas P. S. \u0160vietimo ir mokslo ministerijos klerkai tur\u0117t\u0173 daryti \u0161pagatus, kad \u201eIrzlus i\u0161 prigimties\u201c atsirast\u0173 \u017eurnalistikos student\u0173 privalomosios literat\u016bros s\u0105ra\u0161e.<\/p>\n","protected":false},"featured_media":11555,"comment_status":"open","ping_status":"closed","template":"","meta":{"_acf_changed":false,"site-sidebar-layout":"default","site-content-layout":"","ast-site-content-layout":"default","site-content-style":"default","site-sidebar-style":"default","ast-global-header-display":"","ast-banner-title-visibility":"","ast-main-header-display":"","ast-hfb-above-header-display":"","ast-hfb-below-header-display":"","ast-hfb-mobile-header-display":"","site-post-title":"","ast-breadcrumbs-content":"","ast-featured-img":"","footer-sml-layout":"","ast-disable-related-posts":"","theme-transparent-header-meta":"","adv-header-id-meta":"","stick-header-meta":"","header-above-stick-meta":"","header-main-stick-meta":"","header-below-stick-meta":"","astra-migrate-meta-layouts":"default","ast-page-background-enabled":"default","ast-page-background-meta":{"desktop":{"background-color":"","background-image":"","background-repeat":"repeat","background-position":"center center","background-size":"auto","background-attachment":"scroll","background-type":"","background-media":"","overlay-type":"","overlay-color":"","overlay-opacity":"","overlay-gradient":""},"tablet":{"background-color":"","background-image":"","background-repeat":"repeat","background-position":"center center","background-size":"auto","background-attachment":"scroll","background-type":"","background-media":"","overlay-type":"","overlay-color":"","overlay-opacity":"","overlay-gradient":""},"mobile":{"background-color":"","background-image":"","background-repeat":"repeat","background-position":"center center","background-size":"auto","background-attachment":"scroll","background-type":"","background-media":"","overlay-type":"","overlay-color":"","overlay-opacity":"","overlay-gradient":""}},"ast-content-background-meta":{"desktop":{"background-color":"var(--ast-global-color-4)","background-image":"","background-repeat":"repeat","background-position":"center center","background-size":"auto","background-attachment":"scroll","background-type":"","background-media":"","overlay-type":"","overlay-color":"","overlay-opacity":"","overlay-gradient":""},"tablet":{"background-color":"var(--ast-global-color-4)","background-image":"","background-repeat":"repeat","background-position":"center center","background-size":"auto","background-attachment":"scroll","background-type":"","background-media":"","overlay-type":"","overlay-color":"","overlay-opacity":"","overlay-gradient":""},"mobile":{"background-color":"var(--ast-global-color-4)","background-image":"","background-repeat":"repeat","background-position":"center center","background-size":"auto","background-attachment":"scroll","background-type":"","background-media":"","overlay-type":"","overlay-color":"","overlay-opacity":"","overlay-gradient":""}}},"product_brand":[],"product_cat":[15],"product_tag":[9516],"class_list":{"0":"post-11512","1":"product","2":"type-product","3":"status-publish","4":"has-post-thumbnail","6":"product_cat-uncategorized","7":"product_tag-j-clarkson","8":"desktop-align-left","9":"tablet-align-left","10":"mobile-align-left","12":"first","13":"outofstock","14":"shipping-taxable","15":"purchasable","16":"product-type-simple"},"acf":[],"yoast_head":"<!-- This site is optimized with the Yoast SEO plugin v27.0 - https:\/\/yoast.com\/product\/yoast-seo-wordpress\/ -->\n<title>\u201cIrzlus i\u0161 prigimties\u201d<\/title>\n<meta name=\"description\" content=\"Populiarios laidos \u201eTop Gear\u201c (Auk\u0161\u010diausia pavara) ved\u0117jo Jeremy\u2019o Clarksono antroji knyga lietuvi\u0161kai. Auk\u0161tasis automobilin\u0117s \u017eurnalistikos pilota\u017eas.\" \/>\n<meta name=\"robots\" content=\"index, follow, max-snippet:-1, max-image-preview:large, max-video-preview:-1\" \/>\n<link rel=\"canonical\" href=\"https:\/\/skaitytaknyga.lt\/en\/produktas\/j-clarkson-irzlus-is-prigimties\/\" \/>\n<meta property=\"og:locale\" content=\"en_GB\" \/>\n<meta property=\"og:locale:alternate\" content=\"lt_LT\" \/>\n<meta property=\"og:type\" content=\"article\" \/>\n<meta property=\"og:title\" content=\"\u201cIrzlus i\u0161 prigimties\u201d\" \/>\n<meta property=\"og:description\" content=\"Populiarios laidos \u201eTop Gear\u201c (Auk\u0161\u010diausia pavara) ved\u0117jo Jeremy\u2019o Clarksono antroji knyga lietuvi\u0161kai. Auk\u0161tasis automobilin\u0117s \u017eurnalistikos pilota\u017eas.\" \/>\n<meta property=\"og:url\" content=\"https:\/\/skaitytaknyga.lt\/en\/produktas\/j-clarkson-irzlus-is-prigimties\/\" \/>\n<meta property=\"og:site_name\" content=\"Skaitytaknyga\" \/>\n<meta property=\"article:publisher\" content=\"https:\/\/www.facebook.com\/skaitytaknyga\/\" \/>\n<meta property=\"article:modified_time\" content=\"2026-02-23T10:28:28+00:00\" \/>\n<meta property=\"og:image\" content=\"https:\/\/skaitytaknyga.lt\/wp-content\/uploads\/2024\/05\/7bac79db-fe6c-4567-aa4c-12f2b5fdb562-38907-00001371cc56a966_file-scaled-1.jpeg\" \/>\n\t<meta property=\"og:image:width\" content=\"1920\" \/>\n\t<meta property=\"og:image:height\" content=\"2560\" \/>\n\t<meta property=\"og:image:type\" content=\"image\/jpeg\" \/>\n<meta name=\"twitter:card\" content=\"summary_large_image\" \/>\n<meta name=\"twitter:label1\" content=\"Estimated reading time\" \/>\n\t<meta name=\"twitter:data1\" content=\"1 minute\" \/>\n<script type=\"application\/ld+json\" class=\"yoast-schema-graph\">{\"@context\":\"https:\/\/schema.org\",\"@graph\":[{\"@type\":\"WebPage\",\"@id\":\"https:\/\/skaitytaknyga.lt\/produktas\/j-clarkson-irzlus-is-prigimties\/\",\"url\":\"https:\/\/skaitytaknyga.lt\/produktas\/j-clarkson-irzlus-is-prigimties\/\",\"name\":\"\u201cIrzlus i\u0161 prigimties\u201d\",\"isPartOf\":{\"@id\":\"https:\/\/skaitytaknyga.lt\/#website\"},\"primaryImageOfPage\":{\"@id\":\"https:\/\/skaitytaknyga.lt\/produktas\/j-clarkson-irzlus-is-prigimties\/#primaryimage\"},\"image\":{\"@id\":\"https:\/\/skaitytaknyga.lt\/produktas\/j-clarkson-irzlus-is-prigimties\/#primaryimage\"},\"thumbnailUrl\":\"https:\/\/skaitytaknyga.lt\/wp-content\/uploads\/2024\/05\/7bac79db-fe6c-4567-aa4c-12f2b5fdb562-38907-00001371cc56a966_file-scaled-1.jpeg\",\"datePublished\":\"2024-05-04T19:47:09+00:00\",\"dateModified\":\"2026-02-23T10:28:28+00:00\",\"description\":\"Populiarios laidos \u201eTop Gear\u201c (Auk\u0161\u010diausia pavara) ved\u0117jo Jeremy\u2019o Clarksono antroji knyga lietuvi\u0161kai. Auk\u0161tasis automobilin\u0117s \u017eurnalistikos pilota\u017eas.\",\"breadcrumb\":{\"@id\":\"https:\/\/skaitytaknyga.lt\/produktas\/j-clarkson-irzlus-is-prigimties\/#breadcrumb\"},\"inLanguage\":\"en-GB\",\"potentialAction\":[{\"@type\":\"ReadAction\",\"target\":[\"https:\/\/skaitytaknyga.lt\/produktas\/j-clarkson-irzlus-is-prigimties\/\"]}]},{\"@type\":\"ImageObject\",\"inLanguage\":\"en-GB\",\"@id\":\"https:\/\/skaitytaknyga.lt\/produktas\/j-clarkson-irzlus-is-prigimties\/#primaryimage\",\"url\":\"https:\/\/skaitytaknyga.lt\/wp-content\/uploads\/2024\/05\/7bac79db-fe6c-4567-aa4c-12f2b5fdb562-38907-00001371cc56a966_file-scaled-1.jpeg\",\"contentUrl\":\"https:\/\/skaitytaknyga.lt\/wp-content\/uploads\/2024\/05\/7bac79db-fe6c-4567-aa4c-12f2b5fdb562-38907-00001371cc56a966_file-scaled-1.jpeg\",\"width\":1920,\"height\":2560},{\"@type\":\"BreadcrumbList\",\"@id\":\"https:\/\/skaitytaknyga.lt\/produktas\/j-clarkson-irzlus-is-prigimties\/#breadcrumb\",\"itemListElement\":[{\"@type\":\"ListItem\",\"position\":1,\"name\":\"Home\",\"item\":\"https:\/\/skaitytaknyga.lt\/\"},{\"@type\":\"ListItem\",\"position\":2,\"name\":\"Parduotuv\u0117\",\"item\":\"https:\/\/skaitytaknyga.lt\/knygu-parduotuve\/\"},{\"@type\":\"ListItem\",\"position\":3,\"name\":\"\u201cIrzlus i\u0161 prigimties\u201d\"}]},{\"@type\":\"WebSite\",\"@id\":\"https:\/\/skaitytaknyga.lt\/#website\",\"url\":\"https:\/\/skaitytaknyga.lt\/\",\"name\":\"skaitytaknyga.lt\",\"description\":\"Skaitytaknyga.lt \u2013 tai ma\u017eas \u0161eimos verslas, kuris prasid\u0117jo nuo meil\u0117s knygoms ir siekio i\u0161gelb\u0117ti knygas nuo likimo prie konteinerio. Kas vienam nereikalingas daiktas \u2013 kitam lobis, o mes esame tarpininkai, kurie padeda abiems tapti laimingesniems ???? \u017dinome kaip nelengva i\u0161gyventi ma\u017eiems verslams, tad nuo \u0161iol, \u010dia rasite ir kit\u0173, ma\u017e\u0173 \u0161eim\u0173 versl\u0173, rank\u0173 darbo, dovan\u0173 sau ir artimiesiems.\",\"publisher\":{\"@id\":\"https:\/\/skaitytaknyga.lt\/#organization\"},\"potentialAction\":[{\"@type\":\"SearchAction\",\"target\":{\"@type\":\"EntryPoint\",\"urlTemplate\":\"https:\/\/skaitytaknyga.lt\/?s={search_term_string}\"},\"query-input\":{\"@type\":\"PropertyValueSpecification\",\"valueRequired\":true,\"valueName\":\"search_term_string\"}}],\"inLanguage\":\"en-GB\"},{\"@type\":\"Organization\",\"@id\":\"https:\/\/skaitytaknyga.lt\/#organization\",\"name\":\"skaitytaknyga.lt\",\"url\":\"https:\/\/skaitytaknyga.lt\/\",\"logo\":{\"@type\":\"ImageObject\",\"inLanguage\":\"en-GB\",\"@id\":\"https:\/\/skaitytaknyga.lt\/#\/schema\/logo\/image\/\",\"url\":\"https:\/\/skaitytaknyga.lt\/wp-content\/uploads\/2024\/05\/cropped-cropped-cropped-02_00843_jt3bggkj1j3HLc7SyY6rEUpg.jpeg\",\"contentUrl\":\"https:\/\/skaitytaknyga.lt\/wp-content\/uploads\/2024\/05\/cropped-cropped-cropped-02_00843_jt3bggkj1j3HLc7SyY6rEUpg.jpeg\",\"width\":1600,\"height\":1600,\"caption\":\"skaitytaknyga.lt\"},\"image\":{\"@id\":\"https:\/\/skaitytaknyga.lt\/#\/schema\/logo\/image\/\"},\"sameAs\":[\"https:\/\/www.facebook.com\/skaitytaknyga\/\"]}]}<\/script>\n<!-- \/ Yoast SEO plugin. -->","yoast_head_json":{"title":"\u201cIrzlus i\u0161 prigimties\u201d","description":"Populiarios laidos \u201eTop Gear\u201c (Auk\u0161\u010diausia pavara) ved\u0117jo Jeremy\u2019o Clarksono antroji knyga lietuvi\u0161kai. Auk\u0161tasis automobilin\u0117s \u017eurnalistikos pilota\u017eas.","robots":{"index":"index","follow":"follow","max-snippet":"max-snippet:-1","max-image-preview":"max-image-preview:large","max-video-preview":"max-video-preview:-1"},"canonical":"https:\/\/skaitytaknyga.lt\/en\/produktas\/j-clarkson-irzlus-is-prigimties\/","og_locale":"en_GB","og_type":"article","og_title":"[:lt]\u201cIrzlus i\u0161 prigimties\u201d[:] - Skaitytaknyga","og_description":"Populiarios laidos \u201eTop Gear\u201c (Auk\u0161\u010diausia pavara) ved\u0117jo Jeremy\u2019o Clarksono antroji knyga lietuvi\u0161kai. Auk\u0161tasis automobilin\u0117s \u017eurnalistikos pilota\u017eas.","og_url":"https:\/\/skaitytaknyga.lt\/en\/produktas\/j-clarkson-irzlus-is-prigimties\/","og_site_name":"Skaitytaknyga","article_publisher":"https:\/\/www.facebook.com\/skaitytaknyga\/","article_modified_time":"2026-02-23T10:28:28+00:00","og_image":[{"width":1920,"height":2560,"url":"https:\/\/skaitytaknyga.lt\/wp-content\/uploads\/2024\/05\/7bac79db-fe6c-4567-aa4c-12f2b5fdb562-38907-00001371cc56a966_file-scaled-1.jpeg","type":"image\/jpeg"}],"twitter_card":"summary_large_image","twitter_misc":{"Estimated reading time":"1 minute"},"schema":{"@context":"https:\/\/schema.org","@graph":[{"@type":"WebPage","@id":"https:\/\/skaitytaknyga.lt\/produktas\/j-clarkson-irzlus-is-prigimties\/","url":"https:\/\/skaitytaknyga.lt\/produktas\/j-clarkson-irzlus-is-prigimties\/","name":"\u201cIrzlus i\u0161 prigimties\u201d","isPartOf":{"@id":"https:\/\/skaitytaknyga.lt\/#website"},"primaryImageOfPage":{"@id":"https:\/\/skaitytaknyga.lt\/produktas\/j-clarkson-irzlus-is-prigimties\/#primaryimage"},"image":{"@id":"https:\/\/skaitytaknyga.lt\/produktas\/j-clarkson-irzlus-is-prigimties\/#primaryimage"},"thumbnailUrl":"https:\/\/skaitytaknyga.lt\/wp-content\/uploads\/2024\/05\/7bac79db-fe6c-4567-aa4c-12f2b5fdb562-38907-00001371cc56a966_file-scaled-1.jpeg","datePublished":"2024-05-04T19:47:09+00:00","dateModified":"2026-02-23T10:28:28+00:00","description":"Populiarios laidos \u201eTop Gear\u201c (Auk\u0161\u010diausia pavara) ved\u0117jo Jeremy\u2019o Clarksono antroji knyga lietuvi\u0161kai. Auk\u0161tasis automobilin\u0117s \u017eurnalistikos pilota\u017eas.","breadcrumb":{"@id":"https:\/\/skaitytaknyga.lt\/produktas\/j-clarkson-irzlus-is-prigimties\/#breadcrumb"},"inLanguage":"en-GB","potentialAction":[{"@type":"ReadAction","target":["https:\/\/skaitytaknyga.lt\/produktas\/j-clarkson-irzlus-is-prigimties\/"]}]},{"@type":"ImageObject","inLanguage":"en-GB","@id":"https:\/\/skaitytaknyga.lt\/produktas\/j-clarkson-irzlus-is-prigimties\/#primaryimage","url":"https:\/\/skaitytaknyga.lt\/wp-content\/uploads\/2024\/05\/7bac79db-fe6c-4567-aa4c-12f2b5fdb562-38907-00001371cc56a966_file-scaled-1.jpeg","contentUrl":"https:\/\/skaitytaknyga.lt\/wp-content\/uploads\/2024\/05\/7bac79db-fe6c-4567-aa4c-12f2b5fdb562-38907-00001371cc56a966_file-scaled-1.jpeg","width":1920,"height":2560},{"@type":"BreadcrumbList","@id":"https:\/\/skaitytaknyga.lt\/produktas\/j-clarkson-irzlus-is-prigimties\/#breadcrumb","itemListElement":[{"@type":"ListItem","position":1,"name":"Home","item":"https:\/\/skaitytaknyga.lt\/"},{"@type":"ListItem","position":2,"name":"Parduotuv\u0117","item":"https:\/\/skaitytaknyga.lt\/knygu-parduotuve\/"},{"@type":"ListItem","position":3,"name":"\u201cIrzlus i\u0161 prigimties\u201d"}]},{"@type":"WebSite","@id":"https:\/\/skaitytaknyga.lt\/#website","url":"https:\/\/skaitytaknyga.lt\/","name":"skaitytaknyga.lt","description":"Skaitytaknyga.lt \u2013 tai ma\u017eas \u0161eimos verslas, kuris prasid\u0117jo nuo meil\u0117s knygoms ir siekio i\u0161gelb\u0117ti knygas nuo likimo prie konteinerio. Kas vienam nereikalingas daiktas \u2013 kitam lobis, o mes esame tarpininkai, kurie padeda abiems tapti laimingesniems ???? \u017dinome kaip nelengva i\u0161gyventi ma\u017eiems verslams, tad nuo \u0161iol, \u010dia rasite ir kit\u0173, ma\u017e\u0173 \u0161eim\u0173 versl\u0173, rank\u0173 darbo, dovan\u0173 sau ir artimiesiems.","publisher":{"@id":"https:\/\/skaitytaknyga.lt\/#organization"},"potentialAction":[{"@type":"SearchAction","target":{"@type":"EntryPoint","urlTemplate":"https:\/\/skaitytaknyga.lt\/?s={search_term_string}"},"query-input":{"@type":"PropertyValueSpecification","valueRequired":true,"valueName":"search_term_string"}}],"inLanguage":"en-GB"},{"@type":"Organization","@id":"https:\/\/skaitytaknyga.lt\/#organization","name":"skaitytaknyga.lt","url":"https:\/\/skaitytaknyga.lt\/","logo":{"@type":"ImageObject","inLanguage":"en-GB","@id":"https:\/\/skaitytaknyga.lt\/#\/schema\/logo\/image\/","url":"https:\/\/skaitytaknyga.lt\/wp-content\/uploads\/2024\/05\/cropped-cropped-cropped-02_00843_jt3bggkj1j3HLc7SyY6rEUpg.jpeg","contentUrl":"https:\/\/skaitytaknyga.lt\/wp-content\/uploads\/2024\/05\/cropped-cropped-cropped-02_00843_jt3bggkj1j3HLc7SyY6rEUpg.jpeg","width":1600,"height":1600,"caption":"skaitytaknyga.lt"},"image":{"@id":"https:\/\/skaitytaknyga.lt\/#\/schema\/logo\/image\/"},"sameAs":["https:\/\/www.facebook.com\/skaitytaknyga\/"]}]}},"_links":{"self":[{"href":"https:\/\/skaitytaknyga.lt\/en\/wp-json\/wp\/v2\/product\/11512","targetHints":{"allow":["GET"]}}],"collection":[{"href":"https:\/\/skaitytaknyga.lt\/en\/wp-json\/wp\/v2\/product"}],"about":[{"href":"https:\/\/skaitytaknyga.lt\/en\/wp-json\/wp\/v2\/types\/product"}],"replies":[{"embeddable":true,"href":"https:\/\/skaitytaknyga.lt\/en\/wp-json\/wp\/v2\/comments?post=11512"}],"wp:featuredmedia":[{"embeddable":true,"href":"https:\/\/skaitytaknyga.lt\/en\/wp-json\/wp\/v2\/media\/11555"}],"wp:attachment":[{"href":"https:\/\/skaitytaknyga.lt\/en\/wp-json\/wp\/v2\/media?parent=11512"}],"wp:term":[{"taxonomy":"product_brand","embeddable":true,"href":"https:\/\/skaitytaknyga.lt\/en\/wp-json\/wp\/v2\/product_brand?post=11512"},{"taxonomy":"product_cat","embeddable":true,"href":"https:\/\/skaitytaknyga.lt\/en\/wp-json\/wp\/v2\/product_cat?post=11512"},{"taxonomy":"product_tag","embeddable":true,"href":"https:\/\/skaitytaknyga.lt\/en\/wp-json\/wp\/v2\/product_tag?post=11512"}],"curies":[{"name":"wp","href":"https:\/\/api.w.org\/{rel}","templated":true}]}}