{"id":11511,"date":"2024-05-04T19:47:09","date_gmt":"2024-05-04T19:47:09","guid":{"rendered":"https:\/\/skaitytaknyga.lt\/?post_type=product&#038;p=11511"},"modified":"2026-03-05T11:41:51","modified_gmt":"2026-03-05T09:41:51","slug":"j-clarkson-tik-nestabdyk-manes","status":"publish","type":"product","link":"https:\/\/skaitytaknyga.lt\/en\/produktas\/j-clarkson-tik-nestabdyk-manes\/","title":{"rendered":"\u201cTik nestabdyk man\u0119s\u201d"},"content":{"rendered":"<p>\u201eTik nestabdyk man\u0119s!\u201c \u2013 knyga apie \u201eBentley Continental GT\u201c, \u201eMazda3\u201c, Galapag\u0173 sal\u0173 v\u0117\u017eli\u0173 psichin\u0119 sveikat\u0105, \u201eFiat Panda\u201c, \u201eLamborghini Gallardo\u201c ir brit\u0173 imperijos \u017elugim\u0105, kvailiausi\u0105 Dievo k\u016brin\u012f, \u201eSubaru Forester\u201c bei daug kit\u0173 \u2013 ne tik automobilini\u0173 \u2013 \u012fdomybi\u0173. J. Clarksonas \u017eino, kad pasaulyje egzistuoja ne tik automobiliai, ir apie tai ra\u0161o automobili\u0173 ap\u017evalgose. Nenuorama britas su humoru i\u0161sako savo nuomon\u0119 \u012fvairiausiais klausimais visk\u0105 \u017eaismingai susiedamas su keturrat\u0117mis transporto priemon\u0117mis.<\/p>\n<p>Knyg\u0105 \u201eTik nestabdyk man\u0119s!\u201c sudaro 60 automobili\u0173 ap\u017evalg\u0173, kuri\u0173 ne viena suk\u0117l\u0117 audring\u0105 visuomen\u0117s reakcij\u0105.<\/p>\n","protected":false},"excerpt":{"rendered":"<p>\u201eTik nestabdyk man\u0119s!\u201c \u2013 knyga apie \u201eBentley Continental GT\u201c, \u201eMazda3\u201c, Galapag\u0173 sal\u0173 v\u0117\u017eli\u0173 psichin\u0119 sveikat\u0105, \u201eFiat Panda\u201c, \u201eLamborghini Gallardo\u201c ir brit\u0173 imperijos \u017elugim\u0105, kvailiausi\u0105 Dievo k\u016brin\u012f, \u201eSubaru Forester\u201c bei daug kit\u0173 \u2013 ne tik automobilini\u0173 \u2013 \u012fdomybi\u0173. J. Clarksonas \u017eino, kad pasaulyje egzistuoja ne tik automobiliai, ir apie tai ra\u0161o automobili\u0173 ap\u017evalgose. Nenuorama britas su humoru i\u0161sako savo nuomon\u0119 \u012fvairiausiais klausimais visk\u0105 \u017eaismingai susiedamas su keturrat\u0117mis transporto priemon\u0117mis. Knyg\u0105 \u201eTik nestabdyk man\u0119s!\u201c sudaro 60 automobili\u0173 ap\u017evalg\u0173, kuri\u0173 ne viena suk\u0117l\u0117 audring\u0105 visuomen\u0117s reakcij\u0105.<\/p>\n","protected":false},"featured_media":11553,"comment_status":"open","ping_status":"closed","template":"","meta":{"_acf_changed":false,"site-sidebar-layout":"default","site-content-layout":"","ast-site-content-layout":"default","site-content-style":"default","site-sidebar-style":"default","ast-global-header-display":"","ast-banner-title-visibility":"","ast-main-header-display":"","ast-hfb-above-header-display":"","ast-hfb-below-header-display":"","ast-hfb-mobile-header-display":"","site-post-title":"","ast-breadcrumbs-content":"","ast-featured-img":"","footer-sml-layout":"","ast-disable-related-posts":"","theme-transparent-header-meta":"","adv-header-id-meta":"","stick-header-meta":"","header-above-stick-meta":"","header-main-stick-meta":"","header-below-stick-meta":"","astra-migrate-meta-layouts":"default","ast-page-background-enabled":"default","ast-page-background-meta":{"desktop":{"background-color":"","background-image":"","background-repeat":"repeat","background-position":"center center","background-size":"auto","background-attachment":"scroll","background-type":"","background-media":"","overlay-type":"","overlay-color":"","overlay-opacity":"","overlay-gradient":""},"tablet":{"background-color":"","background-image":"","background-repeat":"repeat","background-position":"center center","background-size":"auto","background-attachment":"scroll","background-type":"","background-media":"","overlay-type":"","overlay-color":"","overlay-opacity":"","overlay-gradient":""},"mobile":{"background-color":"","background-image":"","background-repeat":"repeat","background-position":"center center","background-size":"auto","background-attachment":"scroll","background-type":"","background-media":"","overlay-type":"","overlay-color":"","overlay-opacity":"","overlay-gradient":""}},"ast-content-background-meta":{"desktop":{"background-color":"var(--ast-global-color-4)","background-image":"","background-repeat":"repeat","background-position":"center center","background-size":"auto","background-attachment":"scroll","background-type":"","background-media":"","overlay-type":"","overlay-color":"","overlay-opacity":"","overlay-gradient":""},"tablet":{"background-color":"var(--ast-global-color-4)","background-image":"","background-repeat":"repeat","background-position":"center center","background-size":"auto","background-attachment":"scroll","background-type":"","background-media":"","overlay-type":"","overlay-color":"","overlay-opacity":"","overlay-gradient":""},"mobile":{"background-color":"var(--ast-global-color-4)","background-image":"","background-repeat":"repeat","background-position":"center center","background-size":"auto","background-attachment":"scroll","background-type":"","background-media":"","overlay-type":"","overlay-color":"","overlay-opacity":"","overlay-gradient":""}}},"product_brand":[],"product_cat":[15],"product_tag":[9516],"class_list":{"0":"post-11511","1":"product","2":"type-product","3":"status-publish","4":"has-post-thumbnail","6":"product_cat-uncategorized","7":"product_tag-j-clarkson","8":"desktop-align-left","9":"tablet-align-left","10":"mobile-align-left","12":"first","13":"instock","14":"shipping-taxable","15":"purchasable","16":"product-type-simple"},"acf":[],"yoast_head":"<!-- This site is optimized with the Yoast SEO plugin v27.0 - https:\/\/yoast.com\/product\/yoast-seo-wordpress\/ -->\n<title>\u201cTik nestabdyk man\u0119s\u201d<\/title>\n<meta name=\"description\" content=\"\u201eTik nestabdyk man\u0119s!\u201c \u2013 knyga apie \u201eBentley Continental GT\u201c, \u201eMazda3\u201c, Galapag\u0173 sal\u0173 v\u0117\u017eli\u0173 psichin\u0119 sveikat\u0105, \u201eFiat Panda\u201c, \u201eLamborghini Gallardo\u201c ir\" \/>\n<meta name=\"robots\" content=\"index, follow, max-snippet:-1, max-image-preview:large, max-video-preview:-1\" \/>\n<link rel=\"canonical\" href=\"https:\/\/skaitytaknyga.lt\/en\/produktas\/j-clarkson-tik-nestabdyk-manes\/\" \/>\n<meta property=\"og:locale\" content=\"en_GB\" \/>\n<meta property=\"og:locale:alternate\" content=\"lt_LT\" \/>\n<meta property=\"og:type\" content=\"article\" \/>\n<meta property=\"og:title\" content=\"\u201cTik nestabdyk man\u0119s\u201d\" \/>\n<meta property=\"og:description\" content=\"\u201eTik nestabdyk man\u0119s!\u201c \u2013 knyga apie \u201eBentley Continental GT\u201c, \u201eMazda3\u201c, Galapag\u0173 sal\u0173 v\u0117\u017eli\u0173 psichin\u0119 sveikat\u0105, \u201eFiat Panda\u201c, \u201eLamborghini Gallardo\u201c ir\" \/>\n<meta property=\"og:url\" content=\"https:\/\/skaitytaknyga.lt\/en\/produktas\/j-clarkson-tik-nestabdyk-manes\/\" \/>\n<meta property=\"og:site_name\" content=\"Skaitytaknyga\" \/>\n<meta property=\"article:publisher\" content=\"https:\/\/www.facebook.com\/skaitytaknyga\/\" \/>\n<meta property=\"article:modified_time\" content=\"2026-03-05T09:41:51+00:00\" \/>\n<meta property=\"og:image\" content=\"https:\/\/skaitytaknyga.lt\/wp-content\/uploads\/2024\/05\/16f72ba4-7237-4807-b176-f971ed7630bb-38907-0000136c3a74f572_file-scaled-1-e1715356104771.jpeg\" \/>\n\t<meta property=\"og:image:width\" content=\"1544\" \/>\n\t<meta property=\"og:image:height\" content=\"2432\" \/>\n\t<meta property=\"og:image:type\" content=\"image\/jpeg\" \/>\n<meta name=\"twitter:card\" content=\"summary_large_image\" \/>\n<script type=\"application\/ld+json\" class=\"yoast-schema-graph\">{\"@context\":\"https:\/\/schema.org\",\"@graph\":[{\"@type\":\"WebPage\",\"@id\":\"https:\/\/skaitytaknyga.lt\/produktas\/j-clarkson-tik-nestabdyk-manes\/\",\"url\":\"https:\/\/skaitytaknyga.lt\/produktas\/j-clarkson-tik-nestabdyk-manes\/\",\"name\":\"\u201cTik nestabdyk man\u0119s\u201d\",\"isPartOf\":{\"@id\":\"https:\/\/skaitytaknyga.lt\/#website\"},\"primaryImageOfPage\":{\"@id\":\"https:\/\/skaitytaknyga.lt\/produktas\/j-clarkson-tik-nestabdyk-manes\/#primaryimage\"},\"image\":{\"@id\":\"https:\/\/skaitytaknyga.lt\/produktas\/j-clarkson-tik-nestabdyk-manes\/#primaryimage\"},\"thumbnailUrl\":\"https:\/\/skaitytaknyga.lt\/wp-content\/uploads\/2024\/05\/16f72ba4-7237-4807-b176-f971ed7630bb-38907-0000136c3a74f572_file-scaled-1-e1715356104771.jpeg\",\"datePublished\":\"2024-05-04T19:47:09+00:00\",\"dateModified\":\"2026-03-05T09:41:51+00:00\",\"description\":\"\u201eTik nestabdyk man\u0119s!\u201c \u2013 knyga apie \u201eBentley Continental GT\u201c, \u201eMazda3\u201c, Galapag\u0173 sal\u0173 v\u0117\u017eli\u0173 psichin\u0119 sveikat\u0105, \u201eFiat Panda\u201c, \u201eLamborghini Gallardo\u201c ir\",\"breadcrumb\":{\"@id\":\"https:\/\/skaitytaknyga.lt\/produktas\/j-clarkson-tik-nestabdyk-manes\/#breadcrumb\"},\"inLanguage\":\"en-GB\",\"potentialAction\":[{\"@type\":\"ReadAction\",\"target\":[\"https:\/\/skaitytaknyga.lt\/produktas\/j-clarkson-tik-nestabdyk-manes\/\"]}]},{\"@type\":\"ImageObject\",\"inLanguage\":\"en-GB\",\"@id\":\"https:\/\/skaitytaknyga.lt\/produktas\/j-clarkson-tik-nestabdyk-manes\/#primaryimage\",\"url\":\"https:\/\/skaitytaknyga.lt\/wp-content\/uploads\/2024\/05\/16f72ba4-7237-4807-b176-f971ed7630bb-38907-0000136c3a74f572_file-scaled-1-e1715356104771.jpeg\",\"contentUrl\":\"https:\/\/skaitytaknyga.lt\/wp-content\/uploads\/2024\/05\/16f72ba4-7237-4807-b176-f971ed7630bb-38907-0000136c3a74f572_file-scaled-1-e1715356104771.jpeg\",\"width\":1544,\"height\":2432},{\"@type\":\"BreadcrumbList\",\"@id\":\"https:\/\/skaitytaknyga.lt\/produktas\/j-clarkson-tik-nestabdyk-manes\/#breadcrumb\",\"itemListElement\":[{\"@type\":\"ListItem\",\"position\":1,\"name\":\"Home\",\"item\":\"https:\/\/skaitytaknyga.lt\/\"},{\"@type\":\"ListItem\",\"position\":2,\"name\":\"Parduotuv\u0117\",\"item\":\"https:\/\/skaitytaknyga.lt\/knygu-parduotuve\/\"},{\"@type\":\"ListItem\",\"position\":3,\"name\":\"\u201cTik nestabdyk man\u0119s\u201d\"}]},{\"@type\":\"WebSite\",\"@id\":\"https:\/\/skaitytaknyga.lt\/#website\",\"url\":\"https:\/\/skaitytaknyga.lt\/\",\"name\":\"skaitytaknyga.lt\",\"description\":\"Skaitytaknyga.lt \u2013 tai ma\u017eas \u0161eimos verslas, kuris prasid\u0117jo nuo meil\u0117s knygoms ir siekio i\u0161gelb\u0117ti knygas nuo likimo prie konteinerio. Kas vienam nereikalingas daiktas \u2013 kitam lobis, o mes esame tarpininkai, kurie padeda abiems tapti laimingesniems ???? \u017dinome kaip nelengva i\u0161gyventi ma\u017eiems verslams, tad nuo \u0161iol, \u010dia rasite ir kit\u0173, ma\u017e\u0173 \u0161eim\u0173 versl\u0173, rank\u0173 darbo, dovan\u0173 sau ir artimiesiems.\",\"publisher\":{\"@id\":\"https:\/\/skaitytaknyga.lt\/#organization\"},\"potentialAction\":[{\"@type\":\"SearchAction\",\"target\":{\"@type\":\"EntryPoint\",\"urlTemplate\":\"https:\/\/skaitytaknyga.lt\/?s={search_term_string}\"},\"query-input\":{\"@type\":\"PropertyValueSpecification\",\"valueRequired\":true,\"valueName\":\"search_term_string\"}}],\"inLanguage\":\"en-GB\"},{\"@type\":\"Organization\",\"@id\":\"https:\/\/skaitytaknyga.lt\/#organization\",\"name\":\"skaitytaknyga.lt\",\"url\":\"https:\/\/skaitytaknyga.lt\/\",\"logo\":{\"@type\":\"ImageObject\",\"inLanguage\":\"en-GB\",\"@id\":\"https:\/\/skaitytaknyga.lt\/#\/schema\/logo\/image\/\",\"url\":\"https:\/\/skaitytaknyga.lt\/wp-content\/uploads\/2024\/05\/cropped-cropped-cropped-02_00843_jt3bggkj1j3HLc7SyY6rEUpg.jpeg\",\"contentUrl\":\"https:\/\/skaitytaknyga.lt\/wp-content\/uploads\/2024\/05\/cropped-cropped-cropped-02_00843_jt3bggkj1j3HLc7SyY6rEUpg.jpeg\",\"width\":1600,\"height\":1600,\"caption\":\"skaitytaknyga.lt\"},\"image\":{\"@id\":\"https:\/\/skaitytaknyga.lt\/#\/schema\/logo\/image\/\"},\"sameAs\":[\"https:\/\/www.facebook.com\/skaitytaknyga\/\"]}]}<\/script>\n<!-- \/ Yoast SEO plugin. -->","yoast_head_json":{"title":"\u201cTik nestabdyk man\u0119s\u201d","description":"\u201eTik nestabdyk man\u0119s!\u201c \u2013 knyga apie \u201eBentley Continental GT\u201c, \u201eMazda3\u201c, Galapag\u0173 sal\u0173 v\u0117\u017eli\u0173 psichin\u0119 sveikat\u0105, \u201eFiat Panda\u201c, \u201eLamborghini Gallardo\u201c ir","robots":{"index":"index","follow":"follow","max-snippet":"max-snippet:-1","max-image-preview":"max-image-preview:large","max-video-preview":"max-video-preview:-1"},"canonical":"https:\/\/skaitytaknyga.lt\/en\/produktas\/j-clarkson-tik-nestabdyk-manes\/","og_locale":"en_GB","og_type":"article","og_title":"[:lt]\u201cTik nestabdyk man\u0119s\u201d[:] - Skaitytaknyga","og_description":"\u201eTik nestabdyk man\u0119s!\u201c \u2013 knyga apie \u201eBentley Continental GT\u201c, \u201eMazda3\u201c, Galapag\u0173 sal\u0173 v\u0117\u017eli\u0173 psichin\u0119 sveikat\u0105, \u201eFiat Panda\u201c, \u201eLamborghini Gallardo\u201c ir","og_url":"https:\/\/skaitytaknyga.lt\/en\/produktas\/j-clarkson-tik-nestabdyk-manes\/","og_site_name":"Skaitytaknyga","article_publisher":"https:\/\/www.facebook.com\/skaitytaknyga\/","article_modified_time":"2026-03-05T09:41:51+00:00","og_image":[{"width":1544,"height":2432,"url":"https:\/\/skaitytaknyga.lt\/wp-content\/uploads\/2024\/05\/16f72ba4-7237-4807-b176-f971ed7630bb-38907-0000136c3a74f572_file-scaled-1-e1715356104771.jpeg","type":"image\/jpeg"}],"twitter_card":"summary_large_image","schema":{"@context":"https:\/\/schema.org","@graph":[{"@type":"WebPage","@id":"https:\/\/skaitytaknyga.lt\/produktas\/j-clarkson-tik-nestabdyk-manes\/","url":"https:\/\/skaitytaknyga.lt\/produktas\/j-clarkson-tik-nestabdyk-manes\/","name":"\u201cTik nestabdyk man\u0119s\u201d","isPartOf":{"@id":"https:\/\/skaitytaknyga.lt\/#website"},"primaryImageOfPage":{"@id":"https:\/\/skaitytaknyga.lt\/produktas\/j-clarkson-tik-nestabdyk-manes\/#primaryimage"},"image":{"@id":"https:\/\/skaitytaknyga.lt\/produktas\/j-clarkson-tik-nestabdyk-manes\/#primaryimage"},"thumbnailUrl":"https:\/\/skaitytaknyga.lt\/wp-content\/uploads\/2024\/05\/16f72ba4-7237-4807-b176-f971ed7630bb-38907-0000136c3a74f572_file-scaled-1-e1715356104771.jpeg","datePublished":"2024-05-04T19:47:09+00:00","dateModified":"2026-03-05T09:41:51+00:00","description":"\u201eTik nestabdyk man\u0119s!\u201c \u2013 knyga apie \u201eBentley Continental GT\u201c, \u201eMazda3\u201c, Galapag\u0173 sal\u0173 v\u0117\u017eli\u0173 psichin\u0119 sveikat\u0105, \u201eFiat Panda\u201c, \u201eLamborghini Gallardo\u201c ir","breadcrumb":{"@id":"https:\/\/skaitytaknyga.lt\/produktas\/j-clarkson-tik-nestabdyk-manes\/#breadcrumb"},"inLanguage":"en-GB","potentialAction":[{"@type":"ReadAction","target":["https:\/\/skaitytaknyga.lt\/produktas\/j-clarkson-tik-nestabdyk-manes\/"]}]},{"@type":"ImageObject","inLanguage":"en-GB","@id":"https:\/\/skaitytaknyga.lt\/produktas\/j-clarkson-tik-nestabdyk-manes\/#primaryimage","url":"https:\/\/skaitytaknyga.lt\/wp-content\/uploads\/2024\/05\/16f72ba4-7237-4807-b176-f971ed7630bb-38907-0000136c3a74f572_file-scaled-1-e1715356104771.jpeg","contentUrl":"https:\/\/skaitytaknyga.lt\/wp-content\/uploads\/2024\/05\/16f72ba4-7237-4807-b176-f971ed7630bb-38907-0000136c3a74f572_file-scaled-1-e1715356104771.jpeg","width":1544,"height":2432},{"@type":"BreadcrumbList","@id":"https:\/\/skaitytaknyga.lt\/produktas\/j-clarkson-tik-nestabdyk-manes\/#breadcrumb","itemListElement":[{"@type":"ListItem","position":1,"name":"Home","item":"https:\/\/skaitytaknyga.lt\/"},{"@type":"ListItem","position":2,"name":"Parduotuv\u0117","item":"https:\/\/skaitytaknyga.lt\/knygu-parduotuve\/"},{"@type":"ListItem","position":3,"name":"\u201cTik nestabdyk man\u0119s\u201d"}]},{"@type":"WebSite","@id":"https:\/\/skaitytaknyga.lt\/#website","url":"https:\/\/skaitytaknyga.lt\/","name":"skaitytaknyga.lt","description":"Skaitytaknyga.lt \u2013 tai ma\u017eas \u0161eimos verslas, kuris prasid\u0117jo nuo meil\u0117s knygoms ir siekio i\u0161gelb\u0117ti knygas nuo likimo prie konteinerio. Kas vienam nereikalingas daiktas \u2013 kitam lobis, o mes esame tarpininkai, kurie padeda abiems tapti laimingesniems ???? \u017dinome kaip nelengva i\u0161gyventi ma\u017eiems verslams, tad nuo \u0161iol, \u010dia rasite ir kit\u0173, ma\u017e\u0173 \u0161eim\u0173 versl\u0173, rank\u0173 darbo, dovan\u0173 sau ir artimiesiems.","publisher":{"@id":"https:\/\/skaitytaknyga.lt\/#organization"},"potentialAction":[{"@type":"SearchAction","target":{"@type":"EntryPoint","urlTemplate":"https:\/\/skaitytaknyga.lt\/?s={search_term_string}"},"query-input":{"@type":"PropertyValueSpecification","valueRequired":true,"valueName":"search_term_string"}}],"inLanguage":"en-GB"},{"@type":"Organization","@id":"https:\/\/skaitytaknyga.lt\/#organization","name":"skaitytaknyga.lt","url":"https:\/\/skaitytaknyga.lt\/","logo":{"@type":"ImageObject","inLanguage":"en-GB","@id":"https:\/\/skaitytaknyga.lt\/#\/schema\/logo\/image\/","url":"https:\/\/skaitytaknyga.lt\/wp-content\/uploads\/2024\/05\/cropped-cropped-cropped-02_00843_jt3bggkj1j3HLc7SyY6rEUpg.jpeg","contentUrl":"https:\/\/skaitytaknyga.lt\/wp-content\/uploads\/2024\/05\/cropped-cropped-cropped-02_00843_jt3bggkj1j3HLc7SyY6rEUpg.jpeg","width":1600,"height":1600,"caption":"skaitytaknyga.lt"},"image":{"@id":"https:\/\/skaitytaknyga.lt\/#\/schema\/logo\/image\/"},"sameAs":["https:\/\/www.facebook.com\/skaitytaknyga\/"]}]}},"_links":{"self":[{"href":"https:\/\/skaitytaknyga.lt\/en\/wp-json\/wp\/v2\/product\/11511","targetHints":{"allow":["GET"]}}],"collection":[{"href":"https:\/\/skaitytaknyga.lt\/en\/wp-json\/wp\/v2\/product"}],"about":[{"href":"https:\/\/skaitytaknyga.lt\/en\/wp-json\/wp\/v2\/types\/product"}],"replies":[{"embeddable":true,"href":"https:\/\/skaitytaknyga.lt\/en\/wp-json\/wp\/v2\/comments?post=11511"}],"wp:featuredmedia":[{"embeddable":true,"href":"https:\/\/skaitytaknyga.lt\/en\/wp-json\/wp\/v2\/media\/11553"}],"wp:attachment":[{"href":"https:\/\/skaitytaknyga.lt\/en\/wp-json\/wp\/v2\/media?parent=11511"}],"wp:term":[{"taxonomy":"product_brand","embeddable":true,"href":"https:\/\/skaitytaknyga.lt\/en\/wp-json\/wp\/v2\/product_brand?post=11511"},{"taxonomy":"product_cat","embeddable":true,"href":"https:\/\/skaitytaknyga.lt\/en\/wp-json\/wp\/v2\/product_cat?post=11511"},{"taxonomy":"product_tag","embeddable":true,"href":"https:\/\/skaitytaknyga.lt\/en\/wp-json\/wp\/v2\/product_tag?post=11511"}],"curies":[{"name":"wp","href":"https:\/\/api.w.org\/{rel}","templated":true}]}}