{"id":11504,"date":"2024-05-04T19:46:46","date_gmt":"2024-05-04T19:46:46","guid":{"rendered":"https:\/\/skaitytaknyga.lt\/?post_type=product&#038;p=11504"},"modified":"2025-06-26T15:53:04","modified_gmt":"2025-06-26T12:53:04","slug":"kazys-bradunas-liepe-man-buti","status":"publish","type":"product","link":"https:\/\/skaitytaknyga.lt\/en\/produktas\/kazys-bradunas-liepe-man-buti\/","title":{"rendered":"Liep\u0117 man b\u016bti"},"content":{"rendered":"<p>Nacionalin\u0117s kult\u016bros ir meno premijos laureato, poeto, publicisto\u00a0<strong>Kazio Brad\u016bno<\/strong>\u00a0(1917-2009) poezijos rinktin\u0117\u00a0<strong>\u201eLiep\u0117 man b\u016bti&#8221;<\/strong>\u00a0leid\u017eiama minint poeto 100-\u0105sias gimimo metines. Rinktin\u0117s sudarytojas kunigas Julius Sasnauskas.<\/p>\n<p><em>Liep\u0119s b\u016bti \u0161iame pasaulyje, Dievas dovanojo Brad\u016bnui ir tai, ko reikia, kad tas buvimas nepasiklyst\u0173 ir tur\u0117t\u0173 prasm\u0119. Garsi pranc\u016bz\u0173 ra\u0161ytojo Bernanoso fraz\u0117, jog \u201eviskas yra malon\u0117&#8221;, gal\u0117t\u0173 atsirasti ir Brad\u016bno poezijoje. Tiesa, jis nesvarsto, kaip malon\u0117 sudoroja tams\u0105, kaip veikia mirties ir nuod\u0117m\u0117s fone, bet patikliai, vaiki\u0161kai i\u0161pa\u017e\u012fsta, kad Dievas yra i\u0161tikimas ir nelieka abejingas. Tie abu veiksmai vienodai svarb\u016bs, \u0161venti ir pa\u010diam poetui.<\/em><\/p>\n<p>Julius Sasnauskas<\/p>\n","protected":false},"excerpt":{"rendered":"<p>Gyvena nuotykius ir a\u0161trius poj\u016b\u010dius m\u0117gstantis vaikinas. Tai b\u016bsimasis Lietuvos mafijos bosas Audrius Rimgaila.<\/p>\n<p>Jis am\u017einai pakli\u016bna \u012f pavojingas situacijas, j\u012f da\u017eniausiai i\u0161gelb\u0117ja i\u0161tikimas laika Dikas. Audri\u0173 labai myli moterys. Viena kaip tik ir yra i\u0161 mafijos. Ji tampa Rimgailos \u017emona ir atveda \u012f klaid\u017eius ir paslaptingus Kauno mafijos gyvenimo labirintus.<\/p>\n","protected":false},"featured_media":11545,"comment_status":"closed","ping_status":"closed","template":"","meta":{"_acf_changed":false,"site-sidebar-layout":"default","site-content-layout":"","ast-site-content-layout":"default","site-content-style":"default","site-sidebar-style":"default","ast-global-header-display":"","ast-banner-title-visibility":"","ast-main-header-display":"","ast-hfb-above-header-display":"","ast-hfb-below-header-display":"","ast-hfb-mobile-header-display":"","site-post-title":"","ast-breadcrumbs-content":"","ast-featured-img":"","footer-sml-layout":"","ast-disable-related-posts":"","theme-transparent-header-meta":"","adv-header-id-meta":"","stick-header-meta":"","header-above-stick-meta":"","header-main-stick-meta":"","header-below-stick-meta":"","astra-migrate-meta-layouts":"default","ast-page-background-enabled":"default","ast-page-background-meta":{"desktop":{"background-color":"","background-image":"","background-repeat":"repeat","background-position":"center center","background-size":"auto","background-attachment":"scroll","background-type":"","background-media":"","overlay-type":"","overlay-color":"","overlay-opacity":"","overlay-gradient":""},"tablet":{"background-color":"","background-image":"","background-repeat":"repeat","background-position":"center center","background-size":"auto","background-attachment":"scroll","background-type":"","background-media":"","overlay-type":"","overlay-color":"","overlay-opacity":"","overlay-gradient":""},"mobile":{"background-color":"","background-image":"","background-repeat":"repeat","background-position":"center center","background-size":"auto","background-attachment":"scroll","background-type":"","background-media":"","overlay-type":"","overlay-color":"","overlay-opacity":"","overlay-gradient":""}},"ast-content-background-meta":{"desktop":{"background-color":"var(--ast-global-color-4)","background-image":"","background-repeat":"repeat","background-position":"center center","background-size":"auto","background-attachment":"scroll","background-type":"","background-media":"","overlay-type":"","overlay-color":"","overlay-opacity":"","overlay-gradient":""},"tablet":{"background-color":"var(--ast-global-color-4)","background-image":"","background-repeat":"repeat","background-position":"center center","background-size":"auto","background-attachment":"scroll","background-type":"","background-media":"","overlay-type":"","overlay-color":"","overlay-opacity":"","overlay-gradient":""},"mobile":{"background-color":"var(--ast-global-color-4)","background-image":"","background-repeat":"repeat","background-position":"center center","background-size":"auto","background-attachment":"scroll","background-type":"","background-media":"","overlay-type":"","overlay-color":"","overlay-opacity":"","overlay-gradient":""}}},"product_brand":[],"product_cat":[31],"product_tag":[5929,1910,5931,5930,1913],"class_list":{"0":"post-11504","1":"product","2":"type-product","3":"status-publish","4":"has-post-thumbnail","6":"product_cat-grozine-literatura","7":"product_tag-kazys-bradunas","8":"product_tag-lietuviu-poezija","9":"product_tag-nacionalines-premijos-laureatas","10":"product_tag-religine-tematika","11":"product_tag-rinktine","12":"desktop-align-left","13":"tablet-align-left","14":"mobile-align-left","16":"first","17":"instock","18":"shipping-taxable","19":"purchasable","20":"product-type-simple"},"acf":[],"yoast_head":"<!-- This site is optimized with the Yoast SEO plugin v27.0 - https:\/\/yoast.com\/product\/yoast-seo-wordpress\/ -->\n<title>Liep\u0117 man b\u016bti<\/title>\n<meta name=\"description\" content=\"Gyvena nuotykius ir a\u0161trius poj\u016b\u010dius m\u0117gstantis vaikinas. Tai b\u016bsimasis Lietuvos mafijos bosas Audrius Rimgaila.  Jis am\u017einai pakli\u016bna \u012f pavojingas situacijas, j\u012f da\u017eniausiai i\u0161gelb\u0117ja i\u0161tikimas laika Dikas. Audri\u0173 labai myli moterys. Viena kaip tik ir yra i\u0161 mafijos. Ji tampa Rimgailos \u017emona ir atveda \u012f klaid\u017eius ir paslaptingus Kauno mafijos gyvenimo labirintus.\" \/>\n<meta name=\"robots\" content=\"index, follow, max-snippet:-1, max-image-preview:large, max-video-preview:-1\" \/>\n<link rel=\"canonical\" href=\"https:\/\/skaitytaknyga.lt\/en\/produktas\/kazys-bradunas-liepe-man-buti\/\" \/>\n<meta property=\"og:locale\" content=\"en_GB\" \/>\n<meta property=\"og:locale:alternate\" content=\"lt_LT\" \/>\n<meta property=\"og:type\" content=\"article\" \/>\n<meta property=\"og:title\" content=\"Liep\u0117 man b\u016bti\" \/>\n<meta property=\"og:description\" content=\"Gyvena nuotykius ir a\u0161trius poj\u016b\u010dius m\u0117gstantis vaikinas. Tai b\u016bsimasis Lietuvos mafijos bosas Audrius Rimgaila.  Jis am\u017einai pakli\u016bna \u012f pavojingas situacijas, j\u012f da\u017eniausiai i\u0161gelb\u0117ja i\u0161tikimas laika Dikas. Audri\u0173 labai myli moterys. Viena kaip tik ir yra i\u0161 mafijos. Ji tampa Rimgailos \u017emona ir atveda \u012f klaid\u017eius ir paslaptingus Kauno mafijos gyvenimo labirintus.\" \/>\n<meta property=\"og:url\" content=\"https:\/\/skaitytaknyga.lt\/en\/produktas\/kazys-bradunas-liepe-man-buti\/\" \/>\n<meta property=\"og:site_name\" content=\"Skaitytaknyga\" \/>\n<meta property=\"article:publisher\" content=\"https:\/\/www.facebook.com\/skaitytaknyga\/\" \/>\n<meta property=\"article:modified_time\" content=\"2025-06-26T12:53:04+00:00\" \/>\n<meta property=\"og:image\" content=\"https:\/\/skaitytaknyga.lt\/wp-content\/uploads\/2024\/05\/Be-pavadinimo-23.png\" \/>\n\t<meta property=\"og:image:width\" content=\"297\" \/>\n\t<meta property=\"og:image:height\" content=\"461\" \/>\n\t<meta property=\"og:image:type\" content=\"image\/png\" \/>\n<meta name=\"twitter:card\" content=\"summary_large_image\" \/>\n<meta name=\"twitter:label1\" content=\"Estimated reading time\" \/>\n\t<meta name=\"twitter:data1\" content=\"1 minute\" \/>\n<script type=\"application\/ld+json\" class=\"yoast-schema-graph\">{\"@context\":\"https:\/\/schema.org\",\"@graph\":[{\"@type\":\"WebPage\",\"@id\":\"https:\/\/skaitytaknyga.lt\/produktas\/kazys-bradunas-liepe-man-buti\/\",\"url\":\"https:\/\/skaitytaknyga.lt\/produktas\/kazys-bradunas-liepe-man-buti\/\",\"name\":\"Liep\u0117 man b\u016bti\",\"isPartOf\":{\"@id\":\"https:\/\/skaitytaknyga.lt\/#website\"},\"primaryImageOfPage\":{\"@id\":\"https:\/\/skaitytaknyga.lt\/produktas\/kazys-bradunas-liepe-man-buti\/#primaryimage\"},\"image\":{\"@id\":\"https:\/\/skaitytaknyga.lt\/produktas\/kazys-bradunas-liepe-man-buti\/#primaryimage\"},\"thumbnailUrl\":\"https:\/\/skaitytaknyga.lt\/wp-content\/uploads\/2024\/05\/Be-pavadinimo-23.png\",\"datePublished\":\"2024-05-04T19:46:46+00:00\",\"dateModified\":\"2025-06-26T12:53:04+00:00\",\"description\":\"Gyvena nuotykius ir a\u0161trius poj\u016b\u010dius m\u0117gstantis vaikinas. Tai b\u016bsimasis Lietuvos mafijos bosas Audrius Rimgaila. Jis am\u017einai pakli\u016bna \u012f pavojingas situacijas, j\u012f da\u017eniausiai i\u0161gelb\u0117ja i\u0161tikimas laika Dikas. Audri\u0173 labai myli moterys. Viena kaip tik ir yra i\u0161 mafijos. Ji tampa Rimgailos \u017emona ir atveda \u012f klaid\u017eius ir paslaptingus Kauno mafijos gyvenimo labirintus.\",\"breadcrumb\":{\"@id\":\"https:\/\/skaitytaknyga.lt\/produktas\/kazys-bradunas-liepe-man-buti\/#breadcrumb\"},\"inLanguage\":\"en-GB\",\"potentialAction\":[{\"@type\":\"ReadAction\",\"target\":[\"https:\/\/skaitytaknyga.lt\/produktas\/kazys-bradunas-liepe-man-buti\/\"]}]},{\"@type\":\"ImageObject\",\"inLanguage\":\"en-GB\",\"@id\":\"https:\/\/skaitytaknyga.lt\/produktas\/kazys-bradunas-liepe-man-buti\/#primaryimage\",\"url\":\"https:\/\/skaitytaknyga.lt\/wp-content\/uploads\/2024\/05\/Be-pavadinimo-23.png\",\"contentUrl\":\"https:\/\/skaitytaknyga.lt\/wp-content\/uploads\/2024\/05\/Be-pavadinimo-23.png\",\"width\":297,\"height\":461},{\"@type\":\"BreadcrumbList\",\"@id\":\"https:\/\/skaitytaknyga.lt\/produktas\/kazys-bradunas-liepe-man-buti\/#breadcrumb\",\"itemListElement\":[{\"@type\":\"ListItem\",\"position\":1,\"name\":\"Home\",\"item\":\"https:\/\/skaitytaknyga.lt\/\"},{\"@type\":\"ListItem\",\"position\":2,\"name\":\"Parduotuv\u0117\",\"item\":\"https:\/\/skaitytaknyga.lt\/knygu-parduotuve\/\"},{\"@type\":\"ListItem\",\"position\":3,\"name\":\"Liep\u0117 man b\u016bti\"}]},{\"@type\":\"WebSite\",\"@id\":\"https:\/\/skaitytaknyga.lt\/#website\",\"url\":\"https:\/\/skaitytaknyga.lt\/\",\"name\":\"skaitytaknyga.lt\",\"description\":\"Skaitytaknyga.lt \u2013 tai ma\u017eas \u0161eimos verslas, kuris prasid\u0117jo nuo meil\u0117s knygoms ir siekio i\u0161gelb\u0117ti knygas nuo likimo prie konteinerio. Kas vienam nereikalingas daiktas \u2013 kitam lobis, o mes esame tarpininkai, kurie padeda abiems tapti laimingesniems ???? \u017dinome kaip nelengva i\u0161gyventi ma\u017eiems verslams, tad nuo \u0161iol, \u010dia rasite ir kit\u0173, ma\u017e\u0173 \u0161eim\u0173 versl\u0173, rank\u0173 darbo, dovan\u0173 sau ir artimiesiems.\",\"publisher\":{\"@id\":\"https:\/\/skaitytaknyga.lt\/#organization\"},\"potentialAction\":[{\"@type\":\"SearchAction\",\"target\":{\"@type\":\"EntryPoint\",\"urlTemplate\":\"https:\/\/skaitytaknyga.lt\/?s={search_term_string}\"},\"query-input\":{\"@type\":\"PropertyValueSpecification\",\"valueRequired\":true,\"valueName\":\"search_term_string\"}}],\"inLanguage\":\"en-GB\"},{\"@type\":\"Organization\",\"@id\":\"https:\/\/skaitytaknyga.lt\/#organization\",\"name\":\"skaitytaknyga.lt\",\"url\":\"https:\/\/skaitytaknyga.lt\/\",\"logo\":{\"@type\":\"ImageObject\",\"inLanguage\":\"en-GB\",\"@id\":\"https:\/\/skaitytaknyga.lt\/#\/schema\/logo\/image\/\",\"url\":\"https:\/\/skaitytaknyga.lt\/wp-content\/uploads\/2024\/05\/cropped-cropped-cropped-02_00843_jt3bggkj1j3HLc7SyY6rEUpg.jpeg\",\"contentUrl\":\"https:\/\/skaitytaknyga.lt\/wp-content\/uploads\/2024\/05\/cropped-cropped-cropped-02_00843_jt3bggkj1j3HLc7SyY6rEUpg.jpeg\",\"width\":1600,\"height\":1600,\"caption\":\"skaitytaknyga.lt\"},\"image\":{\"@id\":\"https:\/\/skaitytaknyga.lt\/#\/schema\/logo\/image\/\"},\"sameAs\":[\"https:\/\/www.facebook.com\/skaitytaknyga\/\"]}]}<\/script>\n<!-- \/ Yoast SEO plugin. -->","yoast_head_json":{"title":"Liep\u0117 man b\u016bti","description":"Gyvena nuotykius ir a\u0161trius poj\u016b\u010dius m\u0117gstantis vaikinas. Tai b\u016bsimasis Lietuvos mafijos bosas Audrius Rimgaila.  Jis am\u017einai pakli\u016bna \u012f pavojingas situacijas, j\u012f da\u017eniausiai i\u0161gelb\u0117ja i\u0161tikimas laika Dikas. Audri\u0173 labai myli moterys. Viena kaip tik ir yra i\u0161 mafijos. Ji tampa Rimgailos \u017emona ir atveda \u012f klaid\u017eius ir paslaptingus Kauno mafijos gyvenimo labirintus.","robots":{"index":"index","follow":"follow","max-snippet":"max-snippet:-1","max-image-preview":"max-image-preview:large","max-video-preview":"max-video-preview:-1"},"canonical":"https:\/\/skaitytaknyga.lt\/en\/produktas\/kazys-bradunas-liepe-man-buti\/","og_locale":"en_GB","og_type":"article","og_title":"[:lt]Liep\u0117 man b\u016bti[:] - Skaitytaknyga","og_description":"Gyvena nuotykius ir a\u0161trius poj\u016b\u010dius m\u0117gstantis vaikinas. Tai b\u016bsimasis Lietuvos mafijos bosas Audrius Rimgaila.  Jis am\u017einai pakli\u016bna \u012f pavojingas situacijas, j\u012f da\u017eniausiai i\u0161gelb\u0117ja i\u0161tikimas laika Dikas. Audri\u0173 labai myli moterys. Viena kaip tik ir yra i\u0161 mafijos. Ji tampa Rimgailos \u017emona ir atveda \u012f klaid\u017eius ir paslaptingus Kauno mafijos gyvenimo labirintus.","og_url":"https:\/\/skaitytaknyga.lt\/en\/produktas\/kazys-bradunas-liepe-man-buti\/","og_site_name":"Skaitytaknyga","article_publisher":"https:\/\/www.facebook.com\/skaitytaknyga\/","article_modified_time":"2025-06-26T12:53:04+00:00","og_image":[{"width":297,"height":461,"url":"https:\/\/skaitytaknyga.lt\/wp-content\/uploads\/2024\/05\/Be-pavadinimo-23.png","type":"image\/png"}],"twitter_card":"summary_large_image","twitter_misc":{"Estimated reading time":"1 minute"},"schema":{"@context":"https:\/\/schema.org","@graph":[{"@type":"WebPage","@id":"https:\/\/skaitytaknyga.lt\/produktas\/kazys-bradunas-liepe-man-buti\/","url":"https:\/\/skaitytaknyga.lt\/produktas\/kazys-bradunas-liepe-man-buti\/","name":"Liep\u0117 man b\u016bti","isPartOf":{"@id":"https:\/\/skaitytaknyga.lt\/#website"},"primaryImageOfPage":{"@id":"https:\/\/skaitytaknyga.lt\/produktas\/kazys-bradunas-liepe-man-buti\/#primaryimage"},"image":{"@id":"https:\/\/skaitytaknyga.lt\/produktas\/kazys-bradunas-liepe-man-buti\/#primaryimage"},"thumbnailUrl":"https:\/\/skaitytaknyga.lt\/wp-content\/uploads\/2024\/05\/Be-pavadinimo-23.png","datePublished":"2024-05-04T19:46:46+00:00","dateModified":"2025-06-26T12:53:04+00:00","description":"Gyvena nuotykius ir a\u0161trius poj\u016b\u010dius m\u0117gstantis vaikinas. Tai b\u016bsimasis Lietuvos mafijos bosas Audrius Rimgaila. Jis am\u017einai pakli\u016bna \u012f pavojingas situacijas, j\u012f da\u017eniausiai i\u0161gelb\u0117ja i\u0161tikimas laika Dikas. Audri\u0173 labai myli moterys. Viena kaip tik ir yra i\u0161 mafijos. Ji tampa Rimgailos \u017emona ir atveda \u012f klaid\u017eius ir paslaptingus Kauno mafijos gyvenimo labirintus.","breadcrumb":{"@id":"https:\/\/skaitytaknyga.lt\/produktas\/kazys-bradunas-liepe-man-buti\/#breadcrumb"},"inLanguage":"en-GB","potentialAction":[{"@type":"ReadAction","target":["https:\/\/skaitytaknyga.lt\/produktas\/kazys-bradunas-liepe-man-buti\/"]}]},{"@type":"ImageObject","inLanguage":"en-GB","@id":"https:\/\/skaitytaknyga.lt\/produktas\/kazys-bradunas-liepe-man-buti\/#primaryimage","url":"https:\/\/skaitytaknyga.lt\/wp-content\/uploads\/2024\/05\/Be-pavadinimo-23.png","contentUrl":"https:\/\/skaitytaknyga.lt\/wp-content\/uploads\/2024\/05\/Be-pavadinimo-23.png","width":297,"height":461},{"@type":"BreadcrumbList","@id":"https:\/\/skaitytaknyga.lt\/produktas\/kazys-bradunas-liepe-man-buti\/#breadcrumb","itemListElement":[{"@type":"ListItem","position":1,"name":"Home","item":"https:\/\/skaitytaknyga.lt\/"},{"@type":"ListItem","position":2,"name":"Parduotuv\u0117","item":"https:\/\/skaitytaknyga.lt\/knygu-parduotuve\/"},{"@type":"ListItem","position":3,"name":"Liep\u0117 man b\u016bti"}]},{"@type":"WebSite","@id":"https:\/\/skaitytaknyga.lt\/#website","url":"https:\/\/skaitytaknyga.lt\/","name":"skaitytaknyga.lt","description":"Skaitytaknyga.lt \u2013 tai ma\u017eas \u0161eimos verslas, kuris prasid\u0117jo nuo meil\u0117s knygoms ir siekio i\u0161gelb\u0117ti knygas nuo likimo prie konteinerio. Kas vienam nereikalingas daiktas \u2013 kitam lobis, o mes esame tarpininkai, kurie padeda abiems tapti laimingesniems ???? \u017dinome kaip nelengva i\u0161gyventi ma\u017eiems verslams, tad nuo \u0161iol, \u010dia rasite ir kit\u0173, ma\u017e\u0173 \u0161eim\u0173 versl\u0173, rank\u0173 darbo, dovan\u0173 sau ir artimiesiems.","publisher":{"@id":"https:\/\/skaitytaknyga.lt\/#organization"},"potentialAction":[{"@type":"SearchAction","target":{"@type":"EntryPoint","urlTemplate":"https:\/\/skaitytaknyga.lt\/?s={search_term_string}"},"query-input":{"@type":"PropertyValueSpecification","valueRequired":true,"valueName":"search_term_string"}}],"inLanguage":"en-GB"},{"@type":"Organization","@id":"https:\/\/skaitytaknyga.lt\/#organization","name":"skaitytaknyga.lt","url":"https:\/\/skaitytaknyga.lt\/","logo":{"@type":"ImageObject","inLanguage":"en-GB","@id":"https:\/\/skaitytaknyga.lt\/#\/schema\/logo\/image\/","url":"https:\/\/skaitytaknyga.lt\/wp-content\/uploads\/2024\/05\/cropped-cropped-cropped-02_00843_jt3bggkj1j3HLc7SyY6rEUpg.jpeg","contentUrl":"https:\/\/skaitytaknyga.lt\/wp-content\/uploads\/2024\/05\/cropped-cropped-cropped-02_00843_jt3bggkj1j3HLc7SyY6rEUpg.jpeg","width":1600,"height":1600,"caption":"skaitytaknyga.lt"},"image":{"@id":"https:\/\/skaitytaknyga.lt\/#\/schema\/logo\/image\/"},"sameAs":["https:\/\/www.facebook.com\/skaitytaknyga\/"]}]}},"_links":{"self":[{"href":"https:\/\/skaitytaknyga.lt\/en\/wp-json\/wp\/v2\/product\/11504","targetHints":{"allow":["GET"]}}],"collection":[{"href":"https:\/\/skaitytaknyga.lt\/en\/wp-json\/wp\/v2\/product"}],"about":[{"href":"https:\/\/skaitytaknyga.lt\/en\/wp-json\/wp\/v2\/types\/product"}],"replies":[{"embeddable":true,"href":"https:\/\/skaitytaknyga.lt\/en\/wp-json\/wp\/v2\/comments?post=11504"}],"wp:featuredmedia":[{"embeddable":true,"href":"https:\/\/skaitytaknyga.lt\/en\/wp-json\/wp\/v2\/media\/11545"}],"wp:attachment":[{"href":"https:\/\/skaitytaknyga.lt\/en\/wp-json\/wp\/v2\/media?parent=11504"}],"wp:term":[{"taxonomy":"product_brand","embeddable":true,"href":"https:\/\/skaitytaknyga.lt\/en\/wp-json\/wp\/v2\/product_brand?post=11504"},{"taxonomy":"product_cat","embeddable":true,"href":"https:\/\/skaitytaknyga.lt\/en\/wp-json\/wp\/v2\/product_cat?post=11504"},{"taxonomy":"product_tag","embeddable":true,"href":"https:\/\/skaitytaknyga.lt\/en\/wp-json\/wp\/v2\/product_tag?post=11504"}],"curies":[{"name":"wp","href":"https:\/\/api.w.org\/{rel}","templated":true}]}}