{"id":11503,"date":"2024-05-04T22:46:46","date_gmt":"2024-05-04T19:46:46","guid":{"rendered":"https:\/\/skaitytaknyga.lt\/?post_type=product&#038;p=11503"},"modified":"2025-12-03T20:46:16","modified_gmt":"2025-12-03T18:46:16","slug":"bruce-h-lipton-steve-bhaerman-spontaniska-evoliucija","status":"publish","type":"product","link":"https:\/\/skaitytaknyga.lt\/en\/produktas\/bruce-h-lipton-steve-bhaerman-spontaniska-evoliucija\/","title":{"rendered":"Bruce H. Lipton, Steve Bhaerman \u201eSpontani\u0161ka evoliucija\u201c"},"content":{"rendered":"<p>EVOLICIUJA DAR NESIBAIG\u0116.<\/p>\n<p>U\u017dGIMSTA NAUJAS PASAULIS, KURIO PAMATAI BUS NE BAIM\u0116 IR KOVA, O MEIL\u0116.<\/p>\n<p>T\u0104 PASAUL\u012e MES KURIAME VISI DRAUGE!<\/p>\n<p>Neseniai u\u017egim\u0117 naujas mokslas, kuris griauna senus mitus ir perra\u0161o civilizacijos istorij\u0105. Tai mokslas, kuris pakeis m\u016bs\u0173 likimus. Vienas jo k\u016br\u0117j\u0173 yra novatori\u0161kas biologas ir populiarus ra\u0161ytojas Briusas Liptonas (Bruce Lipton). Lietuvos skaitytojai jau tur\u0117jo prog\u0105 susipa\u017einti su originaliu stiliumi para\u0161yta jo knyga\u00a0TIK\u0116JIMO BIOLOGIJA.<\/p>\n<p>Knyg\u0105 \u201eSpontani\u0161ka evoliucija\u201c Briusas Liptonas para\u0161\u0117 kartu su bendraautoriumi, politikos filosofu, ap\u017evalgininku ir humoristu Stivu Bermanu (Steve Bhaerman). Esmin\u0117 knygos id\u0117ja ta, kad varomoji evoliucijos j\u0117ga yra ne r\u016b\u0161i\u0173 kova d\u0117l i\u0161likimo, o j\u0173 pastangos bendradarbiauti. Ta\u010diau \u017emonij\u0105 kol kas valdo pas\u0105moninga programa, kuri skatina mus tarpusavyje kovoti ir var\u017eytis \u2013 \u0161tai kokia yra \u0161iandienini\u0173 pasaulini\u0173 krizi\u0173 prie\u017eastis. Laimei, egzistuoja modelis, pad\u0117siantis \u0161ias krizes \u012fveikti. \u0160is modelis tiesiogine \u0161i\u0173 \u017eod\u017ei\u0173 prasme esame mes patys \u2013 tai trilijonai m\u016bs\u0173 k\u016bnus sudaran\u010di\u0173 l\u0105steli\u0173. Jei \u017emon\u0117s i\u0161mokt\u0173 sutarti tarpusavyje taip, kaip tai daro l\u0105stel\u0117s, daugumos \u0161iandienini\u0173 pasaulio problem\u0173 nelikt\u0173!<\/p>\n","protected":false},"excerpt":{"rendered":"<p>&#8220;Man, kaip ir tau, buvo lemta ateiti \u012f pasaul\u012f, d\u017eiaugtis aplinkos \u0161iluma, jos dosnumu. Mes abudu vartojame t\u0105 pat\u012f vanden\u012f, kv\u0117puojame tuo pa\u010diu oru, mus maitina ta pati \u017eem\u0117. Mes artimi, tik skiriam\u0117s vardais, tavo &#8211; \u017emogus, mano &#8211; medis&#8221;.<\/p>\n","protected":false},"featured_media":11544,"comment_status":"closed","ping_status":"closed","template":"","meta":{"_acf_changed":false,"site-sidebar-layout":"default","site-content-layout":"","ast-site-content-layout":"default","site-content-style":"default","site-sidebar-style":"default","ast-global-header-display":"","ast-banner-title-visibility":"","ast-main-header-display":"","ast-hfb-above-header-display":"","ast-hfb-below-header-display":"","ast-hfb-mobile-header-display":"","site-post-title":"","ast-breadcrumbs-content":"","ast-featured-img":"","footer-sml-layout":"","ast-disable-related-posts":"","theme-transparent-header-meta":"","adv-header-id-meta":"","stick-header-meta":"","header-above-stick-meta":"","header-main-stick-meta":"","header-below-stick-meta":"","astra-migrate-meta-layouts":"default","ast-page-background-enabled":"default","ast-page-background-meta":{"desktop":{"background-color":"","background-image":"","background-repeat":"repeat","background-position":"center center","background-size":"auto","background-attachment":"scroll","background-type":"","background-media":"","overlay-type":"","overlay-color":"","overlay-opacity":"","overlay-gradient":""},"tablet":{"background-color":"","background-image":"","background-repeat":"repeat","background-position":"center center","background-size":"auto","background-attachment":"scroll","background-type":"","background-media":"","overlay-type":"","overlay-color":"","overlay-opacity":"","overlay-gradient":""},"mobile":{"background-color":"","background-image":"","background-repeat":"repeat","background-position":"center center","background-size":"auto","background-attachment":"scroll","background-type":"","background-media":"","overlay-type":"","overlay-color":"","overlay-opacity":"","overlay-gradient":""}},"ast-content-background-meta":{"desktop":{"background-color":"var(--ast-global-color-4)","background-image":"","background-repeat":"repeat","background-position":"center center","background-size":"auto","background-attachment":"scroll","background-type":"","background-media":"","overlay-type":"","overlay-color":"","overlay-opacity":"","overlay-gradient":""},"tablet":{"background-color":"var(--ast-global-color-4)","background-image":"","background-repeat":"repeat","background-position":"center center","background-size":"auto","background-attachment":"scroll","background-type":"","background-media":"","overlay-type":"","overlay-color":"","overlay-opacity":"","overlay-gradient":""},"mobile":{"background-color":"var(--ast-global-color-4)","background-image":"","background-repeat":"repeat","background-position":"center center","background-size":"auto","background-attachment":"scroll","background-type":"","background-media":"","overlay-type":"","overlay-color":"","overlay-opacity":"","overlay-gradient":""}}},"product_brand":[],"product_cat":[269],"product_tag":[],"class_list":{"0":"post-11503","1":"product","2":"type-product","3":"status-publish","4":"has-post-thumbnail","6":"product_cat-gamtos-mokslai","7":"pa_leidimo-metai-636","8":"desktop-align-left","9":"tablet-align-left","10":"mobile-align-left","12":"first","13":"outofstock","14":"shipping-taxable","15":"purchasable","16":"product-type-simple"},"acf":[],"yoast_head":"<!-- This site is optimized with the Yoast SEO plugin v27.4 - https:\/\/yoast.com\/product\/yoast-seo-wordpress\/ -->\n<title>Bruce H. Lipton, Steve Bhaerman \u201eSpontani\u0161ka evoliucija\u201c<\/title>\n<meta name=\"description\" content=\"&quot;Man, kaip ir tau, buvo lemta ateiti \u012f pasaul\u012f, d\u017eiaugtis aplinkos \u0161iluma, jos dosnumu. Mes abudu vartojame t\u0105 pat\u012f vanden\u012f, kv\u0117puojame tuo pa\u010diu oru, mus maitina ta pati \u017eem\u0117. Mes artimi, tik skiriam\u0117s vardais, tavo - \u017emogus, mano - medis&quot;.\" \/>\n<meta name=\"robots\" content=\"index, follow, max-snippet:-1, max-image-preview:large, max-video-preview:-1\" \/>\n<link rel=\"canonical\" href=\"https:\/\/skaitytaknyga.lt\/en\/produktas\/bruce-h-lipton-steve-bhaerman-spontaniska-evoliucija\/\" \/>\n<meta property=\"og:locale\" content=\"en_GB\" \/>\n<meta property=\"og:locale:alternate\" content=\"lt_LT\" \/>\n<meta property=\"og:type\" content=\"article\" \/>\n<meta property=\"og:title\" content=\"Bruce H. Lipton, Steve Bhaerman \u201eSpontani\u0161ka evoliucija\u201c\" \/>\n<meta property=\"og:description\" content=\"&quot;Man, kaip ir tau, buvo lemta ateiti \u012f pasaul\u012f, d\u017eiaugtis aplinkos \u0161iluma, jos dosnumu. Mes abudu vartojame t\u0105 pat\u012f vanden\u012f, kv\u0117puojame tuo pa\u010diu oru, mus maitina ta pati \u017eem\u0117. Mes artimi, tik skiriam\u0117s vardais, tavo - \u017emogus, mano - medis&quot;.\" \/>\n<meta property=\"og:url\" content=\"https:\/\/skaitytaknyga.lt\/en\/produktas\/bruce-h-lipton-steve-bhaerman-spontaniska-evoliucija\/\" \/>\n<meta property=\"og:site_name\" content=\"Skaitytaknyga\" \/>\n<meta property=\"article:publisher\" content=\"https:\/\/www.facebook.com\/skaitytaknyga\/\" \/>\n<meta property=\"article:modified_time\" content=\"2025-12-03T18:46:16+00:00\" \/>\n<meta property=\"og:image\" content=\"https:\/\/skaitytaknyga.lt\/wp-content\/uploads\/2024\/05\/Spontaniska-Evoliucija-Lipton4.jpg\" \/>\n\t<meta property=\"og:image:width\" content=\"1009\" \/>\n\t<meta property=\"og:image:height\" content=\"800\" \/>\n\t<meta property=\"og:image:type\" content=\"image\/jpeg\" \/>\n<meta name=\"twitter:card\" content=\"summary_large_image\" \/>\n<meta name=\"twitter:label1\" content=\"Estimated reading time\" \/>\n\t<meta name=\"twitter:data1\" content=\"1 minute\" \/>\n<script type=\"application\/ld+json\" class=\"yoast-schema-graph\">{\"@context\":\"https:\\\/\\\/schema.org\",\"@graph\":[{\"@type\":\"WebPage\",\"@id\":\"https:\\\/\\\/skaitytaknyga.lt\\\/produktas\\\/bruce-h-lipton-steve-bhaerman-spontaniska-evoliucija\\\/\",\"url\":\"https:\\\/\\\/skaitytaknyga.lt\\\/produktas\\\/bruce-h-lipton-steve-bhaerman-spontaniska-evoliucija\\\/\",\"name\":\"Bruce H. Lipton, Steve Bhaerman \u201eSpontani\u0161ka evoliucija\u201c\",\"isPartOf\":{\"@id\":\"https:\\\/\\\/skaitytaknyga.lt\\\/#website\"},\"primaryImageOfPage\":{\"@id\":\"https:\\\/\\\/skaitytaknyga.lt\\\/produktas\\\/bruce-h-lipton-steve-bhaerman-spontaniska-evoliucija\\\/#primaryimage\"},\"image\":{\"@id\":\"https:\\\/\\\/skaitytaknyga.lt\\\/produktas\\\/bruce-h-lipton-steve-bhaerman-spontaniska-evoliucija\\\/#primaryimage\"},\"thumbnailUrl\":\"https:\\\/\\\/skaitytaknyga.lt\\\/wp-content\\\/uploads\\\/2024\\\/05\\\/Spontaniska-Evoliucija-Lipton4.jpg\",\"datePublished\":\"2024-05-04T19:46:46+00:00\",\"dateModified\":\"2025-12-03T18:46:16+00:00\",\"description\":\"\\\"Man, kaip ir tau, buvo lemta ateiti \u012f pasaul\u012f, d\u017eiaugtis aplinkos \u0161iluma, jos dosnumu. Mes abudu vartojame t\u0105 pat\u012f vanden\u012f, kv\u0117puojame tuo pa\u010diu oru, mus maitina ta pati \u017eem\u0117. Mes artimi, tik skiriam\u0117s vardais, tavo - \u017emogus, mano - medis\\\".\",\"breadcrumb\":{\"@id\":\"https:\\\/\\\/skaitytaknyga.lt\\\/produktas\\\/bruce-h-lipton-steve-bhaerman-spontaniska-evoliucija\\\/#breadcrumb\"},\"inLanguage\":\"en-GB\",\"potentialAction\":[{\"@type\":\"ReadAction\",\"target\":[\"https:\\\/\\\/skaitytaknyga.lt\\\/produktas\\\/bruce-h-lipton-steve-bhaerman-spontaniska-evoliucija\\\/\"]}]},{\"@type\":\"ImageObject\",\"inLanguage\":\"en-GB\",\"@id\":\"https:\\\/\\\/skaitytaknyga.lt\\\/produktas\\\/bruce-h-lipton-steve-bhaerman-spontaniska-evoliucija\\\/#primaryimage\",\"url\":\"https:\\\/\\\/skaitytaknyga.lt\\\/wp-content\\\/uploads\\\/2024\\\/05\\\/Spontaniska-Evoliucija-Lipton4.jpg\",\"contentUrl\":\"https:\\\/\\\/skaitytaknyga.lt\\\/wp-content\\\/uploads\\\/2024\\\/05\\\/Spontaniska-Evoliucija-Lipton4.jpg\",\"width\":1009,\"height\":800},{\"@type\":\"BreadcrumbList\",\"@id\":\"https:\\\/\\\/skaitytaknyga.lt\\\/produktas\\\/bruce-h-lipton-steve-bhaerman-spontaniska-evoliucija\\\/#breadcrumb\",\"itemListElement\":[{\"@type\":\"ListItem\",\"position\":1,\"name\":\"Home\",\"item\":\"https:\\\/\\\/skaitytaknyga.lt\\\/\"},{\"@type\":\"ListItem\",\"position\":2,\"name\":\"Parduotuv\u0117\",\"item\":\"https:\\\/\\\/skaitytaknyga.lt\\\/knygu-parduotuve\\\/\"},{\"@type\":\"ListItem\",\"position\":3,\"name\":\"Bruce H. Lipton, Steve Bhaerman \u201eSpontani\u0161ka evoliucija\u201c\"}]},{\"@type\":\"WebSite\",\"@id\":\"https:\\\/\\\/skaitytaknyga.lt\\\/#website\",\"url\":\"https:\\\/\\\/skaitytaknyga.lt\\\/\",\"name\":\"skaitytaknyga.lt\",\"description\":\"Skaitytaknyga.lt \u2013 tai ma\u017eas \u0161eimos verslas, kuris prasid\u0117jo nuo meil\u0117s knygoms ir siekio i\u0161gelb\u0117ti knygas nuo likimo prie konteinerio. Kas vienam nereikalingas daiktas \u2013 kitam lobis, o mes esame tarpininkai, kurie padeda abiems tapti laimingesniems ???? \u017dinome kaip nelengva i\u0161gyventi ma\u017eiems verslams, tad nuo \u0161iol, \u010dia rasite ir kit\u0173, ma\u017e\u0173 \u0161eim\u0173 versl\u0173, rank\u0173 darbo, dovan\u0173 sau ir artimiesiems.\",\"publisher\":{\"@id\":\"https:\\\/\\\/skaitytaknyga.lt\\\/#organization\"},\"potentialAction\":[{\"@type\":\"SearchAction\",\"target\":{\"@type\":\"EntryPoint\",\"urlTemplate\":\"https:\\\/\\\/skaitytaknyga.lt\\\/?s={search_term_string}\"},\"query-input\":{\"@type\":\"PropertyValueSpecification\",\"valueRequired\":true,\"valueName\":\"search_term_string\"}}],\"inLanguage\":\"en-GB\"},{\"@type\":\"Organization\",\"@id\":\"https:\\\/\\\/skaitytaknyga.lt\\\/#organization\",\"name\":\"skaitytaknyga.lt\",\"url\":\"https:\\\/\\\/skaitytaknyga.lt\\\/\",\"logo\":{\"@type\":\"ImageObject\",\"inLanguage\":\"en-GB\",\"@id\":\"https:\\\/\\\/skaitytaknyga.lt\\\/#\\\/schema\\\/logo\\\/image\\\/\",\"url\":\"https:\\\/\\\/skaitytaknyga.lt\\\/wp-content\\\/uploads\\\/2024\\\/05\\\/cropped-cropped-cropped-02_00843_jt3bggkj1j3HLc7SyY6rEUpg.jpeg\",\"contentUrl\":\"https:\\\/\\\/skaitytaknyga.lt\\\/wp-content\\\/uploads\\\/2024\\\/05\\\/cropped-cropped-cropped-02_00843_jt3bggkj1j3HLc7SyY6rEUpg.jpeg\",\"width\":1600,\"height\":1600,\"caption\":\"skaitytaknyga.lt\"},\"image\":{\"@id\":\"https:\\\/\\\/skaitytaknyga.lt\\\/#\\\/schema\\\/logo\\\/image\\\/\"},\"sameAs\":[\"https:\\\/\\\/www.facebook.com\\\/skaitytaknyga\\\/\"]}]}<\/script>\n<!-- \/ Yoast SEO plugin. -->","yoast_head_json":{"title":"Bruce H. Lipton, Steve Bhaerman \u201eSpontani\u0161ka evoliucija\u201c","description":"\"Man, kaip ir tau, buvo lemta ateiti \u012f pasaul\u012f, d\u017eiaugtis aplinkos \u0161iluma, jos dosnumu. Mes abudu vartojame t\u0105 pat\u012f vanden\u012f, kv\u0117puojame tuo pa\u010diu oru, mus maitina ta pati \u017eem\u0117. Mes artimi, tik skiriam\u0117s vardais, tavo - \u017emogus, mano - medis\".","robots":{"index":"index","follow":"follow","max-snippet":"max-snippet:-1","max-image-preview":"max-image-preview:large","max-video-preview":"max-video-preview:-1"},"canonical":"https:\/\/skaitytaknyga.lt\/en\/produktas\/bruce-h-lipton-steve-bhaerman-spontaniska-evoliucija\/","og_locale":"en_GB","og_type":"article","og_title":"[:lt]Bruce H. Lipton, Steve Bhaerman \u201eSpontani\u0161ka evoliucija\u201c[:] - Skaitytaknyga","og_description":"\"Man, kaip ir tau, buvo lemta ateiti \u012f pasaul\u012f, d\u017eiaugtis aplinkos \u0161iluma, jos dosnumu. Mes abudu vartojame t\u0105 pat\u012f vanden\u012f, kv\u0117puojame tuo pa\u010diu oru, mus maitina ta pati \u017eem\u0117. Mes artimi, tik skiriam\u0117s vardais, tavo - \u017emogus, mano - medis\".","og_url":"https:\/\/skaitytaknyga.lt\/en\/produktas\/bruce-h-lipton-steve-bhaerman-spontaniska-evoliucija\/","og_site_name":"Skaitytaknyga","article_publisher":"https:\/\/www.facebook.com\/skaitytaknyga\/","article_modified_time":"2025-12-03T18:46:16+00:00","og_image":[{"width":1009,"height":800,"url":"https:\/\/skaitytaknyga.lt\/wp-content\/uploads\/2024\/05\/Spontaniska-Evoliucija-Lipton4.jpg","type":"image\/jpeg"}],"twitter_card":"summary_large_image","twitter_misc":{"Estimated reading time":"1 minute"},"schema":{"@context":"https:\/\/schema.org","@graph":[{"@type":"WebPage","@id":"https:\/\/skaitytaknyga.lt\/produktas\/bruce-h-lipton-steve-bhaerman-spontaniska-evoliucija\/","url":"https:\/\/skaitytaknyga.lt\/produktas\/bruce-h-lipton-steve-bhaerman-spontaniska-evoliucija\/","name":"Bruce H. Lipton, Steve Bhaerman \u201eSpontani\u0161ka evoliucija\u201c","isPartOf":{"@id":"https:\/\/skaitytaknyga.lt\/#website"},"primaryImageOfPage":{"@id":"https:\/\/skaitytaknyga.lt\/produktas\/bruce-h-lipton-steve-bhaerman-spontaniska-evoliucija\/#primaryimage"},"image":{"@id":"https:\/\/skaitytaknyga.lt\/produktas\/bruce-h-lipton-steve-bhaerman-spontaniska-evoliucija\/#primaryimage"},"thumbnailUrl":"https:\/\/skaitytaknyga.lt\/wp-content\/uploads\/2024\/05\/Spontaniska-Evoliucija-Lipton4.jpg","datePublished":"2024-05-04T19:46:46+00:00","dateModified":"2025-12-03T18:46:16+00:00","description":"\"Man, kaip ir tau, buvo lemta ateiti \u012f pasaul\u012f, d\u017eiaugtis aplinkos \u0161iluma, jos dosnumu. Mes abudu vartojame t\u0105 pat\u012f vanden\u012f, kv\u0117puojame tuo pa\u010diu oru, mus maitina ta pati \u017eem\u0117. Mes artimi, tik skiriam\u0117s vardais, tavo - \u017emogus, mano - medis\".","breadcrumb":{"@id":"https:\/\/skaitytaknyga.lt\/produktas\/bruce-h-lipton-steve-bhaerman-spontaniska-evoliucija\/#breadcrumb"},"inLanguage":"en-GB","potentialAction":[{"@type":"ReadAction","target":["https:\/\/skaitytaknyga.lt\/produktas\/bruce-h-lipton-steve-bhaerman-spontaniska-evoliucija\/"]}]},{"@type":"ImageObject","inLanguage":"en-GB","@id":"https:\/\/skaitytaknyga.lt\/produktas\/bruce-h-lipton-steve-bhaerman-spontaniska-evoliucija\/#primaryimage","url":"https:\/\/skaitytaknyga.lt\/wp-content\/uploads\/2024\/05\/Spontaniska-Evoliucija-Lipton4.jpg","contentUrl":"https:\/\/skaitytaknyga.lt\/wp-content\/uploads\/2024\/05\/Spontaniska-Evoliucija-Lipton4.jpg","width":1009,"height":800},{"@type":"BreadcrumbList","@id":"https:\/\/skaitytaknyga.lt\/produktas\/bruce-h-lipton-steve-bhaerman-spontaniska-evoliucija\/#breadcrumb","itemListElement":[{"@type":"ListItem","position":1,"name":"Home","item":"https:\/\/skaitytaknyga.lt\/"},{"@type":"ListItem","position":2,"name":"Parduotuv\u0117","item":"https:\/\/skaitytaknyga.lt\/knygu-parduotuve\/"},{"@type":"ListItem","position":3,"name":"Bruce H. Lipton, Steve Bhaerman \u201eSpontani\u0161ka evoliucija\u201c"}]},{"@type":"WebSite","@id":"https:\/\/skaitytaknyga.lt\/#website","url":"https:\/\/skaitytaknyga.lt\/","name":"skaitytaknyga.lt","description":"Skaitytaknyga.lt \u2013 tai ma\u017eas \u0161eimos verslas, kuris prasid\u0117jo nuo meil\u0117s knygoms ir siekio i\u0161gelb\u0117ti knygas nuo likimo prie konteinerio. Kas vienam nereikalingas daiktas \u2013 kitam lobis, o mes esame tarpininkai, kurie padeda abiems tapti laimingesniems ???? \u017dinome kaip nelengva i\u0161gyventi ma\u017eiems verslams, tad nuo \u0161iol, \u010dia rasite ir kit\u0173, ma\u017e\u0173 \u0161eim\u0173 versl\u0173, rank\u0173 darbo, dovan\u0173 sau ir artimiesiems.","publisher":{"@id":"https:\/\/skaitytaknyga.lt\/#organization"},"potentialAction":[{"@type":"SearchAction","target":{"@type":"EntryPoint","urlTemplate":"https:\/\/skaitytaknyga.lt\/?s={search_term_string}"},"query-input":{"@type":"PropertyValueSpecification","valueRequired":true,"valueName":"search_term_string"}}],"inLanguage":"en-GB"},{"@type":"Organization","@id":"https:\/\/skaitytaknyga.lt\/#organization","name":"skaitytaknyga.lt","url":"https:\/\/skaitytaknyga.lt\/","logo":{"@type":"ImageObject","inLanguage":"en-GB","@id":"https:\/\/skaitytaknyga.lt\/#\/schema\/logo\/image\/","url":"https:\/\/skaitytaknyga.lt\/wp-content\/uploads\/2024\/05\/cropped-cropped-cropped-02_00843_jt3bggkj1j3HLc7SyY6rEUpg.jpeg","contentUrl":"https:\/\/skaitytaknyga.lt\/wp-content\/uploads\/2024\/05\/cropped-cropped-cropped-02_00843_jt3bggkj1j3HLc7SyY6rEUpg.jpeg","width":1600,"height":1600,"caption":"skaitytaknyga.lt"},"image":{"@id":"https:\/\/skaitytaknyga.lt\/#\/schema\/logo\/image\/"},"sameAs":["https:\/\/www.facebook.com\/skaitytaknyga\/"]}]}},"_links":{"self":[{"href":"https:\/\/skaitytaknyga.lt\/en\/wp-json\/wp\/v2\/product\/11503","targetHints":{"allow":["GET"]}}],"collection":[{"href":"https:\/\/skaitytaknyga.lt\/en\/wp-json\/wp\/v2\/product"}],"about":[{"href":"https:\/\/skaitytaknyga.lt\/en\/wp-json\/wp\/v2\/types\/product"}],"replies":[{"embeddable":true,"href":"https:\/\/skaitytaknyga.lt\/en\/wp-json\/wp\/v2\/comments?post=11503"}],"wp:featuredmedia":[{"embeddable":true,"href":"https:\/\/skaitytaknyga.lt\/en\/wp-json\/wp\/v2\/media\/11544"}],"wp:attachment":[{"href":"https:\/\/skaitytaknyga.lt\/en\/wp-json\/wp\/v2\/media?parent=11503"}],"wp:term":[{"taxonomy":"product_brand","embeddable":true,"href":"https:\/\/skaitytaknyga.lt\/en\/wp-json\/wp\/v2\/product_brand?post=11503"},{"taxonomy":"product_cat","embeddable":true,"href":"https:\/\/skaitytaknyga.lt\/en\/wp-json\/wp\/v2\/product_cat?post=11503"},{"taxonomy":"product_tag","embeddable":true,"href":"https:\/\/skaitytaknyga.lt\/en\/wp-json\/wp\/v2\/product_tag?post=11503"}],"curies":[{"name":"wp","href":"https:\/\/api.w.org\/{rel}","templated":true}]}}