{"id":11482,"date":"2024-05-04T19:46:23","date_gmt":"2024-05-04T19:46:23","guid":{"rendered":"https:\/\/skaitytaknyga.lt\/?post_type=product&#038;p=11482"},"modified":"2024-05-04T19:47:48","modified_gmt":"2024-05-04T19:47:48","slug":"gerard-depardieu-gurmano-knyga","status":"publish","type":"product","link":"https:\/\/skaitytaknyga.lt\/en\/produktas\/gerard-depardieu-gurmano-knyga\/","title":{"rendered":"Gerard Depardieu \u201eGurmano knyga\u201c"},"content":{"rendered":"<p>Vaikyst\u0117je m\u016bs\u0173 namuose m\u0117sos b\u016bdavo tik pirm\u0105j\u0105 m\u0117nesio savait\u0119. Patiekalai b\u016bdavo kukl\u016bs, ta\u010diau t\u0117tis juos paruo\u0161davo su did\u017eiule fantazija, o man niekas nepraslysdavo pro akis. \u0160eima \u012fskiepijo pagarb\u0105 maistui, tod\u0117l iki \u0161iol nepaken\u010diu \u0161vaistymo ir visada stengiuosi nei\u0161mesti nieko, kas yra valgoma. Man labiausiai patinka paprastai paruo\u0161iami valgiai. Stengiuosi i\u0161 vis\u0173 produkt\u0173 pagaminti tai, kas geriausia, tod\u0117l renkuosi tuos produktus, kurie yra \u0161vie\u017ei ir sveiki. Paruo\u0161ti gerus pietus galima nei\u0161leid\u017eiant daug pinig\u0173. Para\u0161yti recept\u0173 knyg\u0105 \u2013 rimtas i\u0161\u0161\u016bkis. Tai ne tik nauj\u0173 recept\u0173 rinkinys. Noriu jums papasakoti istorijas, slypin\u010dias u\u017e \u010dia u\u017era\u0161yt\u0173 recept\u0173. Vis\u0105 gyvenim\u0105 dom\u0117jausi valgymo ir g\u0117rimo kult\u016bra, nor\u0117jau tapti m\u0117sininku, ta\u010diau tapau aktoriumi ir Pary\u017eiaus centre atidariau savo restoran\u0105 La Fontaine Gaillon. Virimas man teikia tiek pat malonumo, kaip ir gero vyno taur\u0117. Gav\u0119s prog\u0105 paruo\u0161ti valg\u012f savo \u0161eimai, vaikams ar draugams, jau\u010diuosi laimingiausias pasaulyje \u017emogus. Virimas stipriai susij\u0119s su meile, o meil\u0117je gl\u016bdi mil\u017eini\u0161ka j\u0117ga.<\/p>\n","protected":false},"excerpt":{"rendered":"<p>Vaikyst\u0117je m\u016bs\u0173 namuose m\u0117sos b\u016bdavo tik pirm\u0105j\u0105 m\u0117nesio savait\u0119. Patiekalai b\u016bdavo kukl\u016bs, ta\u010diau t\u0117tis juos paruo\u0161davo su did\u017eiule fantazija, o man niekas nepraslysdavo pro akis. \u0160eima \u012fskiepijo pagarb\u0105 maistui, tod\u0117l iki \u0161iol nepaken\u010diu \u0161vaistymo ir visada stengiuosi nei\u0161mesti nieko, kas yra valgoma. Man labiausiai patinka paprastai paruo\u0161iami valgiai. Stengiuosi i\u0161 vis\u0173 produkt\u0173 pagaminti tai, kas geriausia, tod\u0117l renkuosi tuos produktus, kurie yra \u0161vie\u017ei ir sveiki. Paruo\u0161ti gerus pietus galima nei\u0161leid\u017eiant daug pinig\u0173. Para\u0161yti recept\u0173 knyg\u0105 \u2013 rimtas i\u0161\u0161\u016bkis. Tai ne tik nauj\u0173 recept\u0173 rinkinys. Noriu jums papasakoti istorijas, slypin\u010dias u\u017e \u010dia u\u017era\u0161yt\u0173 recept\u0173. Vis\u0105 gyvenim\u0105 dom\u0117jausi valgymo ir g\u0117rimo kult\u016bra, nor\u0117jau tapti m\u0117sininku, ta\u010diau tapau aktoriumi ir Pary\u017eiaus centre atidariau savo restoran\u0105 La Fontaine Gaillon. Virimas man teikia tiek pat malonumo, kaip ir gero vyno taur\u0117. Gav\u0119s prog\u0105 paruo\u0161ti valg\u012f savo \u0161eimai, vaikams ar draugams, jau\u010diuosi laimingiausias pasaulyje \u017emogus. Virimas stipriai susij\u0119s su meile, o meil\u0117je gl\u016bdi mil\u017eini\u0161ka j\u0117ga.<\/p>\n","protected":false},"featured_media":11526,"comment_status":"closed","ping_status":"closed","template":"","meta":{"_acf_changed":false,"site-sidebar-layout":"default","site-content-layout":"","ast-site-content-layout":"default","site-content-style":"default","site-sidebar-style":"default","ast-global-header-display":"","ast-banner-title-visibility":"","ast-main-header-display":"","ast-hfb-above-header-display":"","ast-hfb-below-header-display":"","ast-hfb-mobile-header-display":"","site-post-title":"","ast-breadcrumbs-content":"","ast-featured-img":"","footer-sml-layout":"","ast-disable-related-posts":"","theme-transparent-header-meta":"","adv-header-id-meta":"","stick-header-meta":"","header-above-stick-meta":"","header-main-stick-meta":"","header-below-stick-meta":"","astra-migrate-meta-layouts":"default","ast-page-background-enabled":"default","ast-page-background-meta":{"desktop":{"background-color":"","background-image":"","background-repeat":"repeat","background-position":"center center","background-size":"auto","background-attachment":"scroll","background-type":"","background-media":"","overlay-type":"","overlay-color":"","overlay-opacity":"","overlay-gradient":""},"tablet":{"background-color":"","background-image":"","background-repeat":"repeat","background-position":"center center","background-size":"auto","background-attachment":"scroll","background-type":"","background-media":"","overlay-type":"","overlay-color":"","overlay-opacity":"","overlay-gradient":""},"mobile":{"background-color":"","background-image":"","background-repeat":"repeat","background-position":"center center","background-size":"auto","background-attachment":"scroll","background-type":"","background-media":"","overlay-type":"","overlay-color":"","overlay-opacity":"","overlay-gradient":""}},"ast-content-background-meta":{"desktop":{"background-color":"var(--ast-global-color-4)","background-image":"","background-repeat":"repeat","background-position":"center center","background-size":"auto","background-attachment":"scroll","background-type":"","background-media":"","overlay-type":"","overlay-color":"","overlay-opacity":"","overlay-gradient":""},"tablet":{"background-color":"var(--ast-global-color-4)","background-image":"","background-repeat":"repeat","background-position":"center center","background-size":"auto","background-attachment":"scroll","background-type":"","background-media":"","overlay-type":"","overlay-color":"","overlay-opacity":"","overlay-gradient":""},"mobile":{"background-color":"var(--ast-global-color-4)","background-image":"","background-repeat":"repeat","background-position":"center center","background-size":"auto","background-attachment":"scroll","background-type":"","background-media":"","overlay-type":"","overlay-color":"","overlay-opacity":"","overlay-gradient":""}}},"product_brand":[],"product_cat":[58],"product_tag":[],"class_list":{"0":"post-11482","1":"product","2":"type-product","3":"status-publish","4":"has-post-thumbnail","6":"product_cat-receptai","7":"desktop-align-left","8":"tablet-align-left","9":"mobile-align-left","11":"first","12":"instock","13":"shipping-taxable","14":"purchasable","15":"product-type-simple"},"acf":[],"yoast_head":"<!-- This site is optimized with the Yoast SEO plugin v27.0 - https:\/\/yoast.com\/product\/yoast-seo-wordpress\/ -->\n<title>Gerard Depardieu \u201eGurmano knyga\u201c - Skaitytaknyga<\/title>\n<meta name=\"description\" content=\"Vaikyst\u0117je m\u016bs\u0173 namuose m\u0117sos b\u016bdavo tik pirm\u0105j\u0105 m\u0117nesio savait\u0119. Patiekalai b\u016bdavo kukl\u016bs, ta\u010diau t\u0117tis juos paruo\u0161davo su did\u017eiule fantazija, o man\" \/>\n<meta name=\"robots\" content=\"index, follow, max-snippet:-1, max-image-preview:large, max-video-preview:-1\" \/>\n<link rel=\"canonical\" href=\"https:\/\/skaitytaknyga.lt\/en\/produktas\/gerard-depardieu-gurmano-knyga\/\" \/>\n<meta property=\"og:locale\" content=\"en_GB\" \/>\n<meta property=\"og:locale:alternate\" content=\"lt_LT\" \/>\n<meta property=\"og:type\" content=\"article\" \/>\n<meta property=\"og:title\" content=\"Gerard Depardieu \u201eGurmano knyga\u201c - Skaitytaknyga\" \/>\n<meta property=\"og:description\" content=\"Vaikyst\u0117je m\u016bs\u0173 namuose m\u0117sos b\u016bdavo tik pirm\u0105j\u0105 m\u0117nesio savait\u0119. Patiekalai b\u016bdavo kukl\u016bs, ta\u010diau t\u0117tis juos paruo\u0161davo su did\u017eiule fantazija, o man\" \/>\n<meta property=\"og:url\" content=\"https:\/\/skaitytaknyga.lt\/en\/produktas\/gerard-depardieu-gurmano-knyga\/\" \/>\n<meta property=\"og:site_name\" content=\"Skaitytaknyga\" \/>\n<meta property=\"article:publisher\" content=\"https:\/\/www.facebook.com\/skaitytaknyga\/\" \/>\n<meta property=\"article:modified_time\" content=\"2024-05-04T19:47:48+00:00\" \/>\n<meta property=\"og:image\" content=\"https:\/\/skaitytaknyga.lt\/wp-content\/uploads\/2024\/05\/gurmano-knyga-e1699089228282.jpg\" \/>\n\t<meta property=\"og:image:width\" content=\"1027\" \/>\n\t<meta property=\"og:image:height\" content=\"1396\" \/>\n\t<meta property=\"og:image:type\" content=\"image\/jpeg\" \/>\n<meta name=\"twitter:card\" content=\"summary_large_image\" \/>\n<meta name=\"twitter:label1\" content=\"Estimated reading time\" \/>\n\t<meta name=\"twitter:data1\" content=\"1 minute\" \/>\n<script type=\"application\/ld+json\" class=\"yoast-schema-graph\">{\"@context\":\"https:\/\/schema.org\",\"@graph\":[{\"@type\":\"WebPage\",\"@id\":\"https:\/\/skaitytaknyga.lt\/produktas\/gerard-depardieu-gurmano-knyga\/\",\"url\":\"https:\/\/skaitytaknyga.lt\/produktas\/gerard-depardieu-gurmano-knyga\/\",\"name\":\"Gerard Depardieu \u201eGurmano knyga\u201c - Skaitytaknyga\",\"isPartOf\":{\"@id\":\"https:\/\/skaitytaknyga.lt\/#website\"},\"primaryImageOfPage\":{\"@id\":\"https:\/\/skaitytaknyga.lt\/produktas\/gerard-depardieu-gurmano-knyga\/#primaryimage\"},\"image\":{\"@id\":\"https:\/\/skaitytaknyga.lt\/produktas\/gerard-depardieu-gurmano-knyga\/#primaryimage\"},\"thumbnailUrl\":\"https:\/\/skaitytaknyga.lt\/wp-content\/uploads\/2024\/05\/gurmano-knyga-e1699089228282.jpg\",\"datePublished\":\"2024-05-04T19:46:23+00:00\",\"dateModified\":\"2024-05-04T19:47:48+00:00\",\"description\":\"Vaikyst\u0117je m\u016bs\u0173 namuose m\u0117sos b\u016bdavo tik pirm\u0105j\u0105 m\u0117nesio savait\u0119. Patiekalai b\u016bdavo kukl\u016bs, ta\u010diau t\u0117tis juos paruo\u0161davo su did\u017eiule fantazija, o man\",\"breadcrumb\":{\"@id\":\"https:\/\/skaitytaknyga.lt\/produktas\/gerard-depardieu-gurmano-knyga\/#breadcrumb\"},\"inLanguage\":\"en-GB\",\"potentialAction\":[{\"@type\":\"ReadAction\",\"target\":[\"https:\/\/skaitytaknyga.lt\/produktas\/gerard-depardieu-gurmano-knyga\/\"]}]},{\"@type\":\"ImageObject\",\"inLanguage\":\"en-GB\",\"@id\":\"https:\/\/skaitytaknyga.lt\/produktas\/gerard-depardieu-gurmano-knyga\/#primaryimage\",\"url\":\"https:\/\/skaitytaknyga.lt\/wp-content\/uploads\/2024\/05\/gurmano-knyga-e1699089228282.jpg\",\"contentUrl\":\"https:\/\/skaitytaknyga.lt\/wp-content\/uploads\/2024\/05\/gurmano-knyga-e1699089228282.jpg\",\"width\":1027,\"height\":1396},{\"@type\":\"BreadcrumbList\",\"@id\":\"https:\/\/skaitytaknyga.lt\/produktas\/gerard-depardieu-gurmano-knyga\/#breadcrumb\",\"itemListElement\":[{\"@type\":\"ListItem\",\"position\":1,\"name\":\"Home\",\"item\":\"https:\/\/skaitytaknyga.lt\/\"},{\"@type\":\"ListItem\",\"position\":2,\"name\":\"Parduotuv\u0117\",\"item\":\"https:\/\/skaitytaknyga.lt\/knygu-parduotuve\/\"},{\"@type\":\"ListItem\",\"position\":3,\"name\":\"Gerard Depardieu \u201eGurmano knyga\u201c\"}]},{\"@type\":\"WebSite\",\"@id\":\"https:\/\/skaitytaknyga.lt\/#website\",\"url\":\"https:\/\/skaitytaknyga.lt\/\",\"name\":\"skaitytaknyga.lt\",\"description\":\"Skaitytaknyga.lt \u2013 tai ma\u017eas \u0161eimos verslas, kuris prasid\u0117jo nuo meil\u0117s knygoms ir siekio i\u0161gelb\u0117ti knygas nuo likimo prie konteinerio. Kas vienam nereikalingas daiktas \u2013 kitam lobis, o mes esame tarpininkai, kurie padeda abiems tapti laimingesniems ???? \u017dinome kaip nelengva i\u0161gyventi ma\u017eiems verslams, tad nuo \u0161iol, \u010dia rasite ir kit\u0173, ma\u017e\u0173 \u0161eim\u0173 versl\u0173, rank\u0173 darbo, dovan\u0173 sau ir artimiesiems.\",\"publisher\":{\"@id\":\"https:\/\/skaitytaknyga.lt\/#organization\"},\"potentialAction\":[{\"@type\":\"SearchAction\",\"target\":{\"@type\":\"EntryPoint\",\"urlTemplate\":\"https:\/\/skaitytaknyga.lt\/?s={search_term_string}\"},\"query-input\":{\"@type\":\"PropertyValueSpecification\",\"valueRequired\":true,\"valueName\":\"search_term_string\"}}],\"inLanguage\":\"en-GB\"},{\"@type\":\"Organization\",\"@id\":\"https:\/\/skaitytaknyga.lt\/#organization\",\"name\":\"skaitytaknyga.lt\",\"url\":\"https:\/\/skaitytaknyga.lt\/\",\"logo\":{\"@type\":\"ImageObject\",\"inLanguage\":\"en-GB\",\"@id\":\"https:\/\/skaitytaknyga.lt\/#\/schema\/logo\/image\/\",\"url\":\"https:\/\/skaitytaknyga.lt\/wp-content\/uploads\/2024\/05\/cropped-cropped-cropped-02_00843_jt3bggkj1j3HLc7SyY6rEUpg.jpeg\",\"contentUrl\":\"https:\/\/skaitytaknyga.lt\/wp-content\/uploads\/2024\/05\/cropped-cropped-cropped-02_00843_jt3bggkj1j3HLc7SyY6rEUpg.jpeg\",\"width\":1600,\"height\":1600,\"caption\":\"skaitytaknyga.lt\"},\"image\":{\"@id\":\"https:\/\/skaitytaknyga.lt\/#\/schema\/logo\/image\/\"},\"sameAs\":[\"https:\/\/www.facebook.com\/skaitytaknyga\/\"]}]}<\/script>\n<!-- \/ Yoast SEO plugin. -->","yoast_head_json":{"title":"Gerard Depardieu \u201eGurmano knyga\u201c - Skaitytaknyga","description":"Vaikyst\u0117je m\u016bs\u0173 namuose m\u0117sos b\u016bdavo tik pirm\u0105j\u0105 m\u0117nesio savait\u0119. Patiekalai b\u016bdavo kukl\u016bs, ta\u010diau t\u0117tis juos paruo\u0161davo su did\u017eiule fantazija, o man","robots":{"index":"index","follow":"follow","max-snippet":"max-snippet:-1","max-image-preview":"max-image-preview:large","max-video-preview":"max-video-preview:-1"},"canonical":"https:\/\/skaitytaknyga.lt\/en\/produktas\/gerard-depardieu-gurmano-knyga\/","og_locale":"en_GB","og_type":"article","og_title":"Gerard Depardieu \u201eGurmano knyga\u201c - Skaitytaknyga","og_description":"Vaikyst\u0117je m\u016bs\u0173 namuose m\u0117sos b\u016bdavo tik pirm\u0105j\u0105 m\u0117nesio savait\u0119. Patiekalai b\u016bdavo kukl\u016bs, ta\u010diau t\u0117tis juos paruo\u0161davo su did\u017eiule fantazija, o man","og_url":"https:\/\/skaitytaknyga.lt\/en\/produktas\/gerard-depardieu-gurmano-knyga\/","og_site_name":"Skaitytaknyga","article_publisher":"https:\/\/www.facebook.com\/skaitytaknyga\/","article_modified_time":"2024-05-04T19:47:48+00:00","og_image":[{"width":1027,"height":1396,"url":"https:\/\/skaitytaknyga.lt\/wp-content\/uploads\/2024\/05\/gurmano-knyga-e1699089228282.jpg","type":"image\/jpeg"}],"twitter_card":"summary_large_image","twitter_misc":{"Estimated reading time":"1 minute"},"schema":{"@context":"https:\/\/schema.org","@graph":[{"@type":"WebPage","@id":"https:\/\/skaitytaknyga.lt\/produktas\/gerard-depardieu-gurmano-knyga\/","url":"https:\/\/skaitytaknyga.lt\/produktas\/gerard-depardieu-gurmano-knyga\/","name":"Gerard Depardieu \u201eGurmano knyga\u201c - Skaitytaknyga","isPartOf":{"@id":"https:\/\/skaitytaknyga.lt\/#website"},"primaryImageOfPage":{"@id":"https:\/\/skaitytaknyga.lt\/produktas\/gerard-depardieu-gurmano-knyga\/#primaryimage"},"image":{"@id":"https:\/\/skaitytaknyga.lt\/produktas\/gerard-depardieu-gurmano-knyga\/#primaryimage"},"thumbnailUrl":"https:\/\/skaitytaknyga.lt\/wp-content\/uploads\/2024\/05\/gurmano-knyga-e1699089228282.jpg","datePublished":"2024-05-04T19:46:23+00:00","dateModified":"2024-05-04T19:47:48+00:00","description":"Vaikyst\u0117je m\u016bs\u0173 namuose m\u0117sos b\u016bdavo tik pirm\u0105j\u0105 m\u0117nesio savait\u0119. Patiekalai b\u016bdavo kukl\u016bs, ta\u010diau t\u0117tis juos paruo\u0161davo su did\u017eiule fantazija, o man","breadcrumb":{"@id":"https:\/\/skaitytaknyga.lt\/produktas\/gerard-depardieu-gurmano-knyga\/#breadcrumb"},"inLanguage":"en-GB","potentialAction":[{"@type":"ReadAction","target":["https:\/\/skaitytaknyga.lt\/produktas\/gerard-depardieu-gurmano-knyga\/"]}]},{"@type":"ImageObject","inLanguage":"en-GB","@id":"https:\/\/skaitytaknyga.lt\/produktas\/gerard-depardieu-gurmano-knyga\/#primaryimage","url":"https:\/\/skaitytaknyga.lt\/wp-content\/uploads\/2024\/05\/gurmano-knyga-e1699089228282.jpg","contentUrl":"https:\/\/skaitytaknyga.lt\/wp-content\/uploads\/2024\/05\/gurmano-knyga-e1699089228282.jpg","width":1027,"height":1396},{"@type":"BreadcrumbList","@id":"https:\/\/skaitytaknyga.lt\/produktas\/gerard-depardieu-gurmano-knyga\/#breadcrumb","itemListElement":[{"@type":"ListItem","position":1,"name":"Home","item":"https:\/\/skaitytaknyga.lt\/"},{"@type":"ListItem","position":2,"name":"Parduotuv\u0117","item":"https:\/\/skaitytaknyga.lt\/knygu-parduotuve\/"},{"@type":"ListItem","position":3,"name":"Gerard Depardieu \u201eGurmano knyga\u201c"}]},{"@type":"WebSite","@id":"https:\/\/skaitytaknyga.lt\/#website","url":"https:\/\/skaitytaknyga.lt\/","name":"skaitytaknyga.lt","description":"Skaitytaknyga.lt \u2013 tai ma\u017eas \u0161eimos verslas, kuris prasid\u0117jo nuo meil\u0117s knygoms ir siekio i\u0161gelb\u0117ti knygas nuo likimo prie konteinerio. Kas vienam nereikalingas daiktas \u2013 kitam lobis, o mes esame tarpininkai, kurie padeda abiems tapti laimingesniems ???? \u017dinome kaip nelengva i\u0161gyventi ma\u017eiems verslams, tad nuo \u0161iol, \u010dia rasite ir kit\u0173, ma\u017e\u0173 \u0161eim\u0173 versl\u0173, rank\u0173 darbo, dovan\u0173 sau ir artimiesiems.","publisher":{"@id":"https:\/\/skaitytaknyga.lt\/#organization"},"potentialAction":[{"@type":"SearchAction","target":{"@type":"EntryPoint","urlTemplate":"https:\/\/skaitytaknyga.lt\/?s={search_term_string}"},"query-input":{"@type":"PropertyValueSpecification","valueRequired":true,"valueName":"search_term_string"}}],"inLanguage":"en-GB"},{"@type":"Organization","@id":"https:\/\/skaitytaknyga.lt\/#organization","name":"skaitytaknyga.lt","url":"https:\/\/skaitytaknyga.lt\/","logo":{"@type":"ImageObject","inLanguage":"en-GB","@id":"https:\/\/skaitytaknyga.lt\/#\/schema\/logo\/image\/","url":"https:\/\/skaitytaknyga.lt\/wp-content\/uploads\/2024\/05\/cropped-cropped-cropped-02_00843_jt3bggkj1j3HLc7SyY6rEUpg.jpeg","contentUrl":"https:\/\/skaitytaknyga.lt\/wp-content\/uploads\/2024\/05\/cropped-cropped-cropped-02_00843_jt3bggkj1j3HLc7SyY6rEUpg.jpeg","width":1600,"height":1600,"caption":"skaitytaknyga.lt"},"image":{"@id":"https:\/\/skaitytaknyga.lt\/#\/schema\/logo\/image\/"},"sameAs":["https:\/\/www.facebook.com\/skaitytaknyga\/"]}]}},"_links":{"self":[{"href":"https:\/\/skaitytaknyga.lt\/en\/wp-json\/wp\/v2\/product\/11482","targetHints":{"allow":["GET"]}}],"collection":[{"href":"https:\/\/skaitytaknyga.lt\/en\/wp-json\/wp\/v2\/product"}],"about":[{"href":"https:\/\/skaitytaknyga.lt\/en\/wp-json\/wp\/v2\/types\/product"}],"replies":[{"embeddable":true,"href":"https:\/\/skaitytaknyga.lt\/en\/wp-json\/wp\/v2\/comments?post=11482"}],"wp:featuredmedia":[{"embeddable":true,"href":"https:\/\/skaitytaknyga.lt\/en\/wp-json\/wp\/v2\/media\/11526"}],"wp:attachment":[{"href":"https:\/\/skaitytaknyga.lt\/en\/wp-json\/wp\/v2\/media?parent=11482"}],"wp:term":[{"taxonomy":"product_brand","embeddable":true,"href":"https:\/\/skaitytaknyga.lt\/en\/wp-json\/wp\/v2\/product_brand?post=11482"},{"taxonomy":"product_cat","embeddable":true,"href":"https:\/\/skaitytaknyga.lt\/en\/wp-json\/wp\/v2\/product_cat?post=11482"},{"taxonomy":"product_tag","embeddable":true,"href":"https:\/\/skaitytaknyga.lt\/en\/wp-json\/wp\/v2\/product_tag?post=11482"}],"curies":[{"name":"wp","href":"https:\/\/api.w.org\/{rel}","templated":true}]}}