{"id":11481,"date":"2024-05-04T19:46:23","date_gmt":"2024-05-04T19:46:23","guid":{"rendered":"https:\/\/skaitytaknyga.lt\/?post_type=product&#038;p=11481"},"modified":"2024-05-04T19:47:38","modified_gmt":"2024-05-04T19:47:38","slug":"angelina-zalatoriene-apie-tave-ir-tavo-zvaigzde-planetos-ir-ju-itaka-zmogaus-gyvenimui","status":"publish","type":"product","link":"https:\/\/skaitytaknyga.lt\/en\/produktas\/angelina-zalatoriene-apie-tave-ir-tavo-zvaigzde-planetos-ir-ju-itaka-zmogaus-gyvenimui\/","title":{"rendered":"Angelina Zalatorien\u0117 \u201eAPIE TAVE IR TAVO \u017dVAIG\u017dD\u0118: planetos ir j\u0173 \u012ftaka \u017emogaus gyvenimui\u201c"},"content":{"rendered":"<div class=\"tab-content col-xs-12\">\n<div id=\"tab-description\" class=\"tab-pane active\">\n<div class=\"content-product-midde clearfix\">\n<div class=\"producttab \">\n<div class=\"tabsslider horizontal-tabs col-xs-12\">\n<div class=\"tab-content col-xs-12\">\n<div id=\"tab-description\" class=\"tab-pane active\">\n<div id=\"collapse-description\" class=\"desc-collapse\">\n<p>Per \u017evaig\u017edes \u2013 kit\u0173 ir sav\u0119s link.<\/p>\n<p>Koks esu? Kaip atrodau kitiems? Koks nor\u0117\u010diau b\u016bti? Nuo \u0161i\u0173 klausim\u0173 prasideda kelias \u012f save. Tai \u017eymios astrolog\u0117s\u00a0<strong>Angelinos Zalatorien\u0117s<\/strong>\u00a0knyga ne tik&#8230; astrologijos gerb\u0117jams. Ji leis geriau pa\u017einti save ir kitus, lengviau priimti savo ir kit\u0173 savitum\u0105, skirtingum\u0105. Taigi \u2013 laisviau ir d\u017eiaugsmingiau gyventi. \u010cia rasite informacijos apie dangaus k\u016bn\u0173 poveik\u012f \u017emogui ir daugyb\u0119 prakti\u0161kai pritaikom\u0173 Vakar\u0173 bei Ryt\u0173 medicinos, \u012fskaitant psichologij\u0105, \u017eini\u0173, pad\u0117sian\u010di\u0173 b\u016bti fizi\u0161kai bei emoci\u0161kai sveikiems ir laimingiems.<\/p>\n<p>Pragmati\u0161ki \u017emon\u0117s gaus galyb\u0119 lengvai \u012fgyvendinam\u0173 gamtos moksl\u0173 daktar\u0117s patarim\u0173, kaip gyventi, k\u0105 valgyti ir gerti, kad b\u016bt\u0173 visapusi\u0161kai sveiki, o pasijut\u0119 pras\u010diau kuo grei\u010diau pasveikt\u0173. Vyrai gal\u0117s geriau pa\u017einti moteris, moterys \u2013 v yrus, t\u0117vai \u2013 vaikus, gimin\u0117s \u2013 giminai\u010dius, draugai \u2013 draugus, bendradarbiai \u2013 kolegas. O svarbiausia \u2013 kiekvienas save.<\/p>\n<p>\u201eAr i\u0161 ties\u0173 \u0161i knyga apie TAVE? Apie Tave. Ir ne tik. \u010cia susitiksi su savo artimaisiais ir bendradarbiais, mylimaisiais ir tariamais prie\u0161ais. Jei perskait\u0119s knyg\u0105 bent \u0161iek tiek susim\u0105stysi, tapsi atlaidesnis kitiems ir reiklesnis sau, visi b\u016bsim laimingesni.&#8221;<\/p>\n<p>Angelina Zalatorien\u0117<\/p>\n<\/div>\n<\/div>\n<\/div>\n<\/div>\n<\/div>\n<\/div>\n<div class=\"content-product-bottom clearfix\"><\/div>\n<\/div>\n<\/div>\n","protected":false},"excerpt":{"rendered":"<p>Per \u017evaig\u017edes \u2013 kit\u0173 ir sav\u0119s link. Koks esu? Kaip atrodau kitiems? Koks nor\u0117\u010diau b\u016bti? Nuo \u0161i\u0173 klausim\u0173 prasideda kelias \u012f save. Tai \u017eymios astrolog\u0117s\u00a0Angelinos Zalatorien\u0117s\u00a0knyga ne tik&#8230; astrologijos gerb\u0117jams. Ji leis geriau pa\u017einti save ir kitus, lengviau priimti savo ir kit\u0173 savitum\u0105, skirtingum\u0105. Taigi \u2013 laisviau ir d\u017eiaugsmingiau gyventi. \u010cia rasite informacijos apie dangaus k\u016bn\u0173 poveik\u012f \u017emogui ir daugyb\u0119 prakti\u0161kai pritaikom\u0173 Vakar\u0173 bei Ryt\u0173 medicinos, \u012fskaitant psichologij\u0105, \u017eini\u0173, pad\u0117sian\u010di\u0173 b\u016bti fizi\u0161kai bei emoci\u0161kai sveikiems ir laimingiems. Pragmati\u0161ki \u017emon\u0117s gaus galyb\u0119 lengvai \u012fgyvendinam\u0173 gamtos moksl\u0173 daktar\u0117s patarim\u0173, kaip gyventi, k\u0105 valgyti ir gerti, kad b\u016bt\u0173 visapusi\u0161kai sveiki, o pasijut\u0119 pras\u010diau kuo grei\u010diau pasveikt\u0173. Vyrai gal\u0117s geriau pa\u017einti moteris, moterys \u2013 v yrus, t\u0117vai \u2013 vaikus, gimin\u0117s \u2013 giminai\u010dius, draugai \u2013 draugus, bendradarbiai \u2013 kolegas. O svarbiausia \u2013 kiekvienas save. \u201eAr i\u0161 ties\u0173 \u0161i knyga apie TAVE? Apie Tave. Ir ne tik. \u010cia susitiksi su savo artimaisiais ir bendradarbiais, mylimaisiais ir tariamais prie\u0161ais. Jei perskait\u0119s knyg\u0105 bent \u0161iek tiek susim\u0105stysi, tapsi atlaidesnis kitiems ir reiklesnis sau, visi b\u016bsim laimingesni.&#8221; Angelina Zalatorien\u0117<\/p>\n","protected":false},"featured_media":11182,"comment_status":"closed","ping_status":"closed","template":"","meta":{"_acf_changed":false,"site-sidebar-layout":"default","site-content-layout":"","ast-site-content-layout":"default","site-content-style":"default","site-sidebar-style":"default","ast-global-header-display":"","ast-banner-title-visibility":"","ast-main-header-display":"","ast-hfb-above-header-display":"","ast-hfb-below-header-display":"","ast-hfb-mobile-header-display":"","site-post-title":"","ast-breadcrumbs-content":"","ast-featured-img":"","footer-sml-layout":"","ast-disable-related-posts":"","theme-transparent-header-meta":"","adv-header-id-meta":"","stick-header-meta":"","header-above-stick-meta":"","header-main-stick-meta":"","header-below-stick-meta":"","astra-migrate-meta-layouts":"default","ast-page-background-enabled":"default","ast-page-background-meta":{"desktop":{"background-color":"","background-image":"","background-repeat":"repeat","background-position":"center center","background-size":"auto","background-attachment":"scroll","background-type":"","background-media":"","overlay-type":"","overlay-color":"","overlay-opacity":"","overlay-gradient":""},"tablet":{"background-color":"","background-image":"","background-repeat":"repeat","background-position":"center center","background-size":"auto","background-attachment":"scroll","background-type":"","background-media":"","overlay-type":"","overlay-color":"","overlay-opacity":"","overlay-gradient":""},"mobile":{"background-color":"","background-image":"","background-repeat":"repeat","background-position":"center center","background-size":"auto","background-attachment":"scroll","background-type":"","background-media":"","overlay-type":"","overlay-color":"","overlay-opacity":"","overlay-gradient":""}},"ast-content-background-meta":{"desktop":{"background-color":"var(--ast-global-color-4)","background-image":"","background-repeat":"repeat","background-position":"center center","background-size":"auto","background-attachment":"scroll","background-type":"","background-media":"","overlay-type":"","overlay-color":"","overlay-opacity":"","overlay-gradient":""},"tablet":{"background-color":"var(--ast-global-color-4)","background-image":"","background-repeat":"repeat","background-position":"center center","background-size":"auto","background-attachment":"scroll","background-type":"","background-media":"","overlay-type":"","overlay-color":"","overlay-opacity":"","overlay-gradient":""},"mobile":{"background-color":"var(--ast-global-color-4)","background-image":"","background-repeat":"repeat","background-position":"center center","background-size":"auto","background-attachment":"scroll","background-type":"","background-media":"","overlay-type":"","overlay-color":"","overlay-opacity":"","overlay-gradient":""}}},"product_brand":[],"product_cat":[165],"product_tag":[],"class_list":{"0":"post-11481","1":"product","2":"type-product","3":"status-publish","4":"has-post-thumbnail","6":"product_cat-religija-filosofija-ir-ezoterika","7":"desktop-align-left","8":"tablet-align-left","9":"mobile-align-left","11":"first","12":"instock","13":"shipping-taxable","14":"purchasable","15":"product-type-simple"},"acf":[],"yoast_head":"<!-- This site is optimized with the Yoast SEO plugin v27.0 - https:\/\/yoast.com\/product\/yoast-seo-wordpress\/ -->\n<title>Angelina Zalatorien\u0117 \u201eAPIE TAVE IR TAVO \u017dVAIG\u017dD\u0118: planetos ir j\u0173 \u012ftaka \u017emogaus gyvenimui\u201c - Skaitytaknyga<\/title>\n<meta name=\"description\" content=\"Per \u017evaig\u017edes \u2013 kit\u0173 ir sav\u0119s link. Koks esu? Kaip atrodau kitiems? Koks nor\u0117\u010diau b\u016bti? Nuo \u0161i\u0173 klausim\u0173 prasideda kelias \u012f save. Tai \u017eymios\" \/>\n<meta name=\"robots\" content=\"index, follow, max-snippet:-1, max-image-preview:large, max-video-preview:-1\" \/>\n<link rel=\"canonical\" href=\"https:\/\/skaitytaknyga.lt\/en\/produktas\/angelina-zalatoriene-apie-tave-ir-tavo-zvaigzde-planetos-ir-ju-itaka-zmogaus-gyvenimui\/\" \/>\n<meta property=\"og:locale\" content=\"en_GB\" \/>\n<meta property=\"og:locale:alternate\" content=\"lt_LT\" \/>\n<meta property=\"og:type\" content=\"article\" \/>\n<meta property=\"og:title\" content=\"Angelina Zalatorien\u0117 \u201eAPIE TAVE IR TAVO \u017dVAIG\u017dD\u0118: planetos ir j\u0173 \u012ftaka \u017emogaus gyvenimui\u201c - Skaitytaknyga\" \/>\n<meta property=\"og:description\" content=\"Per \u017evaig\u017edes \u2013 kit\u0173 ir sav\u0119s link. Koks esu? Kaip atrodau kitiems? Koks nor\u0117\u010diau b\u016bti? Nuo \u0161i\u0173 klausim\u0173 prasideda kelias \u012f save. Tai \u017eymios\" \/>\n<meta property=\"og:url\" content=\"https:\/\/skaitytaknyga.lt\/en\/produktas\/angelina-zalatoriene-apie-tave-ir-tavo-zvaigzde-planetos-ir-ju-itaka-zmogaus-gyvenimui\/\" \/>\n<meta property=\"og:site_name\" content=\"Skaitytaknyga\" \/>\n<meta property=\"article:publisher\" content=\"https:\/\/www.facebook.com\/skaitytaknyga\/\" \/>\n<meta property=\"article:modified_time\" content=\"2024-05-04T19:47:38+00:00\" \/>\n<meta property=\"og:image\" content=\"https:\/\/skaitytaknyga.lt\/wp-content\/uploads\/2024\/05\/7475069_2-1000x1000-1.jpg\" \/>\n\t<meta property=\"og:image:width\" content=\"1000\" \/>\n\t<meta property=\"og:image:height\" content=\"1000\" \/>\n\t<meta property=\"og:image:type\" content=\"image\/jpeg\" \/>\n<meta name=\"twitter:card\" content=\"summary_large_image\" \/>\n<meta name=\"twitter:label1\" content=\"Estimated reading time\" \/>\n\t<meta name=\"twitter:data1\" content=\"1 minute\" \/>\n<script type=\"application\/ld+json\" class=\"yoast-schema-graph\">{\"@context\":\"https:\/\/schema.org\",\"@graph\":[{\"@type\":\"WebPage\",\"@id\":\"https:\/\/skaitytaknyga.lt\/produktas\/angelina-zalatoriene-apie-tave-ir-tavo-zvaigzde-planetos-ir-ju-itaka-zmogaus-gyvenimui\/\",\"url\":\"https:\/\/skaitytaknyga.lt\/produktas\/angelina-zalatoriene-apie-tave-ir-tavo-zvaigzde-planetos-ir-ju-itaka-zmogaus-gyvenimui\/\",\"name\":\"Angelina Zalatorien\u0117 \u201eAPIE TAVE IR TAVO \u017dVAIG\u017dD\u0118: planetos ir j\u0173 \u012ftaka \u017emogaus gyvenimui\u201c - Skaitytaknyga\",\"isPartOf\":{\"@id\":\"https:\/\/skaitytaknyga.lt\/#website\"},\"primaryImageOfPage\":{\"@id\":\"https:\/\/skaitytaknyga.lt\/produktas\/angelina-zalatoriene-apie-tave-ir-tavo-zvaigzde-planetos-ir-ju-itaka-zmogaus-gyvenimui\/#primaryimage\"},\"image\":{\"@id\":\"https:\/\/skaitytaknyga.lt\/produktas\/angelina-zalatoriene-apie-tave-ir-tavo-zvaigzde-planetos-ir-ju-itaka-zmogaus-gyvenimui\/#primaryimage\"},\"thumbnailUrl\":\"https:\/\/skaitytaknyga.lt\/wp-content\/uploads\/2024\/05\/7475069_2-1000x1000-1-e1738399906573.jpg\",\"datePublished\":\"2024-05-04T19:46:23+00:00\",\"dateModified\":\"2024-05-04T19:47:38+00:00\",\"description\":\"Per \u017evaig\u017edes \u2013 kit\u0173 ir sav\u0119s link. Koks esu? Kaip atrodau kitiems? Koks nor\u0117\u010diau b\u016bti? Nuo \u0161i\u0173 klausim\u0173 prasideda kelias \u012f save. Tai \u017eymios\",\"breadcrumb\":{\"@id\":\"https:\/\/skaitytaknyga.lt\/produktas\/angelina-zalatoriene-apie-tave-ir-tavo-zvaigzde-planetos-ir-ju-itaka-zmogaus-gyvenimui\/#breadcrumb\"},\"inLanguage\":\"en-GB\",\"potentialAction\":[{\"@type\":\"ReadAction\",\"target\":[\"https:\/\/skaitytaknyga.lt\/produktas\/angelina-zalatoriene-apie-tave-ir-tavo-zvaigzde-planetos-ir-ju-itaka-zmogaus-gyvenimui\/\"]}]},{\"@type\":\"ImageObject\",\"inLanguage\":\"en-GB\",\"@id\":\"https:\/\/skaitytaknyga.lt\/produktas\/angelina-zalatoriene-apie-tave-ir-tavo-zvaigzde-planetos-ir-ju-itaka-zmogaus-gyvenimui\/#primaryimage\",\"url\":\"https:\/\/skaitytaknyga.lt\/wp-content\/uploads\/2024\/05\/7475069_2-1000x1000-1-e1738399906573.jpg\",\"contentUrl\":\"https:\/\/skaitytaknyga.lt\/wp-content\/uploads\/2024\/05\/7475069_2-1000x1000-1-e1738399906573.jpg\",\"width\":673,\"height\":993,\"caption\":\"Snieg\u0117 Pilypien\u0117 \u201eI\u0161skirtiniai horoskopai\u201c\"},{\"@type\":\"BreadcrumbList\",\"@id\":\"https:\/\/skaitytaknyga.lt\/produktas\/angelina-zalatoriene-apie-tave-ir-tavo-zvaigzde-planetos-ir-ju-itaka-zmogaus-gyvenimui\/#breadcrumb\",\"itemListElement\":[{\"@type\":\"ListItem\",\"position\":1,\"name\":\"Home\",\"item\":\"https:\/\/skaitytaknyga.lt\/\"},{\"@type\":\"ListItem\",\"position\":2,\"name\":\"Parduotuv\u0117\",\"item\":\"https:\/\/skaitytaknyga.lt\/knygu-parduotuve\/\"},{\"@type\":\"ListItem\",\"position\":3,\"name\":\"Angelina Zalatorien\u0117 \u201eAPIE TAVE IR TAVO \u017dVAIG\u017dD\u0118: planetos ir j\u0173 \u012ftaka \u017emogaus gyvenimui\u201c\"}]},{\"@type\":\"WebSite\",\"@id\":\"https:\/\/skaitytaknyga.lt\/#website\",\"url\":\"https:\/\/skaitytaknyga.lt\/\",\"name\":\"skaitytaknyga.lt\",\"description\":\"Skaitytaknyga.lt \u2013 tai ma\u017eas \u0161eimos verslas, kuris prasid\u0117jo nuo meil\u0117s knygoms ir siekio i\u0161gelb\u0117ti knygas nuo likimo prie konteinerio. Kas vienam nereikalingas daiktas \u2013 kitam lobis, o mes esame tarpininkai, kurie padeda abiems tapti laimingesniems ???? \u017dinome kaip nelengva i\u0161gyventi ma\u017eiems verslams, tad nuo \u0161iol, \u010dia rasite ir kit\u0173, ma\u017e\u0173 \u0161eim\u0173 versl\u0173, rank\u0173 darbo, dovan\u0173 sau ir artimiesiems.\",\"publisher\":{\"@id\":\"https:\/\/skaitytaknyga.lt\/#organization\"},\"potentialAction\":[{\"@type\":\"SearchAction\",\"target\":{\"@type\":\"EntryPoint\",\"urlTemplate\":\"https:\/\/skaitytaknyga.lt\/?s={search_term_string}\"},\"query-input\":{\"@type\":\"PropertyValueSpecification\",\"valueRequired\":true,\"valueName\":\"search_term_string\"}}],\"inLanguage\":\"en-GB\"},{\"@type\":\"Organization\",\"@id\":\"https:\/\/skaitytaknyga.lt\/#organization\",\"name\":\"skaitytaknyga.lt\",\"url\":\"https:\/\/skaitytaknyga.lt\/\",\"logo\":{\"@type\":\"ImageObject\",\"inLanguage\":\"en-GB\",\"@id\":\"https:\/\/skaitytaknyga.lt\/#\/schema\/logo\/image\/\",\"url\":\"https:\/\/skaitytaknyga.lt\/wp-content\/uploads\/2024\/05\/cropped-cropped-cropped-02_00843_jt3bggkj1j3HLc7SyY6rEUpg.jpeg\",\"contentUrl\":\"https:\/\/skaitytaknyga.lt\/wp-content\/uploads\/2024\/05\/cropped-cropped-cropped-02_00843_jt3bggkj1j3HLc7SyY6rEUpg.jpeg\",\"width\":1600,\"height\":1600,\"caption\":\"skaitytaknyga.lt\"},\"image\":{\"@id\":\"https:\/\/skaitytaknyga.lt\/#\/schema\/logo\/image\/\"},\"sameAs\":[\"https:\/\/www.facebook.com\/skaitytaknyga\/\"]}]}<\/script>\n<!-- \/ Yoast SEO plugin. -->","yoast_head_json":{"title":"Angelina Zalatorien\u0117 \u201eAPIE TAVE IR TAVO \u017dVAIG\u017dD\u0118: planetos ir j\u0173 \u012ftaka \u017emogaus gyvenimui\u201c - Skaitytaknyga","description":"Per \u017evaig\u017edes \u2013 kit\u0173 ir sav\u0119s link. Koks esu? Kaip atrodau kitiems? Koks nor\u0117\u010diau b\u016bti? Nuo \u0161i\u0173 klausim\u0173 prasideda kelias \u012f save. Tai \u017eymios","robots":{"index":"index","follow":"follow","max-snippet":"max-snippet:-1","max-image-preview":"max-image-preview:large","max-video-preview":"max-video-preview:-1"},"canonical":"https:\/\/skaitytaknyga.lt\/en\/produktas\/angelina-zalatoriene-apie-tave-ir-tavo-zvaigzde-planetos-ir-ju-itaka-zmogaus-gyvenimui\/","og_locale":"en_GB","og_type":"article","og_title":"Angelina Zalatorien\u0117 \u201eAPIE TAVE IR TAVO \u017dVAIG\u017dD\u0118: planetos ir j\u0173 \u012ftaka \u017emogaus gyvenimui\u201c - Skaitytaknyga","og_description":"Per \u017evaig\u017edes \u2013 kit\u0173 ir sav\u0119s link. Koks esu? Kaip atrodau kitiems? Koks nor\u0117\u010diau b\u016bti? Nuo \u0161i\u0173 klausim\u0173 prasideda kelias \u012f save. Tai \u017eymios","og_url":"https:\/\/skaitytaknyga.lt\/en\/produktas\/angelina-zalatoriene-apie-tave-ir-tavo-zvaigzde-planetos-ir-ju-itaka-zmogaus-gyvenimui\/","og_site_name":"Skaitytaknyga","article_publisher":"https:\/\/www.facebook.com\/skaitytaknyga\/","article_modified_time":"2024-05-04T19:47:38+00:00","og_image":[{"width":1000,"height":1000,"url":"https:\/\/skaitytaknyga.lt\/wp-content\/uploads\/2024\/05\/7475069_2-1000x1000-1.jpg","type":"image\/jpeg"}],"twitter_card":"summary_large_image","twitter_misc":{"Estimated reading time":"1 minute"},"schema":{"@context":"https:\/\/schema.org","@graph":[{"@type":"WebPage","@id":"https:\/\/skaitytaknyga.lt\/produktas\/angelina-zalatoriene-apie-tave-ir-tavo-zvaigzde-planetos-ir-ju-itaka-zmogaus-gyvenimui\/","url":"https:\/\/skaitytaknyga.lt\/produktas\/angelina-zalatoriene-apie-tave-ir-tavo-zvaigzde-planetos-ir-ju-itaka-zmogaus-gyvenimui\/","name":"Angelina Zalatorien\u0117 \u201eAPIE TAVE IR TAVO \u017dVAIG\u017dD\u0118: planetos ir j\u0173 \u012ftaka \u017emogaus gyvenimui\u201c - Skaitytaknyga","isPartOf":{"@id":"https:\/\/skaitytaknyga.lt\/#website"},"primaryImageOfPage":{"@id":"https:\/\/skaitytaknyga.lt\/produktas\/angelina-zalatoriene-apie-tave-ir-tavo-zvaigzde-planetos-ir-ju-itaka-zmogaus-gyvenimui\/#primaryimage"},"image":{"@id":"https:\/\/skaitytaknyga.lt\/produktas\/angelina-zalatoriene-apie-tave-ir-tavo-zvaigzde-planetos-ir-ju-itaka-zmogaus-gyvenimui\/#primaryimage"},"thumbnailUrl":"https:\/\/skaitytaknyga.lt\/wp-content\/uploads\/2024\/05\/7475069_2-1000x1000-1-e1738399906573.jpg","datePublished":"2024-05-04T19:46:23+00:00","dateModified":"2024-05-04T19:47:38+00:00","description":"Per \u017evaig\u017edes \u2013 kit\u0173 ir sav\u0119s link. Koks esu? Kaip atrodau kitiems? Koks nor\u0117\u010diau b\u016bti? Nuo \u0161i\u0173 klausim\u0173 prasideda kelias \u012f save. Tai \u017eymios","breadcrumb":{"@id":"https:\/\/skaitytaknyga.lt\/produktas\/angelina-zalatoriene-apie-tave-ir-tavo-zvaigzde-planetos-ir-ju-itaka-zmogaus-gyvenimui\/#breadcrumb"},"inLanguage":"en-GB","potentialAction":[{"@type":"ReadAction","target":["https:\/\/skaitytaknyga.lt\/produktas\/angelina-zalatoriene-apie-tave-ir-tavo-zvaigzde-planetos-ir-ju-itaka-zmogaus-gyvenimui\/"]}]},{"@type":"ImageObject","inLanguage":"en-GB","@id":"https:\/\/skaitytaknyga.lt\/produktas\/angelina-zalatoriene-apie-tave-ir-tavo-zvaigzde-planetos-ir-ju-itaka-zmogaus-gyvenimui\/#primaryimage","url":"https:\/\/skaitytaknyga.lt\/wp-content\/uploads\/2024\/05\/7475069_2-1000x1000-1-e1738399906573.jpg","contentUrl":"https:\/\/skaitytaknyga.lt\/wp-content\/uploads\/2024\/05\/7475069_2-1000x1000-1-e1738399906573.jpg","width":673,"height":993,"caption":"Snieg\u0117 Pilypien\u0117 \u201eI\u0161skirtiniai horoskopai\u201c"},{"@type":"BreadcrumbList","@id":"https:\/\/skaitytaknyga.lt\/produktas\/angelina-zalatoriene-apie-tave-ir-tavo-zvaigzde-planetos-ir-ju-itaka-zmogaus-gyvenimui\/#breadcrumb","itemListElement":[{"@type":"ListItem","position":1,"name":"Home","item":"https:\/\/skaitytaknyga.lt\/"},{"@type":"ListItem","position":2,"name":"Parduotuv\u0117","item":"https:\/\/skaitytaknyga.lt\/knygu-parduotuve\/"},{"@type":"ListItem","position":3,"name":"Angelina Zalatorien\u0117 \u201eAPIE TAVE IR TAVO \u017dVAIG\u017dD\u0118: planetos ir j\u0173 \u012ftaka \u017emogaus gyvenimui\u201c"}]},{"@type":"WebSite","@id":"https:\/\/skaitytaknyga.lt\/#website","url":"https:\/\/skaitytaknyga.lt\/","name":"skaitytaknyga.lt","description":"Skaitytaknyga.lt \u2013 tai ma\u017eas \u0161eimos verslas, kuris prasid\u0117jo nuo meil\u0117s knygoms ir siekio i\u0161gelb\u0117ti knygas nuo likimo prie konteinerio. Kas vienam nereikalingas daiktas \u2013 kitam lobis, o mes esame tarpininkai, kurie padeda abiems tapti laimingesniems ???? \u017dinome kaip nelengva i\u0161gyventi ma\u017eiems verslams, tad nuo \u0161iol, \u010dia rasite ir kit\u0173, ma\u017e\u0173 \u0161eim\u0173 versl\u0173, rank\u0173 darbo, dovan\u0173 sau ir artimiesiems.","publisher":{"@id":"https:\/\/skaitytaknyga.lt\/#organization"},"potentialAction":[{"@type":"SearchAction","target":{"@type":"EntryPoint","urlTemplate":"https:\/\/skaitytaknyga.lt\/?s={search_term_string}"},"query-input":{"@type":"PropertyValueSpecification","valueRequired":true,"valueName":"search_term_string"}}],"inLanguage":"en-GB"},{"@type":"Organization","@id":"https:\/\/skaitytaknyga.lt\/#organization","name":"skaitytaknyga.lt","url":"https:\/\/skaitytaknyga.lt\/","logo":{"@type":"ImageObject","inLanguage":"en-GB","@id":"https:\/\/skaitytaknyga.lt\/#\/schema\/logo\/image\/","url":"https:\/\/skaitytaknyga.lt\/wp-content\/uploads\/2024\/05\/cropped-cropped-cropped-02_00843_jt3bggkj1j3HLc7SyY6rEUpg.jpeg","contentUrl":"https:\/\/skaitytaknyga.lt\/wp-content\/uploads\/2024\/05\/cropped-cropped-cropped-02_00843_jt3bggkj1j3HLc7SyY6rEUpg.jpeg","width":1600,"height":1600,"caption":"skaitytaknyga.lt"},"image":{"@id":"https:\/\/skaitytaknyga.lt\/#\/schema\/logo\/image\/"},"sameAs":["https:\/\/www.facebook.com\/skaitytaknyga\/"]}]}},"_links":{"self":[{"href":"https:\/\/skaitytaknyga.lt\/en\/wp-json\/wp\/v2\/product\/11481","targetHints":{"allow":["GET"]}}],"collection":[{"href":"https:\/\/skaitytaknyga.lt\/en\/wp-json\/wp\/v2\/product"}],"about":[{"href":"https:\/\/skaitytaknyga.lt\/en\/wp-json\/wp\/v2\/types\/product"}],"replies":[{"embeddable":true,"href":"https:\/\/skaitytaknyga.lt\/en\/wp-json\/wp\/v2\/comments?post=11481"}],"wp:featuredmedia":[{"embeddable":true,"href":"https:\/\/skaitytaknyga.lt\/en\/wp-json\/wp\/v2\/media\/11182"}],"wp:attachment":[{"href":"https:\/\/skaitytaknyga.lt\/en\/wp-json\/wp\/v2\/media?parent=11481"}],"wp:term":[{"taxonomy":"product_brand","embeddable":true,"href":"https:\/\/skaitytaknyga.lt\/en\/wp-json\/wp\/v2\/product_brand?post=11481"},{"taxonomy":"product_cat","embeddable":true,"href":"https:\/\/skaitytaknyga.lt\/en\/wp-json\/wp\/v2\/product_cat?post=11481"},{"taxonomy":"product_tag","embeddable":true,"href":"https:\/\/skaitytaknyga.lt\/en\/wp-json\/wp\/v2\/product_tag?post=11481"}],"curies":[{"name":"wp","href":"https:\/\/api.w.org\/{rel}","templated":true}]}}